{"id":66398,"date":"2026-04-25T12:10:04","date_gmt":"2026-04-25T10:10:04","guid":{"rendered":"https:\/\/www.entrack.no\/?page_id=66398"},"modified":"2026-04-25T12:11:02","modified_gmt":"2026-04-25T10:11:02","slug":"ls-skuffer","status":"publish","type":"page","link":"https:\/\/www.entrack.no\/en\/skuffer\/ls-skuffer\/","title":{"rendered":"LS drawers"},"content":{"rendered":"<div data-elementor-type=\"wp-page\" data-elementor-id=\"66398\" class=\"elementor elementor-66398\" data-elementor-post-type=\"page\">\n\t\t\t\t\t\t<section class=\"elementor-section elementor-top-section elementor-element elementor-element-24e213b elementor-section-boxed elementor-section-height-default elementor-section-height-default\" data-id=\"24e213b\" data-element_type=\"section\" data-e-type=\"section\">\n\t\t\t\t\t\t<div class=\"elementor-container elementor-column-gap-default\">\n\t\t\t\t\t<div class=\"elementor-column elementor-col-100 elementor-top-column elementor-element elementor-element-337e41e1\" data-id=\"337e41e1\" data-element_type=\"column\" data-e-type=\"column\">\n\t\t\t<div class=\"elementor-widget-wrap elementor-element-populated\">\n\t\t\t\t\t\t<div class=\"elementor-element elementor-element-3f09b3b7 elementor-widget elementor-widget-text-editor\" data-id=\"3f09b3b7\" data-element_type=\"widget\" data-e-type=\"widget\" data-widget_type=\"text-editor.default\">\n\t\t\t\t<div class=\"elementor-widget-container\">\n\t\t\t\t\t\t\t\t\t<h1>LS Trading skuffer<\/h1><p>Vi er forhandlere av LS Trading utstyr! Via LS Trading kan vi tilby h\u00f8ykvalitets redskap og utstyr til en god pris. Ved \u00e5 kj\u00f8pe redskap og utstyr hos oss, f\u00e5r du rett produkt til rett pris levert til riktig tid.<\/p>\t\t\t\t\t\t\t\t<\/div>\n\t\t\t\t<\/div>\n\t\t\t\t<div class=\"elementor-element elementor-element-c2dbf31 elementor-grid-3 elementor-grid-tablet-2 elementor-grid-mobile-2 elementor-products-grid elementor-wc-products elementor-widget elementor-widget-woocommerce-products\" data-id=\"c2dbf31\" data-element_type=\"widget\" data-e-type=\"widget\" data-widget_type=\"woocommerce-products.default\">\n\t\t\t\t<div class=\"elementor-widget-container\">\n\t\t\t\t\t<div class=\"woocommerce columns-3\"><ul class=\"products elementor-grid columns-3\">\n<li class=\"product type-product post-64986 status-publish first instock product_cat-ls-equipment has-post-thumbnail shipping-taxable product-type-simple\">\n\t<a href=\"https:\/\/www.entrack.no\/en\/produkt\/hoyttippende-skuffe-ls\/\" class=\"woocommerce-LoopProduct-link woocommerce-loop-product__link\"><img fetchpriority=\"high\" decoding=\"async\" width=\"600\" height=\"600\" src=\"https:\/\/www.entrack.no\/wp-content\/uploads\/2025\/09\/Hoyttippende-skuffe-LST-600x600.jpg\" class=\"attachment-woocommerce_thumbnail size-woocommerce_thumbnail\" alt=\"High-tipping drawer LS Trading\" srcset=\"https:\/\/www.entrack.no\/wp-content\/uploads\/2025\/09\/Hoyttippende-skuffe-LST-600x600.jpg 600w, https:\/\/www.entrack.no\/wp-content\/uploads\/2025\/09\/Hoyttippende-skuffe-LST-150x150.jpg 150w, https:\/\/www.entrack.no\/wp-content\/uploads\/2025\/09\/Hoyttippende-skuffe-LST-100x100.jpg 100w\" sizes=\"(max-width: 600px) 100vw, 600px\" \/><h2 class=\"woocommerce-loop-product__title\">High-tipping drawer LS Trading<\/h2>\n<\/a><a href=\"https:\/\/www.entrack.no\/en\/produkt\/hoyttippende-skuffe-ls\/\" aria-describedby=\"woocommerce_loop_add_to_cart_link_describedby_64986\" data-quantity=\"1\" class=\"button product_type_simple\" data-product_id=\"64986\" data-product_sku=\"\" aria-label=\"Read more about \u201cH\u00f8yttippende skuffe LS Trading\u201d\" rel=\"nofollow\" data-success_message=\"\" data-no-translation=\"\" data-trp-gettext=\"\" data-no-translation-aria-label=\"\">Read more<\/a>\t<span id=\"woocommerce_loop_add_to_cart_link_describedby_64986\" class=\"screen-reader-text\">\n\t\t\t<\/span>\n<\/li>\n<li class=\"product type-product post-64979 status-publish instock product_cat-ls-equipment has-post-thumbnail shipping-taxable product-type-simple\">\n\t<a href=\"https:\/\/www.entrack.no\/en\/produkt\/skuffe-med-grep-tilpasset-forhandtering\/\" class=\"woocommerce-LoopProduct-link woocommerce-loop-product__link\"><img decoding=\"async\" width=\"600\" height=\"600\" src=\"https:\/\/www.entrack.no\/wp-content\/uploads\/2025\/09\/Skuffe-med-grep-600x600.jpg\" class=\"attachment-woocommerce_thumbnail size-woocommerce_thumbnail\" alt=\"Drawer with handle\" srcset=\"https:\/\/www.entrack.no\/wp-content\/uploads\/2025\/09\/Skuffe-med-grep-600x600.jpg 600w, https:\/\/www.entrack.no\/wp-content\/uploads\/2025\/09\/Skuffe-med-grep-150x150.jpg 150w, https:\/\/www.entrack.no\/wp-content\/uploads\/2025\/09\/Skuffe-med-grep-100x100.jpg 100w\" sizes=\"(max-width: 600px) 100vw, 600px\" \/><h2 class=\"woocommerce-loop-product__title\">Drawer with handle<\/h2>\n<\/a><a href=\"https:\/\/www.entrack.no\/en\/produkt\/skuffe-med-grep-tilpasset-forhandtering\/\" aria-describedby=\"woocommerce_loop_add_to_cart_link_describedby_64979\" data-quantity=\"1\" class=\"button product_type_simple\" data-product_id=\"64979\" data-product_sku=\"\" aria-label=\"Read more about \u201cSkuffe med grep\u201d\" rel=\"nofollow\" data-success_message=\"\" data-no-translation=\"\" data-trp-gettext=\"\" data-no-translation-aria-label=\"\">Read more<\/a>\t<span id=\"woocommerce_loop_add_to_cart_link_describedby_64979\" class=\"screen-reader-text\">\n\t\t\t<\/span>\n<\/li>\n<li class=\"product type-product post-64971 status-publish last instock product_cat-ls-equipment has-post-thumbnail shipping-taxable product-type-simple\">\n\t<a href=\"https:\/\/www.entrack.no\/en\/produkt\/etterfyllingsskuffe\/\" class=\"woocommerce-LoopProduct-link woocommerce-loop-product__link\"><img decoding=\"async\" width=\"600\" height=\"600\" src=\"https:\/\/www.entrack.no\/wp-content\/uploads\/2025\/09\/Etterfyllingsskuffe-600x600.jpg\" class=\"attachment-woocommerce_thumbnail size-woocommerce_thumbnail\" alt=\"Refill bucket\" srcset=\"https:\/\/www.entrack.no\/wp-content\/uploads\/2025\/09\/Etterfyllingsskuffe-600x600.jpg 600w, https:\/\/www.entrack.no\/wp-content\/uploads\/2025\/09\/Etterfyllingsskuffe-150x150.jpg 150w, https:\/\/www.entrack.no\/wp-content\/uploads\/2025\/09\/Etterfyllingsskuffe-100x100.jpg 100w\" sizes=\"(max-width: 600px) 100vw, 600px\" \/><h2 class=\"woocommerce-loop-product__title\">Refill bucket<\/h2>\n<\/a><a href=\"https:\/\/www.entrack.no\/en\/produkt\/etterfyllingsskuffe\/\" aria-describedby=\"woocommerce_loop_add_to_cart_link_describedby_64971\" data-quantity=\"1\" class=\"button product_type_simple\" data-product_id=\"64971\" data-product_sku=\"\" aria-label=\"Read more about \u201cEtterfyllingsskuffe\u201d\" rel=\"nofollow\" data-success_message=\"\" data-no-translation=\"\" data-trp-gettext=\"\" data-no-translation-aria-label=\"\">Read more<\/a>\t<span id=\"woocommerce_loop_add_to_cart_link_describedby_64971\" class=\"screen-reader-text\">\n\t\t\t<\/span>\n<\/li>\n<li class=\"product type-product post-64967 status-publish first instock product_cat-ls-equipment has-post-thumbnail shipping-taxable product-type-simple\">\n\t<a href=\"https:\/\/www.entrack.no\/en\/produkt\/hoyttippende-skuffe\/\" class=\"woocommerce-LoopProduct-link woocommerce-loop-product__link\"><img loading=\"lazy\" decoding=\"async\" width=\"600\" height=\"600\" src=\"https:\/\/www.entrack.no\/wp-content\/uploads\/2025\/09\/Hoyttippende-skuffe-600x600.jpg\" class=\"attachment-woocommerce_thumbnail size-woocommerce_thumbnail\" alt=\"High-tipping drawer\" srcset=\"https:\/\/www.entrack.no\/wp-content\/uploads\/2025\/09\/Hoyttippende-skuffe-600x600.jpg 600w, https:\/\/www.entrack.no\/wp-content\/uploads\/2025\/09\/Hoyttippende-skuffe-150x150.jpg 150w, https:\/\/www.entrack.no\/wp-content\/uploads\/2025\/09\/Hoyttippende-skuffe-100x100.jpg 100w\" sizes=\"(max-width: 600px) 100vw, 600px\" \/><h2 class=\"woocommerce-loop-product__title\">High-tipping drawer<\/h2>\n<\/a><a href=\"https:\/\/www.entrack.no\/en\/produkt\/hoyttippende-skuffe\/\" aria-describedby=\"woocommerce_loop_add_to_cart_link_describedby_64967\" data-quantity=\"1\" class=\"button product_type_simple\" data-product_id=\"64967\" data-product_sku=\"\" aria-label=\"Read more about \u201cH\u00f8yttippende skuffe\u201d\" rel=\"nofollow\" data-success_message=\"\" data-no-translation=\"\" data-trp-gettext=\"\" data-no-translation-aria-label=\"\">Read more<\/a>\t<span id=\"woocommerce_loop_add_to_cart_link_describedby_64967\" class=\"screen-reader-text\">\n\t\t\t<\/span>\n<\/li>\n<li class=\"product type-product post-64964 status-publish instock product_cat-ls-equipment has-post-thumbnail shipping-taxable product-type-simple\">\n\t<a href=\"https:\/\/www.entrack.no\/en\/produkt\/volumskuffe-for-lettere-materialer\/\" class=\"woocommerce-LoopProduct-link woocommerce-loop-product__link\"><img loading=\"lazy\" decoding=\"async\" width=\"600\" height=\"600\" src=\"https:\/\/www.entrack.no\/wp-content\/uploads\/2025\/09\/Volumskuffe-600x600.jpg\" class=\"attachment-woocommerce_thumbnail size-woocommerce_thumbnail\" alt=\"Volume drawer\" srcset=\"https:\/\/www.entrack.no\/wp-content\/uploads\/2025\/09\/Volumskuffe-600x600.jpg 600w, https:\/\/www.entrack.no\/wp-content\/uploads\/2025\/09\/Volumskuffe-150x150.jpg 150w, https:\/\/www.entrack.no\/wp-content\/uploads\/2025\/09\/Volumskuffe-100x100.jpg 100w\" sizes=\"(max-width: 600px) 100vw, 600px\" \/><h2 class=\"woocommerce-loop-product__title\">Volume drawer<\/h2>\n<\/a><a href=\"https:\/\/www.entrack.no\/en\/produkt\/volumskuffe-for-lettere-materialer\/\" aria-describedby=\"woocommerce_loop_add_to_cart_link_describedby_64964\" data-quantity=\"1\" class=\"button product_type_simple\" data-product_id=\"64964\" data-product_sku=\"\" aria-label=\"Read more about \u201cVolumskuffe\u201d\" rel=\"nofollow\" data-success_message=\"\" data-no-translation=\"\" data-trp-gettext=\"\" data-no-translation-aria-label=\"\">Read more<\/a>\t<span id=\"woocommerce_loop_add_to_cart_link_describedby_64964\" class=\"screen-reader-text\">\n\t\t\t<\/span>\n<\/li>\n<li class=\"product type-product post-64928 status-publish last instock product_cat-ls-equipment has-post-thumbnail shipping-taxable product-type-simple\">\n\t<a href=\"https:\/\/www.entrack.no\/en\/produkt\/planeringsskuffe\/\" class=\"woocommerce-LoopProduct-link woocommerce-loop-product__link\"><img loading=\"lazy\" decoding=\"async\" width=\"600\" height=\"600\" src=\"https:\/\/www.entrack.no\/wp-content\/uploads\/2025\/09\/Planeringsskuffe-600x600.jpg\" class=\"attachment-woocommerce_thumbnail size-woocommerce_thumbnail\" alt=\"Planning drawer\" srcset=\"https:\/\/www.entrack.no\/wp-content\/uploads\/2025\/09\/Planeringsskuffe-600x600.jpg 600w, https:\/\/www.entrack.no\/wp-content\/uploads\/2025\/09\/Planeringsskuffe-150x150.jpg 150w, https:\/\/www.entrack.no\/wp-content\/uploads\/2025\/09\/Planeringsskuffe-100x100.jpg 100w\" sizes=\"(max-width: 600px) 100vw, 600px\" \/><h2 class=\"woocommerce-loop-product__title\">Planning drawer<\/h2>\n<\/a><a href=\"https:\/\/www.entrack.no\/en\/produkt\/planeringsskuffe\/\" aria-describedby=\"woocommerce_loop_add_to_cart_link_describedby_64928\" data-quantity=\"1\" class=\"button product_type_simple\" data-product_id=\"64928\" data-product_sku=\"\" aria-label=\"Read more about \u201cPlaneringsskuffe\u201d\" rel=\"nofollow\" data-success_message=\"\" data-no-translation=\"\" data-trp-gettext=\"\" data-no-translation-aria-label=\"\">Read more<\/a>\t<span id=\"woocommerce_loop_add_to_cart_link_describedby_64928\" class=\"screen-reader-text\">\n\t\t\t<\/span>\n<\/li>\n<\/ul>\n<\/div>\t\t\t\t<\/div>\n\t\t\t\t<\/div>\n\t\t\t\t\t<\/div>\n\t\t<\/div>\n\t\t\t\t\t<\/div>\n\t\t<\/section>\n\t\t\t\t<\/div>\n\t\t<span class=\"et_bloom_bottom_trigger\"><\/span>","protected":false},"excerpt":{"rendered":"<p>LS Trading skuffer Vi er forhandlere av LS Trading utstyr! Via LS Trading kan vi tilby h\u00f8ykvalitets redskap og utstyr til en god pris. Ved \u00e5 kj\u00f8pe redskap og utstyr hos oss, f\u00e5r du rett produkt til rett pris levert til riktig tid.<\/p>","protected":false},"author":11,"featured_media":0,"parent":66368,"menu_order":0,"comment_status":"closed","ping_status":"closed","template":"","meta":{"_acf_changed":false,"footnotes":""},"class_list":["post-66398","page","type-page","status-publish","hentry"],"acf":[],"_links":{"self":[{"href":"https:\/\/www.entrack.no\/en\/wp-json\/wp\/v2\/pages\/66398","targetHints":{"allow":["GET"]}}],"collection":[{"href":"https:\/\/www.entrack.no\/en\/wp-json\/wp\/v2\/pages"}],"about":[{"href":"https:\/\/www.entrack.no\/en\/wp-json\/wp\/v2\/types\/page"}],"author":[{"embeddable":true,"href":"https:\/\/www.entrack.no\/en\/wp-json\/wp\/v2\/users\/11"}],"replies":[{"embeddable":true,"href":"https:\/\/www.entrack.no\/en\/wp-json\/wp\/v2\/comments?post=66398"}],"version-history":[{"count":4,"href":"https:\/\/www.entrack.no\/en\/wp-json\/wp\/v2\/pages\/66398\/revisions"}],"predecessor-version":[{"id":66402,"href":"https:\/\/www.entrack.no\/en\/wp-json\/wp\/v2\/pages\/66398\/revisions\/66402"}],"up":[{"embeddable":true,"href":"https:\/\/www.entrack.no\/en\/wp-json\/wp\/v2\/pages\/66368"}],"wp:attachment":[{"href":"https:\/\/www.entrack.no\/en\/wp-json\/wp\/v2\/media?parent=66398"}],"curies":[{"name":"wp","href":"https:\/\/api.w.org\/{rel}","templated":true}]}}