{"id":66380,"date":"2026-04-25T12:02:48","date_gmt":"2026-04-25T10:02:48","guid":{"rendered":"https:\/\/www.entrack.no\/?page_id=66380"},"modified":"2026-04-25T12:06:21","modified_gmt":"2026-04-25T10:06:21","slug":"robust-skuffer","status":"publish","type":"page","link":"https:\/\/www.entrack.no\/en\/skuffer\/robust-skuffer\/","title":{"rendered":"Robust drawers"},"content":{"rendered":"<div data-elementor-type=\"wp-page\" data-elementor-id=\"66380\" class=\"elementor elementor-66380\" data-elementor-post-type=\"page\">\n\t\t\t\t\t\t<section class=\"elementor-section elementor-top-section elementor-element elementor-element-1c0aa437 elementor-section-boxed elementor-section-height-default elementor-section-height-default\" data-id=\"1c0aa437\" data-element_type=\"section\" data-e-type=\"section\">\n\t\t\t\t\t\t<div class=\"elementor-container elementor-column-gap-default\">\n\t\t\t\t\t<div class=\"elementor-column elementor-col-100 elementor-top-column elementor-element elementor-element-15ef29ee\" data-id=\"15ef29ee\" data-element_type=\"column\" data-e-type=\"column\">\n\t\t\t<div class=\"elementor-widget-wrap elementor-element-populated\">\n\t\t\t\t\t\t<div class=\"elementor-element elementor-element-6cd63cd9 elementor-widget elementor-widget-text-editor\" data-id=\"6cd63cd9\" data-element_type=\"widget\" data-e-type=\"widget\" data-widget_type=\"text-editor.default\">\n\t\t\t\t<div class=\"elementor-widget-container\">\n\t\t\t\t\t\t\t\t\t<h1>ROBUST skuffer<\/h1><p>Sammen med Partrex har vi et sterkt fokus p\u00e5 \u00e5 kunne levere kvalitetsverkt\u00f8y raskt og problemfritt. Derfor har vi et velassortert lager av robuste verkt\u00f8y, klare for umiddelbar levering. Trenger du for eksempel en graveskuffe, profilskuffe, planeringsskuffe eller en lasteskuffe? Da kan vi levere umiddelbart, uten lange ventetider.<\/p><p>Hos Entrack f\u00e5r du mer enn bare en skuffe \u2013 du f\u00e5r en partner for ditt anleggsprosjekt. Velg Entrack for graveskuffer som kombinerer overlegen kvalitet og effektivitet, og sikrer suksess for ditt neste prosjekt. Trenger du annet Robust utstyr? <strong><a href=\"https:\/\/www.entrack.no\/en\/robust\/\">Se hele utvalget ved \u00e5 trykke her.<\/a><\/strong><\/p>\t\t\t\t\t\t\t\t<\/div>\n\t\t\t\t<\/div>\n\t\t\t\t<div class=\"elementor-element elementor-element-82052eb elementor-grid-3 elementor-grid-tablet-2 elementor-grid-mobile-2 elementor-products-grid elementor-wc-products elementor-widget elementor-widget-woocommerce-products\" data-id=\"82052eb\" data-element_type=\"widget\" data-e-type=\"widget\" data-widget_type=\"woocommerce-products.default\">\n\t\t\t\t<div class=\"elementor-widget-container\">\n\t\t\t\t\t<div class=\"woocommerce columns-3\"><ul class=\"products elementor-grid columns-3\">\n<li class=\"product type-product post-66328 status-publish first instock product_cat-robust has-post-thumbnail shipping-taxable product-type-simple\">\n\t<a href=\"https:\/\/www.entrack.no\/en\/produkt\/profilskuffer-robust\/\" class=\"woocommerce-LoopProduct-link woocommerce-loop-product__link\"><img fetchpriority=\"high\" decoding=\"async\" width=\"600\" height=\"600\" src=\"https:\/\/www.entrack.no\/wp-content\/uploads\/2026\/04\/robust-skuffer-600x600.jpg\" class=\"attachment-woocommerce_thumbnail size-woocommerce_thumbnail\" alt=\"Profile drawers\" srcset=\"https:\/\/www.entrack.no\/wp-content\/uploads\/2026\/04\/robust-skuffer-600x600.jpg 600w, https:\/\/www.entrack.no\/wp-content\/uploads\/2026\/04\/robust-skuffer-300x300.jpg 300w, https:\/\/www.entrack.no\/wp-content\/uploads\/2026\/04\/robust-skuffer-1024x1024.jpg 1024w, https:\/\/www.entrack.no\/wp-content\/uploads\/2026\/04\/robust-skuffer-150x150.jpg 150w, https:\/\/www.entrack.no\/wp-content\/uploads\/2026\/04\/robust-skuffer-768x768.jpg 768w, https:\/\/www.entrack.no\/wp-content\/uploads\/2026\/04\/robust-skuffer-1536x1536.jpg 1536w, https:\/\/www.entrack.no\/wp-content\/uploads\/2026\/04\/robust-skuffer-12x12.jpg 12w, https:\/\/www.entrack.no\/wp-content\/uploads\/2026\/04\/robust-skuffer-610x610.jpg 610w, https:\/\/www.entrack.no\/wp-content\/uploads\/2026\/04\/robust-skuffer-800x800.jpg 800w, https:\/\/www.entrack.no\/wp-content\/uploads\/2026\/04\/robust-skuffer-100x100.jpg 100w, https:\/\/www.entrack.no\/wp-content\/uploads\/2026\/04\/robust-skuffer.jpg 2000w\" sizes=\"(max-width: 600px) 100vw, 600px\" \/><h2 class=\"woocommerce-loop-product__title\">Profile drawers<\/h2>\n<\/a><a href=\"https:\/\/www.entrack.no\/en\/produkt\/profilskuffer-robust\/\" aria-describedby=\"woocommerce_loop_add_to_cart_link_describedby_66328\" data-quantity=\"1\" class=\"button product_type_simple\" data-product_id=\"66328\" data-product_sku=\"\" aria-label=\"Read more about \u201cProfilskuffer\u201d\" rel=\"nofollow\" data-success_message=\"\" data-no-translation=\"\" data-trp-gettext=\"\" data-no-translation-aria-label=\"\">Read more<\/a>\t<span id=\"woocommerce_loop_add_to_cart_link_describedby_66328\" class=\"screen-reader-text\">\n\t\t\t<\/span>\n<\/li>\n<li class=\"product type-product post-66325 status-publish instock product_cat-robust has-post-thumbnail shipping-taxable product-type-simple\">\n\t<a href=\"https:\/\/www.entrack.no\/en\/produkt\/planeringsskuffe-til-gravemaskin-robust\/\" class=\"woocommerce-LoopProduct-link woocommerce-loop-product__link\"><img decoding=\"async\" width=\"600\" height=\"600\" src=\"https:\/\/www.entrack.no\/wp-content\/uploads\/2026\/04\/planeringsskuffe-gravemaskin-600x600.jpg\" class=\"attachment-woocommerce_thumbnail size-woocommerce_thumbnail\" alt=\"Levelling bucket for excavator\" srcset=\"https:\/\/www.entrack.no\/wp-content\/uploads\/2026\/04\/planeringsskuffe-gravemaskin-600x600.jpg 600w, https:\/\/www.entrack.no\/wp-content\/uploads\/2026\/04\/planeringsskuffe-gravemaskin-300x300.jpg 300w, https:\/\/www.entrack.no\/wp-content\/uploads\/2026\/04\/planeringsskuffe-gravemaskin-1024x1024.jpg 1024w, https:\/\/www.entrack.no\/wp-content\/uploads\/2026\/04\/planeringsskuffe-gravemaskin-150x150.jpg 150w, https:\/\/www.entrack.no\/wp-content\/uploads\/2026\/04\/planeringsskuffe-gravemaskin-768x768.jpg 768w, https:\/\/www.entrack.no\/wp-content\/uploads\/2026\/04\/planeringsskuffe-gravemaskin-1536x1536.jpg 1536w, https:\/\/www.entrack.no\/wp-content\/uploads\/2026\/04\/planeringsskuffe-gravemaskin-12x12.jpg 12w, https:\/\/www.entrack.no\/wp-content\/uploads\/2026\/04\/planeringsskuffe-gravemaskin-610x610.jpg 610w, https:\/\/www.entrack.no\/wp-content\/uploads\/2026\/04\/planeringsskuffe-gravemaskin-800x800.jpg 800w, https:\/\/www.entrack.no\/wp-content\/uploads\/2026\/04\/planeringsskuffe-gravemaskin-100x100.jpg 100w, https:\/\/www.entrack.no\/wp-content\/uploads\/2026\/04\/planeringsskuffe-gravemaskin.jpg 2000w\" sizes=\"(max-width: 600px) 100vw, 600px\" \/><h2 class=\"woocommerce-loop-product__title\">Levelling bucket for excavator<\/h2>\n<\/a><a href=\"https:\/\/www.entrack.no\/en\/produkt\/planeringsskuffe-til-gravemaskin-robust\/\" aria-describedby=\"woocommerce_loop_add_to_cart_link_describedby_66325\" data-quantity=\"1\" class=\"button product_type_simple\" data-product_id=\"66325\" data-product_sku=\"\" aria-label=\"Read more about \u201cPlaneringsskuffe til gravemaskin\u201d\" rel=\"nofollow\" data-success_message=\"\" data-no-translation=\"\" data-trp-gettext=\"\" data-no-translation-aria-label=\"\">Read more<\/a>\t<span id=\"woocommerce_loop_add_to_cart_link_describedby_66325\" class=\"screen-reader-text\">\n\t\t\t<\/span>\n<\/li>\n<li class=\"product type-product post-66321 status-publish last instock product_cat-robust has-post-thumbnail shipping-taxable product-type-simple\">\n\t<a href=\"https:\/\/www.entrack.no\/en\/produkt\/planeringsskuffe-robust\/\" class=\"woocommerce-LoopProduct-link woocommerce-loop-product__link\"><img decoding=\"async\" width=\"600\" height=\"600\" src=\"https:\/\/www.entrack.no\/wp-content\/uploads\/2026\/04\/planeringsskuffe-600x600.jpg\" class=\"attachment-woocommerce_thumbnail size-woocommerce_thumbnail\" alt=\"Planning drawer\" srcset=\"https:\/\/www.entrack.no\/wp-content\/uploads\/2026\/04\/planeringsskuffe-600x600.jpg 600w, https:\/\/www.entrack.no\/wp-content\/uploads\/2026\/04\/planeringsskuffe-300x300.jpg 300w, https:\/\/www.entrack.no\/wp-content\/uploads\/2026\/04\/planeringsskuffe-1024x1024.jpg 1024w, https:\/\/www.entrack.no\/wp-content\/uploads\/2026\/04\/planeringsskuffe-150x150.jpg 150w, https:\/\/www.entrack.no\/wp-content\/uploads\/2026\/04\/planeringsskuffe-768x768.jpg 768w, https:\/\/www.entrack.no\/wp-content\/uploads\/2026\/04\/planeringsskuffe-1536x1536.jpg 1536w, https:\/\/www.entrack.no\/wp-content\/uploads\/2026\/04\/planeringsskuffe-12x12.jpg 12w, https:\/\/www.entrack.no\/wp-content\/uploads\/2026\/04\/planeringsskuffe-610x610.jpg 610w, https:\/\/www.entrack.no\/wp-content\/uploads\/2026\/04\/planeringsskuffe-800x800.jpg 800w, https:\/\/www.entrack.no\/wp-content\/uploads\/2026\/04\/planeringsskuffe-100x100.jpg 100w, https:\/\/www.entrack.no\/wp-content\/uploads\/2026\/04\/planeringsskuffe.jpg 2000w\" sizes=\"(max-width: 600px) 100vw, 600px\" \/><h2 class=\"woocommerce-loop-product__title\">Planning drawer<\/h2>\n<\/a><a href=\"https:\/\/www.entrack.no\/en\/produkt\/planeringsskuffe-robust\/\" aria-describedby=\"woocommerce_loop_add_to_cart_link_describedby_66321\" data-quantity=\"1\" class=\"button product_type_simple\" data-product_id=\"66321\" data-product_sku=\"\" aria-label=\"Read more about \u201cPlaneringsskuffe\u201d\" rel=\"nofollow\" data-success_message=\"\" data-no-translation=\"\" data-trp-gettext=\"\" data-no-translation-aria-label=\"\">Read more<\/a>\t<span id=\"woocommerce_loop_add_to_cart_link_describedby_66321\" class=\"screen-reader-text\">\n\t\t\t<\/span>\n<\/li>\n<li class=\"product type-product post-66305 status-publish first instock product_cat-robust has-post-thumbnail shipping-taxable product-type-simple\">\n\t<a href=\"https:\/\/www.entrack.no\/en\/produkt\/lettmaterialskuffe-robust\/\" class=\"woocommerce-LoopProduct-link woocommerce-loop-product__link\"><img loading=\"lazy\" decoding=\"async\" width=\"600\" height=\"600\" src=\"https:\/\/www.entrack.no\/wp-content\/uploads\/2026\/04\/Lettmaterialskuffe-600x600.jpg\" class=\"attachment-woocommerce_thumbnail size-woocommerce_thumbnail\" alt=\"Light material bucket\" srcset=\"https:\/\/www.entrack.no\/wp-content\/uploads\/2026\/04\/Lettmaterialskuffe-600x600.jpg 600w, https:\/\/www.entrack.no\/wp-content\/uploads\/2026\/04\/Lettmaterialskuffe-300x300.jpg 300w, https:\/\/www.entrack.no\/wp-content\/uploads\/2026\/04\/Lettmaterialskuffe-1024x1024.jpg 1024w, https:\/\/www.entrack.no\/wp-content\/uploads\/2026\/04\/Lettmaterialskuffe-150x150.jpg 150w, https:\/\/www.entrack.no\/wp-content\/uploads\/2026\/04\/Lettmaterialskuffe-768x768.jpg 768w, https:\/\/www.entrack.no\/wp-content\/uploads\/2026\/04\/Lettmaterialskuffe-1536x1536.jpg 1536w, https:\/\/www.entrack.no\/wp-content\/uploads\/2026\/04\/Lettmaterialskuffe-12x12.jpg 12w, https:\/\/www.entrack.no\/wp-content\/uploads\/2026\/04\/Lettmaterialskuffe-610x610.jpg 610w, https:\/\/www.entrack.no\/wp-content\/uploads\/2026\/04\/Lettmaterialskuffe-800x800.jpg 800w, https:\/\/www.entrack.no\/wp-content\/uploads\/2026\/04\/Lettmaterialskuffe-100x100.jpg 100w, https:\/\/www.entrack.no\/wp-content\/uploads\/2026\/04\/Lettmaterialskuffe.jpg 2000w\" sizes=\"(max-width: 600px) 100vw, 600px\" \/><h2 class=\"woocommerce-loop-product__title\">Light material bucket<\/h2>\n<\/a><a href=\"https:\/\/www.entrack.no\/en\/produkt\/lettmaterialskuffe-robust\/\" aria-describedby=\"woocommerce_loop_add_to_cart_link_describedby_66305\" data-quantity=\"1\" class=\"button product_type_simple\" data-product_id=\"66305\" data-product_sku=\"\" aria-label=\"Read more about \u201cLettmaterialskuffe\u201d\" rel=\"nofollow\" data-success_message=\"\" data-no-translation=\"\" data-trp-gettext=\"\" data-no-translation-aria-label=\"\">Read more<\/a>\t<span id=\"woocommerce_loop_add_to_cart_link_describedby_66305\" class=\"screen-reader-text\">\n\t\t\t<\/span>\n<\/li>\n<li class=\"product type-product post-66300 status-publish instock product_cat-robust has-post-thumbnail shipping-taxable product-type-simple\">\n\t<a href=\"https:\/\/www.entrack.no\/en\/produkt\/kabelskuffe-robust\/\" class=\"woocommerce-LoopProduct-link woocommerce-loop-product__link\"><img loading=\"lazy\" decoding=\"async\" width=\"600\" height=\"600\" src=\"https:\/\/www.entrack.no\/wp-content\/uploads\/2026\/04\/kabelskopa-redigerad-600x600.jpg\" class=\"attachment-woocommerce_thumbnail size-woocommerce_thumbnail\" alt=\"Cable drawer\" srcset=\"https:\/\/www.entrack.no\/wp-content\/uploads\/2026\/04\/kabelskopa-redigerad-600x600.jpg 600w, https:\/\/www.entrack.no\/wp-content\/uploads\/2026\/04\/kabelskopa-redigerad-150x150.jpg 150w, https:\/\/www.entrack.no\/wp-content\/uploads\/2026\/04\/kabelskopa-redigerad-100x100.jpg 100w\" sizes=\"(max-width: 600px) 100vw, 600px\" \/><h2 class=\"woocommerce-loop-product__title\">Cable drawer<\/h2>\n<\/a><a href=\"https:\/\/www.entrack.no\/en\/produkt\/kabelskuffe-robust\/\" aria-describedby=\"woocommerce_loop_add_to_cart_link_describedby_66300\" data-quantity=\"1\" class=\"button product_type_simple\" data-product_id=\"66300\" data-product_sku=\"\" aria-label=\"Read more about \u201cKabelskuffe\u201d\" rel=\"nofollow\" data-success_message=\"\" data-no-translation=\"\" data-trp-gettext=\"\" data-no-translation-aria-label=\"\">Read more<\/a>\t<span id=\"woocommerce_loop_add_to_cart_link_describedby_66300\" class=\"screen-reader-text\">\n\t\t\t<\/span>\n<\/li>\n<li class=\"product type-product post-66297 status-publish last instock product_cat-robust has-post-thumbnail shipping-taxable product-type-simple\">\n\t<a href=\"https:\/\/www.entrack.no\/en\/produkt\/lasteskuffe-med-tenner\/\" class=\"woocommerce-LoopProduct-link woocommerce-loop-product__link\"><img loading=\"lazy\" decoding=\"async\" width=\"600\" height=\"600\" src=\"https:\/\/www.entrack.no\/wp-content\/uploads\/2026\/04\/lasteskuffe-med-tenner-600x600.jpg\" class=\"attachment-woocommerce_thumbnail size-woocommerce_thumbnail\" alt=\"Loading drawer with teeth\" srcset=\"https:\/\/www.entrack.no\/wp-content\/uploads\/2026\/04\/lasteskuffe-med-tenner-600x600.jpg 600w, https:\/\/www.entrack.no\/wp-content\/uploads\/2026\/04\/lasteskuffe-med-tenner-300x300.jpg 300w, https:\/\/www.entrack.no\/wp-content\/uploads\/2026\/04\/lasteskuffe-med-tenner-1024x1024.jpg 1024w, https:\/\/www.entrack.no\/wp-content\/uploads\/2026\/04\/lasteskuffe-med-tenner-150x150.jpg 150w, https:\/\/www.entrack.no\/wp-content\/uploads\/2026\/04\/lasteskuffe-med-tenner-768x768.jpg 768w, https:\/\/www.entrack.no\/wp-content\/uploads\/2026\/04\/lasteskuffe-med-tenner-1536x1536.jpg 1536w, https:\/\/www.entrack.no\/wp-content\/uploads\/2026\/04\/lasteskuffe-med-tenner-12x12.jpg 12w, https:\/\/www.entrack.no\/wp-content\/uploads\/2026\/04\/lasteskuffe-med-tenner-610x610.jpg 610w, https:\/\/www.entrack.no\/wp-content\/uploads\/2026\/04\/lasteskuffe-med-tenner-800x800.jpg 800w, https:\/\/www.entrack.no\/wp-content\/uploads\/2026\/04\/lasteskuffe-med-tenner-100x100.jpg 100w, https:\/\/www.entrack.no\/wp-content\/uploads\/2026\/04\/lasteskuffe-med-tenner.jpg 2000w\" sizes=\"(max-width: 600px) 100vw, 600px\" \/><h2 class=\"woocommerce-loop-product__title\">Loading drawer with teeth<\/h2>\n<\/a><a href=\"https:\/\/www.entrack.no\/en\/produkt\/lasteskuffe-med-tenner\/\" aria-describedby=\"woocommerce_loop_add_to_cart_link_describedby_66297\" data-quantity=\"1\" class=\"button product_type_simple\" data-product_id=\"66297\" data-product_sku=\"\" aria-label=\"Read more about \u201cLasteskuffe med tenner\u201d\" rel=\"nofollow\" data-success_message=\"\" data-no-translation=\"\" data-trp-gettext=\"\" data-no-translation-aria-label=\"\">Read more<\/a>\t<span id=\"woocommerce_loop_add_to_cart_link_describedby_66297\" class=\"screen-reader-text\">\n\t\t\t<\/span>\n<\/li>\n<li class=\"product type-product post-66294 status-publish first instock product_cat-robust has-post-thumbnail shipping-taxable product-type-simple\">\n\t<a href=\"https:\/\/www.entrack.no\/en\/produkt\/lasteskuffer-robust\/\" class=\"woocommerce-LoopProduct-link woocommerce-loop-product__link\"><img loading=\"lazy\" decoding=\"async\" width=\"600\" height=\"600\" src=\"https:\/\/www.entrack.no\/wp-content\/uploads\/2026\/04\/gr_vskopan1-600x600.jpg\" class=\"attachment-woocommerce_thumbnail size-woocommerce_thumbnail\" alt=\"Cargo drawers\" srcset=\"https:\/\/www.entrack.no\/wp-content\/uploads\/2026\/04\/gr_vskopan1-600x600.jpg 600w, https:\/\/www.entrack.no\/wp-content\/uploads\/2026\/04\/gr_vskopan1-300x300.jpg 300w, https:\/\/www.entrack.no\/wp-content\/uploads\/2026\/04\/gr_vskopan1-150x150.jpg 150w, https:\/\/www.entrack.no\/wp-content\/uploads\/2026\/04\/gr_vskopan1-768x768.jpg 768w, https:\/\/www.entrack.no\/wp-content\/uploads\/2026\/04\/gr_vskopan1-12x12.jpg 12w, https:\/\/www.entrack.no\/wp-content\/uploads\/2026\/04\/gr_vskopan1-610x610.jpg 610w, https:\/\/www.entrack.no\/wp-content\/uploads\/2026\/04\/gr_vskopan1-800x800.jpg 800w, https:\/\/www.entrack.no\/wp-content\/uploads\/2026\/04\/gr_vskopan1-100x100.jpg 100w, https:\/\/www.entrack.no\/wp-content\/uploads\/2026\/04\/gr_vskopan1.jpg 826w\" sizes=\"(max-width: 600px) 100vw, 600px\" \/><h2 class=\"woocommerce-loop-product__title\">Cargo drawers<\/h2>\n<\/a><a href=\"https:\/\/www.entrack.no\/en\/produkt\/lasteskuffer-robust\/\" aria-describedby=\"woocommerce_loop_add_to_cart_link_describedby_66294\" data-quantity=\"1\" class=\"button product_type_simple\" data-product_id=\"66294\" data-product_sku=\"\" aria-label=\"Read more about \u201cLasteskuffer\u201d\" rel=\"nofollow\" data-success_message=\"\" data-no-translation=\"\" data-trp-gettext=\"\" data-no-translation-aria-label=\"\">Read more<\/a>\t<span id=\"woocommerce_loop_add_to_cart_link_describedby_66294\" class=\"screen-reader-text\">\n\t\t\t<\/span>\n<\/li>\n<\/ul>\n<\/div>\t\t\t\t<\/div>\n\t\t\t\t<\/div>\n\t\t\t\t\t<\/div>\n\t\t<\/div>\n\t\t\t\t\t<\/div>\n\t\t<\/section>\n\t\t\t\t<\/div>\n\t\t<span class=\"et_bloom_bottom_trigger\"><\/span>","protected":false},"excerpt":{"rendered":"<p>ROBUST skuffer Sammen med Partrex har vi et sterkt fokus p\u00e5 \u00e5 kunne levere kvalitetsverkt\u00f8y raskt og problemfritt. Derfor har vi et velassortert lager av robuste verkt\u00f8y, klare for umiddelbar levering. Trenger du for eksempel en graveskuffe, profilskuffe, planeringsskuffe eller en lasteskuffe? Da kan vi levere umiddelbart, uten lange ventetider. Hos Entrack f\u00e5r du mer [&hellip;]<\/p>\n","protected":false},"author":11,"featured_media":0,"parent":66368,"menu_order":0,"comment_status":"closed","ping_status":"closed","template":"","meta":{"_acf_changed":false,"footnotes":""},"class_list":["post-66380","page","type-page","status-publish","hentry"],"acf":[],"_links":{"self":[{"href":"https:\/\/www.entrack.no\/en\/wp-json\/wp\/v2\/pages\/66380","targetHints":{"allow":["GET"]}}],"collection":[{"href":"https:\/\/www.entrack.no\/en\/wp-json\/wp\/v2\/pages"}],"about":[{"href":"https:\/\/www.entrack.no\/en\/wp-json\/wp\/v2\/types\/page"}],"author":[{"embeddable":true,"href":"https:\/\/www.entrack.no\/en\/wp-json\/wp\/v2\/users\/11"}],"replies":[{"embeddable":true,"href":"https:\/\/www.entrack.no\/en\/wp-json\/wp\/v2\/comments?post=66380"}],"version-history":[{"count":10,"href":"https:\/\/www.entrack.no\/en\/wp-json\/wp\/v2\/pages\/66380\/revisions"}],"predecessor-version":[{"id":66391,"href":"https:\/\/www.entrack.no\/en\/wp-json\/wp\/v2\/pages\/66380\/revisions\/66391"}],"up":[{"embeddable":true,"href":"https:\/\/www.entrack.no\/en\/wp-json\/wp\/v2\/pages\/66368"}],"wp:attachment":[{"href":"https:\/\/www.entrack.no\/en\/wp-json\/wp\/v2\/media?parent=66380"}],"curies":[{"name":"wp","href":"https:\/\/api.w.org\/{rel}","templated":true}]}}