{"id":66050,"date":"2026-03-17T12:56:14","date_gmt":"2026-03-17T11:56:14","guid":{"rendered":"https:\/\/www.entrack.no\/?page_id=66050"},"modified":"2026-03-17T13:05:55","modified_gmt":"2026-03-17T12:05:55","slug":"rubber-pads","status":"publish","type":"page","link":"https:\/\/www.entrack.no\/en\/deler\/gummipads\/","title":{"rendered":"Rubber pads"},"content":{"rendered":"<div data-elementor-type=\"wp-post\" data-elementor-id=\"66050\" class=\"elementor elementor-66050\" data-elementor-post-type=\"page\">\n\t\t\t\t\t\t<section class=\"elementor-section elementor-top-section elementor-element elementor-element-e76e759 elementor-section-boxed elementor-section-height-default elementor-section-height-default\" data-id=\"e76e759\" data-element_type=\"section\" data-e-type=\"section\">\n\t\t\t\t\t\t<div class=\"elementor-container elementor-column-gap-default\">\n\t\t\t\t\t<div class=\"elementor-column elementor-col-100 elementor-top-column elementor-element elementor-element-8f55188\" data-id=\"8f55188\" data-element_type=\"column\" data-e-type=\"column\">\n\t\t\t<div class=\"elementor-widget-wrap elementor-element-populated\">\n\t\t\t\t\t\t<div class=\"elementor-element elementor-element-e9f2fa3 elementor-widget elementor-widget-image\" data-id=\"e9f2fa3\" data-element_type=\"widget\" data-e-type=\"widget\" data-widget_type=\"image.default\">\n\t\t\t\t<div class=\"elementor-widget-container\">\n\t\t\t\t\t\t\t\t\t\t\t\t\t\t\t<img fetchpriority=\"high\" decoding=\"async\" width=\"1440\" height=\"691\" src=\"https:\/\/www.entrack.no\/wp-content\/uploads\/2026\/03\/gummipads-cropped.jpg\" class=\"attachment-full size-full wp-image-66054\" alt=\"Clip-on rubber pads on an excavator\" srcset=\"https:\/\/www.entrack.no\/wp-content\/uploads\/2026\/03\/gummipads-cropped.jpg 1440w, https:\/\/www.entrack.no\/wp-content\/uploads\/2026\/03\/gummipads-cropped-300x144.jpg 300w, https:\/\/www.entrack.no\/wp-content\/uploads\/2026\/03\/gummipads-cropped-1024x491.jpg 1024w, https:\/\/www.entrack.no\/wp-content\/uploads\/2026\/03\/gummipads-cropped-768x369.jpg 768w, https:\/\/www.entrack.no\/wp-content\/uploads\/2026\/03\/gummipads-cropped-18x9.jpg 18w, https:\/\/www.entrack.no\/wp-content\/uploads\/2026\/03\/gummipads-cropped-610x293.jpg 610w, https:\/\/www.entrack.no\/wp-content\/uploads\/2026\/03\/gummipads-cropped-800x384.jpg 800w\" sizes=\"(max-width: 1440px) 100vw, 1440px\" \/>\t\t\t\t\t\t\t\t\t\t\t\t\t\t\t<\/div>\n\t\t\t\t<\/div>\n\t\t\t\t<div class=\"elementor-element elementor-element-415d2e1 elementor-widget elementor-widget-heading\" data-id=\"415d2e1\" data-element_type=\"widget\" data-e-type=\"widget\" data-widget_type=\"heading.default\">\n\t\t\t\t<div class=\"elementor-widget-container\">\n\t\t\t\t\t<h1 class=\"elementor-heading-title elementor-size-default\">Rubber pads for excavator<\/h1>\t\t\t\t<\/div>\n\t\t\t\t<\/div>\n\t\t\t\t<div class=\"elementor-element elementor-element-d9cf579 elementor-widget elementor-widget-text-editor\" data-id=\"d9cf579\" data-element_type=\"widget\" data-e-type=\"widget\" data-widget_type=\"text-editor.default\">\n\t\t\t\t<div class=\"elementor-widget-container\">\n\t\t\t\t\t\t\t\t\t<p>Are you driving an excavator on asphalt and concrete? Then you need rubber pads. We have a wide range of rubber pads for excavators up to 25 tonnes, as well as several different variants.\u00a0<\/p>\t\t\t\t\t\t\t\t<\/div>\n\t\t\t\t<\/div>\n\t\t\t\t\t<\/div>\n\t\t<\/div>\n\t\t\t\t\t<\/div>\n\t\t<\/section>\n\t\t\t\t<section class=\"elementor-section elementor-top-section elementor-element elementor-element-b1050bd elementor-section-boxed elementor-section-height-default elementor-section-height-default\" data-id=\"b1050bd\" data-element_type=\"section\" data-e-type=\"section\">\n\t\t\t\t\t\t<div class=\"elementor-container elementor-column-gap-default\">\n\t\t\t\t\t<div class=\"elementor-column elementor-col-50 elementor-top-column elementor-element elementor-element-0c05eca\" data-id=\"0c05eca\" data-element_type=\"column\" data-e-type=\"column\">\n\t\t\t<div class=\"elementor-widget-wrap elementor-element-populated\">\n\t\t\t\t\t\t<div class=\"elementor-element elementor-element-d933d75 elementor-widget elementor-widget-image\" data-id=\"d933d75\" data-element_type=\"widget\" data-e-type=\"widget\" data-widget_type=\"image.default\">\n\t\t\t\t<div class=\"elementor-widget-container\">\n\t\t\t\t\t\t\t\t\t\t\t\t\t\t\t<img decoding=\"async\" width=\"640\" height=\"369\" src=\"https:\/\/www.entrack.no\/wp-content\/uploads\/2026\/03\/bolton-ny.jpg\" class=\"attachment-large size-large wp-image-66057\" alt=\"\" srcset=\"https:\/\/www.entrack.no\/wp-content\/uploads\/2026\/03\/bolton-ny.jpg 640w, https:\/\/www.entrack.no\/wp-content\/uploads\/2026\/03\/bolton-ny-300x173.jpg 300w, https:\/\/www.entrack.no\/wp-content\/uploads\/2026\/03\/bolton-ny-18x10.jpg 18w, https:\/\/www.entrack.no\/wp-content\/uploads\/2026\/03\/bolton-ny-610x352.jpg 610w\" sizes=\"(max-width: 640px) 100vw, 640px\" \/>\t\t\t\t\t\t\t\t\t\t\t\t\t\t\t<\/div>\n\t\t\t\t<\/div>\n\t\t\t\t<div class=\"elementor-element elementor-element-0fda4b7 elementor-widget elementor-widget-text-editor\" data-id=\"0fda4b7\" data-element_type=\"widget\" data-e-type=\"widget\" data-widget_type=\"text-editor.default\">\n\t\t\t\t<div class=\"elementor-widget-container\">\n\t\t\t\t\t\t\t\t\t<h3><strong>Bolt-on\u00a0<\/strong><\/h3>\n<p>Bolt-on provides a seamless fit on existing steel belt shoes, matching the size and using strategically placed holes for precision. These plates are securely fastened using threaded bolts on the back, and bolt into existing holes in the steel belts. These are durable and cost-effective, but require more time for installation compared to the clip-on version. For that reason, this is the ideal choice for long-term or surface-sensitive projects. Bolt-on plates ensure a solid foundation and maintain an even wear pattern with their tight fit.\u00a0<\/p>\n<p>\u00a0<\/p>\t\t\t\t\t\t\t\t<\/div>\n\t\t\t\t<\/div>\n\t\t\t\t\t<\/div>\n\t\t<\/div>\n\t\t\t\t<div class=\"elementor-column elementor-col-50 elementor-top-column elementor-element elementor-element-a5acf20\" data-id=\"a5acf20\" data-element_type=\"column\" data-e-type=\"column\">\n\t\t\t<div class=\"elementor-widget-wrap elementor-element-populated\">\n\t\t\t\t\t\t<div class=\"elementor-element elementor-element-ec1164d elementor-widget elementor-widget-image\" data-id=\"ec1164d\" data-element_type=\"widget\" data-e-type=\"widget\" data-widget_type=\"image.default\">\n\t\t\t\t<div class=\"elementor-widget-container\">\n\t\t\t\t\t\t\t\t\t\t\t\t\t\t\t<img decoding=\"async\" width=\"640\" height=\"369\" src=\"https:\/\/www.entrack.no\/wp-content\/uploads\/2026\/03\/RP216-600_combo-\u2013-middels.jpeg\" class=\"attachment-large size-large wp-image-66056\" alt=\"\" srcset=\"https:\/\/www.entrack.no\/wp-content\/uploads\/2026\/03\/RP216-600_combo-\u2013-middels.jpeg 640w, https:\/\/www.entrack.no\/wp-content\/uploads\/2026\/03\/RP216-600_combo-\u2013-middels-300x173.jpeg 300w, https:\/\/www.entrack.no\/wp-content\/uploads\/2026\/03\/RP216-600_combo-\u2013-middels-18x10.jpeg 18w, https:\/\/www.entrack.no\/wp-content\/uploads\/2026\/03\/RP216-600_combo-\u2013-middels-610x352.jpeg 610w\" sizes=\"(max-width: 640px) 100vw, 640px\" \/>\t\t\t\t\t\t\t\t\t\t\t\t\t\t\t<\/div>\n\t\t\t\t<\/div>\n\t\t\t\t<div class=\"elementor-element elementor-element-ff3cb7e elementor-widget elementor-widget-text-editor\" data-id=\"ff3cb7e\" data-element_type=\"widget\" data-e-type=\"widget\" data-widget_type=\"text-editor.default\">\n\t\t\t\t<div class=\"elementor-widget-container\">\n\t\t\t\t\t\t\t\t\t<h3><strong>Clip-on\u00a0<\/strong><\/h3>\n<p>Clip-on fits steel track shoes without mounting holes, and utilises side brackets for quick installation, significantly reducing installation time. These cleats transform machines into rubber tyred vehicles, providing cushioning and surface protection. They mould seamlessly to steel profiles, resist movement and dirt accumulation, and offer fast, bolt-free installation, ideal for ephemeral or surface-sensitive areas, and enable quick conversion for damage-free use on finished surfaces.<\/p>\t\t\t\t\t\t\t\t<\/div>\n\t\t\t\t<\/div>\n\t\t\t\t\t<\/div>\n\t\t<\/div>\n\t\t\t\t\t<\/div>\n\t\t<\/section>\n\t\t\t\t<\/div>\n\t\t<span class=\"et_bloom_bottom_trigger\"><\/span>","protected":false},"excerpt":{"rendered":"<p>Gummipads til gravemaskin Skal du kj\u00f8re gravemaskin p\u00e5 asfalt og betong? Da trenger du gummipads. Vi har et stort utvalg gummipads for gravemaskiner opp til 25 tonn, i tillegg til at vi har flere forskjellige varianter.\u00a0 Bolt-on\u00a0 Bolt-on gir s\u00f8ml\u00f8s passform p\u00e5 eksisterende st\u00e5lbeltesko, matcher st\u00f8rrelsen og bruker strategisk plasserte hull for presisjon. Disse platene [&hellip;]<\/p>\n","protected":false},"author":11,"featured_media":48304,"parent":47721,"menu_order":0,"comment_status":"closed","ping_status":"closed","template":"","meta":{"_acf_changed":false,"footnotes":""},"class_list":["post-66050","page","type-page","status-publish","has-post-thumbnail","hentry"],"acf":[],"_links":{"self":[{"href":"https:\/\/www.entrack.no\/en\/wp-json\/wp\/v2\/pages\/66050","targetHints":{"allow":["GET"]}}],"collection":[{"href":"https:\/\/www.entrack.no\/en\/wp-json\/wp\/v2\/pages"}],"about":[{"href":"https:\/\/www.entrack.no\/en\/wp-json\/wp\/v2\/types\/page"}],"author":[{"embeddable":true,"href":"https:\/\/www.entrack.no\/en\/wp-json\/wp\/v2\/users\/11"}],"replies":[{"embeddable":true,"href":"https:\/\/www.entrack.no\/en\/wp-json\/wp\/v2\/comments?post=66050"}],"version-history":[{"count":11,"href":"https:\/\/www.entrack.no\/en\/wp-json\/wp\/v2\/pages\/66050\/revisions"}],"predecessor-version":[{"id":66073,"href":"https:\/\/www.entrack.no\/en\/wp-json\/wp\/v2\/pages\/66050\/revisions\/66073"}],"up":[{"embeddable":true,"href":"https:\/\/www.entrack.no\/en\/wp-json\/wp\/v2\/pages\/47721"}],"wp:featuredmedia":[{"embeddable":true,"href":"https:\/\/www.entrack.no\/en\/wp-json\/wp\/v2\/media\/48304"}],"wp:attachment":[{"href":"https:\/\/www.entrack.no\/en\/wp-json\/wp\/v2\/media?parent=66050"}],"curies":[{"name":"wp","href":"https:\/\/api.w.org\/{rel}","templated":true}]}}