{"id":64223,"date":"2025-06-06T13:46:19","date_gmt":"2025-06-06T11:46:19","guid":{"rendered":"https:\/\/www.entrack.no\/?page_id=64223"},"modified":"2025-12-12T14:31:38","modified_gmt":"2025-12-12T13:31:38","slug":"engcon-service","status":"publish","type":"page","link":"https:\/\/www.entrack.no\/en\/utstyr\/tiltrotatorer\/engcon-service\/","title":{"rendered":"Engcon service"},"content":{"rendered":"<div data-elementor-type=\"wp-post\" data-elementor-id=\"64223\" class=\"elementor elementor-64223\" data-elementor-post-type=\"page\">\n\t\t\t\t\t\t<section class=\"elementor-section elementor-top-section elementor-element elementor-element-360b3de elementor-section-boxed elementor-section-height-default elementor-section-height-default\" data-id=\"360b3de\" data-element_type=\"section\" data-e-type=\"section\">\n\t\t\t\t\t\t<div class=\"elementor-container elementor-column-gap-default\">\n\t\t\t\t\t<div class=\"elementor-column elementor-col-100 elementor-top-column elementor-element elementor-element-7faaba2\" data-id=\"7faaba2\" data-element_type=\"column\" data-e-type=\"column\">\n\t\t\t<div class=\"elementor-widget-wrap elementor-element-populated\">\n\t\t\t\t\t\t<div class=\"elementor-element elementor-element-415d2e1 elementor-widget elementor-widget-heading\" data-id=\"415d2e1\" data-element_type=\"widget\" data-e-type=\"widget\" data-widget_type=\"heading.default\">\n\t\t\t\t<div class=\"elementor-widget-container\">\n\t\t\t\t\t<h1 class=\"elementor-heading-title elementor-size-default\">Engcon service<\/h1>\t\t\t\t<\/div>\n\t\t\t\t<\/div>\n\t\t\t\t<div class=\"elementor-element elementor-element-870c402 elementor-widget elementor-widget-text-editor\" data-id=\"870c402\" data-element_type=\"widget\" data-e-type=\"widget\" data-widget_type=\"text-editor.default\">\n\t\t\t\t<div class=\"elementor-widget-container\">\n\t\t\t\t\t\t\t\t\t<p>Make sure your Engcon tiltrotator is always in top condition with service from Entrack! We strive to provide the best service for our customers and have the expertise needed to maintain your Engcon tiltrotator. Our service teams are ready to help you with everything from troubleshooting to major repairs, ensuring your machine has minimal downtime.<\/p><p>Contact us today to arrange service, and let us help ensure optimal performance and long life for your Engcon tiltrotator.\u00a0<\/p><p><span style=\"text-decoration: underline;\"><a href=\"https:\/\/www.entrack.no\/en\/equipment\/tiltrotators\/engcon-spare-parts\/\">You can also find parts for your Engcon tiltrotator here.<\/a><\/span><\/p>\t\t\t\t\t\t\t\t<\/div>\n\t\t\t\t<\/div>\n\t\t\t\t\t<\/div>\n\t\t<\/div>\n\t\t\t\t\t<\/div>\n\t\t<\/section>\n\t\t\t\t<section class=\"elementor-section elementor-top-section elementor-element elementor-element-fb3fff3 elementor-section-boxed elementor-section-height-default elementor-section-height-default\" data-id=\"fb3fff3\" data-element_type=\"section\" data-e-type=\"section\">\n\t\t\t\t\t\t<div class=\"elementor-container elementor-column-gap-wider\">\n\t\t\t\t\t<div class=\"elementor-column elementor-col-100 elementor-top-column elementor-element elementor-element-feb8291\" data-id=\"feb8291\" data-element_type=\"column\" data-e-type=\"column\">\n\t\t\t<div class=\"elementor-widget-wrap elementor-element-populated\">\n\t\t\t\t\t\t<div class=\"elementor-element elementor-element-656f3ec elementor-cta--layout-image-left elementor-cta--skin-classic elementor-animated-content elementor-bg-transform elementor-bg-transform-zoom-in elementor-widget elementor-widget-call-to-action\" data-id=\"656f3ec\" data-element_type=\"widget\" data-e-type=\"widget\" data-widget_type=\"call-to-action.default\">\n\t\t\t\t<div class=\"elementor-widget-container\">\n\t\t\t\t\t\t\t<a class=\"elementor-cta\" href=\"https:\/\/www.entrack.no\/en\/product-category\/equipment\/tiltrotator\/engcon-tiltrotators\/\">\n\t\t\t\t\t<div class=\"elementor-cta__bg-wrapper\">\n\t\t\t\t<div class=\"elementor-cta__bg elementor-bg\" style=\"background-image: url(https:\/\/www.entrack.no\/wp-content\/uploads\/2020\/07\/engcon_tiltrotator_ec209_qsd45_eco_p00-812x1024.jpg);\" role=\"img\" aria-label=\"Rototilt\"><\/div>\n\t\t\t\t<div class=\"elementor-cta__bg-overlay\"><\/div>\n\t\t\t<\/div>\n\t\t\t\t\t\t\t<div class=\"elementor-cta__content\">\n\t\t\t\t\n\t\t\t\t\t\t\t\t\t<h2 class=\"elementor-cta__title elementor-cta__content-item elementor-content-item\">\n\t\t\t\t\t\tEngcon tiltrotators\t\t\t\t\t<\/h2>\n\t\t\t\t\n\t\t\t\t\t\t\t\t\t<div class=\"elementor-cta__description elementor-cta__content-item elementor-content-item\">\n\t\t\t\t\t\tEngcon tiltrotators are known for their high quality, innovative technology and versatility. They provide better control and precision, making work more efficient and flexible.\t\t\t\t\t<\/div>\n\t\t\t\t\n\t\t\t\t\t\t\t\t\t<div class=\"elementor-cta__button-wrapper elementor-cta__content-item elementor-content-item\">\n\t\t\t\t\t<span class=\"elementor-cta__button elementor-button elementor-size-\">\n\t\t\t\t\t\tSee the selection here\t\t\t\t\t<\/span>\n\t\t\t\t\t<\/div>\n\t\t\t\t\t\t\t<\/div>\n\t\t\t\t\t\t<\/a>\n\t\t\t\t\t\t<\/div>\n\t\t\t\t<\/div>\n\t\t\t\t\t<\/div>\n\t\t<\/div>\n\t\t\t\t\t<\/div>\n\t\t<\/section>\n\t\t\t\t<\/div>\n\t\t<span class=\"et_bloom_bottom_trigger\"><\/span>","protected":false},"excerpt":{"rendered":"<p>Engcon service S\u00f8rg for at din Engcon tiltrotator alltid er i topp stand med service fra Entrack! Vi streber etter \u00e5 yte den beste service for v\u00e5re kunder og har ekspertisen som trengs for \u00e5 vedlikeholde din Engcon tiltrotator. V\u00e5re serviceteam er klare til \u00e5 hjelpe deg med alt fra feils\u00f8king til st\u00f8rre reparasjoner, slik [&hellip;]<\/p>\n","protected":false},"author":6,"featured_media":48269,"parent":48251,"menu_order":0,"comment_status":"closed","ping_status":"closed","template":"","meta":{"_acf_changed":false,"footnotes":""},"class_list":["post-64223","page","type-page","status-publish","has-post-thumbnail","hentry"],"acf":[],"_links":{"self":[{"href":"https:\/\/www.entrack.no\/en\/wp-json\/wp\/v2\/pages\/64223","targetHints":{"allow":["GET"]}}],"collection":[{"href":"https:\/\/www.entrack.no\/en\/wp-json\/wp\/v2\/pages"}],"about":[{"href":"https:\/\/www.entrack.no\/en\/wp-json\/wp\/v2\/types\/page"}],"author":[{"embeddable":true,"href":"https:\/\/www.entrack.no\/en\/wp-json\/wp\/v2\/users\/6"}],"replies":[{"embeddable":true,"href":"https:\/\/www.entrack.no\/en\/wp-json\/wp\/v2\/comments?post=64223"}],"version-history":[{"count":4,"href":"https:\/\/www.entrack.no\/en\/wp-json\/wp\/v2\/pages\/64223\/revisions"}],"predecessor-version":[{"id":64231,"href":"https:\/\/www.entrack.no\/en\/wp-json\/wp\/v2\/pages\/64223\/revisions\/64231"}],"up":[{"embeddable":true,"href":"https:\/\/www.entrack.no\/en\/wp-json\/wp\/v2\/pages\/48251"}],"wp:featuredmedia":[{"embeddable":true,"href":"https:\/\/www.entrack.no\/en\/wp-json\/wp\/v2\/media\/48269"}],"wp:attachment":[{"href":"https:\/\/www.entrack.no\/en\/wp-json\/wp\/v2\/media?parent=64223"}],"curies":[{"name":"wp","href":"https:\/\/api.w.org\/{rel}","templated":true}]}}