{"id":64066,"date":"2025-05-26T10:40:33","date_gmt":"2025-05-26T08:40:33","guid":{"rendered":"https:\/\/www.entrack.no\/?page_id=64066"},"modified":"2025-12-04T11:36:03","modified_gmt":"2025-12-04T10:36:03","slug":"return-schemes","status":"publish","type":"page","link":"https:\/\/www.entrack.no\/en\/returordninger\/","title":{"rendered":"Return schemes"},"content":{"rendered":"<div data-elementor-type=\"wp-page\" data-elementor-id=\"64066\" class=\"elementor elementor-64066\" data-elementor-post-type=\"page\">\n\t\t\t\t\t\t<section class=\"elementor-section elementor-top-section elementor-element elementor-element-50f30c6 elementor-section-boxed elementor-section-height-default elementor-section-height-default\" data-id=\"50f30c6\" data-element_type=\"section\" data-e-type=\"section\">\n\t\t\t\t\t\t<div class=\"elementor-container elementor-column-gap-default\">\n\t\t\t\t\t<div class=\"elementor-column elementor-col-100 elementor-top-column elementor-element elementor-element-b10993d\" data-id=\"b10993d\" data-element_type=\"column\" data-e-type=\"column\">\n\t\t\t<div class=\"elementor-widget-wrap elementor-element-populated\">\n\t\t\t\t\t\t<div class=\"elementor-element elementor-element-7d139b0 elementor-widget elementor-widget-heading\" data-id=\"7d139b0\" data-element_type=\"widget\" data-e-type=\"widget\" data-widget_type=\"heading.default\">\n\t\t\t\t<div class=\"elementor-widget-container\">\n\t\t\t\t\t<h1 class=\"elementor-heading-title elementor-size-default\">Return schemes<\/h1>\t\t\t\t<\/div>\n\t\t\t\t<\/div>\n\t\t\t\t\t<\/div>\n\t\t<\/div>\n\t\t\t\t\t<\/div>\n\t\t<\/section>\n\t\t\t\t<section class=\"elementor-section elementor-top-section elementor-element elementor-element-4332623 elementor-section-boxed elementor-section-height-default elementor-section-height-default\" data-id=\"4332623\" data-element_type=\"section\" data-e-type=\"section\">\n\t\t\t\t\t\t<div class=\"elementor-container elementor-column-gap-default\">\n\t\t\t\t\t<div class=\"elementor-column elementor-col-100 elementor-top-column elementor-element elementor-element-4269118\" data-id=\"4269118\" data-element_type=\"column\" data-e-type=\"column\">\n\t\t\t<div class=\"elementor-widget-wrap elementor-element-populated\">\n\t\t\t\t\t\t<section class=\"elementor-section elementor-inner-section elementor-element elementor-element-5b44d71 elementor-section-boxed elementor-section-height-default elementor-section-height-default\" data-id=\"5b44d71\" data-element_type=\"section\" data-e-type=\"section\">\n\t\t\t\t\t\t<div class=\"elementor-container elementor-column-gap-default\">\n\t\t\t\t\t<div class=\"elementor-column elementor-col-50 elementor-inner-column elementor-element elementor-element-df395a2\" data-id=\"df395a2\" data-element_type=\"column\" data-e-type=\"column\">\n\t\t\t<div class=\"elementor-widget-wrap elementor-element-populated\">\n\t\t\t\t\t\t<div class=\"elementor-element elementor-element-8cfc77b elementor-widget elementor-widget-text-editor\" data-id=\"8cfc77b\" data-element_type=\"widget\" data-e-type=\"widget\" data-widget_type=\"text-editor.default\">\n\t\t\t\t<div class=\"elementor-widget-container\">\n\t\t\t\t\t\t\t\t\t<p><span data-huuid=\"6702034483801189819\">Broken batteries must be handled as hazardous waste and delivered to recycling centres or <span style=\"text-decoration: underline;\">stores that sell the same type of batteries.<\/span> <br \/>It's important to remember that improper handling can pose a fire risk, so be sure to deliver your batteries correctly.\u00a0<\/span><\/p><p>As a battery importer, we are required to accept used batteries in return and handle these.<\/p><p>This applies to ordinary starter batteries and other lead\/acid batteries that we sell.<\/p><p>For our retailers, we are also located as a possible return point at <a style=\"background-color: #ffffff; font-size: 1rem;\" href=\"http:\/\/www.avfallsdeklarering.no\" target=\"_blank\" rel=\"noopener nofollow\">avfallsdeklarering.no<\/a><\/p>\t\t\t\t\t\t\t\t<\/div>\n\t\t\t\t<\/div>\n\t\t\t\t\t<\/div>\n\t\t<\/div>\n\t\t\t\t<div class=\"elementor-column elementor-col-50 elementor-inner-column elementor-element elementor-element-6d8bf9f\" data-id=\"6d8bf9f\" data-element_type=\"column\" data-e-type=\"column\">\n\t\t\t<div class=\"elementor-widget-wrap elementor-element-populated\">\n\t\t\t\t\t\t<div class=\"elementor-element elementor-element-9b196a9 elementor-widget elementor-widget-image\" data-id=\"9b196a9\" data-element_type=\"widget\" data-e-type=\"widget\" data-widget_type=\"image.default\">\n\t\t\t\t<div class=\"elementor-widget-container\">\n\t\t\t\t\t\t\t\t\t\t\t\t\t\t\t<img fetchpriority=\"high\" decoding=\"async\" width=\"800\" height=\"600\" src=\"https:\/\/www.entrack.no\/wp-content\/uploads\/2025\/05\/returbatterier.jpg\" class=\"attachment-large size-large wp-image-64068\" alt=\"\" srcset=\"https:\/\/www.entrack.no\/wp-content\/uploads\/2025\/05\/returbatterier.jpg 960w, https:\/\/www.entrack.no\/wp-content\/uploads\/2025\/05\/returbatterier-300x225.jpg 300w, https:\/\/www.entrack.no\/wp-content\/uploads\/2025\/05\/returbatterier-768x576.jpg 768w, https:\/\/www.entrack.no\/wp-content\/uploads\/2025\/05\/returbatterier-610x458.jpg 610w, https:\/\/www.entrack.no\/wp-content\/uploads\/2025\/05\/returbatterier-800x600.jpg 800w\" sizes=\"(max-width: 800px) 100vw, 800px\" \/>\t\t\t\t\t\t\t\t\t\t\t\t\t\t\t<\/div>\n\t\t\t\t<\/div>\n\t\t\t\t\t<\/div>\n\t\t<\/div>\n\t\t\t\t\t<\/div>\n\t\t<\/section>\n\t\t\t\t\t<\/div>\n\t\t<\/div>\n\t\t\t\t\t<\/div>\n\t\t<\/section>\n\t\t\t\t<section class=\"elementor-section elementor-top-section elementor-element elementor-element-37d72fe elementor-section-boxed elementor-section-height-default elementor-section-height-default\" data-id=\"37d72fe\" data-element_type=\"section\" data-e-type=\"section\">\n\t\t\t\t\t\t<div class=\"elementor-container elementor-column-gap-default\">\n\t\t\t\t\t<div class=\"elementor-column elementor-col-100 elementor-top-column elementor-element elementor-element-c5ff1a8\" data-id=\"c5ff1a8\" data-element_type=\"column\" data-e-type=\"column\">\n\t\t\t<div class=\"elementor-widget-wrap elementor-element-populated\">\n\t\t\t\t\t\t<section class=\"elementor-section elementor-inner-section elementor-element elementor-element-0a31dc3 elementor-section-boxed elementor-section-height-default elementor-section-height-default\" data-id=\"0a31dc3\" data-element_type=\"section\" data-e-type=\"section\">\n\t\t\t\t\t\t<div class=\"elementor-container elementor-column-gap-default\">\n\t\t\t\t\t<div class=\"elementor-column elementor-col-50 elementor-inner-column elementor-element elementor-element-00323db\" data-id=\"00323db\" data-element_type=\"column\" data-e-type=\"column\">\n\t\t\t<div class=\"elementor-widget-wrap elementor-element-populated\">\n\t\t\t\t\t\t<div class=\"elementor-element elementor-element-b0d7ae3 elementor-widget elementor-widget-image\" data-id=\"b0d7ae3\" data-element_type=\"widget\" data-e-type=\"widget\" data-widget_type=\"image.default\">\n\t\t\t\t<div class=\"elementor-widget-container\">\n\t\t\t\t\t\t\t\t\t\t\t\t\t\t\t<img decoding=\"async\" width=\"800\" height=\"534\" src=\"https:\/\/www.entrack.no\/wp-content\/uploads\/2025\/02\/brukt-1024x683.jpg\" class=\"attachment-large size-large wp-image-63358\" alt=\"Used machines, reuse, outdoor\" srcset=\"https:\/\/www.entrack.no\/wp-content\/uploads\/2025\/02\/brukt-1024x683.jpg 1024w, https:\/\/www.entrack.no\/wp-content\/uploads\/2025\/02\/brukt-300x200.jpg 300w, https:\/\/www.entrack.no\/wp-content\/uploads\/2025\/02\/brukt-768x512.jpg 768w, https:\/\/www.entrack.no\/wp-content\/uploads\/2025\/02\/brukt-610x407.jpg 610w, https:\/\/www.entrack.no\/wp-content\/uploads\/2025\/02\/brukt-800x533.jpg 800w, https:\/\/www.entrack.no\/wp-content\/uploads\/2025\/02\/brukt.jpg 1200w\" sizes=\"(max-width: 800px) 100vw, 800px\" \/>\t\t\t\t\t\t\t\t\t\t\t\t\t\t\t<\/div>\n\t\t\t\t<\/div>\n\t\t\t\t\t<\/div>\n\t\t<\/div>\n\t\t\t\t<div class=\"elementor-column elementor-col-50 elementor-inner-column elementor-element elementor-element-dd8ffee\" data-id=\"dd8ffee\" data-element_type=\"column\" data-e-type=\"column\">\n\t\t\t<div class=\"elementor-widget-wrap elementor-element-populated\">\n\t\t\t\t\t\t<div class=\"elementor-element elementor-element-644cdb1 elementor-widget elementor-widget-text-editor\" data-id=\"644cdb1\" data-element_type=\"widget\" data-e-type=\"widget\" data-widget_type=\"text-editor.default\">\n\t\t\t\t<div class=\"elementor-widget-container\">\n\t\t\t\t\t\t\t\t\t<h2>Dismantling of used machines.<\/h2><p>Once we have finished dismantling the machines and taken care of all usable and complete parts, the rest of the steel is delivered for further recycling.\u00a0<\/p>\t\t\t\t\t\t\t\t<\/div>\n\t\t\t\t<\/div>\n\t\t\t\t\t<\/div>\n\t\t<\/div>\n\t\t\t\t\t<\/div>\n\t\t<\/section>\n\t\t\t\t\t<\/div>\n\t\t<\/div>\n\t\t\t\t\t<\/div>\n\t\t<\/section>\n\t\t\t\t<\/div>\n\t\t<span class=\"et_bloom_bottom_trigger\"><\/span>","protected":false},"excerpt":{"rendered":"<p>Returordninger \u00d8delagte batterier skal h\u00e5ndteres som farlig avfall og leveres til gjenvinningsstasjoner eller butikker som selger samme type batterier. Det er viktig \u00e5 huske at feil h\u00e5ndtering kan utgj\u00f8re en brannrisiko, s\u00e5 s\u00f8rg for \u00e5 levere batteriene p\u00e5 riktig m\u00e5te.\u00a0 Som batteri-import\u00f8r, er vi p\u00e5lagt \u00e5 ta i mot brukte batterier i retur og h\u00e5ndtere [&hellip;]<\/p>\n","protected":false},"author":4,"featured_media":57314,"parent":0,"menu_order":0,"comment_status":"closed","ping_status":"closed","template":"","meta":{"_acf_changed":false,"footnotes":""},"class_list":["post-64066","page","type-page","status-publish","has-post-thumbnail","hentry"],"acf":[],"_links":{"self":[{"href":"https:\/\/www.entrack.no\/en\/wp-json\/wp\/v2\/pages\/64066","targetHints":{"allow":["GET"]}}],"collection":[{"href":"https:\/\/www.entrack.no\/en\/wp-json\/wp\/v2\/pages"}],"about":[{"href":"https:\/\/www.entrack.no\/en\/wp-json\/wp\/v2\/types\/page"}],"author":[{"embeddable":true,"href":"https:\/\/www.entrack.no\/en\/wp-json\/wp\/v2\/users\/4"}],"replies":[{"embeddable":true,"href":"https:\/\/www.entrack.no\/en\/wp-json\/wp\/v2\/comments?post=64066"}],"version-history":[{"count":5,"href":"https:\/\/www.entrack.no\/en\/wp-json\/wp\/v2\/pages\/64066\/revisions"}],"predecessor-version":[{"id":65185,"href":"https:\/\/www.entrack.no\/en\/wp-json\/wp\/v2\/pages\/64066\/revisions\/65185"}],"wp:featuredmedia":[{"embeddable":true,"href":"https:\/\/www.entrack.no\/en\/wp-json\/wp\/v2\/media\/57314"}],"wp:attachment":[{"href":"https:\/\/www.entrack.no\/en\/wp-json\/wp\/v2\/media?parent=64066"}],"curies":[{"name":"wp","href":"https:\/\/api.w.org\/{rel}","templated":true}]}}