{"id":62685,"date":"2024-11-27T10:57:58","date_gmt":"2024-11-27T09:57:58","guid":{"rendered":"https:\/\/www.entrack.no\/?page_id=62685"},"modified":"2026-03-10T13:40:52","modified_gmt":"2026-03-10T12:40:52","slug":"code-of-behaviour","status":"publish","type":"page","link":"https:\/\/www.entrack.no\/en\/code-of-conduct\/","title":{"rendered":"Code of Conduct"},"content":{"rendered":"<div data-elementor-type=\"wp-page\" data-elementor-id=\"62685\" class=\"elementor elementor-62685\" data-elementor-post-type=\"page\">\n\t\t\t\t\t\t<section class=\"elementor-section elementor-top-section elementor-element elementor-element-6e99e9d elementor-section-boxed elementor-section-height-default elementor-section-height-default\" data-id=\"6e99e9d\" data-element_type=\"section\" data-e-type=\"section\">\n\t\t\t\t\t\t<div class=\"elementor-container elementor-column-gap-default\">\n\t\t\t\t\t<div class=\"elementor-column elementor-col-100 elementor-top-column elementor-element elementor-element-624e461\" data-id=\"624e461\" data-element_type=\"column\" data-e-type=\"column\">\n\t\t\t<div class=\"elementor-widget-wrap elementor-element-populated\">\n\t\t\t\t\t\t<div class=\"elementor-element elementor-element-53d19c2 elementor-widget elementor-widget-heading\" data-id=\"53d19c2\" data-element_type=\"widget\" data-e-type=\"widget\" data-widget_type=\"heading.default\">\n\t\t\t\t<div class=\"elementor-widget-container\">\n\t\t\t\t\t<h1 class=\"elementor-heading-title elementor-size-default\">REQUIREMENTS FOR ETHICS AND SOCIAL RESPONSIBILITY\nCODE OF CONDUCT FOR SUPPLIERS<\/h1>\t\t\t\t<\/div>\n\t\t\t\t<\/div>\n\t\t\t\t<div class=\"elementor-element elementor-element-90a2e85 elementor-widget elementor-widget-image\" data-id=\"90a2e85\" data-element_type=\"widget\" data-e-type=\"widget\" data-widget_type=\"image.default\">\n\t\t\t\t<div class=\"elementor-widget-container\">\n\t\t\t\t\t\t\t\t\t\t\t\t\t\t\t<img fetchpriority=\"high\" decoding=\"async\" width=\"800\" height=\"147\" src=\"https:\/\/www.entrack.no\/wp-content\/uploads\/2024\/11\/Skjermbilde6.jpg\" class=\"attachment-large size-large wp-image-62688\" alt=\"Form\" srcset=\"https:\/\/www.entrack.no\/wp-content\/uploads\/2024\/11\/Skjermbilde6.jpg 858w, https:\/\/www.entrack.no\/wp-content\/uploads\/2024\/11\/Skjermbilde6-300x55.jpg 300w, https:\/\/www.entrack.no\/wp-content\/uploads\/2024\/11\/Skjermbilde6-768x141.jpg 768w, https:\/\/www.entrack.no\/wp-content\/uploads\/2024\/11\/Skjermbilde6-610x112.jpg 610w, https:\/\/www.entrack.no\/wp-content\/uploads\/2024\/11\/Skjermbilde6-800x147.jpg 800w\" sizes=\"(max-width: 800px) 100vw, 800px\" \/>\t\t\t\t\t\t\t\t\t\t\t\t\t\t\t<\/div>\n\t\t\t\t<\/div>\n\t\t\t\t\t<\/div>\n\t\t<\/div>\n\t\t\t\t\t<\/div>\n\t\t<\/section>\n\t\t\t\t<section class=\"elementor-section elementor-top-section elementor-element elementor-element-c8c030c elementor-section-boxed elementor-section-height-default elementor-section-height-default\" data-id=\"c8c030c\" data-element_type=\"section\" data-e-type=\"section\">\n\t\t\t\t\t\t<div class=\"elementor-container elementor-column-gap-default\">\n\t\t\t\t\t<div class=\"elementor-column elementor-col-100 elementor-top-column elementor-element elementor-element-b49d170\" data-id=\"b49d170\" data-element_type=\"column\" data-e-type=\"column\">\n\t\t\t<div class=\"elementor-widget-wrap elementor-element-populated\">\n\t\t\t\t\t\t<div class=\"elementor-element elementor-element-8595645 elementor-widget elementor-widget-text-editor\" data-id=\"8595645\" data-element_type=\"widget\" data-e-type=\"widget\" data-widget_type=\"text-editor.default\">\n\t\t\t\t<div class=\"elementor-widget-container\">\n\t\t\t\t\t\t\t\t\t<p>Entrack AS wants to work with partners who share our values: trust, co-operation and responsibility,<br \/>ambitions and ethics.<br \/>This document explains what Entrack expects from its business partners, such as suppliers,<br \/>distributors, customers and retailers when it comes to ethics and social responsibility.<br \/>By signing this agreement, our suppliers will undertake to comply with applicable legislation,<br \/>and share Entrack's commitment and focus on ethics, human rights, labour rights, the environment and<br \/>anti-corruption.<\/p><p><strong>Ethics<\/strong><br \/>Entrack distances itself from corruption, discrimination, abuse of position, illegal business behaviour<br \/>and other actions in violation of law or good business practice. We also expect our suppliers to<br \/>complies with this throughout its operations.<br \/>Employees of Entrack are subject to a code of conduct that states that gifts or benefits of a personal nature<br \/>not be accepted from suppliers or others that may affect business relationships with Entrack.<br \/>Representation shall be in accordance with normal practice and shall not be of such a nature that it may influence a<br \/>decision-making process or damage reputation. Employees of Entrack may not participate in decisions where their impartiality<br \/>may be called into question. Entrack expects our suppliers to respect and contribute to compliance with this.<\/p><p><strong>Human rights<\/strong><br \/>Entrack expects its suppliers and business partners to:<br \/>1. Support and respect the protection of internationally recognised human rights.<br \/>2. Ensure that you are not complicit in human rights abuses.<br \/>3. Ensure compliance with policies and procedures in own operations and further in the supply chain.<\/p><p><strong>Discrimination and equality<\/strong><br \/>Entrack expects its suppliers and business partners to:<br \/>1. Treat people with respect and integrity.<br \/>2. Work actively to avoid direct or indirect discrimination based on gender, pregnancy,<br \/>maternity or adoption leave, caring responsibilities, ethnicity, religion, beliefs,<br \/>disability, sexual orientation, gender identity, gender expression and age.<br \/>3. Show zero tolerance for any form of harassment and act actively if such is observed.<\/p><p><strong>Privacy and data security<\/strong><br \/>Entrack expects its suppliers and business partners to:<br \/>1. Safeguard privacy in accordance with the Personal Data Act\/GDPR and process all confidential information<br \/>information in an ethically sound manner and at all times within the agreed framework and applicable<br \/>regulations.<br \/>2. Ensure procedures and systems are in place to safeguard privacy and business data to protect<br \/>personal data and other sensitive information against unauthorised access, modification, disclosure or<br \/>Destruction.<br \/>3. Report deviations and suspected deviations to the relevant supervisory authorities.<br \/>Entrack | Head office: Framvegen 2, 2264 Grinder, Norway<br \/>Tel: 62 94 54 40 | firmapost@entrack.no | www.entrack.no<\/p><p><strong>Employee rights<\/strong><br \/>Entrack expects its suppliers and business partners to:<br \/>1. Provide its employees with a healthy and safe working environment in accordance with applicable laws and regulations.<br \/>2. Comply with the freedom of association and the effective recognised right to collective bargaining.<br \/>3. Ensure that everyone who works for the company has wages and working conditions in line with applicable tariffs and agreements.<\/p><p><strong>Environment and climate<\/strong><br \/>Entrack expects its suppliers and business partners to:<br \/>1. Comply with all applicable environmental legislation.<br \/>2. Follows the precautionary principle regarding environmental challenges by having effective procedures to minimise<br \/>negative effects on nature and the environment throughout the value chain, promote sustainable resource use and<br \/>minimise greenhouse gas emissions.<br \/>3. Take initiatives to promote increased environmental responsibility, encouraging development and use<br \/>of environmentally friendly technology and products and services.<\/p><p><strong>Anti-corruption, money laundering and whistleblowing<\/strong><br \/>Entrack expects its suppliers and business partners to:<br \/>1. Oppose all forms of corruption, including extortion and bribery.<br \/>2. Rejects all forms of money laundering and shall establish measures to prevent the organisation's<br \/>financial transactions are used for money laundering, comply with applicable tax rules and do not contribute to<br \/>tax evasion.<br \/>3. Obligation to have routines for reporting unacceptable conditions in connection with the performance of the contract<br \/>and that the procedures are available and known. The whistleblowing procedures must be utilised by the supplier's<br \/>employees, including contractors and subcontractors. The person who reports<br \/>misconduct, shall be protected against retaliation.<\/p><p>Have there been cases of actual negative impact (risk) on any of the points above?<br \/>If yes, please state identified cases (number\/type)<\/p>\t\t\t\t\t\t\t\t<\/div>\n\t\t\t\t<\/div>\n\t\t\t\t\t<\/div>\n\t\t<\/div>\n\t\t\t\t\t<\/div>\n\t\t<\/section>\n\t\t\t\t<section class=\"elementor-section elementor-top-section elementor-element elementor-element-a23038d elementor-section-boxed elementor-section-height-default elementor-section-height-default\" data-id=\"a23038d\" data-element_type=\"section\" data-e-type=\"section\">\n\t\t\t\t\t\t<div class=\"elementor-container elementor-column-gap-default\">\n\t\t\t\t\t<div class=\"elementor-column elementor-col-100 elementor-top-column elementor-element elementor-element-07e3895\" data-id=\"07e3895\" data-element_type=\"column\" data-e-type=\"column\">\n\t\t\t<div class=\"elementor-widget-wrap elementor-element-populated\">\n\t\t\t\t\t\t<div class=\"elementor-element elementor-element-cb58ff2 elementor-widget elementor-widget-image\" data-id=\"cb58ff2\" data-element_type=\"widget\" data-e-type=\"widget\" data-widget_type=\"image.default\">\n\t\t\t\t<div class=\"elementor-widget-container\">\n\t\t\t\t\t\t\t\t\t\t\t\t\t\t\t<img decoding=\"async\" width=\"800\" height=\"284\" src=\"https:\/\/www.entrack.no\/wp-content\/uploads\/2024\/11\/Skjermbilde5-1024x363.jpg\" class=\"attachment-large size-large wp-image-62687\" alt=\"Form\" srcset=\"https:\/\/www.entrack.no\/wp-content\/uploads\/2024\/11\/Skjermbilde5-1024x363.jpg 1024w, https:\/\/www.entrack.no\/wp-content\/uploads\/2024\/11\/Skjermbilde5-300x106.jpg 300w, https:\/\/www.entrack.no\/wp-content\/uploads\/2024\/11\/Skjermbilde5-768x272.jpg 768w, https:\/\/www.entrack.no\/wp-content\/uploads\/2024\/11\/Skjermbilde5-610x216.jpg 610w, https:\/\/www.entrack.no\/wp-content\/uploads\/2024\/11\/Skjermbilde5-800x283.jpg 800w, https:\/\/www.entrack.no\/wp-content\/uploads\/2024\/11\/Skjermbilde5.jpg 1067w\" sizes=\"(max-width: 800px) 100vw, 800px\" \/>\t\t\t\t\t\t\t\t\t\t\t\t\t\t\t<\/div>\n\t\t\t\t<\/div>\n\t\t\t\t\t<\/div>\n\t\t<\/div>\n\t\t\t\t\t<\/div>\n\t\t<\/section>\n\t\t\t\t<section class=\"elementor-section elementor-top-section elementor-element elementor-element-417fcf1 elementor-section-boxed elementor-section-height-default elementor-section-height-default\" data-id=\"417fcf1\" data-element_type=\"section\" data-e-type=\"section\">\n\t\t\t\t\t\t<div class=\"elementor-container elementor-column-gap-default\">\n\t\t\t\t\t<div class=\"elementor-column elementor-col-100 elementor-top-column elementor-element elementor-element-ebd4926\" data-id=\"ebd4926\" data-element_type=\"column\" data-e-type=\"column\">\n\t\t\t<div class=\"elementor-widget-wrap elementor-element-populated\">\n\t\t\t\t\t\t<section class=\"elementor-section elementor-inner-section elementor-element elementor-element-03c2bc5 elementor-section-boxed elementor-section-height-default elementor-section-height-default\" data-id=\"03c2bc5\" data-element_type=\"section\" data-e-type=\"section\">\n\t\t\t\t\t\t<div class=\"elementor-container elementor-column-gap-default\">\n\t\t\t\t\t<div class=\"elementor-column elementor-col-50 elementor-inner-column elementor-element elementor-element-b64d96f\" data-id=\"b64d96f\" data-element_type=\"column\" data-e-type=\"column\">\n\t\t\t<div class=\"elementor-widget-wrap elementor-element-populated\">\n\t\t\t\t\t\t<div class=\"elementor-element elementor-element-cf86044 elementor-widget elementor-widget-text-editor\" data-id=\"cf86044\" data-element_type=\"widget\" data-e-type=\"widget\" data-widget_type=\"text-editor.default\">\n\t\t\t\t<div class=\"elementor-widget-container\">\n\t\t\t\t\t\t\t\t\t<p>Code of conduct can be downloaded as a pdf here.<\/p><p><a href=\"https:\/\/www.entrack.no\/wp-content\/uploads\/2024\/11\/Code-of-Conduct-Entrack-norsk.pdf\">Code of Conduct Entrack-Norwegian<\/a><\/p><p><a href=\"https:\/\/www.entrack.no\/wp-content\/uploads\/2024\/11\/Code-of-Conduct-Entrack-eng.pdf\">Code of Conduct Entrack-eng<\/a><\/p>\t\t\t\t\t\t\t\t<\/div>\n\t\t\t\t<\/div>\n\t\t\t\t\t<\/div>\n\t\t<\/div>\n\t\t\t\t<div class=\"elementor-column elementor-col-50 elementor-inner-column elementor-element elementor-element-0f7731a\" data-id=\"0f7731a\" data-element_type=\"column\" data-e-type=\"column\">\n\t\t\t<div class=\"elementor-widget-wrap\">\n\t\t\t\t\t\t\t<\/div>\n\t\t<\/div>\n\t\t\t\t\t<\/div>\n\t\t<\/section>\n\t\t\t\t\t<\/div>\n\t\t<\/div>\n\t\t\t\t\t<\/div>\n\t\t<\/section>\n\t\t\t\t<\/div>\n\t\t<span class=\"et_bloom_bottom_trigger\"><\/span>","protected":false},"excerpt":{"rendered":"<p>KRAV TIL ETIKK OG SAMFUNNSANSVAR CODE OF CONDUCT FOR LEVERAND\u00d8RER Entrack AS vil samarbeide med partnere som har samme verdier som oss: tillit, samarbeid, ansvarlighet,ambisjoner og etikk.Dette dokumentet forklarer hva Entrack forventer av sine forretningspartnere, som leverand\u00f8rer,distribut\u00f8rer, kunder og forhandlere n\u00e5r det gjelder etikk og samfunnsansvar.V\u00e5re leverand\u00f8rer vil ved signering av denne avtalen forplikte seg [&hellip;]<\/p>\n","protected":false},"author":4,"featured_media":57314,"parent":0,"menu_order":0,"comment_status":"closed","ping_status":"closed","template":"","meta":{"_acf_changed":false,"footnotes":""},"class_list":["post-62685","page","type-page","status-publish","has-post-thumbnail","hentry"],"acf":[],"_links":{"self":[{"href":"https:\/\/www.entrack.no\/en\/wp-json\/wp\/v2\/pages\/62685","targetHints":{"allow":["GET"]}}],"collection":[{"href":"https:\/\/www.entrack.no\/en\/wp-json\/wp\/v2\/pages"}],"about":[{"href":"https:\/\/www.entrack.no\/en\/wp-json\/wp\/v2\/types\/page"}],"author":[{"embeddable":true,"href":"https:\/\/www.entrack.no\/en\/wp-json\/wp\/v2\/users\/4"}],"replies":[{"embeddable":true,"href":"https:\/\/www.entrack.no\/en\/wp-json\/wp\/v2\/comments?post=62685"}],"version-history":[{"count":6,"href":"https:\/\/www.entrack.no\/en\/wp-json\/wp\/v2\/pages\/62685\/revisions"}],"predecessor-version":[{"id":66004,"href":"https:\/\/www.entrack.no\/en\/wp-json\/wp\/v2\/pages\/62685\/revisions\/66004"}],"wp:featuredmedia":[{"embeddable":true,"href":"https:\/\/www.entrack.no\/en\/wp-json\/wp\/v2\/media\/57314"}],"wp:attachment":[{"href":"https:\/\/www.entrack.no\/en\/wp-json\/wp\/v2\/media?parent=62685"}],"curies":[{"name":"wp","href":"https:\/\/api.w.org\/{rel}","templated":true}]}}