{"id":62679,"date":"2024-11-27T09:18:44","date_gmt":"2024-11-27T08:18:44","guid":{"rendered":"https:\/\/www.entrack.no\/?page_id=62679"},"modified":"2025-12-04T14:35:20","modified_gmt":"2025-12-04T13:35:20","slug":"environment-and-sustainability","status":"publish","type":"page","link":"https:\/\/www.entrack.no\/en\/miljo-og-baerekraft\/","title":{"rendered":"Environment and sustainability"},"content":{"rendered":"<div data-elementor-type=\"wp-page\" data-elementor-id=\"62679\" class=\"elementor elementor-62679\" data-elementor-post-type=\"page\">\n\t\t\t\t\t\t<section class=\"elementor-section elementor-top-section elementor-element elementor-element-bd5dca3 elementor-section-boxed elementor-section-height-default elementor-section-height-default\" data-id=\"bd5dca3\" data-element_type=\"section\" data-e-type=\"section\">\n\t\t\t\t\t\t<div class=\"elementor-container elementor-column-gap-default\">\n\t\t\t\t\t<div class=\"elementor-column elementor-col-100 elementor-top-column elementor-element elementor-element-8f34311\" data-id=\"8f34311\" data-element_type=\"column\" data-e-type=\"column\">\n\t\t\t<div class=\"elementor-widget-wrap elementor-element-populated\">\n\t\t\t\t\t\t<div class=\"elementor-element elementor-element-0225f7f elementor-widget elementor-widget-heading\" data-id=\"0225f7f\" data-element_type=\"widget\" data-e-type=\"widget\" data-widget_type=\"heading.default\">\n\t\t\t\t<div class=\"elementor-widget-container\">\n\t\t\t\t\t<h1 class=\"elementor-heading-title elementor-size-default\">Environment and sustainability<\/h1>\t\t\t\t<\/div>\n\t\t\t\t<\/div>\n\t\t\t\t<section class=\"elementor-section elementor-inner-section elementor-element elementor-element-f35ae24 elementor-section-boxed elementor-section-height-default elementor-section-height-default\" data-id=\"f35ae24\" data-element_type=\"section\" data-e-type=\"section\">\n\t\t\t\t\t\t<div class=\"elementor-container elementor-column-gap-default\">\n\t\t\t\t\t<div class=\"elementor-column elementor-col-50 elementor-inner-column elementor-element elementor-element-f1a608b\" data-id=\"f1a608b\" data-element_type=\"column\" data-e-type=\"column\">\n\t\t\t<div class=\"elementor-widget-wrap elementor-element-populated\">\n\t\t\t\t\t\t<div class=\"elementor-element elementor-element-628c997 elementor-widget elementor-widget-text-editor\" data-id=\"628c997\" data-element_type=\"widget\" data-e-type=\"widget\" data-widget_type=\"text-editor.default\">\n\t\t\t\t<div class=\"elementor-widget-container\">\n\t\t\t\t\t\t\t\t\t<p>We at Entrack are committed to the environment and sustainability, and are a proud Eco-Lighthouse certified company. Below you can read more about our environmental policy, sustainable initiatives, return schemes and commitments to a greener future.<\/p>\n<ul>\n<li><a href=\"https:\/\/www.entrack.no\/en\/eco-guy\/\">Environmental lighthouse<\/a><\/li>\n<li><a href=\"https:\/\/www.entrack.no\/en\/environmental-policy\/\">Environmental policy<\/a><\/li>\n<li><a href=\"https:\/\/www.entrack.no\/en\/apenhetsloven\/\">The Transparency Act<\/a><\/li>\n<li><a href=\"https:\/\/www.entrack.no\/en\/code-of-behaviour\/\">Code of conduct<\/a><\/li>\n<li><a href=\"https:\/\/www.entrack.no\/en\/return-schemes\/\" target=\"_blank\" rel=\"noopener\">Return schemes<\/a><\/li>\n<\/ul>\t\t\t\t\t\t\t\t<\/div>\n\t\t\t\t<\/div>\n\t\t\t\t\t<\/div>\n\t\t<\/div>\n\t\t\t\t<div class=\"elementor-column elementor-col-50 elementor-inner-column elementor-element elementor-element-5a71b18\" data-id=\"5a71b18\" data-element_type=\"column\" data-e-type=\"column\">\n\t\t\t<div class=\"elementor-widget-wrap elementor-element-populated\">\n\t\t\t\t\t\t<div class=\"elementor-element elementor-element-09d8962 elementor-widget elementor-widget-image\" data-id=\"09d8962\" data-element_type=\"widget\" data-e-type=\"widget\" data-widget_type=\"image.default\">\n\t\t\t\t<div class=\"elementor-widget-container\">\n\t\t\t\t\t\t\t\t\t\t\t\t\t\t\t<img fetchpriority=\"high\" decoding=\"async\" width=\"800\" height=\"600\" src=\"https:\/\/www.entrack.no\/wp-content\/uploads\/2023\/09\/Kramer-1445e-5.jpg\" class=\"attachment-large size-large wp-image-60422\" alt=\"Kramer 1445e at work\" srcset=\"https:\/\/www.entrack.no\/wp-content\/uploads\/2023\/09\/Kramer-1445e-5.jpg 800w, https:\/\/www.entrack.no\/wp-content\/uploads\/2023\/09\/Kramer-1445e-5-300x225.jpg 300w, https:\/\/www.entrack.no\/wp-content\/uploads\/2023\/09\/Kramer-1445e-5-768x576.jpg 768w, https:\/\/www.entrack.no\/wp-content\/uploads\/2023\/09\/Kramer-1445e-5-610x458.jpg 610w, https:\/\/www.entrack.no\/wp-content\/uploads\/2023\/09\/Kramer-1445e-5-600x450.jpg 600w\" sizes=\"(max-width: 800px) 100vw, 800px\" \/>\t\t\t\t\t\t\t\t\t\t\t\t\t\t\t<\/div>\n\t\t\t\t<\/div>\n\t\t\t\t\t<\/div>\n\t\t<\/div>\n\t\t\t\t\t<\/div>\n\t\t<\/section>\n\t\t\t\t\t<\/div>\n\t\t<\/div>\n\t\t\t\t\t<\/div>\n\t\t<\/section>\n\t\t\t\t<section class=\"elementor-section elementor-top-section elementor-element elementor-element-695e41a elementor-section-boxed elementor-section-height-default elementor-section-height-default\" data-id=\"695e41a\" data-element_type=\"section\" data-e-type=\"section\">\n\t\t\t\t\t\t<div class=\"elementor-container elementor-column-gap-default\">\n\t\t\t\t\t<div class=\"elementor-column elementor-col-25 elementor-top-column elementor-element elementor-element-1d2e4c5\" data-id=\"1d2e4c5\" data-element_type=\"column\" data-e-type=\"column\">\n\t\t\t<div class=\"elementor-widget-wrap elementor-element-populated\">\n\t\t\t\t\t\t<div class=\"elementor-element elementor-element-003b160 elementor-widget elementor-widget-image\" data-id=\"003b160\" data-element_type=\"widget\" data-e-type=\"widget\" data-widget_type=\"image.default\">\n\t\t\t\t<div class=\"elementor-widget-container\">\n\t\t\t\t\t\t\t\t\t\t\t\t\t\t\t<img decoding=\"async\" width=\"167\" height=\"142\" src=\"https:\/\/www.entrack.no\/wp-content\/uploads\/2023\/05\/wp-wp-content_uploads_2017_06_Miljfyrtarn-norsk-farger.jpg\" class=\"attachment-large size-large wp-image-62734\" alt=\"Eco-Lighthouse logo\" \/>\t\t\t\t\t\t\t\t\t\t\t\t\t\t\t<\/div>\n\t\t\t\t<\/div>\n\t\t\t\t\t<\/div>\n\t\t<\/div>\n\t\t\t\t<div class=\"elementor-column elementor-col-25 elementor-top-column elementor-element elementor-element-dedd8c4\" data-id=\"dedd8c4\" data-element_type=\"column\" data-e-type=\"column\">\n\t\t\t<div class=\"elementor-widget-wrap\">\n\t\t\t\t\t\t\t<\/div>\n\t\t<\/div>\n\t\t\t\t<div class=\"elementor-column elementor-col-25 elementor-top-column elementor-element elementor-element-970878e\" data-id=\"970878e\" data-element_type=\"column\" data-e-type=\"column\">\n\t\t\t<div class=\"elementor-widget-wrap\">\n\t\t\t\t\t\t\t<\/div>\n\t\t<\/div>\n\t\t\t\t<div class=\"elementor-column elementor-col-25 elementor-top-column elementor-element elementor-element-f8f4993\" data-id=\"f8f4993\" data-element_type=\"column\" data-e-type=\"column\">\n\t\t\t<div class=\"elementor-widget-wrap\">\n\t\t\t\t\t\t\t<\/div>\n\t\t<\/div>\n\t\t\t\t\t<\/div>\n\t\t<\/section>\n\t\t\t\t<\/div>\n\t\t<span class=\"et_bloom_bottom_trigger\"><\/span>","protected":false},"excerpt":{"rendered":"<p>Milj\u00f8 og b\u00e6rekraft Vi i Entrack er opptatt av milj\u00f8 og b\u00e6rekraft, og er stolt Milj\u00f8fyrt\u00e5rn-sertifisert bedrift. Nedenfor kan du lese mer om v\u00e5r milj\u00f8policy, b\u00e6rekraftige tiltak, returordninger og forpliktelser for en gr\u00f8nnere fremtid. Milj\u00f8fyrt\u00e5rn Milj\u00f8policy \u00c5penhetsloven Code of conduct Returordninger<\/p>","protected":false},"author":4,"featured_media":60422,"parent":0,"menu_order":0,"comment_status":"closed","ping_status":"closed","template":"","meta":{"_acf_changed":false,"footnotes":""},"class_list":["post-62679","page","type-page","status-publish","has-post-thumbnail","hentry"],"acf":[],"_links":{"self":[{"href":"https:\/\/www.entrack.no\/en\/wp-json\/wp\/v2\/pages\/62679","targetHints":{"allow":["GET"]}}],"collection":[{"href":"https:\/\/www.entrack.no\/en\/wp-json\/wp\/v2\/pages"}],"about":[{"href":"https:\/\/www.entrack.no\/en\/wp-json\/wp\/v2\/types\/page"}],"author":[{"embeddable":true,"href":"https:\/\/www.entrack.no\/en\/wp-json\/wp\/v2\/users\/4"}],"replies":[{"embeddable":true,"href":"https:\/\/www.entrack.no\/en\/wp-json\/wp\/v2\/comments?post=62679"}],"version-history":[{"count":5,"href":"https:\/\/www.entrack.no\/en\/wp-json\/wp\/v2\/pages\/62679\/revisions"}],"predecessor-version":[{"id":65536,"href":"https:\/\/www.entrack.no\/en\/wp-json\/wp\/v2\/pages\/62679\/revisions\/65536"}],"wp:featuredmedia":[{"embeddable":true,"href":"https:\/\/www.entrack.no\/en\/wp-json\/wp\/v2\/media\/60422"}],"wp:attachment":[{"href":"https:\/\/www.entrack.no\/en\/wp-json\/wp\/v2\/media?parent=62679"}],"curies":[{"name":"wp","href":"https:\/\/api.w.org\/{rel}","templated":true}]}}