{"id":62478,"date":"2024-12-12T13:42:54","date_gmt":"2024-12-12T12:42:54","guid":{"rendered":"https:\/\/www.entrack.no\/?page_id=62478"},"modified":"2026-01-06T09:06:01","modified_gmt":"2026-01-06T08:06:01","slug":"eco-guy","status":"publish","type":"page","link":"https:\/\/www.entrack.no\/en\/miljofyrtarn\/","title":{"rendered":"Environmental lighthouse"},"content":{"rendered":"<div data-elementor-type=\"wp-page\" data-elementor-id=\"62478\" class=\"elementor elementor-62478\" data-elementor-post-type=\"page\">\n\t\t\t\t\t\t<section class=\"elementor-section elementor-top-section elementor-element elementor-element-d655734 elementor-section-boxed elementor-section-height-default elementor-section-height-default\" data-id=\"d655734\" data-element_type=\"section\" data-e-type=\"section\">\n\t\t\t\t\t\t<div class=\"elementor-container elementor-column-gap-default\">\n\t\t\t\t\t<div class=\"elementor-column elementor-col-100 elementor-top-column elementor-element elementor-element-5077b52\" data-id=\"5077b52\" data-element_type=\"column\" data-e-type=\"column\">\n\t\t\t<div class=\"elementor-widget-wrap elementor-element-populated\">\n\t\t\t\t\t\t<div class=\"elementor-element elementor-element-5c454c4 elementor-widget elementor-widget-image\" data-id=\"5c454c4\" data-element_type=\"widget\" data-e-type=\"widget\" data-widget_type=\"image.default\">\n\t\t\t\t<div class=\"elementor-widget-container\">\n\t\t\t\t\t\t\t\t\t\t\t\t\t\t\t<img fetchpriority=\"high\" decoding=\"async\" width=\"768\" height=\"277\" src=\"https:\/\/www.entrack.no\/wp-content\/uploads\/2025\/06\/miljofyrtarn-sertifisert-virksomhet-horisontal-RGB-768x277.png\" class=\"attachment-medium_large size-medium_large wp-image-64418\" alt=\"Brand: Eco-Lighthouse, certified organisation\" srcset=\"https:\/\/www.entrack.no\/wp-content\/uploads\/2025\/06\/miljofyrtarn-sertifisert-virksomhet-horisontal-RGB-768x277.png 768w, https:\/\/www.entrack.no\/wp-content\/uploads\/2025\/06\/miljofyrtarn-sertifisert-virksomhet-horisontal-RGB-300x108.png 300w, https:\/\/www.entrack.no\/wp-content\/uploads\/2025\/06\/miljofyrtarn-sertifisert-virksomhet-horisontal-RGB-1024x369.png 1024w, https:\/\/www.entrack.no\/wp-content\/uploads\/2025\/06\/miljofyrtarn-sertifisert-virksomhet-horisontal-RGB-1536x554.png 1536w, https:\/\/www.entrack.no\/wp-content\/uploads\/2025\/06\/miljofyrtarn-sertifisert-virksomhet-horisontal-RGB-2048x739.png 2048w, https:\/\/www.entrack.no\/wp-content\/uploads\/2025\/06\/miljofyrtarn-sertifisert-virksomhet-horisontal-RGB-610x220.png 610w, https:\/\/www.entrack.no\/wp-content\/uploads\/2025\/06\/miljofyrtarn-sertifisert-virksomhet-horisontal-RGB-800x289.png 800w\" sizes=\"(max-width: 768px) 100vw, 768px\" \/>\t\t\t\t\t\t\t\t\t\t\t\t\t\t\t<\/div>\n\t\t\t\t<\/div>\n\t\t\t\t\t<\/div>\n\t\t<\/div>\n\t\t\t\t\t<\/div>\n\t\t<\/section>\n\t\t\t\t<section class=\"elementor-section elementor-top-section elementor-element elementor-element-726198b elementor-section-boxed elementor-section-height-default elementor-section-height-default\" data-id=\"726198b\" data-element_type=\"section\" data-e-type=\"section\">\n\t\t\t\t\t\t<div class=\"elementor-container elementor-column-gap-default\">\n\t\t\t\t\t<div class=\"elementor-column elementor-col-100 elementor-top-column elementor-element elementor-element-6908976\" data-id=\"6908976\" data-element_type=\"column\" data-e-type=\"column\">\n\t\t\t<div class=\"elementor-widget-wrap elementor-element-populated\">\n\t\t\t\t\t\t<div class=\"elementor-element elementor-element-9afb112 elementor-widget elementor-widget-text-editor\" data-id=\"9afb112\" data-element_type=\"widget\" data-e-type=\"widget\" data-widget_type=\"text-editor.default\">\n\t\t\t\t<div class=\"elementor-widget-container\">\n\t\t\t\t\t\t\t\t\t<h1><strong>Entrack wants input on climate and environmental work<\/strong><\/h1><p>Entrack aims to contribute to a more sustainable society and therefore takes responsibility for our environmental impact. An important part of this work is to be Eco-Lighthouse certified. This means that we have established a <em>environmental management system <\/em>which governs our climate and environmental work and helps us with continuous improvement. The certification also contains specific requirements that must be met within <em>working environment, waste\/recycling, energy, procurement and transport<\/em>. Every year, we report figures for our activities that result in a climate account, as well as results and statistics. This information provides a good overview of progress and potential for improvement, and is made publicly available.<\/p><p><strong>\u00a0<\/strong><\/p><p><strong>Part of the Eco-Lighthouse certification is about the interaction between business and society.  Therefore, customers, partners and other stakeholders are invited to provide input on how the climate and environmental impact of our goods\/services can be improved. The input gives us useful insight into what needs and expectations you have for Entrack in the years ahead.<\/strong><\/p><p><strong>Plans for climate and environmental work<\/strong><\/p><p>Overall, it is the policy(s) for climate, environment and working environment that guide the work:<\/p><p>Entrack is one of Norway's largest suppliers of machinery, parts and equipment to the construction industry. Our business shall be characterised by systematic environmental work, with the aim of minimising the impact on the external environment.<\/p><p>We contribute sustainably by:<\/p><ul><li>Meeting the demands of governments, customers, employees and other stakeholders<\/li><li>Make demands on and influence our suppliers with regard to their environmental impact<\/li><li>Work to reduce emissions in all departments by focusing on energy and environmental efficiency<\/li><li>Further develop the reuse department to make used parts more accessible<\/li><li>Increase expertise and raise awareness of environmental work among all employees and motivate everyone to perform their tasks in an environmentally responsible manner<\/li><li>Show transparency, inform about the company's environmental work and be sensitive to changes in the outside world<\/li><\/ul><p>The environmental policy is followed up with specific targets:<\/p><ul><li>Avoid damage to people, the environment and financial assets.<\/li><li>Avoid orders from authorities<\/li><li>We will have 0% work-related sick leave<\/li><li>We will have a maximum of 5% sick leave<\/li><li>Employees should feel confident in their work tasks<\/li><li>Employees should feel that they can fulfil their work tasks<\/li><li>Employees should feel that they receive sufficient feedback on the work they do.<\/li><\/ul><p>To achieve the goals, the following measures will be implemented:<\/p><ul><li>Ensure that we have good internal systems and introduce regular reporting<\/li><li>Begin work on sustainability reporting<\/li><li>Send supplier enquiries and requirements to our suppliers to ensure that we choose suppliers that operate sustainably and well in accordance with the Transparency Act<\/li><li>Update the risk picture and, if necessary, implement risk-reducing measures<\/li><li>Conduct an annual performance review<\/li><li>Carry out annual safety inspections<\/li><li>Implement new requirements in data protection legislation<\/li><\/ul><p><strong>Do you have suggestions on how the climate and environmental impact of goods\/services can be improved at Entrack?<\/strong><\/p><p>Send suggestions to firmapost@entrack.no<\/p><p>We look forward to working together to create a more sustainable society,<\/p><p>Sincerely yours<\/p><p>Michael H\u00e4llstr\u00f6m<\/p><p>General manager<\/p>\t\t\t\t\t\t\t\t<\/div>\n\t\t\t\t<\/div>\n\t\t\t\t\t<\/div>\n\t\t<\/div>\n\t\t\t\t\t<\/div>\n\t\t<\/section>\n\t\t\t\t<section class=\"elementor-section elementor-top-section elementor-element elementor-element-047fb83 elementor-section-boxed elementor-section-height-default elementor-section-height-default\" data-id=\"047fb83\" data-element_type=\"section\" data-e-type=\"section\">\n\t\t\t\t\t\t<div class=\"elementor-container elementor-column-gap-default\">\n\t\t\t\t\t<div class=\"elementor-column elementor-col-100 elementor-top-column elementor-element elementor-element-e0255ef\" data-id=\"e0255ef\" data-element_type=\"column\" data-e-type=\"column\">\n\t\t\t<div class=\"elementor-widget-wrap elementor-element-populated\">\n\t\t\t\t\t\t<div class=\"elementor-element elementor-element-e7c1d81 elementor-widget elementor-widget-image\" data-id=\"e7c1d81\" data-element_type=\"widget\" data-e-type=\"widget\" data-widget_type=\"image.default\">\n\t\t\t\t<div class=\"elementor-widget-container\">\n\t\t\t\t\t\t\t\t\t\t\t\t\t\t\t<img decoding=\"async\" width=\"800\" height=\"176\" src=\"https:\/\/www.entrack.no\/wp-content\/uploads\/2024\/09\/miljobunn-1024x225.jpg\" class=\"attachment-large size-large wp-image-62481\" alt=\"\" srcset=\"https:\/\/www.entrack.no\/wp-content\/uploads\/2024\/09\/miljobunn-1024x225.jpg 1024w, https:\/\/www.entrack.no\/wp-content\/uploads\/2024\/09\/miljobunn-300x66.jpg 300w, https:\/\/www.entrack.no\/wp-content\/uploads\/2024\/09\/miljobunn-768x169.jpg 768w, https:\/\/www.entrack.no\/wp-content\/uploads\/2024\/09\/miljobunn-1536x338.jpg 1536w, https:\/\/www.entrack.no\/wp-content\/uploads\/2024\/09\/miljobunn-2048x451.jpg 2048w, https:\/\/www.entrack.no\/wp-content\/uploads\/2024\/09\/miljobunn-610x134.jpg 610w, https:\/\/www.entrack.no\/wp-content\/uploads\/2024\/09\/miljobunn-800x176.jpg 800w\" sizes=\"(max-width: 800px) 100vw, 800px\" \/>\t\t\t\t\t\t\t\t\t\t\t\t\t\t\t<\/div>\n\t\t\t\t<\/div>\n\t\t\t\t\t<\/div>\n\t\t<\/div>\n\t\t\t\t\t<\/div>\n\t\t<\/section>\n\t\t\t\t<section class=\"elementor-section elementor-top-section elementor-element elementor-element-4b9e1c2 elementor-section-boxed elementor-section-height-default elementor-section-height-default\" data-id=\"4b9e1c2\" data-element_type=\"section\" data-e-type=\"section\">\n\t\t\t\t\t\t<div class=\"elementor-container elementor-column-gap-default\">\n\t\t\t\t\t<div class=\"elementor-column elementor-col-100 elementor-top-column elementor-element elementor-element-28b06ae\" data-id=\"28b06ae\" data-element_type=\"column\" data-e-type=\"column\">\n\t\t\t<div class=\"elementor-widget-wrap elementor-element-populated\">\n\t\t\t\t\t\t<div class=\"elementor-element elementor-element-674f91f elementor-widget elementor-widget-text-editor\" data-id=\"674f91f\" data-element_type=\"widget\" data-e-type=\"widget\" data-widget_type=\"text-editor.default\">\n\t\t\t\t<div class=\"elementor-widget-container\">\n\t\t\t\t\t\t\t\t\t<h5><strong><a href=\"https:\/\/www.entrack.no\/wp-content\/uploads\/2025\/11\/Utskriftsvennlig-statistikk-Entrack-AS-Miljofyrtarn2024.pdf\" target=\"_blank\" rel=\"noopener\">Environmental lighthouse report 2024<\/a><\/strong><\/h5><h6><strong>Here are our certificates<\/strong><\/h6>\t\t\t\t\t\t\t\t<\/div>\n\t\t\t\t<\/div>\n\t\t\t\t\t<\/div>\n\t\t<\/div>\n\t\t\t\t\t<\/div>\n\t\t<\/section>\n\t\t\t\t<section class=\"elementor-section elementor-top-section elementor-element elementor-element-bbffe0f elementor-section-boxed elementor-section-height-default elementor-section-height-default\" data-id=\"bbffe0f\" data-element_type=\"section\" data-e-type=\"section\">\n\t\t\t\t\t\t<div class=\"elementor-container elementor-column-gap-default\">\n\t\t\t\t\t<div class=\"elementor-column elementor-col-20 elementor-top-column elementor-element elementor-element-722aca4\" data-id=\"722aca4\" data-element_type=\"column\" data-e-type=\"column\">\n\t\t\t<div class=\"elementor-widget-wrap elementor-element-populated\">\n\t\t\t\t\t\t<div class=\"elementor-element elementor-element-8e912cf elementor-widget elementor-widget-image\" data-id=\"8e912cf\" data-element_type=\"widget\" data-e-type=\"widget\" data-widget_type=\"image.default\">\n\t\t\t\t<div class=\"elementor-widget-container\">\n\t\t\t\t\t\t\t\t\t\t\t\t\t\t\t\t<a href=\"https:\/\/www.entrack.no\/wp-content\/uploads\/2024\/12\/Sertifikat06122024-Entrack-AS.pdf\" target=\"_blank\">\n\t\t\t\t\t\t\t<img decoding=\"async\" width=\"727\" height=\"1024\" src=\"https:\/\/www.entrack.no\/wp-content\/uploads\/2025\/11\/sertifikatHoved-727x1024.jpg\" class=\"attachment-large size-large wp-image-65293\" alt=\"\" srcset=\"https:\/\/www.entrack.no\/wp-content\/uploads\/2025\/11\/sertifikatHoved-727x1024.jpg 727w, https:\/\/www.entrack.no\/wp-content\/uploads\/2025\/11\/sertifikatHoved-213x300.jpg 213w, https:\/\/www.entrack.no\/wp-content\/uploads\/2025\/11\/sertifikatHoved-610x859.jpg 610w, https:\/\/www.entrack.no\/wp-content\/uploads\/2025\/11\/sertifikatHoved.jpg 762w\" sizes=\"(max-width: 727px) 100vw, 727px\" \/>\t\t\t\t\t\t\t\t<\/a>\n\t\t\t\t\t\t\t\t\t\t\t\t\t\t\t<\/div>\n\t\t\t\t<\/div>\n\t\t\t\t\t<\/div>\n\t\t<\/div>\n\t\t\t\t<div class=\"elementor-column elementor-col-20 elementor-top-column elementor-element elementor-element-2f907c3\" data-id=\"2f907c3\" data-element_type=\"column\" data-e-type=\"column\">\n\t\t\t<div class=\"elementor-widget-wrap elementor-element-populated\">\n\t\t\t\t\t\t<div class=\"elementor-element elementor-element-4b75cb2 elementor-widget elementor-widget-image\" data-id=\"4b75cb2\" data-element_type=\"widget\" data-e-type=\"widget\" data-widget_type=\"image.default\">\n\t\t\t\t<div class=\"elementor-widget-container\">\n\t\t\t\t\t\t\t\t\t\t\t\t\t\t\t\t<a href=\"https:\/\/www.entrack.no\/wp-content\/uploads\/2025\/11\/Sertifikat07112025-Entrack-AS-Bergen.pdf\" target=\"_blank\">\n\t\t\t\t\t\t\t<img loading=\"lazy\" decoding=\"async\" width=\"722\" height=\"1024\" src=\"https:\/\/www.entrack.no\/wp-content\/uploads\/2025\/11\/sertifikatBergen-722x1024.jpg\" class=\"attachment-large size-large wp-image-65292\" alt=\"\" srcset=\"https:\/\/www.entrack.no\/wp-content\/uploads\/2025\/11\/sertifikatBergen-722x1024.jpg 722w, https:\/\/www.entrack.no\/wp-content\/uploads\/2025\/11\/sertifikatBergen-211x300.jpg 211w, https:\/\/www.entrack.no\/wp-content\/uploads\/2025\/11\/sertifikatBergen-610x866.jpg 610w, https:\/\/www.entrack.no\/wp-content\/uploads\/2025\/11\/sertifikatBergen.jpg 754w\" sizes=\"(max-width: 722px) 100vw, 722px\" \/>\t\t\t\t\t\t\t\t<\/a>\n\t\t\t\t\t\t\t\t\t\t\t\t\t\t\t<\/div>\n\t\t\t\t<\/div>\n\t\t\t\t\t<\/div>\n\t\t<\/div>\n\t\t\t\t<div class=\"elementor-column elementor-col-20 elementor-top-column elementor-element elementor-element-b6afea4\" data-id=\"b6afea4\" data-element_type=\"column\" data-e-type=\"column\">\n\t\t\t<div class=\"elementor-widget-wrap elementor-element-populated\">\n\t\t\t\t\t\t<div class=\"elementor-element elementor-element-d514b3a elementor-widget elementor-widget-image\" data-id=\"d514b3a\" data-element_type=\"widget\" data-e-type=\"widget\" data-widget_type=\"image.default\">\n\t\t\t\t<div class=\"elementor-widget-container\">\n\t\t\t\t\t\t\t\t\t\t\t\t\t\t\t\t<a href=\"https:\/\/www.entrack.no\/wp-content\/uploads\/2025\/11\/Sertifikat07112025-Entrack-AS-Lillesand.pdf\" target=\"_blank\">\n\t\t\t\t\t\t\t<img loading=\"lazy\" decoding=\"async\" width=\"729\" height=\"1024\" src=\"https:\/\/www.entrack.no\/wp-content\/uploads\/2025\/11\/sertifikatLillesand-729x1024.jpg\" class=\"attachment-large size-large wp-image-65294\" alt=\"\" srcset=\"https:\/\/www.entrack.no\/wp-content\/uploads\/2025\/11\/sertifikatLillesand-729x1024.jpg 729w, https:\/\/www.entrack.no\/wp-content\/uploads\/2025\/11\/sertifikatLillesand-214x300.jpg 214w, https:\/\/www.entrack.no\/wp-content\/uploads\/2025\/11\/sertifikatLillesand-610x857.jpg 610w, https:\/\/www.entrack.no\/wp-content\/uploads\/2025\/11\/sertifikatLillesand.jpg 762w\" sizes=\"(max-width: 729px) 100vw, 729px\" \/>\t\t\t\t\t\t\t\t<\/a>\n\t\t\t\t\t\t\t\t\t\t\t\t\t\t\t<\/div>\n\t\t\t\t<\/div>\n\t\t\t\t\t<\/div>\n\t\t<\/div>\n\t\t\t\t<div class=\"elementor-column elementor-col-20 elementor-top-column elementor-element elementor-element-5b70a9e\" data-id=\"5b70a9e\" data-element_type=\"column\" data-e-type=\"column\">\n\t\t\t<div class=\"elementor-widget-wrap elementor-element-populated\">\n\t\t\t\t\t\t<div class=\"elementor-element elementor-element-2412e37 elementor-widget elementor-widget-image\" data-id=\"2412e37\" data-element_type=\"widget\" data-e-type=\"widget\" data-widget_type=\"image.default\">\n\t\t\t\t<div class=\"elementor-widget-container\">\n\t\t\t\t\t\t\t\t\t\t\t\t\t\t\t\t<a href=\"https:\/\/www.entrack.no\/wp-content\/uploads\/2025\/11\/Sertifikat07112025-Entrack-AS-Moss.pdf\" target=\"_blank\">\n\t\t\t\t\t\t\t<img loading=\"lazy\" decoding=\"async\" width=\"725\" height=\"1024\" src=\"https:\/\/www.entrack.no\/wp-content\/uploads\/2025\/11\/sertifikatMoss-725x1024.jpg\" class=\"attachment-large size-large wp-image-65295\" alt=\"\" srcset=\"https:\/\/www.entrack.no\/wp-content\/uploads\/2025\/11\/sertifikatMoss-725x1024.jpg 725w, https:\/\/www.entrack.no\/wp-content\/uploads\/2025\/11\/sertifikatMoss-212x300.jpg 212w, https:\/\/www.entrack.no\/wp-content\/uploads\/2025\/11\/sertifikatMoss-610x861.jpg 610w, https:\/\/www.entrack.no\/wp-content\/uploads\/2025\/11\/sertifikatMoss.jpg 760w\" sizes=\"(max-width: 725px) 100vw, 725px\" \/>\t\t\t\t\t\t\t\t<\/a>\n\t\t\t\t\t\t\t\t\t\t\t\t\t\t\t<\/div>\n\t\t\t\t<\/div>\n\t\t\t\t\t<\/div>\n\t\t<\/div>\n\t\t\t\t<div class=\"elementor-column elementor-col-20 elementor-top-column elementor-element elementor-element-a42c0af\" data-id=\"a42c0af\" data-element_type=\"column\" data-e-type=\"column\">\n\t\t\t<div class=\"elementor-widget-wrap elementor-element-populated\">\n\t\t\t\t\t\t<div class=\"elementor-element elementor-element-877c8ad elementor-widget elementor-widget-image\" data-id=\"877c8ad\" data-element_type=\"widget\" data-e-type=\"widget\" data-widget_type=\"image.default\">\n\t\t\t\t<div class=\"elementor-widget-container\">\n\t\t\t\t\t\t\t\t\t\t\t\t\t\t\t\t<a href=\"https:\/\/www.entrack.no\/wp-content\/uploads\/2025\/11\/Sertifikat07112025-Entrack-AS-Trondheim.pdf\" target=\"_blank\">\n\t\t\t\t\t\t\t<img loading=\"lazy\" decoding=\"async\" width=\"727\" height=\"1024\" src=\"https:\/\/www.entrack.no\/wp-content\/uploads\/2025\/11\/sertifikatTrondheim-727x1024.jpg\" class=\"attachment-large size-large wp-image-65291\" alt=\"\" srcset=\"https:\/\/www.entrack.no\/wp-content\/uploads\/2025\/11\/sertifikatTrondheim-727x1024.jpg 727w, https:\/\/www.entrack.no\/wp-content\/uploads\/2025\/11\/sertifikatTrondheim-213x300.jpg 213w, https:\/\/www.entrack.no\/wp-content\/uploads\/2025\/11\/sertifikatTrondheim-610x859.jpg 610w, https:\/\/www.entrack.no\/wp-content\/uploads\/2025\/11\/sertifikatTrondheim.jpg 762w\" sizes=\"(max-width: 727px) 100vw, 727px\" \/>\t\t\t\t\t\t\t\t<\/a>\n\t\t\t\t\t\t\t\t\t\t\t\t\t\t\t<\/div>\n\t\t\t\t<\/div>\n\t\t\t\t\t<\/div>\n\t\t<\/div>\n\t\t\t\t\t<\/div>\n\t\t<\/section>\n\t\t\t\t<\/div>\n\t\t<span class=\"et_bloom_bottom_trigger\"><\/span>","protected":false},"excerpt":{"rendered":"<p>Entrack \u00f8nsker innspill til klima- og milj\u00f8arbeidet Entrack skal bidra til et mer b\u00e6rekraftig samfunn og tar derfor ansvar for v\u00e5r milj\u00f8p\u00e5virkning. En viktig del av arbeidet er \u00e5 v\u00e6re Milj\u00f8fyrt\u00e5rn-sertifisert. Det betyr at vi har etablert et milj\u00f8ledelsessystem som styrer klima- og milj\u00f8arbeidet og hjelper oss med kontinuerlig forbedring. Sertifiseringen inneholder ogs\u00e5 konkrete krav [&hellip;]<\/p>\n","protected":false},"author":4,"featured_media":62734,"parent":0,"menu_order":0,"comment_status":"closed","ping_status":"closed","template":"","meta":{"_acf_changed":false,"footnotes":""},"class_list":["post-62478","page","type-page","status-publish","has-post-thumbnail","hentry"],"acf":[],"_links":{"self":[{"href":"https:\/\/www.entrack.no\/en\/wp-json\/wp\/v2\/pages\/62478","targetHints":{"allow":["GET"]}}],"collection":[{"href":"https:\/\/www.entrack.no\/en\/wp-json\/wp\/v2\/pages"}],"about":[{"href":"https:\/\/www.entrack.no\/en\/wp-json\/wp\/v2\/types\/page"}],"author":[{"embeddable":true,"href":"https:\/\/www.entrack.no\/en\/wp-json\/wp\/v2\/users\/4"}],"replies":[{"embeddable":true,"href":"https:\/\/www.entrack.no\/en\/wp-json\/wp\/v2\/comments?post=62478"}],"version-history":[{"count":5,"href":"https:\/\/www.entrack.no\/en\/wp-json\/wp\/v2\/pages\/62478\/revisions"}],"predecessor-version":[{"id":65299,"href":"https:\/\/www.entrack.no\/en\/wp-json\/wp\/v2\/pages\/62478\/revisions\/65299"}],"wp:featuredmedia":[{"embeddable":true,"href":"https:\/\/www.entrack.no\/en\/wp-json\/wp\/v2\/media\/62734"}],"wp:attachment":[{"href":"https:\/\/www.entrack.no\/en\/wp-json\/wp\/v2\/media?parent=62478"}],"curies":[{"name":"wp","href":"https:\/\/api.w.org\/{rel}","templated":true}]}}