{"id":62448,"date":"2024-09-23T10:48:17","date_gmt":"2024-09-23T08:48:17","guid":{"rendered":"https:\/\/www.entrack.no\/?page_id=62448"},"modified":"2024-09-23T10:51:39","modified_gmt":"2024-09-23T08:51:39","slug":"volvo-ignition","status":"publish","type":"page","link":"https:\/\/www.entrack.no\/en\/volvo-tenner\/","title":{"rendered":"Volvo teethers"},"content":{"rendered":"<div data-elementor-type=\"wp-page\" data-elementor-id=\"62448\" class=\"elementor elementor-62448\" data-elementor-post-type=\"page\">\n\t\t\t\t\t\t<section class=\"elementor-section elementor-top-section elementor-element elementor-element-843f9f5 elementor-section-boxed elementor-section-height-default elementor-section-height-default\" data-id=\"843f9f5\" data-element_type=\"section\" data-e-type=\"section\">\n\t\t\t\t\t\t<div class=\"elementor-container elementor-column-gap-default\">\n\t\t\t\t\t<div class=\"elementor-column elementor-col-100 elementor-top-column elementor-element elementor-element-06fe6cd\" data-id=\"06fe6cd\" data-element_type=\"column\" data-e-type=\"column\">\n\t\t\t<div class=\"elementor-widget-wrap elementor-element-populated\">\n\t\t\t\t\t\t<div class=\"elementor-element elementor-element-7b611ec elementor-widget elementor-widget-heading\" data-id=\"7b611ec\" data-element_type=\"widget\" data-e-type=\"widget\" data-widget_type=\"heading.default\">\n\t\t\t\t<div class=\"elementor-widget-container\">\n\t\t\t\t\t<h1 class=\"elementor-heading-title elementor-size-default\">Volvo teethers<\/h1>\t\t\t\t<\/div>\n\t\t\t\t<\/div>\n\t\t\t\t\t<\/div>\n\t\t<\/div>\n\t\t\t\t\t<\/div>\n\t\t<\/section>\n\t\t\t\t<section class=\"elementor-section elementor-top-section elementor-element elementor-element-8032e8b elementor-section-boxed elementor-section-height-default elementor-section-height-default\" data-id=\"8032e8b\" data-element_type=\"section\" data-e-type=\"section\">\n\t\t\t\t\t\t<div class=\"elementor-container elementor-column-gap-default\">\n\t\t\t\t\t<div class=\"elementor-column elementor-col-100 elementor-top-column elementor-element elementor-element-b9618a5\" data-id=\"b9618a5\" data-element_type=\"column\" data-e-type=\"column\">\n\t\t\t<div class=\"elementor-widget-wrap elementor-element-populated\">\n\t\t\t\t\t\t<div class=\"elementor-element elementor-element-48b3443 elementor-widget elementor-widget-text-editor\" data-id=\"48b3443\" data-element_type=\"widget\" data-e-type=\"widget\" data-widget_type=\"text-editor.default\">\n\t\t\t\t<div class=\"elementor-widget-container\">\n\t\t\t\t\t\t\t\t\t<p>The Volvo excavator ARX tooth is part of Volvo's excavator bucket system designed to improve efficiency and durability in demanding conditions. The ARX tooth has been developed to withstand tough working conditions such as quarries, mining and other sites with harder soil types.<\/p>\t\t\t\t\t\t\t\t<\/div>\n\t\t\t\t<\/div>\n\t\t\t\t\t<\/div>\n\t\t<\/div>\n\t\t\t\t\t<\/div>\n\t\t<\/section>\n\t\t\t\t<section class=\"elementor-section elementor-top-section elementor-element elementor-element-d22978e elementor-section-boxed elementor-section-height-default elementor-section-height-default\" data-id=\"d22978e\" data-element_type=\"section\" data-e-type=\"section\">\n\t\t\t\t\t\t<div class=\"elementor-container elementor-column-gap-default\">\n\t\t\t\t\t<div class=\"elementor-column elementor-col-50 elementor-top-column elementor-element elementor-element-1d6b3f0\" data-id=\"1d6b3f0\" data-element_type=\"column\" data-e-type=\"column\">\n\t\t\t<div class=\"elementor-widget-wrap elementor-element-populated\">\n\t\t\t\t\t\t<div class=\"elementor-element elementor-element-e450a80 elementor-widget elementor-widget-text-editor\" data-id=\"e450a80\" data-element_type=\"widget\" data-e-type=\"widget\" data-widget_type=\"text-editor.default\">\n\t\t\t\t<div class=\"elementor-widget-container\">\n\t\t\t\t\t\t\t\t\t<p>Some of the characteristics of the Volvo ARX tooth:<\/p><ol type=\"1\"><li><b>Robust design<\/b>: ARX teeth are made of durable steel, giving them high resistance to wear and a long service life, even in challenging environments.<\/li><li><b>Optimal digging angle<\/b>: These teeth are shaped to provide the optimum digging angle, which improves machine performance and reduces fuel consumption by making digging more efficient.<\/li><li><b>Easy replacement<\/b>: ARX teeth are easy to assemble and disassemble, reducing downtime and making maintenance more efficient.<\/li><li><b>Compatibility<\/b>: ARX teeth work in conjunction with the Volvo tooth system to optimise work performance.<\/li><\/ol>\t\t\t\t\t\t\t\t<\/div>\n\t\t\t\t<\/div>\n\t\t\t\t\t<\/div>\n\t\t<\/div>\n\t\t\t\t<div class=\"elementor-column elementor-col-50 elementor-top-column elementor-element elementor-element-c96fc32\" data-id=\"c96fc32\" data-element_type=\"column\" data-e-type=\"column\">\n\t\t\t<div class=\"elementor-widget-wrap elementor-element-populated\">\n\t\t\t\t\t\t<div class=\"elementor-element elementor-element-996f01c elementor-widget elementor-widget-image\" data-id=\"996f01c\" data-element_type=\"widget\" data-e-type=\"widget\" data-widget_type=\"image.default\">\n\t\t\t\t<div class=\"elementor-widget-container\">\n\t\t\t\t\t\t\t\t\t\t\t\t\t\t\t<img fetchpriority=\"high\" decoding=\"async\" width=\"800\" height=\"567\" src=\"https:\/\/www.entrack.no\/wp-content\/uploads\/2021\/11\/Volvo-drp-1024x726.jpg\" class=\"attachment-large size-large wp-image-54858\" alt=\"\" srcset=\"https:\/\/www.entrack.no\/wp-content\/uploads\/2021\/11\/Volvo-drp-1024x726.jpg 1024w, https:\/\/www.entrack.no\/wp-content\/uploads\/2021\/11\/Volvo-drp-800x567.jpg 800w, https:\/\/www.entrack.no\/wp-content\/uploads\/2021\/11\/Volvo-drp-300x213.jpg 300w, https:\/\/www.entrack.no\/wp-content\/uploads\/2021\/11\/Volvo-drp-768x545.jpg 768w, https:\/\/www.entrack.no\/wp-content\/uploads\/2021\/11\/Volvo-drp-610x433.jpg 610w, https:\/\/www.entrack.no\/wp-content\/uploads\/2021\/11\/Volvo-drp-600x426.jpg 600w, https:\/\/www.entrack.no\/wp-content\/uploads\/2021\/11\/Volvo-drp.jpg 1200w\" sizes=\"(max-width: 800px) 100vw, 800px\" \/>\t\t\t\t\t\t\t\t\t\t\t\t\t\t\t<\/div>\n\t\t\t\t<\/div>\n\t\t\t\t\t<\/div>\n\t\t<\/div>\n\t\t\t\t\t<\/div>\n\t\t<\/section>\n\t\t\t\t<section class=\"elementor-section elementor-top-section elementor-element elementor-element-be0c330 elementor-section-boxed elementor-section-height-default elementor-section-height-default\" data-id=\"be0c330\" data-element_type=\"section\" data-e-type=\"section\">\n\t\t\t\t\t\t<div class=\"elementor-container elementor-column-gap-default\">\n\t\t\t\t\t<div class=\"elementor-column elementor-col-50 elementor-top-column elementor-element elementor-element-3c6f9c0\" data-id=\"3c6f9c0\" data-element_type=\"column\" data-e-type=\"column\">\n\t\t\t<div class=\"elementor-widget-wrap elementor-element-populated\">\n\t\t\t\t\t\t<div class=\"elementor-element elementor-element-c501c46 elementor-widget elementor-widget-text-editor\" data-id=\"c501c46\" data-element_type=\"widget\" data-e-type=\"widget\" data-widget_type=\"text-editor.default\">\n\t\t\t\t<div class=\"elementor-widget-container\">\n\t\t\t\t\t\t\t\t\t<p>Entrack AS offers the following models of Volvo's tooth system for excavators:<\/p><ul><li>VO15GPE<\/li><li>VO20GPE<\/li><li>VO30AMRE<\/li><li>VO40ARXE<\/li><li>VO55ARXE<\/li><li>VO65ARXE<\/li><li>VO80ARXE<\/li><\/ul>\t\t\t\t\t\t\t\t<\/div>\n\t\t\t\t<\/div>\n\t\t\t\t\t<\/div>\n\t\t<\/div>\n\t\t\t\t<div class=\"elementor-column elementor-col-50 elementor-top-column elementor-element elementor-element-539bb0d\" data-id=\"539bb0d\" data-element_type=\"column\" data-e-type=\"column\">\n\t\t\t<div class=\"elementor-widget-wrap elementor-element-populated\">\n\t\t\t\t\t\t<div class=\"elementor-element elementor-element-4e52d94 elementor-widget elementor-widget-text-editor\" data-id=\"4e52d94\" data-element_type=\"widget\" data-e-type=\"widget\" data-widget_type=\"text-editor.default\">\n\t\t\t\t<div class=\"elementor-widget-container\">\n\t\t\t\t\t\t\t\t\t<p>And the following as teeth for Wheel loader:<\/p><ul><li>VO15AML<\/li><li>VO20AML<\/li><li>VO30AMRL<\/li><li>VO40AMRL<\/li><\/ul>\t\t\t\t\t\t\t\t<\/div>\n\t\t\t\t<\/div>\n\t\t\t\t\t<\/div>\n\t\t<\/div>\n\t\t\t\t\t<\/div>\n\t\t<\/section>\n\t\t\t\t<section class=\"elementor-section elementor-top-section elementor-element elementor-element-074299b elementor-section-boxed elementor-section-height-default elementor-section-height-default\" data-id=\"074299b\" data-element_type=\"section\" data-e-type=\"section\">\n\t\t\t\t\t\t<div class=\"elementor-container elementor-column-gap-default\">\n\t\t\t\t\t<div class=\"elementor-column elementor-col-100 elementor-top-column elementor-element elementor-element-10422c1\" data-id=\"10422c1\" data-element_type=\"column\" data-e-type=\"column\">\n\t\t\t<div class=\"elementor-widget-wrap elementor-element-populated\">\n\t\t\t\t\t\t<div class=\"elementor-element elementor-element-532db68 elementor-widget elementor-widget-text-editor\" data-id=\"532db68\" data-element_type=\"widget\" data-e-type=\"widget\" data-widget_type=\"text-editor.default\">\n\t\t\t\t<div class=\"elementor-widget-container\">\n\t\t\t\t\t\t\t\t\t<p>Of course, we also have locking systems that fit these teeth.<\/p>\t\t\t\t\t\t\t\t<\/div>\n\t\t\t\t<\/div>\n\t\t\t\t\t<\/div>\n\t\t<\/div>\n\t\t\t\t\t<\/div>\n\t\t<\/section>\n\t\t\t\t<\/div>\n\t\t<span class=\"et_bloom_bottom_trigger\"><\/span>","protected":false},"excerpt":{"rendered":"<p>Volvo tenner Volvo gravemaskin ARX-tann er en del av Volvos system for gravemaskinskuffer som er designet for \u00e5 forbedre effektivitet og slitestyrke i krevende forhold. ARX-tannen er utviklet for \u00e5 t\u00e5le t\u00f8ffe arbeidsforhold som i steinbrudd, gruvedrift og andre anlegg med hardere jordtyper. Noen av kjennetegnene til Volvo ARX-tannen: Robust design: ARX-tennene er laget av [&hellip;]<\/p>\n","protected":false},"author":1,"featured_media":54858,"parent":0,"menu_order":0,"comment_status":"closed","ping_status":"closed","template":"","meta":{"_acf_changed":false,"footnotes":""},"class_list":["post-62448","page","type-page","status-publish","has-post-thumbnail","hentry"],"acf":[],"_links":{"self":[{"href":"https:\/\/www.entrack.no\/en\/wp-json\/wp\/v2\/pages\/62448","targetHints":{"allow":["GET"]}}],"collection":[{"href":"https:\/\/www.entrack.no\/en\/wp-json\/wp\/v2\/pages"}],"about":[{"href":"https:\/\/www.entrack.no\/en\/wp-json\/wp\/v2\/types\/page"}],"author":[{"embeddable":true,"href":"https:\/\/www.entrack.no\/en\/wp-json\/wp\/v2\/users\/1"}],"replies":[{"embeddable":true,"href":"https:\/\/www.entrack.no\/en\/wp-json\/wp\/v2\/comments?post=62448"}],"version-history":[{"count":4,"href":"https:\/\/www.entrack.no\/en\/wp-json\/wp\/v2\/pages\/62448\/revisions"}],"predecessor-version":[{"id":62452,"href":"https:\/\/www.entrack.no\/en\/wp-json\/wp\/v2\/pages\/62448\/revisions\/62452"}],"wp:featuredmedia":[{"embeddable":true,"href":"https:\/\/www.entrack.no\/en\/wp-json\/wp\/v2\/media\/54858"}],"wp:attachment":[{"href":"https:\/\/www.entrack.no\/en\/wp-json\/wp\/v2\/media?parent=62448"}],"curies":[{"name":"wp","href":"https:\/\/api.w.org\/{rel}","templated":true}]}}