{"id":61865,"date":"2024-06-11T10:24:56","date_gmt":"2024-06-11T08:24:56","guid":{"rendered":"https:\/\/www.entrack.no\/?page_id=61865"},"modified":"2025-11-26T09:56:18","modified_gmt":"2025-11-26T08:56:18","slug":"repair-parts-itr","status":"publish","type":"page","link":"https:\/\/www.entrack.no\/en\/reparasjonsdeler-itr\/","title":{"rendered":"Repair parts ITR"},"content":{"rendered":"<div data-elementor-type=\"wp-page\" data-elementor-id=\"61865\" class=\"elementor elementor-61865\" data-elementor-post-type=\"page\">\n\t\t\t\t\t\t<section class=\"elementor-section elementor-top-section elementor-element elementor-element-ee3d4e8 elementor-section-boxed elementor-section-height-default elementor-section-height-default\" data-id=\"ee3d4e8\" data-element_type=\"section\" data-e-type=\"section\">\n\t\t\t\t\t\t<div class=\"elementor-container elementor-column-gap-default\">\n\t\t\t\t\t<div class=\"elementor-column elementor-col-100 elementor-top-column elementor-element elementor-element-2a899af\" data-id=\"2a899af\" data-element_type=\"column\" data-e-type=\"column\">\n\t\t\t<div class=\"elementor-widget-wrap elementor-element-populated\">\n\t\t\t\t\t\t<div class=\"elementor-element elementor-element-5e177cc elementor-widget elementor-widget-image\" data-id=\"5e177cc\" data-element_type=\"widget\" data-e-type=\"widget\" data-widget_type=\"image.default\">\n\t\t\t\t<div class=\"elementor-widget-container\">\n\t\t\t\t\t\t\t\t\t\t\t\t\t\t\t<img fetchpriority=\"high\" decoding=\"async\" width=\"1920\" height=\"1080\" src=\"https:\/\/www.entrack.no\/wp-content\/uploads\/2024\/06\/ITR-USCO-parti-ricambio-escavatori-macchine-lavoro.jpg\" class=\"attachment-full size-full wp-image-61866\" alt=\"Close-up of advisors, spare parts from ITR\" srcset=\"https:\/\/www.entrack.no\/wp-content\/uploads\/2024\/06\/ITR-USCO-parti-ricambio-escavatori-macchine-lavoro.jpg 1920w, https:\/\/www.entrack.no\/wp-content\/uploads\/2024\/06\/ITR-USCO-parti-ricambio-escavatori-macchine-lavoro-300x169.jpg 300w, https:\/\/www.entrack.no\/wp-content\/uploads\/2024\/06\/ITR-USCO-parti-ricambio-escavatori-macchine-lavoro-1024x576.jpg 1024w, https:\/\/www.entrack.no\/wp-content\/uploads\/2024\/06\/ITR-USCO-parti-ricambio-escavatori-macchine-lavoro-768x432.jpg 768w, https:\/\/www.entrack.no\/wp-content\/uploads\/2024\/06\/ITR-USCO-parti-ricambio-escavatori-macchine-lavoro-1536x864.jpg 1536w, https:\/\/www.entrack.no\/wp-content\/uploads\/2024\/06\/ITR-USCO-parti-ricambio-escavatori-macchine-lavoro-610x343.jpg 610w, https:\/\/www.entrack.no\/wp-content\/uploads\/2024\/06\/ITR-USCO-parti-ricambio-escavatori-macchine-lavoro-800x450.jpg 800w\" sizes=\"(max-width: 1920px) 100vw, 1920px\" \/>\t\t\t\t\t\t\t\t\t\t\t\t\t\t\t<\/div>\n\t\t\t\t<\/div>\n\t\t\t\t<div class=\"elementor-element elementor-element-5efcc83 elementor-widget elementor-widget-heading\" data-id=\"5efcc83\" data-element_type=\"widget\" data-e-type=\"widget\" data-widget_type=\"heading.default\">\n\t\t\t\t<div class=\"elementor-widget-container\">\n\t\t\t\t\t<h1 class=\"elementor-heading-title elementor-size-default\">Repair parts from ITR<\/h1>\t\t\t\t<\/div>\n\t\t\t\t<\/div>\n\t\t\t\t<div class=\"elementor-element elementor-element-ba3a691 tekst elementor-widget elementor-widget-text-editor\" data-id=\"ba3a691\" data-element_type=\"widget\" data-e-type=\"widget\" data-widget_type=\"text-editor.default\">\n\t\t\t\t<div class=\"elementor-widget-container\">\n\t\t\t\t\t\t\t\t\t<p>We supply a wide range of high-quality spare parts for the construction machinery, heavy transport and railway industries. Our range includes frame components, transmission parts, engine parts, cooling system parts, hydraulic pumps and components, pneumatic system parts, air and oil filters, electrical parts and cab parts. With spare parts from ITR, you can ensure optimum performance and minimise downtime on your machines.<\/p><h2><strong>See what type of parts we can provide for your machine:<\/strong><\/h2>\t\t\t\t\t\t\t\t<\/div>\n\t\t\t\t<\/div>\n\t\t\t\t\t<\/div>\n\t\t<\/div>\n\t\t\t\t\t<\/div>\n\t\t<\/section>\n\t\t\t\t<section class=\"elementor-section elementor-top-section elementor-element elementor-element-cf6023b elementor-section-boxed elementor-section-height-default elementor-section-height-default\" data-id=\"cf6023b\" data-element_type=\"section\" data-e-type=\"section\" data-settings=\"{&quot;background_background&quot;:&quot;classic&quot;}\">\n\t\t\t\t\t\t<div class=\"elementor-container elementor-column-gap-default\">\n\t\t\t\t\t<div class=\"elementor-column elementor-col-100 elementor-top-column elementor-element elementor-element-de37492\" data-id=\"de37492\" data-element_type=\"column\" data-e-type=\"column\">\n\t\t\t<div class=\"elementor-widget-wrap elementor-element-populated\">\n\t\t\t\t\t\t<section class=\"elementor-section elementor-inner-section elementor-element elementor-element-bb363c6 elementor-section-boxed elementor-section-height-default elementor-section-height-default\" data-id=\"bb363c6\" data-element_type=\"section\" data-e-type=\"section\">\n\t\t\t\t\t\t<div class=\"elementor-container elementor-column-gap-default\">\n\t\t\t\t\t<div class=\"elementor-column elementor-col-25 elementor-inner-column elementor-element elementor-element-cfd07f5\" data-id=\"cfd07f5\" data-element_type=\"column\" data-e-type=\"column\">\n\t\t\t<div class=\"elementor-widget-wrap elementor-element-populated\">\n\t\t\t\t\t\t<div class=\"elementor-element elementor-element-b2d2796 elementor-widget elementor-widget-html\" data-id=\"b2d2796\" data-element_type=\"widget\" data-e-type=\"widget\" data-widget_type=\"html.default\">\n\t\t\t\t<div class=\"elementor-widget-container\">\n\t\t\t\t\t<div class=\"hover-box\">\n    <img decoding=\"async\" class=\"ikon\" src=\"https:\/\/www.entrack.no\/wp-content\/uploads\/2024\/06\/motor.jpg\"\/>\n    <span class=\"hover-heading\">Engine<\/span>\n    <div class=\"hover-content\">\nTop<br\/>\nTurbo<br\/>\nAir filter head<br\/>\nPiston and liner sets<br\/>\nCylinder block<br\/>\nCrankshaft<br\/>\nCamshaft<br\/>\nLubrication system<br\/>\nEngine cooling<br\/>\nFuel system<br\/>\nElectrical system<br\/>\nEngine accessories<br\/>\nDynamo<br\/>\nAC compressor<br\/>\nRadiator<br\/>\nStarter<br\/>\nOil cooler<br\/>\nPacking kit<br\/>\nOverhaul kit<br\/>\nEngine overhaul kit<br\/>\nInjector<br\/>\nNozzles<br\/>\nDiesel pump<br\/>\n\n    <\/div>\n<\/div>\n\t\t\t\t<\/div>\n\t\t\t\t<\/div>\n\t\t\t\t\t<\/div>\n\t\t<\/div>\n\t\t\t\t<div class=\"elementor-column elementor-col-25 elementor-inner-column elementor-element elementor-element-605abb7\" data-id=\"605abb7\" data-element_type=\"column\" data-e-type=\"column\">\n\t\t\t<div class=\"elementor-widget-wrap elementor-element-populated\">\n\t\t\t\t\t\t<div class=\"elementor-element elementor-element-e95af65 elementor-widget elementor-widget-html\" data-id=\"e95af65\" data-element_type=\"widget\" data-e-type=\"widget\" data-widget_type=\"html.default\">\n\t\t\t\t<div class=\"elementor-widget-container\">\n\t\t\t\t\t<div class=\"hover-box\">\n\n    <img decoding=\"async\" class=\"ikon\" src=\"https:\/\/www.entrack.no\/wp-content\/uploads\/2024\/06\/drivverk.jpg\"\/>\n    \n    <span class=\"hover-heading\">Drivetrain<\/span>\n    <div class=\"hover-content\">\nConverter<br\/>\nTransmission<br\/>\nIntermediate shafting<br\/>\nDifferential<br\/>\nControl box<br\/>\nFinal drive<br\/>\nAxles on wheeled vehicles<br\/>\nPumps<br\/>\nShafts<br\/>\nBelt drive<br\/>\nBelt harness<br\/>\nDivider belt drive<br\/>\nDriven belt drive<br\/>\nBook box<br\/>\nStub shafts<br\/>\nBrake pads<br\/>\nBrake discs<br\/>\nBrake pump<br\/>\nCalipers<br\/>\n\n\n    <\/div>\n<\/div>\n\t\t\t\t<\/div>\n\t\t\t\t<\/div>\n\t\t\t\t\t<\/div>\n\t\t<\/div>\n\t\t\t\t<div class=\"elementor-column elementor-col-25 elementor-inner-column elementor-element elementor-element-26996da\" data-id=\"26996da\" data-element_type=\"column\" data-e-type=\"column\">\n\t\t\t<div class=\"elementor-widget-wrap elementor-element-populated\">\n\t\t\t\t\t\t<div class=\"elementor-element elementor-element-892e054 elementor-widget elementor-widget-html\" data-id=\"892e054\" data-element_type=\"widget\" data-e-type=\"widget\" data-widget_type=\"html.default\">\n\t\t\t\t<div class=\"elementor-widget-container\">\n\t\t\t\t\t<div class=\"hover-box\">\n    <img decoding=\"async\" class=\"ikon\" src=\"https:\/\/www.entrack.no\/wp-content\/uploads\/2024\/06\/hydraulikk.jpg\"\/>\n    \n    <span class=\"hover-heading\">Hydraulic parts<\/span>\n    <div class=\"hover-content\">\nHydraulic cylinders<br\/>\nGear pumps<br\/>\nPiston pumps<br\/>\nVickers pumps<br\/>\nValves<br\/>\nHydraulic oil tank<br\/>\nHydraulic cooler<br\/>\nHydraulic filters<br\/>\nSlewing gear<br\/>\nSwing motor<br\/>\nSwivel<br\/>\nHydraulics centre<br\/>\nHydraulic pumps<br\/>\nMotorised belt drive<br\/>\nServo lever<br\/>\nOil cooler<br\/>\n\n\n\n    <\/div>\n<\/div>\n\t\t\t\t<\/div>\n\t\t\t\t<\/div>\n\t\t\t\t\t<\/div>\n\t\t<\/div>\n\t\t\t\t<div class=\"elementor-column elementor-col-25 elementor-inner-column elementor-element elementor-element-9d47e9b\" data-id=\"9d47e9b\" data-element_type=\"column\" data-e-type=\"column\">\n\t\t\t<div class=\"elementor-widget-wrap elementor-element-populated\">\n\t\t\t\t\t\t<div class=\"elementor-element elementor-element-64257c9 elementor-widget elementor-widget-html\" data-id=\"64257c9\" data-element_type=\"widget\" data-e-type=\"widget\" data-widget_type=\"html.default\">\n\t\t\t\t<div class=\"elementor-widget-container\">\n\t\t\t\t\t<div class=\"hover-box\">\n    <img decoding=\"async\" class=\"ikon\" src=\"https:\/\/www.entrack.no\/wp-content\/uploads\/2024\/06\/bremseutstyr.jpg\"\/>\n    \n    <span class=\"hover-heading\">Brake equipment<\/span>\n    <div class=\"hover-content\">\nBrake discs<br\/>\nBrake pads<br\/>\nAir compressors<br\/>\nPacking kit<br\/>\nBrake pump<br\/>\n\n\n\n\n    <\/div>\n<\/div>\n\t\t\t\t<\/div>\n\t\t\t\t<\/div>\n\t\t\t\t\t<\/div>\n\t\t<\/div>\n\t\t\t\t\t<\/div>\n\t\t<\/section>\n\t\t\t\t<section class=\"elementor-section elementor-inner-section elementor-element elementor-element-5f7c23e elementor-section-boxed elementor-section-height-default elementor-section-height-default\" data-id=\"5f7c23e\" data-element_type=\"section\" data-e-type=\"section\">\n\t\t\t\t\t\t<div class=\"elementor-container elementor-column-gap-default\">\n\t\t\t\t\t<div class=\"elementor-column elementor-col-25 elementor-inner-column elementor-element elementor-element-947cf2f\" data-id=\"947cf2f\" data-element_type=\"column\" data-e-type=\"column\">\n\t\t\t<div class=\"elementor-widget-wrap elementor-element-populated\">\n\t\t\t\t\t\t<div class=\"elementor-element elementor-element-a64430d elementor-widget elementor-widget-html\" data-id=\"a64430d\" data-element_type=\"widget\" data-e-type=\"widget\" data-widget_type=\"html.default\">\n\t\t\t\t<div class=\"elementor-widget-container\">\n\t\t\t\t\t<div class=\"hover-box\">\n    <img decoding=\"async\" class=\"ikon\" src=\"https:\/\/www.entrack.no\/wp-content\/uploads\/2024\/06\/ramme-karosseri.jpg\"\/>\n    \n    <span class=\"hover-heading\">Frame and bodywork<\/span>\n    <div class=\"hover-content\">\nRam<br\/>\nSlewing ring<br\/>\nSlewing gear<br\/>\nHinge<br\/>\nBodywork<br\/>\nRamming parts<br\/>\n\n\n    <\/div>\n<\/div>\n\t\t\t\t<\/div>\n\t\t\t\t<\/div>\n\t\t\t\t\t<\/div>\n\t\t<\/div>\n\t\t\t\t<div class=\"elementor-column elementor-col-25 elementor-inner-column elementor-element elementor-element-66d6201\" data-id=\"66d6201\" data-element_type=\"column\" data-e-type=\"column\">\n\t\t\t<div class=\"elementor-widget-wrap elementor-element-populated\">\n\t\t\t\t\t\t<div class=\"elementor-element elementor-element-fd35585 elementor-widget elementor-widget-html\" data-id=\"fd35585\" data-element_type=\"widget\" data-e-type=\"widget\" data-widget_type=\"html.default\">\n\t\t\t\t<div class=\"elementor-widget-container\">\n\t\t\t\t\t<div class=\"hover-box\">\n    <img decoding=\"async\" class=\"ikon\" src=\"https:\/\/www.entrack.no\/wp-content\/uploads\/2024\/06\/foringer.jpg\"\/>\n    \n    <span class=\"hover-heading\">Liners\/seals for excavator units <\/span>\n    <div class=\"hover-content\">\nPins and liners<br\/>\nStick, boom and drawer<br\/>\nMetering blade<br\/>\nWheel loaders bucket system<br\/>\nScrapers<br\/>\n\n\n    <\/div>\n<\/div>\n\t\t\t\t<\/div>\n\t\t\t\t<\/div>\n\t\t\t\t\t<\/div>\n\t\t<\/div>\n\t\t\t\t<div class=\"elementor-column elementor-col-25 elementor-inner-column elementor-element elementor-element-ddd03a7\" data-id=\"ddd03a7\" data-element_type=\"column\" data-e-type=\"column\">\n\t\t\t<div class=\"elementor-widget-wrap elementor-element-populated\">\n\t\t\t\t\t\t<div class=\"elementor-element elementor-element-37b0811 elementor-widget elementor-widget-html\" data-id=\"37b0811\" data-element_type=\"widget\" data-e-type=\"widget\" data-widget_type=\"html.default\">\n\t\t\t\t<div class=\"elementor-widget-container\">\n\t\t\t\t\t<div class=\"hover-box\">\n    <img decoding=\"async\" class=\"ikon\" src=\"https:\/\/www.entrack.no\/wp-content\/uploads\/2024\/06\/understell.jpg\"\/>\n    \n    <span class=\"hover-heading\">Chassis  <\/span>\n    <div class=\"hover-content\">\nBoggier<br\/>\nFront wheel<br\/>\nBelt guides<br\/>\nBottom rollers<br\/>\nComplete belts<br\/>\nSprings<br\/>\nFront wheel springs<br\/>\nOverruns<br\/>\nGuide wheel<br\/>\nSprocket<br\/>\nSprocket wheel<br\/>\nWelding collar sprocket<br\/>\nChains<br\/>\nBelt chains<br\/>\nBelt plates<br\/>\nRoller bolts<br\/>\nnut<br\/>\n2 cam belt discs<br\/>\n3 cam belt discs<br\/>\n1 comb belt discs<br\/>\n\n\n\n    <\/div>\n<\/div>\n\t\t\t\t<\/div>\n\t\t\t\t<\/div>\n\t\t\t\t\t<\/div>\n\t\t<\/div>\n\t\t\t\t<div class=\"elementor-column elementor-col-25 elementor-inner-column elementor-element elementor-element-2428b41\" data-id=\"2428b41\" data-element_type=\"column\" data-e-type=\"column\">\n\t\t\t<div class=\"elementor-widget-wrap elementor-element-populated\">\n\t\t\t\t\t\t<div class=\"elementor-element elementor-element-d8a5cc1 elementor-widget elementor-widget-html\" data-id=\"d8a5cc1\" data-element_type=\"widget\" data-e-type=\"widget\" data-widget_type=\"html.default\">\n\t\t\t\t<div class=\"elementor-widget-container\">\n\t\t\t\t\t<div class=\"hover-box\">\n    <img decoding=\"async\" class=\"ikon\" src=\"https:\/\/www.entrack.no\/wp-content\/uploads\/2024\/06\/tetninger-pakninger.jpg\"\/>\n    \n    <span class=\"hover-heading\">Seals and gaskets   <\/span>\n    <div class=\"hover-content\">\nOil seals<br\/>\nWear rings<br\/>\nDust seals<br\/>\nSea ring<br\/>\nSealing ring<br\/>\nLiquid seals<br\/>\nPaper gaskets<br\/>\nO-ring boxes<br\/>\n\n\n    <\/div>\n<\/div>\n\t\t\t\t<\/div>\n\t\t\t\t<\/div>\n\t\t\t\t\t<\/div>\n\t\t<\/div>\n\t\t\t\t\t<\/div>\n\t\t<\/section>\n\t\t\t\t<section class=\"elementor-section elementor-inner-section elementor-element elementor-element-07f29e4 elementor-section-boxed elementor-section-height-default elementor-section-height-default\" data-id=\"07f29e4\" data-element_type=\"section\" data-e-type=\"section\">\n\t\t\t\t\t\t<div class=\"elementor-container elementor-column-gap-default\">\n\t\t\t\t\t<div class=\"elementor-column elementor-col-25 elementor-inner-column elementor-element elementor-element-bbc3c8e\" data-id=\"bbc3c8e\" data-element_type=\"column\" data-e-type=\"column\">\n\t\t\t<div class=\"elementor-widget-wrap elementor-element-populated\">\n\t\t\t\t\t\t<div class=\"elementor-element elementor-element-f6652de elementor-widget elementor-widget-html\" data-id=\"f6652de\" data-element_type=\"widget\" data-e-type=\"widget\" data-widget_type=\"html.default\">\n\t\t\t\t<div class=\"elementor-widget-container\">\n\t\t\t\t\t<div class=\"hover-box\">\n    <img decoding=\"async\" class=\"ikon\" src=\"https:\/\/www.entrack.no\/wp-content\/uploads\/2024\/06\/styring.jpg\"\/>\n    \n    <span class=\"hover-heading\">Steering<\/span>\n    <div class=\"hover-content\">\nMetering pumps<br\/>\nSteering arms<br\/>\nSteering brackets<br\/>\nSteering axles<br\/>\nKing pins<br\/>\nComponents for the steering column<br\/>\nComponents for transmission control<br\/>\nMetering blade<br\/>\nDumper box<br\/>\n\n\n\n    <\/div>\n<\/div>\n\t\t\t\t<\/div>\n\t\t\t\t<\/div>\n\t\t\t\t\t<\/div>\n\t\t<\/div>\n\t\t\t\t<div class=\"elementor-column elementor-col-25 elementor-inner-column elementor-element elementor-element-874bfe3\" data-id=\"874bfe3\" data-element_type=\"column\" data-e-type=\"column\">\n\t\t\t<div class=\"elementor-widget-wrap elementor-element-populated\">\n\t\t\t\t\t\t<div class=\"elementor-element elementor-element-95cb249 elementor-widget elementor-widget-html\" data-id=\"95cb249\" data-element_type=\"widget\" data-e-type=\"widget\" data-widget_type=\"html.default\">\n\t\t\t\t<div class=\"elementor-widget-container\">\n\t\t\t\t\t<div class=\"hover-box\">\n    <img decoding=\"async\" class=\"ikon\" src=\"https:\/\/www.entrack.no\/wp-content\/uploads\/2024\/06\/hytte.jpg\"\/>\n    \n    <span class=\"hover-heading\">Cabin<\/span>\n    <div class=\"hover-content\">\nCabin<br\/>\nControl Panel<br\/>\nDoors and windows<br\/>\nCovers<br\/>\nSafety lever<br\/>\nSafety switch<br\/>\nLighting<br\/>\nSafety and security<br\/>\n\n\n\n    <\/div>\n<\/div>\n\t\t\t\t<\/div>\n\t\t\t\t<\/div>\n\t\t\t\t\t<\/div>\n\t\t<\/div>\n\t\t\t\t<div class=\"elementor-column elementor-col-25 elementor-inner-column elementor-element elementor-element-d0818de\" data-id=\"d0818de\" data-element_type=\"column\" data-e-type=\"column\">\n\t\t\t<div class=\"elementor-widget-wrap elementor-element-populated\">\n\t\t\t\t\t\t<div class=\"elementor-element elementor-element-d039ed2 elementor-widget elementor-widget-html\" data-id=\"d039ed2\" data-element_type=\"widget\" data-e-type=\"widget\" data-widget_type=\"html.default\">\n\t\t\t\t<div class=\"elementor-widget-container\">\n\t\t\t\t\t<div class=\"hover-box\">\n    <img decoding=\"async\" class=\"ikon\" src=\"https:\/\/www.entrack.no\/wp-content\/uploads\/2024\/06\/hardware.jpg\"\/>\n    \n    <span class=\"hover-heading\">Machine parts<\/span>\n    <div class=\"hover-content\">\nStorage rings<br\/>\nparties<br\/>\nScrews<br\/>\nGaskets and O-rings<br\/>\nPlugger<br\/>\nSlang is<br\/>\nTools<br\/>\nBracket<br\/>\n\n\n\n\n    <\/div>\n<\/div>\n\t\t\t\t<\/div>\n\t\t\t\t<\/div>\n\t\t\t\t\t<\/div>\n\t\t<\/div>\n\t\t\t\t<div class=\"elementor-column elementor-col-25 elementor-inner-column elementor-element elementor-element-4fc604a\" data-id=\"4fc604a\" data-element_type=\"column\" data-e-type=\"column\">\n\t\t\t<div class=\"elementor-widget-wrap elementor-element-populated\">\n\t\t\t\t\t\t<div class=\"elementor-element elementor-element-4a4709b elementor-widget elementor-widget-html\" data-id=\"4a4709b\" data-element_type=\"widget\" data-e-type=\"widget\" data-widget_type=\"html.default\">\n\t\t\t\t<div class=\"elementor-widget-container\">\n\t\t\t\t\t<div class=\"hover-box\">\n    <img decoding=\"async\" class=\"ikon\" src=\"https:\/\/www.entrack.no\/wp-content\/uploads\/2024\/06\/misc.jpg\"\/>\n    <span class=\"hover-heading\">Other parts<\/span>\n    <div class=\"hover-content\">\nGaskets and seals<br\/>\nGrease pump\/lubrication pump<br\/>\nDiodes<br\/>\nSwitches<br\/>\nFuses<br\/>\nFilter heads<br\/>\n\n\n\n\n\n    <\/div>\n<\/div>\n\t\t\t\t<\/div>\n\t\t\t\t<\/div>\n\t\t\t\t\t<\/div>\n\t\t<\/div>\n\t\t\t\t\t<\/div>\n\t\t<\/section>\n\t\t\t\t\t<\/div>\n\t\t<\/div>\n\t\t\t\t\t<\/div>\n\t\t<\/section>\n\t\t\t\t<section class=\"elementor-section elementor-top-section elementor-element elementor-element-5fc9652 elementor-section-boxed elementor-section-height-default elementor-section-height-default\" data-id=\"5fc9652\" data-element_type=\"section\" data-e-type=\"section\">\n\t\t\t\t\t\t<div class=\"elementor-container elementor-column-gap-default\">\n\t\t\t\t\t<div class=\"elementor-column elementor-col-100 elementor-top-column elementor-element elementor-element-ab27765\" data-id=\"ab27765\" data-element_type=\"column\" data-e-type=\"column\">\n\t\t\t<div class=\"elementor-widget-wrap elementor-element-populated\">\n\t\t\t\t\t\t<div class=\"elementor-element elementor-element-ed2bde1 elementor-widget elementor-widget-text-editor\" data-id=\"ed2bde1\" data-element_type=\"widget\" data-e-type=\"widget\" data-widget_type=\"text-editor.default\">\n\t\t\t\t<div class=\"elementor-widget-container\">\n\t\t\t\t\t\t\t\t\t<p data-start=\"950\" data-end=\"1238\">ITR specialises in spare parts for machines from well-known manufacturers such as <strong data-start=\"1026\" data-end=\"1078\">Caterpillar\u00ae, Komatsu\u00ae, Volvo\u00ae, Hitachi\u00ae and JCB\u00ae<\/strong>. With a range of over 50,000 products in our ever-expanding warehouse, ITR repair parts cover a wide range of materials handling machinery.<\/p><p data-start=\"1240\" data-end=\"1627\">ITR is known as having one of the most comprehensive spare parts programmes on the market, and through strategic acquisitions and a strong distribution network it maintains its leading position. Among their most popular products are gear pumps manufactured by ITR Meccanica in Italy - with 60,000 pumps in more than 400 variants produced annually, compatible with Caterpillar\u00ae, Volvo\u00ae and Komatsu\u00ae.<\/p><p><strong>Other repair parts<\/strong><br \/>In addition to ITR parts, Entrack offers repair parts for brands such as Kobelco, Ljungby, Yanmar and Kramer, as well as a selection of used parts that can be ordered when needed. We want to be your complete supplier of spare parts - fast, affordable and reliable.<\/p><p data-start=\"1923\" data-end=\"2133\"><strong data-start=\"1923\" data-end=\"1996\">Try Entrack - we deliver original ITR spare parts all over Norway.<\/strong> With our efficient logistics system, you get the parts you need, when you need them, and keep your machines running with minimal downtime.<\/p><p><em>Read more about parts for <strong><a href=\"https:\/\/www.entrack.no\/en\/divider\/spare-parts-kobelco\/\">Kobelco<\/a><\/strong>, <strong><a href=\"https:\/\/www.entrack.no\/en\/divider\/spare-parts-for-ljungby\/\">Ljungby<\/a><\/strong>, <strong><a href=\"https:\/\/www.entrack.no\/en\/divider\/spare-parts-for-yanmar\/\">Yanmar<\/a><\/strong> and <strong><a href=\"https:\/\/www.entrack.no\/en\/divider\/spare-parts-for-kramer\/\">Kramer<\/a><\/strong>, in addition to <strong><a href=\"https:\/\/www.entrack.no\/en\/divider\/reuse\/\">used parts here.<\/a><\/strong><\/em><\/p>\t\t\t\t\t\t\t\t<\/div>\n\t\t\t\t<\/div>\n\t\t\t\t\t<\/div>\n\t\t<\/div>\n\t\t\t\t\t<\/div>\n\t\t<\/section>\n\t\t\t\t<\/div>\n\t\t<span class=\"et_bloom_bottom_trigger\"><\/span>","protected":false},"excerpt":{"rendered":"<p>Reparasjonsdeler fra ITR Vi leverer et bredt utvalg av h\u00f8ykvalitets reservedeler til anleggsmaskiner, tungtransport og jernbaneindustrien. V\u00e5rt sortiment omfatter blant annet rammekomponenter, transmisjonsdeler, motordeler, deler til kj\u00f8lesystem, hydrauliske pumper og komponenter, deler til pneumatiske systemer, luft- og oljefiltre, elektriske deler og f\u00f8rerhusdeler. Med reservedeler fra ITR sikrer du optimal ytelse og minimal nedetid p\u00e5 maskinene [&hellip;]<\/p>\n","protected":false},"author":1,"featured_media":61866,"parent":0,"menu_order":0,"comment_status":"closed","ping_status":"closed","template":"","meta":{"_acf_changed":false,"footnotes":""},"class_list":["post-61865","page","type-page","status-publish","has-post-thumbnail","hentry"],"acf":[],"_links":{"self":[{"href":"https:\/\/www.entrack.no\/en\/wp-json\/wp\/v2\/pages\/61865","targetHints":{"allow":["GET"]}}],"collection":[{"href":"https:\/\/www.entrack.no\/en\/wp-json\/wp\/v2\/pages"}],"about":[{"href":"https:\/\/www.entrack.no\/en\/wp-json\/wp\/v2\/types\/page"}],"author":[{"embeddable":true,"href":"https:\/\/www.entrack.no\/en\/wp-json\/wp\/v2\/users\/1"}],"replies":[{"embeddable":true,"href":"https:\/\/www.entrack.no\/en\/wp-json\/wp\/v2\/comments?post=61865"}],"version-history":[{"count":5,"href":"https:\/\/www.entrack.no\/en\/wp-json\/wp\/v2\/pages\/61865\/revisions"}],"predecessor-version":[{"id":65009,"href":"https:\/\/www.entrack.no\/en\/wp-json\/wp\/v2\/pages\/61865\/revisions\/65009"}],"wp:featuredmedia":[{"embeddable":true,"href":"https:\/\/www.entrack.no\/en\/wp-json\/wp\/v2\/media\/61866"}],"wp:attachment":[{"href":"https:\/\/www.entrack.no\/en\/wp-json\/wp\/v2\/media?parent=61865"}],"curies":[{"name":"wp","href":"https:\/\/api.w.org\/{rel}","templated":true}]}}