{"id":61632,"date":"2024-04-10T10:32:25","date_gmt":"2024-04-10T08:32:25","guid":{"rendered":"https:\/\/www.entrack.no\/?page_id=61632"},"modified":"2025-08-20T13:08:25","modified_gmt":"2025-08-20T11:08:25","slug":"2-bolt-teeth","status":"publish","type":"page","link":"https:\/\/www.entrack.no\/en\/2-bolt-tenner\/","title":{"rendered":"2-bolt teeth"},"content":{"rendered":"<div data-elementor-type=\"wp-page\" data-elementor-id=\"61632\" class=\"elementor elementor-61632\" data-elementor-post-type=\"page\">\n\t\t\t\t\t\t<section class=\"elementor-section elementor-top-section elementor-element elementor-element-ffd666a elementor-section-boxed elementor-section-height-default elementor-section-height-default\" data-id=\"ffd666a\" data-element_type=\"section\" data-e-type=\"section\">\n\t\t\t\t\t\t<div class=\"elementor-container elementor-column-gap-default\">\n\t\t\t\t\t<div class=\"elementor-column elementor-col-100 elementor-top-column elementor-element elementor-element-bc999ac\" data-id=\"bc999ac\" data-element_type=\"column\" data-e-type=\"column\">\n\t\t\t<div class=\"elementor-widget-wrap elementor-element-populated\">\n\t\t\t\t\t\t<div class=\"elementor-element elementor-element-81037c8 elementor-widget elementor-widget-heading\" data-id=\"81037c8\" data-element_type=\"widget\" data-e-type=\"widget\" data-widget_type=\"heading.default\">\n\t\t\t\t<div class=\"elementor-widget-container\">\n\t\t\t\t\t<h1 class=\"elementor-heading-title elementor-size-default\">Entrack AS' own 2-bolt teeth <\/h1>\t\t\t\t<\/div>\n\t\t\t\t<\/div>\n\t\t\t\t\t<\/div>\n\t\t<\/div>\n\t\t\t\t\t<\/div>\n\t\t<\/section>\n\t\t\t\t<section class=\"elementor-section elementor-top-section elementor-element elementor-element-825ecfe elementor-section-boxed elementor-section-height-default elementor-section-height-default\" data-id=\"825ecfe\" data-element_type=\"section\" data-e-type=\"section\">\n\t\t\t\t\t\t<div class=\"elementor-container elementor-column-gap-default\">\n\t\t\t\t\t<div class=\"elementor-column elementor-col-50 elementor-top-column elementor-element elementor-element-1d48643\" data-id=\"1d48643\" data-element_type=\"column\" data-e-type=\"column\">\n\t\t\t<div class=\"elementor-widget-wrap elementor-element-populated\">\n\t\t\t\t\t\t<div class=\"elementor-element elementor-element-600bbb8 elementor-widget elementor-widget-text-editor\" data-id=\"600bbb8\" data-element_type=\"widget\" data-e-type=\"widget\" data-widget_type=\"text-editor.default\">\n\t\t\t\t<div class=\"elementor-widget-container\">\n\t\t\t\t\t\t\t\t\t<p>Entrack AS offers a wide range of excavator teeth and wear steels for different machine types, including our popular 2-bolt teeth. If you are looking for <strong>2-bolt teeth that fit the KVX system<\/strong>, where the teeth are attached directly to the tray without the use of traditional tooth holders, we always have this in stock at all our branches.<\/p><p><strong>Advantages of KVX-compatible 2-bolt teeth:<\/strong><\/p><ol type=\"1\"><li><b>Unique design on KVX<\/b>: The KVX system, developed by Komatsu, allows the tines to be mounted directly with bolts. This provides a <strong data-start=\"743\" data-end=\"788\">extremely secure and durable connection<\/strong>, Perfect for demanding construction work in mines and quarries thanks to its high durability and long service life.<\/li><li><b>Compatibility<\/b>: Entrack AS's 2-bolt teeth fit directly with the KVX system. Entrack AS offers alternatives for those who have this KVX system today. We have the following sizes in stock at all times:<\/li><\/ol><ul><li>Tooth 2BOLT M20<\/li><li>Tooth 2BOLT M27<\/li><li>Tooth 2BOLT M36<\/li><li>Tooth 2BOLT M36 Stone penetration<\/li><li>Tooth 2BOLT M48<\/li><li>Tooth 2BOLT M48 Stone penetration<\/li><\/ul><p data-start=\"1221\" data-end=\"1355\">These teeth are <strong data-start=\"1238\" data-end=\"1250\">reversible<\/strong> and locked with 2 bolts. When one side is worn, the teeth can easily be reversed to extend the service life.<\/p><p data-start=\"1357\" data-end=\"1386\"><strong>Fastening materials in stock:<\/strong><\/p><p data-start=\"1388\" data-end=\"1517\">For full flexibility, we also stock all fastening materials for our 2BOLT tines, including bolts: <strong data-start=\"1490\" data-end=\"1514\">M20, M27, M36 and M48<\/strong>.<\/p><p data-start=\"1519\" data-end=\"1663\">Choose Entrack AS for durable, reliable and KVX-compatible 2-bolt tines, so your machine always performs at its best on site.<\/p>\t\t\t\t\t\t\t\t<\/div>\n\t\t\t\t<\/div>\n\t\t\t\t\t<\/div>\n\t\t<\/div>\n\t\t\t\t<div class=\"elementor-column elementor-col-50 elementor-top-column elementor-element elementor-element-37efba6\" data-id=\"37efba6\" data-element_type=\"column\" data-e-type=\"column\">\n\t\t\t<div class=\"elementor-widget-wrap elementor-element-populated\">\n\t\t\t\t\t\t<div class=\"elementor-element elementor-element-cc5a6ea elementor-widget elementor-widget-image\" data-id=\"cc5a6ea\" data-element_type=\"widget\" data-e-type=\"widget\" data-widget_type=\"image.default\">\n\t\t\t\t<div class=\"elementor-widget-container\">\n\t\t\t\t\t\t\t\t\t\t\t\t\t\t\t<img fetchpriority=\"high\" decoding=\"async\" width=\"440\" height=\"261\" src=\"https:\/\/www.entrack.no\/wp-content\/uploads\/2024\/11\/2-tann.jpg\" class=\"attachment-large size-large wp-image-62646\" alt=\"\" srcset=\"https:\/\/www.entrack.no\/wp-content\/uploads\/2024\/11\/2-tann.jpg 440w, https:\/\/www.entrack.no\/wp-content\/uploads\/2024\/11\/2-tann-300x178.jpg 300w\" sizes=\"(max-width: 440px) 100vw, 440px\" \/>\t\t\t\t\t\t\t\t\t\t\t\t\t\t\t<\/div>\n\t\t\t\t<\/div>\n\t\t\t\t\t<\/div>\n\t\t<\/div>\n\t\t\t\t\t<\/div>\n\t\t<\/section>\n\t\t\t\t<section class=\"elementor-section elementor-top-section elementor-element elementor-element-2b0a663 elementor-section-boxed elementor-section-height-default elementor-section-height-default\" data-id=\"2b0a663\" data-element_type=\"section\" data-e-type=\"section\">\n\t\t\t\t\t\t<div class=\"elementor-container elementor-column-gap-default\">\n\t\t\t\t\t<div class=\"elementor-column elementor-col-100 elementor-top-column elementor-element elementor-element-0748989\" data-id=\"0748989\" data-element_type=\"column\" data-e-type=\"column\">\n\t\t\t<div class=\"elementor-widget-wrap\">\n\t\t\t\t\t\t\t<\/div>\n\t\t<\/div>\n\t\t\t\t\t<\/div>\n\t\t<\/section>\n\t\t\t\t<\/div>\n\t\t<span class=\"et_bloom_bottom_trigger\"><\/span>","protected":false},"excerpt":{"rendered":"<p>Entrack AS sine egne 2-bolt tenner Entrack AS tilbyr et bredt utvalg gravemaskintenner og slitest\u00e5l for ulike maskintyper, inkludert v\u00e5re popul\u00e6re 2-bolt tenner. Hvis du leter etter 2-bolt tenner som passer til KVX-systemet, hvor tennene festes direkte p\u00e5 skuffen uten bruk av tradisjonelle tannholdere, har vi dette alltid p\u00e5 lager ved alle v\u00e5re avdelinger. Fordeler [&hellip;]<\/p>\n","protected":false},"author":1,"featured_media":62646,"parent":0,"menu_order":0,"comment_status":"closed","ping_status":"closed","template":"","meta":{"_acf_changed":false,"footnotes":""},"class_list":["post-61632","page","type-page","status-publish","has-post-thumbnail","hentry"],"acf":[],"_links":{"self":[{"href":"https:\/\/www.entrack.no\/en\/wp-json\/wp\/v2\/pages\/61632","targetHints":{"allow":["GET"]}}],"collection":[{"href":"https:\/\/www.entrack.no\/en\/wp-json\/wp\/v2\/pages"}],"about":[{"href":"https:\/\/www.entrack.no\/en\/wp-json\/wp\/v2\/types\/page"}],"author":[{"embeddable":true,"href":"https:\/\/www.entrack.no\/en\/wp-json\/wp\/v2\/users\/1"}],"replies":[{"embeddable":true,"href":"https:\/\/www.entrack.no\/en\/wp-json\/wp\/v2\/comments?post=61632"}],"version-history":[{"count":5,"href":"https:\/\/www.entrack.no\/en\/wp-json\/wp\/v2\/pages\/61632\/revisions"}],"predecessor-version":[{"id":64648,"href":"https:\/\/www.entrack.no\/en\/wp-json\/wp\/v2\/pages\/61632\/revisions\/64648"}],"wp:featuredmedia":[{"embeddable":true,"href":"https:\/\/www.entrack.no\/en\/wp-json\/wp\/v2\/media\/62646"}],"wp:attachment":[{"href":"https:\/\/www.entrack.no\/en\/wp-json\/wp\/v2\/media?parent=61632"}],"curies":[{"name":"wp","href":"https:\/\/api.w.org\/{rel}","templated":true}]}}