{"id":61570,"date":"2024-04-10T10:08:40","date_gmt":"2024-04-10T08:08:40","guid":{"rendered":"https:\/\/www.entrack.no\/?page_id=61570"},"modified":"2024-04-10T10:09:20","modified_gmt":"2024-04-10T08:09:20","slug":"cat-j","status":"publish","type":"page","link":"https:\/\/www.entrack.no\/en\/cat-j\/","title":{"rendered":"Cat-J"},"content":{"rendered":"<div data-elementor-type=\"wp-page\" data-elementor-id=\"61570\" class=\"elementor elementor-61570\" data-elementor-post-type=\"page\">\n\t\t\t\t\t\t<section class=\"elementor-section elementor-top-section elementor-element elementor-element-c2a0036 elementor-section-boxed elementor-section-height-default elementor-section-height-default\" data-id=\"c2a0036\" data-element_type=\"section\" data-e-type=\"section\">\n\t\t\t\t\t\t<div class=\"elementor-container elementor-column-gap-default\">\n\t\t\t\t\t<div class=\"elementor-column elementor-col-100 elementor-top-column elementor-element elementor-element-63ffc78\" data-id=\"63ffc78\" data-element_type=\"column\" data-e-type=\"column\">\n\t\t\t<div class=\"elementor-widget-wrap elementor-element-populated\">\n\t\t\t\t\t\t<div class=\"elementor-element elementor-element-23d6b10 elementor-widget elementor-widget-heading\" data-id=\"23d6b10\" data-element_type=\"widget\" data-e-type=\"widget\" data-widget_type=\"heading.default\">\n\t\t\t\t<div class=\"elementor-widget-container\">\n\t\t\t\t\t<h1 class=\"elementor-heading-title elementor-size-default\">Cat-J <\/h1>\t\t\t\t<\/div>\n\t\t\t\t<\/div>\n\t\t\t\t\t<\/div>\n\t\t<\/div>\n\t\t\t\t\t<\/div>\n\t\t<\/section>\n\t\t\t\t<section class=\"elementor-section elementor-top-section elementor-element elementor-element-237c62e elementor-section-boxed elementor-section-height-default elementor-section-height-default\" data-id=\"237c62e\" data-element_type=\"section\" data-e-type=\"section\">\n\t\t\t\t\t\t<div class=\"elementor-container elementor-column-gap-default\">\n\t\t\t\t\t<div class=\"elementor-column elementor-col-50 elementor-top-column elementor-element elementor-element-643bf0c\" data-id=\"643bf0c\" data-element_type=\"column\" data-e-type=\"column\">\n\t\t\t<div class=\"elementor-widget-wrap elementor-element-populated\">\n\t\t\t\t\t\t<div class=\"elementor-element elementor-element-c91a5fc elementor-widget elementor-widget-text-editor\" data-id=\"c91a5fc\" data-element_type=\"widget\" data-e-type=\"widget\" data-widget_type=\"text-editor.default\">\n\t\t\t\t<div class=\"elementor-widget-container\">\n\t\t\t\t\t\t\t\t\t<p>The Cat-J series is a range of excavator teeth that are self-sharpening, which means they stay sharp throughout their lifetime. Our teeth from Traasteel have very high steel quality - both high hardness and high toughness. The Cat-J series is our best-selling excavator tooth.<\/p><p>The Traasteel PHD excavator tooth in the Cat-J series is our best-selling tooth, it works well both as a pure digging tooth in an excavator bucket, for cultivation buckets or as a tooth for rippers. It is made of a high-quality steel with both very high hardness and high toughness, which gives it a market-leading service life. In short, a really good tooth that gives you as a customer good economy.<\/p><p>The Cat-J series from Traasteel, which we sell at Entrack AS, is available in all standard Cat-J sizes from J200 to J800 (also called 2 to 8 inches).<\/p><p>The Cat-J series locks to the tooth holder with a locking pin and a locking washer, which we of course also have in stock in addition to weldable holders.<\/p>\t\t\t\t\t\t\t\t<\/div>\n\t\t\t\t<\/div>\n\t\t\t\t\t<\/div>\n\t\t<\/div>\n\t\t\t\t<div class=\"elementor-column elementor-col-50 elementor-top-column elementor-element elementor-element-85c2bfb\" data-id=\"85c2bfb\" data-element_type=\"column\" data-e-type=\"column\">\n\t\t\t<div class=\"elementor-widget-wrap elementor-element-populated\">\n\t\t\t\t\t\t<div class=\"elementor-element elementor-element-1cfcaf6 elementor-arrows-position-inside elementor-pagination-position-outside elementor-widget elementor-widget-image-carousel\" data-id=\"1cfcaf6\" data-element_type=\"widget\" data-e-type=\"widget\" data-settings=\"{&quot;slides_to_show&quot;:&quot;1&quot;,&quot;navigation&quot;:&quot;both&quot;,&quot;autoplay&quot;:&quot;yes&quot;,&quot;pause_on_hover&quot;:&quot;yes&quot;,&quot;pause_on_interaction&quot;:&quot;yes&quot;,&quot;autoplay_speed&quot;:5000,&quot;infinite&quot;:&quot;yes&quot;,&quot;effect&quot;:&quot;slide&quot;,&quot;speed&quot;:500}\" data-widget_type=\"image-carousel.default\">\n\t\t\t\t<div class=\"elementor-widget-container\">\n\t\t\t\t\t\t\t<div class=\"elementor-image-carousel-wrapper swiper\" role=\"region\" aria-roledescription=\"carousel\" aria-label=\"Image carousel\" dir=\"ltr\">\n\t\t\t<div class=\"elementor-image-carousel swiper-wrapper\" aria-live=\"off\">\n\t\t\t\t\t\t\t\t<div class=\"swiper-slide\" role=\"group\" aria-roledescription=\"slide\" aria-label=\"1 of 2\"><figure class=\"swiper-slide-inner\"><img decoding=\"async\" class=\"swiper-slide-image\" src=\"https:\/\/www.entrack.no\/wp-content\/uploads\/2024\/04\/cat-j-1.jpg\" alt=\"Product image of Cat J\" \/><\/figure><\/div><div class=\"swiper-slide\" role=\"group\" aria-roledescription=\"slide\" aria-label=\"2 of 2\"><figure class=\"swiper-slide-inner\"><img decoding=\"async\" class=\"swiper-slide-image\" src=\"https:\/\/www.entrack.no\/wp-content\/uploads\/2024\/04\/cat-j.jpg\" alt=\"Product image of Cat J\" \/><\/figure><\/div>\t\t\t<\/div>\n\t\t\t\t\t\t\t\t\t\t\t\t<div class=\"elementor-swiper-button elementor-swiper-button-prev\" role=\"button\" tabindex=\"0\">\n\t\t\t\t\t\t<i aria-hidden=\"true\" class=\"eicon-chevron-left\"><\/i>\t\t\t\t\t<\/div>\n\t\t\t\t\t<div class=\"elementor-swiper-button elementor-swiper-button-next\" role=\"button\" tabindex=\"0\">\n\t\t\t\t\t\t<i aria-hidden=\"true\" class=\"eicon-chevron-right\"><\/i>\t\t\t\t\t<\/div>\n\t\t\t\t\n\t\t\t\t\t\t\t\t\t<div class=\"swiper-pagination\"><\/div>\n\t\t\t\t\t\t\t\t\t<\/div>\n\t\t\t\t\t\t<\/div>\n\t\t\t\t<\/div>\n\t\t\t\t\t<\/div>\n\t\t<\/div>\n\t\t\t\t\t<\/div>\n\t\t<\/section>\n\t\t\t\t<section class=\"elementor-section elementor-top-section elementor-element elementor-element-e6b1546 elementor-section-boxed elementor-section-height-default elementor-section-height-default\" data-id=\"e6b1546\" data-element_type=\"section\" data-e-type=\"section\">\n\t\t\t\t\t\t<div class=\"elementor-container elementor-column-gap-default\">\n\t\t\t\t\t<div class=\"elementor-column elementor-col-100 elementor-top-column elementor-element elementor-element-3421351\" data-id=\"3421351\" data-element_type=\"column\" data-e-type=\"column\">\n\t\t\t<div class=\"elementor-widget-wrap elementor-element-populated\">\n\t\t\t\t\t\t<div class=\"elementor-element elementor-element-5fedf87 elementor-widget elementor-widget-text-editor\" data-id=\"5fedf87\" data-element_type=\"widget\" data-e-type=\"widget\" data-widget_type=\"text-editor.default\">\n\t\t\t\t<div class=\"elementor-widget-container\">\n\t\t\t\t\t\t\t\t\t<table>\n<tbody>\n<tr>\n<td width=\"205\"><strong>SIZE<\/strong><\/td>\n<td width=\"205\"><strong>MACHINE SIZE<\/strong><\/td>\n<td width=\"205\"><strong>WEIGHT<\/strong><\/td>\n<\/tr>\n<tr>\n<td width=\"205\"><strong>J200<\/strong><\/td>\n<td width=\"205\"><strong>FOR MACHINES 0-7 TONNES<\/strong><\/td>\n<td width=\"205\"><strong>1.5kg<\/strong><\/td>\n<\/tr>\n<tr>\n<td width=\"205\"><strong>J250<\/strong><\/td>\n<td width=\"205\"><strong>FOR MACHINES 6-15 TONNES<\/strong><\/td>\n<td width=\"205\"><strong>3.5kg<\/strong><\/td>\n<\/tr>\n<tr>\n<td width=\"205\"><strong>J350<\/strong><\/td>\n<td width=\"205\"><strong>FOR MACHINES 15-20 TONNES<\/strong><\/td>\n<td width=\"205\"><strong>5.5kg<\/strong><\/td>\n<\/tr>\n<tr>\n<td width=\"205\"><strong>J400<\/strong><\/td>\n<td width=\"205\"><strong>FOR MACHINES 25-30 TONNES<\/strong><\/td>\n<td width=\"205\"><strong>7.5kg<\/strong><\/td>\n<\/tr>\n<tr>\n<td width=\"205\"><strong>J450<\/strong><\/td>\n<td width=\"205\"><strong>FOR MACHINES 30-40 TONNES<\/strong><\/td>\n<td width=\"205\"><strong>11kg<\/strong><\/td>\n<\/tr>\n<tr>\n<td width=\"205\"><strong>J550<\/strong><\/td>\n<td width=\"205\"><strong>FOR MACHINES 40-60 TONNES<\/strong><\/td>\n<td width=\"205\"><strong>21kg<\/strong><\/td>\n<\/tr>\n<tr>\n<td width=\"205\"><strong>J600<\/strong><\/td>\n<td width=\"205\"><strong>FOR MACHINES 50-90 TONNES<\/strong><\/td>\n<td width=\"205\"><strong>38kg<\/strong><\/td>\n<\/tr>\n<tr>\n<td width=\"205\"><strong>J700<\/strong><\/td>\n<td width=\"205\"><strong>FOR MACHINES 70-100 TONNES <\/strong><\/td>\n<td width=\"205\"><strong>50kg<\/strong><\/td>\n<\/tr>\n<tr>\n<td width=\"205\"><strong>J800<\/strong><\/td>\n<td width=\"205\"><strong>FOR MACHINES 90-120 TONNES <\/strong><\/td>\n<td width=\"205\"><strong>75kg<\/strong><\/td>\n<\/tr>\n<\/tbody>\n<\/table>\n\t\t\t\t\t\t\t\t<\/div>\n\t\t\t\t<\/div>\n\t\t\t\t\t<\/div>\n\t\t<\/div>\n\t\t\t\t\t<\/div>\n\t\t<\/section>\n\t\t\t\t<\/div>\n\t\t<span class=\"et_bloom_bottom_trigger\"><\/span>","protected":false},"excerpt":{"rendered":"<p>Cat-J Cat-J serien er en serie gravemaskintenner som er selvslipende, dette gj\u00f8r at den holder seg skarp gjennom hele levetiden. V\u00e5re tenner fra Traasteel har meget h\u00f8y st\u00e5lkvalitet \u2013 b\u00e5de h\u00f8y hardhet og h\u00f8y seighet. Cat-j serien er v\u00e5r bestselgende tann til gravemaskin. Traasteel PHD gravemaskintenner i Cat-J serien er v\u00e5r mest solgte tann, den [&hellip;]<\/p>\n","protected":false},"author":1,"featured_media":0,"parent":0,"menu_order":0,"comment_status":"closed","ping_status":"closed","template":"","meta":{"_acf_changed":false,"footnotes":""},"class_list":["post-61570","page","type-page","status-publish","hentry"],"acf":[],"_links":{"self":[{"href":"https:\/\/www.entrack.no\/en\/wp-json\/wp\/v2\/pages\/61570","targetHints":{"allow":["GET"]}}],"collection":[{"href":"https:\/\/www.entrack.no\/en\/wp-json\/wp\/v2\/pages"}],"about":[{"href":"https:\/\/www.entrack.no\/en\/wp-json\/wp\/v2\/types\/page"}],"author":[{"embeddable":true,"href":"https:\/\/www.entrack.no\/en\/wp-json\/wp\/v2\/users\/1"}],"replies":[{"embeddable":true,"href":"https:\/\/www.entrack.no\/en\/wp-json\/wp\/v2\/comments?post=61570"}],"version-history":[{"count":5,"href":"https:\/\/www.entrack.no\/en\/wp-json\/wp\/v2\/pages\/61570\/revisions"}],"predecessor-version":[{"id":61591,"href":"https:\/\/www.entrack.no\/en\/wp-json\/wp\/v2\/pages\/61570\/revisions\/61591"}],"wp:attachment":[{"href":"https:\/\/www.entrack.no\/en\/wp-json\/wp\/v2\/media?parent=61570"}],"curies":[{"name":"wp","href":"https:\/\/api.w.org\/{rel}","templated":true}]}}