{"id":60840,"date":"2023-11-27T10:32:31","date_gmt":"2023-11-27T09:32:31","guid":{"rendered":"https:\/\/www.entrack.no\/?page_id=60840"},"modified":"2025-12-12T15:17:21","modified_gmt":"2025-12-12T14:17:21","slug":"ljungby-service","status":"publish","type":"page","link":"https:\/\/www.entrack.no\/en\/ljungby-service\/","title":{"rendered":"Ljungby service"},"content":{"rendered":"<div data-elementor-type=\"wp-post\" data-elementor-id=\"60840\" class=\"elementor elementor-60840\" data-elementor-post-type=\"page\">\n\t\t\t\t\t\t<section class=\"elementor-section elementor-top-section elementor-element elementor-element-25ca38f elementor-section-boxed elementor-section-height-default elementor-section-height-default\" data-id=\"25ca38f\" data-element_type=\"section\" data-e-type=\"section\">\n\t\t\t\t\t\t<div class=\"elementor-container elementor-column-gap-default\">\n\t\t\t\t\t<div class=\"elementor-column elementor-col-100 elementor-top-column elementor-element elementor-element-c9f50d7\" data-id=\"c9f50d7\" data-element_type=\"column\" data-e-type=\"column\">\n\t\t\t<div class=\"elementor-widget-wrap elementor-element-populated\">\n\t\t\t\t\t\t<div class=\"elementor-element elementor-element-18061e1 elementor-widget elementor-widget-heading\" data-id=\"18061e1\" data-element_type=\"widget\" data-e-type=\"widget\" data-widget_type=\"heading.default\">\n\t\t\t\t<div class=\"elementor-widget-container\">\n\t\t\t\t\t<h1 class=\"elementor-heading-title elementor-size-default\">Ljungby service<\/h1>\t\t\t\t<\/div>\n\t\t\t\t<\/div>\n\t\t\t\t<div class=\"elementor-element elementor-element-7a0fd1d elementor-widget elementor-widget-text-editor\" data-id=\"7a0fd1d\" data-element_type=\"widget\" data-e-type=\"widget\" data-widget_type=\"text-editor.default\">\n\t\t\t\t<div class=\"elementor-widget-container\">\n\t\t\t\t\t\t\t\t\t<p>Our service agreement is a practical and valuable way for you to create peace of mind, security and a good cost overview for your machines. Protect your investments today.<\/p>\t\t\t\t\t\t\t\t<\/div>\n\t\t\t\t<\/div>\n\t\t\t\t<div class=\"elementor-element elementor-element-ba02309 elementor-widget elementor-widget-text-editor\" data-id=\"ba02309\" data-element_type=\"widget\" data-e-type=\"widget\" data-widget_type=\"text-editor.default\">\n\t\t\t\t<div class=\"elementor-widget-container\">\n\t\t\t\t\t\t\t\t\t<p>Through our extensive service network, Entrack AS and Ljungby will provide you with the follow-up and support that you and your machines need in today's busy world.<br \/><br \/><strong>What do you get in our service agreement?<\/strong><\/p><ul><li>Discounted prices on service and parts<\/li><li>Maintenance, service and inspection every 500 hours<\/li><li>New oil and filter every 500 hours, in addition to lubrication<\/li><li>Original parts, filters and gaskets included in normal service every 500 hours<\/li><li>Troubleshooting, diagnosis and inspection by professional mechanics<\/li><li>Performing recommended software updates<\/li><li>Lower operating costs through preventive maintenance<\/li><li>An increased resale value of the machine<\/li><li>Coolant and coolant change<\/li><\/ul><div><div data-contrast-transform-ignore=\"true\">\u00a0<\/div><a href=\"https:\/\/www.entrack.no\/en\/departments\/\"><strong>Contact us for more information<\/strong><\/a><\/div><p><a title=\"\" href=\"https:\/\/www.entrack.no\/en\/service\/\">Find your nearest service point here<\/a><br \/><br \/><\/p>\t\t\t\t\t\t\t\t<\/div>\n\t\t\t\t<\/div>\n\t\t\t\t\t<\/div>\n\t\t<\/div>\n\t\t\t\t\t<\/div>\n\t\t<\/section>\n\t\t\t\t<\/div>\n\t\t<span class=\"et_bloom_bottom_trigger\"><\/span>","protected":false},"excerpt":{"rendered":"<p>Ljungby service V\u00e5r serviceavtale er en praktisk og verdifull m\u00e5te for deg \u00e5 skape trygghet, sikkerhet og god kostnadsoversikt for dine maskiner. Beskytt dine investeringer i dag. Gjennom v\u00e5rt omfattende servicenettverk vil Entrack AS og Ljungby gi deg den oppf\u00f8lging og st\u00f8tte som du og dine maskiner trenger i dagens travle hverdag. Hva f\u00e5r du [&hellip;]<\/p>\n","protected":false},"author":1,"featured_media":47570,"parent":0,"menu_order":0,"comment_status":"closed","ping_status":"closed","template":"","meta":{"_acf_changed":false,"footnotes":""},"class_list":["post-60840","page","type-page","status-publish","has-post-thumbnail","hentry"],"acf":[],"_links":{"self":[{"href":"https:\/\/www.entrack.no\/en\/wp-json\/wp\/v2\/pages\/60840","targetHints":{"allow":["GET"]}}],"collection":[{"href":"https:\/\/www.entrack.no\/en\/wp-json\/wp\/v2\/pages"}],"about":[{"href":"https:\/\/www.entrack.no\/en\/wp-json\/wp\/v2\/types\/page"}],"author":[{"embeddable":true,"href":"https:\/\/www.entrack.no\/en\/wp-json\/wp\/v2\/users\/1"}],"replies":[{"embeddable":true,"href":"https:\/\/www.entrack.no\/en\/wp-json\/wp\/v2\/comments?post=60840"}],"version-history":[{"count":1,"href":"https:\/\/www.entrack.no\/en\/wp-json\/wp\/v2\/pages\/60840\/revisions"}],"predecessor-version":[{"id":63244,"href":"https:\/\/www.entrack.no\/en\/wp-json\/wp\/v2\/pages\/60840\/revisions\/63244"}],"wp:featuredmedia":[{"embeddable":true,"href":"https:\/\/www.entrack.no\/en\/wp-json\/wp\/v2\/media\/47570"}],"wp:attachment":[{"href":"https:\/\/www.entrack.no\/en\/wp-json\/wp\/v2\/media?parent=60840"}],"curies":[{"name":"wp","href":"https:\/\/api.w.org\/{rel}","templated":true}]}}