{"id":60824,"date":"2023-11-27T10:31:05","date_gmt":"2023-11-27T09:31:05","guid":{"rendered":"https:\/\/www.entrack.no\/?page_id=60824"},"modified":"2025-12-02T16:03:16","modified_gmt":"2025-12-02T15:03:16","slug":"kobelco-service-2","status":"publish","type":"page","link":"https:\/\/www.entrack.no\/en\/kobelco-service-2\/","title":{"rendered":"Kobelco service"},"content":{"rendered":"<div data-elementor-type=\"wp-post\" data-elementor-id=\"60824\" class=\"elementor elementor-60824\" data-elementor-post-type=\"page\">\n\t\t\t\t\t\t<section class=\"elementor-section elementor-top-section elementor-element elementor-element-25ca38f elementor-section-boxed elementor-section-height-default elementor-section-height-default\" data-id=\"25ca38f\" data-element_type=\"section\" data-e-type=\"section\">\n\t\t\t\t\t\t<div class=\"elementor-container elementor-column-gap-default\">\n\t\t\t\t\t<div class=\"elementor-column elementor-col-50 elementor-top-column elementor-element elementor-element-c9f50d7\" data-id=\"c9f50d7\" data-element_type=\"column\" data-e-type=\"column\">\n\t\t\t<div class=\"elementor-widget-wrap elementor-element-populated\">\n\t\t\t\t\t\t<div class=\"elementor-element elementor-element-18061e1 elementor-widget elementor-widget-heading\" data-id=\"18061e1\" data-element_type=\"widget\" data-e-type=\"widget\" data-widget_type=\"heading.default\">\n\t\t\t\t<div class=\"elementor-widget-container\">\n\t\t\t\t\t<h1 class=\"elementor-heading-title elementor-size-default\">Kobelco service<\/h1>\t\t\t\t<\/div>\n\t\t\t\t<\/div>\n\t\t\t\t<div class=\"elementor-element elementor-element-7a0fd1d elementor-widget elementor-widget-text-editor\" data-id=\"7a0fd1d\" data-element_type=\"widget\" data-e-type=\"widget\" data-widget_type=\"text-editor.default\">\n\t\t\t\t<div class=\"elementor-widget-container\">\n\t\t\t\t\t\t\t\t\t<p>Our service agreement is a practical and valuable way for you to create peace of mind, security and a good cost overview for your machines. Protect your investments today.<\/p>\t\t\t\t\t\t\t\t<\/div>\n\t\t\t\t<\/div>\n\t\t\t\t<div class=\"elementor-element elementor-element-ba02309 elementor-widget elementor-widget-text-editor\" data-id=\"ba02309\" data-element_type=\"widget\" data-e-type=\"widget\" data-widget_type=\"text-editor.default\">\n\t\t\t\t<div class=\"elementor-widget-container\">\n\t\t\t\t\t\t\t\t\t<p>Through our extensive service network, we will <strong>Entrack AS<\/strong> and <strong>Kobelco<\/strong> give you the follow-up and support that you and your machines need in today's busy world. With a service agreement, you can choose between <strong>Premiums with extended warranty for 4 years<\/strong> or <strong>5000 hours and Premier Plus with extended warranty for 5 years or 6000 hours.<\/strong> Whichever occurs first. Premier Plus only applies to 20 tonnes and above.<\/p><p><strong>What do you get in our service agreement?<\/strong><\/p><ul><li>Discounted prices on service and parts<\/li><li>Maintenance, service and inspection every 500 hours<\/li><li>New oil and filter every 500 hours, in addition to lubrication<\/li><li>Original parts, filters, belts and gaskets included in normal service every 500 hours<\/li><li>Troubleshooting, diagnosis and inspection by professional mechanics<\/li><li>Performing recommended software updates<\/li><li>Lower operating costs through preventive maintenance<\/li><li>An increased resale value of the machine<\/li><li>Annual inspection is carried out together with service<\/li><li>Optional extras: Service agreement rototilt<\/li><\/ul><div><div data-contrast-transform-ignore=\"true\">\u00a0<\/div><strong>Contact us for more information<\/strong><\/div><p class=\"p1\">At Entrack, we are constantly working to train and educate our service mechanics. This is so that we can always provide the best service for you and your machines.<br \/>Contact our service department for more information and offers on what we can help you with. Entrack has total service for many large companies in Norway.<br \/><br \/><strong><a title=\"\" href=\"https:\/\/www.entrack.no\/en\/service\/\">Find your nearest service point here<\/a><\/strong><\/p>\t\t\t\t\t\t\t\t<\/div>\n\t\t\t\t<\/div>\n\t\t\t\t\t<\/div>\n\t\t<\/div>\n\t\t\t\t<div class=\"elementor-column elementor-col-50 elementor-top-column elementor-element elementor-element-2090239\" data-id=\"2090239\" data-element_type=\"column\" data-e-type=\"column\">\n\t\t\t<div class=\"elementor-widget-wrap elementor-element-populated\">\n\t\t\t\t\t\t<div class=\"elementor-element elementor-element-6a7d57b elementor-widget elementor-widget-image\" data-id=\"6a7d57b\" data-element_type=\"widget\" data-e-type=\"widget\" data-widget_type=\"image.default\">\n\t\t\t\t<div class=\"elementor-widget-container\">\n\t\t\t\t\t\t\t\t\t\t\t\t\t\t\t<img fetchpriority=\"high\" decoding=\"async\" width=\"370\" height=\"344\" src=\"https:\/\/www.entrack.no\/wp-content\/uploads\/2022\/06\/garantimerke.png\" class=\"attachment-large size-large wp-image-56346\" alt=\"warranty label from Kobelco\" srcset=\"https:\/\/www.entrack.no\/wp-content\/uploads\/2022\/06\/garantimerke.png 370w, https:\/\/www.entrack.no\/wp-content\/uploads\/2022\/06\/garantimerke-300x279.png 300w\" sizes=\"(max-width: 370px) 100vw, 370px\" \/>\t\t\t\t\t\t\t\t\t\t\t\t\t\t\t<\/div>\n\t\t\t\t<\/div>\n\t\t\t\t\t<\/div>\n\t\t<\/div>\n\t\t\t\t\t<\/div>\n\t\t<\/section>\n\t\t\t\t<section class=\"elementor-section elementor-top-section elementor-element elementor-element-b077ead elementor-section-boxed elementor-section-height-default elementor-section-height-default\" data-id=\"b077ead\" data-element_type=\"section\" data-e-type=\"section\">\n\t\t\t\t\t\t<div class=\"elementor-container elementor-column-gap-default\">\n\t\t\t\t\t<div class=\"elementor-column elementor-col-100 elementor-top-column elementor-element elementor-element-32ad8a2\" data-id=\"32ad8a2\" data-element_type=\"column\" data-e-type=\"column\">\n\t\t\t<div class=\"elementor-widget-wrap elementor-element-populated\">\n\t\t\t\t\t\t<div class=\"elementor-element elementor-element-39930f7 elementor-widget elementor-widget-gallery\" data-id=\"39930f7\" data-element_type=\"widget\" data-e-type=\"widget\" data-settings=\"{&quot;columns&quot;:3,&quot;lazyload&quot;:&quot;yes&quot;,&quot;gallery_layout&quot;:&quot;grid&quot;,&quot;columns_tablet&quot;:2,&quot;columns_mobile&quot;:1,&quot;gap&quot;:{&quot;unit&quot;:&quot;px&quot;,&quot;size&quot;:10,&quot;sizes&quot;:[]},&quot;gap_tablet&quot;:{&quot;unit&quot;:&quot;px&quot;,&quot;size&quot;:10,&quot;sizes&quot;:[]},&quot;gap_mobile&quot;:{&quot;unit&quot;:&quot;px&quot;,&quot;size&quot;:10,&quot;sizes&quot;:[]},&quot;link_to&quot;:&quot;file&quot;,&quot;aspect_ratio&quot;:&quot;3:2&quot;,&quot;overlay_background&quot;:&quot;yes&quot;,&quot;content_hover_animation&quot;:&quot;fade-in&quot;}\" data-widget_type=\"gallery.default\">\n\t\t\t\t<div class=\"elementor-widget-container\">\n\t\t\t\t\t\t\t<div class=\"elementor-gallery__container\">\n\t\t\t\t\t\t\t<a class=\"e-gallery-item elementor-gallery-item elementor-animated-content\" href=\"https:\/\/www.entrack.no\/wp-content\/uploads\/2020\/12\/verksted1.jpg\" data-elementor-open-lightbox=\"yes\" data-elementor-lightbox-slideshow=\"39930f7\" data-elementor-lightbox-title=\"verksted1\" data-e-action-hash=\"#elementor-action%3Aaction%3Dlightbox%26settings%3DeyJpZCI6NTE3NDksInVybCI6Imh0dHBzOlwvXC93d3cuZW50cmFjay5ub1wvd3AtY29udGVudFwvdXBsb2Fkc1wvMjAyMFwvMTJcL3ZlcmtzdGVkMS5qcGciLCJzbGlkZXNob3ciOiIzOTkzMGY3In0%3D\">\n\t\t\t\t\t<div class=\"e-gallery-image elementor-gallery-item__image\" data-thumbnail=\"https:\/\/www.entrack.no\/wp-content\/uploads\/2020\/12\/verksted1-300x197.jpg\" data-width=\"300\" data-height=\"197\" aria-label=\"\" role=\"img\" ><\/div>\n\t\t\t\t\t\t\t\t\t\t\t<div class=\"elementor-gallery-item__overlay\"><\/div>\n\t\t\t\t\t\t\t\t\t\t\t\t\t\t<\/a>\n\t\t\t\t\t\t\t<a class=\"e-gallery-item elementor-gallery-item elementor-animated-content\" href=\"https:\/\/www.entrack.no\/wp-content\/uploads\/2020\/12\/verksted2.jpg\" data-elementor-open-lightbox=\"yes\" data-elementor-lightbox-slideshow=\"39930f7\" data-elementor-lightbox-title=\"verksted2\" data-e-action-hash=\"#elementor-action%3Aaction%3Dlightbox%26settings%3DeyJpZCI6NTE3NTAsInVybCI6Imh0dHBzOlwvXC93d3cuZW50cmFjay5ub1wvd3AtY29udGVudFwvdXBsb2Fkc1wvMjAyMFwvMTJcL3ZlcmtzdGVkMi5qcGciLCJzbGlkZXNob3ciOiIzOTkzMGY3In0%3D\">\n\t\t\t\t\t<div class=\"e-gallery-image elementor-gallery-item__image\" data-thumbnail=\"https:\/\/www.entrack.no\/wp-content\/uploads\/2020\/12\/verksted2-300x197.jpg\" data-width=\"300\" data-height=\"197\" aria-label=\"\" role=\"img\" ><\/div>\n\t\t\t\t\t\t\t\t\t\t\t<div class=\"elementor-gallery-item__overlay\"><\/div>\n\t\t\t\t\t\t\t\t\t\t\t\t\t\t<\/a>\n\t\t\t\t\t\t\t<a class=\"e-gallery-item elementor-gallery-item elementor-animated-content\" href=\"https:\/\/www.entrack.no\/wp-content\/uploads\/2020\/12\/verksted3.jpg\" data-elementor-open-lightbox=\"yes\" data-elementor-lightbox-slideshow=\"39930f7\" data-elementor-lightbox-title=\"verksted3\" data-e-action-hash=\"#elementor-action%3Aaction%3Dlightbox%26settings%3DeyJpZCI6NTE3NTEsInVybCI6Imh0dHBzOlwvXC93d3cuZW50cmFjay5ub1wvd3AtY29udGVudFwvdXBsb2Fkc1wvMjAyMFwvMTJcL3ZlcmtzdGVkMy5qcGciLCJzbGlkZXNob3ciOiIzOTkzMGY3In0%3D\">\n\t\t\t\t\t<div class=\"e-gallery-image elementor-gallery-item__image\" data-thumbnail=\"https:\/\/www.entrack.no\/wp-content\/uploads\/2020\/12\/verksted3-300x197.jpg\" data-width=\"300\" data-height=\"197\" aria-label=\"\" role=\"img\" ><\/div>\n\t\t\t\t\t\t\t\t\t\t\t<div class=\"elementor-gallery-item__overlay\"><\/div>\n\t\t\t\t\t\t\t\t\t\t\t\t\t\t<\/a>\n\t\t\t\t\t<\/div>\n\t\t\t\t\t<\/div>\n\t\t\t\t<\/div>\n\t\t\t\t\t<\/div>\n\t\t<\/div>\n\t\t\t\t\t<\/div>\n\t\t<\/section>\n\t\t\t\t<\/div>\n\t\t<span class=\"et_bloom_bottom_trigger\"><\/span>","protected":false},"excerpt":{"rendered":"<p>Kobelco service V\u00e5r serviceavtale er en praktisk og verdifull m\u00e5te for deg \u00e5 skape trygghet, sikkerhet og god kostnadsoversikt for dine maskiner. Beskytt dine investeringer i dag. Gjennom v\u00e5rt omfattende servicenettverk vil Entrack AS og Kobelco gi deg den oppf\u00f8lging og st\u00f8tte som du og dine maskiner trenger i dagens travle hverdag. Med serviceavtale kan [&hellip;]<\/p>\n","protected":false},"author":1,"featured_media":47570,"parent":0,"menu_order":0,"comment_status":"closed","ping_status":"closed","template":"","meta":{"_acf_changed":false,"footnotes":""},"class_list":["post-60824","page","type-page","status-publish","has-post-thumbnail","hentry"],"acf":[],"_links":{"self":[{"href":"https:\/\/www.entrack.no\/en\/wp-json\/wp\/v2\/pages\/60824","targetHints":{"allow":["GET"]}}],"collection":[{"href":"https:\/\/www.entrack.no\/en\/wp-json\/wp\/v2\/pages"}],"about":[{"href":"https:\/\/www.entrack.no\/en\/wp-json\/wp\/v2\/types\/page"}],"author":[{"embeddable":true,"href":"https:\/\/www.entrack.no\/en\/wp-json\/wp\/v2\/users\/1"}],"replies":[{"embeddable":true,"href":"https:\/\/www.entrack.no\/en\/wp-json\/wp\/v2\/comments?post=60824"}],"version-history":[{"count":2,"href":"https:\/\/www.entrack.no\/en\/wp-json\/wp\/v2\/pages\/60824\/revisions"}],"predecessor-version":[{"id":63255,"href":"https:\/\/www.entrack.no\/en\/wp-json\/wp\/v2\/pages\/60824\/revisions\/63255"}],"wp:featuredmedia":[{"embeddable":true,"href":"https:\/\/www.entrack.no\/en\/wp-json\/wp\/v2\/media\/47570"}],"wp:attachment":[{"href":"https:\/\/www.entrack.no\/en\/wp-json\/wp\/v2\/media?parent=60824"}],"curies":[{"name":"wp","href":"https:\/\/api.w.org\/{rel}","templated":true}]}}