{"id":60807,"date":"2025-11-30T09:48:00","date_gmt":"2025-11-30T08:48:00","guid":{"rendered":"https:\/\/www.entrack.no\/?page_id=60807"},"modified":"2025-11-17T10:49:37","modified_gmt":"2025-11-17T09:49:37","slug":"booster","status":"publish","type":"page","link":"https:\/\/www.entrack.no\/en\/booster\/","title":{"rendered":"Booster"},"content":{"rendered":"\t\t<div data-elementor-type=\"wp-page\" data-elementor-id=\"60807\" class=\"elementor elementor-60807\" data-elementor-post-type=\"page\">\n\t\t\t\t\t\t<section class=\"elementor-section elementor-top-section elementor-element elementor-element-d14efc8 elementor-section-boxed elementor-section-height-default elementor-section-height-default\" data-id=\"d14efc8\" data-element_type=\"section\" data-e-type=\"section\" data-settings=\"{&quot;background_background&quot;:&quot;classic&quot;}\">\n\t\t\t\t\t\t<div class=\"elementor-container elementor-column-gap-default\">\n\t\t\t\t\t<div class=\"elementor-column elementor-col-100 elementor-top-column elementor-element elementor-element-343b0a2\" data-id=\"343b0a2\" data-element_type=\"column\" data-e-type=\"column\">\n\t\t\t<div class=\"elementor-widget-wrap elementor-element-populated\">\n\t\t\t\t\t\t<div class=\"elementor-element elementor-element-3ac8400 elementor-widget elementor-widget-image\" data-id=\"3ac8400\" data-element_type=\"widget\" data-e-type=\"widget\" data-widget_type=\"image.default\">\n\t\t\t\t<div class=\"elementor-widget-container\">\n\t\t\t\t\t\t\t\t\t\t\t\t\t\t\t<img fetchpriority=\"high\" decoding=\"async\" width=\"1280\" height=\"670\" src=\"https:\/\/www.entrack.no\/wp-content\/uploads\/2023\/11\/filer2-\u2013-stort.jpeg\" class=\"attachment-full size-full wp-image-60809\" alt=\"\" srcset=\"https:\/\/www.entrack.no\/wp-content\/uploads\/2023\/11\/filer2-\u2013-stort.jpeg 1280w, https:\/\/www.entrack.no\/wp-content\/uploads\/2023\/11\/filer2-\u2013-stort-800x419.jpeg 800w, https:\/\/www.entrack.no\/wp-content\/uploads\/2023\/11\/filer2-\u2013-stort-300x157.jpeg 300w, https:\/\/www.entrack.no\/wp-content\/uploads\/2023\/11\/filer2-\u2013-stort-1024x536.jpeg 1024w, https:\/\/www.entrack.no\/wp-content\/uploads\/2023\/11\/filer2-\u2013-stort-768x402.jpeg 768w, https:\/\/www.entrack.no\/wp-content\/uploads\/2023\/11\/filer2-\u2013-stort-610x319.jpeg 610w\" sizes=\"(max-width: 1280px) 100vw, 1280px\" \/>\t\t\t\t\t\t\t\t\t\t\t\t\t\t\t<\/div>\n\t\t\t\t<\/div>\n\t\t\t\t\t<\/div>\n\t\t<\/div>\n\t\t\t\t\t<\/div>\n\t\t<\/section>\n\t\t\t\t<section class=\"elementor-section elementor-top-section elementor-element elementor-element-e0194fe elementor-section-boxed elementor-section-height-default elementor-section-height-default\" data-id=\"e0194fe\" data-element_type=\"section\" data-e-type=\"section\">\n\t\t\t\t\t\t<div class=\"elementor-container elementor-column-gap-default\">\n\t\t\t\t\t<div class=\"elementor-column elementor-col-100 elementor-top-column elementor-element elementor-element-da50b92\" data-id=\"da50b92\" data-element_type=\"column\" data-e-type=\"column\">\n\t\t\t<div class=\"elementor-widget-wrap elementor-element-populated\">\n\t\t\t\t\t\t<div class=\"elementor-element elementor-element-3cce0c5 elementor-widget elementor-widget-heading\" data-id=\"3cce0c5\" data-element_type=\"widget\" data-e-type=\"widget\" data-widget_type=\"heading.default\">\n\t\t\t\t<div class=\"elementor-widget-container\">\n\t\t\t\t\t<h3 class=\"elementor-heading-title elementor-size-default\">Skaff deg den ultimate starthjelpen!<\/h3>\t\t\t\t<\/div>\n\t\t\t\t<\/div>\n\t\t\t\t<div class=\"elementor-element elementor-element-130083d elementor-widget elementor-widget-heading\" data-id=\"130083d\" data-element_type=\"widget\" data-e-type=\"widget\" data-widget_type=\"heading.default\">\n\t\t\t\t<div class=\"elementor-widget-container\">\n\t\t\t\t\t<h1 class=\"elementor-heading-title elementor-size-default\">Banner Booster 12\/24V <\/h1>\t\t\t\t<\/div>\n\t\t\t\t<\/div>\n\t\t\t\t<div class=\"elementor-element elementor-element-56b7c7e tilbud elementor-widget elementor-widget-text-editor\" data-id=\"56b7c7e\" data-element_type=\"widget\" data-e-type=\"widget\" data-widget_type=\"text-editor.default\">\n\t\t\t\t<div class=\"elementor-widget-container\">\n\t\t\t\t\t\t\t\t\t<p><strong>Kun kr 6.700,- eks.mva.<\/strong><\/p><p>Kontakt oss via skjema under og skaff deg et kvalitetsprodukt til en knallpris!\u00a0<\/p><p>Tilbudet gjelder fra 01.12 til 31.01<\/p>\t\t\t\t\t\t\t\t<\/div>\n\t\t\t\t<\/div>\n\t\t\t\t<div class=\"elementor-element elementor-element-92d9719 elementor-button-align-stretch elementor-widget elementor-widget-form\" data-id=\"92d9719\" data-element_type=\"widget\" data-e-type=\"widget\" data-settings=\"{&quot;step_next_label&quot;:&quot;Next&quot;,&quot;step_previous_label&quot;:&quot;Previous&quot;,&quot;button_width&quot;:&quot;100&quot;,&quot;step_type&quot;:&quot;number_text&quot;,&quot;step_icon_shape&quot;:&quot;circle&quot;}\" data-widget_type=\"form.default\">\n\t\t\t\t<div class=\"elementor-widget-container\">\n\t\t\t\t\t\t\t<form class=\"elementor-form\" method=\"post\" name=\"Boostertilbud\" aria-label=\"Boostertilbud\">\n\t\t\t<input type=\"hidden\" name=\"post_id\" value=\"60807\"\/>\n\t\t\t<input type=\"hidden\" name=\"form_id\" value=\"92d9719\"\/>\n\t\t\t<input type=\"hidden\" name=\"referer_title\" value=\"Booster| Entrack\" \/>\n\n\t\t\t\t\t\t\t<input type=\"hidden\" name=\"queried_id\" value=\"60807\"\/>\n\t\t\t\n\t\t\t<div class=\"elementor-form-fields-wrapper elementor-labels-above\">\n\t\t\t\t\t\t\t\t<div class=\"elementor-field-type-text elementor-field-group elementor-column elementor-field-group-name elementor-col-100\">\n\t\t\t\t\t\t\t\t\t\t\t\t<label for=\"form-field-name\" class=\"elementor-field-label\">\n\t\t\t\t\t\t\t\tNavn\t\t\t\t\t\t\t<\/label>\n\t\t\t\t\t\t\t\t\t\t\t\t\t\t<input size=\"1\" type=\"text\" name=\"form_fields[name]\" id=\"form-field-name\" class=\"elementor-field elementor-size-sm  elementor-field-textual\" placeholder=\"Navn\">\n\t\t\t\t\t\t\t\t\t\t\t<\/div>\n\t\t\t\t\t\t\t\t<div class=\"elementor-field-type-email elementor-field-group elementor-column elementor-field-group-email elementor-col-100 elementor-field-required\">\n\t\t\t\t\t\t\t\t\t\t\t\t<label for=\"form-field-email\" class=\"elementor-field-label\">\n\t\t\t\t\t\t\t\tEpost\t\t\t\t\t\t\t<\/label>\n\t\t\t\t\t\t\t\t\t\t\t\t\t\t<input size=\"1\" type=\"email\" name=\"form_fields[email]\" id=\"form-field-email\" class=\"elementor-field elementor-size-sm  elementor-field-textual\" placeholder=\"Epost\" required=\"required\">\n\t\t\t\t\t\t\t\t\t\t\t<\/div>\n\t\t\t\t\t\t\t\t<div class=\"elementor-field-type-text elementor-field-group elementor-column elementor-field-group-telefon elementor-col-100 elementor-field-required\">\n\t\t\t\t\t\t\t\t\t\t\t\t<label for=\"form-field-telefon\" class=\"elementor-field-label\">\n\t\t\t\t\t\t\t\tTelefon\t\t\t\t\t\t\t<\/label>\n\t\t\t\t\t\t\t\t\t\t\t\t\t\t<input size=\"1\" type=\"text\" name=\"form_fields[telefon]\" id=\"form-field-telefon\" class=\"elementor-field elementor-size-sm  elementor-field-textual\" placeholder=\"Telefon\" required=\"required\">\n\t\t\t\t\t\t\t\t\t\t\t<\/div>\n\t\t\t\t\t\t\t\t<div class=\"elementor-field-type-textarea elementor-field-group elementor-column elementor-field-group-message elementor-col-100 elementor-field-required\">\n\t\t\t\t\t\t\t\t\t\t\t\t<label for=\"form-field-message\" class=\"elementor-field-label\">\n\t\t\t\t\t\t\t\tMelding\t\t\t\t\t\t\t<\/label>\n\t\t\t\t\t\t<textarea class=\"elementor-field-textual elementor-field  elementor-size-sm\" name=\"form_fields[message]\" id=\"form-field-message\" rows=\"4\" placeholder=\"Skriv her om du \u00f8nsker \u00e5 bestille eller \u00f8nsker mer info.\" required=\"required\"><\/textarea>\t\t\t\t<\/div>\n\t\t\t\t\t\t\t\t<div class=\"elementor-field-group elementor-column elementor-field-type-submit elementor-col-100 e-form__buttons\">\n\t\t\t\t\t<button class=\"elementor-button elementor-size-sm\" type=\"submit\">\n\t\t\t\t\t\t<span class=\"elementor-button-content-wrapper\">\n\t\t\t\t\t\t\t\t\t\t\t\t\t\t\t\t\t\t\t\t\t\t<span class=\"elementor-button-text\">Send<\/span>\n\t\t\t\t\t\t\t\t\t\t\t\t\t<\/span>\n\t\t\t\t\t<\/button>\n\t\t\t\t<\/div>\n\t\t\t<\/div>\n\t\t<\/form>\n\t\t\t\t\t\t<\/div>\n\t\t\t\t<\/div>\n\t\t\t\t\t<\/div>\n\t\t<\/div>\n\t\t\t\t\t<\/div>\n\t\t<\/section>\n\t\t\t\t<\/div>\n\t\t<span class=\"et_bloom_bottom_trigger\"><\/span>","protected":false},"excerpt":{"rendered":"<p>Get the ultimate jump start! Banner Booster 12\/24V Only NOK 6.700,- ex.VAT. Contact us via the form below and get yourself a quality product at a great price!  Offer valid from 01 December to 31 January<\/p>","protected":false},"author":1,"featured_media":60809,"parent":0,"menu_order":0,"comment_status":"closed","ping_status":"closed","template":"","meta":{"_acf_changed":false,"footnotes":""},"class_list":["post-60807","page","type-page","status-publish","has-post-thumbnail","hentry"],"acf":[],"_links":{"self":[{"href":"https:\/\/www.entrack.no\/en\/wp-json\/wp\/v2\/pages\/60807","targetHints":{"allow":["GET"]}}],"collection":[{"href":"https:\/\/www.entrack.no\/en\/wp-json\/wp\/v2\/pages"}],"about":[{"href":"https:\/\/www.entrack.no\/en\/wp-json\/wp\/v2\/types\/page"}],"author":[{"embeddable":true,"href":"https:\/\/www.entrack.no\/en\/wp-json\/wp\/v2\/users\/1"}],"replies":[{"embeddable":true,"href":"https:\/\/www.entrack.no\/en\/wp-json\/wp\/v2\/comments?post=60807"}],"version-history":[{"count":5,"href":"https:\/\/www.entrack.no\/en\/wp-json\/wp\/v2\/pages\/60807\/revisions"}],"predecessor-version":[{"id":65539,"href":"https:\/\/www.entrack.no\/en\/wp-json\/wp\/v2\/pages\/60807\/revisions\/65539"}],"wp:featuredmedia":[{"embeddable":true,"href":"https:\/\/www.entrack.no\/en\/wp-json\/wp\/v2\/media\/60809"}],"wp:attachment":[{"href":"https:\/\/www.entrack.no\/en\/wp-json\/wp\/v2\/media?parent=60807"}],"curies":[{"name":"wp","href":"https:\/\/api.w.org\/{rel}","templated":true}]}}