{"id":60183,"date":"2023-06-07T13:56:48","date_gmt":"2023-06-07T11:56:48","guid":{"rendered":"https:\/\/www.entrack.no\/?page_id=60183"},"modified":"2026-04-25T17:57:05","modified_gmt":"2026-04-25T15:57:05","slug":"book-service","status":"publish","type":"page","link":"https:\/\/www.entrack.no\/en\/bestill-service\/","title":{"rendered":"Order service"},"content":{"rendered":"\t\t<div data-elementor-type=\"wp-page\" data-elementor-id=\"60183\" class=\"elementor elementor-60183\" data-elementor-post-type=\"page\">\n\t\t\t\t\t\t<section class=\"elementor-section elementor-top-section elementor-element elementor-element-ece2f3d elementor-section-boxed elementor-section-height-default elementor-section-height-default\" data-id=\"ece2f3d\" data-element_type=\"section\" data-e-type=\"section\">\n\t\t\t\t\t\t<div class=\"elementor-container elementor-column-gap-default\">\n\t\t\t\t\t<div class=\"elementor-column elementor-col-100 elementor-top-column elementor-element elementor-element-f49951a\" data-id=\"f49951a\" data-element_type=\"column\" data-e-type=\"column\">\n\t\t\t<div class=\"elementor-widget-wrap elementor-element-populated\">\n\t\t\t\t\t\t<div class=\"elementor-element elementor-element-90c377d elementor-widget elementor-widget-heading\" data-id=\"90c377d\" data-element_type=\"widget\" data-e-type=\"widget\" data-widget_type=\"heading.default\">\n\t\t\t\t<div class=\"elementor-widget-container\">\n\t\t\t\t\t<h1 class=\"elementor-heading-title elementor-size-default\">Bestill service<\/h1>\t\t\t\t<\/div>\n\t\t\t\t<\/div>\n\t\t\t\t\t<\/div>\n\t\t<\/div>\n\t\t\t\t\t<\/div>\n\t\t<\/section>\n\t\t\t\t<section class=\"elementor-section elementor-top-section elementor-element elementor-element-dd9934f elementor-section-boxed elementor-section-height-default elementor-section-height-default\" data-id=\"dd9934f\" data-element_type=\"section\" data-e-type=\"section\">\n\t\t\t\t\t\t<div class=\"elementor-container elementor-column-gap-default\">\n\t\t\t\t\t<div class=\"elementor-column elementor-col-100 elementor-top-column elementor-element elementor-element-cb81764\" data-id=\"cb81764\" data-element_type=\"column\" data-e-type=\"column\">\n\t\t\t<div class=\"elementor-widget-wrap elementor-element-populated\">\n\t\t\t\t\t\t<div class=\"elementor-element elementor-element-a2f18ea elementor-widget elementor-widget-text-editor\" data-id=\"a2f18ea\" data-element_type=\"widget\" data-e-type=\"widget\" data-widget_type=\"text-editor.default\">\n\t\t\t\t<div class=\"elementor-widget-container\">\n\t\t\t\t\t\t\t\t\t<p>Entrack AS bestreber seg p\u00e5 alltid \u00e5 yte best mulig service for v\u00e5re kunder. Fyll inn skjema og vi tar kontakt eller ring oss p\u00e5 62 94 54 40. <a href=\"https:\/\/www.entrack.no\/service\/#kobelcoServicepunkter\">Sjekk gjerne ut om en av\u00a0v\u00e5re service partnere er i ditt distrikt.<\/a><\/p><p>Vi gj\u00f8r oppmerksom p\u00e5 at Norske myndigheter krever at alle masseforflytningsmaskiner med effekt st\u00f8rre enn 15 kW (20,4 hk) skal ha en \u00e5rlig kontroll av sakkyndig virksomhet. Det gjelder ogs\u00e5 selv om maskinen kun brukes \u201cprivat\u201d.<\/p><p>I Norge er det rundt 200 bedrifter og enkeltmannsforetak som er godkjent for \u00e5 kunne foreta denne typen kontroll.<\/p><p>Ta kontakt med oss, s\u00e5 hjelper vi deg videre slik at du har all dokumentasjon i orden p\u00e5 maskinene dine.<\/p><p><strong>Det er viktig \u2013 spesielt hvis et uhell oppst\u00e5r.<\/strong><\/p>\t\t\t\t\t\t\t\t<\/div>\n\t\t\t\t<\/div>\n\t\t\t\t\t<\/div>\n\t\t<\/div>\n\t\t\t\t\t<\/div>\n\t\t<\/section>\n\t\t\t\t<section class=\"elementor-section elementor-top-section elementor-element elementor-element-8b84d11 elementor-section-boxed elementor-section-height-default elementor-section-height-default\" data-id=\"8b84d11\" data-element_type=\"section\" data-e-type=\"section\">\n\t\t\t\t\t\t<div class=\"elementor-container elementor-column-gap-default\">\n\t\t\t\t\t<div class=\"elementor-column elementor-col-100 elementor-top-column elementor-element elementor-element-c41204c\" data-id=\"c41204c\" data-element_type=\"column\" data-e-type=\"column\">\n\t\t\t<div class=\"elementor-widget-wrap elementor-element-populated\">\n\t\t\t\t\t\t<div class=\"elementor-element elementor-element-e9ea55b elementor-widget elementor-widget-formidable\" data-id=\"e9ea55b\" data-element_type=\"widget\" data-e-type=\"widget\" data-widget_type=\"formidable.default\">\n\t\t\t\t<div class=\"elementor-widget-container\">\n\t\t\t\t\t<div class=\"frm_forms  with_frm_style frm_style_formidable-style\" id=\"frm_form_42_container\" data-token=\"6794cb936b9ef01ed29dad70a5ab8666\">\n<form enctype=\"multipart\/form-data\" method=\"post\" class=\"frm-show-form  frm_pro_form \" id=\"form_bestillservice\" data-token=\"6794cb936b9ef01ed29dad70a5ab8666\">\n<div class=\"frm_form_fields \">\n<fieldset>\n<legend class=\"frm_screen_reader\">Bestill service<\/legend>\r\n\r\n<div class=\"frm_fields_container\">\n<input type=\"hidden\" name=\"frm_action\" value=\"create\" \/>\n<input type=\"hidden\" name=\"form_id\" value=\"42\" \/>\n<input type=\"hidden\" name=\"frm_hide_fields_42\" id=\"frm_hide_fields_42\" value=\"\" \/>\n<input type=\"hidden\" name=\"form_key\" value=\"bestillservice\" \/>\n<input type=\"hidden\" name=\"item_meta[0]\" value=\"\" \/>\n<input type=\"hidden\" id=\"frm_submit_entry_42\" name=\"frm_submit_entry_42\" value=\"721f88d5be\" \/><input type=\"hidden\" name=\"_wp_http_referer\" value=\"\/en\/wp-json\/wp\/v2\/pages\/60183\" \/><div id=\"frm_field_449_container\" class=\"frm_form_field form-field  frm_required_field frm_top_container frm6 frm_first\">\r\n    <label for=\"field_qibre\" id=\"field_qibre_label\" class=\"frm_primary_label\">Kundenavn\r\n        <span class=\"frm_required\" aria-hidden=\"true\">*<\/span>\r\n    <\/label>\r\n    <input  type=\"text\" id=\"field_qibre\" name=\"item_meta[449]\" value=\"\"  data-reqmsg=\"Dette feltet m\u00e5 fylles ut. \" aria-required=\"true\" data-invmsg=\"Tekst is invalid\" aria-invalid=\"false\"   \/>\r\n    \r\n    \r\n<\/div>\n<div id=\"frm_field_450_container\" class=\"frm_form_field form-field  frm_required_field frm_top_container frm6\">\r\n    <label for=\"field_qcin2\" id=\"field_qcin2_label\" class=\"frm_primary_label\">E-post\r\n        <span class=\"frm_required\" aria-hidden=\"true\">*<\/span>\r\n    <\/label>\r\n    <input type=\"email\" id=\"field_qcin2\" name=\"item_meta[450]\" value=\"\"  data-reqmsg=\"Dette feltet m\u00e5 fylles ut. \" aria-required=\"true\" data-invmsg=\"E-post is invalid\" aria-invalid=\"false\"  \/>\r\n    \r\n    \r\n<\/div>\n<div id=\"frm_field_451_container\" class=\"frm_form_field form-field  frm_required_field frm_top_container frm6 frm_first\">\r\n    <label for=\"field_eznu7\" id=\"field_eznu7_label\" class=\"frm_primary_label\">Maskintype\r\n        <span class=\"frm_required\" aria-hidden=\"true\">*<\/span>\r\n    <\/label>\r\n    \t\t<select name=\"item_meta[451]\" id=\"field_eznu7\"  data-reqmsg=\"Dette feltet m\u00e5 fylles ut. \" aria-required=\"true\" data-invmsg=\"Maskintype is invalid\" aria-invalid=\"false\"  >\n\t\t<option  value=\"\" selected='selected'> <\/option><option  value=\"Kramer\">Kramer<\/option><option  value=\"Kobelco\">Kobelco<\/option><option  value=\"Yanmar\">Yanmar<\/option><option  value=\"Ljungby\">Ljungby<\/option><option  value=\"Annet\">Annet<\/option>\t<\/select>\n\t\r\n    \r\n    \r\n<\/div>\n<div id=\"frm_field_452_container\" class=\"frm_form_field form-field  frm_top_container frm6\">\r\n    <label for=\"field_endh9\" id=\"field_endh9_label\" class=\"frm_primary_label\">Modell\r\n        <span class=\"frm_required\" aria-hidden=\"true\"><\/span>\r\n    <\/label>\r\n    <input  type=\"text\" id=\"field_endh9\" name=\"item_meta[452]\" value=\"\"  data-invmsg=\"Tekst is invalid\" aria-invalid=\"false\"   \/>\r\n    \r\n    \r\n<\/div>\n<div id=\"frm_field_453_container\" class=\"frm_form_field form-field  frm_top_container frm6 frm_first\">\r\n    <label for=\"field_ol0d3\" id=\"field_ol0d3_label\" class=\"frm_primary_label\">Serienummer\r\n        <span class=\"frm_required\" aria-hidden=\"true\"><\/span>\r\n    <\/label>\r\n    <input  type=\"text\" id=\"field_ol0d3\" name=\"item_meta[453]\" value=\"\"  data-invmsg=\"Tekst is invalid\" aria-invalid=\"false\"   \/>\r\n    \r\n    \r\n<\/div>\n<div id=\"frm_field_454_container\" class=\"frm_form_field form-field  frm_top_container frm6\">\r\n    <label for=\"field_sjxi4\" id=\"field_sjxi4_label\" class=\"frm_primary_label\">\u00c5rsmodell\r\n        <span class=\"frm_required\" aria-hidden=\"true\"><\/span>\r\n    <\/label>\r\n    <input  type=\"text\" id=\"field_sjxi4\" name=\"item_meta[454]\" value=\"\"  data-invmsg=\"Tekst is invalid\" aria-invalid=\"false\"   \/>\r\n    \r\n    \r\n<\/div>\n<div id=\"frm_field_457_container\" class=\"frm_form_field form-field  frm_required_field frm_top_container\">\r\n    <label for=\"field_zf2xa\" id=\"field_zf2xa_label\" class=\"frm_primary_label\">Velg distrikt\r\n        <span class=\"frm_required\" aria-hidden=\"true\">*<\/span>\r\n    <\/label>\r\n    \t\t<select name=\"item_meta[457]\" id=\"field_zf2xa\"  data-reqmsg=\"Dette feltet m\u00e5 fylles ut. \" aria-required=\"true\" data-invmsg=\"Velg distrikt is invalid\" aria-invalid=\"false\"  >\n\t\t<option  value=\"\" selected='selected'> <\/option><option  value=\"Distrikt \u2013 Alta Finnmark\">Distrikt \u2013 Alta Finnmark<\/option><option  value=\"Distrikt \u2013 Troms\u00f8 og omegn\">Distrikt \u2013 Troms\u00f8 og omegn<\/option><option  value=\"Distrikt \u2013 Nordland \u00f8st\">Distrikt \u2013 Nordland \u00f8st<\/option><option  value=\"Distrikt \u2013 Nordland vest\">Distrikt \u2013 Nordland vest<\/option><option  value=\"Distrikt \u2013 Nordland s\u00f8r\">Distrikt \u2013 Nordland s\u00f8r<\/option><option  value=\"Distrikt \u2013 Nord Tr\u00f8nderlag\">Distrikt \u2013 Nord Tr\u00f8nderlag<\/option><option  value=\"Distrikt \u2013 Tr\u00f8ndelag\">Distrikt \u2013 Tr\u00f8ndelag<\/option><option  value=\"Distrikt \u2013 Nord M\u00f8re og M\u00f8re og Romsdal\">Distrikt \u2013 Nord M\u00f8re og M\u00f8re og Romsdal<\/option><option  value=\"Distrikt \u2013 Sogn og Fjordane\/ fra Sognefjorden til Voldsfjorden\">Distrikt \u2013 Sogn og Fjordane\/ fra Sognefjorden til Voldsfjorden<\/option><option  value=\"Distrikt \u2013 Hordaland \/ Sogn og Fjordane syd for Sognefjorden\">Distrikt \u2013 Hordaland \/ Sogn og Fjordane syd for Sognefjorden<\/option><option  value=\"Distrikt \u2013 Hordaland \u00f8st (\u00d8ystese)\">Distrikt \u2013 Hordaland \u00f8st (\u00d8ystese)<\/option><option  value=\"Distrikt \u2013 Hordaland \u00f8st (Voss)\">Distrikt \u2013 Hordaland \u00f8st (Voss)<\/option><option  value=\"Distrikt \u2013 E39 \u00d8st \/ Hordland s\u00f8r\/ Rogland\">Distrikt \u2013 E39 \u00d8st \/ Hordland s\u00f8r\/ Rogland<\/option><option  value=\"Distrikt \u2013 Rogland Nord \/ Stord \/ E39\">Distrikt \u2013 Rogland Nord \/ Stord \/ E39<\/option><option  value=\"Distrikt \u2013 Rogaland til Boknafjorden\">Distrikt \u2013 Rogaland til Boknafjorden<\/option><option  value=\"Distrikt \u2013 Aust og Vest Agder\">Distrikt \u2013 Aust og Vest Agder<\/option><option  value=\"Distrikt \u2013 Hedmark nord\">Distrikt \u2013 Hedmark nord<\/option><option  value=\"Distrikt \u2013 Drammen og omegn\">Distrikt \u2013 Drammen og omegn<\/option><option  value=\"Distrikt \u2013 Moss\">Distrikt \u2013 Moss<\/option><option  value=\"Distrikt \u2013 Hedmark\">Distrikt \u2013 Hedmark<\/option><option  value=\"Distrikt \u2013 Hedmark Syd\">Distrikt \u2013 Hedmark Syd<\/option>\t<\/select>\n\t\r\n    \r\n    \r\n<\/div>\n<div id=\"frm_field_455_container\" class=\"frm_form_field form-field  frm_top_container\">\r\n    <label for=\"field_exed4\" id=\"field_exed4_label\" class=\"frm_primary_label\">Problemestilling \/ Merknad\r\n        <span class=\"frm_required\" aria-hidden=\"true\"><\/span>\r\n    <\/label>\r\n    <textarea name=\"item_meta[455]\" id=\"field_exed4\" rows=\"5\"  data-invmsg=\"Paragraph is invalid\" aria-invalid=\"false\"  ><\/textarea>\r\n    \r\n    \r\n<\/div>\n<div id=\"frm_field_456_container\" class=\"frm_form_field form-field  frm_none_container\">\r\n    <label for=\"g-recaptcha-response\" id=\"field_mp9uf_label\" class=\"frm_primary_label\">Captcha\r\n        <span class=\"frm_required\" aria-hidden=\"true\"><\/span>\r\n    <\/label>\r\n    <div  id=\"field_mp9uf\" class=\"frm-g-recaptcha\" data-sitekey=\"6Lcnsw4mAAAAAMIfbCUbYtUXqpXeqEMuWq6EmyPS\" data-size=\"invisible\" data-theme=\"light\"><\/div>\r\n    \r\n    \r\n<\/div>\n\t<input type=\"hidden\" name=\"item_key\" value=\"\" \/>\n\t\t\t<div id=\"frm_field_558_container\">\n\t\t\t<label for=\"field_qyuq\" >\n\t\t\t\tIf you are human, leave this field blank.\t\t\t<\/label>\n\t\t\t<input  id=\"field_qyuq\" type=\"text\" class=\"frm_form_field form-field frm_verify\" name=\"item_meta[558]\" value=\"\"  \/>\n\t\t<\/div>\n\t\t<input name=\"frm_state\" type=\"hidden\" value=\"M4bSttsc82uhYqGACYjxpru1clIVYzqFRz+i7tlVHx2vIlbDYRYTxSYUqQWhJ6Xt\" \/><div class=\"frm_submit\">\r\n\r\n<button class=\"frm_button_submit frm_final_submit\" type=\"submit\"   formnovalidate=\"formnovalidate\">Send<\/button>\r\n\r\n\r\n<\/div><\/div>\n<\/fieldset>\n<\/div>\n\n<\/form>\n<\/div>\n\t\t\t\t<\/div>\n\t\t\t\t<\/div>\n\t\t\t\t\t<\/div>\n\t\t<\/div>\n\t\t\t\t\t<\/div>\n\t\t<\/section>\n\t\t\t\t<\/div>\n\t\t<span class=\"et_bloom_bottom_trigger\"><\/span>","protected":false},"excerpt":{"rendered":"<p>Bestill service Entrack AS bestreber seg p\u00e5 alltid \u00e5 yte best mulig service for v\u00e5re kunder. Fyll inn skjema og vi tar kontakt eller ring oss p\u00e5 62 94 54 40. Sjekk gjerne ut om en av\u00a0v\u00e5re service partnere er i ditt distrikt. Vi gj\u00f8r oppmerksom p\u00e5 at Norske myndigheter krever at alle masseforflytningsmaskiner med [&hellip;]<\/p>\n","protected":false},"author":1,"featured_media":0,"parent":0,"menu_order":0,"comment_status":"closed","ping_status":"closed","template":"","meta":{"_acf_changed":false,"footnotes":""},"class_list":["post-60183","page","type-page","status-publish","hentry"],"acf":[],"_links":{"self":[{"href":"https:\/\/www.entrack.no\/en\/wp-json\/wp\/v2\/pages\/60183","targetHints":{"allow":["GET"]}}],"collection":[{"href":"https:\/\/www.entrack.no\/en\/wp-json\/wp\/v2\/pages"}],"about":[{"href":"https:\/\/www.entrack.no\/en\/wp-json\/wp\/v2\/types\/page"}],"author":[{"embeddable":true,"href":"https:\/\/www.entrack.no\/en\/wp-json\/wp\/v2\/users\/1"}],"replies":[{"embeddable":true,"href":"https:\/\/www.entrack.no\/en\/wp-json\/wp\/v2\/comments?post=60183"}],"version-history":[{"count":7,"href":"https:\/\/www.entrack.no\/en\/wp-json\/wp\/v2\/pages\/60183\/revisions"}],"predecessor-version":[{"id":66439,"href":"https:\/\/www.entrack.no\/en\/wp-json\/wp\/v2\/pages\/60183\/revisions\/66439"}],"wp:attachment":[{"href":"https:\/\/www.entrack.no\/en\/wp-json\/wp\/v2\/media?parent=60183"}],"curies":[{"name":"wp","href":"https:\/\/api.w.org\/{rel}","templated":true}]}}