{"id":59944,"date":"2023-06-05T12:47:59","date_gmt":"2023-06-05T10:47:59","guid":{"rendered":"https:\/\/www.entrack.no\/?page_id=59944"},"modified":"2025-11-11T22:18:39","modified_gmt":"2025-11-11T21:18:39","slug":"spare-parts-for-kramer","status":"publish","type":"page","link":"https:\/\/www.entrack.no\/en\/deler\/reservedeler-til-kramer\/","title":{"rendered":"Spare parts for Kramer"},"content":{"rendered":"\t\t<div data-elementor-type=\"wp-post\" data-elementor-id=\"59944\" class=\"elementor elementor-59944\" data-elementor-post-type=\"page\">\n\t\t\t\t\t\t<section class=\"elementor-section elementor-top-section elementor-element elementor-element-360b3de elementor-section-full_width elementor-section-height-default elementor-section-height-default\" data-id=\"360b3de\" data-element_type=\"section\" data-e-type=\"section\">\n\t\t\t\t\t\t<div class=\"elementor-container elementor-column-gap-default\">\n\t\t\t\t\t<div class=\"elementor-column elementor-col-100 elementor-top-column elementor-element elementor-element-7faaba2\" data-id=\"7faaba2\" data-element_type=\"column\" data-e-type=\"column\">\n\t\t\t<div class=\"elementor-widget-wrap elementor-element-populated\">\n\t\t\t\t\t\t<div class=\"elementor-element elementor-element-415d2e1 elementor-widget elementor-widget-heading\" data-id=\"415d2e1\" data-element_type=\"widget\" data-e-type=\"widget\" data-widget_type=\"heading.default\">\n\t\t\t\t<div class=\"elementor-widget-container\">\n\t\t\t\t\t<h1 class=\"elementor-heading-title elementor-size-default\">Reservedeler til Kramer<\/h1>\t\t\t\t<\/div>\n\t\t\t\t<\/div>\n\t\t\t\t\t<\/div>\n\t\t<\/div>\n\t\t\t\t\t<\/div>\n\t\t<\/section>\n\t\t\t\t<section class=\"elementor-section elementor-top-section elementor-element elementor-element-326a56a elementor-section-full_width elementor-section-height-default elementor-section-height-default\" data-id=\"326a56a\" data-element_type=\"section\" data-e-type=\"section\">\n\t\t\t\t\t\t<div class=\"elementor-container elementor-column-gap-default\">\n\t\t\t\t\t<div class=\"elementor-column elementor-col-50 elementor-top-column elementor-element elementor-element-be7c2a6\" data-id=\"be7c2a6\" data-element_type=\"column\" data-e-type=\"column\">\n\t\t\t<div class=\"elementor-widget-wrap elementor-element-populated\">\n\t\t\t\t\t\t<div class=\"elementor-element elementor-element-2b43aa2 elementor-widget elementor-widget-text-editor\" data-id=\"2b43aa2\" data-element_type=\"widget\" data-e-type=\"widget\" data-widget_type=\"text-editor.default\">\n\t\t\t\t<div class=\"elementor-widget-container\">\n\t\t\t\t\t\t\t\t\t<p>Vi selger originale Kramer deler til kunder i hele Norge. Om vi har maskinens <span style=\"text-decoration: underline;\">serienummer<\/span> vet vi eksakt hvilken del du skal ha. Vi deler ekspertise med v\u00e5r serviceavdeling om det skulle v\u00e6re tekniske sp\u00f8rsm\u00e5l.<\/p>\t\t\t\t\t\t\t\t<\/div>\n\t\t\t\t<\/div>\n\t\t\t\t<div class=\"elementor-element elementor-element-6aa9eed elementor-widget elementor-widget-text-editor\" data-id=\"6aa9eed\" data-element_type=\"widget\" data-e-type=\"widget\" data-widget_type=\"text-editor.default\">\n\t\t\t\t<div class=\"elementor-widget-container\">\n\t\t\t\t\t\t\t\t\t<p><strong>Pr\u00f8v oss &#8211; vi leverer originaldeler raskt og rimelig over hele landet.<\/strong><\/p><p><strong>Benytt kontaktskjemaet nedenfor eller kontakt oss p\u00e5:<\/strong><br \/><strong>Epost: <a href=\"mailto:firmapost@entrack.no\">firmapost@entrack.no<\/a> <\/strong><br \/><strong>Telefon <span style=\"color: #333333;\">62 94 54 40<\/span><\/strong><\/p><p><a href=\"https:\/\/www.entrack.no\/avdelinger\/\">Eller finn din n\u00e6rmeste avdeling her!<\/a><\/p>\t\t\t\t\t\t\t\t<\/div>\n\t\t\t\t<\/div>\n\t\t\t\t\t<\/div>\n\t\t<\/div>\n\t\t\t\t<div class=\"elementor-column elementor-col-50 elementor-top-column elementor-element elementor-element-80860e1\" data-id=\"80860e1\" data-element_type=\"column\" data-e-type=\"column\">\n\t\t\t<div class=\"elementor-widget-wrap elementor-element-populated\">\n\t\t\t\t\t\t<div class=\"elementor-element elementor-element-9b39d63 elementor-widget elementor-widget-heading\" data-id=\"9b39d63\" data-element_type=\"widget\" data-e-type=\"widget\" data-widget_type=\"heading.default\">\n\t\t\t\t<div class=\"elementor-widget-container\">\n\t\t\t\t\t<h2 class=\"elementor-heading-title elementor-size-default\">Deletelefon:<\/h2>\t\t\t\t<\/div>\n\t\t\t\t<\/div>\n\t\t\t\t<div class=\"elementor-element elementor-element-a6ed431 elementor-widget elementor-widget-heading\" data-id=\"a6ed431\" data-element_type=\"widget\" data-e-type=\"widget\" data-widget_type=\"heading.default\">\n\t\t\t\t<div class=\"elementor-widget-container\">\n\t\t\t\t\t<h2 class=\"elementor-heading-title elementor-size-default\">62 94 54 40<\/h2>\t\t\t\t<\/div>\n\t\t\t\t<\/div>\n\t\t\t\t<div class=\"elementor-element elementor-element-f0844de elementor-widget elementor-widget-image\" data-id=\"f0844de\" data-element_type=\"widget\" data-e-type=\"widget\" data-widget_type=\"image.default\">\n\t\t\t\t<div class=\"elementor-widget-container\">\n\t\t\t\t\t\t\t\t\t\t\t\t\t\t\t<img fetchpriority=\"high\" decoding=\"async\" width=\"640\" height=\"427\" src=\"https:\/\/www.entrack.no\/wp-content\/uploads\/2023\/04\/Kramer-4007-1-Middels.jpeg\" class=\"attachment-large size-large wp-image-58189\" alt=\"\" srcset=\"https:\/\/www.entrack.no\/wp-content\/uploads\/2023\/04\/Kramer-4007-1-Middels.jpeg 640w, https:\/\/www.entrack.no\/wp-content\/uploads\/2023\/04\/Kramer-4007-1-Middels-300x200.jpeg 300w, https:\/\/www.entrack.no\/wp-content\/uploads\/2023\/04\/Kramer-4007-1-Middels-610x407.jpeg 610w, https:\/\/www.entrack.no\/wp-content\/uploads\/2023\/04\/Kramer-4007-1-Middels-600x400.jpeg 600w\" sizes=\"(max-width: 640px) 100vw, 640px\" \/>\t\t\t\t\t\t\t\t\t\t\t\t\t\t\t<\/div>\n\t\t\t\t<\/div>\n\t\t\t\t\t<\/div>\n\t\t<\/div>\n\t\t\t\t\t<\/div>\n\t\t<\/section>\n\t\t\t\t<section class=\"elementor-section elementor-top-section elementor-element elementor-element-9c62038 elementor-section-full_width elementor-section-height-default elementor-section-height-default\" data-id=\"9c62038\" data-element_type=\"section\" data-e-type=\"section\">\n\t\t\t\t\t\t<div class=\"elementor-container elementor-column-gap-default\">\n\t\t\t\t\t<div class=\"elementor-column elementor-col-66 elementor-top-column elementor-element elementor-element-50a1352\" data-id=\"50a1352\" data-element_type=\"column\" data-e-type=\"column\">\n\t\t\t<div class=\"elementor-widget-wrap elementor-element-populated\">\n\t\t\t\t\t\t<div class=\"elementor-element elementor-element-70c6227 elementor-widget elementor-widget-shortcode\" data-id=\"70c6227\" data-element_type=\"widget\" data-e-type=\"widget\" data-widget_type=\"shortcode.default\">\n\t\t\t\t<div class=\"elementor-widget-container\">\n\t\t\t\t\t\t\t<div class=\"elementor-shortcode\"><div class=\"frm_forms  with_frm_style frm_style_formidable-style\" id=\"frm_form_9_container\" >\n<form enctype=\"multipart\/form-data\" method=\"post\" class=\"frm-show-form  frm_pro_form \" id=\"form_kobelco-deler\" >\n<div class=\"frm_form_fields \">\n<fieldset>\n<legend class=\"frm_screen_reader\">Kobelco-deler<\/legend>\r\n\r\n<div class=\"frm_fields_container\">\n<input type=\"hidden\" name=\"frm_action\" value=\"create\" \/>\n<input type=\"hidden\" name=\"form_id\" value=\"9\" \/>\n<input type=\"hidden\" name=\"frm_hide_fields_9\" id=\"frm_hide_fields_9\" value=\"\" \/>\n<input type=\"hidden\" name=\"form_key\" value=\"kobelco-deler\" \/>\n<input type=\"hidden\" name=\"item_meta[0]\" value=\"\" \/>\n<input type=\"hidden\" id=\"frm_submit_entry_9\" name=\"frm_submit_entry_9\" value=\"6e171c8c25\" \/><input type=\"hidden\" name=\"_wp_http_referer\" value=\"\/en\/wp-json\/wp\/v2\/pages\/59944\" \/><div id=\"frm_field_542_container\" class=\"frm_form_field form-field  frm_top_container\">\n\t<label for=\"field_cdqmx\" id=\"field_cdqmx_label\" class=\"frm_primary_label\">Firmanavn\n\t\t<span class=\"frm_required\" aria-hidden=\"true\"><\/span>\n\t<\/label>\n\t<input  type=\"text\" id=\"field_cdqmx\" name=\"item_meta[542]\" value=\"\"  data-invmsg=\"Firmanavn is invalid\" aria-invalid=\"false\"   \/>\n\t\n\t\n<\/div>\n<div id=\"frm_field_80_container\" class=\"frm_form_field form-field  frm_required_field frm_top_container frm_first frm_half\">\r\n    <label for=\"field_qh4icy2383d5ace23\" id=\"field_qh4icy2383d5ace23_label\" class=\"frm_primary_label\">Navn\r\n        <span class=\"frm_required\">*<\/span>\r\n    <\/label>\r\n    <input  type=\"text\" id=\"field_qh4icy2383d5ace23\" name=\"item_meta[80]\" value=\"\"  data-reqmsg=\"Navn cannot be blank.\" aria-required=\"true\" data-invmsg=\"Name is invalid\" aria-invalid=\"false\"   aria-describedby=\"frm_desc_field_qh4icy2383d5ace23\" \/>\r\n    <div class=\"frm_description\" id=\"frm_desc_field_qh4icy2383d5ace23\">Navn<\/div>\r\n    \r\n<\/div>\n<div id=\"frm_field_81_container\" class=\"frm_form_field form-field  frm_required_field frm_hidden_container frm_half\">\r\n    <label for=\"field_ocfup12ec80088293\" id=\"field_ocfup12ec80088293_label\" class=\"frm_primary_label\">Etternavn\r\n        <span class=\"frm_required\">*<\/span>\r\n    <\/label>\r\n    <input  type=\"text\" id=\"field_ocfup12ec80088293\" name=\"item_meta[81]\" value=\"\"  data-reqmsg=\"Etternavn cannot be blank.\" aria-required=\"true\" data-invmsg=\"Last is invalid\" aria-invalid=\"false\"   aria-describedby=\"frm_desc_field_ocfup12ec80088293\" \/>\r\n    <div class=\"frm_description\" id=\"frm_desc_field_ocfup12ec80088293\">Etternavn<\/div>\r\n    \r\n<\/div>\n<div id=\"frm_field_85_container\" class=\"frm_form_field form-field  frm_required_field frm_top_container frm_full\">\r\n    <label for=\"field_61ot4\" id=\"field_61ot4_label\" class=\"frm_primary_label\">Maskinens serienummer\r\n        <span class=\"frm_required\">*<\/span>\r\n    <\/label>\r\n    <input  type=\"text\" id=\"field_61ot4\" name=\"item_meta[85]\" value=\"\"  data-reqmsg=\"Maskinens serienummer cannot be blank.\" aria-required=\"true\" data-invmsg=\"Subject is invalid\" aria-invalid=\"false\"   \/>\r\n    \r\n    \r\n<\/div>\n<div id=\"frm_field_82_container\" class=\"frm_form_field form-field  frm_required_field frm_top_container frm_full\">\r\n    <label for=\"field_29yf4d25085c7cad0\" id=\"field_29yf4d25085c7cad0_label\" class=\"frm_primary_label\">Epost\r\n        <span class=\"frm_required\">*<\/span>\r\n    <\/label>\r\n    <input type=\"email\" id=\"field_29yf4d25085c7cad0\" name=\"item_meta[82]\" value=\"\"  data-reqmsg=\"Epost cannot be blank.\" aria-required=\"true\" data-invmsg=\"Please enter a valid email address\" aria-invalid=\"false\"  \/>\r\n    \r\n    \r\n<\/div>\n<div id=\"frm_field_83_container\" class=\"frm_form_field form-field  frm_required_field frm_top_container frm_full\">\r\n    <label for=\"field_e6lis62eb4a3b7aae\" id=\"field_e6lis62eb4a3b7aae_label\" class=\"frm_primary_label\">Telefon\r\n        <span class=\"frm_required\">*<\/span>\r\n    <\/label>\r\n    <input  type=\"text\" id=\"field_e6lis62eb4a3b7aae\" name=\"item_meta[83]\" value=\"\"  data-reqmsg=\"Telefon cannot be blank.\" aria-required=\"true\" data-invmsg=\"Subject is invalid\" aria-invalid=\"false\"   \/>\r\n    \r\n    \r\n<\/div>\n<div id=\"frm_field_84_container\" class=\"frm_form_field form-field  frm_top_container frm_full\">\r\n    <label for=\"field_9jv0r128889749641\" id=\"field_9jv0r128889749641_label\" class=\"frm_primary_label\">Hva trenger du?\r\n        <span class=\"frm_required\"><\/span>\r\n    <\/label>\r\n    <textarea name=\"item_meta[84]\" id=\"field_9jv0r128889749641\" rows=\"5\"  data-invmsg=\"Hva trenger du? is invalid\" aria-invalid=\"false\"  ><\/textarea>\r\n    \r\n    \r\n<\/div>\n<div id=\"frm_field_110_container\" class=\"frm_form_field form-field  frm_none_container\">\r\n    <label for=\"g-recaptcha-response\" id=\"field_16mb9_label\" class=\"frm_primary_label\">Captcha\r\n        <span class=\"frm_required\"><\/span>\r\n    <\/label>\r\n    <div  id=\"field_16mb9\" class=\"frm-g-recaptcha\" data-sitekey=\"6Lcnsw4mAAAAAMIfbCUbYtUXqpXeqEMuWq6EmyPS\" data-size=\"invisible\" data-theme=\"light\"><\/div>\r\n    \r\n    \r\n<\/div>\n<div id=\"frm_field_540_container\" class=\"frm_form_field form-field \">\n\t<div class=\"frm_submit\">\r\n\r\n<button class=\"frm_button_submit frm_final_submit\" type=\"submit\"   formnovalidate=\"formnovalidate\">Send<\/button>\r\n\r\n<\/div>\n<\/div>\n\t<input type=\"hidden\" name=\"item_key\" value=\"\" \/>\n\t\t\t<div id=\"frm_field_558_container\">\n\t\t\t<label for=\"field_rmgwv\" >\n\t\t\t\tIf you are human, leave this field blank.\t\t\t<\/label>\n\t\t\t<input  id=\"field_rmgwv\" type=\"text\" class=\"frm_form_field form-field frm_verify\" name=\"item_meta[558]\" value=\"\"  \/>\n\t\t<\/div>\n\t\t<input name=\"frm_state\" type=\"hidden\" value=\"M4bSttsc82uhYqGACYjxpl2eR8DBaa3ew+rVYpj+cgivIlbDYRYTxSYUqQWhJ6Xt\" \/><\/div>\n<\/fieldset>\n<\/div>\n\n<\/form>\n<\/div>\n<\/div>\n\t\t\t\t\t\t<\/div>\n\t\t\t\t<\/div>\n\t\t\t\t\t<\/div>\n\t\t<\/div>\n\t\t\t\t<div class=\"elementor-column elementor-col-33 elementor-top-column elementor-element elementor-element-28cefdc\" data-id=\"28cefdc\" data-element_type=\"column\" data-e-type=\"column\">\n\t\t\t<div class=\"elementor-widget-wrap\">\n\t\t\t\t\t\t\t<\/div>\n\t\t<\/div>\n\t\t\t\t\t<\/div>\n\t\t<\/section>\n\t\t\t\t<\/div>\n\t\t<span class=\"et_bloom_bottom_trigger\"><\/span>","protected":false},"excerpt":{"rendered":"<p>Reservedeler til Kramer Vi selger originale Kramer deler til kunder i hele Norge. Om vi har maskinens serienummer vet vi eksakt hvilken del du skal ha. Vi deler ekspertise med v\u00e5r serviceavdeling om det skulle v\u00e6re tekniske sp\u00f8rsm\u00e5l. Pr\u00f8v oss &#8211; vi leverer originaldeler raskt og rimelig over hele landet. Benytt kontaktskjemaet nedenfor eller kontakt [&hellip;]<\/p>\n","protected":false},"author":1,"featured_media":58881,"parent":47721,"menu_order":0,"comment_status":"closed","ping_status":"closed","template":"","meta":{"_acf_changed":false,"footnotes":""},"class_list":["post-59944","page","type-page","status-publish","has-post-thumbnail","hentry"],"acf":[],"_links":{"self":[{"href":"https:\/\/www.entrack.no\/en\/wp-json\/wp\/v2\/pages\/59944","targetHints":{"allow":["GET"]}}],"collection":[{"href":"https:\/\/www.entrack.no\/en\/wp-json\/wp\/v2\/pages"}],"about":[{"href":"https:\/\/www.entrack.no\/en\/wp-json\/wp\/v2\/types\/page"}],"author":[{"embeddable":true,"href":"https:\/\/www.entrack.no\/en\/wp-json\/wp\/v2\/users\/1"}],"replies":[{"embeddable":true,"href":"https:\/\/www.entrack.no\/en\/wp-json\/wp\/v2\/comments?post=59944"}],"version-history":[{"count":5,"href":"https:\/\/www.entrack.no\/en\/wp-json\/wp\/v2\/pages\/59944\/revisions"}],"predecessor-version":[{"id":65348,"href":"https:\/\/www.entrack.no\/en\/wp-json\/wp\/v2\/pages\/59944\/revisions\/65348"}],"up":[{"embeddable":true,"href":"https:\/\/www.entrack.no\/en\/wp-json\/wp\/v2\/pages\/47721"}],"wp:featuredmedia":[{"embeddable":true,"href":"https:\/\/www.entrack.no\/en\/wp-json\/wp\/v2\/media\/58881"}],"wp:attachment":[{"href":"https:\/\/www.entrack.no\/en\/wp-json\/wp\/v2\/media?parent=59944"}],"curies":[{"name":"wp","href":"https:\/\/api.w.org\/{rel}","templated":true}]}}