{"id":57547,"date":"2023-03-22T11:22:01","date_gmt":"2023-03-22T10:22:01","guid":{"rendered":"https:\/\/www.entrack.no\/?page_id=57547"},"modified":"2025-11-24T14:52:19","modified_gmt":"2025-11-24T13:52:19","slug":"environmental-policy","status":"publish","type":"page","link":"https:\/\/www.entrack.no\/en\/miljopolicy\/","title":{"rendered":"Environmental policy"},"content":{"rendered":"<div data-elementor-type=\"wp-page\" data-elementor-id=\"57547\" class=\"elementor elementor-57547\" data-elementor-post-type=\"page\">\n\t\t\t\t\t\t<section class=\"elementor-section elementor-top-section elementor-element elementor-element-e2e390d elementor-section-boxed elementor-section-height-default elementor-section-height-default\" data-id=\"e2e390d\" data-element_type=\"section\" data-e-type=\"section\">\n\t\t\t\t\t\t<div class=\"elementor-container elementor-column-gap-default\">\n\t\t\t\t\t<div class=\"elementor-column elementor-col-100 elementor-top-column elementor-element elementor-element-01f3aab\" data-id=\"01f3aab\" data-element_type=\"column\" data-e-type=\"column\">\n\t\t\t<div class=\"elementor-widget-wrap elementor-element-populated\">\n\t\t\t\t\t\t<div class=\"elementor-element elementor-element-9e9c85a elementor-widget elementor-widget-image\" data-id=\"9e9c85a\" data-element_type=\"widget\" data-e-type=\"widget\" data-widget_type=\"image.default\">\n\t\t\t\t<div class=\"elementor-widget-container\">\n\t\t\t\t\t\t\t\t\t\t\t\t\t\t\t<img fetchpriority=\"high\" decoding=\"async\" width=\"850\" height=\"450\" src=\"https:\/\/www.entrack.no\/wp-content\/uploads\/2023\/03\/miljopolicy-1.jpg\" class=\"attachment-full size-full wp-image-57558\" alt=\"\" srcset=\"https:\/\/www.entrack.no\/wp-content\/uploads\/2023\/03\/miljopolicy-1.jpg 850w, https:\/\/www.entrack.no\/wp-content\/uploads\/2023\/03\/miljopolicy-1-800x424.jpg 800w, https:\/\/www.entrack.no\/wp-content\/uploads\/2023\/03\/miljopolicy-1-300x159.jpg 300w, https:\/\/www.entrack.no\/wp-content\/uploads\/2023\/03\/miljopolicy-1-768x407.jpg 768w, https:\/\/www.entrack.no\/wp-content\/uploads\/2023\/03\/miljopolicy-1-610x323.jpg 610w\" sizes=\"(max-width: 850px) 100vw, 850px\" \/>\t\t\t\t\t\t\t\t\t\t\t\t\t\t\t<\/div>\n\t\t\t\t<\/div>\n\t\t\t\t\t<\/div>\n\t\t<\/div>\n\t\t\t\t\t<\/div>\n\t\t<\/section>\n\t\t\t\t<section class=\"elementor-section elementor-top-section elementor-element elementor-element-a0370ed elementor-section-boxed elementor-section-height-default elementor-section-height-default\" data-id=\"a0370ed\" data-element_type=\"section\" data-e-type=\"section\">\n\t\t\t\t\t\t<div class=\"elementor-container elementor-column-gap-default\">\n\t\t\t\t\t<div class=\"elementor-column elementor-col-100 elementor-top-column elementor-element elementor-element-2cf0695\" data-id=\"2cf0695\" data-element_type=\"column\" data-e-type=\"column\">\n\t\t\t<div class=\"elementor-widget-wrap elementor-element-populated\">\n\t\t\t\t\t\t<div class=\"elementor-element elementor-element-995359b elementor-widget elementor-widget-heading\" data-id=\"995359b\" data-element_type=\"widget\" data-e-type=\"widget\" data-widget_type=\"heading.default\">\n\t\t\t\t<div class=\"elementor-widget-container\">\n\t\t\t\t\t<h1 class=\"elementor-heading-title elementor-size-default\">Policy for climate, environment and working environment<\/h1>\t\t\t\t<\/div>\n\t\t\t\t<\/div>\n\t\t\t\t<div class=\"elementor-element elementor-element-4b55764 elementor-widget elementor-widget-text-editor\" data-id=\"4b55764\" data-element_type=\"widget\" data-e-type=\"widget\" data-widget_type=\"text-editor.default\">\n\t\t\t\t<div class=\"elementor-widget-container\">\n\t\t\t\t\t\t\t\t\t<p><b><b>Entrack is one of Norway's largest suppliers of machinery, parts and equipment to the construction industry. Our business shall be characterised by systematic environmental work, with the aim of minimising the impact on the external environment.<\/b><\/b><\/p>\t\t\t\t\t\t\t\t<\/div>\n\t\t\t\t<\/div>\n\t\t\t\t\t<\/div>\n\t\t<\/div>\n\t\t\t\t\t<\/div>\n\t\t<\/section>\n\t\t\t\t<section class=\"elementor-section elementor-top-section elementor-element elementor-element-040a7e6 elementor-section-boxed elementor-section-height-default elementor-section-height-default\" data-id=\"040a7e6\" data-element_type=\"section\" data-e-type=\"section\">\n\t\t\t\t\t\t<div class=\"elementor-container elementor-column-gap-default\">\n\t\t\t\t\t<div class=\"elementor-column elementor-col-100 elementor-top-column elementor-element elementor-element-241b40d\" data-id=\"241b40d\" data-element_type=\"column\" data-e-type=\"column\">\n\t\t\t<div class=\"elementor-widget-wrap elementor-element-populated\">\n\t\t\t\t\t\t<div class=\"elementor-element elementor-element-1c7cc2e elementor-widget elementor-widget-heading\" data-id=\"1c7cc2e\" data-element_type=\"widget\" data-e-type=\"widget\" data-widget_type=\"heading.default\">\n\t\t\t\t<div class=\"elementor-widget-container\">\n\t\t\t\t\t<h2 class=\"elementor-heading-title elementor-size-default\">We contribute sustainably by:<\/h2>\t\t\t\t<\/div>\n\t\t\t\t<\/div>\n\t\t\t\t<div class=\"elementor-element elementor-element-9cb2b2d elementor-widget elementor-widget-text-editor\" data-id=\"9cb2b2d\" data-element_type=\"widget\" data-e-type=\"widget\" data-widget_type=\"text-editor.default\">\n\t\t\t\t<div class=\"elementor-widget-container\">\n\t\t\t\t\t\t\t\t\t<ul><li>Meeting the demands of governments, customers, employees and other stakeholders<\/li><li>Make demands on and influence our suppliers with regard to their environmental impact<\/li><li>Work to reduce emissions in all departments by focusing on energy and environmental efficiency<\/li><li>Further develop the reuse department to make used parts more accessible<\/li><li>Increase expertise and raise awareness of environmental work among all employees and motivate everyone to perform their tasks in an environmentally responsible manner<\/li><li>Show transparency, inform about the company's environmental work and be sensitive to changes in the outside world<\/li><\/ul>\t\t\t\t\t\t\t\t<\/div>\n\t\t\t\t<\/div>\n\t\t\t\t\t<\/div>\n\t\t<\/div>\n\t\t\t\t\t<\/div>\n\t\t<\/section>\n\t\t\t\t<section class=\"elementor-section elementor-top-section elementor-element elementor-element-27d27df elementor-section-boxed elementor-section-height-default elementor-section-height-default\" data-id=\"27d27df\" data-element_type=\"section\" data-e-type=\"section\">\n\t\t\t\t\t\t<div class=\"elementor-container elementor-column-gap-default\">\n\t\t\t\t\t<div class=\"elementor-column elementor-col-100 elementor-top-column elementor-element elementor-element-a9c53dc\" data-id=\"a9c53dc\" data-element_type=\"column\" data-e-type=\"column\">\n\t\t\t<div class=\"elementor-widget-wrap elementor-element-populated\">\n\t\t\t\t\t\t<div class=\"elementor-element elementor-element-939c8f1 elementor-widget elementor-widget-text-editor\" data-id=\"939c8f1\" data-element_type=\"widget\" data-e-type=\"widget\" data-widget_type=\"text-editor.default\">\n\t\t\t\t<div class=\"elementor-widget-container\">\n\t\t\t\t\t\t\t\t\t<p><b>The environmental policy is followed up with specific targets:<\/b><\/p><ul><li>Avoid damage to people, the environment and financial assets.<\/li><li>Avoid orders from authorities<\/li><li>We will have 0% work-related sick leave<\/li><li>We will have a maximum of 5% sick leave<\/li><li>Employees should feel confident in their work tasks<\/li><li>Employees should feel that they can fulfil their work tasks<\/li><li>Employees should feel that they receive sufficient feedback on the work they do.<\/li><\/ul><p>\u00a0<\/p><p><b>To achieve the goals, the following measures will be implemented:<\/b><\/p><ul><li>Ensure that we have good internal systems and introduce regular reporting<\/li><li>Begin work on sustainability reporting<\/li><li>Send supplier enquiries and requirements to our suppliers to ensure that we choose suppliers that operate sustainably and well in accordance with the Transparency Act<\/li><li>Update the risk picture and, if necessary, implement risk-reducing measures<\/li><li>Conduct an annual performance review<\/li><li>Carry out annual safety inspections<\/li><li>Implement new requirements in data protection legislation<\/li><\/ul>\t\t\t\t\t\t\t\t<\/div>\n\t\t\t\t<\/div>\n\t\t\t\t\t<\/div>\n\t\t<\/div>\n\t\t\t\t\t<\/div>\n\t\t<\/section>\n\t\t\t\t<\/div>\n\t\t<span class=\"et_bloom_bottom_trigger\"><\/span>","protected":false},"excerpt":{"rendered":"<p>Policy for\u00a0klima, milj\u00f8 og arbeidsmilj\u00f8 Entrack er en av Norges st\u00f8rste leverand\u00f8rer av maskiner, deler og utstyr til anleggsbransjen. V\u00e5r virksomhet skal v\u00e6re preget av et systematisk milj\u00f8arbeid, der m\u00e5lsetningen er minst mulig belastning for det ytre milj\u00f8. Vi bidrar b\u00e6rekraftig ved \u00e5: M\u00f8te kravene fra myndighetene, kundene, ansatte og andre interessenter Stille krav til [&hellip;]<\/p>\n","protected":false},"author":1,"featured_media":0,"parent":0,"menu_order":0,"comment_status":"closed","ping_status":"closed","template":"","meta":{"_acf_changed":false,"footnotes":""},"class_list":["post-57547","page","type-page","status-publish","hentry"],"acf":[],"_links":{"self":[{"href":"https:\/\/www.entrack.no\/en\/wp-json\/wp\/v2\/pages\/57547","targetHints":{"allow":["GET"]}}],"collection":[{"href":"https:\/\/www.entrack.no\/en\/wp-json\/wp\/v2\/pages"}],"about":[{"href":"https:\/\/www.entrack.no\/en\/wp-json\/wp\/v2\/types\/page"}],"author":[{"embeddable":true,"href":"https:\/\/www.entrack.no\/en\/wp-json\/wp\/v2\/users\/1"}],"replies":[{"embeddable":true,"href":"https:\/\/www.entrack.no\/en\/wp-json\/wp\/v2\/comments?post=57547"}],"version-history":[{"count":5,"href":"https:\/\/www.entrack.no\/en\/wp-json\/wp\/v2\/pages\/57547\/revisions"}],"predecessor-version":[{"id":65443,"href":"https:\/\/www.entrack.no\/en\/wp-json\/wp\/v2\/pages\/57547\/revisions\/65443"}],"wp:attachment":[{"href":"https:\/\/www.entrack.no\/en\/wp-json\/wp\/v2\/media?parent=57547"}],"curies":[{"name":"wp","href":"https:\/\/api.w.org\/{rel}","templated":true}]}}