{"id":56800,"date":"2022-09-27T09:33:22","date_gmt":"2022-09-27T07:33:22","guid":{"rendered":"https:\/\/www.entrack.no\/?page_id=56800"},"modified":"2023-04-19T12:16:42","modified_gmt":"2023-04-19T10:16:42","slug":"hydraulic-rake-crushers","status":"publish","type":"page","link":"https:\/\/www.entrack.no\/en\/hydrauliske-krattknusere\/","title":{"rendered":"Hydraulic rake crushers"},"content":{"rendered":"<div data-elementor-type=\"wp-post\" data-elementor-id=\"56800\" class=\"elementor elementor-56800\" data-elementor-post-type=\"page\">\n\t\t\t\t\t\t<section class=\"elementor-section elementor-top-section elementor-element elementor-element-135470a elementor-section-boxed elementor-section-height-default elementor-section-height-default\" data-id=\"135470a\" data-element_type=\"section\" data-e-type=\"section\">\n\t\t\t\t\t\t<div class=\"elementor-container elementor-column-gap-default\">\n\t\t\t\t\t<div class=\"elementor-column elementor-col-100 elementor-top-column elementor-element elementor-element-03553c8\" data-id=\"03553c8\" data-element_type=\"column\" data-e-type=\"column\">\n\t\t\t<div class=\"elementor-widget-wrap elementor-element-populated\">\n\t\t\t\t\t\t<div class=\"elementor-element elementor-element-415d2e1 elementor-widget elementor-widget-heading\" data-id=\"415d2e1\" data-element_type=\"widget\" data-e-type=\"widget\" data-widget_type=\"heading.default\">\n\t\t\t\t<div class=\"elementor-widget-container\">\n\t\t\t\t\t<h1 class=\"elementor-heading-title elementor-size-default\">Hydraulic rake crushers<\/h1>\t\t\t\t<\/div>\n\t\t\t\t<\/div>\n\t\t\t\t\t<\/div>\n\t\t<\/div>\n\t\t\t\t\t<\/div>\n\t\t<\/section>\n\t\t\t\t<section class=\"elementor-section elementor-top-section elementor-element elementor-element-133935f elementor-section-boxed elementor-section-height-default elementor-section-height-default\" data-id=\"133935f\" data-element_type=\"section\" data-e-type=\"section\">\n\t\t\t\t\t\t<div class=\"elementor-container elementor-column-gap-default\">\n\t\t\t\t\t<div class=\"elementor-column elementor-col-100 elementor-top-column elementor-element elementor-element-c8a9a0f\" data-id=\"c8a9a0f\" data-element_type=\"column\" data-e-type=\"column\">\n\t\t\t<div class=\"elementor-widget-wrap elementor-element-populated\">\n\t\t\t\t\t\t<div class=\"elementor-element elementor-element-8752e13 elementor-widget elementor-widget-text-editor\" data-id=\"8752e13\" data-element_type=\"widget\" data-e-type=\"widget\" data-widget_type=\"text-editor.default\">\n\t\t\t\t<div class=\"elementor-widget-container\">\n\t\t\t\t\t\t\t\t\t<p>Our hydraulic brushcutters can be mounted on excavator arms, edging arms or Ilsbo 680 cutting arms. Areas of application include verge cutting along major roads, forestry roads with, for example, overgrown branches at height, power lines, ski resorts, cross-country ski trails, verges and other areas that should not be allowed to grow back. The mowing method using Ilsbo's tried-and-tested chain \u00abtears\u00bb branches, scrub and grass growth. The advantage is that regrowth is significantly delayed compared to methods that produce clean cuts.<\/p><p>The L models are built light to handle long reaches. HD is a heavier model for larger carriers and tougher jobs. HDE has a centre attachment, which is an advantage when you have a rotor tilt. We also have the H130LT for use on forestry cranes. In addition, there will be a new model in 2022, the H160HDB for the really tough jobs.<\/p><p>The various hydraulic models are suitable for carriers that have continuous hydraulic flow from 60 to 130 litres\/min and 170-260 bar pressure. Belt drive provides a longer service life and is the recommended form of drive for attachments that rotate at high speeds and are subject to impact and uneven resistance from their surroundings. Ilsbo brushcutters were the first chain brushcutters with belt drive in 1989. The belt drive is much gentler on the hydraulic motor, gears and other driveline components compared to solutions with shaft or direct drive transmissions. This simply results in smoother operation.<\/p>\t\t\t\t\t\t\t\t<\/div>\n\t\t\t\t<\/div>\n\t\t\t\t\t<\/div>\n\t\t<\/div>\n\t\t\t\t\t<\/div>\n\t\t<\/section>\n\t\t\t\t<section class=\"elementor-section elementor-top-section elementor-element elementor-element-360b3de elementor-section-boxed elementor-section-height-default elementor-section-height-default\" data-id=\"360b3de\" data-element_type=\"section\" data-e-type=\"section\">\n\t\t\t\t\t\t<div class=\"elementor-container elementor-column-gap-default\">\n\t\t\t\t\t<div class=\"elementor-column elementor-col-100 elementor-top-column elementor-element elementor-element-7faaba2\" data-id=\"7faaba2\" data-element_type=\"column\" data-e-type=\"column\">\n\t\t\t<div class=\"elementor-widget-wrap elementor-element-populated\">\n\t\t\t\t\t\t<div class=\"elementor-element elementor-element-626102d elementor-widget-divider--view-line elementor-widget elementor-widget-divider\" data-id=\"626102d\" data-element_type=\"widget\" data-e-type=\"widget\" data-widget_type=\"divider.default\">\n\t\t\t\t<div class=\"elementor-widget-container\">\n\t\t\t\t\t\t\t<div class=\"elementor-divider\">\n\t\t\t<span class=\"elementor-divider-separator\">\n\t\t\t\t\t\t<\/span>\n\t\t<\/div>\n\t\t\t\t\t\t<\/div>\n\t\t\t\t<\/div>\n\t\t\t\t\t<\/div>\n\t\t<\/div>\n\t\t\t\t\t<\/div>\n\t\t<\/section>\n\t\t\t\t<section class=\"elementor-section elementor-top-section elementor-element elementor-element-37a9cd2 elementor-section-boxed elementor-section-height-default elementor-section-height-default\" data-id=\"37a9cd2\" data-element_type=\"section\" data-e-type=\"section\">\n\t\t\t\t\t\t<div class=\"elementor-container elementor-column-gap-wide\">\n\t\t\t\t\t<div class=\"elementor-column elementor-col-50 elementor-top-column elementor-element elementor-element-c1be3ae\" data-id=\"c1be3ae\" data-element_type=\"column\" data-e-type=\"column\">\n\t\t\t<div class=\"elementor-widget-wrap elementor-element-populated\">\n\t\t\t\t\t\t<div class=\"elementor-element elementor-element-c0a402b elementor-position-top elementor-widget elementor-widget-image-box\" data-id=\"c0a402b\" data-element_type=\"widget\" data-e-type=\"widget\" data-widget_type=\"image-box.default\">\n\t\t\t\t<div class=\"elementor-widget-container\">\n\t\t\t\t\t<div class=\"elementor-image-box-wrapper\"><figure class=\"elementor-image-box-img\"><a href=\"\/en\/product\/h160hde\/\" tabindex=\"-1\"><img fetchpriority=\"high\" decoding=\"async\" width=\"492\" height=\"328\" src=\"https:\/\/www.entrack.no\/wp-content\/uploads\/2022\/09\/160HDE.jpg\" class=\"attachment-full size-full wp-image-56808\" alt=\"\" srcset=\"https:\/\/www.entrack.no\/wp-content\/uploads\/2022\/09\/160HDE.jpg 492w, https:\/\/www.entrack.no\/wp-content\/uploads\/2022\/09\/160HDE-300x200.jpg 300w\" sizes=\"(max-width: 492px) 100vw, 492px\" \/><\/a><\/figure><div class=\"elementor-image-box-content\"><h3 class=\"elementor-image-box-title\"><a href=\"\/en\/product\/h160hde\/\">H160HDE<\/a><\/h3><p class=\"elementor-image-box-description\"><a href=\"\/en\/product\/h160hde\/\">Read more here<\/a><\/p><\/div><\/div>\t\t\t\t<\/div>\n\t\t\t\t<\/div>\n\t\t\t\t\t<\/div>\n\t\t<\/div>\n\t\t\t\t<div class=\"elementor-column elementor-col-50 elementor-top-column elementor-element elementor-element-3af6f4e\" data-id=\"3af6f4e\" data-element_type=\"column\" data-e-type=\"column\">\n\t\t\t<div class=\"elementor-widget-wrap elementor-element-populated\">\n\t\t\t\t\t\t<div class=\"elementor-element elementor-element-3b8c21c elementor-position-top elementor-widget elementor-widget-image-box\" data-id=\"3b8c21c\" data-element_type=\"widget\" data-e-type=\"widget\" data-widget_type=\"image-box.default\">\n\t\t\t\t<div class=\"elementor-widget-container\">\n\t\t\t\t\t<div class=\"elementor-image-box-wrapper\"><figure class=\"elementor-image-box-img\"><a href=\"\/en\/product\/h160hd\/\" tabindex=\"-1\"><img decoding=\"async\" width=\"492\" height=\"328\" src=\"https:\/\/www.entrack.no\/wp-content\/uploads\/2022\/09\/160HD.jpg\" class=\"attachment-full size-full wp-image-56812\" alt=\"\" srcset=\"https:\/\/www.entrack.no\/wp-content\/uploads\/2022\/09\/160HD.jpg 492w, https:\/\/www.entrack.no\/wp-content\/uploads\/2022\/09\/160HD-300x200.jpg 300w\" sizes=\"(max-width: 492px) 100vw, 492px\" \/><\/a><\/figure><div class=\"elementor-image-box-content\"><h3 class=\"elementor-image-box-title\"><a href=\"\/en\/product\/h160hd\/\">H160HD<\/a><\/h3><p class=\"elementor-image-box-description\"><a href=\"\/en\/product\/h160hd\/\">Read more here<\/a><\/p><\/div><\/div>\t\t\t\t<\/div>\n\t\t\t\t<\/div>\n\t\t\t\t\t<\/div>\n\t\t<\/div>\n\t\t\t\t\t<\/div>\n\t\t<\/section>\n\t\t\t\t<section class=\"elementor-section elementor-top-section elementor-element elementor-element-020757d elementor-section-boxed elementor-section-height-default elementor-section-height-default\" data-id=\"020757d\" data-element_type=\"section\" data-e-type=\"section\">\n\t\t\t\t\t\t<div class=\"elementor-container elementor-column-gap-wide\">\n\t\t\t\t\t<div class=\"elementor-column elementor-col-50 elementor-top-column elementor-element elementor-element-05a70c4\" data-id=\"05a70c4\" data-element_type=\"column\" data-e-type=\"column\">\n\t\t\t<div class=\"elementor-widget-wrap\">\n\t\t\t\t\t\t\t<\/div>\n\t\t<\/div>\n\t\t\t\t<div class=\"elementor-column elementor-col-50 elementor-top-column elementor-element elementor-element-3a3a486\" data-id=\"3a3a486\" data-element_type=\"column\" data-e-type=\"column\">\n\t\t\t<div class=\"elementor-widget-wrap\">\n\t\t\t\t\t\t\t<\/div>\n\t\t<\/div>\n\t\t\t\t\t<\/div>\n\t\t<\/section>\n\t\t\t\t<section class=\"elementor-section elementor-top-section elementor-element elementor-element-00fce8c elementor-section-boxed elementor-section-height-default elementor-section-height-default\" data-id=\"00fce8c\" data-element_type=\"section\" data-e-type=\"section\">\n\t\t\t\t\t\t<div class=\"elementor-container elementor-column-gap-wide\">\n\t\t\t\t\t<div class=\"elementor-column elementor-col-50 elementor-top-column elementor-element elementor-element-9eca22d\" data-id=\"9eca22d\" data-element_type=\"column\" data-e-type=\"column\">\n\t\t\t<div class=\"elementor-widget-wrap elementor-element-populated\">\n\t\t\t\t\t\t<div class=\"elementor-element elementor-element-493e00f elementor-position-top elementor-widget elementor-widget-image-box\" data-id=\"493e00f\" data-element_type=\"widget\" data-e-type=\"widget\" data-widget_type=\"image-box.default\">\n\t\t\t\t<div class=\"elementor-widget-container\">\n\t\t\t\t\t<div class=\"elementor-image-box-wrapper\"><figure class=\"elementor-image-box-img\"><a href=\"\/en\/product\/h130l\/\" tabindex=\"-1\"><img decoding=\"async\" width=\"492\" height=\"328\" src=\"https:\/\/www.entrack.no\/wp-content\/uploads\/2022\/09\/H130L.jpg\" class=\"attachment-full size-full wp-image-56820\" alt=\"\" srcset=\"https:\/\/www.entrack.no\/wp-content\/uploads\/2022\/09\/H130L.jpg 492w, https:\/\/www.entrack.no\/wp-content\/uploads\/2022\/09\/H130L-300x200.jpg 300w\" sizes=\"(max-width: 492px) 100vw, 492px\" \/><\/a><\/figure><div class=\"elementor-image-box-content\"><h3 class=\"elementor-image-box-title\"><a href=\"\/en\/product\/h130l\/\">H130L<\/a><\/h3><p class=\"elementor-image-box-description\"><a href=\"\/en\/product\/h130l\/\">Read more here<\/a><\/p><\/div><\/div>\t\t\t\t<\/div>\n\t\t\t\t<\/div>\n\t\t\t\t\t<\/div>\n\t\t<\/div>\n\t\t\t\t<div class=\"elementor-column elementor-col-50 elementor-top-column elementor-element elementor-element-4d68ca9\" data-id=\"4d68ca9\" data-element_type=\"column\" data-e-type=\"column\">\n\t\t\t<div class=\"elementor-widget-wrap elementor-element-populated\">\n\t\t\t\t\t\t<div class=\"elementor-element elementor-element-9c669e0 elementor-position-top elementor-widget elementor-widget-image-box\" data-id=\"9c669e0\" data-element_type=\"widget\" data-e-type=\"widget\" data-widget_type=\"image-box.default\">\n\t\t\t\t<div class=\"elementor-widget-container\">\n\t\t\t\t\t<div class=\"elementor-image-box-wrapper\"><figure class=\"elementor-image-box-img\"><a href=\"\/en\/product\/h110l\/\" tabindex=\"-1\"><img loading=\"lazy\" decoding=\"async\" width=\"492\" height=\"328\" src=\"https:\/\/www.entrack.no\/wp-content\/uploads\/2022\/09\/h110L.jpg\" class=\"attachment-full size-full wp-image-56824\" alt=\"\" srcset=\"https:\/\/www.entrack.no\/wp-content\/uploads\/2022\/09\/h110L.jpg 492w, https:\/\/www.entrack.no\/wp-content\/uploads\/2022\/09\/h110L-300x200.jpg 300w\" sizes=\"(max-width: 492px) 100vw, 492px\" \/><\/a><\/figure><div class=\"elementor-image-box-content\"><h3 class=\"elementor-image-box-title\"><a href=\"\/en\/product\/h110l\/\">H110L<\/a><\/h3><p class=\"elementor-image-box-description\"><a href=\"\/en\/product\/h110l\/\">Read more here<\/a><\/p><\/div><\/div>\t\t\t\t<\/div>\n\t\t\t\t<\/div>\n\t\t\t\t\t<\/div>\n\t\t<\/div>\n\t\t\t\t\t<\/div>\n\t\t<\/section>\n\t\t\t\t<\/div>\n\t\t<span class=\"et_bloom_bottom_trigger\"><\/span>","protected":false},"excerpt":{"rendered":"<p>Hydrauliske krattknusere V\u00e5re hydrauliske krattknusere kan monteres p\u00e5 gravemaskinarm, kantklippearm eller Ilsbo 680 klippearm. Bruksomr\u00e5de er kantklipping etter st\u00f8rre veier, skogsbilveier med for eksempel overvekst av grener i h\u00f8yden, kraftlinjer, alpinanlegg, langrennsl\u00f8yper, jordekanter og andre omr\u00e5der som ikke skal gro igjen. Klippemetoden hvor vi bruker Ilsbo\u2019s utpr\u00f8vde kjetting \u00abriver\u00bb grener, kratt og gressvekst. Fordelen er [&hellip;]<\/p>\n","protected":false},"author":1,"featured_media":47607,"parent":0,"menu_order":0,"comment_status":"closed","ping_status":"closed","template":"","meta":{"_acf_changed":false,"footnotes":""},"class_list":["post-56800","page","type-page","status-publish","has-post-thumbnail","hentry"],"acf":[],"_links":{"self":[{"href":"https:\/\/www.entrack.no\/en\/wp-json\/wp\/v2\/pages\/56800","targetHints":{"allow":["GET"]}}],"collection":[{"href":"https:\/\/www.entrack.no\/en\/wp-json\/wp\/v2\/pages"}],"about":[{"href":"https:\/\/www.entrack.no\/en\/wp-json\/wp\/v2\/types\/page"}],"author":[{"embeddable":true,"href":"https:\/\/www.entrack.no\/en\/wp-json\/wp\/v2\/users\/1"}],"replies":[{"embeddable":true,"href":"https:\/\/www.entrack.no\/en\/wp-json\/wp\/v2\/comments?post=56800"}],"version-history":[{"count":0,"href":"https:\/\/www.entrack.no\/en\/wp-json\/wp\/v2\/pages\/56800\/revisions"}],"wp:featuredmedia":[{"embeddable":true,"href":"https:\/\/www.entrack.no\/en\/wp-json\/wp\/v2\/media\/47607"}],"wp:attachment":[{"href":"https:\/\/www.entrack.no\/en\/wp-json\/wp\/v2\/media?parent=56800"}],"curies":[{"name":"wp","href":"https:\/\/api.w.org\/{rel}","templated":true}]}}