{"id":53954,"date":"2021-03-25T15:46:49","date_gmt":"2021-03-25T14:46:49","guid":{"rendered":"https:\/\/www.entrack.no\/?page_id=53954"},"modified":"2025-12-04T10:39:24","modified_gmt":"2025-12-04T09:39:24","slug":"entrack-store","status":"publish","type":"page","link":"https:\/\/www.entrack.no\/en\/entrack-butikk\/","title":{"rendered":"Entrack store"},"content":{"rendered":"<div data-elementor-type=\"wp-page\" data-elementor-id=\"53954\" class=\"elementor elementor-53954\" data-elementor-post-type=\"page\">\n\t\t\t\t\t\t<section class=\"elementor-section elementor-top-section elementor-element elementor-element-aa29d9c elementor-section-boxed elementor-section-height-default elementor-section-height-default\" data-id=\"aa29d9c\" data-element_type=\"section\" data-e-type=\"section\">\n\t\t\t\t\t\t<div class=\"elementor-container elementor-column-gap-default\">\n\t\t\t\t\t<div class=\"elementor-column elementor-col-100 elementor-top-column elementor-element elementor-element-df615b3\" data-id=\"df615b3\" data-element_type=\"column\" data-e-type=\"column\">\n\t\t\t<div class=\"elementor-widget-wrap elementor-element-populated\">\n\t\t\t\t\t\t<div class=\"elementor-element elementor-element-a150c81 elementor-widget elementor-widget-heading\" data-id=\"a150c81\" data-element_type=\"widget\" data-e-type=\"widget\" data-widget_type=\"heading.default\">\n\t\t\t\t<div class=\"elementor-widget-container\">\n\t\t\t\t\t<h1 class=\"elementor-heading-title elementor-size-default\">Visit our Entrack stores! <\/h1>\t\t\t\t<\/div>\n\t\t\t\t<\/div>\n\t\t\t\t\t<\/div>\n\t\t<\/div>\n\t\t\t\t\t<\/div>\n\t\t<\/section>\n\t\t\t\t<section class=\"elementor-section elementor-top-section elementor-element elementor-element-90779dc elementor-section-boxed elementor-section-height-default elementor-section-height-default\" data-id=\"90779dc\" data-element_type=\"section\" data-e-type=\"section\">\n\t\t\t\t\t\t<div class=\"elementor-container elementor-column-gap-default\">\n\t\t\t\t\t<div class=\"elementor-column elementor-col-50 elementor-top-column elementor-element elementor-element-0d08ea8\" data-id=\"0d08ea8\" data-element_type=\"column\" data-e-type=\"column\">\n\t\t\t<div class=\"elementor-widget-wrap elementor-element-populated\">\n\t\t\t\t\t\t<div class=\"elementor-element elementor-element-4c55269 elementor-widget elementor-widget-text-editor\" data-id=\"4c55269\" data-element_type=\"widget\" data-e-type=\"widget\" data-widget_type=\"text-editor.default\">\n\t\t\t\t<div class=\"elementor-widget-container\">\n\t\t\t\t\t\t\t\t\t<p><strong>On all <a href=\"\/en\/departments\/\">our divisions<\/a> we have an Entrack store with a wide range of products. The assortment may vary from department to department. <\/strong><\/p><p>What all our departments have in common is that we can provide whatever you need.<\/p><p>This is whether it is a product from <strong>LUNA<\/strong> its range, <strong>Mobil oils, Lekang filter<\/strong> or something else. <strong>We provide most things. <\/strong><\/p><p>If there are any products you would like us to stock for you, contact your local department or salesperson and we'll see what we can do. <strong>Most things can be solved. <\/strong><\/p><p>We also have <strong>welding workshop<\/strong> at several of our departments if you need to have something manufactured or repaired.<\/p><p><strong>Contact your local branch to find out more. <\/strong><\/p>\t\t\t\t\t\t\t\t<\/div>\n\t\t\t\t<\/div>\n\t\t\t\t\t<\/div>\n\t\t<\/div>\n\t\t\t\t<div class=\"elementor-column elementor-col-50 elementor-top-column elementor-element elementor-element-a5a1367\" data-id=\"a5a1367\" data-element_type=\"column\" data-e-type=\"column\">\n\t\t\t<div class=\"elementor-widget-wrap elementor-element-populated\">\n\t\t\t\t\t\t<div class=\"elementor-element elementor-element-4d62320 elementor-widget elementor-widget-image\" data-id=\"4d62320\" data-element_type=\"widget\" data-e-type=\"widget\" data-widget_type=\"image.default\">\n\t\t\t\t<div class=\"elementor-widget-container\">\n\t\t\t\t\t\t\t\t\t\t\t\t\t\t\t<img fetchpriority=\"high\" decoding=\"async\" width=\"800\" height=\"600\" src=\"https:\/\/www.entrack.no\/wp-content\/uploads\/2021\/03\/20210224_101538-1024x768.jpg\" class=\"attachment-large size-large wp-image-53956\" alt=\"Entrack store\" srcset=\"https:\/\/www.entrack.no\/wp-content\/uploads\/2021\/03\/20210224_101538-1024x768.jpg 1024w, https:\/\/www.entrack.no\/wp-content\/uploads\/2021\/03\/20210224_101538-scaled-800x600.jpg 800w, https:\/\/www.entrack.no\/wp-content\/uploads\/2021\/03\/20210224_101538-300x225.jpg 300w, https:\/\/www.entrack.no\/wp-content\/uploads\/2021\/03\/20210224_101538-768x576.jpg 768w, https:\/\/www.entrack.no\/wp-content\/uploads\/2021\/03\/20210224_101538-1536x1152.jpg 1536w, https:\/\/www.entrack.no\/wp-content\/uploads\/2021\/03\/20210224_101538-scaled.jpg 2048w, https:\/\/www.entrack.no\/wp-content\/uploads\/2021\/03\/20210224_101538-610x458.jpg 610w, https:\/\/www.entrack.no\/wp-content\/uploads\/2021\/03\/20210224_101538-600x450.jpg 600w\" sizes=\"(max-width: 800px) 100vw, 800px\" \/>\t\t\t\t\t\t\t\t\t\t\t\t\t\t\t<\/div>\n\t\t\t\t<\/div>\n\t\t\t\t<div class=\"elementor-element elementor-element-867aa27 elementor-widget elementor-widget-image\" data-id=\"867aa27\" data-element_type=\"widget\" data-e-type=\"widget\" data-widget_type=\"image.default\">\n\t\t\t\t<div class=\"elementor-widget-container\">\n\t\t\t\t\t\t\t\t\t\t\t\t\t\t\t<img decoding=\"async\" width=\"800\" height=\"600\" src=\"https:\/\/www.entrack.no\/wp-content\/uploads\/2021\/03\/20210224_101755-1024x768.jpg\" class=\"attachment-large size-large wp-image-53963\" alt=\"Entrack store\" srcset=\"https:\/\/www.entrack.no\/wp-content\/uploads\/2021\/03\/20210224_101755-1024x768.jpg 1024w, https:\/\/www.entrack.no\/wp-content\/uploads\/2021\/03\/20210224_101755-scaled-800x600.jpg 800w, https:\/\/www.entrack.no\/wp-content\/uploads\/2021\/03\/20210224_101755-300x225.jpg 300w, https:\/\/www.entrack.no\/wp-content\/uploads\/2021\/03\/20210224_101755-768x576.jpg 768w, https:\/\/www.entrack.no\/wp-content\/uploads\/2021\/03\/20210224_101755-1536x1152.jpg 1536w, https:\/\/www.entrack.no\/wp-content\/uploads\/2021\/03\/20210224_101755-scaled.jpg 2048w, https:\/\/www.entrack.no\/wp-content\/uploads\/2021\/03\/20210224_101755-610x458.jpg 610w, https:\/\/www.entrack.no\/wp-content\/uploads\/2021\/03\/20210224_101755-600x450.jpg 600w\" sizes=\"(max-width: 800px) 100vw, 800px\" \/>\t\t\t\t\t\t\t\t\t\t\t\t\t\t\t<\/div>\n\t\t\t\t<\/div>\n\t\t\t\t\t<\/div>\n\t\t<\/div>\n\t\t\t\t\t<\/div>\n\t\t<\/section>\n\t\t\t\t<\/div>\n\t\t<span class=\"et_bloom_bottom_trigger\"><\/span>","protected":false},"excerpt":{"rendered":"<p>Bes\u00f8k v\u00e5re Entrack butikker! P\u00e5 alle v\u00e5re avdelinger har vi en Entrack butikk med et bredt utvalg varer. Sortimentet kan varierer fra avdeling til avdeling. Felles for alle v\u00e5re avdelinger er at vi kan skaffe det du m\u00e5tte trenge. Dette v\u00e6re seg om det er et produkt fra LUNA sitt sortiment, Mobil oljer, Lekang filter [&hellip;]<\/p>\n","protected":false},"author":1,"featured_media":53956,"parent":0,"menu_order":0,"comment_status":"closed","ping_status":"closed","template":"","meta":{"_acf_changed":false,"footnotes":""},"class_list":["post-53954","page","type-page","status-publish","has-post-thumbnail","hentry"],"acf":[],"_links":{"self":[{"href":"https:\/\/www.entrack.no\/en\/wp-json\/wp\/v2\/pages\/53954","targetHints":{"allow":["GET"]}}],"collection":[{"href":"https:\/\/www.entrack.no\/en\/wp-json\/wp\/v2\/pages"}],"about":[{"href":"https:\/\/www.entrack.no\/en\/wp-json\/wp\/v2\/types\/page"}],"author":[{"embeddable":true,"href":"https:\/\/www.entrack.no\/en\/wp-json\/wp\/v2\/users\/1"}],"replies":[{"embeddable":true,"href":"https:\/\/www.entrack.no\/en\/wp-json\/wp\/v2\/comments?post=53954"}],"version-history":[{"count":5,"href":"https:\/\/www.entrack.no\/en\/wp-json\/wp\/v2\/pages\/53954\/revisions"}],"predecessor-version":[{"id":65522,"href":"https:\/\/www.entrack.no\/en\/wp-json\/wp\/v2\/pages\/53954\/revisions\/65522"}],"wp:featuredmedia":[{"embeddable":true,"href":"https:\/\/www.entrack.no\/en\/wp-json\/wp\/v2\/media\/53956"}],"wp:attachment":[{"href":"https:\/\/www.entrack.no\/en\/wp-json\/wp\/v2\/media?parent=53954"}],"curies":[{"name":"wp","href":"https:\/\/api.w.org\/{rel}","templated":true}]}}