{"id":53793,"date":"2021-03-19T08:27:32","date_gmt":"2021-03-19T07:27:32","guid":{"rendered":"https:\/\/www.entrack.no\/?page_id=53793"},"modified":"2026-01-06T09:12:10","modified_gmt":"2026-01-06T08:12:10","slug":"test-chorus-kobelco","status":"publish","type":"page","link":"https:\/\/www.entrack.no\/en\/provekjore-kobelco\/","title":{"rendered":"Test drive Kobelco"},"content":{"rendered":"\t\t<div data-elementor-type=\"wp-post\" data-elementor-id=\"53793\" class=\"elementor elementor-53793\" data-elementor-post-type=\"page\">\n\t\t\t\t\t\t<section class=\"elementor-section elementor-top-section elementor-element elementor-element-37a9cd2 elementor-section-full_width elementor-section-height-default elementor-section-height-default\" data-id=\"37a9cd2\" data-element_type=\"section\" data-e-type=\"section\">\n\t\t\t\t\t\t<div class=\"elementor-container elementor-column-gap-no\">\n\t\t\t\t\t<div class=\"elementor-column elementor-col-50 elementor-top-column elementor-element elementor-element-c1be3ae\" data-id=\"c1be3ae\" data-element_type=\"column\" data-e-type=\"column\">\n\t\t\t<div class=\"elementor-widget-wrap elementor-element-populated\">\n\t\t\t\t\t\t<div class=\"elementor-element elementor-element-415d2e1 elementor-widget elementor-widget-heading\" data-id=\"415d2e1\" data-element_type=\"widget\" data-e-type=\"widget\" data-widget_type=\"heading.default\">\n\t\t\t\t<div class=\"elementor-widget-container\">\n\t\t\t\t\t<h1 class=\"elementor-heading-title elementor-size-default\">Vil du pr\u00f8vekj\u00f8re Kobelco?<\/h1>\t\t\t\t<\/div>\n\t\t\t\t<\/div>\n\t\t\t\t<div class=\"elementor-element elementor-element-8752e13 elementor-widget elementor-widget-text-editor\" data-id=\"8752e13\" data-element_type=\"widget\" data-e-type=\"widget\" data-widget_type=\"text-editor.default\">\n\t\t\t\t<div class=\"elementor-widget-container\">\n\t\t\t\t\t\t\t\t\t<p class=\"p1\"><span style=\"color: #333333;\">Kobelco er en ekte Japansk maskin med meget h\u00f8y kvalitet. Lave drift og vedlikeholdskostnader, h\u00f8y komfort, dette sammen med lite nedetid er n\u00f8kkelen til alle v\u00e5re forn\u00f8yde kunder. Som en av to import\u00f8rer av Kobelco til Norge \u00f8nsker Entrack at du skal v\u00e6re trygg p\u00e5 ditt maskinvalg. Derfor har vi mange demomaskiner i v\u00e5r demopark, s\u00e5 sp\u00f8r gjerne om pr\u00f8vekj\u00f8ring.<\/span><\/p><p class=\"p1\"><span style=\"color: #333333;\"><strong>Ta kontakt med en av v\u00e5re <a href=\"https:\/\/www.entrack.no\/ansatte\/#maskin\">selgere<\/a>, eller send inn din kontaktinfo p\u00e5 skjemaet under s\u00e5 kontakter vi deg.<\/strong><\/span><\/p>\t\t\t\t\t\t\t\t<\/div>\n\t\t\t\t<\/div>\n\t\t\t\t<div class=\"elementor-element elementor-element-4ff8b58 elementor-widget elementor-widget-shortcode\" data-id=\"4ff8b58\" data-element_type=\"widget\" data-e-type=\"widget\" data-widget_type=\"shortcode.default\">\n\t\t\t\t<div class=\"elementor-widget-container\">\n\t\t\t\t\t\t\t<div class=\"elementor-shortcode\"><div class=\"frm_forms  with_frm_style frm_style_formidable-style\" id=\"frm_form_19_container\" >\n<form enctype=\"multipart\/form-data\" method=\"post\" class=\"frm-show-form  frm_pro_form \" id=\"form_prvekjrekobelco\" >\n<div class=\"frm_form_fields \">\n<fieldset>\n<legend class=\"frm_screen_reader\">Pr\u00f8vekj\u00f8re Kobelco<\/legend>\r\n\r\n<div class=\"frm_fields_container\">\n<input type=\"hidden\" name=\"frm_action\" value=\"create\" \/>\n<input type=\"hidden\" name=\"form_id\" value=\"19\" \/>\n<input type=\"hidden\" name=\"frm_hide_fields_19\" id=\"frm_hide_fields_19\" value=\"\" \/>\n<input type=\"hidden\" name=\"form_key\" value=\"prvekjrekobelco\" \/>\n<input type=\"hidden\" name=\"item_meta[0]\" value=\"\" \/>\n<input type=\"hidden\" id=\"frm_submit_entry_19\" name=\"frm_submit_entry_19\" value=\"6e171c8c25\" \/><input type=\"hidden\" name=\"_wp_http_referer\" value=\"\/en\/wp-json\/wp\/v2\/pages\/53793\" \/><div id=\"frm_field_269_container\" class=\"frm_form_field form-field  frm_top_container\">\r\n    <label for=\"field_fez8f\" id=\"field_fez8f_label\" class=\"frm_primary_label\">Navn\r\n        <span class=\"frm_required\"><\/span>\r\n    <\/label>\r\n    <input  type=\"text\" id=\"field_fez8f\" name=\"item_meta[269]\" value=\"\"  data-invmsg=\"Tekst is invalid\" aria-invalid=\"false\"   \/>\r\n    \r\n    \r\n<\/div>\n<div id=\"frm_field_271_container\" class=\"frm_form_field form-field  frm_required_field frm_top_container\">\r\n    <label for=\"field_9uerv\" id=\"field_9uerv_label\" class=\"frm_primary_label\">Ditt telefonnummer\r\n        <span class=\"frm_required\">*<\/span>\r\n    <\/label>\r\n    <input  type=\"text\" id=\"field_9uerv\" name=\"item_meta[271]\" value=\"\"  data-reqmsg=\"Dette feltet m\u00e5 fylles ut. \" aria-required=\"true\" data-invmsg=\"Tekst is invalid\" aria-invalid=\"false\"   \/>\r\n    \r\n    \r\n<\/div>\n<div id=\"frm_field_272_container\" class=\"frm_form_field form-field  frm_top_container\">\r\n    <label for=\"field_o2mux\" id=\"field_o2mux_label\" class=\"frm_primary_label\">Din e-postadresse\r\n        <span class=\"frm_required\"><\/span>\r\n    <\/label>\r\n    <input  type=\"text\" id=\"field_o2mux\" name=\"item_meta[272]\" value=\"\"  data-invmsg=\"Tekst is invalid\" aria-invalid=\"false\"   \/>\r\n    \r\n    \r\n<\/div>\n<div id=\"frm_field_270_container\" class=\"frm_form_field form-field  frm_required_field frm_top_container\">\r\n    <label for=\"field_jtiwx\" id=\"field_jtiwx_label\" class=\"frm_primary_label\">Ditt postnummer\r\n        <span class=\"frm_required\">*<\/span>\r\n    <\/label>\r\n    <input  type=\"text\" id=\"field_jtiwx\" name=\"item_meta[270]\" value=\"\"  data-reqmsg=\"Dette feltet m\u00e5 fylles ut. \" aria-required=\"true\" data-invmsg=\"Tekst is invalid\" aria-invalid=\"false\"   \/>\r\n    \r\n    \r\n<\/div>\n<div id=\"frm_field_273_container\" class=\"frm_form_field form-field  frm_top_container frm_other_container\">\r\n    <label for=\"field_qwaf0\" id=\"field_qwaf0_label\" class=\"frm_primary_label\">Jeg vil pr\u00f8vekj\u00f8re en...\r\n        <span class=\"frm_required\"><\/span>\r\n    <\/label>\r\n    \t\t<select name=\"item_meta[273]\" id=\"field_qwaf0\"  data-invmsg=\"Jeg vil pr\u00f8vekj\u00f8re en... is invalid\" aria-invalid=\"false\"  >\n\t\t<option  value=\"\" selected='selected'> <\/option><option  value=\"Minigraver (0 - 6 tonn)\" class=\"frm_other_trigger\">Minigraver (0 - 6 tonn)<\/option><option  value=\"Korthekker (8 - 28 tonn)\">Korthekker (8 - 28 tonn)<\/option><option  value=\"Konvensjonell (13 - 85 tonn)\">Konvensjonell (13 - 85 tonn)<\/option><option  value=\"Demolition (16 til 50 tonn)\">Demolition (16 til 50 tonn)<\/option>\t<\/select>\n\t<label for=\"field_qwaf0-otext\" class=\"frm_screen_reader frm_hidden\">Jeg vil pr\u00f8vekj\u00f8re en...<\/label><input type=\"text\" id=\"field_qwaf0-otext\" class=\"frm_other_input frm_pos_none\"  name=\"item_meta[other][273]\" value=\"\" \/>\r\n    \r\n    \r\n<\/div>\n<div id=\"frm_field_550_container\" class=\"frm_form_field form-field \">\n\t<div class=\"frm_submit\">\r\n\r\n<button class=\"frm_button_submit frm_final_submit\" type=\"submit\"  >Send<\/button>\r\n\r\n<\/div>\n<\/div>\n\t<input type=\"hidden\" name=\"item_key\" value=\"\" \/>\n\t\t\t<div id=\"frm_field_558_container\">\n\t\t\t<label for=\"field_q449x\" >\n\t\t\t\tIf you are human, leave this field blank.\t\t\t<\/label>\n\t\t\t<input  id=\"field_q449x\" type=\"text\" class=\"frm_form_field form-field frm_verify\" name=\"item_meta[558]\" value=\"\"  \/>\n\t\t<\/div>\n\t\t<input name=\"frm_state\" type=\"hidden\" value=\"M4bSttsc82uhYqGACYjxprD\/LEQwAmP2OIDdn8ix5JqvIlbDYRYTxSYUqQWhJ6Xt\" \/><\/div>\n<\/fieldset>\n<\/div>\n\n<\/form>\n<\/div>\n<\/div>\n\t\t\t\t\t\t<\/div>\n\t\t\t\t<\/div>\n\t\t\t\t\t<\/div>\n\t\t<\/div>\n\t\t\t\t<div class=\"elementor-column elementor-col-50 elementor-top-column elementor-element elementor-element-12c249c\" data-id=\"12c249c\" data-element_type=\"column\" data-e-type=\"column\">\n\t\t\t<div class=\"elementor-widget-wrap elementor-element-populated\">\n\t\t\t\t\t\t<div class=\"elementor-element elementor-element-f883415 elementor-widget elementor-widget-video\" data-id=\"f883415\" data-element_type=\"widget\" data-e-type=\"widget\" data-settings=\"{&quot;youtube_url&quot;:&quot;https:\\\/\\\/www.youtube.com\\\/watch?v=9aELESkYi_8&quot;,&quot;autoplay&quot;:&quot;yes&quot;,&quot;mute&quot;:&quot;yes&quot;,&quot;video_type&quot;:&quot;youtube&quot;,&quot;controls&quot;:&quot;yes&quot;}\" data-widget_type=\"video.default\">\n\t\t\t\t<div class=\"elementor-widget-container\">\n\t\t\t\t\t\t\t<div class=\"elementor-wrapper elementor-open-inline\">\n\t\t\t<div class=\"elementor-video\"><\/div>\t\t<\/div>\n\t\t\t\t\t\t<\/div>\n\t\t\t\t<\/div>\n\t\t\t\t<div class=\"elementor-element elementor-element-514b5fb elementor-widget elementor-widget-text-editor\" data-id=\"514b5fb\" data-element_type=\"widget\" data-e-type=\"widget\" data-widget_type=\"text-editor.default\">\n\t\t\t\t<div class=\"elementor-widget-container\">\n\t\t\t\t\t\t\t\t\t<p>Epost: <a href=\"mailto:firmapost@entrack.no\">firmapost@entrack.no<\/a> <br \/>Telefon: <strong>62 94 54 40<\/strong>\u00a0<\/p><p><a href=\"https:\/\/www.entrack.no\/ansatte\/#maskin\">Se alle v\u00e5re maskinselgere her<\/a><\/p>\t\t\t\t\t\t\t\t<\/div>\n\t\t\t\t<\/div>\n\t\t\t\t\t<\/div>\n\t\t<\/div>\n\t\t\t\t\t<\/div>\n\t\t<\/section>\n\t\t\t\t<section class=\"elementor-section elementor-top-section elementor-element elementor-element-360b3de elementor-section-full_width elementor-section-height-default elementor-section-height-default\" data-id=\"360b3de\" data-element_type=\"section\" data-e-type=\"section\">\n\t\t\t\t\t\t<div class=\"elementor-container elementor-column-gap-no\">\n\t\t\t\t\t<div class=\"elementor-column elementor-col-100 elementor-top-column elementor-element elementor-element-7faaba2\" data-id=\"7faaba2\" data-element_type=\"column\" data-e-type=\"column\">\n\t\t\t<div class=\"elementor-widget-wrap elementor-element-populated\">\n\t\t\t\t\t\t<div class=\"elementor-element elementor-element-6d9244b elementor-widget-divider--view-line elementor-widget elementor-widget-divider\" data-id=\"6d9244b\" data-element_type=\"widget\" data-e-type=\"widget\" data-widget_type=\"divider.default\">\n\t\t\t\t<div class=\"elementor-widget-container\">\n\t\t\t\t\t\t\t<div class=\"elementor-divider\">\n\t\t\t<span class=\"elementor-divider-separator\">\n\t\t\t\t\t\t<\/span>\n\t\t<\/div>\n\t\t\t\t\t\t<\/div>\n\t\t\t\t<\/div>\n\t\t\t\t\t<\/div>\n\t\t<\/div>\n\t\t\t\t\t<\/div>\n\t\t<\/section>\n\t\t\t\t<section class=\"elementor-section elementor-top-section elementor-element elementor-element-6d18d98 elementor-section-full_width elementor-section-height-default elementor-section-height-default\" data-id=\"6d18d98\" data-element_type=\"section\" data-e-type=\"section\">\n\t\t\t\t\t\t<div class=\"elementor-container elementor-column-gap-default\">\n\t\t\t\t\t<div class=\"elementor-column elementor-col-33 elementor-top-column elementor-element elementor-element-d49f63b\" data-id=\"d49f63b\" data-element_type=\"column\" data-e-type=\"column\">\n\t\t\t<div class=\"elementor-widget-wrap elementor-element-populated\">\n\t\t\t\t\t\t<div class=\"elementor-element elementor-element-c0a402b elementor-position-top elementor-widget elementor-widget-image-box\" data-id=\"c0a402b\" data-element_type=\"widget\" data-e-type=\"widget\" data-widget_type=\"image-box.default\">\n\t\t\t\t<div class=\"elementor-widget-container\">\n\t\t\t\t\t<div class=\"elementor-image-box-wrapper\"><figure class=\"elementor-image-box-img\"><a href=\"\/produktkategori\/maskiner\/kobelco\/kobelco-minigravere\/\" tabindex=\"-1\"><img fetchpriority=\"high\" decoding=\"async\" width=\"750\" height=\"450\" src=\"https:\/\/www.entrack.no\/wp-content\/uploads\/2025\/05\/SK10SR-kobelco.jpg\" class=\"attachment-full size-full wp-image-63996\" alt=\"Kobelco SK10SR i arbeid\" srcset=\"https:\/\/www.entrack.no\/wp-content\/uploads\/2025\/05\/SK10SR-kobelco.jpg 750w, https:\/\/www.entrack.no\/wp-content\/uploads\/2025\/05\/SK10SR-kobelco-300x180.jpg 300w, https:\/\/www.entrack.no\/wp-content\/uploads\/2025\/05\/SK10SR-kobelco-610x366.jpg 610w\" sizes=\"(max-width: 750px) 100vw, 750px\" \/><\/a><\/figure><div class=\"elementor-image-box-content\"><h3 class=\"elementor-image-box-title\"><a href=\"\/produktkategori\/maskiner\/kobelco\/kobelco-minigravere\/\">Minimaskiner 0-6 tonn<\/a><\/h3><p class=\"elementor-image-box-description\"><a href=\"\/kobelco\/minigravere-0-6-tonn\/\">&gt;&gt; Les mer  her<\/a><\/p><\/div><\/div>\t\t\t\t<\/div>\n\t\t\t\t<\/div>\n\t\t\t\t\t<\/div>\n\t\t<\/div>\n\t\t\t\t<div class=\"elementor-column elementor-col-33 elementor-top-column elementor-element elementor-element-f6ebee9\" data-id=\"f6ebee9\" data-element_type=\"column\" data-e-type=\"column\">\n\t\t\t<div class=\"elementor-widget-wrap elementor-element-populated\">\n\t\t\t\t\t\t<div class=\"elementor-element elementor-element-ee117f3 elementor-position-top elementor-widget elementor-widget-image-box\" data-id=\"ee117f3\" data-element_type=\"widget\" data-e-type=\"widget\" data-widget_type=\"image-box.default\">\n\t\t\t\t<div class=\"elementor-widget-container\">\n\t\t\t\t\t<div class=\"elementor-image-box-wrapper\"><figure class=\"elementor-image-box-img\"><a href=\"\/produktkategori\/maskiner\/kobelco\/kobelco-korthekkere\/\" tabindex=\"-1\"><img decoding=\"async\" width=\"750\" height=\"450\" src=\"https:\/\/www.entrack.no\/wp-content\/uploads\/2025\/05\/SK75SRX-ENtrack.jpg\" class=\"attachment-full size-full wp-image-63984\" alt=\"Kobelco SK75SRX ute i arbeid\" srcset=\"https:\/\/www.entrack.no\/wp-content\/uploads\/2025\/05\/SK75SRX-ENtrack.jpg 750w, https:\/\/www.entrack.no\/wp-content\/uploads\/2025\/05\/SK75SRX-ENtrack-300x180.jpg 300w, https:\/\/www.entrack.no\/wp-content\/uploads\/2025\/05\/SK75SRX-ENtrack-610x366.jpg 610w\" sizes=\"(max-width: 750px) 100vw, 750px\" \/><\/a><\/figure><div class=\"elementor-image-box-content\"><h3 class=\"elementor-image-box-title\"><a href=\"\/produktkategori\/maskiner\/kobelco\/kobelco-korthekkere\/\">Korthekkere 8-28 tonn<\/a><\/h3><p class=\"elementor-image-box-description\">\n<a href=\"\/kobelco\/korthekkere\/\">&gt;&gt; Les mer her<\/a><\/p><\/div><\/div>\t\t\t\t<\/div>\n\t\t\t\t<\/div>\n\t\t\t\t\t<\/div>\n\t\t<\/div>\n\t\t\t\t<div class=\"elementor-column elementor-col-33 elementor-top-column elementor-element elementor-element-d5dac1e\" data-id=\"d5dac1e\" data-element_type=\"column\" data-e-type=\"column\">\n\t\t\t<div class=\"elementor-widget-wrap elementor-element-populated\">\n\t\t\t\t\t\t<div class=\"elementor-element elementor-element-dabd710 elementor-position-top elementor-widget elementor-widget-image-box\" data-id=\"dabd710\" data-element_type=\"widget\" data-e-type=\"widget\" data-widget_type=\"image-box.default\">\n\t\t\t\t<div class=\"elementor-widget-container\">\n\t\t\t\t\t<div class=\"elementor-image-box-wrapper\"><figure class=\"elementor-image-box-img\"><a href=\"\/produktkategori\/maskiner\/kobelco\/kobelco-konvensjonelle\/\" tabindex=\"-1\"><img decoding=\"async\" width=\"750\" height=\"450\" src=\"https:\/\/www.entrack.no\/wp-content\/uploads\/2025\/05\/SK350LC10E-stein.jpg\" class=\"attachment-full size-full wp-image-63980\" alt=\"\" srcset=\"https:\/\/www.entrack.no\/wp-content\/uploads\/2025\/05\/SK350LC10E-stein.jpg 750w, https:\/\/www.entrack.no\/wp-content\/uploads\/2025\/05\/SK350LC10E-stein-300x180.jpg 300w, https:\/\/www.entrack.no\/wp-content\/uploads\/2025\/05\/SK350LC10E-stein-610x366.jpg 610w\" sizes=\"(max-width: 750px) 100vw, 750px\" \/><\/a><\/figure><div class=\"elementor-image-box-content\"><h3 class=\"elementor-image-box-title\"><a href=\"\/produktkategori\/maskiner\/kobelco\/kobelco-konvensjonelle\/\">konvesjonelle 13-85 tonn<\/a><\/h3><p class=\"elementor-image-box-description\">\n<a href=\"\/kobelco\/konvensjonelle\/\">&gt;&gt; Les merher<\/a><\/p><\/div><\/div>\t\t\t\t<\/div>\n\t\t\t\t<\/div>\n\t\t\t\t\t<\/div>\n\t\t<\/div>\n\t\t\t\t\t<\/div>\n\t\t<\/section>\n\t\t\t\t<section class=\"elementor-section elementor-top-section elementor-element elementor-element-853e7ab elementor-section-full_width elementor-section-height-default elementor-section-height-default\" data-id=\"853e7ab\" data-element_type=\"section\" data-e-type=\"section\">\n\t\t\t\t\t\t<div class=\"elementor-container elementor-column-gap-default\">\n\t\t\t\t\t<div class=\"elementor-column elementor-col-33 elementor-top-column elementor-element elementor-element-d677b8c\" data-id=\"d677b8c\" data-element_type=\"column\" data-e-type=\"column\">\n\t\t\t<div class=\"elementor-widget-wrap elementor-element-populated\">\n\t\t\t\t\t\t<div class=\"elementor-element elementor-element-bc276a9 elementor-position-top elementor-widget elementor-widget-image-box\" data-id=\"bc276a9\" data-element_type=\"widget\" data-e-type=\"widget\" data-widget_type=\"image-box.default\">\n\t\t\t\t<div class=\"elementor-widget-container\">\n\t\t\t\t\t<div class=\"elementor-image-box-wrapper\"><figure class=\"elementor-image-box-img\"><a href=\"\/kobelco-service-2\/\" tabindex=\"-1\"><img loading=\"lazy\" decoding=\"async\" width=\"750\" height=\"450\" src=\"https:\/\/www.entrack.no\/wp-content\/uploads\/2025\/05\/kobelco-service-x.jpg\" class=\"attachment-full size-full wp-image-64000\" alt=\"\" srcset=\"https:\/\/www.entrack.no\/wp-content\/uploads\/2025\/05\/kobelco-service-x.jpg 750w, https:\/\/www.entrack.no\/wp-content\/uploads\/2025\/05\/kobelco-service-x-300x180.jpg 300w, https:\/\/www.entrack.no\/wp-content\/uploads\/2025\/05\/kobelco-service-x-610x366.jpg 610w\" sizes=\"(max-width: 750px) 100vw, 750px\" \/><\/a><\/figure><div class=\"elementor-image-box-content\"><h3 class=\"elementor-image-box-title\"><a href=\"\/kobelco-service-2\/\">kobelco service<\/a><\/h3><p class=\"elementor-image-box-description\"><a href=\"\/kobelco\/service\/\">&gt;&gt; Les mer om Kobelco service her<\/a><\/p><\/div><\/div>\t\t\t\t<\/div>\n\t\t\t\t<\/div>\n\t\t\t\t\t<\/div>\n\t\t<\/div>\n\t\t\t\t<div class=\"elementor-column elementor-col-33 elementor-top-column elementor-element elementor-element-252e1f8\" data-id=\"252e1f8\" data-element_type=\"column\" data-e-type=\"column\">\n\t\t\t<div class=\"elementor-widget-wrap elementor-element-populated\">\n\t\t\t\t\t\t<div class=\"elementor-element elementor-element-20639e9 elementor-position-top elementor-widget elementor-widget-image-box\" data-id=\"20639e9\" data-element_type=\"widget\" data-e-type=\"widget\" data-widget_type=\"image-box.default\">\n\t\t\t\t<div class=\"elementor-widget-container\">\n\t\t\t\t\t<div class=\"elementor-image-box-wrapper\"><figure class=\"elementor-image-box-img\"><a href=\"\/deler\/reservedeler-kobelco\/\" tabindex=\"-1\"><img loading=\"lazy\" decoding=\"async\" width=\"1500\" height=\"900\" src=\"https:\/\/www.entrack.no\/wp-content\/uploads\/2020\/07\/kobelco-deler.jpg\" class=\"attachment-full size-full wp-image-47553\" alt=\"\" srcset=\"https:\/\/www.entrack.no\/wp-content\/uploads\/2020\/07\/kobelco-deler.jpg 1500w, https:\/\/www.entrack.no\/wp-content\/uploads\/2020\/07\/kobelco-deler-800x480.jpg 800w, https:\/\/www.entrack.no\/wp-content\/uploads\/2020\/07\/kobelco-deler-300x180.jpg 300w, https:\/\/www.entrack.no\/wp-content\/uploads\/2020\/07\/kobelco-deler-1024x614.jpg 1024w, https:\/\/www.entrack.no\/wp-content\/uploads\/2020\/07\/kobelco-deler-768x461.jpg 768w\" sizes=\"(max-width: 1500px) 100vw, 1500px\" \/><\/a><\/figure><div class=\"elementor-image-box-content\"><h3 class=\"elementor-image-box-title\"><a href=\"\/deler\/reservedeler-kobelco\/\">Kobelco deler<\/a><\/h3><p class=\"elementor-image-box-description\"><a href=\"\/kobelco\/deler\/\">&gt;&gt; Les mer om Kobelco deler her<\/a><\/p><\/div><\/div>\t\t\t\t<\/div>\n\t\t\t\t<\/div>\n\t\t\t\t\t<\/div>\n\t\t<\/div>\n\t\t\t\t<div class=\"elementor-column elementor-col-33 elementor-top-column elementor-element elementor-element-36b0808 elementor-hidden-desktop elementor-hidden-tablet elementor-hidden-mobile\" data-id=\"36b0808\" data-element_type=\"column\" data-e-type=\"column\">\n\t\t\t<div class=\"elementor-widget-wrap elementor-element-populated\">\n\t\t\t\t\t\t<div class=\"elementor-element elementor-element-8354453 elementor-position-top elementor-widget elementor-widget-image-box\" data-id=\"8354453\" data-element_type=\"widget\" data-e-type=\"widget\" data-widget_type=\"image-box.default\">\n\t\t\t\t<div class=\"elementor-widget-container\">\n\t\t\t\t\t<div class=\"elementor-image-box-wrapper\"><figure class=\"elementor-image-box-img\"><a href=\"https:\/\/www.entrack.no\/kobelco\/demolition\/\" tabindex=\"-1\"><img loading=\"lazy\" decoding=\"async\" width=\"1500\" height=\"900\" src=\"https:\/\/www.entrack.no\/wp-content\/uploads\/2020\/07\/kobelco-demolition.jpg\" class=\"attachment-full size-full wp-image-47551\" alt=\"Kobelco demolition\" srcset=\"https:\/\/www.entrack.no\/wp-content\/uploads\/2020\/07\/kobelco-demolition.jpg 1500w, https:\/\/www.entrack.no\/wp-content\/uploads\/2020\/07\/kobelco-demolition-800x480.jpg 800w, https:\/\/www.entrack.no\/wp-content\/uploads\/2020\/07\/kobelco-demolition-300x180.jpg 300w, https:\/\/www.entrack.no\/wp-content\/uploads\/2020\/07\/kobelco-demolition-1024x614.jpg 1024w, https:\/\/www.entrack.no\/wp-content\/uploads\/2020\/07\/kobelco-demolition-768x461.jpg 768w\" sizes=\"(max-width: 1500px) 100vw, 1500px\" \/><\/a><\/figure><div class=\"elementor-image-box-content\"><h3 class=\"elementor-image-box-title\"><a href=\"https:\/\/www.entrack.no\/kobelco\/demolition\/\">demolition 16-50 tonn<\/a><\/h3><p class=\"elementor-image-box-description\">\n<a href=\"https:\/\/www.entrack.no\/kobelco\/demolition\/\">&gt;&gt; Se utvalget Kobelco Demolition her<\/a><\/p><\/div><\/div>\t\t\t\t<\/div>\n\t\t\t\t<\/div>\n\t\t\t\t\t<\/div>\n\t\t<\/div>\n\t\t\t\t\t<\/div>\n\t\t<\/section>\n\t\t\t\t<\/div>\n\t\t<span class=\"et_bloom_bottom_trigger\"><\/span>","protected":false},"excerpt":{"rendered":"<p>Vil du pr\u00f8vekj\u00f8re Kobelco? Kobelco er en ekte Japansk maskin med meget h\u00f8y kvalitet. Lave drift og vedlikeholdskostnader, h\u00f8y komfort, dette sammen med lite nedetid er n\u00f8kkelen til alle v\u00e5re forn\u00f8yde kunder. Som en av to import\u00f8rer av Kobelco til Norge \u00f8nsker Entrack at du skal v\u00e6re trygg p\u00e5 ditt maskinvalg. Derfor har vi mange [&hellip;]<\/p>\n","protected":false},"author":1,"featured_media":47552,"parent":0,"menu_order":0,"comment_status":"closed","ping_status":"closed","template":"","meta":{"_acf_changed":false,"footnotes":""},"class_list":["post-53793","page","type-page","status-publish","has-post-thumbnail","hentry"],"acf":[],"_links":{"self":[{"href":"https:\/\/www.entrack.no\/en\/wp-json\/wp\/v2\/pages\/53793","targetHints":{"allow":["GET"]}}],"collection":[{"href":"https:\/\/www.entrack.no\/en\/wp-json\/wp\/v2\/pages"}],"about":[{"href":"https:\/\/www.entrack.no\/en\/wp-json\/wp\/v2\/types\/page"}],"author":[{"embeddable":true,"href":"https:\/\/www.entrack.no\/en\/wp-json\/wp\/v2\/users\/1"}],"replies":[{"embeddable":true,"href":"https:\/\/www.entrack.no\/en\/wp-json\/wp\/v2\/comments?post=53793"}],"version-history":[{"count":5,"href":"https:\/\/www.entrack.no\/en\/wp-json\/wp\/v2\/pages\/53793\/revisions"}],"predecessor-version":[{"id":65599,"href":"https:\/\/www.entrack.no\/en\/wp-json\/wp\/v2\/pages\/53793\/revisions\/65599"}],"wp:featuredmedia":[{"embeddable":true,"href":"https:\/\/www.entrack.no\/en\/wp-json\/wp\/v2\/media\/47552"}],"wp:attachment":[{"href":"https:\/\/www.entrack.no\/en\/wp-json\/wp\/v2\/media?parent=53793"}],"curies":[{"name":"wp","href":"https:\/\/api.w.org\/{rel}","templated":true}]}}