{"id":52404,"date":"2021-01-13T13:01:42","date_gmt":"2021-01-13T12:01:42","guid":{"rendered":"https:\/\/www.entrack.no\/?page_id=52404"},"modified":"2025-11-24T14:50:39","modified_gmt":"2025-11-24T13:50:39","slug":"comoxes","status":"publish","type":"page","link":"https:\/\/www.entrack.no\/en\/komexs\/","title":{"rendered":"Comoxes"},"content":{"rendered":"<div data-elementor-type=\"wp-post\" data-elementor-id=\"52404\" class=\"elementor elementor-52404\" data-elementor-post-type=\"page\">\n\t\t\t\t\t\t<section class=\"elementor-section elementor-top-section elementor-element elementor-element-360b3de elementor-section-boxed elementor-section-height-default elementor-section-height-default\" data-id=\"360b3de\" data-element_type=\"section\" data-e-type=\"section\">\n\t\t\t\t\t\t<div class=\"elementor-container elementor-column-gap-default\">\n\t\t\t\t\t<div class=\"elementor-column elementor-col-100 elementor-top-column elementor-element elementor-element-7faaba2\" data-id=\"7faaba2\" data-element_type=\"column\" data-e-type=\"column\">\n\t\t\t<div class=\"elementor-widget-wrap elementor-element-populated\">\n\t\t\t\t\t\t<div class=\"elementor-element elementor-element-415d2e1 elementor-widget elementor-widget-heading\" data-id=\"415d2e1\" data-element_type=\"widget\" data-e-type=\"widget\" data-widget_type=\"heading.default\">\n\t\t\t\t<div class=\"elementor-widget-container\">\n\t\t\t\t\t<h2 class=\"elementor-heading-title elementor-size-default\">Kobelco KOMEXS <\/h2>\t\t\t\t<\/div>\n\t\t\t\t<\/div>\n\t\t\t\t<div class=\"elementor-element elementor-element-8752e13 elementor-widget elementor-widget-text-editor\" data-id=\"8752e13\" data-element_type=\"widget\" data-e-type=\"widget\" data-widget_type=\"text-editor.default\">\n\t\t\t\t<div class=\"elementor-widget-container\">\n\t\t\t\t\t\t\t\t\t<p>Free web-based application that allows you to monitor Kobelco machines remotely.\u00a0<\/p>\t\t\t\t\t\t\t\t<\/div>\n\t\t\t\t<\/div>\n\t\t\t\t\t<\/div>\n\t\t<\/div>\n\t\t\t\t\t<\/div>\n\t\t<\/section>\n\t\t\t\t<section class=\"elementor-section elementor-top-section elementor-element elementor-element-3cabca9 elementor-section-boxed elementor-section-height-default elementor-section-height-default\" data-id=\"3cabca9\" data-element_type=\"section\" data-e-type=\"section\">\n\t\t\t\t\t\t<div class=\"elementor-container elementor-column-gap-default\">\n\t\t\t\t\t<div class=\"elementor-column elementor-col-100 elementor-top-column elementor-element elementor-element-0ab1534\" data-id=\"0ab1534\" data-element_type=\"column\" data-e-type=\"column\">\n\t\t\t<div class=\"elementor-widget-wrap elementor-element-populated\">\n\t\t\t\t\t\t<div class=\"elementor-element elementor-element-49d4e0f elementor-widget elementor-widget-html\" data-id=\"49d4e0f\" data-element_type=\"widget\" data-e-type=\"widget\" data-widget_type=\"html.default\">\n\t\t\t\t<div class=\"elementor-widget-container\">\n\t\t\t\t\t<iframe width=\"1140\" height=\"500\" src=\"https:\/\/www.youtube.com\/embed\/wgu_kw-wjFI\" frameborder=\"0\" allow=\"accelerometer; autoplay; clipboard-write; encrypted-media; gyroscope; picture-in-picture\" allowfullscreen><\/iframe>\t\t\t\t<\/div>\n\t\t\t\t<\/div>\n\t\t\t\t\t<\/div>\n\t\t<\/div>\n\t\t\t\t\t<\/div>\n\t\t<\/section>\n\t\t\t\t<section class=\"elementor-section elementor-top-section elementor-element elementor-element-f428504 elementor-section-boxed elementor-section-height-default elementor-section-height-default\" data-id=\"f428504\" data-element_type=\"section\" data-e-type=\"section\">\n\t\t\t\t\t\t<div class=\"elementor-container elementor-column-gap-default\">\n\t\t\t\t\t<div class=\"elementor-column elementor-col-100 elementor-top-column elementor-element elementor-element-a7d61bf\" data-id=\"a7d61bf\" data-element_type=\"column\" data-e-type=\"column\">\n\t\t\t<div class=\"elementor-widget-wrap elementor-element-populated\">\n\t\t\t\t\t\t<div class=\"elementor-element elementor-element-9345fa9 elementor-widget elementor-widget-text-editor\" data-id=\"9345fa9\" data-element_type=\"widget\" data-e-type=\"widget\" data-widget_type=\"text-editor.default\">\n\t\t\t\t<div class=\"elementor-widget-container\">\n\t\t\t\t\t\t\t\t\t<h1 class=\"produktHeading\">Completely free of charge<\/h1><p>KOMEXS provides access to important machine data, helping you to manage machines more efficiently, increase machine productivity and reduce costs. With the KOMEXS system, you can manage a fleet of construction machines spread across different locations.<\/p><p>Komexs is\u00a0<strong>completely free<\/strong>\u00a0and standard on all new machines from 8 tonnes upwards, but you need to let us know if you<br \/>want this activated on your machine.<\/p><ul><li>You can monitor your Kobelco machine fleet efficiently and economically.<\/li><li>You can monitor your diesel consumption in the most efficient way.<\/li><li>You will be notified when service is due.<\/li><li>You get error messages in the system.<\/li><li>You know when it's time for service.<\/li><li>The system has an integrated GPS system (you can find the machine again if it is lost) = Lower insurance premiums.<\/li><\/ul>\t\t\t\t\t\t\t\t<\/div>\n\t\t\t\t<\/div>\n\t\t\t\t<div class=\"elementor-element elementor-element-1c0c209 elementor-hidden-desktop elementor-hidden-tablet elementor-hidden-phone elementor-widget elementor-widget-button\" data-id=\"1c0c209\" data-element_type=\"widget\" data-e-type=\"widget\" data-widget_type=\"button.default\">\n\t\t\t\t<div class=\"elementor-widget-container\">\n\t\t\t\t\t\t\t\t\t<div class=\"elementor-button-wrapper\">\n\t\t\t\t\t<a class=\"elementor-button elementor-button-link elementor-size-sm\" href=\"https:\/\/www.entrack.no\/wp-content\/uploads\/2021\/01\/ENG_ED160_Final_LowRes_20170111_POD052.pdf\" target=\"_blank\">\n\t\t\t\t\t\t<span class=\"elementor-button-content-wrapper\">\n\t\t\t\t\t\t\t\t\t<span class=\"elementor-button-text\">Download brochure<\/span>\n\t\t\t\t\t<\/span>\n\t\t\t\t\t<\/a>\n\t\t\t\t<\/div>\n\t\t\t\t\t\t\t\t<\/div>\n\t\t\t\t<\/div>\n\t\t\t\t\t<\/div>\n\t\t<\/div>\n\t\t\t\t\t<\/div>\n\t\t<\/section>\n\t\t\t\t<\/div>\n\t\t<span class=\"et_bloom_bottom_trigger\"><\/span>","protected":false},"excerpt":{"rendered":"<p>Kobelco KOMEXS Gratis webbasert program som gj\u00f8r det mulig \u00e5 overv\u00e5ke Kobelco maskiner eksternt. Helt gratis KOMEXS gir tilgang til viktig maskindata, som hjelper deg til \u00e5 administrere maskiner mer effektivt, \u00f8ker maskinens produktivitet og reduserer kostnadene. Med KOMEXS systemet kan du administrere en fl\u00e5te anleggs-maskiner spredt rundt p\u00e5 forskjellige lokasjoner. Komexs er\u00a0helt gratis\u00a0og standard [&hellip;]<\/p>\n","protected":false},"author":1,"featured_media":52482,"parent":0,"menu_order":0,"comment_status":"closed","ping_status":"closed","template":"","meta":{"_acf_changed":false,"footnotes":""},"class_list":["post-52404","page","type-page","status-publish","has-post-thumbnail","hentry"],"acf":[],"_links":{"self":[{"href":"https:\/\/www.entrack.no\/en\/wp-json\/wp\/v2\/pages\/52404","targetHints":{"allow":["GET"]}}],"collection":[{"href":"https:\/\/www.entrack.no\/en\/wp-json\/wp\/v2\/pages"}],"about":[{"href":"https:\/\/www.entrack.no\/en\/wp-json\/wp\/v2\/types\/page"}],"author":[{"embeddable":true,"href":"https:\/\/www.entrack.no\/en\/wp-json\/wp\/v2\/users\/1"}],"replies":[{"embeddable":true,"href":"https:\/\/www.entrack.no\/en\/wp-json\/wp\/v2\/comments?post=52404"}],"version-history":[{"count":2,"href":"https:\/\/www.entrack.no\/en\/wp-json\/wp\/v2\/pages\/52404\/revisions"}],"predecessor-version":[{"id":65439,"href":"https:\/\/www.entrack.no\/en\/wp-json\/wp\/v2\/pages\/52404\/revisions\/65439"}],"wp:featuredmedia":[{"embeddable":true,"href":"https:\/\/www.entrack.no\/en\/wp-json\/wp\/v2\/media\/52482"}],"wp:attachment":[{"href":"https:\/\/www.entrack.no\/en\/wp-json\/wp\/v2\/media?parent=52404"}],"curies":[{"name":"wp","href":"https:\/\/api.w.org\/{rel}","templated":true}]}}