{"id":52392,"date":"2021-01-13T12:51:27","date_gmt":"2021-01-13T11:51:27","guid":{"rendered":"https:\/\/www.entrack.no\/?page_id=52392"},"modified":"2025-11-11T22:18:35","modified_gmt":"2025-11-11T21:18:35","slug":"kobelco-indr","status":"publish","type":"page","link":"https:\/\/www.entrack.no\/en\/kobelco-indr\/","title":{"rendered":"INDR"},"content":{"rendered":"<div data-elementor-type=\"wp-post\" data-elementor-id=\"52392\" class=\"elementor elementor-52392\" data-elementor-post-type=\"page\">\n\t\t\t\t\t\t<section class=\"elementor-section elementor-top-section elementor-element elementor-element-360b3de elementor-section-boxed elementor-section-height-default elementor-section-height-default\" data-id=\"360b3de\" data-element_type=\"section\" data-e-type=\"section\">\n\t\t\t\t\t\t<div class=\"elementor-container elementor-column-gap-default\">\n\t\t\t\t\t<div class=\"elementor-column elementor-col-100 elementor-top-column elementor-element elementor-element-7faaba2\" data-id=\"7faaba2\" data-element_type=\"column\" data-e-type=\"column\">\n\t\t\t<div class=\"elementor-widget-wrap elementor-element-populated\">\n\t\t\t\t\t\t<div class=\"elementor-element elementor-element-415d2e1 elementor-widget elementor-widget-heading\" data-id=\"415d2e1\" data-element_type=\"widget\" data-e-type=\"widget\" data-widget_type=\"heading.default\">\n\t\t\t\t<div class=\"elementor-widget-container\">\n\t\t\t\t\t<h2 class=\"elementor-heading-title elementor-size-default\">Kobelco iNDR <\/h2>\t\t\t\t<\/div>\n\t\t\t\t<\/div>\n\t\t\t\t<div class=\"elementor-element elementor-element-8752e13 elementor-widget elementor-widget-text-editor\" data-id=\"8752e13\" data-element_type=\"widget\" data-e-type=\"widget\" data-widget_type=\"text-editor.default\">\n\t\t\t\t<div class=\"elementor-widget-container\">\n\t\t\t\t\t\t\t\t\t<p>Innovation at a high level<\/p>\t\t\t\t\t\t\t\t<\/div>\n\t\t\t\t<\/div>\n\t\t\t\t\t<\/div>\n\t\t<\/div>\n\t\t\t\t\t<\/div>\n\t\t<\/section>\n\t\t\t\t<section class=\"elementor-section elementor-top-section elementor-element elementor-element-8687a6e elementor-section-boxed elementor-section-height-default elementor-section-height-default\" data-id=\"8687a6e\" data-element_type=\"section\" data-e-type=\"section\">\n\t\t\t\t\t\t<div class=\"elementor-container elementor-column-gap-default\">\n\t\t\t\t\t<div class=\"elementor-column elementor-col-33 elementor-top-column elementor-element elementor-element-5833fb7\" data-id=\"5833fb7\" data-element_type=\"column\" data-e-type=\"column\">\n\t\t\t<div class=\"elementor-widget-wrap elementor-element-populated\">\n\t\t\t\t\t\t<div class=\"elementor-element elementor-element-278c23c elementor-widget elementor-widget-gallery\" data-id=\"278c23c\" data-element_type=\"widget\" data-e-type=\"widget\" data-settings=\"{&quot;columns&quot;:1,&quot;lazyload&quot;:&quot;yes&quot;,&quot;gallery_layout&quot;:&quot;grid&quot;,&quot;columns_tablet&quot;:2,&quot;columns_mobile&quot;:1,&quot;gap&quot;:{&quot;unit&quot;:&quot;px&quot;,&quot;size&quot;:10,&quot;sizes&quot;:[]},&quot;gap_tablet&quot;:{&quot;unit&quot;:&quot;px&quot;,&quot;size&quot;:10,&quot;sizes&quot;:[]},&quot;gap_mobile&quot;:{&quot;unit&quot;:&quot;px&quot;,&quot;size&quot;:10,&quot;sizes&quot;:[]},&quot;link_to&quot;:&quot;file&quot;,&quot;aspect_ratio&quot;:&quot;3:2&quot;,&quot;overlay_background&quot;:&quot;yes&quot;,&quot;content_hover_animation&quot;:&quot;fade-in&quot;}\" data-widget_type=\"gallery.default\">\n\t\t\t\t<div class=\"elementor-widget-container\">\n\t\t\t\t\t\t\t<div class=\"elementor-gallery__container\">\n\t\t\t\t\t\t\t<a class=\"e-gallery-item elementor-gallery-item elementor-animated-content\" href=\"https:\/\/www.entrack.no\/wp-content\/uploads\/2021\/01\/indr-2.png\" data-elementor-open-lightbox=\"yes\" data-elementor-lightbox-slideshow=\"278c23c\" data-elementor-lightbox-title=\"indr\" data-e-action-hash=\"#elementor-action%3Aaction%3Dlightbox%26settings%3DeyJpZCI6NTIzOTcsInVybCI6Imh0dHBzOlwvXC93d3cuZW50cmFjay5ub1wvd3AtY29udGVudFwvdXBsb2Fkc1wvMjAyMVwvMDFcL2luZHItMi5wbmciLCJzbGlkZXNob3ciOiIyNzhjMjNjIn0%3D\">\n\t\t\t\t\t<div class=\"e-gallery-image elementor-gallery-item__image\" data-thumbnail=\"https:\/\/www.entrack.no\/wp-content\/uploads\/2021\/01\/indr-2-300x169.png\" data-width=\"300\" data-height=\"169\" aria-label=\"\" role=\"img\" ><\/div>\n\t\t\t\t\t\t\t\t\t\t\t<div class=\"elementor-gallery-item__overlay\"><\/div>\n\t\t\t\t\t\t\t\t\t\t\t\t\t\t<\/a>\n\t\t\t\t\t\t\t<a class=\"e-gallery-item elementor-gallery-item elementor-animated-content\" href=\"https:\/\/www.entrack.no\/wp-content\/uploads\/2021\/01\/INDR-2-1.png\" data-elementor-open-lightbox=\"yes\" data-elementor-lightbox-slideshow=\"278c23c\" data-elementor-lightbox-title=\"INDR-2\" data-e-action-hash=\"#elementor-action%3Aaction%3Dlightbox%26settings%3DeyJpZCI6NTIzOTgsInVybCI6Imh0dHBzOlwvXC93d3cuZW50cmFjay5ub1wvd3AtY29udGVudFwvdXBsb2Fkc1wvMjAyMVwvMDFcL0lORFItMi0xLnBuZyIsInNsaWRlc2hvdyI6IjI3OGMyM2MifQ%3D%3D\">\n\t\t\t\t\t<div class=\"e-gallery-image elementor-gallery-item__image\" data-thumbnail=\"https:\/\/www.entrack.no\/wp-content\/uploads\/2021\/01\/INDR-2-1-300x251.png\" data-width=\"300\" data-height=\"251\" aria-label=\"Kobelco iNDR\" role=\"img\" ><\/div>\n\t\t\t\t\t\t\t\t\t\t\t<div class=\"elementor-gallery-item__overlay\"><\/div>\n\t\t\t\t\t\t\t\t\t\t\t\t\t\t<\/a>\n\t\t\t\t\t<\/div>\n\t\t\t\t\t<\/div>\n\t\t\t\t<\/div>\n\t\t\t\t\t<\/div>\n\t\t<\/div>\n\t\t\t\t<div class=\"elementor-column elementor-col-66 elementor-top-column elementor-element elementor-element-9e81308\" data-id=\"9e81308\" data-element_type=\"column\" data-e-type=\"column\">\n\t\t\t<div class=\"elementor-widget-wrap elementor-element-populated\">\n\t\t\t\t\t\t<div class=\"elementor-element elementor-element-8aad7f7 elementor-widget elementor-widget-image\" data-id=\"8aad7f7\" data-element_type=\"widget\" data-e-type=\"widget\" data-widget_type=\"image.default\">\n\t\t\t\t<div class=\"elementor-widget-container\">\n\t\t\t\t\t\t\t\t\t\t\t\t\t\t\t<img fetchpriority=\"high\" decoding=\"async\" width=\"771\" height=\"600\" src=\"https:\/\/www.entrack.no\/wp-content\/uploads\/2021\/01\/webimage-B4125022-E913-4659-93A545F378B5C116.png\" class=\"attachment-large size-large wp-image-52396\" alt=\"Kobelco iNDR\" srcset=\"https:\/\/www.entrack.no\/wp-content\/uploads\/2021\/01\/webimage-B4125022-E913-4659-93A545F378B5C116.png 771w, https:\/\/www.entrack.no\/wp-content\/uploads\/2021\/01\/webimage-B4125022-E913-4659-93A545F378B5C116-300x233.png 300w, https:\/\/www.entrack.no\/wp-content\/uploads\/2021\/01\/webimage-B4125022-E913-4659-93A545F378B5C116-768x598.png 768w, https:\/\/www.entrack.no\/wp-content\/uploads\/2021\/01\/webimage-B4125022-E913-4659-93A545F378B5C116-610x475.png 610w, https:\/\/www.entrack.no\/wp-content\/uploads\/2021\/01\/webimage-B4125022-E913-4659-93A545F378B5C116-600x467.png 600w\" sizes=\"(max-width: 771px) 100vw, 771px\" \/>\t\t\t\t\t\t\t\t\t\t\t\t\t\t\t<\/div>\n\t\t\t\t<\/div>\n\t\t\t\t\t<\/div>\n\t\t<\/div>\n\t\t\t\t\t<\/div>\n\t\t<\/section>\n\t\t\t\t<section class=\"elementor-section elementor-top-section elementor-element elementor-element-f428504 elementor-section-boxed elementor-section-height-default elementor-section-height-default\" data-id=\"f428504\" data-element_type=\"section\" data-e-type=\"section\">\n\t\t\t\t\t\t<div class=\"elementor-container elementor-column-gap-default\">\n\t\t\t\t\t<div class=\"elementor-column elementor-col-100 elementor-top-column elementor-element elementor-element-a7d61bf\" data-id=\"a7d61bf\" data-element_type=\"column\" data-e-type=\"column\">\n\t\t\t<div class=\"elementor-widget-wrap elementor-element-populated\">\n\t\t\t\t\t\t<div class=\"elementor-element elementor-element-9345fa9 elementor-widget elementor-widget-text-editor\" data-id=\"9345fa9\" data-element_type=\"widget\" data-e-type=\"widget\" data-widget_type=\"text-editor.default\">\n\t\t\t\t<div class=\"elementor-widget-container\">\n\t\t\t\t\t\t\t\t\t<h1 class=\"produktHeading\"><strong>Integrated noise, dust and cooling system<\/strong><\/h1><p>Kobelco has developed the revolutionary integrated noise and dust reduction cooling system, with the engine compartment located in a single duct connecting the air intake to the exhaust outlet.<\/p><h4 class=\"undertittel\"><strong>Reduces noise<\/strong><\/h4><p>The intake and exhaust are staggered, with holes and joints in the sections corresponding to the duct wall completely covered to reduce noise at the intake and exhaust openings. This design, plus the generous use of insulation material inside the duct, minimises engine noise. These machines reach ultra-low noise levels of just 93 dB(A) outside and 65 db(A) in the cabin.<\/p><h4 class=\"undertittel\"><strong>Reduces dust<\/strong><\/h4><p>The high-performance iNDr filter removes dust from the air intake, ensuring a quieter, cleaner engine and keeping the cooling unit free from clogging, so no regular cleaning is required.<\/p>\t\t\t\t\t\t\t\t<\/div>\n\t\t\t\t<\/div>\n\t\t\t\t<div class=\"elementor-element elementor-element-dd45834 elementor-widget elementor-widget-html\" data-id=\"dd45834\" data-element_type=\"widget\" data-e-type=\"widget\" data-widget_type=\"html.default\">\n\t\t\t\t<div class=\"elementor-widget-container\">\n\t\t\t\t\t<iframe width=\"1085\" height=\"500\" src=\"https:\/\/www.youtube.com\/embed\/4V8Nu-kWNZc\" frameborder=\"0\" allow=\"accelerometer; autoplay; clipboard-write; encrypted-media; gyroscope; picture-in-picture\" allowfullscreen><\/iframe>\t\t\t\t<\/div>\n\t\t\t\t<\/div>\n\t\t\t\t<div class=\"elementor-element elementor-element-1c0c209 elementor-hidden-desktop elementor-hidden-tablet elementor-hidden-phone elementor-widget elementor-widget-button\" data-id=\"1c0c209\" data-element_type=\"widget\" data-e-type=\"widget\" data-widget_type=\"button.default\">\n\t\t\t\t<div class=\"elementor-widget-container\">\n\t\t\t\t\t\t\t\t\t<div class=\"elementor-button-wrapper\">\n\t\t\t\t\t<a class=\"elementor-button elementor-button-link elementor-size-sm\" href=\"https:\/\/www.entrack.no\/wp-content\/uploads\/2021\/01\/ENG_ED160_Final_LowRes_20170111_POD052.pdf\" target=\"_blank\">\n\t\t\t\t\t\t<span class=\"elementor-button-content-wrapper\">\n\t\t\t\t\t\t\t\t\t<span class=\"elementor-button-text\">Download brochure<\/span>\n\t\t\t\t\t<\/span>\n\t\t\t\t\t<\/a>\n\t\t\t\t<\/div>\n\t\t\t\t\t\t\t\t<\/div>\n\t\t\t\t<\/div>\n\t\t\t\t\t<\/div>\n\t\t<\/div>\n\t\t\t\t\t<\/div>\n\t\t<\/section>\n\t\t\t\t<\/div>\n\t\t<span class=\"et_bloom_bottom_trigger\"><\/span>","protected":false},"excerpt":{"rendered":"<p>Kobelco iNDR Innovasjon p\u00e5 h\u00f8yt niv\u00e5 Integrert st\u00f8y, st\u00f8v og kj\u00f8lesystem Kobelco har utviklet det revolusjonerende integrerte st\u00f8y- og st\u00f8vreduksjons kj\u00f8lesystemet, med motorrommet plassert i en enkel kanal som forbinder luftinntaket til eksosutl\u00f8pet. Reduserer st\u00f8y Inntaket og eksosen er forskj\u00f8vet, med hull og skj\u00f8ter i seksjonene som tilsvarer kanalveggen helt dekket for \u00e5 redusere st\u00f8y [&hellip;]<\/p>\n","protected":false},"author":1,"featured_media":52393,"parent":0,"menu_order":0,"comment_status":"closed","ping_status":"closed","template":"","meta":{"_acf_changed":false,"footnotes":""},"class_list":["post-52392","page","type-page","status-publish","has-post-thumbnail","hentry"],"acf":[],"_links":{"self":[{"href":"https:\/\/www.entrack.no\/en\/wp-json\/wp\/v2\/pages\/52392","targetHints":{"allow":["GET"]}}],"collection":[{"href":"https:\/\/www.entrack.no\/en\/wp-json\/wp\/v2\/pages"}],"about":[{"href":"https:\/\/www.entrack.no\/en\/wp-json\/wp\/v2\/types\/page"}],"author":[{"embeddable":true,"href":"https:\/\/www.entrack.no\/en\/wp-json\/wp\/v2\/users\/1"}],"replies":[{"embeddable":true,"href":"https:\/\/www.entrack.no\/en\/wp-json\/wp\/v2\/comments?post=52392"}],"version-history":[{"count":5,"href":"https:\/\/www.entrack.no\/en\/wp-json\/wp\/v2\/pages\/52392\/revisions"}],"predecessor-version":[{"id":65345,"href":"https:\/\/www.entrack.no\/en\/wp-json\/wp\/v2\/pages\/52392\/revisions\/65345"}],"wp:featuredmedia":[{"embeddable":true,"href":"https:\/\/www.entrack.no\/en\/wp-json\/wp\/v2\/media\/52393"}],"wp:attachment":[{"href":"https:\/\/www.entrack.no\/en\/wp-json\/wp\/v2\/media?parent=52392"}],"curies":[{"name":"wp","href":"https:\/\/api.w.org\/{rel}","templated":true}]}}