{"id":52257,"date":"2021-01-11T08:45:38","date_gmt":"2021-01-11T07:45:38","guid":{"rendered":"https:\/\/www.entrack.no\/?page_id=52257"},"modified":"2025-11-18T13:16:52","modified_gmt":"2025-11-18T12:16:52","slug":"grab","status":"publish","type":"page","link":"https:\/\/www.entrack.no\/en\/griper\/","title":{"rendered":"Grippers"},"content":{"rendered":"<div data-elementor-type=\"wp-post\" data-elementor-id=\"52257\" class=\"elementor elementor-52257\" data-elementor-post-type=\"page\">\n\t\t\t\t\t\t<section class=\"elementor-section elementor-top-section elementor-element elementor-element-360b3de elementor-section-boxed elementor-section-height-default elementor-section-height-default\" data-id=\"360b3de\" data-element_type=\"section\" data-e-type=\"section\">\n\t\t\t\t\t\t<div class=\"elementor-container elementor-column-gap-default\">\n\t\t\t\t\t<div class=\"elementor-column elementor-col-100 elementor-top-column elementor-element elementor-element-7faaba2\" data-id=\"7faaba2\" data-element_type=\"column\" data-e-type=\"column\">\n\t\t\t<div class=\"elementor-widget-wrap elementor-element-populated\">\n\t\t\t\t\t\t<div class=\"elementor-element elementor-element-415d2e1 elementor-widget elementor-widget-heading\" data-id=\"415d2e1\" data-element_type=\"widget\" data-e-type=\"widget\" data-widget_type=\"heading.default\">\n\t\t\t\t<div class=\"elementor-widget-container\">\n\t\t\t\t\t<h1 class=\"elementor-heading-title elementor-size-default\">Grippers<\/h1>\t\t\t\t<\/div>\n\t\t\t\t<\/div>\n\t\t\t\t<div class=\"elementor-element elementor-element-2c72fc7 elementor-widget elementor-widget-text-editor\" data-id=\"2c72fc7\" data-element_type=\"widget\" data-e-type=\"widget\" data-widget_type=\"text-editor.default\">\n\t\t\t\t<div class=\"elementor-widget-container\">\n\t\t\t\t\t\t\t\t\t<h4>Intermercato grippers<\/h4>\t\t\t\t\t\t\t\t<\/div>\n\t\t\t\t<\/div>\n\t\t\t\t<div class=\"elementor-element elementor-element-7f2ad74 elementor-widget elementor-widget-text-editor\" data-id=\"7f2ad74\" data-element_type=\"widget\" data-e-type=\"widget\" data-widget_type=\"text-editor.default\">\n\t\t\t\t<div class=\"elementor-widget-container\">\n\t\t\t\t\t\t\t\t\t<p><strong>Intermercato is known for supplying high-quality grapples for a wide range of construction machinery and trucks.<\/strong><\/p><p data-start=\"311\" data-end=\"699\">Over many years, Intermercato has built up extensive knowledge and a solid portfolio of grapples, tree cutters and other accessories for machines and lorries. As the main importer of Intermercato in Norway, Entrack AS has most models in stock at all times. We also have in-depth knowledge of the products and which solutions are best suited to your machine and your work tasks.<\/p><p data-start=\"701\" data-end=\"781\">Get in touch with our sales staff for advice, tips and offers on Intermercato products.<\/p>\t\t\t\t\t\t\t\t<\/div>\n\t\t\t\t<\/div>\n\t\t\t\t<div class=\"elementor-element elementor-element-9a50117 elementor-widget elementor-widget-text-editor\" data-id=\"9a50117\" data-element_type=\"widget\" data-e-type=\"widget\" data-widget_type=\"text-editor.default\">\n\t\t\t\t<div class=\"elementor-widget-container\">\n\t\t\t\t\t\t\t\t\t<p><strong>The TG series of clips will be discontinued and replaced by the GRX series in 2024<\/strong><\/p>\t\t\t\t\t\t\t\t<\/div>\n\t\t\t\t<\/div>\n\t\t\t\t<div class=\"elementor-element elementor-element-9c2b004 elementor-widget elementor-widget-image\" data-id=\"9c2b004\" data-element_type=\"widget\" data-e-type=\"widget\" data-widget_type=\"image.default\">\n\t\t\t\t<div class=\"elementor-widget-container\">\n\t\t\t\t\t\t\t\t\t\t\t\t\t\t\t<img fetchpriority=\"high\" decoding=\"async\" width=\"1600\" height=\"1000\" src=\"https:\/\/www.entrack.no\/wp-content\/uploads\/2025\/03\/grx.jpg\" class=\"attachment-full size-full wp-image-63653\" alt=\"grx\" srcset=\"https:\/\/www.entrack.no\/wp-content\/uploads\/2025\/03\/grx.jpg 1600w, https:\/\/www.entrack.no\/wp-content\/uploads\/2025\/03\/grx-300x188.jpg 300w, https:\/\/www.entrack.no\/wp-content\/uploads\/2025\/03\/grx-1024x640.jpg 1024w, https:\/\/www.entrack.no\/wp-content\/uploads\/2025\/03\/grx-768x480.jpg 768w, https:\/\/www.entrack.no\/wp-content\/uploads\/2025\/03\/grx-1536x960.jpg 1536w, https:\/\/www.entrack.no\/wp-content\/uploads\/2025\/03\/grx-610x381.jpg 610w, https:\/\/www.entrack.no\/wp-content\/uploads\/2025\/03\/grx-800x500.jpg 800w\" sizes=\"(max-width: 1600px) 100vw, 1600px\" \/>\t\t\t\t\t\t\t\t\t\t\t\t\t\t\t<\/div>\n\t\t\t\t<\/div>\n\t\t\t\t\t<\/div>\n\t\t<\/div>\n\t\t\t\t\t<\/div>\n\t\t<\/section>\n\t\t\t\t<section class=\"elementor-section elementor-top-section elementor-element elementor-element-bf43f37 elementor-section-boxed elementor-section-height-default elementor-section-height-default\" data-id=\"bf43f37\" data-element_type=\"section\" data-e-type=\"section\">\n\t\t\t\t\t\t<div class=\"elementor-container elementor-column-gap-default\">\n\t\t\t\t\t<div class=\"elementor-column elementor-col-33 elementor-top-column elementor-element elementor-element-b283404\" data-id=\"b283404\" data-element_type=\"column\" data-e-type=\"column\">\n\t\t\t<div class=\"elementor-widget-wrap elementor-element-populated\">\n\t\t\t\t\t\t<div class=\"elementor-element elementor-element-9fdfcdb elementor-position-top elementor-widget elementor-widget-image-box\" data-id=\"9fdfcdb\" data-element_type=\"widget\" data-e-type=\"widget\" data-widget_type=\"image-box.default\">\n\t\t\t\t<div class=\"elementor-widget-container\">\n\t\t\t\t\t<div class=\"elementor-image-box-wrapper\"><figure class=\"elementor-image-box-img\"><a href=\"https:\/\/www.entrack.no\/en\/product\/thumb-grip-for-excavator-grx\/\" tabindex=\"-1\"><img decoding=\"async\" width=\"540\" height=\"454\" src=\"https:\/\/www.entrack.no\/wp-content\/uploads\/2021\/01\/tommergriper-oppdatert.jpg\" class=\"attachment-full size-full wp-image-52269\" alt=\"Intermercato timber grabber\" srcset=\"https:\/\/www.entrack.no\/wp-content\/uploads\/2021\/01\/tommergriper-oppdatert.jpg 540w, https:\/\/www.entrack.no\/wp-content\/uploads\/2021\/01\/tommergriper-oppdatert-300x252.jpg 300w\" sizes=\"(max-width: 540px) 100vw, 540px\" \/><\/a><\/figure><div class=\"elementor-image-box-content\"><h3 class=\"elementor-image-box-title\"><a href=\"https:\/\/www.entrack.no\/en\/product\/thumb-grip-for-excavator-grx\/\">Timber grabber<\/a><\/h3><\/div><\/div>\t\t\t\t<\/div>\n\t\t\t\t<\/div>\n\t\t\t\t\t<\/div>\n\t\t<\/div>\n\t\t\t\t<div class=\"elementor-column elementor-col-33 elementor-top-column elementor-element elementor-element-b6c85b7\" data-id=\"b6c85b7\" data-element_type=\"column\" data-e-type=\"column\">\n\t\t\t<div class=\"elementor-widget-wrap elementor-element-populated\">\n\t\t\t\t\t\t<div class=\"elementor-element elementor-element-802ba15 elementor-position-top elementor-widget elementor-widget-image-box\" data-id=\"802ba15\" data-element_type=\"widget\" data-e-type=\"widget\" data-widget_type=\"image-box.default\">\n\t\t\t\t<div class=\"elementor-widget-container\">\n\t\t\t\t\t<div class=\"elementor-image-box-wrapper\"><figure class=\"elementor-image-box-img\"><a href=\"https:\/\/www.entrack.no\/en\/product-category\/rock-grabber-2\/\" tabindex=\"-1\"><img decoding=\"async\" width=\"540\" height=\"454\" src=\"https:\/\/www.entrack.no\/wp-content\/uploads\/2021\/01\/klippegriper-oppdatert.jpg\" class=\"attachment-full size-full wp-image-52270\" alt=\"Intermercato clip gripper\" srcset=\"https:\/\/www.entrack.no\/wp-content\/uploads\/2021\/01\/klippegriper-oppdatert.jpg 540w, https:\/\/www.entrack.no\/wp-content\/uploads\/2021\/01\/klippegriper-oppdatert-300x252.jpg 300w\" sizes=\"(max-width: 540px) 100vw, 540px\" \/><\/a><\/figure><div class=\"elementor-image-box-content\"><h3 class=\"elementor-image-box-title\"><a href=\"https:\/\/www.entrack.no\/en\/product-category\/rock-grabber-2\/\">Clip gripper<\/a><\/h3><\/div><\/div>\t\t\t\t<\/div>\n\t\t\t\t<\/div>\n\t\t\t\t\t<\/div>\n\t\t<\/div>\n\t\t\t\t<div class=\"elementor-column elementor-col-33 elementor-top-column elementor-element elementor-element-8d3a4b1\" data-id=\"8d3a4b1\" data-element_type=\"column\" data-e-type=\"column\">\n\t\t\t<div class=\"elementor-widget-wrap elementor-element-populated\">\n\t\t\t\t\t\t<div class=\"elementor-element elementor-element-8962616 elementor-position-top elementor-widget elementor-widget-image-box\" data-id=\"8962616\" data-element_type=\"widget\" data-e-type=\"widget\" data-widget_type=\"image-box.default\">\n\t\t\t\t<div class=\"elementor-widget-container\">\n\t\t\t\t\t<div class=\"elementor-image-box-wrapper\"><figure class=\"elementor-image-box-img\"><a href=\"https:\/\/www.entrack.no\/en\/product\/stone-gripper-tg-st\/\" tabindex=\"-1\"><img loading=\"lazy\" decoding=\"async\" width=\"540\" height=\"482\" src=\"https:\/\/www.entrack.no\/wp-content\/uploads\/2021\/01\/Intermercato-Stengripare-TG-ST.png\" class=\"attachment-full size-full wp-image-52249\" alt=\"Stone gripper TG ST\" srcset=\"https:\/\/www.entrack.no\/wp-content\/uploads\/2021\/01\/Intermercato-Stengripare-TG-ST.png 540w, https:\/\/www.entrack.no\/wp-content\/uploads\/2021\/01\/Intermercato-Stengripare-TG-ST-300x268.png 300w\" sizes=\"(max-width: 540px) 100vw, 540px\" \/><\/a><\/figure><div class=\"elementor-image-box-content\"><h3 class=\"elementor-image-box-title\"><a href=\"https:\/\/www.entrack.no\/en\/product\/stone-gripper-tg-st\/\">Stone grabber<\/a><\/h3><\/div><\/div>\t\t\t\t<\/div>\n\t\t\t\t<\/div>\n\t\t\t\t\t<\/div>\n\t\t<\/div>\n\t\t\t\t\t<\/div>\n\t\t<\/section>\n\t\t\t\t<section class=\"elementor-section elementor-top-section elementor-element elementor-element-c56e9a5 elementor-section-boxed elementor-section-height-default elementor-section-height-default\" data-id=\"c56e9a5\" data-element_type=\"section\" data-e-type=\"section\">\n\t\t\t\t\t\t<div class=\"elementor-container elementor-column-gap-default\">\n\t\t\t\t\t<div class=\"elementor-column elementor-col-33 elementor-top-column elementor-element elementor-element-fbb87df\" data-id=\"fbb87df\" data-element_type=\"column\" data-e-type=\"column\">\n\t\t\t<div class=\"elementor-widget-wrap elementor-element-populated\">\n\t\t\t\t\t\t<div class=\"elementor-element elementor-element-ee117f3 elementor-position-top elementor-widget elementor-widget-image-box\" data-id=\"ee117f3\" data-element_type=\"widget\" data-e-type=\"widget\" data-widget_type=\"image-box.default\">\n\t\t\t\t<div class=\"elementor-widget-container\">\n\t\t\t\t\t<div class=\"elementor-image-box-wrapper\"><figure class=\"elementor-image-box-img\"><a href=\"https:\/\/www.entrack.no\/en\/product\/demolition-gripper-tg-dg\/\" tabindex=\"-1\"><img loading=\"lazy\" decoding=\"async\" width=\"540\" height=\"454\" src=\"https:\/\/www.entrack.no\/wp-content\/uploads\/2021\/01\/Intermercato-Rivningsgripare-TG-DG.png\" class=\"attachment-full size-full wp-image-52237\" alt=\"Demolition grapple TG DG\u00a0\" srcset=\"https:\/\/www.entrack.no\/wp-content\/uploads\/2021\/01\/Intermercato-Rivningsgripare-TG-DG.png 540w, https:\/\/www.entrack.no\/wp-content\/uploads\/2021\/01\/Intermercato-Rivningsgripare-TG-DG-300x252.png 300w\" sizes=\"(max-width: 540px) 100vw, 540px\" \/><\/a><\/figure><div class=\"elementor-image-box-content\"><h3 class=\"elementor-image-box-title\"><a href=\"https:\/\/www.entrack.no\/en\/product\/demolition-gripper-tg-dg\/\">Demolition gripper<\/a><\/h3><\/div><\/div>\t\t\t\t<\/div>\n\t\t\t\t<\/div>\n\t\t\t\t\t<\/div>\n\t\t<\/div>\n\t\t\t\t<div class=\"elementor-column elementor-col-33 elementor-top-column elementor-element elementor-element-eddff38\" data-id=\"eddff38\" data-element_type=\"column\" data-e-type=\"column\">\n\t\t\t<div class=\"elementor-widget-wrap elementor-element-populated\">\n\t\t\t\t\t\t<div class=\"elementor-element elementor-element-05eb1ba elementor-position-top elementor-widget elementor-widget-image-box\" data-id=\"05eb1ba\" data-element_type=\"widget\" data-e-type=\"widget\" data-widget_type=\"image-box.default\">\n\t\t\t\t<div class=\"elementor-widget-container\">\n\t\t\t\t\t<div class=\"elementor-image-box-wrapper\"><figure class=\"elementor-image-box-img\"><a href=\"https:\/\/www.entrack.no\/en\/product\/plant-gripper-tg-eg\/\" tabindex=\"-1\"><img loading=\"lazy\" decoding=\"async\" width=\"540\" height=\"454\" src=\"https:\/\/www.entrack.no\/wp-content\/uploads\/2021\/01\/Intermercato-Entreprenadgripare-EG.png\" class=\"attachment-full size-full wp-image-52234\" alt=\"Construction gripper TG EG\u00a0\" srcset=\"https:\/\/www.entrack.no\/wp-content\/uploads\/2021\/01\/Intermercato-Entreprenadgripare-EG.png 540w, https:\/\/www.entrack.no\/wp-content\/uploads\/2021\/01\/Intermercato-Entreprenadgripare-EG-300x252.png 300w\" sizes=\"(max-width: 540px) 100vw, 540px\" \/><\/a><\/figure><div class=\"elementor-image-box-content\"><h3 class=\"elementor-image-box-title\"><a href=\"https:\/\/www.entrack.no\/en\/product\/plant-gripper-tg-eg\/\">Construction gripper<\/a><\/h3><\/div><\/div>\t\t\t\t<\/div>\n\t\t\t\t<\/div>\n\t\t\t\t\t<\/div>\n\t\t<\/div>\n\t\t\t\t<div class=\"elementor-column elementor-col-33 elementor-top-column elementor-element elementor-element-ccb01d5\" data-id=\"ccb01d5\" data-element_type=\"column\" data-e-type=\"column\">\n\t\t\t<div class=\"elementor-widget-wrap elementor-element-populated\">\n\t\t\t\t\t\t<div class=\"elementor-element elementor-element-c0a402b elementor-position-top elementor-widget elementor-widget-image-box\" data-id=\"c0a402b\" data-element_type=\"widget\" data-e-type=\"widget\" data-widget_type=\"image-box.default\">\n\t\t\t\t<div class=\"elementor-widget-container\">\n\t\t\t\t\t<div class=\"elementor-image-box-wrapper\"><figure class=\"elementor-image-box-img\"><a href=\"https:\/\/www.entrack.no\/en\/product\/post-gripper-tg-pg\/\" tabindex=\"-1\"><img loading=\"lazy\" decoding=\"async\" width=\"540\" height=\"454\" src=\"https:\/\/www.entrack.no\/wp-content\/uploads\/2021\/01\/Intermercato-Stolpgripare-TG-PG.png\" class=\"attachment-full size-full wp-image-52245\" alt=\"Tripod gripper TG PG\u00a0\" srcset=\"https:\/\/www.entrack.no\/wp-content\/uploads\/2021\/01\/Intermercato-Stolpgripare-TG-PG.png 540w, https:\/\/www.entrack.no\/wp-content\/uploads\/2021\/01\/Intermercato-Stolpgripare-TG-PG-300x252.png 300w\" sizes=\"(max-width: 540px) 100vw, 540px\" \/><\/a><\/figure><div class=\"elementor-image-box-content\"><h3 class=\"elementor-image-box-title\"><a href=\"https:\/\/www.entrack.no\/en\/product\/post-gripper-tg-pg\/\">Tripping hazard<\/a><\/h3><\/div><\/div>\t\t\t\t<\/div>\n\t\t\t\t<\/div>\n\t\t\t\t\t<\/div>\n\t\t<\/div>\n\t\t\t\t\t<\/div>\n\t\t<\/section>\n\t\t\t\t<section class=\"elementor-section elementor-top-section elementor-element elementor-element-7fd39a1 elementor-section-boxed elementor-section-height-default elementor-section-height-default\" data-id=\"7fd39a1\" data-element_type=\"section\" data-e-type=\"section\">\n\t\t\t\t\t\t<div class=\"elementor-container elementor-column-gap-default\">\n\t\t\t\t\t<div class=\"elementor-column elementor-col-33 elementor-top-column elementor-element elementor-element-61d53b6\" data-id=\"61d53b6\" data-element_type=\"column\" data-e-type=\"column\">\n\t\t\t<div class=\"elementor-widget-wrap elementor-element-populated\">\n\t\t\t\t\t\t<div class=\"elementor-element elementor-element-ee93fbe elementor-position-top elementor-widget elementor-widget-image-box\" data-id=\"ee93fbe\" data-element_type=\"widget\" data-e-type=\"widget\" data-widget_type=\"image-box.default\">\n\t\t\t\t<div class=\"elementor-widget-container\">\n\t\t\t\t\t<div class=\"elementor-image-box-wrapper\"><figure class=\"elementor-image-box-img\"><a href=\"https:\/\/www.entrack.no\/en\/product-category\/equipment\/gripper\/universal-gripper\/\" tabindex=\"-1\"><img loading=\"lazy\" decoding=\"async\" width=\"540\" height=\"454\" src=\"https:\/\/www.entrack.no\/wp-content\/uploads\/2021\/01\/Intermercato-Universalgripare-GX.png\" class=\"attachment-full size-full wp-image-52229\" alt=\"Universal gripper GX\" srcset=\"https:\/\/www.entrack.no\/wp-content\/uploads\/2021\/01\/Intermercato-Universalgripare-GX.png 540w, https:\/\/www.entrack.no\/wp-content\/uploads\/2021\/01\/Intermercato-Universalgripare-GX-300x252.png 300w\" sizes=\"(max-width: 540px) 100vw, 540px\" \/><\/a><\/figure><div class=\"elementor-image-box-content\"><h3 class=\"elementor-image-box-title\"><a href=\"https:\/\/www.entrack.no\/en\/product-category\/equipment\/gripper\/universal-gripper\/\">Universal gripper<\/a><\/h3><\/div><\/div>\t\t\t\t<\/div>\n\t\t\t\t<\/div>\n\t\t\t\t\t<\/div>\n\t\t<\/div>\n\t\t\t\t<div class=\"elementor-column elementor-col-33 elementor-top-column elementor-element elementor-element-c46a9e9\" data-id=\"c46a9e9\" data-element_type=\"column\" data-e-type=\"column\">\n\t\t\t<div class=\"elementor-widget-wrap elementor-element-populated\">\n\t\t\t\t\t\t<div class=\"elementor-element elementor-element-d54c19d elementor-position-top elementor-widget elementor-widget-image-box\" data-id=\"d54c19d\" data-element_type=\"widget\" data-e-type=\"widget\" data-widget_type=\"image-box.default\">\n\t\t\t\t<div class=\"elementor-widget-container\">\n\t\t\t\t\t<div class=\"elementor-image-box-wrapper\"><figure class=\"elementor-image-box-img\"><a href=\"https:\/\/www.entrack.no\/en\/product\/twig-gripper-tg-sr\/\" tabindex=\"-1\"><img loading=\"lazy\" decoding=\"async\" width=\"540\" height=\"454\" src=\"https:\/\/www.entrack.no\/wp-content\/uploads\/2021\/01\/Intermercato-Timmergripare-TG-Risgripare.png\" class=\"attachment-full size-full wp-image-52220\" alt=\"Branch gripper TG SR\" srcset=\"https:\/\/www.entrack.no\/wp-content\/uploads\/2021\/01\/Intermercato-Timmergripare-TG-Risgripare.png 540w, https:\/\/www.entrack.no\/wp-content\/uploads\/2021\/01\/Intermercato-Timmergripare-TG-Risgripare-300x252.png 300w\" sizes=\"(max-width: 540px) 100vw, 540px\" \/><\/a><\/figure><div class=\"elementor-image-box-content\"><h3 class=\"elementor-image-box-title\"><a href=\"https:\/\/www.entrack.no\/en\/product\/twig-gripper-tg-sr\/\">Branch grabber<\/a><\/h3><\/div><\/div>\t\t\t\t<\/div>\n\t\t\t\t<\/div>\n\t\t\t\t\t<\/div>\n\t\t<\/div>\n\t\t\t\t<div class=\"elementor-column elementor-col-33 elementor-top-column elementor-element elementor-element-ae6d91d\" data-id=\"ae6d91d\" data-element_type=\"column\" data-e-type=\"column\">\n\t\t\t<div class=\"elementor-widget-wrap elementor-element-populated\">\n\t\t\t\t\t\t<div class=\"elementor-element elementor-element-65106a9 elementor-position-top elementor-widget elementor-widget-image-box\" data-id=\"65106a9\" data-element_type=\"widget\" data-e-type=\"widget\" data-widget_type=\"image-box.default\">\n\t\t\t\t<div class=\"elementor-widget-container\">\n\t\t\t\t\t<div class=\"elementor-image-box-wrapper\"><figure class=\"elementor-image-box-img\"><a href=\"https:\/\/www.entrack.no\/en\/product-category\/gripper-drawer\/\" tabindex=\"-1\"><img loading=\"lazy\" decoding=\"async\" width=\"540\" height=\"454\" src=\"https:\/\/www.entrack.no\/wp-content\/uploads\/2021\/01\/Intermercato-Gripskopor-TMC.png\" class=\"attachment-full size-full wp-image-52189\" alt=\"Grip drawer TMC and TMC-0\u00a0\" srcset=\"https:\/\/www.entrack.no\/wp-content\/uploads\/2021\/01\/Intermercato-Gripskopor-TMC.png 540w, https:\/\/www.entrack.no\/wp-content\/uploads\/2021\/01\/Intermercato-Gripskopor-TMC-300x252.png 300w\" sizes=\"(max-width: 540px) 100vw, 540px\" \/><\/a><\/figure><div class=\"elementor-image-box-content\"><h3 class=\"elementor-image-box-title\"><a href=\"https:\/\/www.entrack.no\/en\/product-category\/gripper-drawer\/\">Grip drawer<\/a><\/h3><\/div><\/div>\t\t\t\t<\/div>\n\t\t\t\t<\/div>\n\t\t\t\t\t<\/div>\n\t\t<\/div>\n\t\t\t\t\t<\/div>\n\t\t<\/section>\n\t\t\t\t<section class=\"elementor-section elementor-top-section elementor-element elementor-element-a951418 elementor-section-boxed elementor-section-height-default elementor-section-height-default\" data-id=\"a951418\" data-element_type=\"section\" data-e-type=\"section\">\n\t\t\t\t\t\t<div class=\"elementor-container elementor-column-gap-default\">\n\t\t\t\t\t<div class=\"elementor-column elementor-col-33 elementor-top-column elementor-element elementor-element-a200afb\" data-id=\"a200afb\" data-element_type=\"column\" data-e-type=\"column\">\n\t\t\t<div class=\"elementor-widget-wrap elementor-element-populated\">\n\t\t\t\t\t\t<div class=\"elementor-element elementor-element-e1884fd elementor-position-top elementor-widget elementor-widget-image-box\" data-id=\"e1884fd\" data-element_type=\"widget\" data-e-type=\"widget\" data-widget_type=\"image-box.default\">\n\t\t\t\t<div class=\"elementor-widget-container\">\n\t\t\t\t\t<div class=\"elementor-image-box-wrapper\"><figure class=\"elementor-image-box-img\"><a href=\"https:\/\/www.entrack.no\/en\/product-category\/rotator-for-excavator\/\" tabindex=\"-1\"><img loading=\"lazy\" decoding=\"async\" width=\"540\" height=\"520\" src=\"https:\/\/www.entrack.no\/wp-content\/uploads\/2021\/01\/XR-500-540x520-1.jpg\" class=\"attachment-full size-full wp-image-52103\" alt=\"XR 500\" srcset=\"https:\/\/www.entrack.no\/wp-content\/uploads\/2021\/01\/XR-500-540x520-1.jpg 540w, https:\/\/www.entrack.no\/wp-content\/uploads\/2021\/01\/XR-500-540x520-1-300x289.jpg 300w\" sizes=\"(max-width: 540px) 100vw, 540px\" \/><\/a><\/figure><div class=\"elementor-image-box-content\"><h3 class=\"elementor-image-box-title\"><a href=\"https:\/\/www.entrack.no\/en\/product-category\/rotator-for-excavator\/\">Rotator for excavator<\/a><\/h3><\/div><\/div>\t\t\t\t<\/div>\n\t\t\t\t<\/div>\n\t\t\t\t\t<\/div>\n\t\t<\/div>\n\t\t\t\t<div class=\"elementor-column elementor-col-33 elementor-top-column elementor-element elementor-element-0bd4249\" data-id=\"0bd4249\" data-element_type=\"column\" data-e-type=\"column\">\n\t\t\t<div class=\"elementor-widget-wrap elementor-element-populated\">\n\t\t\t\t\t\t<div class=\"elementor-element elementor-element-1efe01e elementor-position-top elementor-widget elementor-widget-image-box\" data-id=\"1efe01e\" data-element_type=\"widget\" data-e-type=\"widget\" data-widget_type=\"image-box.default\">\n\t\t\t\t<div class=\"elementor-widget-container\">\n\t\t\t\t\t<div class=\"elementor-image-box-wrapper\"><figure class=\"elementor-image-box-img\"><a href=\"https:\/\/www.entrack.no\/en\/product-category\/crane-weight\/\" tabindex=\"-1\"><img loading=\"lazy\" decoding=\"async\" width=\"540\" height=\"510\" src=\"https:\/\/www.entrack.no\/wp-content\/uploads\/2021\/01\/Intermercato-IWS-Compact-MH.png\" class=\"attachment-full size-full wp-image-52124\" alt=\"Compact MH\" srcset=\"https:\/\/www.entrack.no\/wp-content\/uploads\/2021\/01\/Intermercato-IWS-Compact-MH.png 540w, https:\/\/www.entrack.no\/wp-content\/uploads\/2021\/01\/Intermercato-IWS-Compact-MH-300x283.png 300w\" sizes=\"(max-width: 540px) 100vw, 540px\" \/><\/a><\/figure><div class=\"elementor-image-box-content\"><h3 class=\"elementor-image-box-title\"><a href=\"https:\/\/www.entrack.no\/en\/product-category\/crane-weight\/\">Crane weight<\/a><\/h3><\/div><\/div>\t\t\t\t<\/div>\n\t\t\t\t<\/div>\n\t\t\t\t\t<\/div>\n\t\t<\/div>\n\t\t\t\t<div class=\"elementor-column elementor-col-33 elementor-top-column elementor-element elementor-element-d5b26f8\" data-id=\"d5b26f8\" data-element_type=\"column\" data-e-type=\"column\">\n\t\t\t<div class=\"elementor-widget-wrap\">\n\t\t\t\t\t\t\t<\/div>\n\t\t<\/div>\n\t\t\t\t\t<\/div>\n\t\t<\/section>\n\t\t\t\t<section class=\"elementor-section elementor-top-section elementor-element elementor-element-6815e15 elementor-section-boxed elementor-section-height-default elementor-section-height-default\" data-id=\"6815e15\" data-element_type=\"section\" data-e-type=\"section\">\n\t\t\t\t\t\t<div class=\"elementor-container elementor-column-gap-default\">\n\t\t\t\t\t<div class=\"elementor-column elementor-col-100 elementor-top-column elementor-element elementor-element-285d4fd\" data-id=\"285d4fd\" data-element_type=\"column\" data-e-type=\"column\">\n\t\t\t<div class=\"elementor-widget-wrap elementor-element-populated\">\n\t\t\t\t\t\t<div class=\"elementor-element elementor-element-6f5cf94 elementor-widget elementor-widget-text-editor\" data-id=\"6f5cf94\" data-element_type=\"widget\" data-e-type=\"widget\" data-widget_type=\"text-editor.default\">\n\t\t\t\t<div class=\"elementor-widget-container\">\n\t\t\t\t\t\t\t\t\t<p><strong>Timber claw for excavator<\/strong><\/p><p>The timber claw is designed for efficient handling and transport of timber. It can be easily mounted on various excavators, making it an indispensable helper in the forest. The timber clamp increases both productivity and safety when handling timber.<\/p><p><a href=\"https:\/\/www.entrack.no\/en\/product-category\/equipment\/gripper\/thumb-gripper\/\">Read more about our grapples here<\/a><\/p>\t\t\t\t\t\t\t\t<\/div>\n\t\t\t\t<\/div>\n\t\t\t\t<div class=\"elementor-element elementor-element-3b4c83f elementor-widget elementor-widget-text-editor\" data-id=\"3b4c83f\" data-element_type=\"widget\" data-e-type=\"widget\" data-widget_type=\"text-editor.default\">\n\t\t\t\t<div class=\"elementor-widget-container\">\n\t\t\t\t\t\t\t\t\t<p><strong>Grabs \/ Clamp for mini excavators<\/strong><\/p><p data-start=\"1100\" data-end=\"1359\">Entrack offers a wide range of robust and versatile clamps for efficient material handling in small areas. The clamps are easy to mount on mini-excavators and contribute to increased productivity, improved safety and reduced costs.<\/p><p data-start=\"1361\" data-end=\"1620\">Whether you're handling timber, stone, pallets or waste, we have a grapple to suit your needs. The range includes pole clamps, rake clamps, construction clamps, universal clamps, shear clamps, grab buckets, twig clamps, stone clamps and timber clamps.<\/p><p data-start=\"1622\" data-end=\"1696\">Contact Entrack today to find the ideal clamp for your mini excavator!<\/p>\t\t\t\t\t\t\t\t<\/div>\n\t\t\t\t<\/div>\n\t\t\t\t\t<\/div>\n\t\t<\/div>\n\t\t\t\t\t<\/div>\n\t\t<\/section>\n\t\t\t\t<\/div>\n\t\t<span class=\"et_bloom_bottom_trigger\"><\/span>","protected":false},"excerpt":{"rendered":"<p>Gripere Intermercato gripere Intermercato er kjent for \u00e5 levere gripere av h\u00f8y kvalitet til et bredt spekter av anleggsmaskiner og lastebiler. Gjennom mange \u00e5r har Intermercato opparbeidet seg omfattende kunnskap og en solid portef\u00f8lje innen gripere, trekuttere og annet tilbeh\u00f8r til maskiner og lastebiler. Som hovedimport\u00f8r av Intermercato i Norge har Entrack AS de fleste [&hellip;]<\/p>\n","protected":false},"author":1,"featured_media":52245,"parent":0,"menu_order":0,"comment_status":"closed","ping_status":"closed","template":"","meta":{"_acf_changed":false,"footnotes":""},"class_list":["post-52257","page","type-page","status-publish","has-post-thumbnail","hentry"],"acf":[],"_links":{"self":[{"href":"https:\/\/www.entrack.no\/en\/wp-json\/wp\/v2\/pages\/52257","targetHints":{"allow":["GET"]}}],"collection":[{"href":"https:\/\/www.entrack.no\/en\/wp-json\/wp\/v2\/pages"}],"about":[{"href":"https:\/\/www.entrack.no\/en\/wp-json\/wp\/v2\/types\/page"}],"author":[{"embeddable":true,"href":"https:\/\/www.entrack.no\/en\/wp-json\/wp\/v2\/users\/1"}],"replies":[{"embeddable":true,"href":"https:\/\/www.entrack.no\/en\/wp-json\/wp\/v2\/comments?post=52257"}],"version-history":[{"count":5,"href":"https:\/\/www.entrack.no\/en\/wp-json\/wp\/v2\/pages\/52257\/revisions"}],"predecessor-version":[{"id":64639,"href":"https:\/\/www.entrack.no\/en\/wp-json\/wp\/v2\/pages\/52257\/revisions\/64639"}],"wp:featuredmedia":[{"embeddable":true,"href":"https:\/\/www.entrack.no\/en\/wp-json\/wp\/v2\/media\/52245"}],"wp:attachment":[{"href":"https:\/\/www.entrack.no\/en\/wp-json\/wp\/v2\/media?parent=52257"}],"curies":[{"name":"wp","href":"https:\/\/api.w.org\/{rel}","templated":true}]}}