{"id":52062,"date":"2020-12-18T15:14:15","date_gmt":"2020-12-18T14:14:15","guid":{"rendered":"https:\/\/www.entrack.no\/?page_id=52062"},"modified":"2026-03-10T13:02:46","modified_gmt":"2026-03-10T12:02:46","slug":"opening-hours","status":"publish","type":"page","link":"https:\/\/www.entrack.no\/en\/apningstider\/","title":{"rendered":"Opening hours"},"content":{"rendered":"<div data-elementor-type=\"wp-post\" data-elementor-id=\"52062\" class=\"elementor elementor-52062\" data-elementor-post-type=\"page\">\n\t\t\t\t\t\t<section class=\"elementor-section elementor-top-section elementor-element elementor-element-1abebe2 elementor-section-boxed elementor-section-height-default elementor-section-height-default\" data-id=\"1abebe2\" data-element_type=\"section\" data-e-type=\"section\">\n\t\t\t\t\t\t<div class=\"elementor-container elementor-column-gap-default\">\n\t\t\t\t\t<div class=\"elementor-column elementor-col-100 elementor-top-column elementor-element elementor-element-ed3990d\" data-id=\"ed3990d\" data-element_type=\"column\" data-e-type=\"column\">\n\t\t\t<div class=\"elementor-widget-wrap elementor-element-populated\">\n\t\t\t\t\t\t<div class=\"elementor-element elementor-element-f3b5940 elementor-widget elementor-widget-text-editor\" data-id=\"f3b5940\" data-element_type=\"widget\" data-e-type=\"widget\" data-widget_type=\"text-editor.default\">\n\t\t\t\t<div class=\"elementor-widget-container\">\n\t\t\t\t\t\t\t\t\t<h1>Opening hours<\/h1><p>We have branches all over Norway, contact the branch closest to you! Below you will find the opening hours of the different departments.\u00a0<\/p>\t\t\t\t\t\t\t\t<\/div>\n\t\t\t\t<\/div>\n\t\t\t\t\t<\/div>\n\t\t<\/div>\n\t\t\t\t\t<\/div>\n\t\t<\/section>\n\t\t\t\t<section class=\"elementor-section elementor-top-section elementor-element elementor-element-aacf445 elementor-section-full_width elementor-section-height-default elementor-section-height-default\" data-id=\"aacf445\" data-element_type=\"section\" data-e-type=\"section\">\n\t\t\t\t\t\t<div class=\"elementor-container elementor-column-gap-default\">\n\t\t\t\t\t<div class=\"elementor-column elementor-col-100 elementor-top-column elementor-element elementor-element-1fa659c\" data-id=\"1fa659c\" data-element_type=\"column\" data-e-type=\"column\">\n\t\t\t<div class=\"elementor-widget-wrap elementor-element-populated\">\n\t\t\t\t\t\t<div class=\"elementor-element elementor-element-ecac637 elementor-widget-divider--view-line elementor-widget elementor-widget-divider\" data-id=\"ecac637\" data-element_type=\"widget\" data-e-type=\"widget\" data-widget_type=\"divider.default\">\n\t\t\t\t<div class=\"elementor-widget-container\">\n\t\t\t\t\t\t\t<div class=\"elementor-divider\">\n\t\t\t<span class=\"elementor-divider-separator\">\n\t\t\t\t\t\t<\/span>\n\t\t<\/div>\n\t\t\t\t\t\t<\/div>\n\t\t\t\t<\/div>\n\t\t\t\t<div class=\"elementor-element elementor-element-d11c48d elementor-widget elementor-widget-text-editor\" data-id=\"d11c48d\" data-element_type=\"widget\" data-e-type=\"widget\" data-widget_type=\"text-editor.default\">\n\t\t\t\t<div class=\"elementor-widget-container\">\n\t\t\t\t\t\t\t\t\t<h4><strong>Ordinary opening hours<\/strong><\/h4>\t\t\t\t\t\t\t\t<\/div>\n\t\t\t\t<\/div>\n\t\t\t\t<div class=\"elementor-element elementor-element-507d4ed elementor-widget elementor-widget-html\" data-id=\"507d4ed\" data-element_type=\"widget\" data-e-type=\"widget\" data-widget_type=\"html.default\">\n\t\t\t\t<div class=\"elementor-widget-container\">\n\t\t\t\t\t    <table id=\"backer-kurerkode\">\n      <tbody>\n        <tr>\n          <td>\n            <p class=\"apningstider\">Ballangen<\/p>\n          <\/td>\n          <td>\n            <p class=\"apningstider\">07.00 - 16.00<br>\n            <font color=\"#FF0000\"><\/font><\/p>\n          <\/td>\n        <\/tr>\n       \n       \n        <tr>\n          <td>\n            <p class=\"apningstider\">Heimdal<\/p>\n          <\/td>\n          <td>\n            <p class=\"apningstider\"> 07:30 - 15:30<\/p> \n     \n          <\/td>\n        <\/tr>\n\n        <tr>\n          <td>\n            <p class=\"apningstider\">Heimdal workshop<\/p>\n          <\/td>\n          <td>\n            <p class=\"apningstider\">07:00 - 15:00<\/p>\n          <\/td>\n        <\/tr>\n        \n        <tr>\n          <td>\n            <p class=\"apningstider\">Lillehammer <br> <\/p>\n          <\/td>\n          <td>\n            <p class=\"apningstider\">07.00 - 15.00 <br> \n           <\/p>\n          <\/td>\n        <\/tr>\n\n\n        <tr>\n          <td>\n            <p class=\"apningstider\">Grinder <\/p>\n          <\/td>\n          <td>\n            <p class=\"apningstider\">07.00 - 16.00<\/p>\n          <\/td>\n        <\/tr>\n        \n        <tr>\n          <td>\n            <p class=\"apningstider\">Grinder Workshop <\/p>\n          <\/td>\n          <td>\n            <p class=\"apningstider\">07.00 - 15.30 <br> Friday 07.00 - 13.00 <\/p>\n          <\/td>\n        <\/tr>\n       \n        <tr>\n          <td>\n            <p class=\"apningstider\">Lillesand <\/p>\n          <\/td>\n          <td>\n            <p class=\"apningstider\">07.30 - 15.30 <\/p>\n          <\/td>\n        <\/tr>\n        <tr>\n          <td>\n            <p class=\"apningstider\">clover <\/p>\n          <\/td>\n          <td>\n            <p class=\"apningstider\">07.00 - 16.00 <\/p>\n          <\/td>\n        <\/tr>\n        <tr>\n          <td>\n            <p class=\"apningstider\">Mountains <\/p>\n          <\/td>\n          <td>\n            <p class=\"apningstider\">07.00 - 15.30<br>  <\/p>\n          <\/td>\n        <\/tr>\n                <tr>\n          <td>\n            <p class=\"apningstider\">Moss <\/p>\n          <\/td>\n          <td>\n            <p class=\"apningstider\">08.00 - 16.00 <\/p>\n          <\/td>\n        <\/tr>\n        \n   \n     \n      <\/tbody>\n    <\/table>\t\t\t\t<\/div>\n\t\t\t\t<\/div>\n\t\t\t\t\t<\/div>\n\t\t<\/div>\n\t\t\t\t\t<\/div>\n\t\t<\/section>\n\t\t\t\t<\/div>\n\t\t<span class=\"et_bloom_bottom_trigger\"><\/span>","protected":false},"excerpt":{"rendered":"<p>\u00c5pningstider Vi har avdelinger over hele Norge, kontakt den avdelingen som er n\u00e6rmest deg! Nedenfor finner du \u00e5pningstidene til de forskjellige avdelingene.\u00a0 Ordin\u00e6re \u00e5pningstider Ballangen 07.00 &#8211; 16.00 Heimdal 07:30 \u2013 15:30 Heimdal verksted 07:00 \u2013 15:00 Lillehammer 07.00 &#8211; 15.00 Grinder 07.00 &#8211; 16.00 Grinder Verksted 07.00 &#8211; 15.30 Fredag 07.00 &#8211; 13.00 Lillesand [&hellip;]<\/p>\n","protected":false},"author":1,"featured_media":47702,"parent":0,"menu_order":0,"comment_status":"closed","ping_status":"closed","template":"","meta":{"_acf_changed":false,"footnotes":""},"class_list":["post-52062","page","type-page","status-publish","has-post-thumbnail","hentry"],"acf":[],"_links":{"self":[{"href":"https:\/\/www.entrack.no\/en\/wp-json\/wp\/v2\/pages\/52062","targetHints":{"allow":["GET"]}}],"collection":[{"href":"https:\/\/www.entrack.no\/en\/wp-json\/wp\/v2\/pages"}],"about":[{"href":"https:\/\/www.entrack.no\/en\/wp-json\/wp\/v2\/types\/page"}],"author":[{"embeddable":true,"href":"https:\/\/www.entrack.no\/en\/wp-json\/wp\/v2\/users\/1"}],"replies":[{"embeddable":true,"href":"https:\/\/www.entrack.no\/en\/wp-json\/wp\/v2\/comments?post=52062"}],"version-history":[{"count":5,"href":"https:\/\/www.entrack.no\/en\/wp-json\/wp\/v2\/pages\/52062\/revisions"}],"predecessor-version":[{"id":65626,"href":"https:\/\/www.entrack.no\/en\/wp-json\/wp\/v2\/pages\/52062\/revisions\/65626"}],"wp:featuredmedia":[{"embeddable":true,"href":"https:\/\/www.entrack.no\/en\/wp-json\/wp\/v2\/media\/47702"}],"wp:attachment":[{"href":"https:\/\/www.entrack.no\/en\/wp-json\/wp\/v2\/media?parent=52062"}],"curies":[{"name":"wp","href":"https:\/\/api.w.org\/{rel}","templated":true}]}}