{"id":51856,"date":"2020-12-07T13:49:48","date_gmt":"2020-12-07T12:49:48","guid":{"rendered":"https:\/\/www.entrack.no\/?page_id=51856"},"modified":"2023-03-03T09:51:03","modified_gmt":"2023-03-03T08:51:03","slug":"light-chain","status":"publish","type":"page","link":"https:\/\/www.entrack.no\/en\/kjetting\/lettkjetting\/","title":{"rendered":"Smaller vehicles"},"content":{"rendered":"<div data-elementor-type=\"wp-post\" data-elementor-id=\"51856\" class=\"elementor elementor-51856\" data-elementor-post-type=\"page\">\n\t\t\t\t\t\t<section class=\"elementor-section elementor-top-section elementor-element elementor-element-360b3de elementor-section-boxed elementor-section-height-default elementor-section-height-default\" data-id=\"360b3de\" data-element_type=\"section\" data-e-type=\"section\">\n\t\t\t\t\t\t<div class=\"elementor-container elementor-column-gap-default\">\n\t\t\t\t\t<div class=\"elementor-column elementor-col-100 elementor-top-column elementor-element elementor-element-7faaba2\" data-id=\"7faaba2\" data-element_type=\"column\" data-e-type=\"column\">\n\t\t\t<div class=\"elementor-widget-wrap elementor-element-populated\">\n\t\t\t\t\t\t<div class=\"elementor-element elementor-element-415d2e1 elementor-widget elementor-widget-heading\" data-id=\"415d2e1\" data-element_type=\"widget\" data-e-type=\"widget\" data-widget_type=\"heading.default\">\n\t\t\t\t<div class=\"elementor-widget-container\">\n\t\t\t\t\t<h1 class=\"elementor-heading-title elementor-size-default\">Smaller vehicles<\/h1>\t\t\t\t<\/div>\n\t\t\t\t<\/div>\n\t\t\t\t<div class=\"elementor-element elementor-element-73377c3 elementor-widget elementor-widget-text-editor\" data-id=\"73377c3\" data-element_type=\"widget\" data-e-type=\"widget\" data-widget_type=\"text-editor.default\">\n\t\t\t\t<div class=\"elementor-widget-container\">\n\t\t\t\t\t\t\t\t\t<p>Contact us with your dimensions and we'll help you find the right product.\u00a0<\/p>\t\t\t\t\t\t\t\t<\/div>\n\t\t\t\t<\/div>\n\t\t\t\t\t<\/div>\n\t\t<\/div>\n\t\t\t\t\t<\/div>\n\t\t<\/section>\n\t\t\t\t<section class=\"elementor-section elementor-top-section elementor-element elementor-element-b89f63a elementor-section-boxed elementor-section-height-default elementor-section-height-default\" data-id=\"b89f63a\" data-element_type=\"section\" data-e-type=\"section\">\n\t\t\t\t\t\t<div class=\"elementor-container elementor-column-gap-default\">\n\t\t\t\t\t<div class=\"elementor-column elementor-col-33 elementor-top-column elementor-element elementor-element-def3035\" data-id=\"def3035\" data-element_type=\"column\" data-e-type=\"column\">\n\t\t\t<div class=\"elementor-widget-wrap elementor-element-populated\">\n\t\t\t\t\t\t<div class=\"elementor-element elementor-element-05eb1ba elementor-position-top elementor-widget elementor-widget-image-box\" data-id=\"05eb1ba\" data-element_type=\"widget\" data-e-type=\"widget\" data-widget_type=\"image-box.default\">\n\t\t\t\t<div class=\"elementor-widget-container\">\n\t\t\t\t\t<div class=\"elementor-image-box-wrapper\"><figure class=\"elementor-image-box-img\"><img fetchpriority=\"high\" decoding=\"async\" width=\"300\" height=\"300\" src=\"https:\/\/www.entrack.no\/wp-content\/uploads\/2020\/12\/ATV-Entrack.jpg\" class=\"attachment-full size-full wp-image-51912\" alt=\"light chain\" srcset=\"https:\/\/www.entrack.no\/wp-content\/uploads\/2020\/12\/ATV-Entrack.jpg 300w, https:\/\/www.entrack.no\/wp-content\/uploads\/2020\/12\/ATV-Entrack-100x100.jpg 100w, https:\/\/www.entrack.no\/wp-content\/uploads\/2020\/12\/ATV-Entrack-150x150.jpg 150w\" sizes=\"(max-width: 300px) 100vw, 300px\" \/><\/figure><div class=\"elementor-image-box-content\"><h3 class=\"elementor-image-box-title\">ATV<\/h3><p class=\"elementor-image-box-description\">Light chain 5.7mm<\/p><\/div><\/div>\t\t\t\t<\/div>\n\t\t\t\t<\/div>\n\t\t\t\t\t<\/div>\n\t\t<\/div>\n\t\t\t\t<div class=\"elementor-column elementor-col-33 elementor-top-column elementor-element elementor-element-422e044\" data-id=\"422e044\" data-element_type=\"column\" data-e-type=\"column\">\n\t\t\t<div class=\"elementor-widget-wrap elementor-element-populated\">\n\t\t\t\t\t\t<div class=\"elementor-element elementor-element-c9bf8a0 elementor-position-top elementor-widget elementor-widget-image-box\" data-id=\"c9bf8a0\" data-element_type=\"widget\" data-e-type=\"widget\" data-widget_type=\"image-box.default\">\n\t\t\t\t<div class=\"elementor-widget-container\">\n\t\t\t\t\t<div class=\"elementor-image-box-wrapper\"><figure class=\"elementor-image-box-img\"><img decoding=\"async\" width=\"300\" height=\"300\" src=\"https:\/\/www.entrack.no\/wp-content\/uploads\/2020\/12\/Varebil-truck-entrack.jpg\" class=\"attachment-full size-full wp-image-51911\" alt=\"light chain\" srcset=\"https:\/\/www.entrack.no\/wp-content\/uploads\/2020\/12\/Varebil-truck-entrack.jpg 300w, https:\/\/www.entrack.no\/wp-content\/uploads\/2020\/12\/Varebil-truck-entrack-100x100.jpg 100w, https:\/\/www.entrack.no\/wp-content\/uploads\/2020\/12\/Varebil-truck-entrack-150x150.jpg 150w\" sizes=\"(max-width: 300px) 100vw, 300px\" \/><\/figure><div class=\"elementor-image-box-content\"><h3 class=\"elementor-image-box-title\">Van \/ Truck<\/h3><p class=\"elementor-image-box-description\">Light chain 9mm<\/p><\/div><\/div>\t\t\t\t<\/div>\n\t\t\t\t<\/div>\n\t\t\t\t\t<\/div>\n\t\t<\/div>\n\t\t\t\t<div class=\"elementor-column elementor-col-33 elementor-top-column elementor-element elementor-element-204d1b7\" data-id=\"204d1b7\" data-element_type=\"column\" data-e-type=\"column\">\n\t\t\t<div class=\"elementor-widget-wrap elementor-element-populated\">\n\t\t\t\t\t\t<div class=\"elementor-element elementor-element-f9fc78b elementor-position-top elementor-widget elementor-widget-image-box\" data-id=\"f9fc78b\" data-element_type=\"widget\" data-e-type=\"widget\" data-widget_type=\"image-box.default\">\n\t\t\t\t<div class=\"elementor-widget-container\">\n\t\t\t\t\t<div class=\"elementor-image-box-wrapper\"><figure class=\"elementor-image-box-img\"><img decoding=\"async\" width=\"300\" height=\"300\" src=\"https:\/\/www.entrack.no\/wp-content\/uploads\/2020\/12\/TypeKB-entrack.jpg\" class=\"attachment-full size-full wp-image-51910\" alt=\"light chain\" srcset=\"https:\/\/www.entrack.no\/wp-content\/uploads\/2020\/12\/TypeKB-entrack.jpg 300w, https:\/\/www.entrack.no\/wp-content\/uploads\/2020\/12\/TypeKB-entrack-100x100.jpg 100w, https:\/\/www.entrack.no\/wp-content\/uploads\/2020\/12\/TypeKB-entrack-150x150.jpg 150w\" sizes=\"(max-width: 300px) 100vw, 300px\" \/><\/figure><div class=\"elementor-image-box-content\"><h3 class=\"elementor-image-box-title\">Type KB<\/h3><p class=\"elementor-image-box-description\">Light chain 4.5mm<\/p><\/div><\/div>\t\t\t\t<\/div>\n\t\t\t\t<\/div>\n\t\t\t\t\t<\/div>\n\t\t<\/div>\n\t\t\t\t\t<\/div>\n\t\t<\/section>\n\t\t\t\t<section class=\"elementor-section elementor-top-section elementor-element elementor-element-51218e3 elementor-section-boxed elementor-section-height-default elementor-section-height-default\" data-id=\"51218e3\" data-element_type=\"section\" data-e-type=\"section\">\n\t\t\t\t\t\t<div class=\"elementor-container elementor-column-gap-default\">\n\t\t\t\t\t<div class=\"elementor-column elementor-col-33 elementor-top-column elementor-element elementor-element-7964822\" data-id=\"7964822\" data-element_type=\"column\" data-e-type=\"column\">\n\t\t\t<div class=\"elementor-widget-wrap elementor-element-populated\">\n\t\t\t\t\t\t<div class=\"elementor-element elementor-element-c41a708 elementor-position-top elementor-widget elementor-widget-image-box\" data-id=\"c41a708\" data-element_type=\"widget\" data-e-type=\"widget\" data-widget_type=\"image-box.default\">\n\t\t\t\t<div class=\"elementor-widget-container\">\n\t\t\t\t\t<div class=\"elementor-image-box-wrapper\"><figure class=\"elementor-image-box-img\"><img loading=\"lazy\" decoding=\"async\" width=\"300\" height=\"300\" src=\"https:\/\/www.entrack.no\/wp-content\/uploads\/2020\/12\/TypeKN-entrack-1.jpg\" class=\"attachment-full size-full wp-image-51909\" alt=\"Overall picture of chains for smaller vehicles\" srcset=\"https:\/\/www.entrack.no\/wp-content\/uploads\/2020\/12\/TypeKN-entrack-1.jpg 300w, https:\/\/www.entrack.no\/wp-content\/uploads\/2020\/12\/TypeKN-entrack-1-100x100.jpg 100w, https:\/\/www.entrack.no\/wp-content\/uploads\/2020\/12\/TypeKN-entrack-1-150x150.jpg 150w\" sizes=\"(max-width: 300px) 100vw, 300px\" \/><\/figure><div class=\"elementor-image-box-content\"><h3 class=\"elementor-image-box-title\">Type KN<\/h3><p class=\"elementor-image-box-description\">Light chain 3.5 mm<\/p><\/div><\/div>\t\t\t\t<\/div>\n\t\t\t\t<\/div>\n\t\t\t\t\t<\/div>\n\t\t<\/div>\n\t\t\t\t<div class=\"elementor-column elementor-col-33 elementor-top-column elementor-element elementor-element-6f7e5a2\" data-id=\"6f7e5a2\" data-element_type=\"column\" data-e-type=\"column\">\n\t\t\t<div class=\"elementor-widget-wrap elementor-element-populated\">\n\t\t\t\t\t\t<div class=\"elementor-element elementor-element-d5fd9d7 elementor-position-top elementor-widget elementor-widget-image-box\" data-id=\"d5fd9d7\" data-element_type=\"widget\" data-e-type=\"widget\" data-widget_type=\"image-box.default\">\n\t\t\t\t<div class=\"elementor-widget-container\">\n\t\t\t\t\t<div class=\"elementor-image-box-wrapper\"><figure class=\"elementor-image-box-img\"><img loading=\"lazy\" decoding=\"async\" width=\"300\" height=\"300\" src=\"https:\/\/www.entrack.no\/wp-content\/uploads\/2020\/12\/Snofreser-Entrack.jpg\" class=\"attachment-full size-full wp-image-51908\" alt=\"\" srcset=\"https:\/\/www.entrack.no\/wp-content\/uploads\/2020\/12\/Snofreser-Entrack.jpg 300w, https:\/\/www.entrack.no\/wp-content\/uploads\/2020\/12\/Snofreser-Entrack-100x100.jpg 100w, https:\/\/www.entrack.no\/wp-content\/uploads\/2020\/12\/Snofreser-Entrack-150x150.jpg 150w\" sizes=\"(max-width: 300px) 100vw, 300px\" \/><\/figure><div class=\"elementor-image-box-content\"><h3 class=\"elementor-image-box-title\">Snow blower<\/h3><p class=\"elementor-image-box-description\">U-bridge 5.7mm<\/p><\/div><\/div>\t\t\t\t<\/div>\n\t\t\t\t<\/div>\n\t\t\t\t\t<\/div>\n\t\t<\/div>\n\t\t\t\t<div class=\"elementor-column elementor-col-33 elementor-top-column elementor-element elementor-element-179b79e\" data-id=\"179b79e\" data-element_type=\"column\" data-e-type=\"column\">\n\t\t\t<div class=\"elementor-widget-wrap\">\n\t\t\t\t\t\t\t<\/div>\n\t\t<\/div>\n\t\t\t\t\t<\/div>\n\t\t<\/section>\n\t\t\t\t<\/div>\n\t\t<span class=\"et_bloom_bottom_trigger\"><\/span>","protected":false},"excerpt":{"rendered":"<p>Mindre kj\u00f8ret\u00f8y Kontakt oss med dine dimensjoner s\u00e5 hjelper vi deg videre til rett produkt.\u00a0 ATV Lettkjetting 5,7mm Varebil \/ Truck Lettkjetting 9mm Type KB Lettkjetting 4,5mm Type KN Lettkjetting 3,5mm Sn\u00f8freser U-brodd 5,7mm<\/p>","protected":false},"author":1,"featured_media":0,"parent":51820,"menu_order":0,"comment_status":"closed","ping_status":"closed","template":"","meta":{"_acf_changed":false,"footnotes":""},"class_list":["post-51856","page","type-page","status-publish","hentry"],"acf":[],"_links":{"self":[{"href":"https:\/\/www.entrack.no\/en\/wp-json\/wp\/v2\/pages\/51856","targetHints":{"allow":["GET"]}}],"collection":[{"href":"https:\/\/www.entrack.no\/en\/wp-json\/wp\/v2\/pages"}],"about":[{"href":"https:\/\/www.entrack.no\/en\/wp-json\/wp\/v2\/types\/page"}],"author":[{"embeddable":true,"href":"https:\/\/www.entrack.no\/en\/wp-json\/wp\/v2\/users\/1"}],"replies":[{"embeddable":true,"href":"https:\/\/www.entrack.no\/en\/wp-json\/wp\/v2\/comments?post=51856"}],"version-history":[{"count":0,"href":"https:\/\/www.entrack.no\/en\/wp-json\/wp\/v2\/pages\/51856\/revisions"}],"up":[{"embeddable":true,"href":"https:\/\/www.entrack.no\/en\/wp-json\/wp\/v2\/pages\/51820"}],"wp:attachment":[{"href":"https:\/\/www.entrack.no\/en\/wp-json\/wp\/v2\/media?parent=51856"}],"curies":[{"name":"wp","href":"https:\/\/api.w.org\/{rel}","templated":true}]}}