{"id":51834,"date":"2020-12-07T13:40:21","date_gmt":"2020-12-07T12:40:21","guid":{"rendered":"https:\/\/www.entrack.no\/?page_id=51834"},"modified":"2025-11-11T12:55:38","modified_gmt":"2025-11-11T11:55:38","slug":"tractor-chain","status":"publish","type":"page","link":"https:\/\/www.entrack.no\/en\/kjetting\/traktorkjetting\/","title":{"rendered":"Tractor chain"},"content":{"rendered":"<div data-elementor-type=\"wp-post\" data-elementor-id=\"51834\" class=\"elementor elementor-51834\" data-elementor-post-type=\"page\">\n\t\t\t\t\t\t<section class=\"elementor-section elementor-top-section elementor-element elementor-element-360b3de elementor-section-boxed elementor-section-height-default elementor-section-height-default\" data-id=\"360b3de\" data-element_type=\"section\" data-e-type=\"section\">\n\t\t\t\t\t\t<div class=\"elementor-container elementor-column-gap-default\">\n\t\t\t\t\t<div class=\"elementor-column elementor-col-100 elementor-top-column elementor-element elementor-element-7faaba2\" data-id=\"7faaba2\" data-element_type=\"column\" data-e-type=\"column\">\n\t\t\t<div class=\"elementor-widget-wrap elementor-element-populated\">\n\t\t\t\t\t\t<div class=\"elementor-element elementor-element-415d2e1 elementor-widget elementor-widget-heading\" data-id=\"415d2e1\" data-element_type=\"widget\" data-e-type=\"widget\" data-widget_type=\"heading.default\">\n\t\t\t\t<div class=\"elementor-widget-container\">\n\t\t\t\t\t<h1 class=\"elementor-heading-title elementor-size-default\">Tractor chain<\/h1>\t\t\t\t<\/div>\n\t\t\t\t<\/div>\n\t\t\t\t<div class=\"elementor-element elementor-element-73377c3 elementor-widget elementor-widget-text-editor\" data-id=\"73377c3\" data-element_type=\"widget\" data-e-type=\"widget\" data-widget_type=\"text-editor.default\">\n\t\t\t\t<div class=\"elementor-widget-container\">\n\t\t\t\t\t\t\t\t\t<p>When winter arrives and the roads become slippery, it's important to ensure your tractor has the necessary grip to prevent accidents and skidding. Tractor chains are the ideal solution to give your tractor the extra grip it needs.<\/p><p>Contact us with your dimensions and we'll help you find the right product.\u00a0<\/p>\t\t\t\t\t\t\t\t<\/div>\n\t\t\t\t<\/div>\n\t\t\t\t\t<\/div>\n\t\t<\/div>\n\t\t\t\t\t<\/div>\n\t\t<\/section>\n\t\t\t\t<section class=\"elementor-section elementor-top-section elementor-element elementor-element-b89f63a elementor-section-boxed elementor-section-height-default elementor-section-height-default\" data-id=\"b89f63a\" data-element_type=\"section\" data-e-type=\"section\">\n\t\t\t\t\t\t<div class=\"elementor-container elementor-column-gap-default\">\n\t\t\t\t\t<div class=\"elementor-column elementor-col-33 elementor-top-column elementor-element elementor-element-def3035\" data-id=\"def3035\" data-element_type=\"column\" data-e-type=\"column\">\n\t\t\t<div class=\"elementor-widget-wrap elementor-element-populated\">\n\t\t\t\t\t\t<div class=\"elementor-element elementor-element-05eb1ba elementor-position-top elementor-widget elementor-widget-image-box\" data-id=\"05eb1ba\" data-element_type=\"widget\" data-e-type=\"widget\" data-widget_type=\"image-box.default\">\n\t\t\t\t<div class=\"elementor-widget-container\">\n\t\t\t\t\t<div class=\"elementor-image-box-wrapper\"><figure class=\"elementor-image-box-img\"><img fetchpriority=\"high\" decoding=\"async\" width=\"300\" height=\"300\" src=\"https:\/\/www.entrack.no\/wp-content\/uploads\/2020\/12\/EasyOn-Lettkjetting-5-7_7mm-Entrack.jpg\" class=\"attachment-full size-full wp-image-51836\" alt=\"Construction chain EasyOn on a tractor\" srcset=\"https:\/\/www.entrack.no\/wp-content\/uploads\/2020\/12\/EasyOn-Lettkjetting-5-7_7mm-Entrack.jpg 300w, https:\/\/www.entrack.no\/wp-content\/uploads\/2020\/12\/EasyOn-Lettkjetting-5-7_7mm-Entrack-100x100.jpg 100w, https:\/\/www.entrack.no\/wp-content\/uploads\/2020\/12\/EasyOn-Lettkjetting-5-7_7mm-Entrack-150x150.jpg 150w\" sizes=\"(max-width: 300px) 100vw, 300px\" \/><\/figure><div class=\"elementor-image-box-content\"><h3 class=\"elementor-image-box-title\">EasyOn Light chain<\/h3><p class=\"elementor-image-box-description\">Flat embroidery and U-embroidery 5.7 - 7mm<\/p><\/div><\/div>\t\t\t\t<\/div>\n\t\t\t\t<\/div>\n\t\t\t\t\t<\/div>\n\t\t<\/div>\n\t\t\t\t<div class=\"elementor-column elementor-col-33 elementor-top-column elementor-element elementor-element-422e044\" data-id=\"422e044\" data-element_type=\"column\" data-e-type=\"column\">\n\t\t\t<div class=\"elementor-widget-wrap elementor-element-populated\">\n\t\t\t\t\t\t<div class=\"elementor-element elementor-element-c9bf8a0 elementor-position-top elementor-widget elementor-widget-image-box\" data-id=\"c9bf8a0\" data-element_type=\"widget\" data-e-type=\"widget\" data-widget_type=\"image-box.default\">\n\t\t\t\t<div class=\"elementor-widget-container\">\n\t\t\t\t\t<div class=\"elementor-image-box-wrapper\"><figure class=\"elementor-image-box-img\"><img decoding=\"async\" width=\"300\" height=\"300\" src=\"https:\/\/www.entrack.no\/wp-content\/uploads\/2020\/12\/EasyOn-Lettkjetting-9mm-Entrack-1.jpg\" class=\"attachment-full size-full wp-image-51837\" alt=\"Product image of Easy On light chain\" srcset=\"https:\/\/www.entrack.no\/wp-content\/uploads\/2020\/12\/EasyOn-Lettkjetting-9mm-Entrack-1.jpg 300w, https:\/\/www.entrack.no\/wp-content\/uploads\/2020\/12\/EasyOn-Lettkjetting-9mm-Entrack-1-100x100.jpg 100w, https:\/\/www.entrack.no\/wp-content\/uploads\/2020\/12\/EasyOn-Lettkjetting-9mm-Entrack-1-150x150.jpg 150w\" sizes=\"(max-width: 300px) 100vw, 300px\" \/><\/figure><div class=\"elementor-image-box-content\"><h3 class=\"elementor-image-box-title\">EasyOn Light chain<\/h3><p class=\"elementor-image-box-description\">9mm<\/p><\/div><\/div>\t\t\t\t<\/div>\n\t\t\t\t<\/div>\n\t\t\t\t\t<\/div>\n\t\t<\/div>\n\t\t\t\t<div class=\"elementor-column elementor-col-33 elementor-top-column elementor-element elementor-element-204d1b7\" data-id=\"204d1b7\" data-element_type=\"column\" data-e-type=\"column\">\n\t\t\t<div class=\"elementor-widget-wrap elementor-element-populated\">\n\t\t\t\t\t\t<div class=\"elementor-element elementor-element-f9fc78b elementor-position-top elementor-widget elementor-widget-image-box\" data-id=\"f9fc78b\" data-element_type=\"widget\" data-e-type=\"widget\" data-widget_type=\"image-box.default\">\n\t\t\t\t<div class=\"elementor-widget-container\">\n\t\t\t\t\t<div class=\"elementor-image-box-wrapper\"><figure class=\"elementor-image-box-img\"><img decoding=\"async\" width=\"300\" height=\"300\" src=\"https:\/\/www.entrack.no\/wp-content\/uploads\/2020\/12\/EasyOn-hengerkjetting-Entrack.jpg\" class=\"attachment-full size-full wp-image-51838\" alt=\"Product image of Easy On chain\" srcset=\"https:\/\/www.entrack.no\/wp-content\/uploads\/2020\/12\/EasyOn-hengerkjetting-Entrack.jpg 300w, https:\/\/www.entrack.no\/wp-content\/uploads\/2020\/12\/EasyOn-hengerkjetting-Entrack-100x100.jpg 100w, https:\/\/www.entrack.no\/wp-content\/uploads\/2020\/12\/EasyOn-hengerkjetting-Entrack-150x150.jpg 150w\" sizes=\"(max-width: 300px) 100vw, 300px\" \/><\/figure><div class=\"elementor-image-box-content\"><h3 class=\"elementor-image-box-title\">EasyOn trailer chain<\/h3><p class=\"elementor-image-box-description\">5.7 - 7 mm<\/p><\/div><\/div>\t\t\t\t<\/div>\n\t\t\t\t<\/div>\n\t\t\t\t\t<\/div>\n\t\t<\/div>\n\t\t\t\t\t<\/div>\n\t\t<\/section>\n\t\t\t\t<section class=\"elementor-section elementor-top-section elementor-element elementor-element-51218e3 elementor-section-boxed elementor-section-height-default elementor-section-height-default\" data-id=\"51218e3\" data-element_type=\"section\" data-e-type=\"section\">\n\t\t\t\t\t\t<div class=\"elementor-container elementor-column-gap-default\">\n\t\t\t\t\t<div class=\"elementor-column elementor-col-33 elementor-top-column elementor-element elementor-element-7964822\" data-id=\"7964822\" data-element_type=\"column\" data-e-type=\"column\">\n\t\t\t<div class=\"elementor-widget-wrap elementor-element-populated\">\n\t\t\t\t\t\t<div class=\"elementor-element elementor-element-c41a708 elementor-position-top elementor-widget elementor-widget-image-box\" data-id=\"c41a708\" data-element_type=\"widget\" data-e-type=\"widget\" data-widget_type=\"image-box.default\">\n\t\t\t\t<div class=\"elementor-widget-container\">\n\t\t\t\t\t<div class=\"elementor-image-box-wrapper\"><figure class=\"elementor-image-box-img\"><img loading=\"lazy\" decoding=\"async\" width=\"300\" height=\"300\" src=\"https:\/\/www.entrack.no\/wp-content\/uploads\/2020\/12\/CombiGrip-Entrack-1.jpg\" class=\"attachment-full size-full wp-image-51839\" alt=\"CombiGrip chain\" srcset=\"https:\/\/www.entrack.no\/wp-content\/uploads\/2020\/12\/CombiGrip-Entrack-1.jpg 300w, https:\/\/www.entrack.no\/wp-content\/uploads\/2020\/12\/CombiGrip-Entrack-1-100x100.jpg 100w, https:\/\/www.entrack.no\/wp-content\/uploads\/2020\/12\/CombiGrip-Entrack-1-150x150.jpg 150w\" sizes=\"(max-width: 300px) 100vw, 300px\" \/><\/figure><div class=\"elementor-image-box-content\"><h3 class=\"elementor-image-box-title\">Combi-Grip<\/h3><p class=\"elementor-image-box-description\">8 - 9mm<\/p><\/div><\/div>\t\t\t\t<\/div>\n\t\t\t\t<\/div>\n\t\t\t\t\t<\/div>\n\t\t<\/div>\n\t\t\t\t<div class=\"elementor-column elementor-col-33 elementor-top-column elementor-element elementor-element-6f7e5a2\" data-id=\"6f7e5a2\" data-element_type=\"column\" data-e-type=\"column\">\n\t\t\t<div class=\"elementor-widget-wrap elementor-element-populated\">\n\t\t\t\t\t\t<div class=\"elementor-element elementor-element-d5fd9d7 elementor-position-top elementor-widget elementor-widget-image-box\" data-id=\"d5fd9d7\" data-element_type=\"widget\" data-e-type=\"widget\" data-widget_type=\"image-box.default\">\n\t\t\t\t<div class=\"elementor-widget-container\">\n\t\t\t\t\t<div class=\"elementor-image-box-wrapper\"><figure class=\"elementor-image-box-img\"><img loading=\"lazy\" decoding=\"async\" width=\"300\" height=\"300\" src=\"https:\/\/www.entrack.no\/wp-content\/uploads\/2020\/12\/Combigrip_tett-Entrack.jpg\" class=\"attachment-full size-full wp-image-51840\" alt=\"CombiGrip chain\" srcset=\"https:\/\/www.entrack.no\/wp-content\/uploads\/2020\/12\/Combigrip_tett-Entrack.jpg 300w, https:\/\/www.entrack.no\/wp-content\/uploads\/2020\/12\/Combigrip_tett-Entrack-100x100.jpg 100w, https:\/\/www.entrack.no\/wp-content\/uploads\/2020\/12\/Combigrip_tett-Entrack-150x150.jpg 150w\" sizes=\"(max-width: 300px) 100vw, 300px\" \/><\/figure><div class=\"elementor-image-box-content\"><h3 class=\"elementor-image-box-title\">Combi-Grip tight<\/h3><p class=\"elementor-image-box-description\">9 - 11 mm<\/p><\/div><\/div>\t\t\t\t<\/div>\n\t\t\t\t<\/div>\n\t\t\t\t\t<\/div>\n\t\t<\/div>\n\t\t\t\t<div class=\"elementor-column elementor-col-33 elementor-top-column elementor-element elementor-element-179b79e\" data-id=\"179b79e\" data-element_type=\"column\" data-e-type=\"column\">\n\t\t\t<div class=\"elementor-widget-wrap elementor-element-populated\">\n\t\t\t\t\t\t<div class=\"elementor-element elementor-element-c385a1d elementor-position-top elementor-widget elementor-widget-image-box\" data-id=\"c385a1d\" data-element_type=\"widget\" data-e-type=\"widget\" data-widget_type=\"image-box.default\">\n\t\t\t\t<div class=\"elementor-widget-container\">\n\t\t\t\t\t<div class=\"elementor-image-box-wrapper\"><figure class=\"elementor-image-box-img\"><img loading=\"lazy\" decoding=\"async\" width=\"300\" height=\"300\" src=\"https:\/\/www.entrack.no\/wp-content\/uploads\/2020\/12\/OFA-hakkiB-Entrack.jpg\" class=\"attachment-full size-full wp-image-51841\" alt=\"Product image of OFA chain for tyres\" srcset=\"https:\/\/www.entrack.no\/wp-content\/uploads\/2020\/12\/OFA-hakkiB-Entrack.jpg 300w, https:\/\/www.entrack.no\/wp-content\/uploads\/2020\/12\/OFA-hakkiB-Entrack-100x100.jpg 100w, https:\/\/www.entrack.no\/wp-content\/uploads\/2020\/12\/OFA-hakkiB-Entrack-150x150.jpg 150w\" sizes=\"(max-width: 300px) 100vw, 300px\" \/><\/figure><div class=\"elementor-image-box-content\"><h3 class=\"elementor-image-box-title\">OFA Hakki B<\/h3><p class=\"elementor-image-box-description\">8 - 9mm<\/p><\/div><\/div>\t\t\t\t<\/div>\n\t\t\t\t<\/div>\n\t\t\t\t\t<\/div>\n\t\t<\/div>\n\t\t\t\t\t<\/div>\n\t\t<\/section>\n\t\t\t\t<section class=\"elementor-section elementor-top-section elementor-element elementor-element-1d97c86 elementor-section-boxed elementor-section-height-default elementor-section-height-default\" data-id=\"1d97c86\" data-element_type=\"section\" data-e-type=\"section\">\n\t\t\t\t\t\t<div class=\"elementor-container elementor-column-gap-default\">\n\t\t\t\t\t<div class=\"elementor-column elementor-col-33 elementor-top-column elementor-element elementor-element-fd2deb7\" data-id=\"fd2deb7\" data-element_type=\"column\" data-e-type=\"column\">\n\t\t\t<div class=\"elementor-widget-wrap elementor-element-populated\">\n\t\t\t\t\t\t<div class=\"elementor-element elementor-element-10597de elementor-position-top elementor-widget elementor-widget-image-box\" data-id=\"10597de\" data-element_type=\"widget\" data-e-type=\"widget\" data-widget_type=\"image-box.default\">\n\t\t\t\t<div class=\"elementor-widget-container\">\n\t\t\t\t\t<div class=\"elementor-image-box-wrapper\"><figure class=\"elementor-image-box-img\"><img loading=\"lazy\" decoding=\"async\" width=\"300\" height=\"300\" src=\"https:\/\/www.entrack.no\/wp-content\/uploads\/2020\/12\/OFA-hakki-entrack.jpg\" class=\"attachment-full size-full wp-image-51842\" alt=\"Product image of OFA chain for tyres\" srcset=\"https:\/\/www.entrack.no\/wp-content\/uploads\/2020\/12\/OFA-hakki-entrack.jpg 300w, https:\/\/www.entrack.no\/wp-content\/uploads\/2020\/12\/OFA-hakki-entrack-100x100.jpg 100w, https:\/\/www.entrack.no\/wp-content\/uploads\/2020\/12\/OFA-hakki-entrack-150x150.jpg 150w\" sizes=\"(max-width: 300px) 100vw, 300px\" \/><\/figure><div class=\"elementor-image-box-content\"><h3 class=\"elementor-image-box-title\">OFA Hakki<\/h3><p class=\"elementor-image-box-description\">9 - 11mm<\/p><\/div><\/div>\t\t\t\t<\/div>\n\t\t\t\t<\/div>\n\t\t\t\t\t<\/div>\n\t\t<\/div>\n\t\t\t\t<div class=\"elementor-column elementor-col-33 elementor-top-column elementor-element elementor-element-8915c6c\" data-id=\"8915c6c\" data-element_type=\"column\" data-e-type=\"column\">\n\t\t\t<div class=\"elementor-widget-wrap elementor-element-populated\">\n\t\t\t\t\t\t<div class=\"elementor-element elementor-element-b8002c4 elementor-position-top elementor-widget elementor-widget-image-box\" data-id=\"b8002c4\" data-element_type=\"widget\" data-e-type=\"widget\" data-widget_type=\"image-box.default\">\n\t\t\t\t<div class=\"elementor-widget-container\">\n\t\t\t\t\t<div class=\"elementor-image-box-wrapper\"><figure class=\"elementor-image-box-img\"><img loading=\"lazy\" decoding=\"async\" width=\"300\" height=\"300\" src=\"https:\/\/www.entrack.no\/wp-content\/uploads\/2020\/12\/OFA-tapio-entrack.jpg\" class=\"attachment-full size-full wp-image-51843\" alt=\"Product image of OFA Tapio chain for tyres\" srcset=\"https:\/\/www.entrack.no\/wp-content\/uploads\/2020\/12\/OFA-tapio-entrack.jpg 300w, https:\/\/www.entrack.no\/wp-content\/uploads\/2020\/12\/OFA-tapio-entrack-100x100.jpg 100w, https:\/\/www.entrack.no\/wp-content\/uploads\/2020\/12\/OFA-tapio-entrack-150x150.jpg 150w\" sizes=\"(max-width: 300px) 100vw, 300px\" \/><\/figure><div class=\"elementor-image-box-content\"><h3 class=\"elementor-image-box-title\">OFA Tapio<\/h3><p class=\"elementor-image-box-description\">9 - 11 mm<\/p><\/div><\/div>\t\t\t\t<\/div>\n\t\t\t\t<\/div>\n\t\t\t\t\t<\/div>\n\t\t<\/div>\n\t\t\t\t<div class=\"elementor-column elementor-col-33 elementor-top-column elementor-element elementor-element-b09cc10\" data-id=\"b09cc10\" data-element_type=\"column\" data-e-type=\"column\">\n\t\t\t<div class=\"elementor-widget-wrap\">\n\t\t\t\t\t\t\t<\/div>\n\t\t<\/div>\n\t\t\t\t\t<\/div>\n\t\t<\/section>\n\t\t\t\t<\/div>\n\t\t<span class=\"et_bloom_bottom_trigger\"><\/span>","protected":false},"excerpt":{"rendered":"<p>Traktorkjetting N\u00e5r vinteren kommer og veiene blir glatte, er det viktig \u00e5 sikre at traktoren din har det n\u00f8dvendige grepet for \u00e5 forhindre ulykker og skrens. Traktorkjettinger er den ideelle l\u00f8sningen for \u00e5 gi traktoren din det ekstra grepet den trenger. Kontakt oss med dine dimensjoner s\u00e5 hjelper vi deg videre til rett produkt.\u00a0 EasyOn [&hellip;]<\/p>\n","protected":false},"author":1,"featured_media":0,"parent":51820,"menu_order":0,"comment_status":"closed","ping_status":"closed","template":"","meta":{"_acf_changed":false,"footnotes":""},"class_list":["post-51834","page","type-page","status-publish","hentry"],"acf":[],"_links":{"self":[{"href":"https:\/\/www.entrack.no\/en\/wp-json\/wp\/v2\/pages\/51834","targetHints":{"allow":["GET"]}}],"collection":[{"href":"https:\/\/www.entrack.no\/en\/wp-json\/wp\/v2\/pages"}],"about":[{"href":"https:\/\/www.entrack.no\/en\/wp-json\/wp\/v2\/types\/page"}],"author":[{"embeddable":true,"href":"https:\/\/www.entrack.no\/en\/wp-json\/wp\/v2\/users\/1"}],"replies":[{"embeddable":true,"href":"https:\/\/www.entrack.no\/en\/wp-json\/wp\/v2\/comments?post=51834"}],"version-history":[{"count":4,"href":"https:\/\/www.entrack.no\/en\/wp-json\/wp\/v2\/pages\/51834\/revisions"}],"predecessor-version":[{"id":65329,"href":"https:\/\/www.entrack.no\/en\/wp-json\/wp\/v2\/pages\/51834\/revisions\/65329"}],"up":[{"embeddable":true,"href":"https:\/\/www.entrack.no\/en\/wp-json\/wp\/v2\/pages\/51820"}],"wp:attachment":[{"href":"https:\/\/www.entrack.no\/en\/wp-json\/wp\/v2\/media?parent=51834"}],"curies":[{"name":"wp","href":"https:\/\/api.w.org\/{rel}","templated":true}]}}