{"id":51820,"date":"2020-12-07T13:24:54","date_gmt":"2020-12-07T12:24:54","guid":{"rendered":"https:\/\/www.entrack.no\/?page_id=51820"},"modified":"2025-12-12T14:13:40","modified_gmt":"2025-12-12T13:13:40","slug":"chain","status":"publish","type":"page","link":"https:\/\/www.entrack.no\/en\/kjetting\/","title":{"rendered":"Chain"},"content":{"rendered":"<div data-elementor-type=\"wp-post\" data-elementor-id=\"51820\" class=\"elementor elementor-51820\" data-elementor-post-type=\"page\">\n\t\t\t\t\t\t<section class=\"elementor-section elementor-top-section elementor-element elementor-element-360b3de elementor-section-boxed elementor-section-height-default elementor-section-height-default\" data-id=\"360b3de\" data-element_type=\"section\" data-e-type=\"section\">\n\t\t\t\t\t\t<div class=\"elementor-container elementor-column-gap-default\">\n\t\t\t\t\t<div class=\"elementor-column elementor-col-100 elementor-top-column elementor-element elementor-element-7faaba2\" data-id=\"7faaba2\" data-element_type=\"column\" data-e-type=\"column\">\n\t\t\t<div class=\"elementor-widget-wrap elementor-element-populated\">\n\t\t\t\t\t\t<div class=\"elementor-element elementor-element-415d2e1 elementor-widget elementor-widget-heading\" data-id=\"415d2e1\" data-element_type=\"widget\" data-e-type=\"widget\" data-widget_type=\"heading.default\">\n\t\t\t\t<div class=\"elementor-widget-container\">\n\t\t\t\t\t<h1 class=\"elementor-heading-title elementor-size-default\">Chain<\/h1>\t\t\t\t<\/div>\n\t\t\t\t<\/div>\n\t\t\t\t<div class=\"elementor-element elementor-element-73377c3 elementor-widget elementor-widget-text-editor\" data-id=\"73377c3\" data-element_type=\"widget\" data-e-type=\"widget\" data-widget_type=\"text-editor.default\">\n\t\t\t\t<div class=\"elementor-widget-container\">\n\t\t\t\t\t\t\t\t\t<p>Get a good grip with a good chain. We have all types of wheel chains for cars, lorries, buses, ATVs, construction vehicles and tractors. Contact us with your dimensions and we'll help you find the right product.\u00a0<\/p>\t\t\t\t\t\t\t\t<\/div>\n\t\t\t\t<\/div>\n\t\t\t\t\t<\/div>\n\t\t<\/div>\n\t\t\t\t\t<\/div>\n\t\t<\/section>\n\t\t\t\t<section class=\"elementor-section elementor-top-section elementor-element elementor-element-b89f63a elementor-section-boxed elementor-section-height-default elementor-section-height-default\" data-id=\"b89f63a\" data-element_type=\"section\" data-e-type=\"section\">\n\t\t\t\t\t\t<div class=\"elementor-container elementor-column-gap-default\">\n\t\t\t\t\t<div class=\"elementor-column elementor-col-33 elementor-top-column elementor-element elementor-element-def3035\" data-id=\"def3035\" data-element_type=\"column\" data-e-type=\"column\">\n\t\t\t<div class=\"elementor-widget-wrap elementor-element-populated\">\n\t\t\t\t\t\t<div class=\"elementor-element elementor-element-05eb1ba elementor-position-top elementor-widget elementor-widget-image-box\" data-id=\"05eb1ba\" data-element_type=\"widget\" data-e-type=\"widget\" data-widget_type=\"image-box.default\">\n\t\t\t\t<div class=\"elementor-widget-container\">\n\t\t\t\t\t<div class=\"elementor-image-box-wrapper\"><figure class=\"elementor-image-box-img\"><a href=\"https:\/\/www.entrack.no\/en\/chain\/tractor-chain\/\" tabindex=\"-1\"><img fetchpriority=\"high\" decoding=\"async\" width=\"300\" height=\"300\" src=\"https:\/\/www.entrack.no\/wp-content\/uploads\/2020\/12\/EasyOn-Lettkjetting-9mm-Entrack.jpg\" class=\"attachment-full size-full wp-image-51827\" alt=\"Product image of Easy On light chain\" srcset=\"https:\/\/www.entrack.no\/wp-content\/uploads\/2020\/12\/EasyOn-Lettkjetting-9mm-Entrack.jpg 300w, https:\/\/www.entrack.no\/wp-content\/uploads\/2020\/12\/EasyOn-Lettkjetting-9mm-Entrack-100x100.jpg 100w, https:\/\/www.entrack.no\/wp-content\/uploads\/2020\/12\/EasyOn-Lettkjetting-9mm-Entrack-150x150.jpg 150w\" sizes=\"(max-width: 300px) 100vw, 300px\" \/><\/a><\/figure><div class=\"elementor-image-box-content\"><h3 class=\"elementor-image-box-title\"><a href=\"https:\/\/www.entrack.no\/en\/chain\/tractor-chain\/\">Tractor<\/a><\/h3><\/div><\/div>\t\t\t\t<\/div>\n\t\t\t\t<\/div>\n\t\t\t\t\t<\/div>\n\t\t<\/div>\n\t\t\t\t<div class=\"elementor-column elementor-col-33 elementor-top-column elementor-element elementor-element-422e044\" data-id=\"422e044\" data-element_type=\"column\" data-e-type=\"column\">\n\t\t\t<div class=\"elementor-widget-wrap elementor-element-populated\">\n\t\t\t\t\t\t<div class=\"elementor-element elementor-element-c9bf8a0 elementor-position-top elementor-widget elementor-widget-image-box\" data-id=\"c9bf8a0\" data-element_type=\"widget\" data-e-type=\"widget\" data-widget_type=\"image-box.default\">\n\t\t\t\t<div class=\"elementor-widget-container\">\n\t\t\t\t\t<div class=\"elementor-image-box-wrapper\"><figure class=\"elementor-image-box-img\"><a href=\"https:\/\/www.entrack.no\/en\/chain\/transport-chain\/\" tabindex=\"-1\"><img decoding=\"async\" width=\"300\" height=\"300\" src=\"https:\/\/www.entrack.no\/wp-content\/uploads\/2020\/12\/ArcticGrip_ubrodd-Entrack.jpg\" class=\"attachment-full size-full wp-image-51826\" alt=\"chain\" srcset=\"https:\/\/www.entrack.no\/wp-content\/uploads\/2020\/12\/ArcticGrip_ubrodd-Entrack.jpg 300w, https:\/\/www.entrack.no\/wp-content\/uploads\/2020\/12\/ArcticGrip_ubrodd-Entrack-100x100.jpg 100w, https:\/\/www.entrack.no\/wp-content\/uploads\/2020\/12\/ArcticGrip_ubrodd-Entrack-150x150.jpg 150w\" sizes=\"(max-width: 300px) 100vw, 300px\" \/><\/a><\/figure><div class=\"elementor-image-box-content\"><h3 class=\"elementor-image-box-title\"><a href=\"https:\/\/www.entrack.no\/en\/chain\/transport-chain\/\">Transport<\/a><\/h3><\/div><\/div>\t\t\t\t<\/div>\n\t\t\t\t<\/div>\n\t\t\t\t\t<\/div>\n\t\t<\/div>\n\t\t\t\t<div class=\"elementor-column elementor-col-33 elementor-top-column elementor-element elementor-element-204d1b7\" data-id=\"204d1b7\" data-element_type=\"column\" data-e-type=\"column\">\n\t\t\t<div class=\"elementor-widget-wrap elementor-element-populated\">\n\t\t\t\t\t\t<div class=\"elementor-element elementor-element-f9fc78b elementor-position-top elementor-widget elementor-widget-image-box\" data-id=\"f9fc78b\" data-element_type=\"widget\" data-e-type=\"widget\" data-widget_type=\"image-box.default\">\n\t\t\t\t<div class=\"elementor-widget-container\">\n\t\t\t\t\t<div class=\"elementor-image-box-wrapper\"><figure class=\"elementor-image-box-img\"><a href=\"https:\/\/www.entrack.no\/en\/chain\/plant-chaining\/\" tabindex=\"-1\"><img decoding=\"async\" width=\"300\" height=\"300\" src=\"https:\/\/www.entrack.no\/wp-content\/uploads\/2020\/12\/Hakki-Anlegg-Pigg-Entrack.jpg\" class=\"attachment-full size-full wp-image-51828\" alt=\"chain\" srcset=\"https:\/\/www.entrack.no\/wp-content\/uploads\/2020\/12\/Hakki-Anlegg-Pigg-Entrack.jpg 300w, https:\/\/www.entrack.no\/wp-content\/uploads\/2020\/12\/Hakki-Anlegg-Pigg-Entrack-100x100.jpg 100w, https:\/\/www.entrack.no\/wp-content\/uploads\/2020\/12\/Hakki-Anlegg-Pigg-Entrack-150x150.jpg 150w\" sizes=\"(max-width: 300px) 100vw, 300px\" \/><\/a><\/figure><div class=\"elementor-image-box-content\"><h3 class=\"elementor-image-box-title\"><a href=\"https:\/\/www.entrack.no\/en\/chain\/plant-chaining\/\">Construction<\/a><\/h3><\/div><\/div>\t\t\t\t<\/div>\n\t\t\t\t<\/div>\n\t\t\t\t\t<\/div>\n\t\t<\/div>\n\t\t\t\t\t<\/div>\n\t\t<\/section>\n\t\t\t\t<section class=\"elementor-section elementor-top-section elementor-element elementor-element-51218e3 elementor-section-boxed elementor-section-height-default elementor-section-height-default\" data-id=\"51218e3\" data-element_type=\"section\" data-e-type=\"section\">\n\t\t\t\t\t\t<div class=\"elementor-container elementor-column-gap-default\">\n\t\t\t\t\t<div class=\"elementor-column elementor-col-33 elementor-top-column elementor-element elementor-element-7964822\" data-id=\"7964822\" data-element_type=\"column\" data-e-type=\"column\">\n\t\t\t<div class=\"elementor-widget-wrap elementor-element-populated\">\n\t\t\t\t\t\t<div class=\"elementor-element elementor-element-c41a708 elementor-position-top elementor-widget elementor-widget-image-box\" data-id=\"c41a708\" data-element_type=\"widget\" data-e-type=\"widget\" data-widget_type=\"image-box.default\">\n\t\t\t\t<div class=\"elementor-widget-container\">\n\t\t\t\t\t<div class=\"elementor-image-box-wrapper\"><figure class=\"elementor-image-box-img\"><a href=\"https:\/\/www.entrack.no\/en\/chain\/mindre-kjoretoy\/\" tabindex=\"-1\"><img loading=\"lazy\" decoding=\"async\" width=\"300\" height=\"300\" src=\"https:\/\/www.entrack.no\/wp-content\/uploads\/2020\/12\/TypeKN-entrack.jpg\" class=\"attachment-full size-full wp-image-51829\" alt=\"Overall picture of chains for smaller vehicles\" srcset=\"https:\/\/www.entrack.no\/wp-content\/uploads\/2020\/12\/TypeKN-entrack.jpg 300w, https:\/\/www.entrack.no\/wp-content\/uploads\/2020\/12\/TypeKN-entrack-100x100.jpg 100w, https:\/\/www.entrack.no\/wp-content\/uploads\/2020\/12\/TypeKN-entrack-150x150.jpg 150w\" sizes=\"(max-width: 300px) 100vw, 300px\" \/><\/a><\/figure><div class=\"elementor-image-box-content\"><h3 class=\"elementor-image-box-title\"><a href=\"https:\/\/www.entrack.no\/en\/chain\/mindre-kjoretoy\/\">Smaller vehicles<\/a><\/h3><\/div><\/div>\t\t\t\t<\/div>\n\t\t\t\t<\/div>\n\t\t\t\t\t<\/div>\n\t\t<\/div>\n\t\t\t\t<div class=\"elementor-column elementor-col-33 elementor-top-column elementor-element elementor-element-6f7e5a2\" data-id=\"6f7e5a2\" data-element_type=\"column\" data-e-type=\"column\">\n\t\t\t<div class=\"elementor-widget-wrap elementor-element-populated\">\n\t\t\t\t\t\t<div class=\"elementor-element elementor-element-c385a1d elementor-position-top elementor-widget elementor-widget-image-box\" data-id=\"c385a1d\" data-element_type=\"widget\" data-e-type=\"widget\" data-widget_type=\"image-box.default\">\n\t\t\t\t<div class=\"elementor-widget-container\">\n\t\t\t\t\t<div class=\"elementor-image-box-wrapper\"><figure class=\"elementor-image-box-img\"><a href=\"https:\/\/www.entrack.no\/en\/chain\/forestry-machine-chain\/\" tabindex=\"-1\"><img loading=\"lazy\" decoding=\"async\" width=\"300\" height=\"300\" src=\"https:\/\/www.entrack.no\/wp-content\/uploads\/2020\/12\/OFA-Twist-Entrack.jpg\" class=\"attachment-full size-full wp-image-51830\" alt=\"Product image of OFA chain for tyres\" srcset=\"https:\/\/www.entrack.no\/wp-content\/uploads\/2020\/12\/OFA-Twist-Entrack.jpg 300w, https:\/\/www.entrack.no\/wp-content\/uploads\/2020\/12\/OFA-Twist-Entrack-100x100.jpg 100w, https:\/\/www.entrack.no\/wp-content\/uploads\/2020\/12\/OFA-Twist-Entrack-150x150.jpg 150w\" sizes=\"(max-width: 300px) 100vw, 300px\" \/><\/a><\/figure><div class=\"elementor-image-box-content\"><h3 class=\"elementor-image-box-title\"><a href=\"https:\/\/www.entrack.no\/en\/chain\/forestry-machine-chain\/\">Forestry machine<\/a><\/h3><\/div><\/div>\t\t\t\t<\/div>\n\t\t\t\t<\/div>\n\t\t\t\t\t<\/div>\n\t\t<\/div>\n\t\t\t\t<div class=\"elementor-column elementor-col-33 elementor-top-column elementor-element elementor-element-179b79e\" data-id=\"179b79e\" data-element_type=\"column\" data-e-type=\"column\">\n\t\t\t<div class=\"elementor-widget-wrap\">\n\t\t\t\t\t\t\t<\/div>\n\t\t<\/div>\n\t\t\t\t\t<\/div>\n\t\t<\/section>\n\t\t\t\t<\/div>\n\t\t<span class=\"et_bloom_bottom_trigger\"><\/span>","protected":false},"excerpt":{"rendered":"<p>Kjetting F\u00e5 godt grep med god kjetting. Vi har alle typer hjulkjetting, b\u00e5de til bil, lastebil, buss, ATV, anlegg og traktor. Kontakt oss med dine dimensjoner s\u00e5 hjelper vi deg videre til rett produkt.\u00a0 Traktor Transport Anlegg Mindre kj\u00f8ret\u00f8y Skogsmaskin<\/p>","protected":false},"author":1,"featured_media":0,"parent":0,"menu_order":0,"comment_status":"closed","ping_status":"closed","template":"","meta":{"_acf_changed":false,"footnotes":""},"class_list":["post-51820","page","type-page","status-publish","hentry"],"acf":[],"_links":{"self":[{"href":"https:\/\/www.entrack.no\/en\/wp-json\/wp\/v2\/pages\/51820","targetHints":{"allow":["GET"]}}],"collection":[{"href":"https:\/\/www.entrack.no\/en\/wp-json\/wp\/v2\/pages"}],"about":[{"href":"https:\/\/www.entrack.no\/en\/wp-json\/wp\/v2\/types\/page"}],"author":[{"embeddable":true,"href":"https:\/\/www.entrack.no\/en\/wp-json\/wp\/v2\/users\/1"}],"replies":[{"embeddable":true,"href":"https:\/\/www.entrack.no\/en\/wp-json\/wp\/v2\/comments?post=51820"}],"version-history":[{"count":1,"href":"https:\/\/www.entrack.no\/en\/wp-json\/wp\/v2\/pages\/51820\/revisions"}],"predecessor-version":[{"id":65568,"href":"https:\/\/www.entrack.no\/en\/wp-json\/wp\/v2\/pages\/51820\/revisions\/65568"}],"wp:attachment":[{"href":"https:\/\/www.entrack.no\/en\/wp-json\/wp\/v2\/media?parent=51820"}],"curies":[{"name":"wp","href":"https:\/\/api.w.org\/{rel}","templated":true}]}}