{"id":51780,"date":"2020-12-07T12:57:59","date_gmt":"2020-12-07T11:57:59","guid":{"rendered":"https:\/\/www.entrack.no\/?page_id=51780"},"modified":"2025-11-24T14:56:07","modified_gmt":"2025-11-24T13:56:07","slug":"lifting-equipment","status":"publish","type":"page","link":"https:\/\/www.entrack.no\/en\/lofteutstyr\/","title":{"rendered":"Lifting equipment"},"content":{"rendered":"<div data-elementor-type=\"wp-post\" data-elementor-id=\"51780\" class=\"elementor elementor-51780\" data-elementor-post-type=\"page\">\n\t\t\t\t\t\t<section class=\"elementor-section elementor-top-section elementor-element elementor-element-360b3de elementor-section-boxed elementor-section-height-default elementor-section-height-default\" data-id=\"360b3de\" data-element_type=\"section\" data-e-type=\"section\">\n\t\t\t\t\t\t<div class=\"elementor-container elementor-column-gap-default\">\n\t\t\t\t\t<div class=\"elementor-column elementor-col-100 elementor-top-column elementor-element elementor-element-7faaba2\" data-id=\"7faaba2\" data-element_type=\"column\" data-e-type=\"column\">\n\t\t\t<div class=\"elementor-widget-wrap elementor-element-populated\">\n\t\t\t\t\t\t<div class=\"elementor-element elementor-element-415d2e1 elementor-widget elementor-widget-heading\" data-id=\"415d2e1\" data-element_type=\"widget\" data-e-type=\"widget\" data-widget_type=\"heading.default\">\n\t\t\t\t<div class=\"elementor-widget-container\">\n\t\t\t\t\t<h1 class=\"elementor-heading-title elementor-size-default\">Lifting equipment:<\/h1>\t\t\t\t<\/div>\n\t\t\t\t<\/div>\n\t\t\t\t<div class=\"elementor-element elementor-element-c702103 elementor-widget elementor-widget-heading\" data-id=\"c702103\" data-element_type=\"widget\" data-e-type=\"widget\" data-widget_type=\"heading.default\">\n\t\t\t\t<div class=\"elementor-widget-container\">\n\t\t\t\t\t<h2 class=\"elementor-heading-title elementor-size-default\">Safety and efficiency for all lifting needs<\/h2>\t\t\t\t<\/div>\n\t\t\t\t<\/div>\n\t\t\t\t<div class=\"elementor-element elementor-element-73377c3 elementor-widget elementor-widget-text-editor\" data-id=\"73377c3\" data-element_type=\"widget\" data-e-type=\"widget\" data-widget_type=\"text-editor.default\">\n\t\t\t\t<div class=\"elementor-widget-container\">\n\t\t\t\t\t\t\t\t\t<p>When it comes to industrial and construction site activities, lifting equipment is a critical component to ensure the job is done safely and efficiently. With the right lifting equipment, you can prevent accidents, increase productivity and ensure loads are handled correctly.<\/p><p><strong>Why Choose Entrack's Lifting Equipment?<\/strong><\/p><p><strong>Versatility:<\/strong> We offer a wide range of lifting equipment, from lifting chains to magnetic lifters, to suit different industrial needs.<\/p><p><strong>Quality:<\/strong> Our lifting equipment is designed to withstand the toughest conditions, ensuring your load is lifted safely every time.<\/p><p><strong>Experience:<\/strong> With over 45 years of experience in the industry, Entrack can provide you with the guidance and support you need to choose the right lifting equipment for your needs.<\/p>\t\t\t\t\t\t\t\t<\/div>\n\t\t\t\t<\/div>\n\t\t\t\t\t<\/div>\n\t\t<\/div>\n\t\t\t\t\t<\/div>\n\t\t<\/section>\n\t\t\t\t<section class=\"elementor-section elementor-top-section elementor-element elementor-element-b89f63a elementor-section-boxed elementor-section-height-default elementor-section-height-default\" data-id=\"b89f63a\" data-element_type=\"section\" data-e-type=\"section\">\n\t\t\t\t\t\t<div class=\"elementor-container elementor-column-gap-default\">\n\t\t\t\t\t<div class=\"elementor-column elementor-col-33 elementor-top-column elementor-element elementor-element-def3035\" data-id=\"def3035\" data-element_type=\"column\" data-e-type=\"column\">\n\t\t\t<div class=\"elementor-widget-wrap elementor-element-populated\">\n\t\t\t\t\t\t<div class=\"elementor-element elementor-element-05eb1ba elementor-position-top elementor-widget elementor-widget-image-box\" data-id=\"05eb1ba\" data-element_type=\"widget\" data-e-type=\"widget\" data-widget_type=\"image-box.default\">\n\t\t\t\t<div class=\"elementor-widget-container\">\n\t\t\t\t\t<div class=\"elementor-image-box-wrapper\"><figure class=\"elementor-image-box-img\"><img fetchpriority=\"high\" decoding=\"async\" width=\"400\" height=\"400\" src=\"https:\/\/www.entrack.no\/wp-content\/uploads\/2020\/12\/loftekjetting-entrack.jpg\" class=\"attachment-full size-full wp-image-51783\" alt=\"Lifting equipment\" srcset=\"https:\/\/www.entrack.no\/wp-content\/uploads\/2020\/12\/loftekjetting-entrack.jpg 400w, https:\/\/www.entrack.no\/wp-content\/uploads\/2020\/12\/loftekjetting-entrack-100x100.jpg 100w, https:\/\/www.entrack.no\/wp-content\/uploads\/2020\/12\/loftekjetting-entrack-300x300.jpg 300w, https:\/\/www.entrack.no\/wp-content\/uploads\/2020\/12\/loftekjetting-entrack-150x150.jpg 150w\" sizes=\"(max-width: 400px) 100vw, 400px\" \/><\/figure><div class=\"elementor-image-box-content\"><h3 class=\"elementor-image-box-title\">Lifting chain<\/h3><\/div><\/div>\t\t\t\t<\/div>\n\t\t\t\t<\/div>\n\t\t\t\t\t<\/div>\n\t\t<\/div>\n\t\t\t\t<div class=\"elementor-column elementor-col-33 elementor-top-column elementor-element elementor-element-422e044\" data-id=\"422e044\" data-element_type=\"column\" data-e-type=\"column\">\n\t\t\t<div class=\"elementor-widget-wrap elementor-element-populated\">\n\t\t\t\t\t\t<div class=\"elementor-element elementor-element-c9bf8a0 elementor-position-top elementor-widget elementor-widget-image-box\" data-id=\"c9bf8a0\" data-element_type=\"widget\" data-e-type=\"widget\" data-widget_type=\"image-box.default\">\n\t\t\t\t<div class=\"elementor-widget-container\">\n\t\t\t\t\t<div class=\"elementor-image-box-wrapper\"><figure class=\"elementor-image-box-img\"><img decoding=\"async\" width=\"400\" height=\"400\" src=\"https:\/\/www.entrack.no\/wp-content\/uploads\/2020\/12\/mykt-lofteutstyr-entrack.jpg\" class=\"attachment-full size-full wp-image-51784\" alt=\"Lifting equipment\" srcset=\"https:\/\/www.entrack.no\/wp-content\/uploads\/2020\/12\/mykt-lofteutstyr-entrack.jpg 400w, https:\/\/www.entrack.no\/wp-content\/uploads\/2020\/12\/mykt-lofteutstyr-entrack-100x100.jpg 100w, https:\/\/www.entrack.no\/wp-content\/uploads\/2020\/12\/mykt-lofteutstyr-entrack-300x300.jpg 300w, https:\/\/www.entrack.no\/wp-content\/uploads\/2020\/12\/mykt-lofteutstyr-entrack-150x150.jpg 150w\" sizes=\"(max-width: 400px) 100vw, 400px\" \/><\/figure><div class=\"elementor-image-box-content\"><h3 class=\"elementor-image-box-title\">Soft lifting equipment<\/h3><\/div><\/div>\t\t\t\t<\/div>\n\t\t\t\t<\/div>\n\t\t\t\t\t<\/div>\n\t\t<\/div>\n\t\t\t\t<div class=\"elementor-column elementor-col-33 elementor-top-column elementor-element elementor-element-204d1b7\" data-id=\"204d1b7\" data-element_type=\"column\" data-e-type=\"column\">\n\t\t\t<div class=\"elementor-widget-wrap elementor-element-populated\">\n\t\t\t\t\t\t<div class=\"elementor-element elementor-element-f9fc78b elementor-position-top elementor-widget elementor-widget-image-box\" data-id=\"f9fc78b\" data-element_type=\"widget\" data-e-type=\"widget\" data-widget_type=\"image-box.default\">\n\t\t\t\t<div class=\"elementor-widget-container\">\n\t\t\t\t\t<div class=\"elementor-image-box-wrapper\"><figure class=\"elementor-image-box-img\"><img decoding=\"async\" width=\"400\" height=\"400\" src=\"https:\/\/www.entrack.no\/wp-content\/uploads\/2020\/12\/pallegafler-entrack.jpg\" class=\"attachment-full size-full wp-image-51785\" alt=\"Lifting equipment\" srcset=\"https:\/\/www.entrack.no\/wp-content\/uploads\/2020\/12\/pallegafler-entrack.jpg 400w, https:\/\/www.entrack.no\/wp-content\/uploads\/2020\/12\/pallegafler-entrack-100x100.jpg 100w, https:\/\/www.entrack.no\/wp-content\/uploads\/2020\/12\/pallegafler-entrack-300x300.jpg 300w, https:\/\/www.entrack.no\/wp-content\/uploads\/2020\/12\/pallegafler-entrack-150x150.jpg 150w\" sizes=\"(max-width: 400px) 100vw, 400px\" \/><\/figure><div class=\"elementor-image-box-content\"><h3 class=\"elementor-image-box-title\">Pallet forks<\/h3><\/div><\/div>\t\t\t\t<\/div>\n\t\t\t\t<\/div>\n\t\t\t\t\t<\/div>\n\t\t<\/div>\n\t\t\t\t\t<\/div>\n\t\t<\/section>\n\t\t\t\t<section class=\"elementor-section elementor-top-section elementor-element elementor-element-51218e3 elementor-section-boxed elementor-section-height-default elementor-section-height-default\" data-id=\"51218e3\" data-element_type=\"section\" data-e-type=\"section\">\n\t\t\t\t\t\t<div class=\"elementor-container elementor-column-gap-default\">\n\t\t\t\t\t<div class=\"elementor-column elementor-col-33 elementor-top-column elementor-element elementor-element-7964822\" data-id=\"7964822\" data-element_type=\"column\" data-e-type=\"column\">\n\t\t\t<div class=\"elementor-widget-wrap elementor-element-populated\">\n\t\t\t\t\t\t<div class=\"elementor-element elementor-element-c41a708 elementor-position-top elementor-widget elementor-widget-image-box\" data-id=\"c41a708\" data-element_type=\"widget\" data-e-type=\"widget\" data-widget_type=\"image-box.default\">\n\t\t\t\t<div class=\"elementor-widget-container\">\n\t\t\t\t\t<div class=\"elementor-image-box-wrapper\"><figure class=\"elementor-image-box-img\"><img loading=\"lazy\" decoding=\"async\" width=\"400\" height=\"400\" src=\"https:\/\/www.entrack.no\/wp-content\/uploads\/2020\/12\/loftepunkter-entrack.jpg\" class=\"attachment-full size-full wp-image-51791\" alt=\"Lifting equipment\" srcset=\"https:\/\/www.entrack.no\/wp-content\/uploads\/2020\/12\/loftepunkter-entrack.jpg 400w, https:\/\/www.entrack.no\/wp-content\/uploads\/2020\/12\/loftepunkter-entrack-100x100.jpg 100w, https:\/\/www.entrack.no\/wp-content\/uploads\/2020\/12\/loftepunkter-entrack-300x300.jpg 300w, https:\/\/www.entrack.no\/wp-content\/uploads\/2020\/12\/loftepunkter-entrack-150x150.jpg 150w\" sizes=\"(max-width: 400px) 100vw, 400px\" \/><\/figure><div class=\"elementor-image-box-content\"><h3 class=\"elementor-image-box-title\">Lifting points<\/h3><\/div><\/div>\t\t\t\t<\/div>\n\t\t\t\t<\/div>\n\t\t\t\t\t<\/div>\n\t\t<\/div>\n\t\t\t\t<div class=\"elementor-column elementor-col-33 elementor-top-column elementor-element elementor-element-6f7e5a2\" data-id=\"6f7e5a2\" data-element_type=\"column\" data-e-type=\"column\">\n\t\t\t<div class=\"elementor-widget-wrap elementor-element-populated\">\n\t\t\t\t\t\t<div class=\"elementor-element elementor-element-c385a1d elementor-position-top elementor-widget elementor-widget-image-box\" data-id=\"c385a1d\" data-element_type=\"widget\" data-e-type=\"widget\" data-widget_type=\"image-box.default\">\n\t\t\t\t<div class=\"elementor-widget-container\">\n\t\t\t\t\t<div class=\"elementor-image-box-wrapper\"><figure class=\"elementor-image-box-img\"><img loading=\"lazy\" decoding=\"async\" width=\"400\" height=\"400\" src=\"https:\/\/www.entrack.no\/wp-content\/uploads\/2020\/12\/taljer-entrack.jpg\" class=\"attachment-full size-full wp-image-51790\" alt=\"Lifting equipment\" srcset=\"https:\/\/www.entrack.no\/wp-content\/uploads\/2020\/12\/taljer-entrack.jpg 400w, https:\/\/www.entrack.no\/wp-content\/uploads\/2020\/12\/taljer-entrack-100x100.jpg 100w, https:\/\/www.entrack.no\/wp-content\/uploads\/2020\/12\/taljer-entrack-300x300.jpg 300w, https:\/\/www.entrack.no\/wp-content\/uploads\/2020\/12\/taljer-entrack-150x150.jpg 150w\" sizes=\"(max-width: 400px) 100vw, 400px\" \/><\/figure><div class=\"elementor-image-box-content\"><h3 class=\"elementor-image-box-title\">Hoists<\/h3><\/div><\/div>\t\t\t\t<\/div>\n\t\t\t\t<\/div>\n\t\t\t\t\t<\/div>\n\t\t<\/div>\n\t\t\t\t<div class=\"elementor-column elementor-col-33 elementor-top-column elementor-element elementor-element-179b79e\" data-id=\"179b79e\" data-element_type=\"column\" data-e-type=\"column\">\n\t\t\t<div class=\"elementor-widget-wrap elementor-element-populated\">\n\t\t\t\t\t\t<div class=\"elementor-element elementor-element-ce47472 elementor-position-top elementor-widget elementor-widget-image-box\" data-id=\"ce47472\" data-element_type=\"widget\" data-e-type=\"widget\" data-widget_type=\"image-box.default\">\n\t\t\t\t<div class=\"elementor-widget-container\">\n\t\t\t\t\t<div class=\"elementor-image-box-wrapper\"><figure class=\"elementor-image-box-img\"><img loading=\"lazy\" decoding=\"async\" width=\"400\" height=\"400\" src=\"https:\/\/www.entrack.no\/wp-content\/uploads\/2020\/12\/sjakler-entrack.jpg\" class=\"attachment-full size-full wp-image-51792\" alt=\"Lifting equipment\" srcset=\"https:\/\/www.entrack.no\/wp-content\/uploads\/2020\/12\/sjakler-entrack.jpg 400w, https:\/\/www.entrack.no\/wp-content\/uploads\/2020\/12\/sjakler-entrack-100x100.jpg 100w, https:\/\/www.entrack.no\/wp-content\/uploads\/2020\/12\/sjakler-entrack-300x300.jpg 300w, https:\/\/www.entrack.no\/wp-content\/uploads\/2020\/12\/sjakler-entrack-150x150.jpg 150w\" sizes=\"(max-width: 400px) 100vw, 400px\" \/><\/figure><div class=\"elementor-image-box-content\"><h3 class=\"elementor-image-box-title\">Shackles<\/h3><\/div><\/div>\t\t\t\t<\/div>\n\t\t\t\t<\/div>\n\t\t\t\t\t<\/div>\n\t\t<\/div>\n\t\t\t\t\t<\/div>\n\t\t<\/section>\n\t\t\t\t<section class=\"elementor-section elementor-top-section elementor-element elementor-element-22b63a5 elementor-section-boxed elementor-section-height-default elementor-section-height-default\" data-id=\"22b63a5\" data-element_type=\"section\" data-e-type=\"section\">\n\t\t\t\t\t\t<div class=\"elementor-container elementor-column-gap-default\">\n\t\t\t\t\t<div class=\"elementor-column elementor-col-33 elementor-top-column elementor-element elementor-element-1485903\" data-id=\"1485903\" data-element_type=\"column\" data-e-type=\"column\">\n\t\t\t<div class=\"elementor-widget-wrap elementor-element-populated\">\n\t\t\t\t\t\t<div class=\"elementor-element elementor-element-c7e271e elementor-position-top elementor-widget elementor-widget-image-box\" data-id=\"c7e271e\" data-element_type=\"widget\" data-e-type=\"widget\" data-widget_type=\"image-box.default\">\n\t\t\t\t<div class=\"elementor-widget-container\">\n\t\t\t\t\t<div class=\"elementor-image-box-wrapper\"><figure class=\"elementor-image-box-img\"><img loading=\"lazy\" decoding=\"async\" width=\"400\" height=\"400\" src=\"https:\/\/www.entrack.no\/wp-content\/uploads\/2020\/12\/lofteak-entrack.jpg\" class=\"attachment-full size-full wp-image-51793\" alt=\"Lifting equipment\" srcset=\"https:\/\/www.entrack.no\/wp-content\/uploads\/2020\/12\/lofteak-entrack.jpg 400w, https:\/\/www.entrack.no\/wp-content\/uploads\/2020\/12\/lofteak-entrack-100x100.jpg 100w, https:\/\/www.entrack.no\/wp-content\/uploads\/2020\/12\/lofteak-entrack-300x300.jpg 300w, https:\/\/www.entrack.no\/wp-content\/uploads\/2020\/12\/lofteak-entrack-150x150.jpg 150w\" sizes=\"(max-width: 400px) 100vw, 400px\" \/><\/figure><div class=\"elementor-image-box-content\"><h3 class=\"elementor-image-box-title\">Lifting yoke - Clamps<\/h3><\/div><\/div>\t\t\t\t<\/div>\n\t\t\t\t<\/div>\n\t\t\t\t\t<\/div>\n\t\t<\/div>\n\t\t\t\t<div class=\"elementor-column elementor-col-33 elementor-top-column elementor-element elementor-element-2504e5e\" data-id=\"2504e5e\" data-element_type=\"column\" data-e-type=\"column\">\n\t\t\t<div class=\"elementor-widget-wrap elementor-element-populated\">\n\t\t\t\t\t\t<div class=\"elementor-element elementor-element-3cd0c9b elementor-position-top elementor-widget elementor-widget-image-box\" data-id=\"3cd0c9b\" data-element_type=\"widget\" data-e-type=\"widget\" data-widget_type=\"image-box.default\">\n\t\t\t\t<div class=\"elementor-widget-container\">\n\t\t\t\t\t<div class=\"elementor-image-box-wrapper\"><figure class=\"elementor-image-box-img\"><img loading=\"lazy\" decoding=\"async\" width=\"400\" height=\"400\" src=\"https:\/\/www.entrack.no\/wp-content\/uploads\/2020\/12\/plateklyper-entrack.jpg\" class=\"attachment-full size-full wp-image-51794\" alt=\"Lifting equipment\" srcset=\"https:\/\/www.entrack.no\/wp-content\/uploads\/2020\/12\/plateklyper-entrack.jpg 400w, https:\/\/www.entrack.no\/wp-content\/uploads\/2020\/12\/plateklyper-entrack-100x100.jpg 100w, https:\/\/www.entrack.no\/wp-content\/uploads\/2020\/12\/plateklyper-entrack-300x300.jpg 300w, https:\/\/www.entrack.no\/wp-content\/uploads\/2020\/12\/plateklyper-entrack-150x150.jpg 150w\" sizes=\"(max-width: 400px) 100vw, 400px\" \/><\/figure><div class=\"elementor-image-box-content\"><h3 class=\"elementor-image-box-title\">Plate clamps<\/h3><\/div><\/div>\t\t\t\t<\/div>\n\t\t\t\t<\/div>\n\t\t\t\t\t<\/div>\n\t\t<\/div>\n\t\t\t\t<div class=\"elementor-column elementor-col-33 elementor-top-column elementor-element elementor-element-d05d959\" data-id=\"d05d959\" data-element_type=\"column\" data-e-type=\"column\">\n\t\t\t<div class=\"elementor-widget-wrap elementor-element-populated\">\n\t\t\t\t\t\t<div class=\"elementor-element elementor-element-d33e167 elementor-position-top elementor-widget elementor-widget-image-box\" data-id=\"d33e167\" data-element_type=\"widget\" data-e-type=\"widget\" data-widget_type=\"image-box.default\">\n\t\t\t\t<div class=\"elementor-widget-container\">\n\t\t\t\t\t<div class=\"elementor-image-box-wrapper\"><figure class=\"elementor-image-box-img\"><img loading=\"lazy\" decoding=\"async\" width=\"400\" height=\"400\" src=\"https:\/\/www.entrack.no\/wp-content\/uploads\/2020\/12\/personkurv-entrack.jpg\" class=\"attachment-full size-full wp-image-51795\" alt=\"Lifting equipment\" srcset=\"https:\/\/www.entrack.no\/wp-content\/uploads\/2020\/12\/personkurv-entrack.jpg 400w, https:\/\/www.entrack.no\/wp-content\/uploads\/2020\/12\/personkurv-entrack-100x100.jpg 100w, https:\/\/www.entrack.no\/wp-content\/uploads\/2020\/12\/personkurv-entrack-300x300.jpg 300w, https:\/\/www.entrack.no\/wp-content\/uploads\/2020\/12\/personkurv-entrack-150x150.jpg 150w\" sizes=\"(max-width: 400px) 100vw, 400px\" \/><\/figure><div class=\"elementor-image-box-content\"><h3 class=\"elementor-image-box-title\">Peron basket crane<\/h3><\/div><\/div>\t\t\t\t<\/div>\n\t\t\t\t<\/div>\n\t\t\t\t\t<\/div>\n\t\t<\/div>\n\t\t\t\t\t<\/div>\n\t\t<\/section>\n\t\t\t\t<section class=\"elementor-section elementor-top-section elementor-element elementor-element-72d89d3 elementor-section-boxed elementor-section-height-default elementor-section-height-default\" data-id=\"72d89d3\" data-element_type=\"section\" data-e-type=\"section\">\n\t\t\t\t\t\t<div class=\"elementor-container elementor-column-gap-default\">\n\t\t\t\t\t<div class=\"elementor-column elementor-col-33 elementor-top-column elementor-element elementor-element-a4c0218\" data-id=\"a4c0218\" data-element_type=\"column\" data-e-type=\"column\">\n\t\t\t<div class=\"elementor-widget-wrap elementor-element-populated\">\n\t\t\t\t\t\t<div class=\"elementor-element elementor-element-18f0839 elementor-position-top elementor-widget elementor-widget-image-box\" data-id=\"18f0839\" data-element_type=\"widget\" data-e-type=\"widget\" data-widget_type=\"image-box.default\">\n\t\t\t\t<div class=\"elementor-widget-container\">\n\t\t\t\t\t<div class=\"elementor-image-box-wrapper\"><figure class=\"elementor-image-box-img\"><img loading=\"lazy\" decoding=\"async\" width=\"400\" height=\"400\" src=\"https:\/\/www.entrack.no\/wp-content\/uploads\/2020\/12\/magnetloftere-entrack.jpg\" class=\"attachment-full size-full wp-image-51796\" alt=\"Magnetic ceilings in different sizes\" srcset=\"https:\/\/www.entrack.no\/wp-content\/uploads\/2020\/12\/magnetloftere-entrack.jpg 400w, https:\/\/www.entrack.no\/wp-content\/uploads\/2020\/12\/magnetloftere-entrack-100x100.jpg 100w, https:\/\/www.entrack.no\/wp-content\/uploads\/2020\/12\/magnetloftere-entrack-300x300.jpg 300w, https:\/\/www.entrack.no\/wp-content\/uploads\/2020\/12\/magnetloftere-entrack-150x150.jpg 150w\" sizes=\"(max-width: 400px) 100vw, 400px\" \/><\/figure><div class=\"elementor-image-box-content\"><h3 class=\"elementor-image-box-title\">Magnetic lifters<\/h3><\/div><\/div>\t\t\t\t<\/div>\n\t\t\t\t<\/div>\n\t\t\t\t\t<\/div>\n\t\t<\/div>\n\t\t\t\t<div class=\"elementor-column elementor-col-33 elementor-top-column elementor-element elementor-element-ac1a882\" data-id=\"ac1a882\" data-element_type=\"column\" data-e-type=\"column\">\n\t\t\t<div class=\"elementor-widget-wrap elementor-element-populated\">\n\t\t\t\t\t\t<div class=\"elementor-element elementor-element-a468982 elementor-position-top elementor-widget elementor-widget-image-box\" data-id=\"a468982\" data-element_type=\"widget\" data-e-type=\"widget\" data-widget_type=\"image-box.default\">\n\t\t\t\t<div class=\"elementor-widget-container\">\n\t\t\t\t\t<div class=\"elementor-image-box-wrapper\"><figure class=\"elementor-image-box-img\"><img loading=\"lazy\" decoding=\"async\" width=\"400\" height=\"400\" src=\"https:\/\/www.entrack.no\/wp-content\/uploads\/2020\/12\/automatkroker-entrack.jpg\" class=\"attachment-full size-full wp-image-51797\" alt=\"\" srcset=\"https:\/\/www.entrack.no\/wp-content\/uploads\/2020\/12\/automatkroker-entrack.jpg 400w, https:\/\/www.entrack.no\/wp-content\/uploads\/2020\/12\/automatkroker-entrack-100x100.jpg 100w, https:\/\/www.entrack.no\/wp-content\/uploads\/2020\/12\/automatkroker-entrack-300x300.jpg 300w, https:\/\/www.entrack.no\/wp-content\/uploads\/2020\/12\/automatkroker-entrack-150x150.jpg 150w\" sizes=\"(max-width: 400px) 100vw, 400px\" \/><\/figure><div class=\"elementor-image-box-content\"><h3 class=\"elementor-image-box-title\">Vending machine hooks<\/h3><\/div><\/div>\t\t\t\t<\/div>\n\t\t\t\t<\/div>\n\t\t\t\t\t<\/div>\n\t\t<\/div>\n\t\t\t\t<div class=\"elementor-column elementor-col-33 elementor-top-column elementor-element elementor-element-5875bea\" data-id=\"5875bea\" data-element_type=\"column\" data-e-type=\"column\">\n\t\t\t<div class=\"elementor-widget-wrap elementor-element-populated\">\n\t\t\t\t\t\t<div class=\"elementor-element elementor-element-d44c2a5 elementor-position-top elementor-widget elementor-widget-image-box\" data-id=\"d44c2a5\" data-element_type=\"widget\" data-e-type=\"widget\" data-widget_type=\"image-box.default\">\n\t\t\t\t<div class=\"elementor-widget-container\">\n\t\t\t\t\t<div class=\"elementor-image-box-wrapper\"><figure class=\"elementor-image-box-img\"><img loading=\"lazy\" decoding=\"async\" width=\"400\" height=\"400\" src=\"https:\/\/www.entrack.no\/wp-content\/uploads\/2020\/12\/wire-entrack.jpg\" class=\"attachment-full size-full wp-image-51798\" alt=\"Wire\" srcset=\"https:\/\/www.entrack.no\/wp-content\/uploads\/2020\/12\/wire-entrack.jpg 400w, https:\/\/www.entrack.no\/wp-content\/uploads\/2020\/12\/wire-entrack-100x100.jpg 100w, https:\/\/www.entrack.no\/wp-content\/uploads\/2020\/12\/wire-entrack-300x300.jpg 300w, https:\/\/www.entrack.no\/wp-content\/uploads\/2020\/12\/wire-entrack-150x150.jpg 150w\" sizes=\"(max-width: 400px) 100vw, 400px\" \/><\/figure><div class=\"elementor-image-box-content\"><h3 class=\"elementor-image-box-title\">Div. wire for lifting<\/h3><\/div><\/div>\t\t\t\t<\/div>\n\t\t\t\t<\/div>\n\t\t\t\t\t<\/div>\n\t\t<\/div>\n\t\t\t\t\t<\/div>\n\t\t<\/section>\n\t\t\t\t<\/div>\n\t\t<span class=\"et_bloom_bottom_trigger\"><\/span>","protected":false},"excerpt":{"rendered":"<p>L\u00f8fteutstyr: Sikkerhet og effektivitet for alle l\u00f8ftebehov N\u00e5r det kommer til industrielle og byggeplassaktiviteter, er l\u00f8fteutstyr en kritisk komponent for \u00e5 sikre at jobben blir utf\u00f8rt sikkert og effektivt. Med riktig l\u00f8fteutstyr kan du forhindre ulykker, \u00f8ke produktiviteten og sikre at lasten blir h\u00e5ndtert korrekt. Hvorfor Velge Entrack&#8217;s L\u00f8fteutstyr? Allsidighet: Vi tilbyr et bredt spekter [&hellip;]<\/p>\n","protected":false},"author":1,"featured_media":51783,"parent":0,"menu_order":0,"comment_status":"closed","ping_status":"closed","template":"","meta":{"_acf_changed":false,"footnotes":""},"class_list":["post-51780","page","type-page","status-publish","has-post-thumbnail","hentry"],"acf":[],"_links":{"self":[{"href":"https:\/\/www.entrack.no\/en\/wp-json\/wp\/v2\/pages\/51780","targetHints":{"allow":["GET"]}}],"collection":[{"href":"https:\/\/www.entrack.no\/en\/wp-json\/wp\/v2\/pages"}],"about":[{"href":"https:\/\/www.entrack.no\/en\/wp-json\/wp\/v2\/types\/page"}],"author":[{"embeddable":true,"href":"https:\/\/www.entrack.no\/en\/wp-json\/wp\/v2\/users\/1"}],"replies":[{"embeddable":true,"href":"https:\/\/www.entrack.no\/en\/wp-json\/wp\/v2\/comments?post=51780"}],"version-history":[{"count":3,"href":"https:\/\/www.entrack.no\/en\/wp-json\/wp\/v2\/pages\/51780\/revisions"}],"predecessor-version":[{"id":63949,"href":"https:\/\/www.entrack.no\/en\/wp-json\/wp\/v2\/pages\/51780\/revisions\/63949"}],"wp:featuredmedia":[{"embeddable":true,"href":"https:\/\/www.entrack.no\/en\/wp-json\/wp\/v2\/media\/51783"}],"wp:attachment":[{"href":"https:\/\/www.entrack.no\/en\/wp-json\/wp\/v2\/media?parent=51780"}],"curies":[{"name":"wp","href":"https:\/\/api.w.org\/{rel}","templated":true}]}}