{"id":51714,"date":"2020-12-02T13:48:26","date_gmt":"2020-12-02T12:48:26","guid":{"rendered":"https:\/\/www.entrack.no\/?page_id=51714"},"modified":"2025-11-18T13:55:24","modified_gmt":"2025-11-18T12:55:24","slug":"parts-and-accessories","status":"publish","type":"page","link":"https:\/\/www.entrack.no\/en\/deler-og-tilbehor\/","title":{"rendered":"Parts and accessories"},"content":{"rendered":"<div data-elementor-type=\"wp-post\" data-elementor-id=\"51714\" class=\"elementor elementor-51714\" data-elementor-post-type=\"page\">\n\t\t\t\t\t\t<section class=\"elementor-section elementor-top-section elementor-element elementor-element-360b3de elementor-section-boxed elementor-section-height-default elementor-section-height-default\" data-id=\"360b3de\" data-element_type=\"section\" data-e-type=\"section\">\n\t\t\t\t\t\t<div class=\"elementor-container elementor-column-gap-default\">\n\t\t\t\t\t<div class=\"elementor-column elementor-col-100 elementor-top-column elementor-element elementor-element-7faaba2\" data-id=\"7faaba2\" data-element_type=\"column\" data-e-type=\"column\">\n\t\t\t<div class=\"elementor-widget-wrap elementor-element-populated\">\n\t\t\t\t\t\t<div class=\"elementor-element elementor-element-415d2e1 elementor-widget elementor-widget-heading\" data-id=\"415d2e1\" data-element_type=\"widget\" data-e-type=\"widget\" data-widget_type=\"heading.default\">\n\t\t\t\t<div class=\"elementor-widget-container\">\n\t\t\t\t\t<h1 class=\"elementor-heading-title elementor-size-default\">Parts for excavators<\/h1>\t\t\t\t<\/div>\n\t\t\t\t<\/div>\n\t\t\t\t<div class=\"elementor-element elementor-element-8752e13 elementor-widget elementor-widget-text-editor\" data-id=\"8752e13\" data-element_type=\"widget\" data-e-type=\"widget\" data-widget_type=\"text-editor.default\">\n\t\t\t\t<div class=\"elementor-widget-container\">\n\t\t\t\t\t\t\t\t\t<p>Entrack has a wide range of spare parts and accessories for your construction machinery. From durable belts and robust plough steel to precise Kobelco spare parts and efficient ITR hammers, our range has been carefully selected to meet the specific needs of your machines. Whether you're looking for used parts, wear steel and teeth, or specialised hand tools, we have everything you need to keep your fleet in top condition.<\/p>\t\t\t\t\t\t\t\t<\/div>\n\t\t\t\t<\/div>\n\t\t\t\t<div class=\"elementor-element elementor-element-80756c4 elementor-widget elementor-widget-heading\" data-id=\"80756c4\" data-element_type=\"widget\" data-e-type=\"widget\" data-widget_type=\"heading.default\">\n\t\t\t\t<div class=\"elementor-widget-container\">\n\t\t\t\t\t<h2 class=\"elementor-heading-title elementor-size-default\">Parts and equipment for wheel loaders<\/h2>\t\t\t\t<\/div>\n\t\t\t\t<\/div>\n\t\t\t\t<div class=\"elementor-element elementor-element-af875ac elementor-widget elementor-widget-text-editor\" data-id=\"af875ac\" data-element_type=\"widget\" data-e-type=\"widget\" data-widget_type=\"text-editor.default\">\n\t\t\t\t<div class=\"elementor-widget-container\">\n\t\t\t\t\t\t\t\t\t<p>Entrack offers everything you need to keep your wheel loaders in top condition. We have a wide range of spare parts and accessories, durable steel, hydraulic hoses, tyres and rims, starter motors, alternators, filters, lights and tools. We are committed to offering fast delivery and competitive prices.<\/p>\t\t\t\t\t\t\t\t<\/div>\n\t\t\t\t<\/div>\n\t\t\t\t<div class=\"elementor-element elementor-element-3421c75 elementor-widget elementor-widget-text-editor\" data-id=\"3421c75\" data-element_type=\"widget\" data-e-type=\"widget\" data-widget_type=\"text-editor.default\">\n\t\t\t\t<div class=\"elementor-widget-container\">\n\t\t\t\t\t\t\t\t\t<p>We sell original parts to customers throughout Norway. If we have the machine's <span style=\"text-decoration: underline;\">serial number<\/span> we know exactly which part you need. We share our expertise with our service department if there are any technical questions.<\/p><p><a href=\"https:\/\/www.entrack.no\/en\/divider\/spare-parts-kobelco\/\">Click here for Kobelco spare parts<\/a><br \/><a href=\"https:\/\/www.entrack.no\/en\/divider\/spare-parts-for-kramer\/\">Click here for Kramer spare parts<\/a><br \/><a href=\"https:\/\/www.entrack.no\/en\/divider\/spare-parts-for-yanmar\/\">Click here for Yanmar spare parts<\/a><br \/><a href=\"https:\/\/www.entrack.no\/en\/divider\/spare-parts-for-ljungby\/\">Click here for Ljungby spare parts<\/a><br \/><a href=\"https:\/\/www.entrack.no\/en\/repair-parts-itr\/\">Click here for other brands<\/a><br \/><a href=\"https:\/\/www.entrack.no\/en\/divider\/reuse\/\">Click here for used parts<\/a><\/p>\t\t\t\t\t\t\t\t<\/div>\n\t\t\t\t<\/div>\n\t\t\t\t\t<\/div>\n\t\t<\/div>\n\t\t\t\t\t<\/div>\n\t\t<\/section>\n\t\t\t\t<section class=\"elementor-section elementor-top-section elementor-element elementor-element-37a9cd2 elementor-section-boxed elementor-section-height-default elementor-section-height-default\" data-id=\"37a9cd2\" data-element_type=\"section\" data-e-type=\"section\">\n\t\t\t\t\t\t<div class=\"elementor-container elementor-column-gap-wide\">\n\t\t\t\t\t<div class=\"elementor-column elementor-col-50 elementor-top-column elementor-element elementor-element-c1be3ae\" data-id=\"c1be3ae\" data-element_type=\"column\" data-e-type=\"column\">\n\t\t\t<div class=\"elementor-widget-wrap elementor-element-populated\">\n\t\t\t\t\t\t<div class=\"elementor-element elementor-element-c0a402b elementor-position-top elementor-widget elementor-widget-image-box\" data-id=\"c0a402b\" data-element_type=\"widget\" data-e-type=\"widget\" data-widget_type=\"image-box.default\">\n\t\t\t\t<div class=\"elementor-widget-container\">\n\t\t\t\t\t<div class=\"elementor-image-box-wrapper\"><figure class=\"elementor-image-box-img\"><a href=\"\/en\/divider\/reuse\/\" tabindex=\"-1\"><img fetchpriority=\"high\" decoding=\"async\" width=\"1000\" height=\"600\" src=\"https:\/\/www.entrack.no\/wp-content\/uploads\/2020\/07\/gjenbruk-nytt.jpg\" class=\"attachment-full size-full wp-image-48548\" alt=\"\" srcset=\"https:\/\/www.entrack.no\/wp-content\/uploads\/2020\/07\/gjenbruk-nytt.jpg 1000w, https:\/\/www.entrack.no\/wp-content\/uploads\/2020\/07\/gjenbruk-nytt-800x480.jpg 800w, https:\/\/www.entrack.no\/wp-content\/uploads\/2020\/07\/gjenbruk-nytt-300x180.jpg 300w, https:\/\/www.entrack.no\/wp-content\/uploads\/2020\/07\/gjenbruk-nytt-768x461.jpg 768w, https:\/\/www.entrack.no\/wp-content\/uploads\/2020\/07\/gjenbruk-nytt-610x366.jpg 610w, https:\/\/www.entrack.no\/wp-content\/uploads\/2020\/07\/gjenbruk-nytt-600x360.jpg 600w\" sizes=\"(max-width: 1000px) 100vw, 1000px\" \/><\/a><\/figure><div class=\"elementor-image-box-content\"><h3 class=\"elementor-image-box-title\"><a href=\"\/en\/divider\/reuse\/\">Used parts and equipment<\/a><\/h3><\/div><\/div>\t\t\t\t<\/div>\n\t\t\t\t<\/div>\n\t\t\t\t\t<\/div>\n\t\t<\/div>\n\t\t\t\t<div class=\"elementor-column elementor-col-50 elementor-top-column elementor-element elementor-element-12c249c\" data-id=\"12c249c\" data-element_type=\"column\" data-e-type=\"column\">\n\t\t\t<div class=\"elementor-widget-wrap elementor-element-populated\">\n\t\t\t\t\t\t<div class=\"elementor-element elementor-element-ee117f3 elementor-position-top elementor-widget elementor-widget-image-box\" data-id=\"ee117f3\" data-element_type=\"widget\" data-e-type=\"widget\" data-widget_type=\"image-box.default\">\n\t\t\t\t<div class=\"elementor-widget-container\">\n\t\t\t\t\t<div class=\"elementor-image-box-wrapper\"><figure class=\"elementor-image-box-img\"><a href=\"\/en\/divider\/wear-parts\/\" tabindex=\"-1\"><img decoding=\"async\" width=\"1000\" height=\"600\" src=\"https:\/\/www.entrack.no\/wp-content\/uploads\/2020\/07\/tenner-tannholdere-entrack.jpg\" class=\"attachment-full size-full wp-image-47726\" alt=\"Different tooth holders\" srcset=\"https:\/\/www.entrack.no\/wp-content\/uploads\/2020\/07\/tenner-tannholdere-entrack.jpg 1000w, https:\/\/www.entrack.no\/wp-content\/uploads\/2020\/07\/tenner-tannholdere-entrack-800x480.jpg 800w, https:\/\/www.entrack.no\/wp-content\/uploads\/2020\/07\/tenner-tannholdere-entrack-300x180.jpg 300w, https:\/\/www.entrack.no\/wp-content\/uploads\/2020\/07\/tenner-tannholdere-entrack-768x461.jpg 768w\" sizes=\"(max-width: 1000px) 100vw, 1000px\" \/><\/a><\/figure><div class=\"elementor-image-box-content\"><h3 class=\"elementor-image-box-title\"><a href=\"\/en\/divider\/wear-parts\/\">Wear steel and teeth<\/a><\/h3><\/div><\/div>\t\t\t\t<\/div>\n\t\t\t\t<\/div>\n\t\t\t\t\t<\/div>\n\t\t<\/div>\n\t\t\t\t\t<\/div>\n\t\t<\/section>\n\t\t\t\t<section class=\"elementor-section elementor-top-section elementor-element elementor-element-a57b201 elementor-section-boxed elementor-section-height-default elementor-section-height-default\" data-id=\"a57b201\" data-element_type=\"section\" data-e-type=\"section\">\n\t\t\t\t\t\t<div class=\"elementor-container elementor-column-gap-wide\">\n\t\t\t\t\t<div class=\"elementor-column elementor-col-50 elementor-top-column elementor-element elementor-element-1447947\" data-id=\"1447947\" data-element_type=\"column\" data-e-type=\"column\">\n\t\t\t<div class=\"elementor-widget-wrap elementor-element-populated\">\n\t\t\t\t\t\t<div class=\"elementor-element elementor-element-ae42385 elementor-position-top elementor-widget elementor-widget-image-box\" data-id=\"ae42385\" data-element_type=\"widget\" data-e-type=\"widget\" data-widget_type=\"image-box.default\">\n\t\t\t\t<div class=\"elementor-widget-container\">\n\t\t\t\t\t<div class=\"elementor-image-box-wrapper\"><figure class=\"elementor-image-box-img\"><a href=\"\/en\/divider\/belter\/\" tabindex=\"-1\"><img decoding=\"async\" width=\"500\" height=\"300\" src=\"https:\/\/www.entrack.no\/wp-content\/uploads\/2024\/03\/understell-belter-kat_entrack.jpg\" class=\"attachment-full size-full wp-image-61465\" alt=\"Five rolls with different belts\" srcset=\"https:\/\/www.entrack.no\/wp-content\/uploads\/2024\/03\/understell-belter-kat_entrack.jpg 500w, https:\/\/www.entrack.no\/wp-content\/uploads\/2024\/03\/understell-belter-kat_entrack-300x180.jpg 300w\" sizes=\"(max-width: 500px) 100vw, 500px\" \/><\/a><\/figure><div class=\"elementor-image-box-content\"><h3 class=\"elementor-image-box-title\"><a href=\"\/en\/divider\/belter\/\">Belts and chassis<\/a><\/h3><\/div><\/div>\t\t\t\t<\/div>\n\t\t\t\t<\/div>\n\t\t\t\t\t<\/div>\n\t\t<\/div>\n\t\t\t\t<div class=\"elementor-column elementor-col-50 elementor-top-column elementor-element elementor-element-c95f43b\" data-id=\"c95f43b\" data-element_type=\"column\" data-e-type=\"column\">\n\t\t\t<div class=\"elementor-widget-wrap elementor-element-populated\">\n\t\t\t\t\t\t<div class=\"elementor-element elementor-element-c9bf8a0 elementor-position-top elementor-widget elementor-widget-image-box\" data-id=\"c9bf8a0\" data-element_type=\"widget\" data-e-type=\"widget\" data-widget_type=\"image-box.default\">\n\t\t\t\t<div class=\"elementor-widget-container\">\n\t\t\t\t\t<div class=\"elementor-image-box-wrapper\"><figure class=\"elementor-image-box-img\"><a href=\"\/en\/divider\/broytestal\/\" tabindex=\"-1\"><img loading=\"lazy\" decoding=\"async\" width=\"1000\" height=\"600\" src=\"https:\/\/www.entrack.no\/wp-content\/uploads\/2020\/07\/Vegsta\u030al-NORDVIQ-entrack.jpg\" class=\"attachment-full size-full wp-image-47710\" alt=\"Wall steel from NORDVIQ\" srcset=\"https:\/\/www.entrack.no\/wp-content\/uploads\/2020\/07\/Vegsta\u030al-NORDVIQ-entrack.jpg 1000w, https:\/\/www.entrack.no\/wp-content\/uploads\/2020\/07\/Vegsta\u030al-NORDVIQ-entrack-800x480.jpg 800w, https:\/\/www.entrack.no\/wp-content\/uploads\/2020\/07\/Vegsta\u030al-NORDVIQ-entrack-300x180.jpg 300w, https:\/\/www.entrack.no\/wp-content\/uploads\/2020\/07\/Vegsta\u030al-NORDVIQ-entrack-768x461.jpg 768w\" sizes=\"(max-width: 1000px) 100vw, 1000px\" \/><\/a><\/figure><div class=\"elementor-image-box-content\"><h3 class=\"elementor-image-box-title\"><a href=\"\/en\/divider\/broytestal\/\">Plough steel<\/a><\/h3><\/div><\/div>\t\t\t\t<\/div>\n\t\t\t\t<\/div>\n\t\t\t\t\t<\/div>\n\t\t<\/div>\n\t\t\t\t\t<\/div>\n\t\t<\/section>\n\t\t\t\t<section class=\"elementor-section elementor-top-section elementor-element elementor-element-08898b8 elementor-section-boxed elementor-section-height-default elementor-section-height-default\" data-id=\"08898b8\" data-element_type=\"section\" data-e-type=\"section\">\n\t\t\t\t\t\t<div class=\"elementor-container elementor-column-gap-wide\">\n\t\t\t\t\t<div class=\"elementor-column elementor-col-50 elementor-top-column elementor-element elementor-element-2b43764\" data-id=\"2b43764\" data-element_type=\"column\" data-e-type=\"column\">\n\t\t\t<div class=\"elementor-widget-wrap elementor-element-populated\">\n\t\t\t\t\t\t<div class=\"elementor-element elementor-element-6c622b4 elementor-position-top elementor-widget elementor-widget-image-box\" data-id=\"6c622b4\" data-element_type=\"widget\" data-e-type=\"widget\" data-widget_type=\"image-box.default\">\n\t\t\t\t<div class=\"elementor-widget-container\">\n\t\t\t\t\t<div class=\"elementor-image-box-wrapper\"><figure class=\"elementor-image-box-img\"><a href=\"\/en\/equipment\/glass\/\" tabindex=\"-1\"><img loading=\"lazy\" decoding=\"async\" width=\"1000\" height=\"600\" src=\"https:\/\/www.entrack.no\/wp-content\/uploads\/2020\/07\/glass-ny.jpg\" class=\"attachment-full size-full wp-image-48468\" alt=\"Illustration of new glass for construction machine\" srcset=\"https:\/\/www.entrack.no\/wp-content\/uploads\/2020\/07\/glass-ny.jpg 1000w, https:\/\/www.entrack.no\/wp-content\/uploads\/2020\/07\/glass-ny-800x480.jpg 800w, https:\/\/www.entrack.no\/wp-content\/uploads\/2020\/07\/glass-ny-300x180.jpg 300w, https:\/\/www.entrack.no\/wp-content\/uploads\/2020\/07\/glass-ny-768x461.jpg 768w, https:\/\/www.entrack.no\/wp-content\/uploads\/2020\/07\/glass-ny-610x366.jpg 610w, https:\/\/www.entrack.no\/wp-content\/uploads\/2020\/07\/glass-ny-600x360.jpg 600w\" sizes=\"(max-width: 1000px) 100vw, 1000px\" \/><\/a><\/figure><div class=\"elementor-image-box-content\"><h3 class=\"elementor-image-box-title\"><a href=\"\/en\/equipment\/glass\/\">Glass<\/a><\/h3><\/div><\/div>\t\t\t\t<\/div>\n\t\t\t\t<\/div>\n\t\t\t\t\t<\/div>\n\t\t<\/div>\n\t\t\t\t<div class=\"elementor-column elementor-col-50 elementor-top-column elementor-element elementor-element-bf24ebc\" data-id=\"bf24ebc\" data-element_type=\"column\" data-e-type=\"column\">\n\t\t\t<div class=\"elementor-widget-wrap elementor-element-populated\">\n\t\t\t\t\t\t<div class=\"elementor-element elementor-element-723214a elementor-position-top elementor-widget elementor-widget-image-box\" data-id=\"723214a\" data-element_type=\"widget\" data-e-type=\"widget\" data-widget_type=\"image-box.default\">\n\t\t\t\t<div class=\"elementor-widget-container\">\n\t\t\t\t\t<div class=\"elementor-image-box-wrapper\"><figure class=\"elementor-image-box-img\"><a href=\"https:\/\/www.entrack.no\/en\/divider\/anti-slip-protection\/\" tabindex=\"-1\"><img loading=\"lazy\" decoding=\"async\" width=\"500\" height=\"300\" src=\"https:\/\/www.entrack.no\/wp-content\/uploads\/2023\/02\/sklisikring-gul.jpg\" class=\"attachment-full size-full wp-image-57229\" alt=\"Close-up of anti-skid protection on a machine out in the snow\" srcset=\"https:\/\/www.entrack.no\/wp-content\/uploads\/2023\/02\/sklisikring-gul.jpg 500w, https:\/\/www.entrack.no\/wp-content\/uploads\/2023\/02\/sklisikring-gul-300x180.jpg 300w\" sizes=\"(max-width: 500px) 100vw, 500px\" \/><\/a><\/figure><div class=\"elementor-image-box-content\"><h3 class=\"elementor-image-box-title\"><a href=\"https:\/\/www.entrack.no\/en\/divider\/anti-slip-protection\/\">Anti-slip protection<\/a><\/h3><\/div><\/div>\t\t\t\t<\/div>\n\t\t\t\t<\/div>\n\t\t\t\t\t<\/div>\n\t\t<\/div>\n\t\t\t\t\t<\/div>\n\t\t<\/section>\n\t\t\t\t<section class=\"elementor-section elementor-top-section elementor-element elementor-element-0b288db elementor-section-boxed elementor-section-height-default elementor-section-height-default\" data-id=\"0b288db\" data-element_type=\"section\" data-e-type=\"section\">\n\t\t\t\t\t\t<div class=\"elementor-container elementor-column-gap-wide\">\n\t\t\t\t\t<div class=\"elementor-column elementor-col-50 elementor-top-column elementor-element elementor-element-b574220\" data-id=\"b574220\" data-element_type=\"column\" data-e-type=\"column\">\n\t\t\t<div class=\"elementor-widget-wrap elementor-element-populated\">\n\t\t\t\t\t\t<div class=\"elementor-element elementor-element-4c074d8 elementor-position-top elementor-widget elementor-widget-image-box\" data-id=\"4c074d8\" data-element_type=\"widget\" data-e-type=\"widget\" data-widget_type=\"image-box.default\">\n\t\t\t\t<div class=\"elementor-widget-container\">\n\t\t\t\t\t<div class=\"elementor-image-box-wrapper\"><figure class=\"elementor-image-box-img\"><a href=\"\/en\/divider\/itr-hammers\/\" tabindex=\"-1\"><img loading=\"lazy\" decoding=\"async\" width=\"1000\" height=\"600\" src=\"https:\/\/www.entrack.no\/wp-content\/uploads\/2020\/07\/itr-hammer.jpg\" class=\"attachment-full size-full wp-image-48531\" alt=\"Product image of ITR hammers\" srcset=\"https:\/\/www.entrack.no\/wp-content\/uploads\/2020\/07\/itr-hammer.jpg 1000w, https:\/\/www.entrack.no\/wp-content\/uploads\/2020\/07\/itr-hammer-800x480.jpg 800w, https:\/\/www.entrack.no\/wp-content\/uploads\/2020\/07\/itr-hammer-300x180.jpg 300w, https:\/\/www.entrack.no\/wp-content\/uploads\/2020\/07\/itr-hammer-768x461.jpg 768w, https:\/\/www.entrack.no\/wp-content\/uploads\/2020\/07\/itr-hammer-610x366.jpg 610w, https:\/\/www.entrack.no\/wp-content\/uploads\/2020\/07\/itr-hammer-600x360.jpg 600w\" sizes=\"(max-width: 1000px) 100vw, 1000px\" \/><\/a><\/figure><div class=\"elementor-image-box-content\"><h3 class=\"elementor-image-box-title\"><a href=\"\/en\/divider\/itr-hammers\/\">ITR hammer<\/a><\/h3><\/div><\/div>\t\t\t\t<\/div>\n\t\t\t\t<\/div>\n\t\t\t\t\t<\/div>\n\t\t<\/div>\n\t\t\t\t<div class=\"elementor-column elementor-col-50 elementor-top-column elementor-element elementor-element-476136e\" data-id=\"476136e\" data-element_type=\"column\" data-e-type=\"column\">\n\t\t\t<div class=\"elementor-widget-wrap elementor-element-populated\">\n\t\t\t\t\t\t<div class=\"elementor-element elementor-element-6a29930 elementor-position-top elementor-widget elementor-widget-image-box\" data-id=\"6a29930\" data-element_type=\"widget\" data-e-type=\"widget\" data-widget_type=\"image-box.default\">\n\t\t\t\t<div class=\"elementor-widget-container\">\n\t\t\t\t\t<div class=\"elementor-image-box-wrapper\"><figure class=\"elementor-image-box-img\"><a href=\"\/en\/divider\/battery\/\" tabindex=\"-1\"><img loading=\"lazy\" decoding=\"async\" width=\"500\" height=\"300\" src=\"https:\/\/www.entrack.no\/wp-content\/uploads\/2020\/12\/banner-batteri.jpg\" class=\"attachment-full size-full wp-image-51725\" alt=\"\" srcset=\"https:\/\/www.entrack.no\/wp-content\/uploads\/2020\/12\/banner-batteri.jpg 500w, https:\/\/www.entrack.no\/wp-content\/uploads\/2020\/12\/banner-batteri-300x180.jpg 300w\" sizes=\"(max-width: 500px) 100vw, 500px\" \/><\/a><\/figure><div class=\"elementor-image-box-content\"><h3 class=\"elementor-image-box-title\"><a href=\"\/en\/divider\/battery\/\">Batteries and jump starters<\/a><\/h3><\/div><\/div>\t\t\t\t<\/div>\n\t\t\t\t<\/div>\n\t\t\t\t\t<\/div>\n\t\t<\/div>\n\t\t\t\t\t<\/div>\n\t\t<\/section>\n\t\t\t\t<section class=\"elementor-section elementor-top-section elementor-element elementor-element-0d200af elementor-section-boxed elementor-section-height-default elementor-section-height-default\" data-id=\"0d200af\" data-element_type=\"section\" data-e-type=\"section\">\n\t\t\t\t\t\t<div class=\"elementor-container elementor-column-gap-default\">\n\t\t\t\t\t<div class=\"elementor-column elementor-col-50 elementor-top-column elementor-element elementor-element-c564c58\" data-id=\"c564c58\" data-element_type=\"column\" data-e-type=\"column\">\n\t\t\t<div class=\"elementor-widget-wrap elementor-element-populated\">\n\t\t\t\t\t\t<div class=\"elementor-element elementor-element-4d7431f elementor-position-top elementor-widget elementor-widget-image-box\" data-id=\"4d7431f\" data-element_type=\"widget\" data-e-type=\"widget\" data-widget_type=\"image-box.default\">\n\t\t\t\t<div class=\"elementor-widget-container\">\n\t\t\t\t\t<div class=\"elementor-image-box-wrapper\"><figure class=\"elementor-image-box-img\"><a href=\"\/en\/equipment\/lily\/\" tabindex=\"-1\"><img loading=\"lazy\" decoding=\"async\" width=\"1000\" height=\"600\" src=\"https:\/\/www.entrack.no\/wp-content\/uploads\/2020\/07\/lys.jpg\" class=\"attachment-full size-full wp-image-48551\" alt=\"\" srcset=\"https:\/\/www.entrack.no\/wp-content\/uploads\/2020\/07\/lys.jpg 1000w, https:\/\/www.entrack.no\/wp-content\/uploads\/2020\/07\/lys-800x480.jpg 800w, https:\/\/www.entrack.no\/wp-content\/uploads\/2020\/07\/lys-300x180.jpg 300w, https:\/\/www.entrack.no\/wp-content\/uploads\/2020\/07\/lys-768x461.jpg 768w, https:\/\/www.entrack.no\/wp-content\/uploads\/2020\/07\/lys-610x366.jpg 610w, https:\/\/www.entrack.no\/wp-content\/uploads\/2020\/07\/lys-600x360.jpg 600w\" sizes=\"(max-width: 1000px) 100vw, 1000px\" \/><\/a><\/figure><div class=\"elementor-image-box-content\"><h3 class=\"elementor-image-box-title\"><a href=\"\/en\/equipment\/lily\/\">Lily<\/a><\/h3><\/div><\/div>\t\t\t\t<\/div>\n\t\t\t\t<\/div>\n\t\t\t\t\t<\/div>\n\t\t<\/div>\n\t\t\t\t<div class=\"elementor-column elementor-col-50 elementor-top-column elementor-element elementor-element-8c462e8\" data-id=\"8c462e8\" data-element_type=\"column\" data-e-type=\"column\">\n\t\t\t<div class=\"elementor-widget-wrap elementor-element-populated\">\n\t\t\t\t\t\t<div class=\"elementor-element elementor-element-181a594 elementor-position-top elementor-widget elementor-widget-image-box\" data-id=\"181a594\" data-element_type=\"widget\" data-e-type=\"widget\" data-widget_type=\"image-box.default\">\n\t\t\t\t<div class=\"elementor-widget-container\">\n\t\t\t\t\t<div class=\"elementor-image-box-wrapper\"><figure class=\"elementor-image-box-img\"><a href=\"\/en\/equipment\/hand-tools\/\" tabindex=\"-1\"><img loading=\"lazy\" decoding=\"async\" width=\"1000\" height=\"600\" src=\"https:\/\/www.entrack.no\/wp-content\/uploads\/2020\/07\/handverktoy-luna.jpg\" class=\"attachment-full size-full wp-image-48512\" alt=\"Close-up of a seaweed from Luna\" srcset=\"https:\/\/www.entrack.no\/wp-content\/uploads\/2020\/07\/handverktoy-luna.jpg 1000w, https:\/\/www.entrack.no\/wp-content\/uploads\/2020\/07\/handverktoy-luna-800x480.jpg 800w, https:\/\/www.entrack.no\/wp-content\/uploads\/2020\/07\/handverktoy-luna-300x180.jpg 300w, https:\/\/www.entrack.no\/wp-content\/uploads\/2020\/07\/handverktoy-luna-768x461.jpg 768w, https:\/\/www.entrack.no\/wp-content\/uploads\/2020\/07\/handverktoy-luna-610x366.jpg 610w, https:\/\/www.entrack.no\/wp-content\/uploads\/2020\/07\/handverktoy-luna-600x360.jpg 600w\" sizes=\"(max-width: 1000px) 100vw, 1000px\" \/><\/a><\/figure><div class=\"elementor-image-box-content\"><h3 class=\"elementor-image-box-title\"><a href=\"\/en\/equipment\/hand-tools\/\">Hand tools<\/a><\/h3><\/div><\/div>\t\t\t\t<\/div>\n\t\t\t\t<\/div>\n\t\t\t\t\t<\/div>\n\t\t<\/div>\n\t\t\t\t\t<\/div>\n\t\t<\/section>\n\t\t\t\t<\/div>\n\t\t<span class=\"et_bloom_bottom_trigger\"><\/span>","protected":false},"excerpt":{"rendered":"<p>Deler til gravemaskin Entrack har et bredt spekter av reservedeler og tilbeh\u00f8r tilpasset dine anleggsmaskiner. Fra slitesterke belter og robuste br\u00f8ytest\u00e5l til presise Kobelco reservedeler og effektive ITR hammere, v\u00e5rt sortiment er n\u00f8ye utvalgt for \u00e5 m\u00f8te dine maskiners spesifikke behov. Enten du leter etter brukte deler, slitest\u00e5l og tenner, eller spesialisert h\u00e5ndverkt\u00f8y, har vi [&hellip;]<\/p>\n","protected":false},"author":1,"featured_media":48548,"parent":0,"menu_order":0,"comment_status":"closed","ping_status":"closed","template":"","meta":{"_acf_changed":false,"footnotes":""},"class_list":["post-51714","page","type-page","status-publish","has-post-thumbnail","hentry"],"acf":[],"_links":{"self":[{"href":"https:\/\/www.entrack.no\/en\/wp-json\/wp\/v2\/pages\/51714","targetHints":{"allow":["GET"]}}],"collection":[{"href":"https:\/\/www.entrack.no\/en\/wp-json\/wp\/v2\/pages"}],"about":[{"href":"https:\/\/www.entrack.no\/en\/wp-json\/wp\/v2\/types\/page"}],"author":[{"embeddable":true,"href":"https:\/\/www.entrack.no\/en\/wp-json\/wp\/v2\/users\/1"}],"replies":[{"embeddable":true,"href":"https:\/\/www.entrack.no\/en\/wp-json\/wp\/v2\/comments?post=51714"}],"version-history":[{"count":5,"href":"https:\/\/www.entrack.no\/en\/wp-json\/wp\/v2\/pages\/51714\/revisions"}],"predecessor-version":[{"id":65302,"href":"https:\/\/www.entrack.no\/en\/wp-json\/wp\/v2\/pages\/51714\/revisions\/65302"}],"wp:featuredmedia":[{"embeddable":true,"href":"https:\/\/www.entrack.no\/en\/wp-json\/wp\/v2\/media\/48548"}],"wp:attachment":[{"href":"https:\/\/www.entrack.no\/en\/wp-json\/wp\/v2\/media?parent=51714"}],"curies":[{"name":"wp","href":"https:\/\/api.w.org\/{rel}","templated":true}]}}