{"id":51593,"date":"2020-11-30T09:03:41","date_gmt":"2020-11-30T08:03:41","guid":{"rendered":"https:\/\/www.entrack.no\/?page_id=51593"},"modified":"2025-11-11T21:55:34","modified_gmt":"2025-11-11T20:55:34","slug":"anti-slip-protection","status":"publish","type":"page","link":"https:\/\/www.entrack.no\/en\/deler\/sklisikring\/","title":{"rendered":"Anti-slip protection"},"content":{"rendered":"<div data-elementor-type=\"wp-post\" data-elementor-id=\"51593\" class=\"elementor elementor-51593\" data-elementor-post-type=\"page\">\n\t\t\t\t\t\t<section class=\"elementor-section elementor-top-section elementor-element elementor-element-360b3de elementor-section-boxed elementor-section-height-default elementor-section-height-default\" data-id=\"360b3de\" data-element_type=\"section\" data-e-type=\"section\">\n\t\t\t\t\t\t<div class=\"elementor-container elementor-column-gap-default\">\n\t\t\t\t\t<div class=\"elementor-column elementor-col-100 elementor-top-column elementor-element elementor-element-7faaba2\" data-id=\"7faaba2\" data-element_type=\"column\" data-e-type=\"column\">\n\t\t\t<div class=\"elementor-widget-wrap elementor-element-populated\">\n\t\t\t\t\t\t<div class=\"elementor-element elementor-element-415d2e1 elementor-widget elementor-widget-heading\" data-id=\"415d2e1\" data-element_type=\"widget\" data-e-type=\"widget\" data-widget_type=\"heading.default\">\n\t\t\t\t<div class=\"elementor-widget-container\">\n\t\t\t\t\t<h1 class=\"elementor-heading-title elementor-size-default\">Anti-slip protection<\/h1>\t\t\t\t<\/div>\n\t\t\t\t<\/div>\n\t\t\t\t\t<\/div>\n\t\t<\/div>\n\t\t\t\t\t<\/div>\n\t\t<\/section>\n\t\t\t\t<section class=\"elementor-section elementor-top-section elementor-element elementor-element-9c62038 elementor-section-boxed elementor-section-height-default elementor-section-height-default\" data-id=\"9c62038\" data-element_type=\"section\" data-e-type=\"section\">\n\t\t\t\t\t\t<div class=\"elementor-container elementor-column-gap-default\">\n\t\t\t\t\t<div class=\"elementor-column elementor-col-100 elementor-top-column elementor-element elementor-element-50a1352\" data-id=\"50a1352\" data-element_type=\"column\" data-e-type=\"column\">\n\t\t\t<div class=\"elementor-widget-wrap elementor-element-populated\">\n\t\t\t\t\t\t<div class=\"elementor-element elementor-element-2b43aa2 elementor-widget elementor-widget-text-editor\" data-id=\"2b43aa2\" data-element_type=\"widget\" data-e-type=\"widget\" data-widget_type=\"text-editor.default\">\n\t\t\t\t<div class=\"elementor-widget-container\">\n\t\t\t\t\t\t\t\t\t<p><strong>Good slip protection is essential to ensure safe operation on slippery surfaces. It's a simple and affordable way to avoid damage to machinery, rollovers and other serious incidents.<\/strong><\/p>\t\t\t\t\t\t\t\t<\/div>\n\t\t\t\t<\/div>\n\t\t\t\t\t<\/div>\n\t\t<\/div>\n\t\t\t\t\t<\/div>\n\t\t<\/section>\n\t\t\t\t<section class=\"elementor-section elementor-top-section elementor-element elementor-element-37a9cd2 elementor-section-boxed elementor-section-height-default elementor-section-height-default\" data-id=\"37a9cd2\" data-element_type=\"section\" data-e-type=\"section\">\n\t\t\t\t\t\t<div class=\"elementor-container elementor-column-gap-wide\">\n\t\t\t\t\t<div class=\"elementor-column elementor-col-50 elementor-top-column elementor-element elementor-element-c1be3ae\" data-id=\"c1be3ae\" data-element_type=\"column\" data-e-type=\"column\">\n\t\t\t<div class=\"elementor-widget-wrap elementor-element-populated\">\n\t\t\t\t\t\t<div class=\"elementor-element elementor-element-c0a402b elementor-position-top elementor-widget elementor-widget-image-box\" data-id=\"c0a402b\" data-element_type=\"widget\" data-e-type=\"widget\" data-widget_type=\"image-box.default\">\n\t\t\t\t<div class=\"elementor-widget-container\">\n\t\t\t\t\t<div class=\"elementor-image-box-wrapper\"><figure class=\"elementor-image-box-img\"><img fetchpriority=\"high\" decoding=\"async\" width=\"500\" height=\"300\" src=\"https:\/\/www.entrack.no\/wp-content\/uploads\/2023\/02\/sklisikring-gul.jpg\" class=\"attachment-full size-full wp-image-57229\" alt=\"Close-up of anti-skid protection on a machine out in the snow\" srcset=\"https:\/\/www.entrack.no\/wp-content\/uploads\/2023\/02\/sklisikring-gul.jpg 500w, https:\/\/www.entrack.no\/wp-content\/uploads\/2023\/02\/sklisikring-gul-300x180.jpg 300w\" sizes=\"(max-width: 500px) 100vw, 500px\" \/><\/figure><div class=\"elementor-image-box-content\"><h3 class=\"elementor-image-box-title\">ISYON slip guard<\/h3><p class=\"elementor-image-box-description\"><p>\nISYON SKLISKYDD is an effective solution for anti-slip protection. This can easily be fitted to most tracked machines that have 3-chamber steel belts. ISYON is cut from a solid HARDOX steel plate and is both robust and easy to install and remove. Before ordering, you must measure the thickness of the belt plate. We have ISYON in stock for 10 mm\/600 mm track pads, but we can supply all thicknesses and widths. The set consists of 8 pieces, and it is recommended to use 2 sets per machine, i.e. 1 set (8 pieces) per belt. <\/p>\n<\/p><\/div><\/div>\t\t\t\t<\/div>\n\t\t\t\t<\/div>\n\t\t\t\t<div class=\"elementor-element elementor-element-42eb3b5 elementor-widget elementor-widget-button\" data-id=\"42eb3b5\" data-element_type=\"widget\" data-e-type=\"widget\" data-widget_type=\"button.default\">\n\t\t\t\t<div class=\"elementor-widget-container\">\n\t\t\t\t\t\t\t\t\t<div class=\"elementor-button-wrapper\">\n\t\t\t\t\t<a class=\"elementor-button elementor-button-link elementor-size-md\" href=\"https:\/\/www.youtube.com\/watch?v=2oGA7gyn6E0&#038;feature=emb_logo\" rel=\"nofollow noopener\" target=\"_blank\">\n\t\t\t\t\t\t<span class=\"elementor-button-content-wrapper\">\n\t\t\t\t\t\t\t\t\t<span class=\"elementor-button-text\">Click here to see the installation of ISYON<\/span>\n\t\t\t\t\t<\/span>\n\t\t\t\t\t<\/a>\n\t\t\t\t<\/div>\n\t\t\t\t\t\t\t\t<\/div>\n\t\t\t\t<\/div>\n\t\t\t\t<div class=\"elementor-element elementor-element-68082c4 elementor-widget elementor-widget-image\" data-id=\"68082c4\" data-element_type=\"widget\" data-e-type=\"widget\" data-widget_type=\"image.default\">\n\t\t\t\t<div class=\"elementor-widget-container\">\n\t\t\t\t\t\t\t\t\t\t\t\t\t\t\t<img decoding=\"async\" width=\"681\" height=\"244\" src=\"https:\/\/www.entrack.no\/wp-content\/uploads\/2020\/11\/ISYON1_web.jpg\" class=\"attachment-large size-large wp-image-51602\" alt=\"Anti-slip protection\" srcset=\"https:\/\/www.entrack.no\/wp-content\/uploads\/2020\/11\/ISYON1_web.jpg 681w, https:\/\/www.entrack.no\/wp-content\/uploads\/2020\/11\/ISYON1_web-300x107.jpg 300w, https:\/\/www.entrack.no\/wp-content\/uploads\/2020\/11\/ISYON1_web-610x219.jpg 610w, https:\/\/www.entrack.no\/wp-content\/uploads\/2020\/11\/ISYON1_web-600x215.jpg 600w\" sizes=\"(max-width: 681px) 100vw, 681px\" \/>\t\t\t\t\t\t\t\t\t\t\t\t\t\t\t<\/div>\n\t\t\t\t<\/div>\n\t\t\t\t<div class=\"elementor-element elementor-element-7341ad1 elementor-widget elementor-widget-image\" data-id=\"7341ad1\" data-element_type=\"widget\" data-e-type=\"widget\" data-widget_type=\"image.default\">\n\t\t\t\t<div class=\"elementor-widget-container\">\n\t\t\t\t\t\t\t\t\t\t\t\t\t\t\t<img decoding=\"async\" width=\"681\" height=\"244\" src=\"https:\/\/www.entrack.no\/wp-content\/uploads\/2020\/11\/ISYON2_web.jpg\" class=\"attachment-large size-large wp-image-51603\" alt=\"\" srcset=\"https:\/\/www.entrack.no\/wp-content\/uploads\/2020\/11\/ISYON2_web.jpg 681w, https:\/\/www.entrack.no\/wp-content\/uploads\/2020\/11\/ISYON2_web-300x107.jpg 300w, https:\/\/www.entrack.no\/wp-content\/uploads\/2020\/11\/ISYON2_web-610x219.jpg 610w, https:\/\/www.entrack.no\/wp-content\/uploads\/2020\/11\/ISYON2_web-600x215.jpg 600w\" sizes=\"(max-width: 681px) 100vw, 681px\" \/>\t\t\t\t\t\t\t\t\t\t\t\t\t\t\t<\/div>\n\t\t\t\t<\/div>\n\t\t\t\t<div class=\"elementor-element elementor-element-372f0bc elementor-widget elementor-widget-text-editor\" data-id=\"372f0bc\" data-element_type=\"widget\" data-e-type=\"widget\" data-widget_type=\"text-editor.default\">\n\t\t\t\t<div class=\"elementor-widget-container\">\n\t\t\t\t\t\t\t\t\t<p><em>ATTENTION! Belt plates that are bent must be straightened before ISYON can be installed.<\/em><\/p>\t\t\t\t\t\t\t\t<\/div>\n\t\t\t\t<\/div>\n\t\t\t\t\t<\/div>\n\t\t<\/div>\n\t\t\t\t<div class=\"elementor-column elementor-col-50 elementor-top-column elementor-element elementor-element-12c249c\" data-id=\"12c249c\" data-element_type=\"column\" data-e-type=\"column\">\n\t\t\t<div class=\"elementor-widget-wrap elementor-element-populated\">\n\t\t\t\t\t\t<div class=\"elementor-element elementor-element-ee117f3 elementor-position-top elementor-widget elementor-widget-image-box\" data-id=\"ee117f3\" data-element_type=\"widget\" data-e-type=\"widget\" data-widget_type=\"image-box.default\">\n\t\t\t\t<div class=\"elementor-widget-container\">\n\t\t\t\t\t<div class=\"elementor-image-box-wrapper\"><figure class=\"elementor-image-box-img\"><img loading=\"lazy\" decoding=\"async\" width=\"900\" height=\"506\" src=\"https:\/\/www.entrack.no\/wp-content\/uploads\/2020\/11\/ispigg_ny-split.jpg\" class=\"attachment-full size-full wp-image-51618\" alt=\"Anti-slip protection\" srcset=\"https:\/\/www.entrack.no\/wp-content\/uploads\/2020\/11\/ispigg_ny-split.jpg 900w, https:\/\/www.entrack.no\/wp-content\/uploads\/2020\/11\/ispigg_ny-split-800x450.jpg 800w, https:\/\/www.entrack.no\/wp-content\/uploads\/2020\/11\/ispigg_ny-split-300x169.jpg 300w, https:\/\/www.entrack.no\/wp-content\/uploads\/2020\/11\/ispigg_ny-split-768x432.jpg 768w, https:\/\/www.entrack.no\/wp-content\/uploads\/2020\/11\/ispigg_ny-split-610x343.jpg 610w, https:\/\/www.entrack.no\/wp-content\/uploads\/2020\/11\/ispigg_ny-split-600x337.jpg 600w\" sizes=\"(max-width: 900px) 100vw, 900px\" \/><\/figure><div class=\"elementor-image-box-content\"><h3 class=\"elementor-image-box-title\">Ice spikes for excavators<\/h3><p class=\"elementor-image-box-description\"><p>\nFor better grip and stability on icy and slippery surfaces, we recommend ISPIGS FOR EXCAVATORS. These replace plate bolts and provide an easy way to improve grip on such surfaces. For easier installation, ice picks can also be mounted on track pads that have extra holes along the edge intended for rubber pads. We recommend using 2 ice spikes on approximately every 4th track plate. A set of 50 is usually sufficient for most machine sizes. We offer the ice spikes in 3 different dimensions: M14, 5\/8 (16 mm) and M20. All sizes are supplied with nuts included.<\/p>\n<\/p><\/div><\/div>\t\t\t\t<\/div>\n\t\t\t\t<\/div>\n\t\t\t\t<div class=\"elementor-element elementor-element-c850260 elementor-widget elementor-widget-spacer\" data-id=\"c850260\" data-element_type=\"widget\" data-e-type=\"widget\" data-widget_type=\"spacer.default\">\n\t\t\t\t<div class=\"elementor-widget-container\">\n\t\t\t\t\t\t\t<div class=\"elementor-spacer\">\n\t\t\t<div class=\"elementor-spacer-inner\"><\/div>\n\t\t<\/div>\n\t\t\t\t\t\t<\/div>\n\t\t\t\t<\/div>\n\t\t\t\t<div class=\"elementor-element elementor-element-63bb915 elementor-widget elementor-widget-image\" data-id=\"63bb915\" data-element_type=\"widget\" data-e-type=\"widget\" data-widget_type=\"image.default\">\n\t\t\t\t<div class=\"elementor-widget-container\">\n\t\t\t\t\t\t\t\t\t\t\t\t\t\t\t<img loading=\"lazy\" decoding=\"async\" width=\"510\" height=\"398\" src=\"https:\/\/www.entrack.no\/wp-content\/uploads\/2020\/11\/Ispigg1-web.jpg\" class=\"attachment-large size-large wp-image-51604\" alt=\"Anti-slip protection\" srcset=\"https:\/\/www.entrack.no\/wp-content\/uploads\/2020\/11\/Ispigg1-web.jpg 510w, https:\/\/www.entrack.no\/wp-content\/uploads\/2020\/11\/Ispigg1-web-300x234.jpg 300w\" sizes=\"(max-width: 510px) 100vw, 510px\" \/>\t\t\t\t\t\t\t\t\t\t\t\t\t\t\t<\/div>\n\t\t\t\t<\/div>\n\t\t\t\t\t<\/div>\n\t\t<\/div>\n\t\t\t\t\t<\/div>\n\t\t<\/section>\n\t\t\t\t<section class=\"elementor-section elementor-top-section elementor-element elementor-element-0c977eb elementor-section-boxed elementor-section-height-default elementor-section-height-default\" data-id=\"0c977eb\" data-element_type=\"section\" data-e-type=\"section\">\n\t\t\t\t\t\t<div class=\"elementor-container elementor-column-gap-default\">\n\t\t\t\t\t<div class=\"elementor-column elementor-col-100 elementor-top-column elementor-element elementor-element-4bd5c0e\" data-id=\"4bd5c0e\" data-element_type=\"column\" data-e-type=\"column\">\n\t\t\t<div class=\"elementor-widget-wrap elementor-element-populated\">\n\t\t\t\t\t\t<div class=\"elementor-element elementor-element-4c5bda1 elementor-widget elementor-widget-text-editor\" data-id=\"4c5bda1\" data-element_type=\"widget\" data-e-type=\"widget\" data-widget_type=\"text-editor.default\">\n\t\t\t\t<div class=\"elementor-widget-container\">\n\t\t\t\t\t\t\t\t\t<p><strong>For rubber belts, we recommend using screw spikes that you can buy in our store.\u00a0<\/strong><\/p>\t\t\t\t\t\t\t\t<\/div>\n\t\t\t\t<\/div>\n\t\t\t\t\t<\/div>\n\t\t<\/div>\n\t\t\t\t\t<\/div>\n\t\t<\/section>\n\t\t\t\t<\/div>\n\t\t<span class=\"et_bloom_bottom_trigger\"><\/span>","protected":false},"excerpt":{"rendered":"<p>Sklisikring God sklisisikring er avgj\u00f8rende for \u00e5 sikre trygg drift p\u00e5 glatte underlag. Det er en enkel og rimelig forsikring for \u00e5 unng\u00e5 skader p\u00e5 maskiner, velt og andre alvorlige hendelser. ISYON skliskydd En effektiv l\u00f8sning for sklisisikring er ISYON SKLISKYDD. Denne kan enkelt monteres p\u00e5 de fleste beltemaskiner som har 3-kams st\u00e5lbelter. ISYON er [&hellip;]<\/p>\n","protected":false},"author":1,"featured_media":57229,"parent":47721,"menu_order":0,"comment_status":"closed","ping_status":"closed","template":"","meta":{"_acf_changed":false,"footnotes":""},"class_list":["post-51593","page","type-page","status-publish","has-post-thumbnail","hentry"],"acf":[],"_links":{"self":[{"href":"https:\/\/www.entrack.no\/en\/wp-json\/wp\/v2\/pages\/51593","targetHints":{"allow":["GET"]}}],"collection":[{"href":"https:\/\/www.entrack.no\/en\/wp-json\/wp\/v2\/pages"}],"about":[{"href":"https:\/\/www.entrack.no\/en\/wp-json\/wp\/v2\/types\/page"}],"author":[{"embeddable":true,"href":"https:\/\/www.entrack.no\/en\/wp-json\/wp\/v2\/users\/1"}],"replies":[{"embeddable":true,"href":"https:\/\/www.entrack.no\/en\/wp-json\/wp\/v2\/comments?post=51593"}],"version-history":[{"count":3,"href":"https:\/\/www.entrack.no\/en\/wp-json\/wp\/v2\/pages\/51593\/revisions"}],"predecessor-version":[{"id":65336,"href":"https:\/\/www.entrack.no\/en\/wp-json\/wp\/v2\/pages\/51593\/revisions\/65336"}],"up":[{"embeddable":true,"href":"https:\/\/www.entrack.no\/en\/wp-json\/wp\/v2\/pages\/47721"}],"wp:featuredmedia":[{"embeddable":true,"href":"https:\/\/www.entrack.no\/en\/wp-json\/wp\/v2\/media\/57229"}],"wp:attachment":[{"href":"https:\/\/www.entrack.no\/en\/wp-json\/wp\/v2\/media?parent=51593"}],"curies":[{"name":"wp","href":"https:\/\/api.w.org\/{rel}","templated":true}]}}