{"id":48763,"date":"2020-07-17T13:10:02","date_gmt":"2020-07-17T11:10:02","guid":{"rendered":"https:\/\/www.entrack.no\/?page_id=48763"},"modified":"2025-01-08T20:52:08","modified_gmt":"2025-01-08T19:52:08","slug":"newsletter","status":"publish","type":"page","link":"https:\/\/www.entrack.no\/en\/nyhetsbrev\/","title":{"rendered":"Newsletters"},"content":{"rendered":"<div data-elementor-type=\"wp-page\" data-elementor-id=\"48763\" class=\"elementor elementor-48763\" data-elementor-post-type=\"page\">\n\t\t\t\t\t\t<section class=\"elementor-section elementor-top-section elementor-element elementor-element-74283f3f elementor-section-boxed elementor-section-height-default elementor-section-height-default\" data-id=\"74283f3f\" data-element_type=\"section\" data-e-type=\"section\">\n\t\t\t\t\t\t<div class=\"elementor-container elementor-column-gap-default\">\n\t\t\t\t\t<div class=\"elementor-column elementor-col-100 elementor-top-column elementor-element elementor-element-13e6d01a\" data-id=\"13e6d01a\" data-element_type=\"column\" data-e-type=\"column\">\n\t\t\t<div class=\"elementor-widget-wrap elementor-element-populated\">\n\t\t\t\t\t\t<div class=\"elementor-element elementor-element-1e9b1826 elementor-widget elementor-widget-text-editor\" data-id=\"1e9b1826\" data-element_type=\"widget\" data-e-type=\"widget\" data-widget_type=\"text-editor.default\">\n\t\t\t\t<div class=\"elementor-widget-container\">\n\t\t\t\t\t\t\t\t\t<h1>Sign up for our newsletter!<\/h1>\t\t\t\t\t\t\t\t<\/div>\n\t\t\t\t<\/div>\n\t\t\t\t\t<\/div>\n\t\t<\/div>\n\t\t\t\t\t<\/div>\n\t\t<\/section>\n\t\t\t\t<section class=\"elementor-section elementor-top-section elementor-element elementor-element-8bb4baa elementor-section-boxed elementor-section-height-default elementor-section-height-default\" data-id=\"8bb4baa\" data-element_type=\"section\" data-e-type=\"section\">\n\t\t\t\t\t\t<div class=\"elementor-container elementor-column-gap-default\">\n\t\t\t\t\t<div class=\"elementor-column elementor-col-100 elementor-top-column elementor-element elementor-element-2f6c93d\" data-id=\"2f6c93d\" data-element_type=\"column\" data-e-type=\"column\">\n\t\t\t<div class=\"elementor-widget-wrap elementor-element-populated\">\n\t\t\t\t\t\t<div class=\"elementor-element elementor-element-91e28b7 elementor-widget elementor-widget-text-editor\" data-id=\"91e28b7\" data-element_type=\"widget\" data-e-type=\"widget\" data-widget_type=\"text-editor.default\">\n\t\t\t\t<div class=\"elementor-widget-container\">\n\t\t\t\t\t\t\t\t\t<p>Occasionally we have some really good offers, exciting product news and great tips.<br \/>Want to hear about them first? Sign up for our newsletter and get them straight to your mailbox!<\/p>\t\t\t\t\t\t\t\t<\/div>\n\t\t\t\t<\/div>\n\t\t\t\t<div class=\"elementor-element elementor-element-f0aa044 elementor-widget elementor-widget-shortcode\" data-id=\"f0aa044\" data-element_type=\"widget\" data-e-type=\"widget\" data-widget_type=\"shortcode.default\">\n\t\t\t\t<div class=\"elementor-widget-container\">\n\t\t\t\t\t\t\t<div class=\"elementor-shortcode\"><div class=\"et_bloom_inline_form et_bloom_optin et_bloom_make_form_visible et_bloom_optin_4\" style=\"display: none;\">\n\t\t\t\t<style type=\"text\/css\">.et_bloom .et_bloom_optin_4 .et_bloom_form_content { background-color: #ededed !important; } .et_bloom .et_bloom_optin_4 .zigzag_edge .et_bloom_form_content:before { background: linear-gradient(45deg, transparent 33.33%, #ededed 33.333%, #ededed 66.66%, transparent 66.66%), linear-gradient(-45deg, transparent 33.33%, #ededed 33.33%, #ededed 66.66%, transparent 66.66%) !important; background-size: 20px 40px !important; } .et_bloom .et_bloom_optin_4 .zigzag_edge.et_bloom_form_right .et_bloom_form_content:before, .et_bloom .et_bloom_optin_4 .zigzag_edge.et_bloom_form_left .et_bloom_form_content:before { background-size: 40px 20px !important; }\n\t\t\t\t\t@media only screen and ( max-width: 767px ) {.et_bloom .et_bloom_optin_4 .zigzag_edge.et_bloom_form_right .et_bloom_form_content:before, .et_bloom .et_bloom_optin_4 .zigzag_edge.et_bloom_form_left .et_bloom_form_content:before { background: linear-gradient(45deg, transparent 33.33%, #ededed 33.333%, #ededed 66.66%, transparent 66.66%), linear-gradient(-45deg, transparent 33.33%, #ededed 33.33%, #ededed 66.66%, transparent 66.66%) !important; background-size: 20px 40px !important; } }.et_bloom .et_bloom_optin_4 .et_bloom_form_container .et_bloom_form_header { background-color: #ffffff !important; } .et_bloom .et_bloom_optin_4 .et_bloom_form_content button { background-color: #000000 !important; } .et_bloom .et_bloom_optin_4 .et_bloom_form_content .et_bloom_fields i { color: #000000 !important; } .et_bloom .et_bloom_optin_4 .et_bloom_form_content .et_bloom_custom_field_radio i:before { background: #000000 !important; } .et_bloom .et_bloom_optin_4 .et_bloom_form_content button { background-color: #000000 !important; } .et_bloom .et_bloom_optin_4 .et_bloom_form_container h2, .et_bloom .et_bloom_optin_4 .et_bloom_form_container h2 span, .et_bloom .et_bloom_optin_4 .et_bloom_form_container h2 strong { font-family: \"Open Sans\", Helvetica, Arial, Lucida, sans-serif; }.et_bloom .et_bloom_optin_4 .et_bloom_form_container p, .et_bloom .et_bloom_optin_4 .et_bloom_form_container p span, .et_bloom .et_bloom_optin_4 .et_bloom_form_container p strong, .et_bloom .et_bloom_optin_4 .et_bloom_form_container form input, .et_bloom .et_bloom_optin_4 .et_bloom_form_container form button span { font-family: \"Open Sans\", Helvetica, Arial, Lucida, sans-serif; } <\/style>\n\t\t\t\t<div class=\"et_bloom_form_container  with_edge zigzag_edge et_bloom_rounded et_bloom_form_text_dark et_bloom_form_bottom et_bloom_inline_2_fields\">\n\t\t\t\t\t\n\t\t\t<div class=\"et_bloom_form_container_wrapper clearfix\">\n\t\t\t\t<div class=\"et_bloom_header_outer\">\n\t\t\t\t\t<div class=\"et_bloom_form_header et_bloom_header_text_dark\">\n\t\t\t\t\t\t\n\t\t\t\t\t\t\n\t\t\t\t\t\t\n\t\t\t\t\t<\/div>\n\t\t\t\t<\/div>\n\t\t\t\t<div class=\"et_bloom_form_content et_bloom_2_fields et_bloom_bottom_inline\">\n\t\t\t\t\t\n\t\t\t\t\t\n\t\t\t\t\t<form method=\"post\" class=\"clearfix\" action=\"\">\n\t\t\t\t\t\t<div class=\"et_bloom_fields\">\n\t\t\t\t\t\t\t<p class=\"et_bloom_popup_input et_bloom_subscribe_name\">\n\t\t\t\t\t\t\t\t<input placeholder=\"Name\" maxlength=\"50\">\n\t\t\t\t\t\t\t<\/p>\n\t\t\t\t\t\t\t<p class=\"et_bloom_popup_input et_bloom_subscribe_email\">\n\t\t\t\t\t\t\t\t<input placeholder=\"E-mail address\">\n\t\t\t\t\t\t\t<\/p>\n\t\t\t\t\t\t\t\n\t\t\t\t\t\t\t<button data-optin_id=\"optin_4\" data-service=\"mailchimp\" data-list_id=\"ca8269eb7b\" data-page_id=\"48763\" data-account=\"Entrack\" data-ip_address=\"true\" class=\"et_bloom_submit_subscription\">\n\t\t\t\t\t\t\t\t<span class=\"et_bloom_subscribe_loader\"><\/span>\n\t\t\t\t\t\t\t\t<span class=\"et_bloom_button_text et_bloom_button_text_color_light\">Sign me up!<\/span>\n\t\t\t\t\t\t\t<\/button>\n\t\t\t\t\t\t<\/div>\n\t\t\t\t\t<input type=\"hidden\" name=\"trp-form-language\" value=\"en\"\/><\/form>\n\t\t\t\t\t<div class=\"et_bloom_success_container\">\n\t\t\t\t\t\t<span class=\"et_bloom_success_checkmark\"><\/span>\n\t\t\t\t\t<\/div>\n\t\t\t\t\t<h2 class=\"et_bloom_success_message\">You are now signed up!<\/h2>\n\t\t\t\t\t\n\t\t\t\t<\/div>\n\t\t\t<\/div>\n\t\t\t<span class=\"et_bloom_close_button\"><\/span>\n\t\t\t\t<\/div>\n\t\t\t<\/div>\n<\/div>\n\t\t\t\t\t\t<\/div>\n\t\t\t\t<\/div>\n\t\t\t\t<div class=\"elementor-element elementor-element-64f1a40 elementor-widget elementor-widget-text-editor\" data-id=\"64f1a40\" data-element_type=\"widget\" data-e-type=\"widget\" data-widget_type=\"text-editor.default\">\n\t\t\t\t<div class=\"elementor-widget-container\">\n\t\t\t\t\t\t\t\t\t<p>We promise not to send unnecessary emails and you will always have the option to unsubscribe.\u00a0<\/p>\t\t\t\t\t\t\t\t<\/div>\n\t\t\t\t<\/div>\n\t\t\t\t\t<\/div>\n\t\t<\/div>\n\t\t\t\t\t<\/div>\n\t\t<\/section>\n\t\t\t\t<\/div>\n\t\t<span class=\"et_bloom_bottom_trigger\"><\/span>","protected":false},"excerpt":{"rendered":"<p>Meld deg p\u00e5 v\u00e5rt nyhetsbrev! Av og til har vi noen skikkelige gode tilbud, spennende produktnyheter og gode tips.Vil du h\u00f8re om de f\u00f8rst? Meld deg p\u00e5 v\u00e5rt nyhetsbrev og f\u00e5 de rett i postkassa! Vi lover \u00e5 ikke sende un\u00f8dvendig mange e-poster, og du vil alltid ha mulighet til \u00e5 melde deg av.\u00a0<\/p>","protected":false},"author":1,"featured_media":47702,"parent":0,"menu_order":0,"comment_status":"closed","ping_status":"closed","template":"","meta":{"_acf_changed":false,"footnotes":""},"class_list":["post-48763","page","type-page","status-publish","has-post-thumbnail","hentry"],"acf":[],"_links":{"self":[{"href":"https:\/\/www.entrack.no\/en\/wp-json\/wp\/v2\/pages\/48763","targetHints":{"allow":["GET"]}}],"collection":[{"href":"https:\/\/www.entrack.no\/en\/wp-json\/wp\/v2\/pages"}],"about":[{"href":"https:\/\/www.entrack.no\/en\/wp-json\/wp\/v2\/types\/page"}],"author":[{"embeddable":true,"href":"https:\/\/www.entrack.no\/en\/wp-json\/wp\/v2\/users\/1"}],"replies":[{"embeddable":true,"href":"https:\/\/www.entrack.no\/en\/wp-json\/wp\/v2\/comments?post=48763"}],"version-history":[{"count":3,"href":"https:\/\/www.entrack.no\/en\/wp-json\/wp\/v2\/pages\/48763\/revisions"}],"predecessor-version":[{"id":62960,"href":"https:\/\/www.entrack.no\/en\/wp-json\/wp\/v2\/pages\/48763\/revisions\/62960"}],"wp:featuredmedia":[{"embeddable":true,"href":"https:\/\/www.entrack.no\/en\/wp-json\/wp\/v2\/media\/47702"}],"wp:attachment":[{"href":"https:\/\/www.entrack.no\/en\/wp-json\/wp\/v2\/media?parent=48763"}],"curies":[{"name":"wp","href":"https:\/\/api.w.org\/{rel}","templated":true}]}}