{"id":48406,"date":"2020-07-15T11:44:03","date_gmt":"2020-07-15T09:44:03","guid":{"rendered":"https:\/\/www.entrack.no\/?page_id=48406"},"modified":"2020-12-02T14:23:48","modified_gmt":"2020-12-02T13:23:48","slug":"accessories","status":"publish","type":"page","link":"https:\/\/www.entrack.no\/en\/tilbehor\/","title":{"rendered":"Accessories"},"content":{"rendered":"<div data-elementor-type=\"wp-post\" data-elementor-id=\"48406\" class=\"elementor elementor-48406\" data-elementor-post-type=\"page\">\n\t\t\t\t\t\t<section class=\"elementor-section elementor-top-section elementor-element elementor-element-360b3de elementor-section-boxed elementor-section-height-default elementor-section-height-default\" data-id=\"360b3de\" data-element_type=\"section\" data-e-type=\"section\">\n\t\t\t\t\t\t<div class=\"elementor-container elementor-column-gap-default\">\n\t\t\t\t\t<div class=\"elementor-column elementor-col-100 elementor-top-column elementor-element elementor-element-7faaba2\" data-id=\"7faaba2\" data-element_type=\"column\" data-e-type=\"column\">\n\t\t\t<div class=\"elementor-widget-wrap elementor-element-populated\">\n\t\t\t\t\t\t<div class=\"elementor-element elementor-element-415d2e1 elementor-widget elementor-widget-heading\" data-id=\"415d2e1\" data-element_type=\"widget\" data-e-type=\"widget\" data-widget_type=\"heading.default\">\n\t\t\t\t<div class=\"elementor-widget-container\">\n\t\t\t\t\t<h2 class=\"elementor-heading-title elementor-size-default\">Accessories<\/h2>\t\t\t\t<\/div>\n\t\t\t\t<\/div>\n\t\t\t\t\t<\/div>\n\t\t<\/div>\n\t\t\t\t\t<\/div>\n\t\t<\/section>\n\t\t\t\t<section class=\"elementor-section elementor-top-section elementor-element elementor-element-37a9cd2 elementor-section-boxed elementor-section-height-default elementor-section-height-default\" data-id=\"37a9cd2\" data-element_type=\"section\" data-e-type=\"section\">\n\t\t\t\t\t\t<div class=\"elementor-container elementor-column-gap-wide\">\n\t\t\t\t\t<div class=\"elementor-column elementor-col-50 elementor-top-column elementor-element elementor-element-c1be3ae\" data-id=\"c1be3ae\" data-element_type=\"column\" data-e-type=\"column\">\n\t\t\t<div class=\"elementor-widget-wrap elementor-element-populated\">\n\t\t\t\t\t\t<div class=\"elementor-element elementor-element-c0a402b elementor-position-top elementor-widget elementor-widget-image-box\" data-id=\"c0a402b\" data-element_type=\"widget\" data-e-type=\"widget\" data-widget_type=\"image-box.default\">\n\t\t\t\t<div class=\"elementor-widget-container\">\n\t\t\t\t\t<div class=\"elementor-image-box-wrapper\"><figure class=\"elementor-image-box-img\"><a href=\"\/en\/equipment\/hand-tools\/\" tabindex=\"-1\"><img fetchpriority=\"high\" decoding=\"async\" width=\"1000\" height=\"600\" src=\"https:\/\/www.entrack.no\/wp-content\/uploads\/2020\/07\/handverktoy-luna.jpg\" class=\"attachment-full size-full wp-image-48512\" alt=\"Close-up of a seaweed from Luna\" srcset=\"https:\/\/www.entrack.no\/wp-content\/uploads\/2020\/07\/handverktoy-luna.jpg 1000w, https:\/\/www.entrack.no\/wp-content\/uploads\/2020\/07\/handverktoy-luna-800x480.jpg 800w, https:\/\/www.entrack.no\/wp-content\/uploads\/2020\/07\/handverktoy-luna-300x180.jpg 300w, https:\/\/www.entrack.no\/wp-content\/uploads\/2020\/07\/handverktoy-luna-768x461.jpg 768w, https:\/\/www.entrack.no\/wp-content\/uploads\/2020\/07\/handverktoy-luna-610x366.jpg 610w, https:\/\/www.entrack.no\/wp-content\/uploads\/2020\/07\/handverktoy-luna-600x360.jpg 600w\" sizes=\"(max-width: 1000px) 100vw, 1000px\" \/><\/a><\/figure><div class=\"elementor-image-box-content\"><h3 class=\"elementor-image-box-title\"><a href=\"\/en\/equipment\/hand-tools\/\">Hand tools<\/a><\/h3><\/div><\/div>\t\t\t\t<\/div>\n\t\t\t\t<\/div>\n\t\t\t\t\t<\/div>\n\t\t<\/div>\n\t\t\t\t<div class=\"elementor-column elementor-col-50 elementor-top-column elementor-element elementor-element-12c249c\" data-id=\"12c249c\" data-element_type=\"column\" data-e-type=\"column\">\n\t\t\t<div class=\"elementor-widget-wrap elementor-element-populated\">\n\t\t\t\t\t\t<div class=\"elementor-element elementor-element-fbdf510 elementor-position-top elementor-widget elementor-widget-image-box\" data-id=\"fbdf510\" data-element_type=\"widget\" data-e-type=\"widget\" data-widget_type=\"image-box.default\">\n\t\t\t\t<div class=\"elementor-widget-container\">\n\t\t\t\t\t<div class=\"elementor-image-box-wrapper\"><figure class=\"elementor-image-box-img\"><a href=\"\/en\/divider\/g-e-t\/\" tabindex=\"-1\"><img decoding=\"async\" width=\"1000\" height=\"600\" src=\"https:\/\/www.entrack.no\/wp-content\/uploads\/2020\/07\/get-1-entrack.jpg\" class=\"attachment-full size-full wp-image-48312\" alt=\"\" srcset=\"https:\/\/www.entrack.no\/wp-content\/uploads\/2020\/07\/get-1-entrack.jpg 1000w, https:\/\/www.entrack.no\/wp-content\/uploads\/2020\/07\/get-1-entrack-800x480.jpg 800w, https:\/\/www.entrack.no\/wp-content\/uploads\/2020\/07\/get-1-entrack-300x180.jpg 300w, https:\/\/www.entrack.no\/wp-content\/uploads\/2020\/07\/get-1-entrack-768x461.jpg 768w, https:\/\/www.entrack.no\/wp-content\/uploads\/2020\/07\/get-1-entrack-610x366.jpg 610w, https:\/\/www.entrack.no\/wp-content\/uploads\/2020\/07\/get-1-entrack-600x360.jpg 600w\" sizes=\"(max-width: 1000px) 100vw, 1000px\" \/><\/a><\/figure><div class=\"elementor-image-box-content\"><h3 class=\"elementor-image-box-title\"><a href=\"\/en\/divider\/g-e-t\/\">G.E.T.<\/a><\/h3><\/div><\/div>\t\t\t\t<\/div>\n\t\t\t\t<\/div>\n\t\t\t\t\t<\/div>\n\t\t<\/div>\n\t\t\t\t\t<\/div>\n\t\t<\/section>\n\t\t\t\t<section class=\"elementor-section elementor-top-section elementor-element elementor-element-e46acea elementor-section-boxed elementor-section-height-default elementor-section-height-default\" data-id=\"e46acea\" data-element_type=\"section\" data-e-type=\"section\">\n\t\t\t\t\t\t<div class=\"elementor-container elementor-column-gap-wide\">\n\t\t\t\t\t<div class=\"elementor-column elementor-col-50 elementor-top-column elementor-element elementor-element-979d066\" data-id=\"979d066\" data-element_type=\"column\" data-e-type=\"column\">\n\t\t\t<div class=\"elementor-widget-wrap elementor-element-populated\">\n\t\t\t\t\t\t<div class=\"elementor-element elementor-element-719ff0e elementor-position-top elementor-widget elementor-widget-image-box\" data-id=\"719ff0e\" data-element_type=\"widget\" data-e-type=\"widget\" data-widget_type=\"image-box.default\">\n\t\t\t\t<div class=\"elementor-widget-container\">\n\t\t\t\t\t<div class=\"elementor-image-box-wrapper\"><figure class=\"elementor-image-box-img\"><a href=\"\/en\/divider\/itr-hammers\/\" tabindex=\"-1\"><img decoding=\"async\" width=\"1000\" height=\"600\" src=\"https:\/\/www.entrack.no\/wp-content\/uploads\/2020\/07\/itr-hammer.jpg\" class=\"attachment-full size-full wp-image-48531\" alt=\"Product image of ITR hammers\" srcset=\"https:\/\/www.entrack.no\/wp-content\/uploads\/2020\/07\/itr-hammer.jpg 1000w, https:\/\/www.entrack.no\/wp-content\/uploads\/2020\/07\/itr-hammer-800x480.jpg 800w, https:\/\/www.entrack.no\/wp-content\/uploads\/2020\/07\/itr-hammer-300x180.jpg 300w, https:\/\/www.entrack.no\/wp-content\/uploads\/2020\/07\/itr-hammer-768x461.jpg 768w, https:\/\/www.entrack.no\/wp-content\/uploads\/2020\/07\/itr-hammer-610x366.jpg 610w, https:\/\/www.entrack.no\/wp-content\/uploads\/2020\/07\/itr-hammer-600x360.jpg 600w\" sizes=\"(max-width: 1000px) 100vw, 1000px\" \/><\/a><\/figure><div class=\"elementor-image-box-content\"><h3 class=\"elementor-image-box-title\"><a href=\"\/en\/divider\/itr-hammers\/\">ITR Hammer<\/a><\/h3><\/div><\/div>\t\t\t\t<\/div>\n\t\t\t\t<\/div>\n\t\t\t\t\t<\/div>\n\t\t<\/div>\n\t\t\t\t<div class=\"elementor-column elementor-col-50 elementor-top-column elementor-element elementor-element-0ad7c7d\" data-id=\"0ad7c7d\" data-element_type=\"column\" data-e-type=\"column\">\n\t\t\t<div class=\"elementor-widget-wrap elementor-element-populated\">\n\t\t\t\t\t\t<div class=\"elementor-element elementor-element-ee117f3 elementor-position-top elementor-widget elementor-widget-image-box\" data-id=\"ee117f3\" data-element_type=\"widget\" data-e-type=\"widget\" data-widget_type=\"image-box.default\">\n\t\t\t\t<div class=\"elementor-widget-container\">\n\t\t\t\t\t<div class=\"elementor-image-box-wrapper\"><figure class=\"elementor-image-box-img\"><a href=\"\/en\/divider\/mobil-olje\/\" tabindex=\"-1\"><img loading=\"lazy\" decoding=\"async\" width=\"1000\" height=\"600\" src=\"https:\/\/www.entrack.no\/wp-content\/uploads\/2020\/07\/olje.jpg\" class=\"attachment-full size-full wp-image-48537\" alt=\"\" srcset=\"https:\/\/www.entrack.no\/wp-content\/uploads\/2020\/07\/olje.jpg 1000w, https:\/\/www.entrack.no\/wp-content\/uploads\/2020\/07\/olje-800x480.jpg 800w, https:\/\/www.entrack.no\/wp-content\/uploads\/2020\/07\/olje-300x180.jpg 300w, https:\/\/www.entrack.no\/wp-content\/uploads\/2020\/07\/olje-768x461.jpg 768w, https:\/\/www.entrack.no\/wp-content\/uploads\/2020\/07\/olje-610x366.jpg 610w, https:\/\/www.entrack.no\/wp-content\/uploads\/2020\/07\/olje-600x360.jpg 600w\" sizes=\"(max-width: 1000px) 100vw, 1000px\" \/><\/a><\/figure><div class=\"elementor-image-box-content\"><h3 class=\"elementor-image-box-title\"><a href=\"\/en\/divider\/mobil-olje\/\">Oil<\/a><\/h3><\/div><\/div>\t\t\t\t<\/div>\n\t\t\t\t<\/div>\n\t\t\t\t\t<\/div>\n\t\t<\/div>\n\t\t\t\t\t<\/div>\n\t\t<\/section>\n\t\t\t\t<section class=\"elementor-section elementor-top-section elementor-element elementor-element-7fe4b44 elementor-section-boxed elementor-section-height-default elementor-section-height-default\" data-id=\"7fe4b44\" data-element_type=\"section\" data-e-type=\"section\">\n\t\t\t\t\t\t<div class=\"elementor-container elementor-column-gap-wide\">\n\t\t\t\t\t<div class=\"elementor-column elementor-col-50 elementor-top-column elementor-element elementor-element-670bfa3\" data-id=\"670bfa3\" data-element_type=\"column\" data-e-type=\"column\">\n\t\t\t<div class=\"elementor-widget-wrap elementor-element-populated\">\n\t\t\t\t\t\t<div class=\"elementor-element elementor-element-365dc85 elementor-position-top elementor-widget elementor-widget-image-box\" data-id=\"365dc85\" data-element_type=\"widget\" data-e-type=\"widget\" data-widget_type=\"image-box.default\">\n\t\t\t\t<div class=\"elementor-widget-container\">\n\t\t\t\t\t<div class=\"elementor-image-box-wrapper\"><figure class=\"elementor-image-box-img\"><a href=\"\/en\/divider\/filter\/\" tabindex=\"-1\"><img loading=\"lazy\" decoding=\"async\" width=\"1000\" height=\"600\" src=\"https:\/\/www.entrack.no\/wp-content\/uploads\/2020\/07\/filter-samlebilde.jpg\" class=\"attachment-full size-full wp-image-48310\" alt=\"Collected image with different filters\" srcset=\"https:\/\/www.entrack.no\/wp-content\/uploads\/2020\/07\/filter-samlebilde.jpg 1000w, https:\/\/www.entrack.no\/wp-content\/uploads\/2020\/07\/filter-samlebilde-800x480.jpg 800w, https:\/\/www.entrack.no\/wp-content\/uploads\/2020\/07\/filter-samlebilde-300x180.jpg 300w, https:\/\/www.entrack.no\/wp-content\/uploads\/2020\/07\/filter-samlebilde-768x461.jpg 768w, https:\/\/www.entrack.no\/wp-content\/uploads\/2020\/07\/filter-samlebilde-610x366.jpg 610w, https:\/\/www.entrack.no\/wp-content\/uploads\/2020\/07\/filter-samlebilde-600x360.jpg 600w\" sizes=\"(max-width: 1000px) 100vw, 1000px\" \/><\/a><\/figure><div class=\"elementor-image-box-content\"><h3 class=\"elementor-image-box-title\"><a href=\"\/en\/divider\/filter\/\">Filter<\/a><\/h3><\/div><\/div>\t\t\t\t<\/div>\n\t\t\t\t<\/div>\n\t\t\t\t\t<\/div>\n\t\t<\/div>\n\t\t\t\t<div class=\"elementor-column elementor-col-50 elementor-top-column elementor-element elementor-element-e19c536\" data-id=\"e19c536\" data-element_type=\"column\" data-e-type=\"column\">\n\t\t\t<div class=\"elementor-widget-wrap elementor-element-populated\">\n\t\t\t\t\t\t<div class=\"elementor-element elementor-element-ea81407 elementor-position-top elementor-widget elementor-widget-image-box\" data-id=\"ea81407\" data-element_type=\"widget\" data-e-type=\"widget\" data-widget_type=\"image-box.default\">\n\t\t\t\t<div class=\"elementor-widget-container\">\n\t\t\t\t\t<div class=\"elementor-image-box-wrapper\"><figure class=\"elementor-image-box-img\"><a href=\"\/en\/divider\/battery\/\" tabindex=\"-1\"><img loading=\"lazy\" decoding=\"async\" width=\"1000\" height=\"600\" src=\"https:\/\/www.entrack.no\/wp-content\/uploads\/2020\/07\/Running-bull-entrack-high-current.jpg\" class=\"attachment-full size-full wp-image-48292\" alt=\"Buffalo bull battery\" srcset=\"https:\/\/www.entrack.no\/wp-content\/uploads\/2020\/07\/Running-bull-entrack-high-current.jpg 1000w, https:\/\/www.entrack.no\/wp-content\/uploads\/2020\/07\/Running-bull-entrack-high-current-800x480.jpg 800w, https:\/\/www.entrack.no\/wp-content\/uploads\/2020\/07\/Running-bull-entrack-high-current-300x180.jpg 300w, https:\/\/www.entrack.no\/wp-content\/uploads\/2020\/07\/Running-bull-entrack-high-current-768x461.jpg 768w, https:\/\/www.entrack.no\/wp-content\/uploads\/2020\/07\/Running-bull-entrack-high-current-610x366.jpg 610w, https:\/\/www.entrack.no\/wp-content\/uploads\/2020\/07\/Running-bull-entrack-high-current-600x360.jpg 600w\" sizes=\"(max-width: 1000px) 100vw, 1000px\" \/><\/a><\/figure><div class=\"elementor-image-box-content\"><h3 class=\"elementor-image-box-title\"><a href=\"\/en\/divider\/battery\/\">Battery pack<\/a><\/h3><\/div><\/div>\t\t\t\t<\/div>\n\t\t\t\t<\/div>\n\t\t\t\t\t<\/div>\n\t\t<\/div>\n\t\t\t\t\t<\/div>\n\t\t<\/section>\n\t\t\t\t<\/div>\n\t\t<span class=\"et_bloom_bottom_trigger\"><\/span>","protected":false},"excerpt":{"rendered":"<p>Tilbeh\u00f8r H\u00e5ndverkt\u00f8y G.E.T. ITR Hammer Olje Filter Batteri<\/p>","protected":false},"author":1,"featured_media":48537,"parent":0,"menu_order":0,"comment_status":"closed","ping_status":"closed","template":"","meta":{"_acf_changed":false,"footnotes":""},"class_list":["post-48406","page","type-page","status-publish","has-post-thumbnail","hentry"],"acf":[],"_links":{"self":[{"href":"https:\/\/www.entrack.no\/en\/wp-json\/wp\/v2\/pages\/48406","targetHints":{"allow":["GET"]}}],"collection":[{"href":"https:\/\/www.entrack.no\/en\/wp-json\/wp\/v2\/pages"}],"about":[{"href":"https:\/\/www.entrack.no\/en\/wp-json\/wp\/v2\/types\/page"}],"author":[{"embeddable":true,"href":"https:\/\/www.entrack.no\/en\/wp-json\/wp\/v2\/users\/1"}],"replies":[{"embeddable":true,"href":"https:\/\/www.entrack.no\/en\/wp-json\/wp\/v2\/comments?post=48406"}],"version-history":[{"count":0,"href":"https:\/\/www.entrack.no\/en\/wp-json\/wp\/v2\/pages\/48406\/revisions"}],"wp:featuredmedia":[{"embeddable":true,"href":"https:\/\/www.entrack.no\/en\/wp-json\/wp\/v2\/media\/48537"}],"wp:attachment":[{"href":"https:\/\/www.entrack.no\/en\/wp-json\/wp\/v2\/media?parent=48406"}],"curies":[{"name":"wp","href":"https:\/\/api.w.org\/{rel}","templated":true}]}}