{"id":48387,"date":"2020-07-15T11:19:45","date_gmt":"2020-07-15T09:19:45","guid":{"rendered":"https:\/\/www.entrack.no\/?page_id=48387"},"modified":"2025-11-24T15:10:39","modified_gmt":"2025-11-24T14:10:39","slug":"lily","status":"publish","type":"page","link":"https:\/\/www.entrack.no\/en\/utstyr\/lys\/","title":{"rendered":"Lily"},"content":{"rendered":"<div data-elementor-type=\"wp-post\" data-elementor-id=\"48387\" class=\"elementor elementor-48387\" data-elementor-post-type=\"page\">\n\t\t\t\t\t\t<section class=\"elementor-section elementor-top-section elementor-element elementor-element-360b3de elementor-section-boxed elementor-section-height-default elementor-section-height-default\" data-id=\"360b3de\" data-element_type=\"section\" data-e-type=\"section\">\n\t\t\t\t\t\t<div class=\"elementor-container elementor-column-gap-default\">\n\t\t\t\t\t<div class=\"elementor-column elementor-col-100 elementor-top-column elementor-element elementor-element-7faaba2\" data-id=\"7faaba2\" data-element_type=\"column\" data-e-type=\"column\">\n\t\t\t<div class=\"elementor-widget-wrap elementor-element-populated\">\n\t\t\t\t\t\t<div class=\"elementor-element elementor-element-f5382dc elementor-widget elementor-widget-image\" data-id=\"f5382dc\" data-element_type=\"widget\" data-e-type=\"widget\" data-widget_type=\"image.default\">\n\t\t\t\t<div class=\"elementor-widget-container\">\n\t\t\t\t\t\t\t\t\t\t\t\t\t\t\t<img fetchpriority=\"high\" decoding=\"async\" width=\"800\" height=\"323\" src=\"https:\/\/www.entrack.no\/wp-content\/uploads\/2021\/02\/bakgrunn-3b1ad54d-1-1024x413.jpeg\" class=\"attachment-large size-large wp-image-52896\" alt=\"Background image of a construction machine driving in the dark\" srcset=\"https:\/\/www.entrack.no\/wp-content\/uploads\/2021\/02\/bakgrunn-3b1ad54d-1-1024x413.jpeg 1024w, https:\/\/www.entrack.no\/wp-content\/uploads\/2021\/02\/bakgrunn-3b1ad54d-1-800x323.jpeg 800w, https:\/\/www.entrack.no\/wp-content\/uploads\/2021\/02\/bakgrunn-3b1ad54d-1-300x121.jpeg 300w, https:\/\/www.entrack.no\/wp-content\/uploads\/2021\/02\/bakgrunn-3b1ad54d-1-768x310.jpeg 768w, https:\/\/www.entrack.no\/wp-content\/uploads\/2021\/02\/bakgrunn-3b1ad54d-1-1536x620.jpeg 1536w, https:\/\/www.entrack.no\/wp-content\/uploads\/2021\/02\/bakgrunn-3b1ad54d-1-610x246.jpeg 610w, https:\/\/www.entrack.no\/wp-content\/uploads\/2021\/02\/bakgrunn-3b1ad54d-1-600x242.jpeg 600w, https:\/\/www.entrack.no\/wp-content\/uploads\/2021\/02\/bakgrunn-3b1ad54d-1.jpeg 1600w\" sizes=\"(max-width: 800px) 100vw, 800px\" \/>\t\t\t\t\t\t\t\t\t\t\t\t\t\t\t<\/div>\n\t\t\t\t<\/div>\n\t\t\t\t<div class=\"elementor-element elementor-element-415d2e1 elementor-widget elementor-widget-heading\" data-id=\"415d2e1\" data-element_type=\"widget\" data-e-type=\"widget\" data-widget_type=\"heading.default\">\n\t\t\t\t<div class=\"elementor-widget-container\">\n\t\t\t\t\t<h1 class=\"elementor-heading-title elementor-size-default\">Lily<\/h1>\t\t\t\t<\/div>\n\t\t\t\t<\/div>\n\t\t\t\t\t<\/div>\n\t\t<\/div>\n\t\t\t\t\t<\/div>\n\t\t<\/section>\n\t\t\t\t<section class=\"elementor-section elementor-top-section elementor-element elementor-element-9c62038 elementor-section-boxed elementor-section-height-default elementor-section-height-default\" data-id=\"9c62038\" data-element_type=\"section\" data-e-type=\"section\">\n\t\t\t\t\t\t<div class=\"elementor-container elementor-column-gap-default\">\n\t\t\t\t\t<div class=\"elementor-column elementor-col-66 elementor-top-column elementor-element elementor-element-50a1352\" data-id=\"50a1352\" data-element_type=\"column\" data-e-type=\"column\">\n\t\t\t<div class=\"elementor-widget-wrap elementor-element-populated\">\n\t\t\t\t\t\t<div class=\"elementor-element elementor-element-2b43aa2 elementor-widget elementor-widget-text-editor\" data-id=\"2b43aa2\" data-element_type=\"widget\" data-e-type=\"widget\" data-widget_type=\"text-editor.default\">\n\t\t\t\t<div class=\"elementor-widget-container\">\n\t\t\t\t\t\t\t\t\t<p>Lighting and light levels are very personal to the individual operator. There are so many different opinions on how to light a workspace effectively. However, there are recommended guidelines to follow; so that the difference in light between the brightest spot and the area around it should be no more than 30%.<\/p>\t\t\t\t\t\t\t\t<\/div>\n\t\t\t\t<\/div>\n\t\t\t\t<div class=\"elementor-element elementor-element-2662639 elementor-widget elementor-widget-text-editor\" data-id=\"2662639\" data-element_type=\"widget\" data-e-type=\"widget\" data-widget_type=\"text-editor.default\">\n\t\t\t\t<div class=\"elementor-widget-container\">\n\t\t\t\t\t\t\t\t\t<p>The key to effective lighting is uniformity. Nothing is more tiring for the eyes than glare and uneven lighting. For construction machinery, there are other factors at play too. Glare from the machine's hydraulic cylinders, buckets and arms all need to be taken into account when designing lighting for a machine.<\/p><p>The environment in which the machine operates also plays its part; dusty, foggy and snowy conditions require a warmer light colour that has a longer wavelength, this helps to better penetrate the conditions.<\/p><p>We have the suppliers and expertise to help you with lighting for your machines.<\/p><p>Our LED lamps have an effective lumen from 600 to 16500. We can help you find the type of lamp you need. Most of the lamps can be supplied with the following lenses:<\/p><ul><li><em>Wide symmetrical - 60 degrees spread to each side. Functions as a work light.<\/em><\/li><li><em>Medium symmetrical - 40 degrees spread to each side. Works as a task light.\u00a0<\/em><\/li><li><em>Narrow symmetrical \/ High beam - 30 degrees spread to each side. Works as a high beam.\u00a0<\/em><\/li><li><em>Wide asymmetrical - 60 degrees spread to each side. Shines from the centre of the lens downwards.<\/em><\/li><li><em>Medium asymmetrical - 40 degrees spread to each side. Shines from the centre of the lens downwards.<\/em><\/li><\/ul>\t\t\t\t\t\t\t\t<\/div>\n\t\t\t\t<\/div>\n\t\t\t\t\t<\/div>\n\t\t<\/div>\n\t\t\t\t<div class=\"elementor-column elementor-col-33 elementor-top-column elementor-element elementor-element-28cefdc\" data-id=\"28cefdc\" data-element_type=\"column\" data-e-type=\"column\">\n\t\t\t<div class=\"elementor-widget-wrap elementor-element-populated\">\n\t\t\t\t\t\t<div class=\"elementor-element elementor-element-0fe2684 elementor-position-top elementor-widget elementor-widget-image-box\" data-id=\"0fe2684\" data-element_type=\"widget\" data-e-type=\"widget\" data-widget_type=\"image-box.default\">\n\t\t\t\t<div class=\"elementor-widget-container\">\n\t\t\t\t\t<div class=\"elementor-image-box-wrapper\"><figure class=\"elementor-image-box-img\"><img decoding=\"async\" width=\"250\" height=\"146\" src=\"https:\/\/www.entrack.no\/wp-content\/uploads\/2021\/02\/Multivolt_250x100-1.jpg\" class=\"attachment-full size-full wp-image-52890\" alt=\"Product image of a multivolt lamp for construction machinery\" \/><\/figure><div class=\"elementor-image-box-content\"><h3 class=\"elementor-image-box-title\">Multivolt<\/h3><p class=\"elementor-image-box-description\">9 - 60V<\/p><\/div><\/div>\t\t\t\t<\/div>\n\t\t\t\t<\/div>\n\t\t\t\t<div class=\"elementor-element elementor-element-4e245e3 elementor-position-top elementor-widget elementor-widget-image-box\" data-id=\"4e245e3\" data-element_type=\"widget\" data-e-type=\"widget\" data-widget_type=\"image-box.default\">\n\t\t\t\t<div class=\"elementor-widget-container\">\n\t\t\t\t\t<div class=\"elementor-image-box-wrapper\"><figure class=\"elementor-image-box-img\"><img decoding=\"async\" width=\"250\" height=\"140\" src=\"https:\/\/www.entrack.no\/wp-content\/uploads\/2021\/02\/Singelvolt_250x100-1.jpg\" class=\"attachment-full size-full wp-image-52891\" alt=\"Product image of Singelvolt lamp for construction equipment\" \/><\/figure><div class=\"elementor-image-box-content\"><h3 class=\"elementor-image-box-title\">Single voltage<\/h3><p class=\"elementor-image-box-description\">12V \/ 24V \/ 240V<\/p><\/div><\/div>\t\t\t\t<\/div>\n\t\t\t\t<\/div>\n\t\t\t\t<div class=\"elementor-element elementor-element-868b7e7 elementor-position-top elementor-widget elementor-widget-image-box\" data-id=\"868b7e7\" data-element_type=\"widget\" data-e-type=\"widget\" data-widget_type=\"image-box.default\">\n\t\t\t\t<div class=\"elementor-widget-container\">\n\t\t\t\t\t<div class=\"elementor-image-box-wrapper\"><figure class=\"elementor-image-box-img\"><img loading=\"lazy\" decoding=\"async\" width=\"250\" height=\"141\" src=\"https:\/\/www.entrack.no\/wp-content\/uploads\/2021\/02\/Spesiallamper_250x100-1.jpg\" class=\"attachment-full size-full wp-image-52892\" alt=\"Special lamps for construction machinery\" \/><\/figure><div class=\"elementor-image-box-content\"><h3 class=\"elementor-image-box-title\">Speciality lamps<\/h3><p class=\"elementor-image-box-description\">On request<\/p><\/div><\/div>\t\t\t\t<\/div>\n\t\t\t\t<\/div>\n\t\t\t\t\t<\/div>\n\t\t<\/div>\n\t\t\t\t\t<\/div>\n\t\t<\/section>\n\t\t\t\t<section class=\"elementor-section elementor-top-section elementor-element elementor-element-4ffc237 elementor-section-boxed elementor-section-height-default elementor-section-height-default\" data-id=\"4ffc237\" data-element_type=\"section\" data-e-type=\"section\">\n\t\t\t\t\t\t<div class=\"elementor-container elementor-column-gap-default\">\n\t\t\t\t\t<div class=\"elementor-column elementor-col-50 elementor-top-column elementor-element elementor-element-d1359f2\" data-id=\"d1359f2\" data-element_type=\"column\" data-e-type=\"column\">\n\t\t\t<div class=\"elementor-widget-wrap\">\n\t\t\t\t\t\t\t<\/div>\n\t\t<\/div>\n\t\t\t\t<div class=\"elementor-column elementor-col-50 elementor-top-column elementor-element elementor-element-21451c0\" data-id=\"21451c0\" data-element_type=\"column\" data-e-type=\"column\">\n\t\t\t<div class=\"elementor-widget-wrap\">\n\t\t\t\t\t\t\t<\/div>\n\t\t<\/div>\n\t\t\t\t\t<\/div>\n\t\t<\/section>\n\t\t\t\t<\/div>\n\t\t<span class=\"et_bloom_bottom_trigger\"><\/span>","protected":false},"excerpt":{"rendered":"<p>Lys Belysning og lysniv\u00e5 er veldig personlig for den individuelle maskinf\u00f8reren. Det er s\u00e5 mange forskjellige meninger om hvordan man lyser et arbeidsomr\u00e5de effektivt. Imidlertid er det anbefalte retningslinjer \u00e5 f\u00f8lge; slik at forskjellen i lys mellom det lyseste stedet og omr\u00e5det rundt det ikke skal v\u00e6re mer enn 30%. N\u00f8kkelen til effektiv belysning er [&hellip;]<\/p>\n","protected":false},"author":1,"featured_media":48496,"parent":47697,"menu_order":0,"comment_status":"closed","ping_status":"closed","template":"","meta":{"_acf_changed":false,"footnotes":""},"class_list":["post-48387","page","type-page","status-publish","has-post-thumbnail","hentry"],"acf":[],"_links":{"self":[{"href":"https:\/\/www.entrack.no\/en\/wp-json\/wp\/v2\/pages\/48387","targetHints":{"allow":["GET"]}}],"collection":[{"href":"https:\/\/www.entrack.no\/en\/wp-json\/wp\/v2\/pages"}],"about":[{"href":"https:\/\/www.entrack.no\/en\/wp-json\/wp\/v2\/types\/page"}],"author":[{"embeddable":true,"href":"https:\/\/www.entrack.no\/en\/wp-json\/wp\/v2\/users\/1"}],"replies":[{"embeddable":true,"href":"https:\/\/www.entrack.no\/en\/wp-json\/wp\/v2\/comments?post=48387"}],"version-history":[{"count":3,"href":"https:\/\/www.entrack.no\/en\/wp-json\/wp\/v2\/pages\/48387\/revisions"}],"predecessor-version":[{"id":63952,"href":"https:\/\/www.entrack.no\/en\/wp-json\/wp\/v2\/pages\/48387\/revisions\/63952"}],"up":[{"embeddable":true,"href":"https:\/\/www.entrack.no\/en\/wp-json\/wp\/v2\/pages\/47697"}],"wp:featuredmedia":[{"embeddable":true,"href":"https:\/\/www.entrack.no\/en\/wp-json\/wp\/v2\/media\/48496"}],"wp:attachment":[{"href":"https:\/\/www.entrack.no\/en\/wp-json\/wp\/v2\/media?parent=48387"}],"curies":[{"name":"wp","href":"https:\/\/api.w.org\/{rel}","templated":true}]}}