{"id":48383,"date":"2020-07-15T11:16:51","date_gmt":"2020-07-15T09:16:51","guid":{"rendered":"https:\/\/www.entrack.no\/?page_id=48383"},"modified":"2025-11-24T15:04:09","modified_gmt":"2025-11-24T14:04:09","slug":"hand-tools","status":"publish","type":"page","link":"https:\/\/www.entrack.no\/en\/utstyr\/handverktoy\/","title":{"rendered":"Hand tools"},"content":{"rendered":"<div data-elementor-type=\"wp-post\" data-elementor-id=\"48383\" class=\"elementor elementor-48383\" data-elementor-post-type=\"page\">\n\t\t\t\t\t\t<section class=\"elementor-section elementor-top-section elementor-element elementor-element-360b3de elementor-section-boxed elementor-section-height-default elementor-section-height-default\" data-id=\"360b3de\" data-element_type=\"section\" data-e-type=\"section\">\n\t\t\t\t\t\t<div class=\"elementor-container elementor-column-gap-default\">\n\t\t\t\t\t<div class=\"elementor-column elementor-col-100 elementor-top-column elementor-element elementor-element-7faaba2\" data-id=\"7faaba2\" data-element_type=\"column\" data-e-type=\"column\">\n\t\t\t<div class=\"elementor-widget-wrap elementor-element-populated\">\n\t\t\t\t\t\t<div class=\"elementor-element elementor-element-415d2e1 elementor-widget elementor-widget-heading\" data-id=\"415d2e1\" data-element_type=\"widget\" data-e-type=\"widget\" data-widget_type=\"heading.default\">\n\t\t\t\t<div class=\"elementor-widget-container\">\n\t\t\t\t\t<h1 class=\"elementor-heading-title elementor-size-default\">Hand tools<\/h1>\t\t\t\t<\/div>\n\t\t\t\t<\/div>\n\t\t\t\t\t<\/div>\n\t\t<\/div>\n\t\t\t\t\t<\/div>\n\t\t<\/section>\n\t\t\t\t<section class=\"elementor-section elementor-top-section elementor-element elementor-element-9c62038 elementor-section-boxed elementor-section-height-default elementor-section-height-default\" data-id=\"9c62038\" data-element_type=\"section\" data-e-type=\"section\">\n\t\t\t\t\t\t<div class=\"elementor-container elementor-column-gap-default\">\n\t\t\t\t\t<div class=\"elementor-column elementor-col-66 elementor-top-column elementor-element elementor-element-50a1352\" data-id=\"50a1352\" data-element_type=\"column\" data-e-type=\"column\">\n\t\t\t<div class=\"elementor-widget-wrap elementor-element-populated\">\n\t\t\t\t\t\t<div class=\"elementor-element elementor-element-2b43aa2 elementor-widget elementor-widget-text-editor\" data-id=\"2b43aa2\" data-element_type=\"widget\" data-e-type=\"widget\" data-widget_type=\"text-editor.default\">\n\t\t\t\t<div class=\"elementor-widget-container\">\n\t\t\t\t\t\t\t\t\t<p>It's important to choose the right tools to keep your machinery up and running, which is why we at Entrack work with the best suppliers of hand tools. If you have a challenge, we usually have a solution.\u00a0<\/p><p>Visit us or call us for good tool suggestions for your needs.\u00a0<\/p>\t\t\t\t\t\t\t\t<\/div>\n\t\t\t\t<\/div>\n\t\t\t\t\t<\/div>\n\t\t<\/div>\n\t\t\t\t<div class=\"elementor-column elementor-col-33 elementor-top-column elementor-element elementor-element-28cefdc\" data-id=\"28cefdc\" data-element_type=\"column\" data-e-type=\"column\">\n\t\t\t<div class=\"elementor-widget-wrap\">\n\t\t\t\t\t\t\t<\/div>\n\t\t<\/div>\n\t\t\t\t\t<\/div>\n\t\t<\/section>\n\t\t\t\t<section class=\"elementor-section elementor-top-section elementor-element elementor-element-37a9cd2 elementor-section-boxed elementor-section-height-default elementor-section-height-default\" data-id=\"37a9cd2\" data-element_type=\"section\" data-e-type=\"section\">\n\t\t\t\t\t\t<div class=\"elementor-container elementor-column-gap-wide\">\n\t\t\t\t\t<div class=\"elementor-column elementor-col-50 elementor-top-column elementor-element elementor-element-c1be3ae\" data-id=\"c1be3ae\" data-element_type=\"column\" data-e-type=\"column\">\n\t\t\t<div class=\"elementor-widget-wrap elementor-element-populated\">\n\t\t\t\t\t\t<div class=\"elementor-element elementor-element-c0a402b elementor-position-top elementor-widget elementor-widget-image-box\" data-id=\"c0a402b\" data-element_type=\"widget\" data-e-type=\"widget\" data-widget_type=\"image-box.default\">\n\t\t\t\t<div class=\"elementor-widget-container\">\n\t\t\t\t\t<div class=\"elementor-image-box-wrapper\"><figure class=\"elementor-image-box-img\"><a href=\"\/en\/departments\/\" tabindex=\"-1\"><img fetchpriority=\"high\" decoding=\"async\" width=\"800\" height=\"397\" src=\"https:\/\/www.entrack.no\/wp-content\/uploads\/2021\/02\/handverktoy-luna.jpg\" class=\"attachment-full size-full wp-image-52909\" alt=\"Close-up of a seaweed from Luna\" srcset=\"https:\/\/www.entrack.no\/wp-content\/uploads\/2021\/02\/handverktoy-luna.jpg 800w, https:\/\/www.entrack.no\/wp-content\/uploads\/2021\/02\/handverktoy-luna-300x149.jpg 300w, https:\/\/www.entrack.no\/wp-content\/uploads\/2021\/02\/handverktoy-luna-768x381.jpg 768w, https:\/\/www.entrack.no\/wp-content\/uploads\/2021\/02\/handverktoy-luna-610x303.jpg 610w, https:\/\/www.entrack.no\/wp-content\/uploads\/2021\/02\/handverktoy-luna-600x298.jpg 600w\" sizes=\"(max-width: 800px) 100vw, 800px\" \/><\/a><\/figure><div class=\"elementor-image-box-content\"><h3 class=\"elementor-image-box-title\"><a href=\"\/en\/departments\/\">Luna Group<\/a><\/h3><p class=\"elementor-image-box-description\">We work with the Nordic region's leading distributor of tools and consumables for professionals in industry and the building trade. As a supplier, we offer the market's widest range of tools and consumables for professional users in industry and construction.\n<br><br>\n<a href=\"\/en\/departments\/\">&gt;&gt; Contact us for more information<\/a><\/p><\/div><\/div>\t\t\t\t<\/div>\n\t\t\t\t<\/div>\n\t\t\t\t\t<\/div>\n\t\t<\/div>\n\t\t\t\t<div class=\"elementor-column elementor-col-50 elementor-top-column elementor-element elementor-element-12c249c\" data-id=\"12c249c\" data-element_type=\"column\" data-e-type=\"column\">\n\t\t\t<div class=\"elementor-widget-wrap elementor-element-populated\">\n\t\t\t\t\t\t<div class=\"elementor-element elementor-element-ee117f3 elementor-position-top elementor-widget elementor-widget-image-box\" data-id=\"ee117f3\" data-element_type=\"widget\" data-e-type=\"widget\" data-widget_type=\"image-box.default\">\n\t\t\t\t<div class=\"elementor-widget-container\">\n\t\t\t\t\t<div class=\"elementor-image-box-wrapper\"><figure class=\"elementor-image-box-img\"><a href=\"\/en\/departments\/\" tabindex=\"-1\"><img decoding=\"async\" width=\"800\" height=\"397\" src=\"https:\/\/www.entrack.no\/wp-content\/uploads\/2021\/02\/milwaukee-m12-1.jpg\" class=\"attachment-full size-full wp-image-52908\" alt=\"Lots of different Milwaukee hand tools\" srcset=\"https:\/\/www.entrack.no\/wp-content\/uploads\/2021\/02\/milwaukee-m12-1.jpg 800w, https:\/\/www.entrack.no\/wp-content\/uploads\/2021\/02\/milwaukee-m12-1-300x149.jpg 300w, https:\/\/www.entrack.no\/wp-content\/uploads\/2021\/02\/milwaukee-m12-1-768x381.jpg 768w, https:\/\/www.entrack.no\/wp-content\/uploads\/2021\/02\/milwaukee-m12-1-610x303.jpg 610w, https:\/\/www.entrack.no\/wp-content\/uploads\/2021\/02\/milwaukee-m12-1-600x298.jpg 600w\" sizes=\"(max-width: 800px) 100vw, 800px\" \/><\/a><\/figure><div class=\"elementor-image-box-content\"><h3 class=\"elementor-image-box-title\"><a href=\"\/en\/departments\/\">Milwaukee<\/a><\/h3><p class=\"elementor-image-box-description\">Together with Milwaukee, we want to make a promise to our customers to deliver the best cordless tools to get the job done faster, safer and more reliably. \n\n<br><br>\n<a href=\"\/en\/departments\/\">&gt;&gt; Contact us for more information<\/a><\/p><\/div><\/div>\t\t\t\t<\/div>\n\t\t\t\t<\/div>\n\t\t\t\t\t<\/div>\n\t\t<\/div>\n\t\t\t\t\t<\/div>\n\t\t<\/section>\n\t\t\t\t<\/div>\n\t\t<span class=\"et_bloom_bottom_trigger\"><\/span>","protected":false},"excerpt":{"rendered":"<p>H\u00e5ndverkt\u00f8y Det er viktig \u00e5 velge riktig verkt\u00f8y for \u00e5 holde maskinparken i gang, det er derfor vi i Entrack samarbeider med de beste leverand\u00f8rene av h\u00e5ndverkt\u00f8y. Har du en utfordring s\u00e5 har vi som oftest en l\u00f8sning.\u00a0 Bes\u00f8k oss eller ring oss for gode verkt\u00f8y-forslag til ditt behov.\u00a0 Luna Group Vi samarbeider med Nordens [&hellip;]<\/p>\n","protected":false},"author":1,"featured_media":48513,"parent":47697,"menu_order":0,"comment_status":"closed","ping_status":"closed","template":"","meta":{"_acf_changed":false,"footnotes":""},"class_list":["post-48383","page","type-page","status-publish","has-post-thumbnail","hentry"],"acf":[],"_links":{"self":[{"href":"https:\/\/www.entrack.no\/en\/wp-json\/wp\/v2\/pages\/48383","targetHints":{"allow":["GET"]}}],"collection":[{"href":"https:\/\/www.entrack.no\/en\/wp-json\/wp\/v2\/pages"}],"about":[{"href":"https:\/\/www.entrack.no\/en\/wp-json\/wp\/v2\/types\/page"}],"author":[{"embeddable":true,"href":"https:\/\/www.entrack.no\/en\/wp-json\/wp\/v2\/users\/1"}],"replies":[{"embeddable":true,"href":"https:\/\/www.entrack.no\/en\/wp-json\/wp\/v2\/comments?post=48383"}],"version-history":[{"count":3,"href":"https:\/\/www.entrack.no\/en\/wp-json\/wp\/v2\/pages\/48383\/revisions"}],"predecessor-version":[{"id":63945,"href":"https:\/\/www.entrack.no\/en\/wp-json\/wp\/v2\/pages\/48383\/revisions\/63945"}],"up":[{"embeddable":true,"href":"https:\/\/www.entrack.no\/en\/wp-json\/wp\/v2\/pages\/47697"}],"wp:featuredmedia":[{"embeddable":true,"href":"https:\/\/www.entrack.no\/en\/wp-json\/wp\/v2\/media\/48513"}],"wp:attachment":[{"href":"https:\/\/www.entrack.no\/en\/wp-json\/wp\/v2\/media?parent=48383"}],"curies":[{"name":"wp","href":"https:\/\/api.w.org\/{rel}","templated":true}]}}