{"id":48051,"date":"2020-07-13T13:47:53","date_gmt":"2020-07-13T11:47:53","guid":{"rendered":"https:\/\/www.entrack.no\/?page_id=48051"},"modified":"2025-11-26T10:24:16","modified_gmt":"2025-11-26T09:24:16","slug":"sieve-drawers","status":"publish","type":"page","link":"https:\/\/www.entrack.no\/en\/mb-crusher\/sikteskuffer\/","title":{"rendered":"Sieve drawers"},"content":{"rendered":"<div data-elementor-type=\"wp-post\" data-elementor-id=\"48051\" class=\"elementor elementor-48051\" data-elementor-post-type=\"page\">\n\t\t\t\t\t\t<section class=\"elementor-section elementor-top-section elementor-element elementor-element-70b1b33 elementor-section-boxed elementor-section-height-default elementor-section-height-default\" data-id=\"70b1b33\" data-element_type=\"section\" data-e-type=\"section\">\n\t\t\t\t\t\t<div class=\"elementor-container elementor-column-gap-default\">\n\t\t\t\t\t<div class=\"elementor-column elementor-col-33 elementor-top-column elementor-element elementor-element-a701f58\" data-id=\"a701f58\" data-element_type=\"column\" data-e-type=\"column\">\n\t\t\t<div class=\"elementor-widget-wrap elementor-element-populated\">\n\t\t\t\t\t\t<div class=\"elementor-element elementor-element-415d2e1 elementor-widget elementor-widget-heading\" data-id=\"415d2e1\" data-element_type=\"widget\" data-e-type=\"widget\" data-widget_type=\"heading.default\">\n\t\t\t\t<div class=\"elementor-widget-container\">\n\t\t\t\t\t<h1 class=\"elementor-heading-title elementor-size-default\">Sieve drawers<\/h1>\t\t\t\t<\/div>\n\t\t\t\t<\/div>\n\t\t\t\t<div class=\"elementor-element elementor-element-7e9b4f0 elementor-widget elementor-widget-text-editor\" data-id=\"7e9b4f0\" data-element_type=\"widget\" data-e-type=\"widget\" data-widget_type=\"text-editor.default\">\n\t\t\t\t<div class=\"elementor-widget-container\">\n\t\t\t\t\t\t\t\t\t<p class=\"p1\"><span class=\"s1\">Grading buckets from MB Crusher are available for excavators, wheel loaders, skid steer loaders and backhoe loaders. With products adapted to load-bearing machines from 5 tonnes to 40 tonnes, there is a solution to suit most people. It is very easy to change the screen cloths in the buckets. Sieve cloths are available from 10 - 100 mm mesh size. The entire bucket and screen cloths are manufactured in HARDOX.<\/span><\/p>\t\t\t\t\t\t\t\t<\/div>\n\t\t\t\t<\/div>\n\t\t\t\t\t<\/div>\n\t\t<\/div>\n\t\t\t\t<div class=\"elementor-column elementor-col-66 elementor-top-column elementor-element elementor-element-966da88\" data-id=\"966da88\" data-element_type=\"column\" data-e-type=\"column\">\n\t\t\t<div class=\"elementor-widget-wrap elementor-element-populated\">\n\t\t\t\t\t\t<div class=\"elementor-element elementor-element-8aad7f7 elementor-widget elementor-widget-image\" data-id=\"8aad7f7\" data-element_type=\"widget\" data-e-type=\"widget\" data-widget_type=\"image.default\">\n\t\t\t\t<div class=\"elementor-widget-container\">\n\t\t\t\t\t\t\t\t\t\t\t\t\t\t\t<img fetchpriority=\"high\" decoding=\"async\" width=\"800\" height=\"480\" src=\"https:\/\/www.entrack.no\/wp-content\/uploads\/2020\/07\/sikteskuff-mb_crusher-entrack.jpg\" class=\"attachment-large size-large wp-image-47687\" alt=\"\" srcset=\"https:\/\/www.entrack.no\/wp-content\/uploads\/2020\/07\/sikteskuff-mb_crusher-entrack.jpg 1000w, https:\/\/www.entrack.no\/wp-content\/uploads\/2020\/07\/sikteskuff-mb_crusher-entrack-800x480.jpg 800w, https:\/\/www.entrack.no\/wp-content\/uploads\/2020\/07\/sikteskuff-mb_crusher-entrack-300x180.jpg 300w, https:\/\/www.entrack.no\/wp-content\/uploads\/2020\/07\/sikteskuff-mb_crusher-entrack-768x461.jpg 768w\" sizes=\"(max-width: 800px) 100vw, 800px\" \/>\t\t\t\t\t\t\t\t\t\t\t\t\t\t\t<\/div>\n\t\t\t\t<\/div>\n\t\t\t\t\t<\/div>\n\t\t<\/div>\n\t\t\t\t\t<\/div>\n\t\t<\/section>\n\t\t\t\t<section class=\"elementor-section elementor-top-section elementor-element elementor-element-ea7626a elementor-section-boxed elementor-section-height-default elementor-section-height-default\" data-id=\"ea7626a\" data-element_type=\"section\" data-e-type=\"section\">\n\t\t\t\t\t\t<div class=\"elementor-container elementor-column-gap-default\">\n\t\t\t\t\t<div class=\"elementor-column elementor-col-100 elementor-top-column elementor-element elementor-element-c21f1e3\" data-id=\"c21f1e3\" data-element_type=\"column\" data-e-type=\"column\">\n\t\t\t<div class=\"elementor-widget-wrap elementor-element-populated\">\n\t\t\t\t\t\t<div class=\"elementor-element elementor-element-a35db06 elementor-widget-divider--view-line elementor-widget elementor-widget-divider\" data-id=\"a35db06\" data-element_type=\"widget\" data-e-type=\"widget\" data-widget_type=\"divider.default\">\n\t\t\t\t<div class=\"elementor-widget-container\">\n\t\t\t\t\t\t\t<div class=\"elementor-divider\">\n\t\t\t<span class=\"elementor-divider-separator\">\n\t\t\t\t\t\t<\/span>\n\t\t<\/div>\n\t\t\t\t\t\t<\/div>\n\t\t\t\t<\/div>\n\t\t\t\t\t<\/div>\n\t\t<\/div>\n\t\t\t\t\t<\/div>\n\t\t<\/section>\n\t\t\t\t<section class=\"elementor-section elementor-top-section elementor-element elementor-element-b723b83 elementor-section-boxed elementor-section-height-default elementor-section-height-default\" data-id=\"b723b83\" data-element_type=\"section\" data-e-type=\"section\">\n\t\t\t\t\t\t<div class=\"elementor-container elementor-column-gap-default\">\n\t\t\t\t\t<div class=\"elementor-column elementor-col-100 elementor-top-column elementor-element elementor-element-5a5f208\" data-id=\"5a5f208\" data-element_type=\"column\" data-e-type=\"column\">\n\t\t\t<div class=\"elementor-widget-wrap elementor-element-populated\">\n\t\t\t\t\t\t<div class=\"elementor-element elementor-element-e3a6ec4 elementor-widget elementor-widget-text-editor\" data-id=\"e3a6ec4\" data-element_type=\"widget\" data-e-type=\"widget\" data-widget_type=\"text-editor.default\">\n\t\t\t\t<div class=\"elementor-widget-container\">\n\t\t\t\t\t\t\t\t\t<table id=\"customers\"><thead><tr><th>Type<\/th><th><center>Suitable for<\/center><\/th><th>For machines above<\/th><\/tr><\/thead><tbody><tr><td><a href=\"\/en\/product\/mb-ls170-s2\/\">MB-LS170 S2<\/a><\/td><td><center><img decoding=\"async\" src=\"\/wp-content\/uploads\/2020\/07\/symbol1.png\" width=\"100px\" \/><\/center><\/td><td>6.5 - 11 tonnes<\/td><\/tr><tr><td><a href=\"\/en\/product\/mb-ls220-s2\/\">MB-LS220 S2<\/a><\/td><td><center><img decoding=\"async\" src=\"\/wp-content\/uploads\/2020\/07\/symbol1.png\" width=\"100px\" \/><\/center><\/td><td>12 - 25 tonnes<\/td><\/tr><tr><td><a href=\"\/en\/product\/mb-s10-s4\/\">MB-S10 S4<\/a><\/td><td><center><img decoding=\"async\" src=\"\/wp-content\/uploads\/2020\/07\/symbol5.png\" width=\"100px\" \/><\/center><\/td><td>3.5 - 9 tonnes<\/td><\/tr><tr><td><a href=\"\/en\/product\/mb-s14-s4\/\">MB-S14 S4<\/a><\/td><td><center><img decoding=\"async\" src=\"\/wp-content\/uploads\/2020\/07\/symbol2.png\" width=\"100px\" \/><\/center><\/td><td>9 - 20 tonnes<\/td><\/tr><tr><td><a href=\"\/en\/product\/mb-s18-s4\/\">MB-S18 S4<\/a><\/td><td><center><img decoding=\"async\" src=\"\/wp-content\/uploads\/2020\/07\/symbol2.png\" width=\"100px\" \/><\/center><\/td><td>20 - 35 tonnes<\/td><\/tr><tr><td><a href=\"\/en\/product\/mb-s23\/\">MB-S23<\/a><\/td><td><center><img decoding=\"async\" src=\"\/wp-content\/uploads\/2020\/07\/symbol2.png\" width=\"100px\" \/><\/center><\/td><td>35 tonnes<\/td><\/tr><\/tbody><\/table>\t\t\t\t\t\t\t\t<\/div>\n\t\t\t\t<\/div>\n\t\t\t\t\t<\/div>\n\t\t<\/div>\n\t\t\t\t\t<\/div>\n\t\t<\/section>\n\t\t\t\t<section class=\"elementor-section elementor-top-section elementor-element elementor-element-1c76413 elementor-section-boxed elementor-section-height-default elementor-section-height-default\" data-id=\"1c76413\" data-element_type=\"section\" data-e-type=\"section\">\n\t\t\t\t\t\t<div class=\"elementor-container elementor-column-gap-default\">\n\t\t\t\t\t<div class=\"elementor-column elementor-col-100 elementor-top-column elementor-element elementor-element-3fed107\" data-id=\"3fed107\" data-element_type=\"column\" data-e-type=\"column\">\n\t\t\t<div class=\"elementor-widget-wrap elementor-element-populated\">\n\t\t\t\t\t\t<div class=\"elementor-element elementor-element-0d72117 elementor-widget elementor-widget-heading\" data-id=\"0d72117\" data-element_type=\"widget\" data-e-type=\"widget\" data-widget_type=\"heading.default\">\n\t\t\t\t<div class=\"elementor-widget-container\">\n\t\t\t\t\t<h2 class=\"elementor-heading-title elementor-size-default\">Why choose a screening bucket from MB Crusher?<\/h2>\t\t\t\t<\/div>\n\t\t\t\t<\/div>\n\t\t\t\t<div class=\"elementor-element elementor-element-1cb79e9 elementor-widget elementor-widget-text-editor\" data-id=\"1cb79e9\" data-element_type=\"widget\" data-e-type=\"widget\" data-widget_type=\"text-editor.default\">\n\t\t\t\t<div class=\"elementor-widget-container\">\n\t\t\t\t\t\t\t\t\t<p>Our wear trays are manufactured in durable HARDOX material. They are designed for the most demanding working conditions and ensure long life and performance.<\/p><p>We have a wide range of models to suit machines from 5 to 40 tonnes. Our screening buckets are ideal for a range of applications, from tillage and waste management to mining and landscaping. They are great for use on projects that require precise grading of materials, handling everything from coarse esties to finer materials.<\/p><p>You're sure to find a solution that suits your needs. Contact us today to find the perfect screening bucket for your needs.<\/p>\t\t\t\t\t\t\t\t<\/div>\n\t\t\t\t<\/div>\n\t\t\t\t<div class=\"elementor-element elementor-element-d85bf39 elementor-widget elementor-widget-image\" data-id=\"d85bf39\" data-element_type=\"widget\" data-e-type=\"widget\" data-widget_type=\"image.default\">\n\t\t\t\t<div class=\"elementor-widget-container\">\n\t\t\t\t\t\t\t\t\t\t\t\t\t\t\t<img decoding=\"async\" width=\"800\" height=\"416\" src=\"https:\/\/www.entrack.no\/wp-content\/uploads\/2020\/09\/sikteskuff-vs-shaftscreener-1024x533.jpg\" class=\"attachment-large size-large wp-image-50608\" alt=\"Sieve drawer or shaft screener\" srcset=\"https:\/\/www.entrack.no\/wp-content\/uploads\/2020\/09\/sikteskuff-vs-shaftscreener-1024x533.jpg 1024w, https:\/\/www.entrack.no\/wp-content\/uploads\/2020\/09\/sikteskuff-vs-shaftscreener-800x417.jpg 800w, https:\/\/www.entrack.no\/wp-content\/uploads\/2020\/09\/sikteskuff-vs-shaftscreener-300x156.jpg 300w, https:\/\/www.entrack.no\/wp-content\/uploads\/2020\/09\/sikteskuff-vs-shaftscreener-768x400.jpg 768w, https:\/\/www.entrack.no\/wp-content\/uploads\/2020\/09\/sikteskuff-vs-shaftscreener-610x318.jpg 610w, https:\/\/www.entrack.no\/wp-content\/uploads\/2020\/09\/sikteskuff-vs-shaftscreener-600x312.jpg 600w, https:\/\/www.entrack.no\/wp-content\/uploads\/2020\/09\/sikteskuff-vs-shaftscreener.jpg 1208w\" sizes=\"(max-width: 800px) 100vw, 800px\" \/>\t\t\t\t\t\t\t\t\t\t\t\t\t\t\t<\/div>\n\t\t\t\t<\/div>\n\t\t\t\t\t<\/div>\n\t\t<\/div>\n\t\t\t\t\t<\/div>\n\t\t<\/section>\n\t\t\t\t<\/div>\n\t\t<span class=\"et_bloom_bottom_trigger\"><\/span>","protected":false},"excerpt":{"rendered":"<p>Sikteskuffer Sikteskuffer fra MB Crusher kan leveres til gravemaskiner, hjullastere, kompaktlastere og traktorgravere. Med et produkter tilpasset b\u00e6rende maskin fra 5 tonn til 40 tonn finnes en l\u00f8sning som passer de fleste. Det er meget enkelt \u00e5 bytte sikteduker i skuffene. Det leveres sikteduker fra 10 &#8211; 100 mm maskest\u00f8rrelse. Hele skuffen og sikteduker er [&hellip;]<\/p>\n","protected":false},"author":1,"featured_media":47687,"parent":47684,"menu_order":0,"comment_status":"closed","ping_status":"closed","template":"","meta":{"_acf_changed":false,"footnotes":""},"class_list":["post-48051","page","type-page","status-publish","has-post-thumbnail","hentry"],"acf":[],"_links":{"self":[{"href":"https:\/\/www.entrack.no\/en\/wp-json\/wp\/v2\/pages\/48051","targetHints":{"allow":["GET"]}}],"collection":[{"href":"https:\/\/www.entrack.no\/en\/wp-json\/wp\/v2\/pages"}],"about":[{"href":"https:\/\/www.entrack.no\/en\/wp-json\/wp\/v2\/types\/page"}],"author":[{"embeddable":true,"href":"https:\/\/www.entrack.no\/en\/wp-json\/wp\/v2\/users\/1"}],"replies":[{"embeddable":true,"href":"https:\/\/www.entrack.no\/en\/wp-json\/wp\/v2\/comments?post=48051"}],"version-history":[{"count":3,"href":"https:\/\/www.entrack.no\/en\/wp-json\/wp\/v2\/pages\/48051\/revisions"}],"predecessor-version":[{"id":63635,"href":"https:\/\/www.entrack.no\/en\/wp-json\/wp\/v2\/pages\/48051\/revisions\/63635"}],"up":[{"embeddable":true,"href":"https:\/\/www.entrack.no\/en\/wp-json\/wp\/v2\/pages\/47684"}],"wp:featuredmedia":[{"embeddable":true,"href":"https:\/\/www.entrack.no\/en\/wp-json\/wp\/v2\/media\/47687"}],"wp:attachment":[{"href":"https:\/\/www.entrack.no\/en\/wp-json\/wp\/v2\/media?parent=48051"}],"curies":[{"name":"wp","href":"https:\/\/api.w.org\/{rel}","templated":true}]}}