{"id":48050,"date":"2020-07-13T13:52:19","date_gmt":"2020-07-13T11:52:19","guid":{"rendered":"https:\/\/www.entrack.no\/?page_id=48050"},"modified":"2025-12-02T15:38:08","modified_gmt":"2025-12-02T14:38:08","slug":"shaft-screener","status":"publish","type":"page","link":"https:\/\/www.entrack.no\/en\/mb-crusher\/shaft-screener\/","title":{"rendered":"Shaft screener"},"content":{"rendered":"<div data-elementor-type=\"wp-post\" data-elementor-id=\"48050\" class=\"elementor elementor-48050\" data-elementor-post-type=\"page\">\n\t\t\t\t\t\t<section class=\"elementor-section elementor-top-section elementor-element elementor-element-70b1b33 elementor-section-boxed elementor-section-height-default elementor-section-height-default\" data-id=\"70b1b33\" data-element_type=\"section\" data-e-type=\"section\">\n\t\t\t\t\t\t<div class=\"elementor-container elementor-column-gap-default\">\n\t\t\t\t\t<div class=\"elementor-column elementor-col-33 elementor-top-column elementor-element elementor-element-a701f58\" data-id=\"a701f58\" data-element_type=\"column\" data-e-type=\"column\">\n\t\t\t<div class=\"elementor-widget-wrap elementor-element-populated\">\n\t\t\t\t\t\t<div class=\"elementor-element elementor-element-415d2e1 elementor-widget elementor-widget-heading\" data-id=\"415d2e1\" data-element_type=\"widget\" data-e-type=\"widget\" data-widget_type=\"heading.default\">\n\t\t\t\t<div class=\"elementor-widget-container\">\n\t\t\t\t\t<h1 class=\"elementor-heading-title elementor-size-default\">Shaft screeners<\/h1>\t\t\t\t<\/div>\n\t\t\t\t<\/div>\n\t\t\t\t<div class=\"elementor-element elementor-element-7e9b4f0 elementor-widget elementor-widget-text-editor\" data-id=\"7e9b4f0\" data-element_type=\"widget\" data-e-type=\"widget\" data-widget_type=\"text-editor.default\">\n\t\t\t\t<div class=\"elementor-widget-container\">\n\t\t\t\t\t\t\t\t\t<p class=\"p1\"><span class=\"s1\">MB Crusher supplies 4 different models of Shaft Screeners. These can be used on everything from excavators, wheel loaders, backhoe loaders to skid steer loaders. <\/span><\/p><p class=\"p1\"><span class=\"s1\">With carrying machine sizes from 3.5 tonnes to 35 tonnes+. All screening buckets have interchangeable cassettes with different shafts depending on what you need to screen. With MB's shaft screeners, you can screen everything from rubbish, wet and dry soils, asphalt and gravel. There are not many limitations here. All versions are of course manufactured in HARDOX. Contact us for a demo of our products. <\/span><\/p>\t\t\t\t\t\t\t\t<\/div>\n\t\t\t\t<\/div>\n\t\t\t\t\t<\/div>\n\t\t<\/div>\n\t\t\t\t<div class=\"elementor-column elementor-col-66 elementor-top-column elementor-element elementor-element-966da88\" data-id=\"966da88\" data-element_type=\"column\" data-e-type=\"column\">\n\t\t\t<div class=\"elementor-widget-wrap elementor-element-populated\">\n\t\t\t\t\t\t<div class=\"elementor-element elementor-element-8aad7f7 elementor-widget elementor-widget-image\" data-id=\"8aad7f7\" data-element_type=\"widget\" data-e-type=\"widget\" data-widget_type=\"image.default\">\n\t\t\t\t<div class=\"elementor-widget-container\">\n\t\t\t\t\t\t\t\t\t\t\t\t\t\t\t<img fetchpriority=\"high\" decoding=\"async\" width=\"800\" height=\"480\" src=\"https:\/\/www.entrack.no\/wp-content\/uploads\/2020\/07\/shaft-screener-mb_crusher-entrack.jpg\" class=\"attachment-large size-large wp-image-47688\" alt=\"\" srcset=\"https:\/\/www.entrack.no\/wp-content\/uploads\/2020\/07\/shaft-screener-mb_crusher-entrack.jpg 1000w, https:\/\/www.entrack.no\/wp-content\/uploads\/2020\/07\/shaft-screener-mb_crusher-entrack-800x480.jpg 800w, https:\/\/www.entrack.no\/wp-content\/uploads\/2020\/07\/shaft-screener-mb_crusher-entrack-300x180.jpg 300w, https:\/\/www.entrack.no\/wp-content\/uploads\/2020\/07\/shaft-screener-mb_crusher-entrack-768x461.jpg 768w\" sizes=\"(max-width: 800px) 100vw, 800px\" \/>\t\t\t\t\t\t\t\t\t\t\t\t\t\t\t<\/div>\n\t\t\t\t<\/div>\n\t\t\t\t\t<\/div>\n\t\t<\/div>\n\t\t\t\t\t<\/div>\n\t\t<\/section>\n\t\t\t\t<section class=\"elementor-section elementor-top-section elementor-element elementor-element-ea7626a elementor-section-boxed elementor-section-height-default elementor-section-height-default\" data-id=\"ea7626a\" data-element_type=\"section\" data-e-type=\"section\">\n\t\t\t\t\t\t<div class=\"elementor-container elementor-column-gap-default\">\n\t\t\t\t\t<div class=\"elementor-column elementor-col-100 elementor-top-column elementor-element elementor-element-c21f1e3\" data-id=\"c21f1e3\" data-element_type=\"column\" data-e-type=\"column\">\n\t\t\t<div class=\"elementor-widget-wrap elementor-element-populated\">\n\t\t\t\t\t\t<div class=\"elementor-element elementor-element-a35db06 elementor-widget-divider--view-line elementor-widget elementor-widget-divider\" data-id=\"a35db06\" data-element_type=\"widget\" data-e-type=\"widget\" data-widget_type=\"divider.default\">\n\t\t\t\t<div class=\"elementor-widget-container\">\n\t\t\t\t\t\t\t<div class=\"elementor-divider\">\n\t\t\t<span class=\"elementor-divider-separator\">\n\t\t\t\t\t\t<\/span>\n\t\t<\/div>\n\t\t\t\t\t\t<\/div>\n\t\t\t\t<\/div>\n\t\t\t\t\t<\/div>\n\t\t<\/div>\n\t\t\t\t\t<\/div>\n\t\t<\/section>\n\t\t\t\t<section class=\"elementor-section elementor-top-section elementor-element elementor-element-b723b83 elementor-section-boxed elementor-section-height-default elementor-section-height-default\" data-id=\"b723b83\" data-element_type=\"section\" data-e-type=\"section\">\n\t\t\t\t\t\t<div class=\"elementor-container elementor-column-gap-default\">\n\t\t\t\t\t<div class=\"elementor-column elementor-col-100 elementor-top-column elementor-element elementor-element-5a5f208\" data-id=\"5a5f208\" data-element_type=\"column\" data-e-type=\"column\">\n\t\t\t<div class=\"elementor-widget-wrap elementor-element-populated\">\n\t\t\t\t\t\t<div class=\"elementor-element elementor-element-e3a6ec4 elementor-widget elementor-widget-text-editor\" data-id=\"e3a6ec4\" data-element_type=\"widget\" data-e-type=\"widget\" data-widget_type=\"text-editor.default\">\n\t\t\t\t<div class=\"elementor-widget-container\">\n\t\t\t\t\t\t\t\t\t<table id=\"customers\"><thead><tr><th>Type<\/th><th><center>Suitable for<\/center><\/th><th>For machines above<\/th><\/tr><\/thead><tbody><tr><td><a href=\"\/en\/product\/mb-hds214\/\">MB-HDS214<\/a><\/td><td><center><img decoding=\"async\" src=\"\/wp-content\/uploads\/2020\/07\/symbol3.png\" width=\"100px\" \/><\/center><\/td><td>3.5 - 12 tonnes<\/td><\/tr><tr><td><a href=\"\/en\/product\/mb-hds314\/\">MB-HDS314<\/a><\/td><td><center><img decoding=\"async\" src=\"\/wp-content\/uploads\/2020\/07\/symbol6.png\" width=\"100px\" \/><\/center><\/td><td>6 - 20 tonnes<\/td><\/tr><tr><td><a href=\"\/en\/product\/mb-hds320\/\">MB-HDS320<\/a><\/td><td><center><img decoding=\"async\" src=\"\/wp-content\/uploads\/2020\/07\/symbol6.png\" width=\"100px\" \/><\/center><\/td><td>9 - 24 tonnes<\/td><\/tr><tr><td><a href=\"\/en\/product\/mb-hds323\/\">MB-HDS323<\/a><\/td><td><center><img decoding=\"async\" src=\"\/wp-content\/uploads\/2020\/07\/symbol6.png\" width=\"100px\" \/><\/center><\/td><td>10 - 35 tonnes<\/td><\/tr><\/tbody><\/table>\t\t\t\t\t\t\t\t<\/div>\n\t\t\t\t<\/div>\n\t\t\t\t\t<\/div>\n\t\t<\/div>\n\t\t\t\t\t<\/div>\n\t\t<\/section>\n\t\t\t\t<\/div>\n\t\t<span class=\"et_bloom_bottom_trigger\"><\/span>","protected":false},"excerpt":{"rendered":"<p>Shaft screenere MB Crusher leverer 4 forskjellige modeller Shaft screenere. Disse kan brukes p\u00e5 alt fra gravemaskiner, hjullastere, traktorgravere til kompaktlastere. Med st\u00f8rrelser p\u00e5 b\u00e6rende maskin fra 3,5 tonn til 35 tonn +. Alle sikteskuffene har utbyttbare kassetter med forskjellige akslinger ettersom hva du skal sikte. Med MB sine shaft screenere kan du sikte alt [&hellip;]<\/p>\n","protected":false},"author":1,"featured_media":47688,"parent":47684,"menu_order":0,"comment_status":"closed","ping_status":"closed","template":"","meta":{"_acf_changed":false,"footnotes":""},"class_list":["post-48050","page","type-page","status-publish","has-post-thumbnail","hentry"],"acf":[],"_links":{"self":[{"href":"https:\/\/www.entrack.no\/en\/wp-json\/wp\/v2\/pages\/48050","targetHints":{"allow":["GET"]}}],"collection":[{"href":"https:\/\/www.entrack.no\/en\/wp-json\/wp\/v2\/pages"}],"about":[{"href":"https:\/\/www.entrack.no\/en\/wp-json\/wp\/v2\/types\/page"}],"author":[{"embeddable":true,"href":"https:\/\/www.entrack.no\/en\/wp-json\/wp\/v2\/users\/1"}],"replies":[{"embeddable":true,"href":"https:\/\/www.entrack.no\/en\/wp-json\/wp\/v2\/comments?post=48050"}],"version-history":[{"count":3,"href":"https:\/\/www.entrack.no\/en\/wp-json\/wp\/v2\/pages\/48050\/revisions"}],"predecessor-version":[{"id":63632,"href":"https:\/\/www.entrack.no\/en\/wp-json\/wp\/v2\/pages\/48050\/revisions\/63632"}],"up":[{"embeddable":true,"href":"https:\/\/www.entrack.no\/en\/wp-json\/wp\/v2\/pages\/47684"}],"wp:featuredmedia":[{"embeddable":true,"href":"https:\/\/www.entrack.no\/en\/wp-json\/wp\/v2\/media\/47688"}],"wp:attachment":[{"href":"https:\/\/www.entrack.no\/en\/wp-json\/wp\/v2\/media?parent=48050"}],"curies":[{"name":"wp","href":"https:\/\/api.w.org\/{rel}","templated":true}]}}