{"id":48049,"date":"2020-07-13T14:05:01","date_gmt":"2020-07-13T12:05:01","guid":{"rendered":"https:\/\/www.entrack.no\/?page_id=48049"},"modified":"2025-11-18T13:22:48","modified_gmt":"2025-11-18T12:22:48","slug":"drum-cutter","status":"publish","type":"page","link":"https:\/\/www.entrack.no\/en\/mb-crusher\/trommelfreser\/","title":{"rendered":"Drum cutter"},"content":{"rendered":"<div data-elementor-type=\"wp-post\" data-elementor-id=\"48049\" class=\"elementor elementor-48049\" data-elementor-post-type=\"page\">\n\t\t\t\t\t\t<section class=\"elementor-section elementor-top-section elementor-element elementor-element-70b1b33 elementor-section-boxed elementor-section-height-default elementor-section-height-default\" data-id=\"70b1b33\" data-element_type=\"section\" data-e-type=\"section\">\n\t\t\t\t\t\t<div class=\"elementor-container elementor-column-gap-default\">\n\t\t\t\t\t<div class=\"elementor-column elementor-col-33 elementor-top-column elementor-element elementor-element-a701f58\" data-id=\"a701f58\" data-element_type=\"column\" data-e-type=\"column\">\n\t\t\t<div class=\"elementor-widget-wrap elementor-element-populated\">\n\t\t\t\t\t\t<div class=\"elementor-element elementor-element-415d2e1 elementor-widget elementor-widget-heading\" data-id=\"415d2e1\" data-element_type=\"widget\" data-e-type=\"widget\" data-widget_type=\"heading.default\">\n\t\t\t\t<div class=\"elementor-widget-container\">\n\t\t\t\t\t<h1 class=\"elementor-heading-title elementor-size-default\">Drum cutter<\/h1>\t\t\t\t<\/div>\n\t\t\t\t<\/div>\n\t\t\t\t<div class=\"elementor-element elementor-element-7e9b4f0 elementor-widget elementor-widget-text-editor\" data-id=\"7e9b4f0\" data-element_type=\"widget\" data-e-type=\"widget\" data-widget_type=\"text-editor.default\">\n\t\t\t\t<div class=\"elementor-widget-container\">\n\t\t\t\t\t\t\t\t\t<p class=\"p1\"><span class=\"s1\">MB Crusher's drum milling machines mill everything from asphalt to concrete. These cutters can withstand the toughest conditions. With interchangeable spikes depending on the material to be milled, they ensure a long service life and good economy. What particularly distinguishes MB's milling cutters from its competitors is the low centre of gravity and the good balance of the product. Available for excavators from 3.5 tonnes, skid steer loaders and up to excavators of 35 tonnes+. Like all other MB products, all MB cutters are manufactured in HARDOX.<\/span><\/p>\t\t\t\t\t\t\t\t<\/div>\n\t\t\t\t<\/div>\n\t\t\t\t\t<\/div>\n\t\t<\/div>\n\t\t\t\t<div class=\"elementor-column elementor-col-66 elementor-top-column elementor-element elementor-element-966da88\" data-id=\"966da88\" data-element_type=\"column\" data-e-type=\"column\">\n\t\t\t<div class=\"elementor-widget-wrap elementor-element-populated\">\n\t\t\t\t\t\t<div class=\"elementor-element elementor-element-8aad7f7 elementor-widget elementor-widget-image\" data-id=\"8aad7f7\" data-element_type=\"widget\" data-e-type=\"widget\" data-widget_type=\"image.default\">\n\t\t\t\t<div class=\"elementor-widget-container\">\n\t\t\t\t\t\t\t\t\t\t\t\t\t\t\t<img fetchpriority=\"high\" decoding=\"async\" width=\"800\" height=\"480\" src=\"https:\/\/www.entrack.no\/wp-content\/uploads\/2020\/07\/trommelfreser-mb_crusher-entrack.jpg\" class=\"attachment-large size-large wp-image-47689\" alt=\"Drum cutter for MB Crusher\" srcset=\"https:\/\/www.entrack.no\/wp-content\/uploads\/2020\/07\/trommelfreser-mb_crusher-entrack.jpg 1000w, https:\/\/www.entrack.no\/wp-content\/uploads\/2020\/07\/trommelfreser-mb_crusher-entrack-800x480.jpg 800w, https:\/\/www.entrack.no\/wp-content\/uploads\/2020\/07\/trommelfreser-mb_crusher-entrack-300x180.jpg 300w, https:\/\/www.entrack.no\/wp-content\/uploads\/2020\/07\/trommelfreser-mb_crusher-entrack-768x461.jpg 768w\" sizes=\"(max-width: 800px) 100vw, 800px\" \/>\t\t\t\t\t\t\t\t\t\t\t\t\t\t\t<\/div>\n\t\t\t\t<\/div>\n\t\t\t\t\t<\/div>\n\t\t<\/div>\n\t\t\t\t\t<\/div>\n\t\t<\/section>\n\t\t\t\t<section class=\"elementor-section elementor-top-section elementor-element elementor-element-ea7626a elementor-section-boxed elementor-section-height-default elementor-section-height-default\" data-id=\"ea7626a\" data-element_type=\"section\" data-e-type=\"section\">\n\t\t\t\t\t\t<div class=\"elementor-container elementor-column-gap-default\">\n\t\t\t\t\t<div class=\"elementor-column elementor-col-100 elementor-top-column elementor-element elementor-element-c21f1e3\" data-id=\"c21f1e3\" data-element_type=\"column\" data-e-type=\"column\">\n\t\t\t<div class=\"elementor-widget-wrap elementor-element-populated\">\n\t\t\t\t\t\t<div class=\"elementor-element elementor-element-a35db06 elementor-widget-divider--view-line elementor-widget elementor-widget-divider\" data-id=\"a35db06\" data-element_type=\"widget\" data-e-type=\"widget\" data-widget_type=\"divider.default\">\n\t\t\t\t<div class=\"elementor-widget-container\">\n\t\t\t\t\t\t\t<div class=\"elementor-divider\">\n\t\t\t<span class=\"elementor-divider-separator\">\n\t\t\t\t\t\t<\/span>\n\t\t<\/div>\n\t\t\t\t\t\t<\/div>\n\t\t\t\t<\/div>\n\t\t\t\t\t<\/div>\n\t\t<\/div>\n\t\t\t\t\t<\/div>\n\t\t<\/section>\n\t\t\t\t<section class=\"elementor-section elementor-top-section elementor-element elementor-element-b723b83 elementor-section-boxed elementor-section-height-default elementor-section-height-default\" data-id=\"b723b83\" data-element_type=\"section\" data-e-type=\"section\">\n\t\t\t\t\t\t<div class=\"elementor-container elementor-column-gap-default\">\n\t\t\t\t\t<div class=\"elementor-column elementor-col-100 elementor-top-column elementor-element elementor-element-5a5f208\" data-id=\"5a5f208\" data-element_type=\"column\" data-e-type=\"column\">\n\t\t\t<div class=\"elementor-widget-wrap elementor-element-populated\">\n\t\t\t\t\t\t<div class=\"elementor-element elementor-element-e3a6ec4 elementor-widget elementor-widget-text-editor\" data-id=\"e3a6ec4\" data-element_type=\"widget\" data-e-type=\"widget\" data-widget_type=\"text-editor.default\">\n\t\t\t\t<div class=\"elementor-widget-container\">\n\t\t\t\t\t\t\t\t\t<table id=\"customers\"><thead><tr><th>Type<\/th><th><center>Suitable for<\/center><\/th><th>For machines above<\/th><\/tr><\/thead><tbody><tr><td><a href=\"\/en\/product\/mb-r500\/\">MB-R500<\/a><\/td><td><center><img decoding=\"async\" src=\"\/wp-content\/uploads\/2020\/07\/symbol7.png\" width=\"100px\" \/><\/center><\/td><td>3.5 - 11 tonnes<\/td><\/tr><tr><td><a href=\"\/en\/product\/mb-r700\/\">MB-R700<\/a><\/td><td><center><img decoding=\"async\" src=\"\/wp-content\/uploads\/2020\/07\/symbol8.png\" width=\"100px\" \/><\/center><\/td><td>6 - 13 tonnes<\/td><\/tr><tr><td><a href=\"\/en\/product\/mb-r800\/\">MB-R800<\/a><\/td><td><center><img decoding=\"async\" src=\"\/wp-content\/uploads\/2020\/07\/symbol2.png\" width=\"100px\" \/><\/center><\/td><td>6 - 13 tonnes<\/td><\/tr><tr><td><a href=\"\/en\/product\/mb-r900\/\">MB-R900<\/a><\/td><td><center><img decoding=\"async\" src=\"\/wp-content\/uploads\/2020\/07\/symbol2.png\" width=\"100px\" \/><\/center><\/td><td>6 - 13 tonnes<\/td><\/tr><\/tbody><\/table>\t\t\t\t\t\t\t\t<\/div>\n\t\t\t\t<\/div>\n\t\t\t\t\t<\/div>\n\t\t<\/div>\n\t\t\t\t\t<\/div>\n\t\t<\/section>\n\t\t\t\t<\/div>\n\t\t<span class=\"et_bloom_bottom_trigger\"><\/span>","protected":false},"excerpt":{"rendered":"<p>Trommelfreser MB Crusher sine trommelfresere freser alt fra asfalt til betong. Disse fresene t\u00e5ler de hardeste p\u00e5kjenninger. Med utbyttbare pigger ettersom materialet som skal freses sikrer man lang levetid og god \u00f8konomi. Det som spesielt skiller MB sine freser fra konkurrentene, er det lave tyngdepunktet og den gode balansen i produktet. Levers til gravemaskiner fra [&hellip;]<\/p>\n","protected":false},"author":1,"featured_media":47689,"parent":47684,"menu_order":0,"comment_status":"closed","ping_status":"closed","template":"","meta":{"_acf_changed":false,"footnotes":""},"class_list":["post-48049","page","type-page","status-publish","has-post-thumbnail","hentry"],"acf":[],"_links":{"self":[{"href":"https:\/\/www.entrack.no\/en\/wp-json\/wp\/v2\/pages\/48049","targetHints":{"allow":["GET"]}}],"collection":[{"href":"https:\/\/www.entrack.no\/en\/wp-json\/wp\/v2\/pages"}],"about":[{"href":"https:\/\/www.entrack.no\/en\/wp-json\/wp\/v2\/types\/page"}],"author":[{"embeddable":true,"href":"https:\/\/www.entrack.no\/en\/wp-json\/wp\/v2\/users\/1"}],"replies":[{"embeddable":true,"href":"https:\/\/www.entrack.no\/en\/wp-json\/wp\/v2\/comments?post=48049"}],"version-history":[{"count":3,"href":"https:\/\/www.entrack.no\/en\/wp-json\/wp\/v2\/pages\/48049\/revisions"}],"predecessor-version":[{"id":63629,"href":"https:\/\/www.entrack.no\/en\/wp-json\/wp\/v2\/pages\/48049\/revisions\/63629"}],"up":[{"embeddable":true,"href":"https:\/\/www.entrack.no\/en\/wp-json\/wp\/v2\/pages\/47684"}],"wp:featuredmedia":[{"embeddable":true,"href":"https:\/\/www.entrack.no\/en\/wp-json\/wp\/v2\/media\/47689"}],"wp:attachment":[{"href":"https:\/\/www.entrack.no\/en\/wp-json\/wp\/v2\/media?parent=48049"}],"curies":[{"name":"wp","href":"https:\/\/api.w.org\/{rel}","templated":true}]}}