{"id":48048,"date":"2020-07-13T14:10:10","date_gmt":"2020-07-13T12:10:10","guid":{"rendered":"https:\/\/www.entrack.no\/?page_id=48048"},"modified":"2025-11-24T13:05:45","modified_gmt":"2025-11-24T12:05:45","slug":"sorting-gripper","status":"publish","type":"page","link":"https:\/\/www.entrack.no\/en\/mb-crusher\/sorteringsgriper\/","title":{"rendered":"Sorting gripper"},"content":{"rendered":"<div data-elementor-type=\"wp-post\" data-elementor-id=\"48048\" class=\"elementor elementor-48048\" data-elementor-post-type=\"page\">\n\t\t\t\t\t\t<section class=\"elementor-section elementor-top-section elementor-element elementor-element-70b1b33 elementor-section-boxed elementor-section-height-default elementor-section-height-default\" data-id=\"70b1b33\" data-element_type=\"section\" data-e-type=\"section\">\n\t\t\t\t\t\t<div class=\"elementor-container elementor-column-gap-default\">\n\t\t\t\t\t<div class=\"elementor-column elementor-col-33 elementor-top-column elementor-element elementor-element-a701f58\" data-id=\"a701f58\" data-element_type=\"column\" data-e-type=\"column\">\n\t\t\t<div class=\"elementor-widget-wrap elementor-element-populated\">\n\t\t\t\t\t\t<div class=\"elementor-element elementor-element-415d2e1 elementor-widget elementor-widget-heading\" data-id=\"415d2e1\" data-element_type=\"widget\" data-e-type=\"widget\" data-widget_type=\"heading.default\">\n\t\t\t\t<div class=\"elementor-widget-container\">\n\t\t\t\t\t<h1 class=\"elementor-heading-title elementor-size-default\">Sorting grabs<\/h1>\t\t\t\t<\/div>\n\t\t\t\t<\/div>\n\t\t\t\t<div class=\"elementor-element elementor-element-7e9b4f0 elementor-widget elementor-widget-text-editor\" data-id=\"7e9b4f0\" data-element_type=\"widget\" data-e-type=\"widget\" data-widget_type=\"text-editor.default\">\n\t\t\t\t<div class=\"elementor-widget-container\">\n\t\t\t\t\t\t\t\t\t<p class=\"p1\"><span class=\"s1\">Manufactured 100% in HARDOX, these are the best sorting grapples on the market. All MB grapples are originally supplied with a rotator. But can be supplied without if desired. There is a large selection of different jaws and accessories on these grapples, depending on what the grapple will be used for. Be it dredging or demolition, sorting or stone lifting. There are many possibilities here. Contact our sales team for more information about MB grapples. <\/span><\/p>\t\t\t\t\t\t\t\t<\/div>\n\t\t\t\t<\/div>\n\t\t\t\t\t<\/div>\n\t\t<\/div>\n\t\t\t\t<div class=\"elementor-column elementor-col-66 elementor-top-column elementor-element elementor-element-966da88\" data-id=\"966da88\" data-element_type=\"column\" data-e-type=\"column\">\n\t\t\t<div class=\"elementor-widget-wrap elementor-element-populated\">\n\t\t\t\t\t\t<div class=\"elementor-element elementor-element-8aad7f7 elementor-widget elementor-widget-image\" data-id=\"8aad7f7\" data-element_type=\"widget\" data-e-type=\"widget\" data-widget_type=\"image.default\">\n\t\t\t\t<div class=\"elementor-widget-container\">\n\t\t\t\t\t\t\t\t\t\t\t\t\t\t\t<img fetchpriority=\"high\" decoding=\"async\" width=\"800\" height=\"480\" src=\"https:\/\/www.entrack.no\/wp-content\/uploads\/2020\/07\/sorteringsgripere-mb_crusher-entrack.jpg\" class=\"attachment-large size-large wp-image-47690\" alt=\"\" srcset=\"https:\/\/www.entrack.no\/wp-content\/uploads\/2020\/07\/sorteringsgripere-mb_crusher-entrack.jpg 1000w, https:\/\/www.entrack.no\/wp-content\/uploads\/2020\/07\/sorteringsgripere-mb_crusher-entrack-800x480.jpg 800w, https:\/\/www.entrack.no\/wp-content\/uploads\/2020\/07\/sorteringsgripere-mb_crusher-entrack-300x180.jpg 300w, https:\/\/www.entrack.no\/wp-content\/uploads\/2020\/07\/sorteringsgripere-mb_crusher-entrack-768x461.jpg 768w\" sizes=\"(max-width: 800px) 100vw, 800px\" \/>\t\t\t\t\t\t\t\t\t\t\t\t\t\t\t<\/div>\n\t\t\t\t<\/div>\n\t\t\t\t\t<\/div>\n\t\t<\/div>\n\t\t\t\t\t<\/div>\n\t\t<\/section>\n\t\t\t\t<section class=\"elementor-section elementor-top-section elementor-element elementor-element-ea7626a elementor-section-boxed elementor-section-height-default elementor-section-height-default\" data-id=\"ea7626a\" data-element_type=\"section\" data-e-type=\"section\">\n\t\t\t\t\t\t<div class=\"elementor-container elementor-column-gap-default\">\n\t\t\t\t\t<div class=\"elementor-column elementor-col-100 elementor-top-column elementor-element elementor-element-c21f1e3\" data-id=\"c21f1e3\" data-element_type=\"column\" data-e-type=\"column\">\n\t\t\t<div class=\"elementor-widget-wrap elementor-element-populated\">\n\t\t\t\t\t\t<div class=\"elementor-element elementor-element-a35db06 elementor-widget-divider--view-line elementor-widget elementor-widget-divider\" data-id=\"a35db06\" data-element_type=\"widget\" data-e-type=\"widget\" data-widget_type=\"divider.default\">\n\t\t\t\t<div class=\"elementor-widget-container\">\n\t\t\t\t\t\t\t<div class=\"elementor-divider\">\n\t\t\t<span class=\"elementor-divider-separator\">\n\t\t\t\t\t\t<\/span>\n\t\t<\/div>\n\t\t\t\t\t\t<\/div>\n\t\t\t\t<\/div>\n\t\t\t\t\t<\/div>\n\t\t<\/div>\n\t\t\t\t\t<\/div>\n\t\t<\/section>\n\t\t\t\t<section class=\"elementor-section elementor-top-section elementor-element elementor-element-b723b83 elementor-section-boxed elementor-section-height-default elementor-section-height-default\" data-id=\"b723b83\" data-element_type=\"section\" data-e-type=\"section\">\n\t\t\t\t\t\t<div class=\"elementor-container elementor-column-gap-default\">\n\t\t\t\t\t<div class=\"elementor-column elementor-col-100 elementor-top-column elementor-element elementor-element-5a5f208\" data-id=\"5a5f208\" data-element_type=\"column\" data-e-type=\"column\">\n\t\t\t<div class=\"elementor-widget-wrap elementor-element-populated\">\n\t\t\t\t\t\t<div class=\"elementor-element elementor-element-e3a6ec4 elementor-widget elementor-widget-text-editor\" data-id=\"e3a6ec4\" data-element_type=\"widget\" data-e-type=\"widget\" data-widget_type=\"text-editor.default\">\n\t\t\t\t<div class=\"elementor-widget-container\">\n\t\t\t\t\t\t\t\t\t<table id=\"customers\"><thead><tr><th>Type<\/th><th><center>Suitable for<\/center><\/th><th>For machines above<\/th><\/tr><\/thead><tbody><tr><td><a href=\"\/en\/product\/mb-g600-s4\/\">MB-G600 S4<\/a><\/td><td><center><img decoding=\"async\" src=\"\/wp-content\/uploads\/2020\/07\/symbol2.png\" width=\"100px\" \/><\/center><\/td><td>6-12 tonnes<\/td><\/tr><tr><td><a href=\"\/en\/product\/mb-g900-s4\/\">MB-G900 S4<\/a><\/td><td><center><img decoding=\"async\" src=\"\/wp-content\/uploads\/2020\/07\/symbol2.png\" width=\"100px\" \/><\/center><\/td><td>12 - 18 tonnes<\/td><\/tr><tr><td><a href=\"\/en\/product\/mb-g1200-s4\/\">MB-G1200 S4<\/a><\/td><td><center><img decoding=\"async\" src=\"\/wp-content\/uploads\/2020\/07\/symbol2.png\" width=\"100px\" \/><\/center><\/td><td>18 - 30 tonnes<\/td><\/tr><tr><td><a href=\"\/en\/product\/mb-g1500-s4\/\">MB-G1500 S4<\/a><\/td><td><center><img decoding=\"async\" src=\"\/wp-content\/uploads\/2020\/07\/symbol2.png\" width=\"100px\" \/><\/center><\/td><td>20 - 30 tonnes<\/td><\/tr><\/tbody><\/table>\t\t\t\t\t\t\t\t<\/div>\n\t\t\t\t<\/div>\n\t\t\t\t\t<\/div>\n\t\t<\/div>\n\t\t\t\t\t<\/div>\n\t\t<\/section>\n\t\t\t\t<\/div>\n\t\t<span class=\"et_bloom_bottom_trigger\"><\/span>","protected":false},"excerpt":{"rendered":"<p>Sorteringsgripere Produsert 100% i HARDOX er dette markedets beste sorteringsgripere. Alle MB sine gripere leveres originalt med rotator. Men kan leveres uten hvis det er \u00f8nskelig. P\u00e5 disse klypene er det et stort utvalg av forskjellig kjefter og tilbeh\u00f8r ettersom hva griperen skal brukes til. Det v\u00e6re seg mudring eller rivning, sortering eller steinl\u00f8fting. Her [&hellip;]<\/p>\n","protected":false},"author":1,"featured_media":47690,"parent":47684,"menu_order":0,"comment_status":"closed","ping_status":"closed","template":"","meta":{"_acf_changed":false,"footnotes":""},"class_list":["post-48048","page","type-page","status-publish","has-post-thumbnail","hentry"],"acf":[],"_links":{"self":[{"href":"https:\/\/www.entrack.no\/en\/wp-json\/wp\/v2\/pages\/48048","targetHints":{"allow":["GET"]}}],"collection":[{"href":"https:\/\/www.entrack.no\/en\/wp-json\/wp\/v2\/pages"}],"about":[{"href":"https:\/\/www.entrack.no\/en\/wp-json\/wp\/v2\/types\/page"}],"author":[{"embeddable":true,"href":"https:\/\/www.entrack.no\/en\/wp-json\/wp\/v2\/users\/1"}],"replies":[{"embeddable":true,"href":"https:\/\/www.entrack.no\/en\/wp-json\/wp\/v2\/comments?post=48048"}],"version-history":[{"count":5,"href":"https:\/\/www.entrack.no\/en\/wp-json\/wp\/v2\/pages\/48048\/revisions"}],"predecessor-version":[{"id":63970,"href":"https:\/\/www.entrack.no\/en\/wp-json\/wp\/v2\/pages\/48048\/revisions\/63970"}],"up":[{"embeddable":true,"href":"https:\/\/www.entrack.no\/en\/wp-json\/wp\/v2\/pages\/47684"}],"wp:featuredmedia":[{"embeddable":true,"href":"https:\/\/www.entrack.no\/en\/wp-json\/wp\/v2\/media\/47690"}],"wp:attachment":[{"href":"https:\/\/www.entrack.no\/en\/wp-json\/wp\/v2\/media?parent=48048"}],"curies":[{"name":"wp","href":"https:\/\/api.w.org\/{rel}","templated":true}]}}