{"id":48033,"date":"2020-07-13T13:17:28","date_gmt":"2020-07-13T11:17:28","guid":{"rendered":"https:\/\/www.entrack.no\/?page_id=48033"},"modified":"2025-11-24T14:40:55","modified_gmt":"2025-11-24T13:40:55","slug":"crushable-drawers","status":"publish","type":"page","link":"https:\/\/www.entrack.no\/en\/mb-crusher\/knuseskuffer\/","title":{"rendered":"Crush drawers"},"content":{"rendered":"<div data-elementor-type=\"wp-post\" data-elementor-id=\"48033\" class=\"elementor elementor-48033\" data-elementor-post-type=\"page\">\n\t\t\t\t\t\t<section class=\"elementor-section elementor-top-section elementor-element elementor-element-70b1b33 elementor-section-boxed elementor-section-height-default elementor-section-height-default\" data-id=\"70b1b33\" data-element_type=\"section\" data-e-type=\"section\">\n\t\t\t\t\t\t<div class=\"elementor-container elementor-column-gap-default\">\n\t\t\t\t\t<div class=\"elementor-column elementor-col-33 elementor-top-column elementor-element elementor-element-a701f58\" data-id=\"a701f58\" data-element_type=\"column\" data-e-type=\"column\">\n\t\t\t<div class=\"elementor-widget-wrap elementor-element-populated\">\n\t\t\t\t\t\t<div class=\"elementor-element elementor-element-415d2e1 elementor-widget elementor-widget-heading\" data-id=\"415d2e1\" data-element_type=\"widget\" data-e-type=\"widget\" data-widget_type=\"heading.default\">\n\t\t\t\t<div class=\"elementor-widget-container\">\n\t\t\t\t\t<h1 class=\"elementor-heading-title elementor-size-default\">Crush drawers<\/h1>\t\t\t\t<\/div>\n\t\t\t\t<\/div>\n\t\t\t\t<div class=\"elementor-element elementor-element-7e9b4f0 elementor-widget elementor-widget-text-editor\" data-id=\"7e9b4f0\" data-element_type=\"widget\" data-e-type=\"widget\" data-widget_type=\"text-editor.default\">\n\t\t\t\t<div class=\"elementor-widget-container\">\n\t\t\t\t\t\t\t\t\t<p class=\"p1\"><span class=\"s1\">MB Crusher supplies crusher buckets for excavators, skid steer loaders and backhoe loaders. With a model programme ranging from 3-tonne to over 70-tonne load-bearing machines, we have a solution for whatever you need. Crushing buckets are very versatile and can crush everything from glass to granite. All products are manufactured in HARDOX.<\/span><\/p>\t\t\t\t\t\t\t\t<\/div>\n\t\t\t\t<\/div>\n\t\t\t\t\t<\/div>\n\t\t<\/div>\n\t\t\t\t<div class=\"elementor-column elementor-col-66 elementor-top-column elementor-element elementor-element-966da88\" data-id=\"966da88\" data-element_type=\"column\" data-e-type=\"column\">\n\t\t\t<div class=\"elementor-widget-wrap elementor-element-populated\">\n\t\t\t\t\t\t<div class=\"elementor-element elementor-element-8aad7f7 elementor-widget elementor-widget-image\" data-id=\"8aad7f7\" data-element_type=\"widget\" data-e-type=\"widget\" data-widget_type=\"image.default\">\n\t\t\t\t<div class=\"elementor-widget-container\">\n\t\t\t\t\t\t\t\t\t\t\t\t\t\t\t<img fetchpriority=\"high\" decoding=\"async\" width=\"800\" height=\"480\" src=\"https:\/\/www.entrack.no\/wp-content\/uploads\/2020\/07\/knuseskuffer-mb_crusher-entrack.jpg\" class=\"attachment-large size-large wp-image-47686\" alt=\"\" srcset=\"https:\/\/www.entrack.no\/wp-content\/uploads\/2020\/07\/knuseskuffer-mb_crusher-entrack.jpg 1000w, https:\/\/www.entrack.no\/wp-content\/uploads\/2020\/07\/knuseskuffer-mb_crusher-entrack-800x480.jpg 800w, https:\/\/www.entrack.no\/wp-content\/uploads\/2020\/07\/knuseskuffer-mb_crusher-entrack-300x180.jpg 300w, https:\/\/www.entrack.no\/wp-content\/uploads\/2020\/07\/knuseskuffer-mb_crusher-entrack-768x461.jpg 768w\" sizes=\"(max-width: 800px) 100vw, 800px\" \/>\t\t\t\t\t\t\t\t\t\t\t\t\t\t\t<\/div>\n\t\t\t\t<\/div>\n\t\t\t\t\t<\/div>\n\t\t<\/div>\n\t\t\t\t\t<\/div>\n\t\t<\/section>\n\t\t\t\t<section class=\"elementor-section elementor-top-section elementor-element elementor-element-ea7626a elementor-section-boxed elementor-section-height-default elementor-section-height-default\" data-id=\"ea7626a\" data-element_type=\"section\" data-e-type=\"section\">\n\t\t\t\t\t\t<div class=\"elementor-container elementor-column-gap-default\">\n\t\t\t\t\t<div class=\"elementor-column elementor-col-100 elementor-top-column elementor-element elementor-element-c21f1e3\" data-id=\"c21f1e3\" data-element_type=\"column\" data-e-type=\"column\">\n\t\t\t<div class=\"elementor-widget-wrap elementor-element-populated\">\n\t\t\t\t\t\t<div class=\"elementor-element elementor-element-a35db06 elementor-widget-divider--view-line elementor-widget elementor-widget-divider\" data-id=\"a35db06\" data-element_type=\"widget\" data-e-type=\"widget\" data-widget_type=\"divider.default\">\n\t\t\t\t<div class=\"elementor-widget-container\">\n\t\t\t\t\t\t\t<div class=\"elementor-divider\">\n\t\t\t<span class=\"elementor-divider-separator\">\n\t\t\t\t\t\t<\/span>\n\t\t<\/div>\n\t\t\t\t\t\t<\/div>\n\t\t\t\t<\/div>\n\t\t\t\t\t<\/div>\n\t\t<\/div>\n\t\t\t\t\t<\/div>\n\t\t<\/section>\n\t\t\t\t<section class=\"elementor-section elementor-top-section elementor-element elementor-element-b723b83 elementor-section-boxed elementor-section-height-default elementor-section-height-default\" data-id=\"b723b83\" data-element_type=\"section\" data-e-type=\"section\">\n\t\t\t\t\t\t<div class=\"elementor-container elementor-column-gap-default\">\n\t\t\t\t\t<div class=\"elementor-column elementor-col-100 elementor-top-column elementor-element elementor-element-5a5f208\" data-id=\"5a5f208\" data-element_type=\"column\" data-e-type=\"column\">\n\t\t\t<div class=\"elementor-widget-wrap elementor-element-populated\">\n\t\t\t\t\t\t<div class=\"elementor-element elementor-element-e3a6ec4 elementor-widget elementor-widget-text-editor\" data-id=\"e3a6ec4\" data-element_type=\"widget\" data-e-type=\"widget\" data-widget_type=\"text-editor.default\">\n\t\t\t\t<div class=\"elementor-widget-container\">\n\t\t\t\t\t\t\t\t\t<table id=\"customers\"><thead><tr><th>Type<\/th><th><center>Suitable for<\/center><\/th><th>For machines above<\/th><\/tr><\/thead><tbody><tr><td><a href=\"\/en\/product\/mb-c50-s4\/\">MB-C50 S2<\/a><\/td><td><center><img decoding=\"async\" src=\"\/wp-content\/uploads\/2020\/07\/symbol1.png\" width=\"100px\" \/><\/center><\/td><td>5 tonnes<\/td><\/tr><tr><td><a href=\"\/en\/product\/bf60-1-s4\/\">BF60.1 S4<\/a><\/td><td><center><img decoding=\"async\" src=\"\/wp-content\/uploads\/2020\/07\/symbol2.png\" width=\"100px\" \/><\/center><\/td><td>8 tonnes<\/td><\/tr><tr><td><a href=\"\/en\/product\/bf70-2-s4\/\">BF70.2 S4<\/a><\/td><td><center><img decoding=\"async\" src=\"\/wp-content\/uploads\/2020\/07\/symbol2.png\" width=\"100px\" \/><\/center><\/td><td>14 tonnes<\/td><\/tr><tr><td><a href=\"\/en\/product\/bf80-3-s4\/\">BF80.3 S4<\/a><\/td><td><center><img decoding=\"async\" src=\"\/wp-content\/uploads\/2020\/07\/symbol2.png\" width=\"100px\" \/><\/center><\/td><td>18.5 tonnes<\/td><\/tr><tr><td><a href=\"\/en\/product\/bf90-3-s4\/\">BF90.4 S4<\/a><\/td><td><center><img decoding=\"async\" src=\"\/wp-content\/uploads\/2020\/07\/symbol2.png\" width=\"100px\" \/><\/center><\/td><td>23 tonnes<\/td><\/tr><tr><td>BF120.5 S4<\/td><td><center><img decoding=\"async\" src=\"\/wp-content\/uploads\/2020\/07\/symbol2.png\" width=\"100px\" \/><\/center><\/td><td>30 tonnes<\/td><\/tr><tr><td><a href=\"\/en\/product\/bf120-4-s4\/\">BF120.4 S4<\/a><\/td><td><center><img decoding=\"async\" src=\"\/wp-content\/uploads\/2020\/07\/symbol2.png\" width=\"100px\" \/><\/center><\/td><td>30 tonnes<\/td><\/tr><tr><td><a href=\"\/en\/product\/bf135-8\/\">BF135.8<\/a><\/td><td><center><img decoding=\"async\" src=\"\/wp-content\/uploads\/2020\/07\/symbol2.png\" width=\"100px\" \/><\/center><\/td><td>43 tonnes<\/td><\/tr><tr><td><a href=\"\/en\/product\/bf150-10\/\">BF150.10<\/a><\/td><td><center><img decoding=\"async\" src=\"\/wp-content\/uploads\/2020\/07\/symbol2.png\" width=\"100px\" \/><\/center><\/td><td>70 tonnes<\/td><\/tr><tr><td><a href=\"\/en\/product\/mb-l120-s2\/\">MB-L120 S2<\/a><\/td><td><center><img decoding=\"async\" src=\"\/wp-content\/uploads\/2020\/07\/symbol3.png\" width=\"200px\" \/><\/center><\/td><td>2.8 - 12 tonnes<\/td><\/tr><tr><td><a href=\"\/en\/product\/mb-l140-s2\/\">MB-L140 S2<\/a><\/td><td><center><img decoding=\"async\" src=\"\/wp-content\/uploads\/2020\/07\/symbol3.png\" width=\"200px\" \/><\/center><\/td><td>3 - 13 tonnes<\/td><\/tr><tr><td><a href=\"\/en\/product\/mb-l160-s2\/\">MB-L160 S2<\/a><\/td><td><center><img decoding=\"async\" src=\"\/wp-content\/uploads\/2020\/07\/symbol4.png\" width=\"180px\" \/><\/center><\/td><td>4.5 - 16 tonnes<\/td><\/tr><tr><td><a href=\"\/en\/product\/mb-l200-s2\/\">MB-L1200 S2<\/a><\/td><td><center><img decoding=\"async\" src=\"\/wp-content\/uploads\/2020\/07\/symbol4.png\" width=\"180px\" \/><\/center><\/td><td>6 - 17 tonnes<\/td><\/tr><\/tbody><\/table>\t\t\t\t\t\t\t\t<\/div>\n\t\t\t\t<\/div>\n\t\t\t\t\t<\/div>\n\t\t<\/div>\n\t\t\t\t\t<\/div>\n\t\t<\/section>\n\t\t\t\t<\/div>\n\t\t<span class=\"et_bloom_bottom_trigger\"><\/span>","protected":false},"excerpt":{"rendered":"<p>Knuseskuffer MB Crusher leverer knuseskuffer til b\u00e5de gravemaskiner, kompaktlastere og traktorgravere. Med et modellprogram som strekker seg fra b\u00e6rende maskin p\u00e5 3 tonn til over 70 tonn, har vi en l\u00f8sning for det du m\u00e5tte trenge. Knuseskuffer er meget allsidige og kan knuse alt fra glass til granitt. Alle produkter er produsert i HARDOX. Type [&hellip;]<\/p>\n","protected":false},"author":1,"featured_media":47686,"parent":47684,"menu_order":0,"comment_status":"closed","ping_status":"closed","template":"","meta":{"_acf_changed":false,"footnotes":""},"class_list":["post-48033","page","type-page","status-publish","has-post-thumbnail","hentry"],"acf":[],"_links":{"self":[{"href":"https:\/\/www.entrack.no\/en\/wp-json\/wp\/v2\/pages\/48033","targetHints":{"allow":["GET"]}}],"collection":[{"href":"https:\/\/www.entrack.no\/en\/wp-json\/wp\/v2\/pages"}],"about":[{"href":"https:\/\/www.entrack.no\/en\/wp-json\/wp\/v2\/types\/page"}],"author":[{"embeddable":true,"href":"https:\/\/www.entrack.no\/en\/wp-json\/wp\/v2\/users\/1"}],"replies":[{"embeddable":true,"href":"https:\/\/www.entrack.no\/en\/wp-json\/wp\/v2\/comments?post=48033"}],"version-history":[{"count":3,"href":"https:\/\/www.entrack.no\/en\/wp-json\/wp\/v2\/pages\/48033\/revisions"}],"predecessor-version":[{"id":63641,"href":"https:\/\/www.entrack.no\/en\/wp-json\/wp\/v2\/pages\/48033\/revisions\/63641"}],"up":[{"embeddable":true,"href":"https:\/\/www.entrack.no\/en\/wp-json\/wp\/v2\/pages\/47684"}],"wp:featuredmedia":[{"embeddable":true,"href":"https:\/\/www.entrack.no\/en\/wp-json\/wp\/v2\/media\/47686"}],"wp:attachment":[{"href":"https:\/\/www.entrack.no\/en\/wp-json\/wp\/v2\/media?parent=48033"}],"curies":[{"name":"wp","href":"https:\/\/api.w.org\/{rel}","templated":true}]}}