{"id":47902,"date":"2020-07-13T11:36:09","date_gmt":"2020-07-13T09:36:09","guid":{"rendered":"https:\/\/www.entrack.no\/?page_id=47902"},"modified":"2025-11-24T13:30:52","modified_gmt":"2025-11-24T12:30:52","slug":"brewing-equipment","status":"publish","type":"page","link":"https:\/\/www.entrack.no\/en\/utstyr\/broyteutstyr\/","title":{"rendered":"Snow clearing equipment"},"content":{"rendered":"<div data-elementor-type=\"wp-post\" data-elementor-id=\"47902\" class=\"elementor elementor-47902\" data-elementor-post-type=\"page\">\n\t\t\t\t\t\t<section class=\"elementor-section elementor-top-section elementor-element elementor-element-360b3de elementor-section-boxed elementor-section-height-default elementor-section-height-default\" data-id=\"360b3de\" data-element_type=\"section\" data-e-type=\"section\">\n\t\t\t\t\t\t<div class=\"elementor-container elementor-column-gap-default\">\n\t\t\t\t\t<div class=\"elementor-column elementor-col-100 elementor-top-column elementor-element elementor-element-7faaba2\" data-id=\"7faaba2\" data-element_type=\"column\" data-e-type=\"column\">\n\t\t\t<div class=\"elementor-widget-wrap elementor-element-populated\">\n\t\t\t\t\t\t<div class=\"elementor-element elementor-element-415d2e1 elementor-widget elementor-widget-heading\" data-id=\"415d2e1\" data-element_type=\"widget\" data-e-type=\"widget\" data-widget_type=\"heading.default\">\n\t\t\t\t<div class=\"elementor-widget-container\">\n\t\t\t\t\t<h1 class=\"elementor-heading-title elementor-size-default\">Efficient ploughing equipment from Tokvam and Siljum<\/h1>\t\t\t\t<\/div>\n\t\t\t\t<\/div>\n\t\t\t\t<div class=\"elementor-element elementor-element-8752e13 elementor-widget elementor-widget-text-editor\" data-id=\"8752e13\" data-element_type=\"widget\" data-e-type=\"widget\" data-widget_type=\"text-editor.default\">\n\t\t\t\t<div class=\"elementor-widget-container\">\n\t\t\t\t\t\t\t\t\t<p>At Entrack AS, we are an experienced supplier of ploughing equipment and work with several recognised manufacturers. Our main partners are <strong data-start=\"398\" data-end=\"435\">Siljum, Tokvam, Tuchel and Siringe<\/strong>, but we also provide other snow removal equipment on request to meet specific needs.<\/p>\n<ul>\n<li><b>Siljum<\/b> delivers robust snow ploughs, multiploughs, U-ploughs and ice shredders, designed for efficient winter operations and road maintenance.<\/li>\n<li><b>Tokvam<\/b> specialises in high-quality snow blowers, snow blowers and snow cutters, widely used by both private and public winter maintenance operators.<\/li>\n<li><b>Sirings <\/b>focuses on durable ploughing equipment adapted to Nordic conditions, with a wide range of ploughs in different sizes.<br><br><\/li>\n<\/ul>\n<p>With our wide range of ploughing equipment for demanding winter conditions, we'll help you find the right solutions - whether you run a professional ploughing business or need equipment for your own operations.<\/p>\t\t\t\t\t\t\t\t<\/div>\n\t\t\t\t<\/div>\n\t\t\t\t\t<\/div>\n\t\t<\/div>\n\t\t\t\t\t<\/div>\n\t\t<\/section>\n\t\t\t\t<section class=\"elementor-section elementor-top-section elementor-element elementor-element-37a9cd2 elementor-section-boxed elementor-section-height-default elementor-section-height-default\" data-id=\"37a9cd2\" data-element_type=\"section\" data-e-type=\"section\">\n\t\t\t\t\t\t<div class=\"elementor-container elementor-column-gap-wide\">\n\t\t\t\t\t<div class=\"elementor-column elementor-col-50 elementor-top-column elementor-element elementor-element-c1be3ae\" data-id=\"c1be3ae\" data-element_type=\"column\" data-e-type=\"column\">\n\t\t\t<div class=\"elementor-widget-wrap elementor-element-populated\">\n\t\t\t\t\t\t<div class=\"elementor-element elementor-element-c0a402b elementor-position-top elementor-widget elementor-widget-image-box\" data-id=\"c0a402b\" data-element_type=\"widget\" data-e-type=\"widget\" data-widget_type=\"image-box.default\">\n\t\t\t\t<div class=\"elementor-widget-container\">\n\t\t\t\t\t<div class=\"elementor-image-box-wrapper\"><figure class=\"elementor-image-box-img\"><a href=\"\/en\/product-category\/equipment\/brewing-equipment\/fold-log\/\" tabindex=\"-1\"><img fetchpriority=\"high\" decoding=\"async\" width=\"1300\" height=\"557\" src=\"https:\/\/www.entrack.no\/wp-content\/uploads\/2020\/07\/4K_TokvamHjullaster2017_1.jpg\" class=\"attachment-full size-full wp-image-48435\" alt=\"VT380\" srcset=\"https:\/\/www.entrack.no\/wp-content\/uploads\/2020\/07\/4K_TokvamHjullaster2017_1.jpg 1300w, https:\/\/www.entrack.no\/wp-content\/uploads\/2020\/07\/4K_TokvamHjullaster2017_1-800x343.jpg 800w, https:\/\/www.entrack.no\/wp-content\/uploads\/2020\/07\/4K_TokvamHjullaster2017_1-300x129.jpg 300w, https:\/\/www.entrack.no\/wp-content\/uploads\/2020\/07\/4K_TokvamHjullaster2017_1-1024x439.jpg 1024w, https:\/\/www.entrack.no\/wp-content\/uploads\/2020\/07\/4K_TokvamHjullaster2017_1-768x329.jpg 768w, https:\/\/www.entrack.no\/wp-content\/uploads\/2020\/07\/4K_TokvamHjullaster2017_1-610x261.jpg 610w, https:\/\/www.entrack.no\/wp-content\/uploads\/2020\/07\/4K_TokvamHjullaster2017_1-600x257.jpg 600w\" sizes=\"(max-width: 1300px) 100vw, 1300px\" \/><\/a><\/figure><div class=\"elementor-image-box-content\"><h3 class=\"elementor-image-box-title\"><a href=\"\/en\/product-category\/equipment\/brewing-equipment\/fold-log\/\">Tokvam Vikeplog<\/a><\/h3><\/div><\/div>\t\t\t\t<\/div>\n\t\t\t\t<\/div>\n\t\t\t\t\t<\/div>\n\t\t<\/div>\n\t\t\t\t<div class=\"elementor-column elementor-col-50 elementor-top-column elementor-element elementor-element-12c249c\" data-id=\"12c249c\" data-element_type=\"column\" data-e-type=\"column\">\n\t\t\t<div class=\"elementor-widget-wrap elementor-element-populated\">\n\t\t\t\t\t\t<div class=\"elementor-element elementor-element-ee117f3 elementor-position-top elementor-widget elementor-widget-image-box\" data-id=\"ee117f3\" data-element_type=\"widget\" data-e-type=\"widget\" data-widget_type=\"image-box.default\">\n\t\t\t\t<div class=\"elementor-widget-container\">\n\t\t\t\t\t<div class=\"elementor-image-box-wrapper\"><figure class=\"elementor-image-box-img\"><a href=\"\/en\/product-category\/equipment\/brewing-equipment\/u-plough\/\" tabindex=\"-1\"><img decoding=\"async\" width=\"1300\" height=\"557\" src=\"https:\/\/www.entrack.no\/wp-content\/uploads\/2020\/07\/TokvamHjullaster-10-tonn-UT-490.jpg\" class=\"attachment-full size-full wp-image-48452\" alt=\"UT490\" srcset=\"https:\/\/www.entrack.no\/wp-content\/uploads\/2020\/07\/TokvamHjullaster-10-tonn-UT-490.jpg 1300w, https:\/\/www.entrack.no\/wp-content\/uploads\/2020\/07\/TokvamHjullaster-10-tonn-UT-490-800x343.jpg 800w, https:\/\/www.entrack.no\/wp-content\/uploads\/2020\/07\/TokvamHjullaster-10-tonn-UT-490-300x129.jpg 300w, https:\/\/www.entrack.no\/wp-content\/uploads\/2020\/07\/TokvamHjullaster-10-tonn-UT-490-1024x439.jpg 1024w, https:\/\/www.entrack.no\/wp-content\/uploads\/2020\/07\/TokvamHjullaster-10-tonn-UT-490-768x329.jpg 768w, https:\/\/www.entrack.no\/wp-content\/uploads\/2020\/07\/TokvamHjullaster-10-tonn-UT-490-610x261.jpg 610w, https:\/\/www.entrack.no\/wp-content\/uploads\/2020\/07\/TokvamHjullaster-10-tonn-UT-490-600x257.jpg 600w\" sizes=\"(max-width: 1300px) 100vw, 1300px\" \/><\/a><\/figure><div class=\"elementor-image-box-content\"><h3 class=\"elementor-image-box-title\"><a href=\"\/en\/product-category\/equipment\/brewing-equipment\/u-plough\/\">Tokvam U-plough<\/a><\/h3><\/div><\/div>\t\t\t\t<\/div>\n\t\t\t\t<\/div>\n\t\t\t\t\t<\/div>\n\t\t<\/div>\n\t\t\t\t\t<\/div>\n\t\t<\/section>\n\t\t\t\t<section class=\"elementor-section elementor-top-section elementor-element elementor-element-3d0154e elementor-section-boxed elementor-section-height-default elementor-section-height-default\" data-id=\"3d0154e\" data-element_type=\"section\" data-e-type=\"section\">\n\t\t\t\t\t\t<div class=\"elementor-container elementor-column-gap-wide\">\n\t\t\t\t\t<div class=\"elementor-column elementor-col-50 elementor-top-column elementor-element elementor-element-cf8b713\" data-id=\"cf8b713\" data-element_type=\"column\" data-e-type=\"column\">\n\t\t\t<div class=\"elementor-widget-wrap elementor-element-populated\">\n\t\t\t\t\t\t<div class=\"elementor-element elementor-element-c211606 elementor-position-top elementor-widget elementor-widget-image-box\" data-id=\"c211606\" data-element_type=\"widget\" data-e-type=\"widget\" data-widget_type=\"image-box.default\">\n\t\t\t\t<div class=\"elementor-widget-container\">\n\t\t\t\t\t<div class=\"elementor-image-box-wrapper\"><figure class=\"elementor-image-box-img\"><a href=\"\/en\/product-category\/equipment\/brewing-equipment\/power-machine\/\" tabindex=\"-1\"><img decoding=\"async\" width=\"1300\" height=\"557\" src=\"https:\/\/www.entrack.no\/wp-content\/uploads\/2020\/07\/4K_TokvamHjullaster2017_15.jpg\" class=\"attachment-full size-full wp-image-48603\" alt=\"SMA2400\" srcset=\"https:\/\/www.entrack.no\/wp-content\/uploads\/2020\/07\/4K_TokvamHjullaster2017_15.jpg 1300w, https:\/\/www.entrack.no\/wp-content\/uploads\/2020\/07\/4K_TokvamHjullaster2017_15-800x343.jpg 800w, https:\/\/www.entrack.no\/wp-content\/uploads\/2020\/07\/4K_TokvamHjullaster2017_15-300x129.jpg 300w, https:\/\/www.entrack.no\/wp-content\/uploads\/2020\/07\/4K_TokvamHjullaster2017_15-1024x439.jpg 1024w, https:\/\/www.entrack.no\/wp-content\/uploads\/2020\/07\/4K_TokvamHjullaster2017_15-768x329.jpg 768w, https:\/\/www.entrack.no\/wp-content\/uploads\/2020\/07\/4K_TokvamHjullaster2017_15-610x261.jpg 610w, https:\/\/www.entrack.no\/wp-content\/uploads\/2020\/07\/4K_TokvamHjullaster2017_15-600x257.jpg 600w\" sizes=\"(max-width: 1300px) 100vw, 1300px\" \/><\/a><\/figure><div class=\"elementor-image-box-content\"><h3 class=\"elementor-image-box-title\"><a href=\"\/en\/product-category\/equipment\/brewing-equipment\/power-machine\/\">Tokvam Bedding equipment<\/a><\/h3><\/div><\/div>\t\t\t\t<\/div>\n\t\t\t\t<\/div>\n\t\t\t\t\t<\/div>\n\t\t<\/div>\n\t\t\t\t<div class=\"elementor-column elementor-col-50 elementor-top-column elementor-element elementor-element-43e7149\" data-id=\"43e7149\" data-element_type=\"column\" data-e-type=\"column\">\n\t\t\t<div class=\"elementor-widget-wrap elementor-element-populated\">\n\t\t\t\t\t\t<div class=\"elementor-element elementor-element-fd59acf elementor-position-top elementor-widget elementor-widget-image-box\" data-id=\"fd59acf\" data-element_type=\"widget\" data-e-type=\"widget\" data-widget_type=\"image-box.default\">\n\t\t\t\t<div class=\"elementor-widget-container\">\n\t\t\t\t\t<div class=\"elementor-image-box-wrapper\"><figure class=\"elementor-image-box-img\"><a href=\"\/en\/product-category\/equipment\/brewing-equipment\/snow-blower\/\" tabindex=\"-1\"><img loading=\"lazy\" decoding=\"async\" width=\"1300\" height=\"557\" src=\"https:\/\/www.entrack.no\/wp-content\/uploads\/2020\/07\/TokvamF130_8.jpg\" class=\"attachment-full size-full wp-image-48561\" alt=\"F130H\" srcset=\"https:\/\/www.entrack.no\/wp-content\/uploads\/2020\/07\/TokvamF130_8.jpg 1300w, https:\/\/www.entrack.no\/wp-content\/uploads\/2020\/07\/TokvamF130_8-800x343.jpg 800w, https:\/\/www.entrack.no\/wp-content\/uploads\/2020\/07\/TokvamF130_8-300x129.jpg 300w, https:\/\/www.entrack.no\/wp-content\/uploads\/2020\/07\/TokvamF130_8-1024x439.jpg 1024w, https:\/\/www.entrack.no\/wp-content\/uploads\/2020\/07\/TokvamF130_8-768x329.jpg 768w, https:\/\/www.entrack.no\/wp-content\/uploads\/2020\/07\/TokvamF130_8-610x261.jpg 610w, https:\/\/www.entrack.no\/wp-content\/uploads\/2020\/07\/TokvamF130_8-600x257.jpg 600w\" sizes=\"(max-width: 1300px) 100vw, 1300px\" \/><\/a><\/figure><div class=\"elementor-image-box-content\"><h3 class=\"elementor-image-box-title\"><a href=\"\/en\/product-category\/equipment\/brewing-equipment\/snow-blower\/\">Tokvam Snow blower<\/a><\/h3><\/div><\/div>\t\t\t\t<\/div>\n\t\t\t\t<\/div>\n\t\t\t\t\t<\/div>\n\t\t<\/div>\n\t\t\t\t\t<\/div>\n\t\t<\/section>\n\t\t\t\t<section class=\"elementor-section elementor-top-section elementor-element elementor-element-c4649f2 elementor-section-boxed elementor-section-height-default elementor-section-height-default\" data-id=\"c4649f2\" data-element_type=\"section\" data-e-type=\"section\">\n\t\t\t\t\t\t<div class=\"elementor-container elementor-column-gap-wide\">\n\t\t\t\t\t<div class=\"elementor-column elementor-col-50 elementor-top-column elementor-element elementor-element-15b6acf\" data-id=\"15b6acf\" data-element_type=\"column\" data-e-type=\"column\">\n\t\t\t<div class=\"elementor-widget-wrap elementor-element-populated\">\n\t\t\t\t\t\t<div class=\"elementor-element elementor-element-7146dd4 elementor-position-top elementor-widget elementor-widget-image-box\" data-id=\"7146dd4\" data-element_type=\"widget\" data-e-type=\"widget\" data-widget_type=\"image-box.default\">\n\t\t\t\t<div class=\"elementor-widget-container\">\n\t\t\t\t\t<div class=\"elementor-image-box-wrapper\"><figure class=\"elementor-image-box-img\"><a href=\"\/en\/product-category\/equipment\/brewing-equipment\/siljum\/\" tabindex=\"-1\"><img loading=\"lazy\" decoding=\"async\" width=\"1300\" height=\"557\" src=\"https:\/\/www.entrack.no\/wp-content\/uploads\/2024\/09\/isriver.jpg\" class=\"attachment-full size-full wp-image-62496\" alt=\"\" srcset=\"https:\/\/www.entrack.no\/wp-content\/uploads\/2024\/09\/isriver.jpg 1300w, https:\/\/www.entrack.no\/wp-content\/uploads\/2024\/09\/isriver-300x129.jpg 300w, https:\/\/www.entrack.no\/wp-content\/uploads\/2024\/09\/isriver-1024x439.jpg 1024w, https:\/\/www.entrack.no\/wp-content\/uploads\/2024\/09\/isriver-768x329.jpg 768w, https:\/\/www.entrack.no\/wp-content\/uploads\/2024\/09\/isriver-610x261.jpg 610w, https:\/\/www.entrack.no\/wp-content\/uploads\/2024\/09\/isriver-800x343.jpg 800w\" sizes=\"(max-width: 1300px) 100vw, 1300px\" \/><\/a><\/figure><div class=\"elementor-image-box-content\"><h3 class=\"elementor-image-box-title\"><a href=\"\/en\/product-category\/equipment\/brewing-equipment\/siljum\/\">Siljum snow equipment<\/a><\/h3><\/div><\/div>\t\t\t\t<\/div>\n\t\t\t\t<\/div>\n\t\t\t\t\t<\/div>\n\t\t<\/div>\n\t\t\t\t<div class=\"elementor-column elementor-col-50 elementor-top-column elementor-element elementor-element-459b264\" data-id=\"459b264\" data-element_type=\"column\" data-e-type=\"column\">\n\t\t\t<div class=\"elementor-widget-wrap elementor-element-populated\">\n\t\t\t\t\t\t<div class=\"elementor-element elementor-element-4b49a0c elementor-position-top elementor-widget elementor-widget-image-box\" data-id=\"4b49a0c\" data-element_type=\"widget\" data-e-type=\"widget\" data-widget_type=\"image-box.default\">\n\t\t\t\t<div class=\"elementor-widget-container\">\n\t\t\t\t\t<div class=\"elementor-image-box-wrapper\"><figure class=\"elementor-image-box-img\"><a href=\"\/en\/product-category\/equipment\/brewing-equipment\/siringe-folding-plough\/\" tabindex=\"-1\"><img loading=\"lazy\" decoding=\"async\" width=\"1300\" height=\"557\" src=\"https:\/\/www.entrack.no\/wp-content\/uploads\/2024\/09\/siringe-vikplog.jpg\" class=\"attachment-full size-full wp-image-62514\" alt=\"\" srcset=\"https:\/\/www.entrack.no\/wp-content\/uploads\/2024\/09\/siringe-vikplog.jpg 1300w, https:\/\/www.entrack.no\/wp-content\/uploads\/2024\/09\/siringe-vikplog-300x129.jpg 300w, https:\/\/www.entrack.no\/wp-content\/uploads\/2024\/09\/siringe-vikplog-1024x439.jpg 1024w, https:\/\/www.entrack.no\/wp-content\/uploads\/2024\/09\/siringe-vikplog-768x329.jpg 768w, https:\/\/www.entrack.no\/wp-content\/uploads\/2024\/09\/siringe-vikplog-610x261.jpg 610w, https:\/\/www.entrack.no\/wp-content\/uploads\/2024\/09\/siringe-vikplog-800x343.jpg 800w\" sizes=\"(max-width: 1300px) 100vw, 1300px\" \/><\/a><\/figure><div class=\"elementor-image-box-content\"><h3 class=\"elementor-image-box-title\"><a href=\"\/en\/product-category\/equipment\/brewing-equipment\/siringe-folding-plough\/\">Siringe folding log<\/a><\/h3><\/div><\/div>\t\t\t\t<\/div>\n\t\t\t\t<\/div>\n\t\t\t\t\t<\/div>\n\t\t<\/div>\n\t\t\t\t\t<\/div>\n\t\t<\/section>\n\t\t\t\t<section class=\"elementor-section elementor-top-section elementor-element elementor-element-238c526 elementor-section-boxed elementor-section-height-default elementor-section-height-default\" data-id=\"238c526\" data-element_type=\"section\" data-e-type=\"section\">\n\t\t\t\t\t\t<div class=\"elementor-container elementor-column-gap-wide\">\n\t\t\t\t\t<div class=\"elementor-column elementor-col-50 elementor-top-column elementor-element elementor-element-0a1cd11\" data-id=\"0a1cd11\" data-element_type=\"column\" data-e-type=\"column\">\n\t\t\t<div class=\"elementor-widget-wrap\">\n\t\t\t\t\t\t\t<\/div>\n\t\t<\/div>\n\t\t\t\t<div class=\"elementor-column elementor-col-50 elementor-top-column elementor-element elementor-element-7081be6\" data-id=\"7081be6\" data-element_type=\"column\" data-e-type=\"column\">\n\t\t\t<div class=\"elementor-widget-wrap\">\n\t\t\t\t\t\t\t<\/div>\n\t\t<\/div>\n\t\t\t\t\t<\/div>\n\t\t<\/section>\n\t\t\t\t<\/div>\n\t\t<span class=\"et_bloom_bottom_trigger\"><\/span>","protected":false},"excerpt":{"rendered":"<p>Effektivt Br\u00f8yteutstyr fra Tokvam og Siljum Vi i Entrack AS er en erfaren leverand\u00f8r av br\u00f8yteutstyr og samarbeider med flere anerkjente produsenter. V\u00e5re hovedpartnere er Siljum, Tokvam, Tuchel og Siringe, men vi skaffer ogs\u00e5 annet sn\u00f8ryddingsutstyr p\u00e5 foresp\u00f8rsel for \u00e5 dekke spesifikke behov. Siljum leverer robuste sn\u00f8ploger, multiploger, U-ploger og isriverskj\u00e6r, utviklet for effektiv vinterdrift [&hellip;]<\/p>\n","protected":false},"author":1,"featured_media":48412,"parent":47697,"menu_order":0,"comment_status":"closed","ping_status":"closed","template":"","meta":{"_acf_changed":false,"footnotes":""},"class_list":["post-47902","page","type-page","status-publish","has-post-thumbnail","hentry"],"acf":[],"_links":{"self":[{"href":"https:\/\/www.entrack.no\/en\/wp-json\/wp\/v2\/pages\/47902","targetHints":{"allow":["GET"]}}],"collection":[{"href":"https:\/\/www.entrack.no\/en\/wp-json\/wp\/v2\/pages"}],"about":[{"href":"https:\/\/www.entrack.no\/en\/wp-json\/wp\/v2\/types\/page"}],"author":[{"embeddable":true,"href":"https:\/\/www.entrack.no\/en\/wp-json\/wp\/v2\/users\/1"}],"replies":[{"embeddable":true,"href":"https:\/\/www.entrack.no\/en\/wp-json\/wp\/v2\/comments?post=47902"}],"version-history":[{"count":5,"href":"https:\/\/www.entrack.no\/en\/wp-json\/wp\/v2\/pages\/47902\/revisions"}],"predecessor-version":[{"id":65428,"href":"https:\/\/www.entrack.no\/en\/wp-json\/wp\/v2\/pages\/47902\/revisions\/65428"}],"up":[{"embeddable":true,"href":"https:\/\/www.entrack.no\/en\/wp-json\/wp\/v2\/pages\/47697"}],"wp:featuredmedia":[{"embeddable":true,"href":"https:\/\/www.entrack.no\/en\/wp-json\/wp\/v2\/media\/48412"}],"wp:attachment":[{"href":"https:\/\/www.entrack.no\/en\/wp-json\/wp\/v2\/media?parent=47902"}],"curies":[{"name":"wp","href":"https:\/\/api.w.org\/{rel}","templated":true}]}}