{"id":47898,"date":"2020-07-13T11:27:04","date_gmt":"2020-07-13T09:27:04","guid":{"rendered":"https:\/\/www.entrack.no\/?page_id=47898"},"modified":"2026-03-12T11:01:51","modified_gmt":"2026-03-12T10:01:51","slug":"filter","status":"publish","type":"page","link":"https:\/\/www.entrack.no\/en\/deler\/filter\/","title":{"rendered":"Filter"},"content":{"rendered":"<div data-elementor-type=\"wp-post\" data-elementor-id=\"47898\" class=\"elementor elementor-47898\" data-elementor-post-type=\"page\">\n\t\t\t\t\t\t<section class=\"elementor-section elementor-top-section elementor-element elementor-element-360b3de elementor-section-boxed elementor-section-height-default elementor-section-height-default\" data-id=\"360b3de\" data-element_type=\"section\" data-e-type=\"section\">\n\t\t\t\t\t\t<div class=\"elementor-container elementor-column-gap-default\">\n\t\t\t\t\t<div class=\"elementor-column elementor-col-100 elementor-top-column elementor-element elementor-element-7faaba2\" data-id=\"7faaba2\" data-element_type=\"column\" data-e-type=\"column\">\n\t\t\t<div class=\"elementor-widget-wrap elementor-element-populated\">\n\t\t\t\t\t\t<div class=\"elementor-element elementor-element-415d2e1 elementor-widget elementor-widget-heading\" data-id=\"415d2e1\" data-element_type=\"widget\" data-e-type=\"widget\" data-widget_type=\"heading.default\">\n\t\t\t\t<div class=\"elementor-widget-container\">\n\t\t\t\t\t<h1 class=\"elementor-heading-title elementor-size-default\">Filter<\/h1>\t\t\t\t<\/div>\n\t\t\t\t<\/div>\n\t\t\t\t\t<\/div>\n\t\t<\/div>\n\t\t\t\t\t<\/div>\n\t\t<\/section>\n\t\t\t\t<section class=\"elementor-section elementor-top-section elementor-element elementor-element-4903b4b elementor-section-boxed elementor-section-height-default elementor-section-height-default\" data-id=\"4903b4b\" data-element_type=\"section\" data-e-type=\"section\">\n\t\t\t\t\t\t<div class=\"elementor-container elementor-column-gap-default\">\n\t\t\t\t\t<div class=\"elementor-column elementor-col-50 elementor-top-column elementor-element elementor-element-453fa80\" data-id=\"453fa80\" data-element_type=\"column\" data-e-type=\"column\">\n\t\t\t<div class=\"elementor-widget-wrap elementor-element-populated\">\n\t\t\t\t\t\t<div class=\"elementor-element elementor-element-2b43aa2 elementor-widget elementor-widget-text-editor\" data-id=\"2b43aa2\" data-element_type=\"widget\" data-e-type=\"widget\" data-widget_type=\"text-editor.default\">\n\t\t\t\t<div class=\"elementor-widget-container\">\n\t\t\t\t\t\t\t\t\t<p class=\"p1\"><span class=\"s1\">Entrack AS has a good and long co-operation with <a href=\"https:\/\/lekangfilter.no\/\" target=\"_blank\" rel=\"noopener nofollow\">Lekang Filter<\/a>, Norway's largest supplier of filters for all types of diesel engines and hydraulics. Entrack can make use of <a href=\"https:\/\/lekangfilter.no\/produkter-annet\/lfs\/\" target=\"_blank\" rel=\"noopener nofollow\">LFS<\/a> which is Lekang's own filter system. We can stock all filters for your machinery. Talk to one of our sales representatives for more information about filter solutions and what we can do for you.<\/span><\/p>\t\t\t\t\t\t\t\t<\/div>\n\t\t\t\t<\/div>\n\t\t\t\t\t<\/div>\n\t\t<\/div>\n\t\t\t\t<div class=\"elementor-column elementor-col-50 elementor-top-column elementor-element elementor-element-b68af37\" data-id=\"b68af37\" data-element_type=\"column\" data-e-type=\"column\">\n\t\t\t<div class=\"elementor-widget-wrap elementor-element-populated\">\n\t\t\t\t\t\t<div class=\"elementor-element elementor-element-1ee1005 elementor-widget elementor-widget-image\" data-id=\"1ee1005\" data-element_type=\"widget\" data-e-type=\"widget\" data-widget_type=\"image.default\">\n\t\t\t\t<div class=\"elementor-widget-container\">\n\t\t\t\t\t\t\t\t\t\t\t\t\t\t\t<img fetchpriority=\"high\" decoding=\"async\" width=\"800\" height=\"480\" src=\"https:\/\/www.entrack.no\/wp-content\/uploads\/2020\/07\/filter-samlebilde.jpg\" class=\"attachment-large size-large wp-image-48310\" alt=\"Collected image with different filters\" srcset=\"https:\/\/www.entrack.no\/wp-content\/uploads\/2020\/07\/filter-samlebilde.jpg 1000w, https:\/\/www.entrack.no\/wp-content\/uploads\/2020\/07\/filter-samlebilde-800x480.jpg 800w, https:\/\/www.entrack.no\/wp-content\/uploads\/2020\/07\/filter-samlebilde-300x180.jpg 300w, https:\/\/www.entrack.no\/wp-content\/uploads\/2020\/07\/filter-samlebilde-768x461.jpg 768w, https:\/\/www.entrack.no\/wp-content\/uploads\/2020\/07\/filter-samlebilde-610x366.jpg 610w, https:\/\/www.entrack.no\/wp-content\/uploads\/2020\/07\/filter-samlebilde-600x360.jpg 600w\" sizes=\"(max-width: 800px) 100vw, 800px\" \/>\t\t\t\t\t\t\t\t\t\t\t\t\t\t\t<\/div>\n\t\t\t\t<\/div>\n\t\t\t\t\t<\/div>\n\t\t<\/div>\n\t\t\t\t\t<\/div>\n\t\t<\/section>\n\t\t\t\t<section class=\"elementor-section elementor-top-section elementor-element elementor-element-e1ebe9b elementor-section-boxed elementor-section-height-default elementor-section-height-default\" data-id=\"e1ebe9b\" data-element_type=\"section\" data-e-type=\"section\">\n\t\t\t\t\t\t<div class=\"elementor-container elementor-column-gap-default\">\n\t\t\t\t\t<div class=\"elementor-column elementor-col-100 elementor-top-column elementor-element elementor-element-6a533f8\" data-id=\"6a533f8\" data-element_type=\"column\" data-e-type=\"column\">\n\t\t\t<div class=\"elementor-widget-wrap elementor-element-populated\">\n\t\t\t\t\t\t<div class=\"elementor-element elementor-element-05c3311 elementor-widget elementor-widget-heading\" data-id=\"05c3311\" data-element_type=\"widget\" data-e-type=\"widget\" data-widget_type=\"heading.default\">\n\t\t\t\t<div class=\"elementor-widget-container\">\n\t\t\t\t\t<h2 class=\"elementor-heading-title elementor-size-default\">Fleetcool OAT coolant<\/h2>\t\t\t\t<\/div>\n\t\t\t\t<\/div>\n\t\t\t\t\t<\/div>\n\t\t<\/div>\n\t\t\t\t\t<\/div>\n\t\t<\/section>\n\t\t\t\t<section class=\"elementor-section elementor-top-section elementor-element elementor-element-3481ad7 elementor-section-boxed elementor-section-height-default elementor-section-height-default\" data-id=\"3481ad7\" data-element_type=\"section\" data-e-type=\"section\">\n\t\t\t\t\t\t<div class=\"elementor-container elementor-column-gap-default\">\n\t\t\t\t\t<div class=\"elementor-column elementor-col-100 elementor-top-column elementor-element elementor-element-9a91b8f\" data-id=\"9a91b8f\" data-element_type=\"column\" data-e-type=\"column\">\n\t\t\t<div class=\"elementor-widget-wrap elementor-element-populated\">\n\t\t\t\t\t\t<section class=\"elementor-section elementor-inner-section elementor-element elementor-element-f4800ab elementor-section-boxed elementor-section-height-default elementor-section-height-default\" data-id=\"f4800ab\" data-element_type=\"section\" data-e-type=\"section\">\n\t\t\t\t\t\t<div class=\"elementor-container elementor-column-gap-default\">\n\t\t\t\t\t<div class=\"elementor-column elementor-col-50 elementor-inner-column elementor-element elementor-element-078db56\" data-id=\"078db56\" data-element_type=\"column\" data-e-type=\"column\">\n\t\t\t<div class=\"elementor-widget-wrap elementor-element-populated\">\n\t\t\t\t\t\t<div class=\"elementor-element elementor-element-08a69cb elementor-widget elementor-widget-text-editor\" data-id=\"08a69cb\" data-element_type=\"widget\" data-e-type=\"widget\" data-widget_type=\"text-editor.default\">\n\t\t\t\t<div class=\"elementor-widget-container\">\n\t\t\t\t\t\t\t\t\t<p><strong>The best engine protection on the market.<\/strong><\/p><p><strong>Protect your engine with Fleetcool OAT coolant<\/strong><\/p><ul><li>Optimal protection against cylinder corrosion and corrosion: -37\u00b0C with 50\/50 mix and -54\u00b0C with 60\/40 mix<\/li><li>Lifetime coolant - lasts the life of the engine with the right maintenance*<\/li><li>Miscible with other EG coolants (Fleetguard warranty cancelled)<\/li><li>NAP-free (Nitrite, Amine and Phosphate)<\/li><li>Test interval: Annual<\/li><li>Maintenance*: Quality control with 4-way test strip. Top up with pre-mixed Fleetcool OAT coolant.<\/li><\/ul>\t\t\t\t\t\t\t\t<\/div>\n\t\t\t\t<\/div>\n\t\t\t\t<div class=\"elementor-element elementor-element-58b7abe elementor-widget elementor-widget-text-editor\" data-id=\"58b7abe\" data-element_type=\"widget\" data-e-type=\"widget\" data-widget_type=\"text-editor.default\">\n\t\t\t\t<div class=\"elementor-widget-container\">\n\t\t\t\t\t\t\t\t\t<p><strong>Advantages of Fleetcool OAT<\/strong><\/p><ul><li>Can be used on all diesel, petrol and natural gas engines<\/li><li>Provides the best protection against corrosion<\/li><li>Minimises the risk of cavitation on the cylinder liners<\/li><li>Protects the aluminium parts of the engine<\/li><li>The best warranty on the market (Fleetguard warranties)<\/li><\/ul>\t\t\t\t\t\t\t\t<\/div>\n\t\t\t\t<\/div>\n\t\t\t\t\t<\/div>\n\t\t<\/div>\n\t\t\t\t<div class=\"elementor-column elementor-col-50 elementor-inner-column elementor-element elementor-element-2f03c7b\" data-id=\"2f03c7b\" data-element_type=\"column\" data-e-type=\"column\">\n\t\t\t<div class=\"elementor-widget-wrap elementor-element-populated\">\n\t\t\t\t\t\t<div class=\"elementor-element elementor-element-2b7bb0b elementor-widget elementor-widget-image\" data-id=\"2b7bb0b\" data-element_type=\"widget\" data-e-type=\"widget\" data-widget_type=\"image.default\">\n\t\t\t\t<div class=\"elementor-widget-container\">\n\t\t\t\t\t\t\t\t\t\t\t\t\t\t\t<img decoding=\"async\" width=\"692\" height=\"671\" src=\"https:\/\/www.entrack.no\/wp-content\/uploads\/2021\/10\/OAT_Kjolevaeskerod.jpg\" class=\"attachment-large size-large wp-image-54785\" alt=\"\" srcset=\"https:\/\/www.entrack.no\/wp-content\/uploads\/2021\/10\/OAT_Kjolevaeskerod.jpg 692w, https:\/\/www.entrack.no\/wp-content\/uploads\/2021\/10\/OAT_Kjolevaeskerod-300x291.jpg 300w, https:\/\/www.entrack.no\/wp-content\/uploads\/2021\/10\/OAT_Kjolevaeskerod-610x591.jpg 610w, https:\/\/www.entrack.no\/wp-content\/uploads\/2021\/10\/OAT_Kjolevaeskerod-600x582.jpg 600w\" sizes=\"(max-width: 692px) 100vw, 692px\" \/>\t\t\t\t\t\t\t\t\t\t\t\t\t\t\t<\/div>\n\t\t\t\t<\/div>\n\t\t\t\t\t<\/div>\n\t\t<\/div>\n\t\t\t\t\t<\/div>\n\t\t<\/section>\n\t\t\t\t\t<\/div>\n\t\t<\/div>\n\t\t\t\t\t<\/div>\n\t\t<\/section>\n\t\t\t\t<\/div>\n\t\t<span class=\"et_bloom_bottom_trigger\"><\/span>","protected":false},"excerpt":{"rendered":"<p>Filter Entrack AS har et godt og langt samarbeide med Lekang Filter, Norges st\u00f8rste leverand\u00f8r av filter til alt av dieselmotorer og hydraulikk. Entrack kan benytte seg av LFS som er Lekang sitt eget filtersystem. Vi kan lagerf\u00f8re alle filter til din maskinpark. Snakk med en av v\u00e5re selgere for mer informasjon om filterl\u00f8sninger og [&hellip;]<\/p>\n","protected":false},"author":1,"featured_media":48310,"parent":47721,"menu_order":0,"comment_status":"closed","ping_status":"closed","template":"","meta":{"_acf_changed":false,"footnotes":""},"class_list":["post-47898","page","type-page","status-publish","has-post-thumbnail","hentry"],"acf":[],"_links":{"self":[{"href":"https:\/\/www.entrack.no\/en\/wp-json\/wp\/v2\/pages\/47898","targetHints":{"allow":["GET"]}}],"collection":[{"href":"https:\/\/www.entrack.no\/en\/wp-json\/wp\/v2\/pages"}],"about":[{"href":"https:\/\/www.entrack.no\/en\/wp-json\/wp\/v2\/types\/page"}],"author":[{"embeddable":true,"href":"https:\/\/www.entrack.no\/en\/wp-json\/wp\/v2\/users\/1"}],"replies":[{"embeddable":true,"href":"https:\/\/www.entrack.no\/en\/wp-json\/wp\/v2\/comments?post=47898"}],"version-history":[{"count":8,"href":"https:\/\/www.entrack.no\/en\/wp-json\/wp\/v2\/pages\/47898\/revisions"}],"predecessor-version":[{"id":66039,"href":"https:\/\/www.entrack.no\/en\/wp-json\/wp\/v2\/pages\/47898\/revisions\/66039"}],"up":[{"embeddable":true,"href":"https:\/\/www.entrack.no\/en\/wp-json\/wp\/v2\/pages\/47721"}],"wp:featuredmedia":[{"embeddable":true,"href":"https:\/\/www.entrack.no\/en\/wp-json\/wp\/v2\/media\/48310"}],"wp:attachment":[{"href":"https:\/\/www.entrack.no\/en\/wp-json\/wp\/v2\/media?parent=47898"}],"curies":[{"name":"wp","href":"https:\/\/api.w.org\/{rel}","templated":true}]}}