{"id":47880,"date":"2020-07-13T11:15:33","date_gmt":"2020-07-13T09:15:33","guid":{"rendered":"https:\/\/www.entrack.no\/?page_id=47880"},"modified":"2025-03-18T14:25:52","modified_gmt":"2025-03-18T13:25:52","slug":"spare-parts-other-brands","status":"publish","type":"page","link":"https:\/\/www.entrack.no\/en\/deler\/reservedeler-andre-merker\/","title":{"rendered":"Spare parts other brands"},"content":{"rendered":"<div data-elementor-type=\"wp-post\" data-elementor-id=\"47880\" class=\"elementor elementor-47880\" data-elementor-post-type=\"page\">\n\t\t\t\t\t\t<section class=\"elementor-section elementor-top-section elementor-element elementor-element-360b3de elementor-section-boxed elementor-section-height-default elementor-section-height-default\" data-id=\"360b3de\" data-element_type=\"section\" data-e-type=\"section\">\n\t\t\t\t\t\t<div class=\"elementor-container elementor-column-gap-default\">\n\t\t\t\t\t<div class=\"elementor-column elementor-col-100 elementor-top-column elementor-element elementor-element-7faaba2\" data-id=\"7faaba2\" data-element_type=\"column\" data-e-type=\"column\">\n\t\t\t<div class=\"elementor-widget-wrap elementor-element-populated\">\n\t\t\t\t\t\t<div class=\"elementor-element elementor-element-415d2e1 elementor-widget elementor-widget-heading\" data-id=\"415d2e1\" data-element_type=\"widget\" data-e-type=\"widget\" data-widget_type=\"heading.default\">\n\t\t\t\t<div class=\"elementor-widget-container\">\n\t\t\t\t\t<h1 class=\"elementor-heading-title elementor-size-default\">Spare parts other brands<\/h1>\t\t\t\t<\/div>\n\t\t\t\t<\/div>\n\t\t\t\t\t<\/div>\n\t\t<\/div>\n\t\t\t\t\t<\/div>\n\t\t<\/section>\n\t\t\t\t<section class=\"elementor-section elementor-top-section elementor-element elementor-element-3338b51 elementor-section-boxed elementor-section-height-default elementor-section-height-default\" data-id=\"3338b51\" data-element_type=\"section\" data-e-type=\"section\">\n\t\t\t\t\t\t<div class=\"elementor-container elementor-column-gap-default\">\n\t\t\t\t\t<div class=\"elementor-column elementor-col-100 elementor-top-column elementor-element elementor-element-dad1e9e\" data-id=\"dad1e9e\" data-element_type=\"column\" data-e-type=\"column\">\n\t\t\t<div class=\"elementor-widget-wrap elementor-element-populated\">\n\t\t\t\t\t\t<div class=\"elementor-element elementor-element-2b43aa2 elementor-widget elementor-widget-text-editor\" data-id=\"2b43aa2\" data-element_type=\"widget\" data-e-type=\"widget\" data-widget_type=\"text-editor.default\">\n\t\t\t\t<div class=\"elementor-widget-container\">\n\t\t\t\t\t\t\t\t\t<p class=\"p1\">With us, you'll find a wide range of high-quality construction equipment parts from all the major brands in Norway. We can offer everything from <strong>frame components<\/strong>, <strong>engine parts<\/strong>, <strong>transmission parts<\/strong>, <strong>cooling systems<\/strong>, <strong>hydraulic parts<\/strong>, to <strong>belt drive<\/strong> and <strong>pumps<\/strong>. Our aim is to be your trusted partner when it comes to spare parts for your fleet, so you can always keep your machines running and avoid unnecessary downtime.<\/p><p>We carry a comprehensive range of parts for the most used machines on the market, including <strong>CAT<\/strong>, <strong>Volvo<\/strong>, <strong>Hitachi<\/strong>, <strong>JCB<\/strong> and many more. Whether you need new components for your machine's engine, transmission, hydraulics or cooling system, we can deliver what you need, quickly and efficiently.<\/p><p>We work closely with some of the most recognised suppliers of machine parts in the world, such as <strong>SLP<\/strong> and <strong>ITR<\/strong>, to ensure you get parts that meet the highest quality standards. This means that whatever your machine, you can rest assured that the parts we supply are robust, reliable and designed to withstand demanding working conditions.<\/p><p>With our expertise and large network of trusted suppliers, you can be sure that we have the parts you need to keep your machines in top condition. <strong>Contact us today<\/strong> for more information or to receive a quote for parts for your machine.<\/p>\t\t\t\t\t\t\t\t<\/div>\n\t\t\t\t<\/div>\n\t\t\t\t\t<\/div>\n\t\t<\/div>\n\t\t\t\t\t<\/div>\n\t\t<\/section>\n\t\t\t\t<section class=\"elementor-section elementor-top-section elementor-element elementor-element-4514ee0 elementor-section-boxed elementor-section-height-default elementor-section-height-default\" data-id=\"4514ee0\" data-element_type=\"section\" data-e-type=\"section\">\n\t\t\t\t\t\t<div class=\"elementor-container elementor-column-gap-default\">\n\t\t\t\t\t<div class=\"elementor-column elementor-col-50 elementor-top-column elementor-element elementor-element-6a7f7b6\" data-id=\"6a7f7b6\" data-element_type=\"column\" data-e-type=\"column\">\n\t\t\t<div class=\"elementor-widget-wrap elementor-element-populated\">\n\t\t\t\t\t\t<div class=\"elementor-element elementor-element-16607bd elementor-widget elementor-widget-image\" data-id=\"16607bd\" data-element_type=\"widget\" data-e-type=\"widget\" data-widget_type=\"image.default\">\n\t\t\t\t<div class=\"elementor-widget-container\">\n\t\t\t\t\t\t\t\t\t\t\t\t\t\t\t<img fetchpriority=\"high\" decoding=\"async\" width=\"500\" height=\"300\" src=\"https:\/\/www.entrack.no\/wp-content\/uploads\/2020\/07\/servicedel1.jpg\" class=\"attachment-large size-large wp-image-48316\" alt=\"\" srcset=\"https:\/\/www.entrack.no\/wp-content\/uploads\/2020\/07\/servicedel1.jpg 500w, https:\/\/www.entrack.no\/wp-content\/uploads\/2020\/07\/servicedel1-300x180.jpg 300w\" sizes=\"(max-width: 500px) 100vw, 500px\" \/>\t\t\t\t\t\t\t\t\t\t\t\t\t\t\t<\/div>\n\t\t\t\t<\/div>\n\t\t\t\t\t<\/div>\n\t\t<\/div>\n\t\t\t\t<div class=\"elementor-column elementor-col-50 elementor-top-column elementor-element elementor-element-91e7437\" data-id=\"91e7437\" data-element_type=\"column\" data-e-type=\"column\">\n\t\t\t<div class=\"elementor-widget-wrap elementor-element-populated\">\n\t\t\t\t\t\t<div class=\"elementor-element elementor-element-5b5713b elementor-widget elementor-widget-image\" data-id=\"5b5713b\" data-element_type=\"widget\" data-e-type=\"widget\" data-widget_type=\"image.default\">\n\t\t\t\t<div class=\"elementor-widget-container\">\n\t\t\t\t\t\t\t\t\t\t\t\t\t\t\t<img decoding=\"async\" width=\"500\" height=\"300\" src=\"https:\/\/www.entrack.no\/wp-content\/uploads\/2020\/07\/servicedel2.jpg\" class=\"attachment-large size-large wp-image-48317\" alt=\"\" srcset=\"https:\/\/www.entrack.no\/wp-content\/uploads\/2020\/07\/servicedel2.jpg 500w, https:\/\/www.entrack.no\/wp-content\/uploads\/2020\/07\/servicedel2-300x180.jpg 300w\" sizes=\"(max-width: 500px) 100vw, 500px\" \/>\t\t\t\t\t\t\t\t\t\t\t\t\t\t\t<\/div>\n\t\t\t\t<\/div>\n\t\t\t\t\t<\/div>\n\t\t<\/div>\n\t\t\t\t\t<\/div>\n\t\t<\/section>\n\t\t\t\t<section class=\"elementor-section elementor-top-section elementor-element elementor-element-cad5348 elementor-section-boxed elementor-section-height-default elementor-section-height-default\" data-id=\"cad5348\" data-element_type=\"section\" data-e-type=\"section\">\n\t\t\t\t\t\t<div class=\"elementor-container elementor-column-gap-default\">\n\t\t\t\t\t<div class=\"elementor-column elementor-col-100 elementor-top-column elementor-element elementor-element-2e46bf2\" data-id=\"2e46bf2\" data-element_type=\"column\" data-e-type=\"column\">\n\t\t\t<div class=\"elementor-widget-wrap elementor-element-populated\">\n\t\t\t\t\t\t<section class=\"elementor-section elementor-inner-section elementor-element elementor-element-e09c640 elementor-section-boxed elementor-section-height-default elementor-section-height-default\" data-id=\"e09c640\" data-element_type=\"section\" data-e-type=\"section\">\n\t\t\t\t\t\t<div class=\"elementor-container elementor-column-gap-default\">\n\t\t\t\t\t<div class=\"elementor-column elementor-col-50 elementor-inner-column elementor-element elementor-element-3515d5f\" data-id=\"3515d5f\" data-element_type=\"column\" data-e-type=\"column\">\n\t\t\t<div class=\"elementor-widget-wrap elementor-element-populated\">\n\t\t\t\t\t\t<div class=\"elementor-element elementor-element-5738ed0 elementor-widget elementor-widget-image\" data-id=\"5738ed0\" data-element_type=\"widget\" data-e-type=\"widget\" data-widget_type=\"image.default\">\n\t\t\t\t<div class=\"elementor-widget-container\">\n\t\t\t\t\t\t\t\t\t\t\t\t\t\t\t<img decoding=\"async\" width=\"250\" height=\"360\" src=\"https:\/\/www.entrack.no\/wp-content\/uploads\/2022\/01\/Banner_3_years_warranty_250x360pxl.jpg\" class=\"attachment-large size-large wp-image-55478\" alt=\"\" srcset=\"https:\/\/www.entrack.no\/wp-content\/uploads\/2022\/01\/Banner_3_years_warranty_250x360pxl.jpg 250w, https:\/\/www.entrack.no\/wp-content\/uploads\/2022\/01\/Banner_3_years_warranty_250x360pxl-208x300.jpg 208w\" sizes=\"(max-width: 250px) 100vw, 250px\" \/>\t\t\t\t\t\t\t\t\t\t\t\t\t\t\t<\/div>\n\t\t\t\t<\/div>\n\t\t\t\t\t<\/div>\n\t\t<\/div>\n\t\t\t\t<div class=\"elementor-column elementor-col-50 elementor-inner-column elementor-element elementor-element-e780d86\" data-id=\"e780d86\" data-element_type=\"column\" data-e-type=\"column\">\n\t\t\t<div class=\"elementor-widget-wrap elementor-element-populated\">\n\t\t\t\t\t\t<div class=\"elementor-element elementor-element-a732d0b elementor-widget elementor-widget-text-editor\" data-id=\"a732d0b\" data-element_type=\"widget\" data-e-type=\"widget\" data-widget_type=\"text-editor.default\">\n\t\t\t\t<div class=\"elementor-widget-container\">\n\t\t\t\t\t\t\t\t\t<p>We collaborate with SLP, among others.&nbsp;<\/p>\t\t\t\t\t\t\t\t<\/div>\n\t\t\t\t<\/div>\n\t\t\t\t\t<\/div>\n\t\t<\/div>\n\t\t\t\t\t<\/div>\n\t\t<\/section>\n\t\t\t\t\t<\/div>\n\t\t<\/div>\n\t\t\t\t\t<\/div>\n\t\t<\/section>\n\t\t\t\t<\/div>\n\t\t<span class=\"et_bloom_bottom_trigger\"><\/span>","protected":false},"excerpt":{"rendered":"<p>Reservedeler andre merker Hos oss finner du et bredt utvalg av h\u00f8ykvalitetsdeler til anleggsmaskiner fra alle de st\u00f8rste merkene i Norge. Vi kan tilby alt fra rammekomponenter, motordeler, transmisjonsdeler, kj\u00f8lesystemer, hydraulikkdeler, til beltegir og pumper. V\u00e5rt m\u00e5l er \u00e5 v\u00e6re din p\u00e5litelige partner n\u00e5r det kommer til reservedeler for maskinparken din, slik at du alltid [&hellip;]<\/p>\n","protected":false},"author":1,"featured_media":48317,"parent":47721,"menu_order":0,"comment_status":"closed","ping_status":"closed","template":"","meta":{"_acf_changed":false,"footnotes":""},"class_list":["post-47880","page","type-page","status-publish","has-post-thumbnail","hentry"],"acf":[],"_links":{"self":[{"href":"https:\/\/www.entrack.no\/en\/wp-json\/wp\/v2\/pages\/47880","targetHints":{"allow":["GET"]}}],"collection":[{"href":"https:\/\/www.entrack.no\/en\/wp-json\/wp\/v2\/pages"}],"about":[{"href":"https:\/\/www.entrack.no\/en\/wp-json\/wp\/v2\/types\/page"}],"author":[{"embeddable":true,"href":"https:\/\/www.entrack.no\/en\/wp-json\/wp\/v2\/users\/1"}],"replies":[{"embeddable":true,"href":"https:\/\/www.entrack.no\/en\/wp-json\/wp\/v2\/comments?post=47880"}],"version-history":[{"count":3,"href":"https:\/\/www.entrack.no\/en\/wp-json\/wp\/v2\/pages\/47880\/revisions"}],"predecessor-version":[{"id":62511,"href":"https:\/\/www.entrack.no\/en\/wp-json\/wp\/v2\/pages\/47880\/revisions\/62511"}],"up":[{"embeddable":true,"href":"https:\/\/www.entrack.no\/en\/wp-json\/wp\/v2\/pages\/47721"}],"wp:featuredmedia":[{"embeddable":true,"href":"https:\/\/www.entrack.no\/en\/wp-json\/wp\/v2\/media\/48317"}],"wp:attachment":[{"href":"https:\/\/www.entrack.no\/en\/wp-json\/wp\/v2\/media?parent=47880"}],"curies":[{"name":"wp","href":"https:\/\/api.w.org\/{rel}","templated":true}]}}