{"id":47874,"date":"2020-07-13T11:13:34","date_gmt":"2020-07-13T09:13:34","guid":{"rendered":"https:\/\/www.entrack.no\/?page_id=47874"},"modified":"2020-12-02T14:14:26","modified_gmt":"2020-12-02T13:14:26","slug":"g-e-t","status":"publish","type":"page","link":"https:\/\/www.entrack.no\/en\/deler\/g-e-t\/","title":{"rendered":"G.E.T."},"content":{"rendered":"<div data-elementor-type=\"wp-post\" data-elementor-id=\"47874\" class=\"elementor elementor-47874\" data-elementor-post-type=\"page\">\n\t\t\t\t\t\t<section class=\"elementor-section elementor-top-section elementor-element elementor-element-360b3de elementor-section-boxed elementor-section-height-default elementor-section-height-default\" data-id=\"360b3de\" data-element_type=\"section\" data-e-type=\"section\">\n\t\t\t\t\t\t<div class=\"elementor-container elementor-column-gap-default\">\n\t\t\t\t\t<div class=\"elementor-column elementor-col-100 elementor-top-column elementor-element elementor-element-7faaba2\" data-id=\"7faaba2\" data-element_type=\"column\" data-e-type=\"column\">\n\t\t\t<div class=\"elementor-widget-wrap elementor-element-populated\">\n\t\t\t\t\t\t<div class=\"elementor-element elementor-element-415d2e1 elementor-widget elementor-widget-heading\" data-id=\"415d2e1\" data-element_type=\"widget\" data-e-type=\"widget\" data-widget_type=\"heading.default\">\n\t\t\t\t<div class=\"elementor-widget-container\">\n\t\t\t\t\t<h2 class=\"elementor-heading-title elementor-size-default\">G.E.T. (Ground Engaging Tools)<\/h2>\t\t\t\t<\/div>\n\t\t\t\t<\/div>\n\t\t\t\t\t<\/div>\n\t\t<\/div>\n\t\t\t\t\t<\/div>\n\t\t<\/section>\n\t\t\t\t<section class=\"elementor-section elementor-top-section elementor-element elementor-element-9c62038 elementor-section-boxed elementor-section-height-default elementor-section-height-default\" data-id=\"9c62038\" data-element_type=\"section\" data-e-type=\"section\">\n\t\t\t\t\t\t<div class=\"elementor-container elementor-column-gap-default\">\n\t\t\t\t\t<div class=\"elementor-column elementor-col-66 elementor-top-column elementor-element elementor-element-50a1352\" data-id=\"50a1352\" data-element_type=\"column\" data-e-type=\"column\">\n\t\t\t<div class=\"elementor-widget-wrap elementor-element-populated\">\n\t\t\t\t\t\t<div class=\"elementor-element elementor-element-2b43aa2 elementor-widget elementor-widget-text-editor\" data-id=\"2b43aa2\" data-element_type=\"widget\" data-e-type=\"widget\" data-widget_type=\"text-editor.default\">\n\t\t\t\t<div class=\"elementor-widget-container\">\n\t\t\t\t\t\t\t\t\t<p class=\"p1\"><span class=\"s1\">As perhaps Norway's largest supplier of G.E.T products, we also offer the USCO\/ITR product portfolio of G.E.T products.\u00a0<b>We have everything from teeth, tooth holders, adapters, sidebars, blade steel and more.<\/b><\/span><\/p><p class=\"p1\"><span class=\"s1\">With extensive expertise in what's right for you and your operation, we know that we can offer you products that provide the most hours per dollar invested.\u00a0<b>It's the bottom line that counts. Not what you pay on day one.<\/b><\/span><\/p>\t\t\t\t\t\t\t\t<\/div>\n\t\t\t\t<\/div>\n\t\t\t\t\t<\/div>\n\t\t<\/div>\n\t\t\t\t<div class=\"elementor-column elementor-col-33 elementor-top-column elementor-element elementor-element-28cefdc\" data-id=\"28cefdc\" data-element_type=\"column\" data-e-type=\"column\">\n\t\t\t<div class=\"elementor-widget-wrap elementor-element-populated\">\n\t\t\t\t\t\t<div class=\"elementor-element elementor-element-86812a8 elementor-widget elementor-widget-image\" data-id=\"86812a8\" data-element_type=\"widget\" data-e-type=\"widget\" data-widget_type=\"image.default\">\n\t\t\t\t<div class=\"elementor-widget-container\">\n\t\t\t\t\t\t\t\t\t\t\t\t\t\t\t<img fetchpriority=\"high\" decoding=\"async\" width=\"800\" height=\"480\" src=\"https:\/\/www.entrack.no\/wp-content\/uploads\/2020\/07\/get-1-entrack.jpg\" class=\"attachment-large size-large wp-image-48312\" alt=\"\" srcset=\"https:\/\/www.entrack.no\/wp-content\/uploads\/2020\/07\/get-1-entrack.jpg 1000w, https:\/\/www.entrack.no\/wp-content\/uploads\/2020\/07\/get-1-entrack-800x480.jpg 800w, https:\/\/www.entrack.no\/wp-content\/uploads\/2020\/07\/get-1-entrack-300x180.jpg 300w, https:\/\/www.entrack.no\/wp-content\/uploads\/2020\/07\/get-1-entrack-768x461.jpg 768w, https:\/\/www.entrack.no\/wp-content\/uploads\/2020\/07\/get-1-entrack-610x366.jpg 610w, https:\/\/www.entrack.no\/wp-content\/uploads\/2020\/07\/get-1-entrack-600x360.jpg 600w\" sizes=\"(max-width: 800px) 100vw, 800px\" \/>\t\t\t\t\t\t\t\t\t\t\t\t\t\t\t<\/div>\n\t\t\t\t<\/div>\n\t\t\t\t\t<\/div>\n\t\t<\/div>\n\t\t\t\t\t<\/div>\n\t\t<\/section>\n\t\t\t\t<\/div>\n\t\t<span class=\"et_bloom_bottom_trigger\"><\/span>","protected":false},"excerpt":{"rendered":"<p>G.E.T. (Ground Engaging Tools) Som kanskje Norges st\u00f8rste leverand\u00f8r av G.E.T produkter tilbyr vi ogs\u00e5 produktportef\u00f8ljen til USCO\/ITR p\u00e5 G.E.T produkter.&nbsp;Vi har alt av tenner, tannholdere, adaptere, sidebars, knivst\u00e5l med mer. Med stor kompetanse rundt hva som er riktig for akkurat deg og din drift vet vi at vi kan tilby deg produkter som gir [&hellip;]<\/p>\n","protected":false},"author":1,"featured_media":48312,"parent":47721,"menu_order":0,"comment_status":"closed","ping_status":"closed","template":"","meta":{"_acf_changed":false,"footnotes":""},"class_list":["post-47874","page","type-page","status-publish","has-post-thumbnail","hentry"],"acf":[],"_links":{"self":[{"href":"https:\/\/www.entrack.no\/en\/wp-json\/wp\/v2\/pages\/47874","targetHints":{"allow":["GET"]}}],"collection":[{"href":"https:\/\/www.entrack.no\/en\/wp-json\/wp\/v2\/pages"}],"about":[{"href":"https:\/\/www.entrack.no\/en\/wp-json\/wp\/v2\/types\/page"}],"author":[{"embeddable":true,"href":"https:\/\/www.entrack.no\/en\/wp-json\/wp\/v2\/users\/1"}],"replies":[{"embeddable":true,"href":"https:\/\/www.entrack.no\/en\/wp-json\/wp\/v2\/comments?post=47874"}],"version-history":[{"count":0,"href":"https:\/\/www.entrack.no\/en\/wp-json\/wp\/v2\/pages\/47874\/revisions"}],"up":[{"embeddable":true,"href":"https:\/\/www.entrack.no\/en\/wp-json\/wp\/v2\/pages\/47721"}],"wp:featuredmedia":[{"embeddable":true,"href":"https:\/\/www.entrack.no\/en\/wp-json\/wp\/v2\/media\/48312"}],"wp:attachment":[{"href":"https:\/\/www.entrack.no\/en\/wp-json\/wp\/v2\/media?parent=47874"}],"curies":[{"name":"wp","href":"https:\/\/api.w.org\/{rel}","templated":true}]}}