{"id":47748,"date":"2020-07-10T14:44:06","date_gmt":"2020-07-10T12:44:06","guid":{"rendered":"https:\/\/www.entrack.no\/?page_id=47748"},"modified":"2025-11-24T14:31:38","modified_gmt":"2025-11-24T13:31:38","slug":"belter","status":"publish","type":"page","link":"https:\/\/www.entrack.no\/en\/deler\/belter\/","title":{"rendered":"Belter"},"content":{"rendered":"<div data-elementor-type=\"wp-post\" data-elementor-id=\"47748\" class=\"elementor elementor-47748\" data-elementor-post-type=\"page\">\n\t\t\t\t\t\t<section class=\"elementor-section elementor-top-section elementor-element elementor-element-291f533 elementor-section-boxed elementor-section-height-default elementor-section-height-default\" data-id=\"291f533\" data-element_type=\"section\" data-e-type=\"section\">\n\t\t\t\t\t\t<div class=\"elementor-container elementor-column-gap-default\">\n\t\t\t\t\t<div class=\"elementor-column elementor-col-100 elementor-top-column elementor-element elementor-element-ecd6e99\" data-id=\"ecd6e99\" data-element_type=\"column\" data-e-type=\"column\">\n\t\t\t<div class=\"elementor-widget-wrap elementor-element-populated\">\n\t\t\t\t\t\t<div class=\"elementor-element elementor-element-a2784ac elementor-widget elementor-widget-image\" data-id=\"a2784ac\" data-element_type=\"widget\" data-e-type=\"widget\" data-widget_type=\"image.default\">\n\t\t\t\t<div class=\"elementor-widget-container\">\n\t\t\t\t\t\t\t\t\t\t\t\t\t\t\t<img fetchpriority=\"high\" decoding=\"async\" width=\"800\" height=\"453\" src=\"https:\/\/www.entrack.no\/wp-content\/uploads\/2023\/03\/understell-ny.jpg\" class=\"attachment-large size-large wp-image-57515\" alt=\"\" srcset=\"https:\/\/www.entrack.no\/wp-content\/uploads\/2023\/03\/understell-ny.jpg 847w, https:\/\/www.entrack.no\/wp-content\/uploads\/2023\/03\/understell-ny-800x453.jpg 800w, https:\/\/www.entrack.no\/wp-content\/uploads\/2023\/03\/understell-ny-300x170.jpg 300w, https:\/\/www.entrack.no\/wp-content\/uploads\/2023\/03\/understell-ny-768x435.jpg 768w, https:\/\/www.entrack.no\/wp-content\/uploads\/2023\/03\/understell-ny-610x346.jpg 610w\" sizes=\"(max-width: 800px) 100vw, 800px\" \/>\t\t\t\t\t\t\t\t\t\t\t\t\t\t\t<\/div>\n\t\t\t\t<\/div>\n\t\t\t\t<div class=\"elementor-element elementor-element-9303c04 elementor-widget elementor-widget-heading\" data-id=\"9303c04\" data-element_type=\"widget\" data-e-type=\"widget\" data-widget_type=\"heading.default\">\n\t\t\t\t<div class=\"elementor-widget-container\">\n\t\t\t\t\t<h1 class=\"elementor-heading-title elementor-size-default\">Belts, chassis, G.E.T. and much more!<\/h1>\t\t\t\t<\/div>\n\t\t\t\t<\/div>\n\t\t\t\t<div class=\"elementor-element elementor-element-3e87712 elementor-widget elementor-widget-text-editor\" data-id=\"3e87712\" data-element_type=\"widget\" data-e-type=\"widget\" data-widget_type=\"text-editor.default\">\n\t\t\t\t<div class=\"elementor-widget-container\">\n\t\t\t\t\t\t\t\t\t<p>When it comes to tracks and undercarriages for excavators, bulldozers, crushers, drill rigs and other tracked vehicles, Entrack is the market leader!<\/p>\t\t\t\t\t\t\t\t<\/div>\n\t\t\t\t<\/div>\n\t\t\t\t\t<\/div>\n\t\t<\/div>\n\t\t\t\t\t<\/div>\n\t\t<\/section>\n\t\t\t\t<section class=\"elementor-section elementor-top-section elementor-element elementor-element-3d94ad8 elementor-section-boxed elementor-section-height-default elementor-section-height-default\" data-id=\"3d94ad8\" data-element_type=\"section\" data-e-type=\"section\">\n\t\t\t\t\t\t<div class=\"elementor-container elementor-column-gap-default\">\n\t\t\t\t\t<div class=\"elementor-column elementor-col-100 elementor-top-column elementor-element elementor-element-18f7284\" data-id=\"18f7284\" data-element_type=\"column\" data-e-type=\"column\">\n\t\t\t<div class=\"elementor-widget-wrap elementor-element-populated\">\n\t\t\t\t\t\t<div class=\"elementor-element elementor-element-1cf3027 elementor-widget elementor-widget-text-editor\" data-id=\"1cf3027\" data-element_type=\"widget\" data-e-type=\"widget\" data-widget_type=\"text-editor.default\">\n\t\t\t\t<div class=\"elementor-widget-container\">\n\t\t\t\t\t\t\t\t\t<p>We supply belts, chains and complete undercarriages for both new and older machines from 500 kg to several hundred tonnes. At Entrack, you'll find belt plates in all variants, with widths from 200 mm to 1200 mm - also with offset customisation.<\/p><p>As the exclusive importer of<strong> <span style=\"text-decoration: underline;\"><a href=\"https:\/\/www.usco.it\/\" rel=\"nofollow noopener\" target=\"_blank\">ITR<\/a><\/span><\/strong> products to Norway, we have supplied everything from standard parts to customised solutions for many years. Entrack always has belts, chains, belt plates, rollers and other undercarriage parts in stock for machines from 3-80 tonnes. If you have special needs, we can arrange it.<\/p>\t\t\t\t\t\t\t\t<\/div>\n\t\t\t\t<\/div>\n\t\t\t\t\t<\/div>\n\t\t<\/div>\n\t\t\t\t\t<\/div>\n\t\t<\/section>\n\t\t\t\t<section class=\"elementor-section elementor-top-section elementor-element elementor-element-9c62038 elementor-section-boxed elementor-section-height-default elementor-section-height-default\" data-id=\"9c62038\" data-element_type=\"section\" data-e-type=\"section\">\n\t\t\t\t\t\t<div class=\"elementor-container elementor-column-gap-default\">\n\t\t\t\t\t<div class=\"elementor-column elementor-col-66 elementor-top-column elementor-element elementor-element-50a1352\" data-id=\"50a1352\" data-element_type=\"column\" data-e-type=\"column\">\n\t\t\t<div class=\"elementor-widget-wrap elementor-element-populated\">\n\t\t\t\t\t\t<div class=\"elementor-element elementor-element-2b43aa2 elementor-widget elementor-widget-text-editor\" data-id=\"2b43aa2\" data-element_type=\"widget\" data-e-type=\"widget\" data-widget_type=\"text-editor.default\">\n\t\t\t\t<div class=\"elementor-widget-container\">\n\t\t\t\t\t\t\t\t\t<p>Entrack always has belts, chains, belt plates, rollers and more in stock for machines from 3-80 tonnes. So just get in touch and we'll help you with what you need. If you need special customisations, we can do that too.<br \/><br \/>With us, you get what you need when it comes to belts and undercarriages. We have a high level of expertise in the field over 45 years, and good suppliers who ensure quality that lasts without having to pay too much. After all, it's how many hours you get out of belts and undercarriages per dollar that counts.<\/p>\t\t\t\t\t\t\t\t<\/div>\n\t\t\t\t<\/div>\n\t\t\t\t<div class=\"elementor-element elementor-element-faa5c7c elementor-widget elementor-widget-text-editor\" data-id=\"faa5c7c\" data-element_type=\"widget\" data-e-type=\"widget\" data-widget_type=\"text-editor.default\">\n\t\t\t\t<div class=\"elementor-widget-container\">\n\t\t\t\t\t\t\t\t\t<p data-start=\"1082\" data-end=\"1441\">In addition to belts and carriers, we now offer <strong>ITR hammers<\/strong> of high quality at competitive prices, as well as <a href=\"https:\/\/www.entrack.no\/en\/divider\/spare-parts-other-brands\/\"><span style=\"text-decoration: underline;\"><strong>spare parts<\/strong><\/span><\/a> to Cat, Komatsu, Volvo, Hitachi and JCB. USCO ITR always has more than 50,000 machine parts in stock. Check out what we can offer for your machine. As an Entrack customer, you get the right product at the right price - and a high level of expertise.<\/p><p data-start=\"1443\" data-end=\"1495\">We also supply rubber pads and Roadliner to chains.<\/p>\t\t\t\t\t\t\t\t<\/div>\n\t\t\t\t<\/div>\n\t\t\t\t\t<\/div>\n\t\t<\/div>\n\t\t\t\t<div class=\"elementor-column elementor-col-33 elementor-top-column elementor-element elementor-element-28cefdc\" data-id=\"28cefdc\" data-element_type=\"column\" data-e-type=\"column\">\n\t\t\t<div class=\"elementor-widget-wrap elementor-element-populated\">\n\t\t\t\t\t\t<div class=\"elementor-element elementor-element-8736d8d elementor-widget elementor-widget-image\" data-id=\"8736d8d\" data-element_type=\"widget\" data-e-type=\"widget\" data-widget_type=\"image.default\">\n\t\t\t\t<div class=\"elementor-widget-container\">\n\t\t\t\t\t\t\t\t\t\t\t\t\t\t\t<img decoding=\"async\" width=\"800\" height=\"534\" src=\"https:\/\/www.entrack.no\/wp-content\/uploads\/2021\/03\/catena-10-1024x683.jpg\" class=\"attachment-large size-large wp-image-53480\" alt=\"Close-up of chain to chassis rolled up\" srcset=\"https:\/\/www.entrack.no\/wp-content\/uploads\/2021\/03\/catena-10-1024x683.jpg 1024w, https:\/\/www.entrack.no\/wp-content\/uploads\/2021\/03\/catena-10-scaled-800x533.jpg 800w, https:\/\/www.entrack.no\/wp-content\/uploads\/2021\/03\/catena-10-300x200.jpg 300w, https:\/\/www.entrack.no\/wp-content\/uploads\/2021\/03\/catena-10-768x512.jpg 768w, https:\/\/www.entrack.no\/wp-content\/uploads\/2021\/03\/catena-10-1536x1024.jpg 1536w, https:\/\/www.entrack.no\/wp-content\/uploads\/2021\/03\/catena-10-scaled.jpg 2048w, https:\/\/www.entrack.no\/wp-content\/uploads\/2021\/03\/catena-10-610x407.jpg 610w, https:\/\/www.entrack.no\/wp-content\/uploads\/2021\/03\/catena-10-600x400.jpg 600w\" sizes=\"(max-width: 800px) 100vw, 800px\" \/>\t\t\t\t\t\t\t\t\t\t\t\t\t\t\t<\/div>\n\t\t\t\t<\/div>\n\t\t\t\t<div class=\"elementor-element elementor-element-2ad402a elementor-widget elementor-widget-image\" data-id=\"2ad402a\" data-element_type=\"widget\" data-e-type=\"widget\" data-widget_type=\"image.default\">\n\t\t\t\t<div class=\"elementor-widget-container\">\n\t\t\t\t\t\t\t\t\t\t\t\t\t\t\t<img decoding=\"async\" width=\"800\" height=\"451\" src=\"https:\/\/www.entrack.no\/wp-content\/uploads\/2021\/02\/belter-understell2.jpg\" class=\"attachment-large size-large wp-image-52862\" alt=\"Close-up of undercarriage\" srcset=\"https:\/\/www.entrack.no\/wp-content\/uploads\/2021\/02\/belter-understell2.jpg 1024w, https:\/\/www.entrack.no\/wp-content\/uploads\/2021\/02\/belter-understell2-800x451.jpg 800w, https:\/\/www.entrack.no\/wp-content\/uploads\/2021\/02\/belter-understell2-300x169.jpg 300w, https:\/\/www.entrack.no\/wp-content\/uploads\/2021\/02\/belter-understell2-768x433.jpg 768w, https:\/\/www.entrack.no\/wp-content\/uploads\/2021\/02\/belter-understell2-610x344.jpg 610w, https:\/\/www.entrack.no\/wp-content\/uploads\/2021\/02\/belter-understell2-600x338.jpg 600w\" sizes=\"(max-width: 800px) 100vw, 800px\" \/>\t\t\t\t\t\t\t\t\t\t\t\t\t\t\t<\/div>\n\t\t\t\t<\/div>\n\t\t\t\t<div class=\"elementor-element elementor-element-56147d7 elementor-widget elementor-widget-image\" data-id=\"56147d7\" data-element_type=\"widget\" data-e-type=\"widget\" data-widget_type=\"image.default\">\n\t\t\t\t<div class=\"elementor-widget-container\">\n\t\t\t\t\t\t\t\t\t\t\t\t\t\t\t<img loading=\"lazy\" decoding=\"async\" width=\"1536\" height=\"1059\" src=\"https:\/\/www.entrack.no\/wp-content\/uploads\/2021\/03\/catena-15-1536x1059.jpg\" class=\"attachment-1536x1536 size-1536x1536 wp-image-53479\" alt=\"Close-up of chain to chassis rolled up\" srcset=\"https:\/\/www.entrack.no\/wp-content\/uploads\/2021\/03\/catena-15-1536x1059.jpg 1536w, https:\/\/www.entrack.no\/wp-content\/uploads\/2021\/03\/catena-15-800x551.jpg 800w, https:\/\/www.entrack.no\/wp-content\/uploads\/2021\/03\/catena-15-300x207.jpg 300w, https:\/\/www.entrack.no\/wp-content\/uploads\/2021\/03\/catena-15-1024x706.jpg 1024w, https:\/\/www.entrack.no\/wp-content\/uploads\/2021\/03\/catena-15-768x529.jpg 768w, https:\/\/www.entrack.no\/wp-content\/uploads\/2021\/03\/catena-15-610x421.jpg 610w, https:\/\/www.entrack.no\/wp-content\/uploads\/2021\/03\/catena-15-600x414.jpg 600w, https:\/\/www.entrack.no\/wp-content\/uploads\/2021\/03\/catena-15.jpg 1558w\" sizes=\"(max-width: 1536px) 100vw, 1536px\" \/>\t\t\t\t\t\t\t\t\t\t\t\t\t\t\t<\/div>\n\t\t\t\t<\/div>\n\t\t\t\t\t<\/div>\n\t\t<\/div>\n\t\t\t\t\t<\/div>\n\t\t<\/section>\n\t\t\t\t<section class=\"elementor-section elementor-top-section elementor-element elementor-element-eac7f74 elementor-section-boxed elementor-section-height-default elementor-section-height-default\" data-id=\"eac7f74\" data-element_type=\"section\" data-e-type=\"section\">\n\t\t\t\t\t\t<div class=\"elementor-container elementor-column-gap-default\">\n\t\t\t\t\t<div class=\"elementor-column elementor-col-50 elementor-top-column elementor-element elementor-element-5c9fe25\" data-id=\"5c9fe25\" data-element_type=\"column\" data-e-type=\"column\">\n\t\t\t<div class=\"elementor-widget-wrap elementor-element-populated\">\n\t\t\t\t\t\t<div class=\"elementor-element elementor-element-129666c elementor-widget elementor-widget-image\" data-id=\"129666c\" data-element_type=\"widget\" data-e-type=\"widget\" data-widget_type=\"image.default\">\n\t\t\t\t<div class=\"elementor-widget-container\">\n\t\t\t\t\t\t\t\t\t\t\t\t\t\t\t<img loading=\"lazy\" decoding=\"async\" width=\"800\" height=\"533\" src=\"https:\/\/www.entrack.no\/wp-content\/uploads\/2020\/07\/belte-naerbilde-entrack.jpg\" class=\"attachment-large size-large wp-image-48303\" alt=\"Close-up of belt on gravel\" srcset=\"https:\/\/www.entrack.no\/wp-content\/uploads\/2020\/07\/belte-naerbilde-entrack.jpg 935w, https:\/\/www.entrack.no\/wp-content\/uploads\/2020\/07\/belte-naerbilde-entrack-800x533.jpg 800w, https:\/\/www.entrack.no\/wp-content\/uploads\/2020\/07\/belte-naerbilde-entrack-300x200.jpg 300w, https:\/\/www.entrack.no\/wp-content\/uploads\/2020\/07\/belte-naerbilde-entrack-768x512.jpg 768w, https:\/\/www.entrack.no\/wp-content\/uploads\/2020\/07\/belte-naerbilde-entrack-610x406.jpg 610w, https:\/\/www.entrack.no\/wp-content\/uploads\/2020\/07\/belte-naerbilde-entrack-600x400.jpg 600w\" sizes=\"(max-width: 800px) 100vw, 800px\" \/>\t\t\t\t\t\t\t\t\t\t\t\t\t\t\t<\/div>\n\t\t\t\t<\/div>\n\t\t\t\t<div class=\"elementor-element elementor-element-fcd55f3 elementor-widget elementor-widget-image\" data-id=\"fcd55f3\" data-element_type=\"widget\" data-e-type=\"widget\" data-widget_type=\"image.default\">\n\t\t\t\t<div class=\"elementor-widget-container\">\n\t\t\t\t\t\t\t\t\t\t\t\t\t\t\t<img loading=\"lazy\" decoding=\"async\" width=\"800\" height=\"450\" src=\"https:\/\/www.entrack.no\/wp-content\/uploads\/2021\/03\/20190306_102852-1024x576.jpg\" class=\"attachment-large size-large wp-image-53484\" alt=\"Belts on a construction machine\" srcset=\"https:\/\/www.entrack.no\/wp-content\/uploads\/2021\/03\/20190306_102852-1024x576.jpg 1024w, https:\/\/www.entrack.no\/wp-content\/uploads\/2021\/03\/20190306_102852-scaled-800x450.jpg 800w, https:\/\/www.entrack.no\/wp-content\/uploads\/2021\/03\/20190306_102852-300x169.jpg 300w, https:\/\/www.entrack.no\/wp-content\/uploads\/2021\/03\/20190306_102852-768x432.jpg 768w, https:\/\/www.entrack.no\/wp-content\/uploads\/2021\/03\/20190306_102852-1536x864.jpg 1536w, https:\/\/www.entrack.no\/wp-content\/uploads\/2021\/03\/20190306_102852-scaled.jpg 2048w, https:\/\/www.entrack.no\/wp-content\/uploads\/2021\/03\/20190306_102852-610x343.jpg 610w, https:\/\/www.entrack.no\/wp-content\/uploads\/2021\/03\/20190306_102852-600x338.jpg 600w\" sizes=\"(max-width: 800px) 100vw, 800px\" \/>\t\t\t\t\t\t\t\t\t\t\t\t\t\t\t<\/div>\n\t\t\t\t<\/div>\n\t\t\t\t<div class=\"elementor-element elementor-element-499b375 elementor-widget elementor-widget-image\" data-id=\"499b375\" data-element_type=\"widget\" data-e-type=\"widget\" data-widget_type=\"image.default\">\n\t\t\t\t<div class=\"elementor-widget-container\">\n\t\t\t\t\t\t\t\t\t\t\t\t\t\t\t<img loading=\"lazy\" decoding=\"async\" width=\"800\" height=\"450\" src=\"https:\/\/www.entrack.no\/wp-content\/uploads\/2021\/03\/20190306_102914-1024x576.jpg\" class=\"attachment-large size-large wp-image-53485\" alt=\"Close-up of belts\" srcset=\"https:\/\/www.entrack.no\/wp-content\/uploads\/2021\/03\/20190306_102914-1024x576.jpg 1024w, https:\/\/www.entrack.no\/wp-content\/uploads\/2021\/03\/20190306_102914-scaled-800x450.jpg 800w, https:\/\/www.entrack.no\/wp-content\/uploads\/2021\/03\/20190306_102914-300x169.jpg 300w, https:\/\/www.entrack.no\/wp-content\/uploads\/2021\/03\/20190306_102914-768x432.jpg 768w, https:\/\/www.entrack.no\/wp-content\/uploads\/2021\/03\/20190306_102914-1536x864.jpg 1536w, https:\/\/www.entrack.no\/wp-content\/uploads\/2021\/03\/20190306_102914-scaled.jpg 2048w, https:\/\/www.entrack.no\/wp-content\/uploads\/2021\/03\/20190306_102914-610x343.jpg 610w, https:\/\/www.entrack.no\/wp-content\/uploads\/2021\/03\/20190306_102914-600x338.jpg 600w\" sizes=\"(max-width: 800px) 100vw, 800px\" \/>\t\t\t\t\t\t\t\t\t\t\t\t\t\t\t<\/div>\n\t\t\t\t<\/div>\n\t\t\t\t\t<\/div>\n\t\t<\/div>\n\t\t\t\t<div class=\"elementor-column elementor-col-50 elementor-top-column elementor-element elementor-element-5f38f5d\" data-id=\"5f38f5d\" data-element_type=\"column\" data-e-type=\"column\">\n\t\t\t<div class=\"elementor-widget-wrap elementor-element-populated\">\n\t\t\t\t\t\t<div class=\"elementor-element elementor-element-d785fda elementor-widget elementor-widget-text-editor\" data-id=\"d785fda\" data-element_type=\"widget\" data-e-type=\"widget\" data-widget_type=\"text-editor.default\">\n\t\t\t\t<div class=\"elementor-widget-container\">\n\t\t\t\t\t\t\t\t\t<h2><b>Belts and chassis<\/b><\/h2><p data-start=\"1502\" data-end=\"1788\"><strong>As one of Europe's leading suppliers of tracks and undercarriages for heavy machinery, Entrack and USCO ITR offer everything you need: tracks, steel belts, track plates, idlers, upper rollers, sprockets, guide wheels and all other undercarriage parts for your machine.<\/strong><\/p><p data-start=\"1502\" data-end=\"1788\"><strong><br \/><\/strong>We have steel belts and belt plates for 20 tonne machines in widths from 600 mm to 800 mm, and can supply extra-wide steel belts up to 1200 mm - also with offset. The same applies to the 8-14 tonne class, where we offer steel belts from 500 mm to 1200 mm. We also have undercarriage parts and steel belts for mini excavators from 3 tonnes in stock at all times.<\/p><p data-start=\"2137\" data-end=\"2463\">For machines weighing 30-35 tonnes, we stock belts in widths from 600-850 mm with both 2- and 3-combs. We can also supply complete steel belts for drilling rigs, with or without serrations on the belt plates, in widths from 330-660 mm. If you need extra robust steel belts or a heavy-duty undercarriage, we'll find a solution - at the right price.<br \/><br \/><\/p><p data-start=\"2465\" data-end=\"2664\"><strong>We stock a wide range of belts, undercarriage parts and steel belts for most machines and models. Contact us for a quote on belts and undercarriages - we'll help you find the right solution.<\/strong><\/p>\t\t\t\t\t\t\t\t<\/div>\n\t\t\t\t<\/div>\n\t\t\t\t\t<\/div>\n\t\t<\/div>\n\t\t\t\t\t<\/div>\n\t\t<\/section>\n\t\t\t\t<section class=\"elementor-section elementor-top-section elementor-element elementor-element-c089872 elementor-section-boxed elementor-section-height-default elementor-section-height-default\" data-id=\"c089872\" data-element_type=\"section\" data-e-type=\"section\">\n\t\t\t\t\t\t<div class=\"elementor-container elementor-column-gap-default\">\n\t\t\t\t\t<div class=\"elementor-column elementor-col-100 elementor-top-column elementor-element elementor-element-44d4a6b\" data-id=\"44d4a6b\" data-element_type=\"column\" data-e-type=\"column\">\n\t\t\t<div class=\"elementor-widget-wrap elementor-element-populated\">\n\t\t\t\t\t\t<div class=\"elementor-element elementor-element-deb1d2e elementor-widget elementor-widget-text-editor\" data-id=\"deb1d2e\" data-element_type=\"widget\" data-e-type=\"widget\" data-widget_type=\"text-editor.default\">\n\t\t\t\t<div class=\"elementor-widget-container\">\n\t\t\t\t\t\t\t\t\t<h2><b>Belts for mini excavators<\/b><\/h2><p data-start=\"2671\" data-end=\"2927\">Mini excavator tracks are critical to your machine's ability to tackle varied terrain, from soft soils to hard rock surfaces. Entrack offers a wide range of durable tracks and undercarriage products tailored to your machine.<\/p><p data-sourcepos=\"5:1-5:133\">As the exclusive importer of USCO ITR belts in Norway, Entrack sets a high standard for the quality of both belts and undercarriage products. By choosing the right belts, you ensure:<\/p><ul data-sourcepos=\"7:1-10:0\"><li data-sourcepos=\"7:1-7:33\">Longer machine lifetime<\/li><li data-sourcepos=\"8:1-8:37\">Reduced maintenance costs<\/li><li data-sourcepos=\"9:1-10:0\">Increased efficiency in the workplace<\/li><\/ul><p data-sourcepos=\"11:1-11:136\">\u00a0<\/p><p data-sourcepos=\"11:1-11:136\">Entrack helps you choose the best tracks for your mini excavator. Our deep industry knowledge and dedicated service ensures:<\/p><ul data-sourcepos=\"13:1-15:40\"><li data-sourcepos=\"13:1-13:48\">Expert guidance on choosing the right belts<\/li><li data-sourcepos=\"14:1-14:49\">Quality belts from recognised suppliers<\/li><li data-sourcepos=\"15:1-15:40\">Optimal performance and efficiency for your mini excavator<\/li><\/ul><p data-sourcepos=\"17:1-17:83\">\u00a0<\/p><p data-sourcepos=\"17:1-17:83\"><strong>Contact Entrack today to ensure optimal performance and efficiency of your mini excavator!<\/strong><\/p>\t\t\t\t\t\t\t\t<\/div>\n\t\t\t\t<\/div>\n\t\t\t\t\t<\/div>\n\t\t<\/div>\n\t\t\t\t\t<\/div>\n\t\t<\/section>\n\t\t\t\t<\/div>\n\t\t<span class=\"et_bloom_bottom_trigger\"><\/span>","protected":false},"excerpt":{"rendered":"<p>Belter, understell, G.E.T. og mye mer! N\u00e5r det kommer til belter og understell til gravemaskiner, bulldosere, knuseverk, bor-rigger og andre belteg\u00e5ende kj\u00f8ret\u00f8y er Entrack markedsledende! Vi leverer belter, kjeder og komplette understell til b\u00e5de nye og eldre maskiner fra 500 kg til flere hundre tonn. Hos Entrack finner du belteplater i alle varianter, med bredder [&hellip;]<\/p>\n","protected":false},"author":1,"featured_media":48304,"parent":47721,"menu_order":0,"comment_status":"closed","ping_status":"closed","template":"","meta":{"_acf_changed":false,"footnotes":""},"class_list":["post-47748","page","type-page","status-publish","has-post-thumbnail","hentry"],"acf":[],"_links":{"self":[{"href":"https:\/\/www.entrack.no\/en\/wp-json\/wp\/v2\/pages\/47748","targetHints":{"allow":["GET"]}}],"collection":[{"href":"https:\/\/www.entrack.no\/en\/wp-json\/wp\/v2\/pages"}],"about":[{"href":"https:\/\/www.entrack.no\/en\/wp-json\/wp\/v2\/types\/page"}],"author":[{"embeddable":true,"href":"https:\/\/www.entrack.no\/en\/wp-json\/wp\/v2\/users\/1"}],"replies":[{"embeddable":true,"href":"https:\/\/www.entrack.no\/en\/wp-json\/wp\/v2\/comments?post=47748"}],"version-history":[{"count":5,"href":"https:\/\/www.entrack.no\/en\/wp-json\/wp\/v2\/pages\/47748\/revisions"}],"predecessor-version":[{"id":64627,"href":"https:\/\/www.entrack.no\/en\/wp-json\/wp\/v2\/pages\/47748\/revisions\/64627"}],"up":[{"embeddable":true,"href":"https:\/\/www.entrack.no\/en\/wp-json\/wp\/v2\/pages\/47721"}],"wp:featuredmedia":[{"embeddable":true,"href":"https:\/\/www.entrack.no\/en\/wp-json\/wp\/v2\/media\/48304"}],"wp:attachment":[{"href":"https:\/\/www.entrack.no\/en\/wp-json\/wp\/v2\/media?parent=47748"}],"curies":[{"name":"wp","href":"https:\/\/api.w.org\/{rel}","templated":true}]}}