{"id":47744,"date":"2020-07-10T14:41:57","date_gmt":"2020-07-10T12:41:57","guid":{"rendered":"https:\/\/www.entrack.no\/?page_id=47744"},"modified":"2025-11-26T10:42:55","modified_gmt":"2025-11-26T09:42:55","slug":"oil","status":"publish","type":"page","link":"https:\/\/www.entrack.no\/en\/deler\/olje\/","title":{"rendered":"Oil"},"content":{"rendered":"<div data-elementor-type=\"wp-post\" data-elementor-id=\"47744\" class=\"elementor elementor-47744\" data-elementor-post-type=\"page\">\n\t\t\t\t\t\t<section class=\"elementor-section elementor-top-section elementor-element elementor-element-360b3de elementor-section-boxed elementor-section-height-default elementor-section-height-default\" data-id=\"360b3de\" data-element_type=\"section\" data-e-type=\"section\">\n\t\t\t\t\t\t<div class=\"elementor-container elementor-column-gap-default\">\n\t\t\t\t\t<div class=\"elementor-column elementor-col-100 elementor-top-column elementor-element elementor-element-7faaba2\" data-id=\"7faaba2\" data-element_type=\"column\" data-e-type=\"column\">\n\t\t\t<div class=\"elementor-widget-wrap elementor-element-populated\">\n\t\t\t\t\t\t<div class=\"elementor-element elementor-element-c183c9c elementor-widget elementor-widget-image\" data-id=\"c183c9c\" data-element_type=\"widget\" data-e-type=\"widget\" data-widget_type=\"image.default\">\n\t\t\t\t<div class=\"elementor-widget-container\">\n\t\t\t\t\t\t\t\t\t\t\t\t\t\t\t<img fetchpriority=\"high\" decoding=\"async\" width=\"1365\" height=\"363\" src=\"https:\/\/www.entrack.no\/wp-content\/uploads\/2025\/02\/produkter-motorolja-coverbillede.webp\" class=\"attachment-full size-full wp-image-63213\" alt=\"\" srcset=\"https:\/\/www.entrack.no\/wp-content\/uploads\/2025\/02\/produkter-motorolja-coverbillede.webp 1365w, https:\/\/www.entrack.no\/wp-content\/uploads\/2025\/02\/produkter-motorolja-coverbillede-300x80.webp 300w, https:\/\/www.entrack.no\/wp-content\/uploads\/2025\/02\/produkter-motorolja-coverbillede-1024x272.webp 1024w, https:\/\/www.entrack.no\/wp-content\/uploads\/2025\/02\/produkter-motorolja-coverbillede-768x204.webp 768w, https:\/\/www.entrack.no\/wp-content\/uploads\/2025\/02\/produkter-motorolja-coverbillede-610x162.webp 610w, https:\/\/www.entrack.no\/wp-content\/uploads\/2025\/02\/produkter-motorolja-coverbillede-800x213.webp 800w\" sizes=\"(max-width: 1365px) 100vw, 1365px\" \/>\t\t\t\t\t\t\t\t\t\t\t\t\t\t\t<\/div>\n\t\t\t\t<\/div>\n\t\t\t\t<div class=\"elementor-element elementor-element-415d2e1 elementor-widget elementor-widget-heading\" data-id=\"415d2e1\" data-element_type=\"widget\" data-e-type=\"widget\" data-widget_type=\"heading.default\">\n\t\t\t\t<div class=\"elementor-widget-container\">\n\t\t\t\t\t<h1 class=\"elementor-heading-title elementor-size-default\">Engine oil<\/h1>\t\t\t\t<\/div>\n\t\t\t\t<\/div>\n\t\t\t\t\t<\/div>\n\t\t<\/div>\n\t\t\t\t\t<\/div>\n\t\t<\/section>\n\t\t\t\t<section class=\"elementor-section elementor-top-section elementor-element elementor-element-414761b elementor-section-boxed elementor-section-height-default elementor-section-height-default\" data-id=\"414761b\" data-element_type=\"section\" data-e-type=\"section\">\n\t\t\t\t\t\t<div class=\"elementor-container elementor-column-gap-default\">\n\t\t\t\t\t<div class=\"elementor-column elementor-col-100 elementor-top-column elementor-element elementor-element-0e65e38\" data-id=\"0e65e38\" data-element_type=\"column\" data-e-type=\"column\">\n\t\t\t<div class=\"elementor-widget-wrap elementor-element-populated\">\n\t\t\t\t\t\t<div class=\"elementor-element elementor-element-2b43aa2 elementor-widget elementor-widget-text-editor\" data-id=\"2b43aa2\" data-element_type=\"widget\" data-e-type=\"widget\" data-widget_type=\"text-editor.default\">\n\t\t\t\t<div class=\"elementor-widget-container\">\n\t\t\t\t\t\t\t\t\t<p class=\"p1\">For more than 45 years, Entrack AS has built up experience of which products are the right ones. We are an importer of machines, provide service and maintenance with a nationwide service network and have our own workshops at our branches around Norway. Something we have learnt is important when working with mechanics and machines is lubricating oils.<\/p><p class=\"p1\">That's why Entrack AS has partnered with <a href=\"https:\/\/nordic.totalenergies.com\/nb\/produkter\/kjoretoyer\/motorolje\" target=\"_blank\" rel=\"noopener nofollow\">Total Energy<\/a> on deliveries of oils and lubricants. \"Quality is important at all levels in our industry. Using the right products for the right task is one of the most important things to consider when dealing with machinery and mechanics.<\/p><p>If you use the wrong oil, this can mean major extra costs and a shorter service life for your machines and equipment. Which can lead to poorer results on the bottom line. And that's the money you work for.<\/p><p><strong>If you need oil for your construction machine, forestry machine, lorry or agricultural machine, Entrack is your first choice!<\/strong><\/p>\t\t\t\t\t\t\t\t<\/div>\n\t\t\t\t<\/div>\n\t\t\t\t\t<\/div>\n\t\t<\/div>\n\t\t\t\t\t<\/div>\n\t\t<\/section>\n\t\t\t\t<section class=\"elementor-section elementor-top-section elementor-element elementor-element-5d29ce9 elementor-section-boxed elementor-section-height-default elementor-section-height-default\" data-id=\"5d29ce9\" data-element_type=\"section\" data-e-type=\"section\">\n\t\t\t\t\t\t<div class=\"elementor-container elementor-column-gap-default\">\n\t\t\t\t\t<div class=\"elementor-column elementor-col-100 elementor-top-column elementor-element elementor-element-965c2d8\" data-id=\"965c2d8\" data-element_type=\"column\" data-e-type=\"column\">\n\t\t\t<div class=\"elementor-widget-wrap elementor-element-populated\">\n\t\t\t\t\t\t<div class=\"elementor-element elementor-element-23bd068 elementor-widget elementor-widget-heading\" data-id=\"23bd068\" data-element_type=\"widget\" data-e-type=\"widget\" data-widget_type=\"heading.default\">\n\t\t\t\t<div class=\"elementor-widget-container\">\n\t\t\t\t\t<h2 class=\"elementor-heading-title elementor-size-default\">Oil supervisors<\/h2>\t\t\t\t<\/div>\n\t\t\t\t<\/div>\n\t\t\t\t<div class=\"elementor-element elementor-element-7a39343 elementor-widget elementor-widget-text-editor\" data-id=\"7a39343\" data-element_type=\"widget\" data-e-type=\"widget\" data-widget_type=\"text-editor.default\">\n\t\t\t\t<div class=\"elementor-widget-container\">\n\t\t\t\t\t\t\t\t\t<p>Not sure what kind of oil you should choose? You can use Total Energy's oil selector below here to find the recommended oil for your vehicle. The recommendations are based on engine manufacturers' requirements and specifications. Can't find the product you're looking for or are you unsure? Feel free to contact us for more information!<\/p>\t\t\t\t\t\t\t\t<\/div>\n\t\t\t\t<\/div>\n\t\t\t\t<div class=\"elementor-element elementor-element-25f44cd elementor-widget elementor-widget-html\" data-id=\"25f44cd\" data-element_type=\"widget\" data-e-type=\"widget\" data-widget_type=\"html.default\">\n\t\t\t\t<div class=\"elementor-widget-container\">\n\t\t\t\t\t   <iframe src=\"https:\/\/lubconsult.totalenergies.com\/norway?iframe&amp;configuration=69\" width=\"100%\" height=\"820px\" scrolling=\"yes\" frameborder=\"0\" marginheight=\"0px\" marginwidth=\"0px\" allowfullscren><\/iframe><p>\n\t\t\t\t<\/div>\n\t\t\t\t<\/div>\n\t\t\t\t\t<\/div>\n\t\t<\/div>\n\t\t\t\t\t<\/div>\n\t\t<\/section>\n\t\t\t\t<\/div>\n\t\t<span class=\"et_bloom_bottom_trigger\"><\/span>","protected":false},"excerpt":{"rendered":"<p>Motorolje Entrack AS har gjennom over 45 \u00e5r opparbeidet oss erfaring om hvilke produkter som er riktig. Vi er import\u00f8r av maskiner, driver service og vedlikehold med et landsomspennende service- nett og har egne verksteder p\u00e5 v\u00e5re avdelinger rundt i Norge. Noe vi har l\u00e6rt er viktig n\u00e5r man driver med mekanikk og maskiner er [&hellip;]<\/p>\n","protected":false},"author":1,"featured_media":63213,"parent":47721,"menu_order":0,"comment_status":"closed","ping_status":"closed","template":"","meta":{"_acf_changed":false,"footnotes":""},"class_list":["post-47744","page","type-page","status-publish","has-post-thumbnail","hentry"],"acf":[],"_links":{"self":[{"href":"https:\/\/www.entrack.no\/en\/wp-json\/wp\/v2\/pages\/47744","targetHints":{"allow":["GET"]}}],"collection":[{"href":"https:\/\/www.entrack.no\/en\/wp-json\/wp\/v2\/pages"}],"about":[{"href":"https:\/\/www.entrack.no\/en\/wp-json\/wp\/v2\/types\/page"}],"author":[{"embeddable":true,"href":"https:\/\/www.entrack.no\/en\/wp-json\/wp\/v2\/users\/1"}],"replies":[{"embeddable":true,"href":"https:\/\/www.entrack.no\/en\/wp-json\/wp\/v2\/comments?post=47744"}],"version-history":[{"count":5,"href":"https:\/\/www.entrack.no\/en\/wp-json\/wp\/v2\/pages\/47744\/revisions"}],"predecessor-version":[{"id":65466,"href":"https:\/\/www.entrack.no\/en\/wp-json\/wp\/v2\/pages\/47744\/revisions\/65466"}],"up":[{"embeddable":true,"href":"https:\/\/www.entrack.no\/en\/wp-json\/wp\/v2\/pages\/47721"}],"wp:featuredmedia":[{"embeddable":true,"href":"https:\/\/www.entrack.no\/en\/wp-json\/wp\/v2\/media\/63213"}],"wp:attachment":[{"href":"https:\/\/www.entrack.no\/en\/wp-json\/wp\/v2\/media?parent=47744"}],"curies":[{"name":"wp","href":"https:\/\/api.w.org\/{rel}","templated":true}]}}