{"id":47724,"date":"2020-07-10T14:13:16","date_gmt":"2020-07-10T12:13:16","guid":{"rendered":"https:\/\/www.entrack.no\/?page_id=47724"},"modified":"2026-01-06T13:46:05","modified_gmt":"2026-01-06T12:46:05","slug":"wear-parts","status":"publish","type":"page","link":"https:\/\/www.entrack.no\/en\/deler\/slitedeler\/","title":{"rendered":"Wear parts"},"content":{"rendered":"<div data-elementor-type=\"wp-post\" data-elementor-id=\"47724\" class=\"elementor elementor-47724\" data-elementor-post-type=\"page\">\n\t\t\t\t\t\t<section class=\"elementor-section elementor-top-section elementor-element elementor-element-360b3de elementor-section-boxed elementor-section-height-default elementor-section-height-default\" data-id=\"360b3de\" data-element_type=\"section\" data-e-type=\"section\">\n\t\t\t\t\t\t<div class=\"elementor-container elementor-column-gap-default\">\n\t\t\t\t\t<div class=\"elementor-column elementor-col-100 elementor-top-column elementor-element elementor-element-7faaba2\" data-id=\"7faaba2\" data-element_type=\"column\" data-e-type=\"column\">\n\t\t\t<div class=\"elementor-widget-wrap elementor-element-populated\">\n\t\t\t\t\t\t<div class=\"elementor-element elementor-element-415d2e1 elementor-widget elementor-widget-heading\" data-id=\"415d2e1\" data-element_type=\"widget\" data-e-type=\"widget\" data-widget_type=\"heading.default\">\n\t\t\t\t<div class=\"elementor-widget-container\">\n\t\t\t\t\t<h1 class=\"elementor-heading-title elementor-size-default\">Wear parts and accessories<\/h1>\t\t\t\t<\/div>\n\t\t\t\t<\/div>\n\t\t\t\t\t<\/div>\n\t\t<\/div>\n\t\t\t\t\t<\/div>\n\t\t<\/section>\n\t\t\t\t<section class=\"elementor-section elementor-top-section elementor-element elementor-element-49b91b5 elementor-section-boxed elementor-section-height-default elementor-section-height-default\" data-id=\"49b91b5\" data-element_type=\"section\" data-e-type=\"section\">\n\t\t\t\t\t\t<div class=\"elementor-container elementor-column-gap-default\">\n\t\t\t\t\t<div class=\"elementor-column elementor-col-50 elementor-top-column elementor-element elementor-element-4a68918\" data-id=\"4a68918\" data-element_type=\"column\" data-e-type=\"column\">\n\t\t\t<div class=\"elementor-widget-wrap elementor-element-populated\">\n\t\t\t\t\t\t<div class=\"elementor-element elementor-element-2b43aa2 elementor-widget elementor-widget-text-editor\" data-id=\"2b43aa2\" data-element_type=\"widget\" data-e-type=\"widget\" data-widget_type=\"text-editor.default\">\n\t\t\t\t<div class=\"elementor-widget-container\">\n\t\t\t\t\t\t\t\t\t<p><strong>As a leading importer of wear parts and accessories, Entrack specialises in supplying a wide range of excavator teeth and other essential accessories - always at very competitive prices.<\/strong><\/p><p>We have an extensive stock of most types of <strong data-start=\"415\" data-end=\"436\">excavator teeth<\/strong>, <strong>tooth holders<\/strong>, locking pins, corner guards, front guards, side guards, bucket knives and other necessary accessories to maintain and improve the performance of your excavator and wheel loader buckets. With a focus on high quality and the right price, we offer the best overall economy for your business. Contact our experts for advice on how to reduce costs and optimise your buckets.<\/p>\t\t\t\t\t\t\t\t<\/div>\n\t\t\t\t<\/div>\n\t\t\t\t\t<\/div>\n\t\t<\/div>\n\t\t\t\t<div class=\"elementor-column elementor-col-50 elementor-top-column elementor-element elementor-element-cb9c129\" data-id=\"cb9c129\" data-element_type=\"column\" data-e-type=\"column\">\n\t\t\t<div class=\"elementor-widget-wrap\">\n\t\t\t\t\t\t\t<\/div>\n\t\t<\/div>\n\t\t\t\t\t<\/div>\n\t\t<\/section>\n\t\t\t\t<section class=\"elementor-section elementor-top-section elementor-element elementor-element-37a9cd2 elementor-section-boxed elementor-section-height-default elementor-section-height-default\" data-id=\"37a9cd2\" data-element_type=\"section\" data-e-type=\"section\">\n\t\t\t\t\t\t<div class=\"elementor-container elementor-column-gap-wide\">\n\t\t\t\t\t<div class=\"elementor-column elementor-col-50 elementor-top-column elementor-element elementor-element-c1be3ae\" data-id=\"c1be3ae\" data-element_type=\"column\" data-e-type=\"column\">\n\t\t\t<div class=\"elementor-widget-wrap elementor-element-populated\">\n\t\t\t\t\t\t<div class=\"elementor-element elementor-element-c0a402b elementor-position-top elementor-widget elementor-widget-image-box\" data-id=\"c0a402b\" data-element_type=\"widget\" data-e-type=\"widget\" data-widget_type=\"image-box.default\">\n\t\t\t\t<div class=\"elementor-widget-container\">\n\t\t\t\t\t<div class=\"elementor-image-box-wrapper\"><figure class=\"elementor-image-box-img\"><a href=\"https:\/\/www.entrack.no\/en\/divider\/wear-parts\/dental-systems\/\" tabindex=\"-1\"><img fetchpriority=\"high\" decoding=\"async\" width=\"1000\" height=\"600\" src=\"https:\/\/www.entrack.no\/wp-content\/uploads\/2025\/05\/crex-bilde.jpg\" class=\"attachment-full size-full wp-image-63818\" alt=\"\" srcset=\"https:\/\/www.entrack.no\/wp-content\/uploads\/2025\/05\/crex-bilde.jpg 1000w, https:\/\/www.entrack.no\/wp-content\/uploads\/2025\/05\/crex-bilde-300x180.jpg 300w, https:\/\/www.entrack.no\/wp-content\/uploads\/2025\/05\/crex-bilde-768x461.jpg 768w, https:\/\/www.entrack.no\/wp-content\/uploads\/2025\/05\/crex-bilde-610x366.jpg 610w, https:\/\/www.entrack.no\/wp-content\/uploads\/2025\/05\/crex-bilde-800x480.jpg 800w\" sizes=\"(max-width: 1000px) 100vw, 1000px\" \/><\/a><\/figure><div class=\"elementor-image-box-content\"><h3 class=\"elementor-image-box-title\"><a href=\"https:\/\/www.entrack.no\/en\/divider\/wear-parts\/dental-systems\/\">Tray teeth and tooth holders<\/a><\/h3><p class=\"elementor-image-box-description\"><p>Entrack AS is one of Norway's largest suppliers of excavator teeth and tooth holders. We offer a wide range from recognised brands such as Trasteel and Black Cat. Explore our range here, and contact our sales team if you can't find what you're looking for - we're here to help. We stock most bucket wear parts for wheel loaders, excavators and other machines. As a total supplier, we offer most types of high-quality excavator teeth and tooth holders (excluding patented systems).<\/p>\n<\/p><\/div><\/div>\t\t\t\t<\/div>\n\t\t\t\t<\/div>\n\t\t\t\t<div class=\"elementor-element elementor-element-87f26ff elementor-button-info elementor-align-justify elementor-widget elementor-widget-button\" data-id=\"87f26ff\" data-element_type=\"widget\" data-e-type=\"widget\" data-widget_type=\"button.default\">\n\t\t\t\t<div class=\"elementor-widget-container\">\n\t\t\t\t\t\t\t\t\t<div class=\"elementor-button-wrapper\">\n\t\t\t\t\t<a class=\"elementor-button elementor-button-link elementor-size-sm\" href=\"https:\/\/www.entrack.no\/en\/divider\/wear-parts\/dental-systems\/\">\n\t\t\t\t\t\t<span class=\"elementor-button-content-wrapper\">\n\t\t\t\t\t\t\t\t\t<span class=\"elementor-button-text\">An overview of different dental systems can be found here<\/span>\n\t\t\t\t\t<\/span>\n\t\t\t\t\t<\/a>\n\t\t\t\t<\/div>\n\t\t\t\t\t\t\t\t<\/div>\n\t\t\t\t<\/div>\n\t\t\t\t\t<\/div>\n\t\t<\/div>\n\t\t\t\t<div class=\"elementor-column elementor-col-50 elementor-top-column elementor-element elementor-element-12c249c\" data-id=\"12c249c\" data-element_type=\"column\" data-e-type=\"column\">\n\t\t\t<div class=\"elementor-widget-wrap elementor-element-populated\">\n\t\t\t\t\t\t<div class=\"elementor-element elementor-element-dc7859c elementor-position-top elementor-widget elementor-widget-image-box\" data-id=\"dc7859c\" data-element_type=\"widget\" data-e-type=\"widget\" data-widget_type=\"image-box.default\">\n\t\t\t\t<div class=\"elementor-widget-container\">\n\t\t\t\t\t<div class=\"elementor-image-box-wrapper\"><figure class=\"elementor-image-box-img\"><img decoding=\"async\" width=\"1000\" height=\"600\" src=\"https:\/\/www.entrack.no\/wp-content\/uploads\/2020\/07\/skuffekniver-sliteribber-entrack.jpg\" class=\"attachment-full size-full wp-image-47728\" alt=\"Drawer knives and abrasive discs\" srcset=\"https:\/\/www.entrack.no\/wp-content\/uploads\/2020\/07\/skuffekniver-sliteribber-entrack.jpg 1000w, https:\/\/www.entrack.no\/wp-content\/uploads\/2020\/07\/skuffekniver-sliteribber-entrack-800x480.jpg 800w, https:\/\/www.entrack.no\/wp-content\/uploads\/2020\/07\/skuffekniver-sliteribber-entrack-300x180.jpg 300w, https:\/\/www.entrack.no\/wp-content\/uploads\/2020\/07\/skuffekniver-sliteribber-entrack-768x461.jpg 768w\" sizes=\"(max-width: 1000px) 100vw, 1000px\" \/><\/figure><div class=\"elementor-image-box-content\"><h3 class=\"elementor-image-box-title\">Drawer knives and abrasive discs<\/h3><p class=\"elementor-image-box-description\"><p>All our bucket blades and wear discs are through-hardened, weldable and manufactured in HBW500 steel. Entrack has a wide range of bucket blades, wear discs, cam profile, wear plates and profile steel, all in 500 HB. Contact our sales staff for advice on choosing the right steel for your job.<\/p><\/p><\/div><\/div>\t\t\t\t<\/div>\n\t\t\t\t<\/div>\n\t\t\t\t\t<\/div>\n\t\t<\/div>\n\t\t\t\t\t<\/div>\n\t\t<\/section>\n\t\t\t\t<section class=\"elementor-section elementor-top-section elementor-element elementor-element-9815af7 elementor-section-boxed elementor-section-height-default elementor-section-height-default\" data-id=\"9815af7\" data-element_type=\"section\" data-e-type=\"section\">\n\t\t\t\t\t\t<div class=\"elementor-container elementor-column-gap-wide\">\n\t\t\t\t\t<div class=\"elementor-column elementor-col-50 elementor-top-column elementor-element elementor-element-d13f1e3\" data-id=\"d13f1e3\" data-element_type=\"column\" data-e-type=\"column\">\n\t\t\t<div class=\"elementor-widget-wrap elementor-element-populated\">\n\t\t\t\t\t\t<div class=\"elementor-element elementor-element-0854128 elementor-position-top elementor-widget elementor-widget-image-box\" data-id=\"0854128\" data-element_type=\"widget\" data-e-type=\"widget\" data-widget_type=\"image-box.default\">\n\t\t\t\t<div class=\"elementor-widget-container\">\n\t\t\t\t\t<div class=\"elementor-image-box-wrapper\"><figure class=\"elementor-image-box-img\"><img decoding=\"async\" width=\"1000\" height=\"600\" src=\"https:\/\/www.entrack.no\/wp-content\/uploads\/2020\/07\/hjorneklosser-entrack.jpg\" class=\"attachment-full size-full wp-image-47730\" alt=\"Corner blocks\" srcset=\"https:\/\/www.entrack.no\/wp-content\/uploads\/2020\/07\/hjorneklosser-entrack.jpg 1000w, https:\/\/www.entrack.no\/wp-content\/uploads\/2020\/07\/hjorneklosser-entrack-800x480.jpg 800w, https:\/\/www.entrack.no\/wp-content\/uploads\/2020\/07\/hjorneklosser-entrack-300x180.jpg 300w, https:\/\/www.entrack.no\/wp-content\/uploads\/2020\/07\/hjorneklosser-entrack-768x461.jpg 768w\" sizes=\"(max-width: 1000px) 100vw, 1000px\" \/><\/figure><div class=\"elementor-image-box-content\"><h3 class=\"elementor-image-box-title\">Corner blocks<\/h3><p class=\"elementor-image-box-description\"><p>As a total supplier of wear steel for all types of construction machinery and equipment, Entrack offers a complete range of corner blocks\/heel steels, including Type HS, ES and Cat. Our experienced sales representatives are ready to answer questions about wear products.<\/p><\/p><\/div><\/div>\t\t\t\t<\/div>\n\t\t\t\t<\/div>\n\t\t\t\t\t<\/div>\n\t\t<\/div>\n\t\t\t\t<div class=\"elementor-column elementor-col-50 elementor-top-column elementor-element elementor-element-29cfe5e\" data-id=\"29cfe5e\" data-element_type=\"column\" data-e-type=\"column\">\n\t\t\t<div class=\"elementor-widget-wrap elementor-element-populated\">\n\t\t\t\t\t\t<div class=\"elementor-element elementor-element-6ab7709 elementor-position-top elementor-widget elementor-widget-image-box\" data-id=\"6ab7709\" data-element_type=\"widget\" data-e-type=\"widget\" data-widget_type=\"image-box.default\">\n\t\t\t\t<div class=\"elementor-widget-container\">\n\t\t\t\t\t<div class=\"elementor-image-box-wrapper\"><figure class=\"elementor-image-box-img\"><img loading=\"lazy\" decoding=\"async\" width=\"1000\" height=\"600\" src=\"https:\/\/www.entrack.no\/wp-content\/uploads\/2020\/07\/bolt-on-staal-entrack.jpg\" class=\"attachment-full size-full wp-image-47731\" alt=\"Bolt on steel\" srcset=\"https:\/\/www.entrack.no\/wp-content\/uploads\/2020\/07\/bolt-on-staal-entrack.jpg 1000w, https:\/\/www.entrack.no\/wp-content\/uploads\/2020\/07\/bolt-on-staal-entrack-800x480.jpg 800w, https:\/\/www.entrack.no\/wp-content\/uploads\/2020\/07\/bolt-on-staal-entrack-300x180.jpg 300w, https:\/\/www.entrack.no\/wp-content\/uploads\/2020\/07\/bolt-on-staal-entrack-768x461.jpg 768w\" sizes=\"(max-width: 1000px) 100vw, 1000px\" \/><\/figure><div class=\"elementor-image-box-content\"><h3 class=\"elementor-image-box-title\">Bolt on steel<\/h3><p class=\"elementor-image-box-description\"><p>We stock both base steel (weld-in parts) and spar steel (bolt on) for most machine types. Through co-operation with our customers, we have developed several alternative solutions that fit directly onto the original bases, resulting in better wear steel economy. We also offer half arrow moulded bolt on and special bases. <\/p><\/p><\/div><\/div>\t\t\t\t<\/div>\n\t\t\t\t<\/div>\n\t\t\t\t\t<\/div>\n\t\t<\/div>\n\t\t\t\t\t<\/div>\n\t\t<\/section>\n\t\t\t\t<section class=\"elementor-section elementor-top-section elementor-element elementor-element-3c33a6a elementor-section-boxed elementor-section-height-default elementor-section-height-default\" data-id=\"3c33a6a\" data-element_type=\"section\" data-e-type=\"section\">\n\t\t\t\t\t\t<div class=\"elementor-container elementor-column-gap-wide\">\n\t\t\t\t\t<div class=\"elementor-column elementor-col-50 elementor-top-column elementor-element elementor-element-034ef3b\" data-id=\"034ef3b\" data-element_type=\"column\" data-e-type=\"column\">\n\t\t\t<div class=\"elementor-widget-wrap elementor-element-populated\">\n\t\t\t\t\t\t<div class=\"elementor-element elementor-element-ee117f3 elementor-position-top elementor-widget elementor-widget-image-box\" data-id=\"ee117f3\" data-element_type=\"widget\" data-e-type=\"widget\" data-widget_type=\"image-box.default\">\n\t\t\t\t<div class=\"elementor-widget-container\">\n\t\t\t\t\t<div class=\"elementor-image-box-wrapper\"><figure class=\"elementor-image-box-img\"><img loading=\"lazy\" decoding=\"async\" width=\"1000\" height=\"600\" src=\"https:\/\/www.entrack.no\/wp-content\/uploads\/2020\/07\/mellomklosser-frontbeskyttelse-entrack.jpg\" class=\"attachment-full size-full wp-image-47727\" alt=\"wear parts\" srcset=\"https:\/\/www.entrack.no\/wp-content\/uploads\/2020\/07\/mellomklosser-frontbeskyttelse-entrack.jpg 1000w, https:\/\/www.entrack.no\/wp-content\/uploads\/2020\/07\/mellomklosser-frontbeskyttelse-entrack-800x480.jpg 800w, https:\/\/www.entrack.no\/wp-content\/uploads\/2020\/07\/mellomklosser-frontbeskyttelse-entrack-300x180.jpg 300w, https:\/\/www.entrack.no\/wp-content\/uploads\/2020\/07\/mellomklosser-frontbeskyttelse-entrack-768x461.jpg 768w\" sizes=\"(max-width: 1000px) 100vw, 1000px\" \/><\/figure><div class=\"elementor-image-box-content\"><h3 class=\"elementor-image-box-title\">Intermediate blocks\/ Front protector<\/h3><p class=\"elementor-image-box-description\"><p>With Black Cat's bolted intermediate blocks, you can maximise the performance of your buckets. The ease of replacement is superb, and the cleats fit all tooth systems. We also have weldable front guards in standard HZ and LSC versions, customised for the Cat-J system.<\/p><\/p><\/div><\/div>\t\t\t\t<\/div>\n\t\t\t\t<\/div>\n\t\t\t\t\t<\/div>\n\t\t<\/div>\n\t\t\t\t<div class=\"elementor-column elementor-col-50 elementor-top-column elementor-element elementor-element-dbc8a40\" data-id=\"dbc8a40\" data-element_type=\"column\" data-e-type=\"column\">\n\t\t\t<div class=\"elementor-widget-wrap elementor-element-populated\">\n\t\t\t\t\t\t<div class=\"elementor-element elementor-element-20f4104 elementor-position-top elementor-widget elementor-widget-image-box\" data-id=\"20f4104\" data-element_type=\"widget\" data-e-type=\"widget\" data-widget_type=\"image-box.default\">\n\t\t\t\t<div class=\"elementor-widget-container\">\n\t\t\t\t\t<div class=\"elementor-image-box-wrapper\"><figure class=\"elementor-image-box-img\"><img loading=\"lazy\" decoding=\"async\" width=\"1000\" height=\"600\" src=\"https:\/\/www.entrack.no\/wp-content\/uploads\/2020\/07\/sidebeskytter-banan.jpg\" class=\"attachment-full size-full wp-image-47729\" alt=\"Side shooters (banana)\" srcset=\"https:\/\/www.entrack.no\/wp-content\/uploads\/2020\/07\/sidebeskytter-banan.jpg 1000w, https:\/\/www.entrack.no\/wp-content\/uploads\/2020\/07\/sidebeskytter-banan-800x480.jpg 800w, https:\/\/www.entrack.no\/wp-content\/uploads\/2020\/07\/sidebeskytter-banan-300x180.jpg 300w, https:\/\/www.entrack.no\/wp-content\/uploads\/2020\/07\/sidebeskytter-banan-768x461.jpg 768w\" sizes=\"(max-width: 1000px) 100vw, 1000px\" \/><\/figure><div class=\"elementor-image-box-content\"><h3 class=\"elementor-image-box-title\">Side protector (BANAN)<\/h3><p class=\"elementor-image-box-description\"><p>The sides of a drawer are often subject to more wear and tear than other parts. By using side protectors (Banana), you can extend the service life and improve operating economy considerably. Entrack supplies most types of side protectors.<\/p><\/p><\/div><\/div>\t\t\t\t<\/div>\n\t\t\t\t<\/div>\n\t\t\t\t\t<\/div>\n\t\t<\/div>\n\t\t\t\t\t<\/div>\n\t\t<\/section>\n\t\t\t\t<section class=\"elementor-section elementor-top-section elementor-element elementor-element-8e0171c elementor-section-boxed elementor-section-height-default elementor-section-height-default\" data-id=\"8e0171c\" data-element_type=\"section\" data-e-type=\"section\">\n\t\t\t\t\t\t<div class=\"elementor-container elementor-column-gap-wide\">\n\t\t\t\t\t<div class=\"elementor-column elementor-col-50 elementor-top-column elementor-element elementor-element-c101698\" data-id=\"c101698\" data-element_type=\"column\" data-e-type=\"column\">\n\t\t\t<div class=\"elementor-widget-wrap elementor-element-populated\">\n\t\t\t\t\t\t<div class=\"elementor-element elementor-element-d189b6c elementor-position-top elementor-widget elementor-widget-image-box\" data-id=\"d189b6c\" data-element_type=\"widget\" data-e-type=\"widget\" data-widget_type=\"image-box.default\">\n\t\t\t\t<div class=\"elementor-widget-container\">\n\t\t\t\t\t<div class=\"elementor-image-box-wrapper\"><figure class=\"elementor-image-box-img\"><img loading=\"lazy\" decoding=\"async\" width=\"1000\" height=\"600\" src=\"https:\/\/www.entrack.no\/wp-content\/uploads\/2020\/07\/chocky-bars-krom-karbi-entrack.jpg\" class=\"attachment-full size-full wp-image-47732\" alt=\"\" srcset=\"https:\/\/www.entrack.no\/wp-content\/uploads\/2020\/07\/chocky-bars-krom-karbi-entrack.jpg 1000w, https:\/\/www.entrack.no\/wp-content\/uploads\/2020\/07\/chocky-bars-krom-karbi-entrack-800x480.jpg 800w, https:\/\/www.entrack.no\/wp-content\/uploads\/2020\/07\/chocky-bars-krom-karbi-entrack-300x180.jpg 300w, https:\/\/www.entrack.no\/wp-content\/uploads\/2020\/07\/chocky-bars-krom-karbi-entrack-768x461.jpg 768w\" sizes=\"(max-width: 1000px) 100vw, 1000px\" \/><\/figure><div class=\"elementor-image-box-content\"><h3 class=\"elementor-image-box-title\">CHOCKY BARS\/CHROME CARAWAY<\/h3><p class=\"elementor-image-box-description\"><p>For areas of extreme wear, we offer chrome carbide laminated wear material in HBW700 with weldable base. Entrack stocks a wide range of Round bar, Chocky bar, Donuts and Buttons for overlay welding on equipment and tools. Contact our skilled sales staff for advice and ordering. <\/p><\/p><\/div><\/div>\t\t\t\t<\/div>\n\t\t\t\t<\/div>\n\t\t\t\t\t<\/div>\n\t\t<\/div>\n\t\t\t\t<div class=\"elementor-column elementor-col-50 elementor-top-column elementor-element elementor-element-eaaa5d3\" data-id=\"eaaa5d3\" data-element_type=\"column\" data-e-type=\"column\">\n\t\t\t<div class=\"elementor-widget-wrap elementor-element-populated\">\n\t\t\t\t\t\t<div class=\"elementor-element elementor-element-13e89db elementor-position-top elementor-widget elementor-widget-image-box\" data-id=\"13e89db\" data-element_type=\"widget\" data-e-type=\"widget\" data-widget_type=\"image-box.default\">\n\t\t\t\t<div class=\"elementor-widget-container\">\n\t\t\t\t\t<div class=\"elementor-image-box-wrapper\"><figure class=\"elementor-image-box-img\"><img loading=\"lazy\" decoding=\"async\" width=\"898\" height=\"638\" src=\"https:\/\/www.entrack.no\/wp-content\/uploads\/2023\/08\/HAmalskjema.png\" class=\"attachment-full size-full wp-image-60353\" alt=\"\" srcset=\"https:\/\/www.entrack.no\/wp-content\/uploads\/2023\/08\/HAmalskjema.png 898w, https:\/\/www.entrack.no\/wp-content\/uploads\/2023\/08\/HAmalskjema-800x568.png 800w, https:\/\/www.entrack.no\/wp-content\/uploads\/2023\/08\/HAmalskjema-300x213.png 300w, https:\/\/www.entrack.no\/wp-content\/uploads\/2023\/08\/HAmalskjema-768x546.png 768w, https:\/\/www.entrack.no\/wp-content\/uploads\/2023\/08\/HAmalskjema-610x433.png 610w\" sizes=\"(max-width: 898px) 100vw, 898px\" \/><\/figure><div class=\"elementor-image-box-content\"><h3 class=\"elementor-image-box-title\">HA profile steel<\/h3><p class=\"elementor-image-box-description\"><p>We also offer HA profile steel in various dimensions for customised solutions. See our measurement chart for more information on available dimensions.<\/p><\/p><\/div><\/div>\t\t\t\t<\/div>\n\t\t\t\t<\/div>\n\t\t\t\t\t<\/div>\n\t\t<\/div>\n\t\t\t\t\t<\/div>\n\t\t<\/section>\n\t\t\t\t<section class=\"elementor-section elementor-top-section elementor-element elementor-element-3c2ddd5 elementor-section-boxed elementor-section-height-default elementor-section-height-default\" data-id=\"3c2ddd5\" data-element_type=\"section\" data-e-type=\"section\">\n\t\t\t\t\t\t<div class=\"elementor-container elementor-column-gap-default\">\n\t\t\t\t\t<div class=\"elementor-column elementor-col-100 elementor-top-column elementor-element elementor-element-03720e6\" data-id=\"03720e6\" data-element_type=\"column\" data-e-type=\"column\">\n\t\t\t<div class=\"elementor-widget-wrap elementor-element-populated\">\n\t\t\t\t\t\t<div class=\"elementor-element elementor-element-a180b69 elementor-widget elementor-widget-text-editor\" data-id=\"a180b69\" data-element_type=\"widget\" data-e-type=\"widget\" data-widget_type=\"text-editor.default\">\n\t\t\t\t<div class=\"elementor-widget-container\">\n\t\t\t\t\t\t\t\t\t<p>Contact Entrack today to find the right people\u00a0<strong>excavator teeth<\/strong>\u00a0and other wear parts that will optimise the performance, extend the life and reduce the cost of your construction equipment.<\/p>\t\t\t\t\t\t\t\t<\/div>\n\t\t\t\t<\/div>\n\t\t\t\t\t<\/div>\n\t\t<\/div>\n\t\t\t\t\t<\/div>\n\t\t<\/section>\n\t\t\t\t<\/div>\n\t\t<span class=\"et_bloom_bottom_trigger\"><\/span>","protected":false},"excerpt":{"rendered":"<p>Slitedeler og tilbeh\u00f8r Som en ledende import\u00f8r av slitedeler og tilbeh\u00f8r, spesialiserer Entrack seg p\u00e5 \u00e5 levere et bredt utvalg av gravemaskintenner og annet essensielt tilbeh\u00f8r \u2013 alltid til sv\u00e6rt konkurransedyktige priser. Vi har et omfattende lager av de fleste typer gravemaskintenner, tannholdere, l\u00e5sepinner, hj\u00f8rnebeskyttere, frontbeskyttere, sidebeskyttere, skuffekniver og annet n\u00f8dvendig tilbeh\u00f8r for \u00e5 vedlikeholde [&hellip;]<\/p>\n","protected":false},"author":1,"featured_media":47726,"parent":47721,"menu_order":0,"comment_status":"closed","ping_status":"closed","template":"","meta":{"_acf_changed":false,"footnotes":""},"class_list":["post-47724","page","type-page","status-publish","has-post-thumbnail","hentry"],"acf":[],"_links":{"self":[{"href":"https:\/\/www.entrack.no\/en\/wp-json\/wp\/v2\/pages\/47724","targetHints":{"allow":["GET"]}}],"collection":[{"href":"https:\/\/www.entrack.no\/en\/wp-json\/wp\/v2\/pages"}],"about":[{"href":"https:\/\/www.entrack.no\/en\/wp-json\/wp\/v2\/types\/page"}],"author":[{"embeddable":true,"href":"https:\/\/www.entrack.no\/en\/wp-json\/wp\/v2\/users\/1"}],"replies":[{"embeddable":true,"href":"https:\/\/www.entrack.no\/en\/wp-json\/wp\/v2\/comments?post=47724"}],"version-history":[{"count":5,"href":"https:\/\/www.entrack.no\/en\/wp-json\/wp\/v2\/pages\/47724\/revisions"}],"predecessor-version":[{"id":65610,"href":"https:\/\/www.entrack.no\/en\/wp-json\/wp\/v2\/pages\/47724\/revisions\/65610"}],"up":[{"embeddable":true,"href":"https:\/\/www.entrack.no\/en\/wp-json\/wp\/v2\/pages\/47721"}],"wp:featuredmedia":[{"embeddable":true,"href":"https:\/\/www.entrack.no\/en\/wp-json\/wp\/v2\/media\/47726"}],"wp:attachment":[{"href":"https:\/\/www.entrack.no\/en\/wp-json\/wp\/v2\/media?parent=47724"}],"curies":[{"name":"wp","href":"https:\/\/api.w.org\/{rel}","templated":true}]}}