{"id":47721,"date":"2020-07-10T14:04:44","date_gmt":"2020-07-10T12:04:44","guid":{"rendered":"https:\/\/www.entrack.no\/?page_id=47721"},"modified":"2025-08-20T13:44:19","modified_gmt":"2025-08-20T11:44:19","slug":"divider","status":"publish","type":"page","link":"https:\/\/www.entrack.no\/en\/deler\/","title":{"rendered":"Divider"},"content":{"rendered":"<div data-elementor-type=\"wp-post\" data-elementor-id=\"47721\" class=\"elementor elementor-47721\" data-elementor-post-type=\"page\">\n\t\t\t\t\t\t<section class=\"elementor-section elementor-top-section elementor-element elementor-element-360b3de elementor-section-boxed elementor-section-height-default elementor-section-height-default\" data-id=\"360b3de\" data-element_type=\"section\" data-e-type=\"section\">\n\t\t\t\t\t\t<div class=\"elementor-container elementor-column-gap-default\">\n\t\t\t\t\t<div class=\"elementor-column elementor-col-100 elementor-top-column elementor-element elementor-element-7faaba2\" data-id=\"7faaba2\" data-element_type=\"column\" data-e-type=\"column\">\n\t\t\t<div class=\"elementor-widget-wrap elementor-element-populated\">\n\t\t\t\t\t\t<div class=\"elementor-element elementor-element-415d2e1 elementor-widget elementor-widget-heading\" data-id=\"415d2e1\" data-element_type=\"widget\" data-e-type=\"widget\" data-widget_type=\"heading.default\">\n\t\t\t\t<div class=\"elementor-widget-container\">\n\t\t\t\t\t<h1 class=\"elementor-heading-title elementor-size-default\">Divider<\/h1>\t\t\t\t<\/div>\n\t\t\t\t<\/div>\n\t\t\t\t<div class=\"elementor-element elementor-element-e536192 elementor-widget elementor-widget-text-editor\" data-id=\"e536192\" data-element_type=\"widget\" data-e-type=\"widget\" data-widget_type=\"text-editor.default\">\n\t\t\t\t<div class=\"elementor-widget-container\">\n\t\t\t\t\t\t\t\t\t<p>We offer original spare parts to customers all over Norway, so you always get parts that fit your machine perfectly. If we have the machine's serial number, we can identify exactly which part you need, which saves time and ensures that the machine works optimally. <br \/><br \/>Our experienced service department is ready to share its expertise if you have technical questions or need advice on installation and maintenance. At Entrack, you don't just get parts - you get peace of mind, quality and professional support from experts who know your machines best.<br \/><br \/><\/p><p><a href=\"https:\/\/www.entrack.no\/en\/divider\/spare-parts-kobelco\/\">Click here for Kobelco spare parts<\/a><br \/><a href=\"https:\/\/www.entrack.no\/en\/divider\/spare-parts-for-kramer\/\">Click here for Kramer spare parts<\/a><br \/><a href=\"https:\/\/www.entrack.no\/en\/divider\/spare-parts-for-yanmar\/\">Click here for Yanmar spare parts<\/a><br \/><a href=\"https:\/\/www.entrack.no\/en\/divider\/spare-parts-for-ljungby\/\">Click here for Ljungby spare parts<\/a><br \/><a href=\"https:\/\/www.entrack.no\/en\/repair-parts-itr\/\">Click here for other brands<\/a><br \/><a href=\"https:\/\/www.entrack.no\/en\/divider\/reuse\/\">Click here for used parts<\/a><\/p>\t\t\t\t\t\t\t\t<\/div>\n\t\t\t\t<\/div>\n\t\t\t\t\t<\/div>\n\t\t<\/div>\n\t\t\t\t\t<\/div>\n\t\t<\/section>\n\t\t\t\t<section class=\"elementor-section elementor-top-section elementor-element elementor-element-37a9cd2 elementor-section-boxed elementor-section-height-default elementor-section-height-default\" data-id=\"37a9cd2\" data-element_type=\"section\" data-e-type=\"section\">\n\t\t\t\t\t\t<div class=\"elementor-container elementor-column-gap-wide\">\n\t\t\t\t\t<div class=\"elementor-column elementor-col-50 elementor-top-column elementor-element elementor-element-c1be3ae\" data-id=\"c1be3ae\" data-element_type=\"column\" data-e-type=\"column\">\n\t\t\t<div class=\"elementor-widget-wrap elementor-element-populated\">\n\t\t\t\t\t\t<div class=\"elementor-element elementor-element-c0a402b elementor-position-top elementor-widget elementor-widget-image-box\" data-id=\"c0a402b\" data-element_type=\"widget\" data-e-type=\"widget\" data-widget_type=\"image-box.default\">\n\t\t\t\t<div class=\"elementor-widget-container\">\n\t\t\t\t\t<div class=\"elementor-image-box-wrapper\"><figure class=\"elementor-image-box-img\"><a href=\"\/en\/divider\/reuse\/\" tabindex=\"-1\"><img fetchpriority=\"high\" decoding=\"async\" width=\"1000\" height=\"600\" src=\"https:\/\/www.entrack.no\/wp-content\/uploads\/2020\/07\/gjenbruk-nytt.jpg\" class=\"attachment-full size-full wp-image-48548\" alt=\"\" srcset=\"https:\/\/www.entrack.no\/wp-content\/uploads\/2020\/07\/gjenbruk-nytt.jpg 1000w, https:\/\/www.entrack.no\/wp-content\/uploads\/2020\/07\/gjenbruk-nytt-800x480.jpg 800w, https:\/\/www.entrack.no\/wp-content\/uploads\/2020\/07\/gjenbruk-nytt-300x180.jpg 300w, https:\/\/www.entrack.no\/wp-content\/uploads\/2020\/07\/gjenbruk-nytt-768x461.jpg 768w, https:\/\/www.entrack.no\/wp-content\/uploads\/2020\/07\/gjenbruk-nytt-610x366.jpg 610w, https:\/\/www.entrack.no\/wp-content\/uploads\/2020\/07\/gjenbruk-nytt-600x360.jpg 600w\" sizes=\"(max-width: 1000px) 100vw, 1000px\" \/><\/a><\/figure><div class=\"elementor-image-box-content\"><h3 class=\"elementor-image-box-title\"><a href=\"\/en\/divider\/reuse\/\">USED PARTS AND EQUIPMENT<\/a><\/h3><\/div><\/div>\t\t\t\t<\/div>\n\t\t\t\t<\/div>\n\t\t\t\t\t<\/div>\n\t\t<\/div>\n\t\t\t\t<div class=\"elementor-column elementor-col-50 elementor-top-column elementor-element elementor-element-12c249c\" data-id=\"12c249c\" data-element_type=\"column\" data-e-type=\"column\">\n\t\t\t<div class=\"elementor-widget-wrap elementor-element-populated\">\n\t\t\t\t\t\t<div class=\"elementor-element elementor-element-ee117f3 elementor-position-top elementor-widget elementor-widget-image-box\" data-id=\"ee117f3\" data-element_type=\"widget\" data-e-type=\"widget\" data-widget_type=\"image-box.default\">\n\t\t\t\t<div class=\"elementor-widget-container\">\n\t\t\t\t\t<div class=\"elementor-image-box-wrapper\"><figure class=\"elementor-image-box-img\"><a href=\"\/en\/divider\/wear-parts\/\" tabindex=\"-1\"><img decoding=\"async\" width=\"1000\" height=\"600\" src=\"https:\/\/www.entrack.no\/wp-content\/uploads\/2020\/07\/tenner-tannholdere-entrack.jpg\" class=\"attachment-full size-full wp-image-47726\" alt=\"Different tooth holders\" srcset=\"https:\/\/www.entrack.no\/wp-content\/uploads\/2020\/07\/tenner-tannholdere-entrack.jpg 1000w, https:\/\/www.entrack.no\/wp-content\/uploads\/2020\/07\/tenner-tannholdere-entrack-800x480.jpg 800w, https:\/\/www.entrack.no\/wp-content\/uploads\/2020\/07\/tenner-tannholdere-entrack-300x180.jpg 300w, https:\/\/www.entrack.no\/wp-content\/uploads\/2020\/07\/tenner-tannholdere-entrack-768x461.jpg 768w\" sizes=\"(max-width: 1000px) 100vw, 1000px\" \/><\/a><\/figure><div class=\"elementor-image-box-content\"><h3 class=\"elementor-image-box-title\"><a href=\"\/en\/divider\/wear-parts\/\">Wear steel and teeth<\/a><\/h3><\/div><\/div>\t\t\t\t<\/div>\n\t\t\t\t<\/div>\n\t\t\t\t\t<\/div>\n\t\t<\/div>\n\t\t\t\t\t<\/div>\n\t\t<\/section>\n\t\t\t\t<section class=\"elementor-section elementor-top-section elementor-element elementor-element-a57b201 elementor-section-boxed elementor-section-height-default elementor-section-height-default\" data-id=\"a57b201\" data-element_type=\"section\" data-e-type=\"section\">\n\t\t\t\t\t\t<div class=\"elementor-container elementor-column-gap-wide\">\n\t\t\t\t\t<div class=\"elementor-column elementor-col-50 elementor-top-column elementor-element elementor-element-1447947\" data-id=\"1447947\" data-element_type=\"column\" data-e-type=\"column\">\n\t\t\t<div class=\"elementor-widget-wrap elementor-element-populated\">\n\t\t\t\t\t\t<div class=\"elementor-element elementor-element-723214a elementor-position-top elementor-widget elementor-widget-image-box\" data-id=\"723214a\" data-element_type=\"widget\" data-e-type=\"widget\" data-widget_type=\"image-box.default\">\n\t\t\t\t<div class=\"elementor-widget-container\">\n\t\t\t\t\t<div class=\"elementor-image-box-wrapper\"><figure class=\"elementor-image-box-img\"><a href=\"\/en\/divider\/belter\/\" tabindex=\"-1\"><img decoding=\"async\" width=\"935\" height=\"623\" src=\"https:\/\/www.entrack.no\/wp-content\/uploads\/2020\/07\/mini-kompakte-belter-entrack.jpg\" class=\"attachment-full size-full wp-image-48304\" alt=\"Product image of belts\" srcset=\"https:\/\/www.entrack.no\/wp-content\/uploads\/2020\/07\/mini-kompakte-belter-entrack.jpg 935w, https:\/\/www.entrack.no\/wp-content\/uploads\/2020\/07\/mini-kompakte-belter-entrack-800x533.jpg 800w, https:\/\/www.entrack.no\/wp-content\/uploads\/2020\/07\/mini-kompakte-belter-entrack-300x200.jpg 300w, https:\/\/www.entrack.no\/wp-content\/uploads\/2020\/07\/mini-kompakte-belter-entrack-768x512.jpg 768w, https:\/\/www.entrack.no\/wp-content\/uploads\/2020\/07\/mini-kompakte-belter-entrack-610x406.jpg 610w, https:\/\/www.entrack.no\/wp-content\/uploads\/2020\/07\/mini-kompakte-belter-entrack-600x400.jpg 600w\" sizes=\"(max-width: 935px) 100vw, 935px\" \/><\/a><\/figure><div class=\"elementor-image-box-content\"><h3 class=\"elementor-image-box-title\"><a href=\"\/en\/divider\/belter\/\">Belter<\/a><\/h3><\/div><\/div>\t\t\t\t<\/div>\n\t\t\t\t<\/div>\n\t\t\t\t\t<\/div>\n\t\t<\/div>\n\t\t\t\t<div class=\"elementor-column elementor-col-50 elementor-top-column elementor-element elementor-element-c95f43b\" data-id=\"c95f43b\" data-element_type=\"column\" data-e-type=\"column\">\n\t\t\t<div class=\"elementor-widget-wrap elementor-element-populated\">\n\t\t\t\t\t\t<div class=\"elementor-element elementor-element-c9bf8a0 elementor-position-top elementor-widget elementor-widget-image-box\" data-id=\"c9bf8a0\" data-element_type=\"widget\" data-e-type=\"widget\" data-widget_type=\"image-box.default\">\n\t\t\t\t<div class=\"elementor-widget-container\">\n\t\t\t\t\t<div class=\"elementor-image-box-wrapper\"><figure class=\"elementor-image-box-img\"><a href=\"\/en\/divider\/broytestal\/\" tabindex=\"-1\"><img loading=\"lazy\" decoding=\"async\" width=\"1000\" height=\"600\" src=\"https:\/\/www.entrack.no\/wp-content\/uploads\/2020\/07\/Vegsta\u030al-NORDVIQ-entrack.jpg\" class=\"attachment-full size-full wp-image-47710\" alt=\"Wall steel from NORDVIQ\" srcset=\"https:\/\/www.entrack.no\/wp-content\/uploads\/2020\/07\/Vegsta\u030al-NORDVIQ-entrack.jpg 1000w, https:\/\/www.entrack.no\/wp-content\/uploads\/2020\/07\/Vegsta\u030al-NORDVIQ-entrack-800x480.jpg 800w, https:\/\/www.entrack.no\/wp-content\/uploads\/2020\/07\/Vegsta\u030al-NORDVIQ-entrack-300x180.jpg 300w, https:\/\/www.entrack.no\/wp-content\/uploads\/2020\/07\/Vegsta\u030al-NORDVIQ-entrack-768x461.jpg 768w\" sizes=\"(max-width: 1000px) 100vw, 1000px\" \/><\/a><\/figure><div class=\"elementor-image-box-content\"><h3 class=\"elementor-image-box-title\"><a href=\"\/en\/divider\/broytestal\/\">Plough steel<\/a><\/h3><\/div><\/div>\t\t\t\t<\/div>\n\t\t\t\t<\/div>\n\t\t\t\t\t<\/div>\n\t\t<\/div>\n\t\t\t\t\t<\/div>\n\t\t<\/section>\n\t\t\t\t<section class=\"elementor-section elementor-top-section elementor-element elementor-element-08898b8 elementor-section-boxed elementor-section-height-default elementor-section-height-default\" data-id=\"08898b8\" data-element_type=\"section\" data-e-type=\"section\">\n\t\t\t\t\t\t<div class=\"elementor-container elementor-column-gap-wide\">\n\t\t\t\t\t<div class=\"elementor-column elementor-col-50 elementor-top-column elementor-element elementor-element-2b43764\" data-id=\"2b43764\" data-element_type=\"column\" data-e-type=\"column\">\n\t\t\t<div class=\"elementor-widget-wrap elementor-element-populated\">\n\t\t\t\t\t\t<div class=\"elementor-element elementor-element-6c622b4 elementor-position-top elementor-widget elementor-widget-image-box\" data-id=\"6c622b4\" data-element_type=\"widget\" data-e-type=\"widget\" data-widget_type=\"image-box.default\">\n\t\t\t\t<div class=\"elementor-widget-container\">\n\t\t\t\t\t<div class=\"elementor-image-box-wrapper\"><figure class=\"elementor-image-box-img\"><a href=\"\/en\/equipment\/glass\/\" tabindex=\"-1\"><img loading=\"lazy\" decoding=\"async\" width=\"1000\" height=\"600\" src=\"https:\/\/www.entrack.no\/wp-content\/uploads\/2020\/07\/glass-ny.jpg\" class=\"attachment-full size-full wp-image-48468\" alt=\"Illustration of new glass for construction machine\" srcset=\"https:\/\/www.entrack.no\/wp-content\/uploads\/2020\/07\/glass-ny.jpg 1000w, https:\/\/www.entrack.no\/wp-content\/uploads\/2020\/07\/glass-ny-800x480.jpg 800w, https:\/\/www.entrack.no\/wp-content\/uploads\/2020\/07\/glass-ny-300x180.jpg 300w, https:\/\/www.entrack.no\/wp-content\/uploads\/2020\/07\/glass-ny-768x461.jpg 768w, https:\/\/www.entrack.no\/wp-content\/uploads\/2020\/07\/glass-ny-610x366.jpg 610w, https:\/\/www.entrack.no\/wp-content\/uploads\/2020\/07\/glass-ny-600x360.jpg 600w\" sizes=\"(max-width: 1000px) 100vw, 1000px\" \/><\/a><\/figure><div class=\"elementor-image-box-content\"><h3 class=\"elementor-image-box-title\"><a href=\"\/en\/equipment\/glass\/\">Glass<\/a><\/h3><\/div><\/div>\t\t\t\t<\/div>\n\t\t\t\t<\/div>\n\t\t\t\t\t<\/div>\n\t\t<\/div>\n\t\t\t\t<div class=\"elementor-column elementor-col-50 elementor-top-column elementor-element elementor-element-bf24ebc\" data-id=\"bf24ebc\" data-element_type=\"column\" data-e-type=\"column\">\n\t\t\t<div class=\"elementor-widget-wrap elementor-element-populated\">\n\t\t\t\t\t\t<div class=\"elementor-element elementor-element-8286a27 elementor-position-top elementor-widget elementor-widget-image-box\" data-id=\"8286a27\" data-element_type=\"widget\" data-e-type=\"widget\" data-widget_type=\"image-box.default\">\n\t\t\t\t<div class=\"elementor-widget-container\">\n\t\t\t\t\t<div class=\"elementor-image-box-wrapper\"><figure class=\"elementor-image-box-img\"><a href=\"\/en\/equipment\/lily\/\" tabindex=\"-1\"><img loading=\"lazy\" decoding=\"async\" width=\"1000\" height=\"600\" src=\"https:\/\/www.entrack.no\/wp-content\/uploads\/2020\/07\/lys.jpg\" class=\"attachment-full size-full wp-image-48551\" alt=\"\" srcset=\"https:\/\/www.entrack.no\/wp-content\/uploads\/2020\/07\/lys.jpg 1000w, https:\/\/www.entrack.no\/wp-content\/uploads\/2020\/07\/lys-800x480.jpg 800w, https:\/\/www.entrack.no\/wp-content\/uploads\/2020\/07\/lys-300x180.jpg 300w, https:\/\/www.entrack.no\/wp-content\/uploads\/2020\/07\/lys-768x461.jpg 768w, https:\/\/www.entrack.no\/wp-content\/uploads\/2020\/07\/lys-610x366.jpg 610w, https:\/\/www.entrack.no\/wp-content\/uploads\/2020\/07\/lys-600x360.jpg 600w\" sizes=\"(max-width: 1000px) 100vw, 1000px\" \/><\/a><\/figure><div class=\"elementor-image-box-content\"><h3 class=\"elementor-image-box-title\"><a href=\"\/en\/equipment\/lily\/\">Lily<\/a><\/h3><\/div><\/div>\t\t\t\t<\/div>\n\t\t\t\t<\/div>\n\t\t\t\t\t<\/div>\n\t\t<\/div>\n\t\t\t\t\t<\/div>\n\t\t<\/section>\n\t\t\t\t<section class=\"elementor-section elementor-top-section elementor-element elementor-element-0b288db elementor-section-boxed elementor-section-height-default elementor-section-height-default\" data-id=\"0b288db\" data-element_type=\"section\" data-e-type=\"section\">\n\t\t\t\t\t\t<div class=\"elementor-container elementor-column-gap-wide\">\n\t\t\t\t\t<div class=\"elementor-column elementor-col-50 elementor-top-column elementor-element elementor-element-b574220\" data-id=\"b574220\" data-element_type=\"column\" data-e-type=\"column\">\n\t\t\t<div class=\"elementor-widget-wrap\">\n\t\t\t\t\t\t\t<\/div>\n\t\t<\/div>\n\t\t\t\t<div class=\"elementor-column elementor-col-50 elementor-top-column elementor-element elementor-element-476136e\" data-id=\"476136e\" data-element_type=\"column\" data-e-type=\"column\">\n\t\t\t<div class=\"elementor-widget-wrap\">\n\t\t\t\t\t\t\t<\/div>\n\t\t<\/div>\n\t\t\t\t\t<\/div>\n\t\t<\/section>\n\t\t\t\t<\/div>\n\t\t<span class=\"et_bloom_bottom_trigger\"><\/span>","protected":false},"excerpt":{"rendered":"<p>Deler Vi tilbyr originale reservedeler til kunder over hele Norge, slik at du alltid f\u00e5r deler som passer perfekt til din maskin. Har vi maskinens serienummer, kan vi identifisere n\u00f8yaktig hvilken del du trenger, noe som sparer tid og sikrer at maskinen fungerer optimalt. V\u00e5r erfarne serviceavdeling st\u00e5r klar til \u00e5 dele sin ekspertise dersom [&hellip;]<\/p>\n","protected":false},"author":1,"featured_media":48548,"parent":0,"menu_order":0,"comment_status":"closed","ping_status":"closed","template":"","meta":{"_acf_changed":false,"footnotes":""},"class_list":["post-47721","page","type-page","status-publish","has-post-thumbnail","hentry"],"acf":[],"_links":{"self":[{"href":"https:\/\/www.entrack.no\/en\/wp-json\/wp\/v2\/pages\/47721","targetHints":{"allow":["GET"]}}],"collection":[{"href":"https:\/\/www.entrack.no\/en\/wp-json\/wp\/v2\/pages"}],"about":[{"href":"https:\/\/www.entrack.no\/en\/wp-json\/wp\/v2\/types\/page"}],"author":[{"embeddable":true,"href":"https:\/\/www.entrack.no\/en\/wp-json\/wp\/v2\/users\/1"}],"replies":[{"embeddable":true,"href":"https:\/\/www.entrack.no\/en\/wp-json\/wp\/v2\/comments?post=47721"}],"version-history":[{"count":5,"href":"https:\/\/www.entrack.no\/en\/wp-json\/wp\/v2\/pages\/47721\/revisions"}],"predecessor-version":[{"id":64651,"href":"https:\/\/www.entrack.no\/en\/wp-json\/wp\/v2\/pages\/47721\/revisions\/64651"}],"wp:featuredmedia":[{"embeddable":true,"href":"https:\/\/www.entrack.no\/en\/wp-json\/wp\/v2\/media\/48548"}],"wp:attachment":[{"href":"https:\/\/www.entrack.no\/en\/wp-json\/wp\/v2\/media?parent=47721"}],"curies":[{"name":"wp","href":"https:\/\/api.w.org\/{rel}","templated":true}]}}