{"id":47693,"date":"2020-07-10T13:26:45","date_gmt":"2020-07-10T11:26:45","guid":{"rendered":"https:\/\/www.entrack.no\/?page_id=47693"},"modified":"2022-05-05T13:45:27","modified_gmt":"2022-05-05T11:45:27","slug":"entrack-hire","status":"publish","type":"page","link":"https:\/\/www.entrack.no\/en\/entrack-utleie\/","title":{"rendered":"Entrack Rental"},"content":{"rendered":"<div data-elementor-type=\"wp-post\" data-elementor-id=\"47693\" class=\"elementor elementor-47693\" data-elementor-post-type=\"page\">\n\t\t\t\t\t\t<section class=\"elementor-section elementor-top-section elementor-element elementor-element-25ca38f elementor-section-boxed elementor-section-height-default elementor-section-height-default\" data-id=\"25ca38f\" data-element_type=\"section\" data-e-type=\"section\">\n\t\t\t\t\t\t<div class=\"elementor-container elementor-column-gap-default\">\n\t\t\t\t\t<div class=\"elementor-column elementor-col-50 elementor-top-column elementor-element elementor-element-c9f50d7\" data-id=\"c9f50d7\" data-element_type=\"column\" data-e-type=\"column\">\n\t\t\t<div class=\"elementor-widget-wrap elementor-element-populated\">\n\t\t\t\t\t\t<div class=\"elementor-element elementor-element-54220ed elementor-widget elementor-widget-text-editor\" data-id=\"54220ed\" data-element_type=\"widget\" data-e-type=\"widget\" data-widget_type=\"text-editor.default\">\n\t\t\t\t<div class=\"elementor-widget-container\">\n\t\t\t\t\t\t\t\t\t<h1>Entrack Rental<\/h1><p class=\"p1\"><strong>Entrack has branches around Norway where you can hire machines and equipment from us. Whether you need an excavator for a project, a wheel loader, or some equipment to get the job done.\u00a0<\/strong><\/p><p><strong>Rental period<\/strong> <br \/>Do you need an extra machine for a period of time? Then we should be able to help you with this. We offer long-term hire for up to 5 years. Or you can rent for a period with a buyout after the rental period. As your partner, it's important for us to help you find the right solutions for you.<\/p><p><strong>Predictability<\/strong> <br \/>Entrack Utleie has machines from 1 tonne up to 85 tonnes. <br \/>Of course, all machines are hired out with a service agreement. This means that, apart from the driver, the only costs you need to worry about are diesel and grease. This provides a predictable everyday life with no hidden costs. And you know exactly what you have to pay and what you're left with. This can be a great reassurance on certain jobs and projects.<br \/>Our goal is to be able to help our customers with whatever they need at any given time to make their working day as simple as possible. Something that provides the basis for good profitability and predictability. All so that you can get the right finances for your projects and build your assets.<\/p><p><strong>Where?<\/strong> <br \/>We have branches around Norway where you can hire machines and equipment from us.<\/p><p><strong>Rental range<\/strong> <br \/>Our rental range includes excavators from 1 - 85 tonnes, wheel loaders from 9 - 32 tonnes, crusher buckets, screening buckets, asphalt cutters, vibratory plates from 50 - 500 kg <br \/>(also battery-powered), spiked hammers, grapples, wood cutters, straightening beams, rippers and much more. <br \/>We also offer hire with purchase. If you want to rent a machine for a period of time but find that buying would be the right thing to do, you can easily buy the machine from us at the right price. Or if you're a start-up and just want a fixed cost framework for a period to build capital and creditworthiness with the banks, renting could be the right thing to do.<\/p><p>We also put together packages for you that meet your needs. Contact us at Entrack Utleie to get a quote for what you need to rent.<\/p>\t\t\t\t\t\t\t\t<\/div>\n\t\t\t\t<\/div>\n\t\t\t\t\t<\/div>\n\t\t<\/div>\n\t\t\t\t<div class=\"elementor-column elementor-col-50 elementor-top-column elementor-element elementor-element-2090239\" data-id=\"2090239\" data-element_type=\"column\" data-e-type=\"column\">\n\t\t\t<div class=\"elementor-widget-wrap elementor-element-populated\">\n\t\t\t\t\t\t<div class=\"elementor-element elementor-element-31ee5d0 elementor-widget elementor-widget-text-editor\" data-id=\"31ee5d0\" data-element_type=\"widget\" data-e-type=\"widget\" data-widget_type=\"text-editor.default\">\n\t\t\t\t<div class=\"elementor-widget-container\">\n\t\t\t\t\t\t\t\t\t<p><strong>CONTACT US<\/strong><br \/>Entrack Utleie AS<br \/>Telephone: 91 30 91 00<br \/>E-mail: <a href=\"mailto:post@entrackutleie.no\">post@entrackutleie.no<\/a><\/p>\t\t\t\t\t\t\t\t<\/div>\n\t\t\t\t<\/div>\n\t\t\t\t<div class=\"elementor-element elementor-element-e1b0bf7 elementor-widget elementor-widget-image\" data-id=\"e1b0bf7\" data-element_type=\"widget\" data-e-type=\"widget\" data-widget_type=\"image.default\">\n\t\t\t\t<div class=\"elementor-widget-container\">\n\t\t\t\t\t\t\t\t\t\t\t\t\t\t\t<img fetchpriority=\"high\" decoding=\"async\" width=\"416\" height=\"998\" src=\"https:\/\/www.entrack.no\/wp-content\/uploads\/2020\/07\/entrack-utleie-bilder.jpg\" class=\"attachment-large size-large wp-image-47695\" alt=\"\" srcset=\"https:\/\/www.entrack.no\/wp-content\/uploads\/2020\/07\/entrack-utleie-bilder.jpg 416w, https:\/\/www.entrack.no\/wp-content\/uploads\/2020\/07\/entrack-utleie-bilder-125x300.jpg 125w\" sizes=\"(max-width: 416px) 100vw, 416px\" \/>\t\t\t\t\t\t\t\t\t\t\t\t\t\t\t<\/div>\n\t\t\t\t<\/div>\n\t\t\t\t\t<\/div>\n\t\t<\/div>\n\t\t\t\t\t<\/div>\n\t\t<\/section>\n\t\t\t\t<\/div>\n\t\t<span class=\"et_bloom_bottom_trigger\"><\/span>","protected":false},"excerpt":{"rendered":"<p>Entrack Utleie Entrack har avdelinger rundt i Norge hvor du kan leie maskiner og utstyr av oss. Dette v\u00e6re seg om du har behov for en gravemaskin til et prosjekt, en hjullaster, eller noe utstyr for \u00e5 f\u00e5 jobben gjort.\u00a0 Leieperiode Har du behov for en ekstra maskin i en periode? Da skal vi kunne [&hellip;]<\/p>\n","protected":false},"author":1,"featured_media":49276,"parent":0,"menu_order":0,"comment_status":"closed","ping_status":"closed","template":"","meta":{"_acf_changed":false,"footnotes":""},"class_list":["post-47693","page","type-page","status-publish","has-post-thumbnail","hentry"],"acf":[],"_links":{"self":[{"href":"https:\/\/www.entrack.no\/en\/wp-json\/wp\/v2\/pages\/47693","targetHints":{"allow":["GET"]}}],"collection":[{"href":"https:\/\/www.entrack.no\/en\/wp-json\/wp\/v2\/pages"}],"about":[{"href":"https:\/\/www.entrack.no\/en\/wp-json\/wp\/v2\/types\/page"}],"author":[{"embeddable":true,"href":"https:\/\/www.entrack.no\/en\/wp-json\/wp\/v2\/users\/1"}],"replies":[{"embeddable":true,"href":"https:\/\/www.entrack.no\/en\/wp-json\/wp\/v2\/comments?post=47693"}],"version-history":[{"count":0,"href":"https:\/\/www.entrack.no\/en\/wp-json\/wp\/v2\/pages\/47693\/revisions"}],"wp:featuredmedia":[{"embeddable":true,"href":"https:\/\/www.entrack.no\/en\/wp-json\/wp\/v2\/media\/49276"}],"wp:attachment":[{"href":"https:\/\/www.entrack.no\/en\/wp-json\/wp\/v2\/media?parent=47693"}],"curies":[{"name":"wp","href":"https:\/\/api.w.org\/{rel}","templated":true}]}}