{"id":47684,"date":"2020-07-10T13:20:26","date_gmt":"2020-07-10T11:20:26","guid":{"rendered":"https:\/\/www.entrack.no\/?page_id=47684"},"modified":"2025-12-12T14:49:13","modified_gmt":"2025-12-12T13:49:13","slug":"mb-crusher","status":"publish","type":"page","link":"https:\/\/www.entrack.no\/en\/mb-crusher\/","title":{"rendered":"MB Crusher"},"content":{"rendered":"<div data-elementor-type=\"wp-post\" data-elementor-id=\"47684\" class=\"elementor elementor-47684\" data-elementor-post-type=\"page\">\n\t\t\t\t\t\t<section class=\"elementor-section elementor-top-section elementor-element elementor-element-360b3de elementor-section-boxed elementor-section-height-default elementor-section-height-default\" data-id=\"360b3de\" data-element_type=\"section\" data-e-type=\"section\">\n\t\t\t\t\t\t<div class=\"elementor-container elementor-column-gap-default\">\n\t\t\t\t\t<div class=\"elementor-column elementor-col-100 elementor-top-column elementor-element elementor-element-7faaba2\" data-id=\"7faaba2\" data-element_type=\"column\" data-e-type=\"column\">\n\t\t\t<div class=\"elementor-widget-wrap elementor-element-populated\">\n\t\t\t\t\t\t<div class=\"elementor-element elementor-element-415d2e1 elementor-widget elementor-widget-heading\" data-id=\"415d2e1\" data-element_type=\"widget\" data-e-type=\"widget\" data-widget_type=\"heading.default\">\n\t\t\t\t<div class=\"elementor-widget-container\">\n\t\t\t\t\t<h1 class=\"elementor-heading-title elementor-size-default\">MB Crusher<\/h1>\t\t\t\t<\/div>\n\t\t\t\t<\/div>\n\t\t\t\t<div class=\"elementor-element elementor-element-57c743e elementor-widget elementor-widget-heading\" data-id=\"57c743e\" data-element_type=\"widget\" data-e-type=\"widget\" data-widget_type=\"heading.default\">\n\t\t\t\t<div class=\"elementor-widget-container\">\n\t\t\t\t\t<h4 class=\"elementor-heading-title elementor-size-default\">Material handling equipment for excavators and wheel loaders<\/h4>\t\t\t\t<\/div>\n\t\t\t\t<\/div>\n\t\t\t\t<div class=\"elementor-element elementor-element-8752e13 elementor-widget elementor-widget-text-editor\" data-id=\"8752e13\" data-element_type=\"widget\" data-e-type=\"widget\" data-widget_type=\"text-editor.default\">\n\t\t\t\t<div class=\"elementor-widget-container\">\n\t\t\t\t\t\t\t\t\t<p class=\"p1\"><strong>Entrack AS is the importer of MB Crusher's products to Norway. MB Crusher supplies crusher buckets, screen buckets, grapples and asphalt cutters for excavators, wheel loaders, skid steer loaders and backhoe loaders.<\/strong><\/p><p class=\"p1\">MB Crusher is the world leader and has a patent on the crushing buckets. With 90% market share, it is not difficult to understand the quality of these products. MB Crusher supplies products to over 150 countries worldwide.<\/p><p class=\"p1\">Entrack AS has a close and good co-operation with <a href=\"https:\/\/www.mbcrusher.com\/en\/gb\/landing\/mb-crusher-advantages-en?rel=google&amp;gclid=Cj0KCQjwo6D4BRDgARIsAA6uN1-B9Me7RIQ13vRqIwZa6DBDiKRoVW_OVvKJ9vxxEG5MnybGgAWxFUYaAmAXEALw_wcB\" rel=\"nofollow noopener\" target=\"_blank\">MB Crusher<\/a>. Good products, fast parts delivery and good training provide peace of mind for you as a customer.<\/p><p class=\"p1\">Contact one of our skilled sales representatives for questions and demos on MB products.<\/p>\t\t\t\t\t\t\t\t<\/div>\n\t\t\t\t<\/div>\n\t\t\t\t\t<\/div>\n\t\t<\/div>\n\t\t\t\t\t<\/div>\n\t\t<\/section>\n\t\t\t\t<section class=\"elementor-section elementor-top-section elementor-element elementor-element-37a9cd2 elementor-section-boxed elementor-section-height-default elementor-section-height-default\" data-id=\"37a9cd2\" data-element_type=\"section\" data-e-type=\"section\">\n\t\t\t\t\t\t<div class=\"elementor-container elementor-column-gap-wide\">\n\t\t\t\t\t<div class=\"elementor-column elementor-col-50 elementor-top-column elementor-element elementor-element-c1be3ae\" data-id=\"c1be3ae\" data-element_type=\"column\" data-e-type=\"column\">\n\t\t\t<div class=\"elementor-widget-wrap elementor-element-populated\">\n\t\t\t\t\t\t<div class=\"elementor-element elementor-element-c0a402b elementor-position-top elementor-widget elementor-widget-image-box\" data-id=\"c0a402b\" data-element_type=\"widget\" data-e-type=\"widget\" data-widget_type=\"image-box.default\">\n\t\t\t\t<div class=\"elementor-widget-container\">\n\t\t\t\t\t<div class=\"elementor-image-box-wrapper\"><figure class=\"elementor-image-box-img\"><a href=\"\/en\/mb-crusher\/crushable-drawers\/\" tabindex=\"-1\"><img fetchpriority=\"high\" decoding=\"async\" width=\"1000\" height=\"600\" src=\"https:\/\/www.entrack.no\/wp-content\/uploads\/2020\/07\/knuseskuffer-mb_crusher-entrack.jpg\" class=\"attachment-full size-full wp-image-47686\" alt=\"\" srcset=\"https:\/\/www.entrack.no\/wp-content\/uploads\/2020\/07\/knuseskuffer-mb_crusher-entrack.jpg 1000w, https:\/\/www.entrack.no\/wp-content\/uploads\/2020\/07\/knuseskuffer-mb_crusher-entrack-800x480.jpg 800w, https:\/\/www.entrack.no\/wp-content\/uploads\/2020\/07\/knuseskuffer-mb_crusher-entrack-300x180.jpg 300w, https:\/\/www.entrack.no\/wp-content\/uploads\/2020\/07\/knuseskuffer-mb_crusher-entrack-768x461.jpg 768w\" sizes=\"(max-width: 1000px) 100vw, 1000px\" \/><\/a><\/figure><div class=\"elementor-image-box-content\"><h3 class=\"elementor-image-box-title\"><a href=\"\/en\/mb-crusher\/crushable-drawers\/\">Crush drawers<\/a><\/h3><p class=\"elementor-image-box-description\"><a href=\"\/en\/mb-crusher\/crushable-drawers\/\">&gt;&gt; Read more here<\/a><\/p><\/div><\/div>\t\t\t\t<\/div>\n\t\t\t\t<\/div>\n\t\t\t\t\t<\/div>\n\t\t<\/div>\n\t\t\t\t<div class=\"elementor-column elementor-col-50 elementor-top-column elementor-element elementor-element-12c249c\" data-id=\"12c249c\" data-element_type=\"column\" data-e-type=\"column\">\n\t\t\t<div class=\"elementor-widget-wrap elementor-element-populated\">\n\t\t\t\t\t\t<div class=\"elementor-element elementor-element-ee117f3 elementor-position-top elementor-widget elementor-widget-image-box\" data-id=\"ee117f3\" data-element_type=\"widget\" data-e-type=\"widget\" data-widget_type=\"image-box.default\">\n\t\t\t\t<div class=\"elementor-widget-container\">\n\t\t\t\t\t<div class=\"elementor-image-box-wrapper\"><figure class=\"elementor-image-box-img\"><a href=\"\/en\/mb-crusher\/sieve-drawers\/\" tabindex=\"-1\"><img decoding=\"async\" width=\"1000\" height=\"600\" src=\"https:\/\/www.entrack.no\/wp-content\/uploads\/2020\/07\/sikteskuff-mb_crusher-entrack.jpg\" class=\"attachment-full size-full wp-image-47687\" alt=\"\" srcset=\"https:\/\/www.entrack.no\/wp-content\/uploads\/2020\/07\/sikteskuff-mb_crusher-entrack.jpg 1000w, https:\/\/www.entrack.no\/wp-content\/uploads\/2020\/07\/sikteskuff-mb_crusher-entrack-800x480.jpg 800w, https:\/\/www.entrack.no\/wp-content\/uploads\/2020\/07\/sikteskuff-mb_crusher-entrack-300x180.jpg 300w, https:\/\/www.entrack.no\/wp-content\/uploads\/2020\/07\/sikteskuff-mb_crusher-entrack-768x461.jpg 768w\" sizes=\"(max-width: 1000px) 100vw, 1000px\" \/><\/a><\/figure><div class=\"elementor-image-box-content\"><h3 class=\"elementor-image-box-title\"><a href=\"\/en\/mb-crusher\/sieve-drawers\/\">Sieve drawers<\/a><\/h3><p class=\"elementor-image-box-description\"><a href=\"\/en\/mb-crusher\/sieve-drawers\/\">&gt;&gt; Read more here<\/a><\/p><\/div><\/div>\t\t\t\t<\/div>\n\t\t\t\t<\/div>\n\t\t\t\t\t<\/div>\n\t\t<\/div>\n\t\t\t\t\t<\/div>\n\t\t<\/section>\n\t\t\t\t<section class=\"elementor-section elementor-top-section elementor-element elementor-element-c19328c elementor-section-boxed elementor-section-height-default elementor-section-height-default\" data-id=\"c19328c\" data-element_type=\"section\" data-e-type=\"section\">\n\t\t\t\t\t\t<div class=\"elementor-container elementor-column-gap-wide\">\n\t\t\t\t\t<div class=\"elementor-column elementor-col-50 elementor-top-column elementor-element elementor-element-05f2a77\" data-id=\"05f2a77\" data-element_type=\"column\" data-e-type=\"column\">\n\t\t\t<div class=\"elementor-widget-wrap elementor-element-populated\">\n\t\t\t\t\t\t<div class=\"elementor-element elementor-element-211e27c elementor-position-top elementor-widget elementor-widget-image-box\" data-id=\"211e27c\" data-element_type=\"widget\" data-e-type=\"widget\" data-widget_type=\"image-box.default\">\n\t\t\t\t<div class=\"elementor-widget-container\">\n\t\t\t\t\t<div class=\"elementor-image-box-wrapper\"><figure class=\"elementor-image-box-img\"><a href=\"\/en\/mb-crusher\/shaft-screener\/\" tabindex=\"-1\"><img decoding=\"async\" width=\"1000\" height=\"600\" src=\"https:\/\/www.entrack.no\/wp-content\/uploads\/2020\/07\/shaft-screener-mb_crusher-entrack.jpg\" class=\"attachment-full size-full wp-image-47688\" alt=\"\" srcset=\"https:\/\/www.entrack.no\/wp-content\/uploads\/2020\/07\/shaft-screener-mb_crusher-entrack.jpg 1000w, https:\/\/www.entrack.no\/wp-content\/uploads\/2020\/07\/shaft-screener-mb_crusher-entrack-800x480.jpg 800w, https:\/\/www.entrack.no\/wp-content\/uploads\/2020\/07\/shaft-screener-mb_crusher-entrack-300x180.jpg 300w, https:\/\/www.entrack.no\/wp-content\/uploads\/2020\/07\/shaft-screener-mb_crusher-entrack-768x461.jpg 768w\" sizes=\"(max-width: 1000px) 100vw, 1000px\" \/><\/a><\/figure><div class=\"elementor-image-box-content\"><h3 class=\"elementor-image-box-title\"><a href=\"\/en\/mb-crusher\/shaft-screener\/\">Shaft screener<\/a><\/h3><p class=\"elementor-image-box-description\"><a href=\"\/en\/mb-crusher\/shaft-screener\/\">&gt;&gt; Read more here<\/a><\/p><\/div><\/div>\t\t\t\t<\/div>\n\t\t\t\t<\/div>\n\t\t\t\t\t<\/div>\n\t\t<\/div>\n\t\t\t\t<div class=\"elementor-column elementor-col-50 elementor-top-column elementor-element elementor-element-3c3aee3\" data-id=\"3c3aee3\" data-element_type=\"column\" data-e-type=\"column\">\n\t\t\t<div class=\"elementor-widget-wrap elementor-element-populated\">\n\t\t\t\t\t\t<div class=\"elementor-element elementor-element-d7adf59 elementor-position-top elementor-widget elementor-widget-image-box\" data-id=\"d7adf59\" data-element_type=\"widget\" data-e-type=\"widget\" data-widget_type=\"image-box.default\">\n\t\t\t\t<div class=\"elementor-widget-container\">\n\t\t\t\t\t<div class=\"elementor-image-box-wrapper\"><figure class=\"elementor-image-box-img\"><a href=\"\/en\/mb-crusher\/drum-cutter\/\" tabindex=\"-1\"><img loading=\"lazy\" decoding=\"async\" width=\"1000\" height=\"600\" src=\"https:\/\/www.entrack.no\/wp-content\/uploads\/2020\/07\/trommelfreser-mb_crusher-entrack.jpg\" class=\"attachment-full size-full wp-image-47689\" alt=\"Drum cutter for MB Crusher\" srcset=\"https:\/\/www.entrack.no\/wp-content\/uploads\/2020\/07\/trommelfreser-mb_crusher-entrack.jpg 1000w, https:\/\/www.entrack.no\/wp-content\/uploads\/2020\/07\/trommelfreser-mb_crusher-entrack-800x480.jpg 800w, https:\/\/www.entrack.no\/wp-content\/uploads\/2020\/07\/trommelfreser-mb_crusher-entrack-300x180.jpg 300w, https:\/\/www.entrack.no\/wp-content\/uploads\/2020\/07\/trommelfreser-mb_crusher-entrack-768x461.jpg 768w\" sizes=\"(max-width: 1000px) 100vw, 1000px\" \/><\/a><\/figure><div class=\"elementor-image-box-content\"><h3 class=\"elementor-image-box-title\"><a href=\"\/en\/mb-crusher\/drum-cutter\/\">Drum cutter<\/a><\/h3><p class=\"elementor-image-box-description\"><a href=\"\/en\/mb-crusher\/drum-cutter\/\">&gt;&gt; Read more here<\/a><\/p><\/div><\/div>\t\t\t\t<\/div>\n\t\t\t\t<\/div>\n\t\t\t\t\t<\/div>\n\t\t<\/div>\n\t\t\t\t\t<\/div>\n\t\t<\/section>\n\t\t\t\t<section class=\"elementor-section elementor-top-section elementor-element elementor-element-dcb2219 elementor-section-boxed elementor-section-height-default elementor-section-height-default\" data-id=\"dcb2219\" data-element_type=\"section\" data-e-type=\"section\">\n\t\t\t\t\t\t<div class=\"elementor-container elementor-column-gap-wide\">\n\t\t\t\t\t<div class=\"elementor-column elementor-col-50 elementor-top-column elementor-element elementor-element-5811928\" data-id=\"5811928\" data-element_type=\"column\" data-e-type=\"column\">\n\t\t\t<div class=\"elementor-widget-wrap elementor-element-populated\">\n\t\t\t\t\t\t<div class=\"elementor-element elementor-element-315ce72 elementor-position-top elementor-widget elementor-widget-image-box\" data-id=\"315ce72\" data-element_type=\"widget\" data-e-type=\"widget\" data-widget_type=\"image-box.default\">\n\t\t\t\t<div class=\"elementor-widget-container\">\n\t\t\t\t\t<div class=\"elementor-image-box-wrapper\"><figure class=\"elementor-image-box-img\"><a href=\"\/en\/mb-crusher\/sorting-gripper\/\" tabindex=\"-1\"><img loading=\"lazy\" decoding=\"async\" width=\"1000\" height=\"600\" src=\"https:\/\/www.entrack.no\/wp-content\/uploads\/2020\/07\/sorteringsgripere-mb_crusher-entrack.jpg\" class=\"attachment-full size-full wp-image-47690\" alt=\"\" srcset=\"https:\/\/www.entrack.no\/wp-content\/uploads\/2020\/07\/sorteringsgripere-mb_crusher-entrack.jpg 1000w, https:\/\/www.entrack.no\/wp-content\/uploads\/2020\/07\/sorteringsgripere-mb_crusher-entrack-800x480.jpg 800w, https:\/\/www.entrack.no\/wp-content\/uploads\/2020\/07\/sorteringsgripere-mb_crusher-entrack-300x180.jpg 300w, https:\/\/www.entrack.no\/wp-content\/uploads\/2020\/07\/sorteringsgripere-mb_crusher-entrack-768x461.jpg 768w\" sizes=\"(max-width: 1000px) 100vw, 1000px\" \/><\/a><\/figure><div class=\"elementor-image-box-content\"><h3 class=\"elementor-image-box-title\"><a href=\"\/en\/mb-crusher\/sorting-gripper\/\">Sorting gripper<\/a><\/h3><p class=\"elementor-image-box-description\"><a href=\"\/en\/mb-crusher\/sorting-gripper\/\">&gt;&gt; Read more here<\/a><\/p><\/div><\/div>\t\t\t\t<\/div>\n\t\t\t\t<\/div>\n\t\t\t\t\t<\/div>\n\t\t<\/div>\n\t\t\t\t<div class=\"elementor-column elementor-col-50 elementor-top-column elementor-element elementor-element-b1b2976\" data-id=\"b1b2976\" data-element_type=\"column\" data-e-type=\"column\">\n\t\t\t<div class=\"elementor-widget-wrap elementor-element-populated\">\n\t\t\t\t\t\t<div class=\"elementor-element elementor-element-5be7b7b elementor-position-top elementor-widget elementor-widget-image-box\" data-id=\"5be7b7b\" data-element_type=\"widget\" data-e-type=\"widget\" data-widget_type=\"image-box.default\">\n\t\t\t\t<div class=\"elementor-widget-container\">\n\t\t\t\t\t<div class=\"elementor-image-box-wrapper\"><figure class=\"elementor-image-box-img\"><a href=\"\/en\/product-category\/mb-crusher-2\/accessories\/\" tabindex=\"-1\"><img loading=\"lazy\" decoding=\"async\" width=\"1000\" height=\"600\" src=\"https:\/\/www.entrack.no\/wp-content\/uploads\/2020\/07\/mb-crusher-tilbehor.jpg\" class=\"attachment-full size-full wp-image-49830\" alt=\"MB Crusher\" srcset=\"https:\/\/www.entrack.no\/wp-content\/uploads\/2020\/07\/mb-crusher-tilbehor.jpg 1000w, https:\/\/www.entrack.no\/wp-content\/uploads\/2020\/07\/mb-crusher-tilbehor-800x480.jpg 800w, https:\/\/www.entrack.no\/wp-content\/uploads\/2020\/07\/mb-crusher-tilbehor-300x180.jpg 300w, https:\/\/www.entrack.no\/wp-content\/uploads\/2020\/07\/mb-crusher-tilbehor-768x461.jpg 768w, https:\/\/www.entrack.no\/wp-content\/uploads\/2020\/07\/mb-crusher-tilbehor-610x366.jpg 610w, https:\/\/www.entrack.no\/wp-content\/uploads\/2020\/07\/mb-crusher-tilbehor-600x360.jpg 600w\" sizes=\"(max-width: 1000px) 100vw, 1000px\" \/><\/a><\/figure><div class=\"elementor-image-box-content\"><h3 class=\"elementor-image-box-title\"><a href=\"\/en\/product-category\/mb-crusher-2\/accessories\/\">Accessories<\/a><\/h3><p class=\"elementor-image-box-description\"><a href=\"\/en\/product-category\/mb-crusher-2\/accessories\/\">&gt;&gt; Read more here<\/a><\/p><\/div><\/div>\t\t\t\t<\/div>\n\t\t\t\t<\/div>\n\t\t\t\t\t<\/div>\n\t\t<\/div>\n\t\t\t\t\t<\/div>\n\t\t<\/section>\n\t\t\t\t<\/div>\n\t\t<span class=\"et_bloom_bottom_trigger\"><\/span>","protected":false},"excerpt":{"rendered":"<p>MB Crusher Materiellh\u00e5ndteringsutstyr til gravemaskiner og hjullastere Entrack AS er import\u00f8r av MB Crusher sine produkter til Norge. MB Crusher leverer knuseskuffer, sikteskuffer, gripere og asfaltfreser til gravemaskiner, hjullastere, kompaktlastere og traktorgravere. MB Crusher er verdensledende og har patent p\u00e5 knuse-skuffene. Med 90% markedsandel er det ikke vanskelig \u00e5 forst\u00e5 kvaliteten p\u00e5 disse produktene. MB [&hellip;]<\/p>\n","protected":false},"author":1,"featured_media":49370,"parent":0,"menu_order":0,"comment_status":"closed","ping_status":"closed","template":"","meta":{"_acf_changed":false,"footnotes":""},"class_list":["post-47684","page","type-page","status-publish","has-post-thumbnail","hentry"],"acf":[],"_links":{"self":[{"href":"https:\/\/www.entrack.no\/en\/wp-json\/wp\/v2\/pages\/47684","targetHints":{"allow":["GET"]}}],"collection":[{"href":"https:\/\/www.entrack.no\/en\/wp-json\/wp\/v2\/pages"}],"about":[{"href":"https:\/\/www.entrack.no\/en\/wp-json\/wp\/v2\/types\/page"}],"author":[{"embeddable":true,"href":"https:\/\/www.entrack.no\/en\/wp-json\/wp\/v2\/users\/1"}],"replies":[{"embeddable":true,"href":"https:\/\/www.entrack.no\/en\/wp-json\/wp\/v2\/comments?post=47684"}],"version-history":[{"count":1,"href":"https:\/\/www.entrack.no\/en\/wp-json\/wp\/v2\/pages\/47684\/revisions"}],"predecessor-version":[{"id":65571,"href":"https:\/\/www.entrack.no\/en\/wp-json\/wp\/v2\/pages\/47684\/revisions\/65571"}],"wp:featuredmedia":[{"embeddable":true,"href":"https:\/\/www.entrack.no\/en\/wp-json\/wp\/v2\/media\/49370"}],"wp:attachment":[{"href":"https:\/\/www.entrack.no\/en\/wp-json\/wp\/v2\/media?parent=47684"}],"curies":[{"name":"wp","href":"https:\/\/api.w.org\/{rel}","templated":true}]}}